{"id":133,"date":"2017-02-08T09:55:11","date_gmt":"2017-02-08T08:55:11","guid":{"rendered":"https:\/\/bassin-arcachon.com\/\/?page_id=133"},"modified":"2023-06-29T16:14:50","modified_gmt":"2023-06-29T14:14:50","slug":"el-banco-darguin","status":"publish","type":"page","link":"https:\/\/bassin-arcachon.com\/es\/nos-incontournables\/le-banc-darguin\/","title":{"rendered":"El banco de Arguin"},"content":{"rendered":"<div class=\"wp-block-uagb-container uagb-block-453cfb37 alignfull uagb-is-root-container\"><div class=\"uagb-container-inner-blocks-wrap\">\n<div class=\"wp-block-uagb-container uagb-block-2c61f3df\">\n<div class=\"wp-block-uagb-image uagb-block-adb99bf3 wp-block-uagb-image--layout-default wp-block-uagb-image--effect-static wp-block-uagb-image--align-none\"><figure class=\"wp-block-uagb-image__figure\"><img decoding=\"async\" srcset=\"https:\/\/bassin-arcachon.com\/wp-content\/uploads\/2017\/02\/mini-map-banc-arguin.jpg \" sizes=\"auto, (max-width: 480px) 150px\" src=\"https:\/\/bassin-arcachon.com\/wp-content\/uploads\/2017\/02\/mini-map-banc-arguin.jpg\" alt=\"- - Bassin d&#039;Arcachon\" class=\"uag-image-1881\" width=\"278\" height=\"278\" title=\"- - Bassin d&#039;Arcachon\" loading=\"lazy\"><\/figure><\/div>\n\n\n\n<h2 class=\"wp-block-heading\">An\u00edmate a pasar el d\u00eda en Arguin, en medio de la bah\u00eda de Arcach\u00f3n\u2026<\/h2>\n\n\n\n<p>Dir\u00edgete a la Reserva Natural Nacional del Banco de Arguin, \u00a1una de las joyas naturales de la bah\u00eda de Arcach\u00f3n! <\/p>\n\n\n\n<p>Al pie de la&nbsp;<a href=\"https:\/\/bassin-arcachon.com\/es\/nuestros-elementos-esenciales\/la-duna-de-pilat\/\">la duna de Pilat,<\/a>&nbsp;y frente a la&nbsp;<a href=\"https:\/\/bassin-arcachon.com\/es\/nuestros-elementos-esenciales\/el-faro-y-la-punta-de-cap-ferret\/\">Punta de Cap Ferret<\/a>el banco de Arguin cambia continuamente de forma a merced de los vientos y las corrientes marinas. Arguin es el h\u00e1bitat de multitud de aves que anidan en la arena. <strong>Por esta raz\u00f3n, no se puede entrar en la Zona de Protecci\u00f3n Integral, que est\u00e1 acordonada,<\/strong>&nbsp;y es importante tambi\u00e9n recoger la basura y llev\u00e1rsela consigo.<\/p>\n<\/div>\n\n\n\n<div class=\"wp-block-uagb-container uagb-block-abe45eef\">\n<div class=\"wp-block-uagb-image uagb-block-16504a32 wp-block-uagb-image--layout-default wp-block-uagb-image--effect-static wp-block-uagb-image--align-none\"><figure class=\"wp-block-uagb-image__figure\"><img decoding=\"async\" srcset=\"https:\/\/bassin-arcachon.com\/wp-content\/uploads\/2017\/10\/banc-arguin-capture.png \" sizes=\"auto, (max-width: 480px) 150px\" src=\"https:\/\/bassin-arcachon.com\/wp-content\/uploads\/2017\/10\/banc-arguin-capture.png\" alt=\"banco-arguin\" class=\"uag-image-10383\" width=\"496\" height=\"739\" title=\"- - Bassin d&#039;Arcachon\" loading=\"lazy\"><\/figure><\/div>\n<\/div>\n<\/div><\/div>\n\n\n\n<div style=\"height:60px\" aria-hidden=\"true\" class=\"wp-block-spacer\"><\/div>\n\n\n\n<div class=\"wp-block-uagb-container uagb-block-ea74af2c alignfull uagb-is-root-container\"><div class=\"uagb-container-inner-blocks-wrap\">\n<h2 class=\"wp-block-heading\">Subir a bordo de una embarcaci\u00f3n<\/h2>\n\n\n\n<p>No tendr\u00e1s elecci\u00f3n, para ir all\u00ed, \u00a1tendr\u00e1s que tomar el barco! A bordo de una pinaza, una barcaza, un&nbsp;<a href=\"https:\/\/www.bateliers-arcachon.com\/excursions\/journee-banc-darguin\/\" target=\"_blank\" rel=\"noreferrer noopener\">transbordador<\/a>&nbsp;o un&nbsp;<a href=\"https:\/\/bassin-arcachon.com\/es\/moverse-por-la-piscina\/barcos-taxi\/\">taxi acu\u00e1tico<\/a>hasta el banco de Arguin. Desde la pen\u00ednsula de&nbsp;<a href=\"https:\/\/bassin-arcachon.com\/es\/nuestros-pueblos-y-aldeas\/huron-de-gorra-lege\/\">L\u00e8ge-Cap Ferret<\/a>&nbsp;el trayecto dura unos veinte minutos; si sales del puerto o el muelle Thiers de<a href=\"https:\/\/bassin-arcachon.com\/es\/nuestros-pueblos-y-aldeas\/arcachon\/\">Arcachon<\/a>&nbsp;, se tarda una hora. Los aficionados a la navegaci\u00f3n tambi\u00e9n pueden&nbsp;<a href=\"https:\/\/bassin-arcachon.com\/es\/moverse-por-la-piscina\/alquiler-de-barcos\/\">aquilar un barco<\/a>&nbsp;por un d\u00eda.<\/p>\n<\/div><\/div>\n\n\n\n<div style=\"height:60px\" aria-hidden=\"true\" class=\"wp-block-spacer\"><\/div>\n\n\n\n<div class=\"wp-block-uagb-container uagb-block-a0973977 alignfull uagb-is-root-container\">\n<div class=\"wp-block-cover is-light has-parallax\"><span aria-hidden=\"true\" class=\"wp-block-cover__background has-background-dim-0 has-background-dim\"><\/span><div role=\"img\" class=\"wp-block-cover__image-background wp-image-23527 has-parallax\" style=\"background-position:50% 50%;background-image:url(https:\/\/bassin-arcachon.com\/wp-content\/uploads\/2018\/07\/Journ\u00e9e-sur-Arguin-avec-un-guide-nature.jpg)\"><\/div><div class=\"wp-block-cover__inner-container is-layout-flow wp-block-cover-is-layout-flow\">\n<h2 class=\"wp-block-heading has-text-align-center has-white-color has-text-color has-background has-large-font-size\" style=\"background-color:#000000b3\">\u00a1Explora el banco de Arguin en compa\u00f1\u00eda de un gu\u00eda de naturaleza voluntario!<\/h2>\n<\/div><\/div>\n<\/div>\n\n\n\n<div style=\"height:60px\" aria-hidden=\"true\" class=\"wp-block-spacer\"><\/div>\n\n\n\n<div class=\"wp-block-uagb-container uagb-block-fec831ab alignfull uagb-is-root-container\"><div class=\"uagb-container-inner-blocks-wrap\">\n<div class=\"wp-block-uagb-container uagb-block-492a0e12\">\n<h2 class=\"wp-block-heading\">Un lugar protegido para las aves<\/h2>\n\n\n\n<p>Adem\u00e1s de ser un magn\u00edfico paraje agreste, el banco de Arguin es tambi\u00e9n una zona de descanso protegida para muchas aves migratorias. Si vas en primavera o en verano, podr\u00e1s avistar charranes patinegros, peque\u00f1as gaviotas con la cabeza de color negro o incluso ostreros euroasi\u00e1ticos. Los guardas de la SEPANSO vigilan el banco de Arguin, donde est\u00e1 prohibido acampar y llevar perros.<\/p>\n<\/div>\n\n\n\n<div class=\"wp-block-uagb-container uagb-block-c941227b\">\n<div class=\"wp-block-uagb-image uagb-block-0057e976 wp-block-uagb-image--layout-default wp-block-uagb-image--effect-static wp-block-uagb-image--align-none\"><figure class=\"wp-block-uagb-image__figure\"><img decoding=\"async\" srcset=\"https:\/\/bassin-arcachon.com\/wp-content\/uploads\/2018\/07\/La-R\u00e9serve-Naturelle-Nationale-du-Banc-dArguin-SEPANSO.jpg \" sizes=\"auto, (max-width: 480px) 150px\" src=\"https:\/\/bassin-arcachon.com\/wp-content\/uploads\/2018\/07\/La-R\u00e9serve-Naturelle-Nationale-du-Banc-dArguin-SEPANSO.jpg\" alt=\"- - Bassin d&#039;Arcachon\" class=\"uag-image-23528\" width=\"1000\" height=\"666\" title=\"- - Bassin d&#039;Arcachon\" loading=\"lazy\"><\/figure><\/div>\n<\/div>\n<\/div><\/div>\n\n\n\n<div class=\"wp-block-uagb-container uagb-block-7ade4a45 alignfull uagb-is-root-container\"><div class=\"uagb-container-inner-blocks-wrap\">\n<div class=\"wp-block-uagb-container uagb-block-bd7ce713\">\n<figure class=\"wp-block-image size-large\"><img loading=\"lazy\" decoding=\"async\" width=\"1024\" height=\"768\" src=\"https:\/\/bassin-arcachon.com\/wp-content\/uploads\/2023\/03\/Unknown-1024x768.jpeg\" alt=\"- - Bassin d&#039;Arcachon\" class=\"wp-image-55308\" title=\"- - Bassin d&#039;Arcachon\" srcset=\"https:\/\/bassin-arcachon.com\/wp-content\/uploads\/2023\/03\/Unknown-1024x768.jpeg 1024w, https:\/\/bassin-arcachon.com\/wp-content\/uploads\/2023\/03\/Unknown-600x450.jpeg 600w, https:\/\/bassin-arcachon.com\/wp-content\/uploads\/2023\/03\/Unknown-768x576.jpeg 768w, https:\/\/bassin-arcachon.com\/wp-content\/uploads\/2023\/03\/Unknown-16x12.jpeg 16w, https:\/\/bassin-arcachon.com\/wp-content\/uploads\/2023\/03\/Unknown.jpeg 1500w\" sizes=\"auto, (max-width: 1024px) 100vw, 1024px\" \/><\/figure>\n<\/div>\n\n\n\n<div class=\"wp-block-uagb-container uagb-block-b1527286\">\n<h2 class=\"wp-block-heading\">Visitar el banco de Arguin\u2026<\/h2>\n\n\n\n<p>En julio y agosto, los gu\u00edas de naturaleza voluntarios de la&nbsp;<a href=\"https:\/\/www.sepanso.org\/\" target=\"_blank\" rel=\"noopener\">SEPANSO<\/a>&nbsp;est\u00e1n disponibles para responder a todas tus preguntas. Adem\u00e1s, se puede hacer una visita gratuita del banco de Arguin todos los mi\u00e9rcoles por la tarde o tambi\u00e9n observar las aves con un telescopio (punto de encuentro en la caba\u00f1a de exposiciones).<\/p>\n<\/div>\n<\/div><\/div>\n\n\n\n<div class=\"wp-block-uagb-container uagb-block-bd9cdbef alignfull uagb-is-root-container\"><div class=\"uagb-container-inner-blocks-wrap\"><div class=\"wp-block-image\">\n<figure class=\"aligncenter size-full\"><img loading=\"lazy\" decoding=\"async\" width=\"339\" height=\"219\" src=\"https:\/\/bassin-arcachon.com\/wp-content\/uploads\/2023\/06\/rnn5-logo.jpg\" alt=\"- - Bassin d&#039;Arcachon\" class=\"wp-image-56337\" title=\"- - Bassin d&#039;Arcachon\" srcset=\"https:\/\/bassin-arcachon.com\/wp-content\/uploads\/2023\/06\/rnn5-logo.jpg 339w, https:\/\/bassin-arcachon.com\/wp-content\/uploads\/2023\/06\/rnn5-logo-18x12.jpg 18w\" sizes=\"auto, (max-width: 339px) 100vw, 339px\" \/><\/figure>\n<\/div><\/div><\/div>\n\n\n\n<div style=\"height:60px\" aria-hidden=\"true\" class=\"wp-block-spacer\"><\/div>","protected":false},"excerpt":{"rendered":"<p>Et si vous partiez la journ\u00e9e sur Arguin au milieu du Bassin d\u2019Arcachon\u2026 Cap sur la R\u00e9serve Naturelle Nationale du Banc d\u2019Arguin, un des joyaux naturels du Bassin d\u2019Arcachon&nbsp;! Au [&hellip;]<\/p>\n","protected":false},"author":25,"featured_media":6901,"parent":27,"menu_order":0,"comment_status":"closed","ping_status":"closed","template":"","meta":{"_acf_changed":false,"_uag_custom_page_level_css":"","footnotes":""},"class_list":["post-133","page","type-page","status-publish","has-post-thumbnail","hentry"],"acf":[],"uagb_featured_image_src":{"full":["https:\/\/bassin-arcachon.com\/wp-content\/uploads\/2017\/02\/LE-BANC-DARGUIN.jpg",1200,525,false],"thumbnail":["https:\/\/bassin-arcachon.com\/wp-content\/uploads\/2017\/02\/LE-BANC-DARGUIN-150x150.jpg",150,150,true],"medium":["https:\/\/bassin-arcachon.com\/wp-content\/uploads\/2017\/02\/LE-BANC-DARGUIN-600x263.jpg",600,263,true],"medium_large":["https:\/\/bassin-arcachon.com\/wp-content\/uploads\/2017\/02\/LE-BANC-DARGUIN-768x336.jpg",768,336,true],"large":["https:\/\/bassin-arcachon.com\/wp-content\/uploads\/2017\/02\/LE-BANC-DARGUIN-1024x448.jpg",1024,448,true],"1536x1536":["https:\/\/bassin-arcachon.com\/wp-content\/uploads\/2017\/02\/LE-BANC-DARGUIN.jpg",1200,525,false],"2048x2048":["https:\/\/bassin-arcachon.com\/wp-content\/uploads\/2017\/02\/LE-BANC-DARGUIN.jpg",1200,525,false],"trp-custom-language-flag":["https:\/\/bassin-arcachon.com\/wp-content\/uploads\/2017\/02\/LE-BANC-DARGUIN-18x8.jpg",18,8,true]},"uagb_author_info":{"display_name":"Marie Clauzel","author_link":"https:\/\/bassin-arcachon.com\/es\/author\/mariesiba\/"},"uagb_comment_info":0,"uagb_excerpt":"Et si vous partiez la journ\u00e9e sur Arguin au milieu du Bassin d\u2019Arcachon\u2026 Cap sur la R\u00e9serve Naturelle Nationale du Banc d\u2019Arguin, un des joyaux naturels du Bassin d\u2019Arcachon&nbsp;! Au [&hellip;]","_links":{"self":[{"href":"https:\/\/bassin-arcachon.com\/es\/wp-json\/wp\/v2\/pages\/133","targetHints":{"allow":["GET"]}}],"collection":[{"href":"https:\/\/bassin-arcachon.com\/es\/wp-json\/wp\/v2\/pages"}],"about":[{"href":"https:\/\/bassin-arcachon.com\/es\/wp-json\/wp\/v2\/types\/page"}],"author":[{"embeddable":true,"href":"https:\/\/bassin-arcachon.com\/es\/wp-json\/wp\/v2\/users\/25"}],"replies":[{"embeddable":true,"href":"https:\/\/bassin-arcachon.com\/es\/wp-json\/wp\/v2\/comments?post=133"}],"version-history":[{"count":0,"href":"https:\/\/bassin-arcachon.com\/es\/wp-json\/wp\/v2\/pages\/133\/revisions"}],"up":[{"embeddable":true,"href":"https:\/\/bassin-arcachon.com\/es\/wp-json\/wp\/v2\/pages\/27"}],"wp:featuredmedia":[{"embeddable":true,"href":"https:\/\/bassin-arcachon.com\/es\/wp-json\/wp\/v2\/media\/6901"}],"wp:attachment":[{"href":"https:\/\/bassin-arcachon.com\/es\/wp-json\/wp\/v2\/media?parent=133"}],"curies":[{"name":"wp","href":"https:\/\/api.w.org\/{rel}","templated":true}]}}