{"id":137,"date":"2017-02-08T09:56:32","date_gmt":"2017-02-08T08:56:32","guid":{"rendered":"https:\/\/bassin-arcachon.com\/\/?page_id=137"},"modified":"2023-12-12T08:36:51","modified_gmt":"2023-12-12T07:36:51","slug":"pueblos-y-puertos-ostricultores","status":"publish","type":"page","link":"https:\/\/bassin-arcachon.com\/es\/nos-incontournables\/les-villages-et-ports-ostreicoles\/","title":{"rendered":"Los pueblos y puertos ostr\u00edcolas"},"content":{"rendered":"<div class=\"wp-block-uagb-container uagb-block-9a520615 alignfull uagb-is-root-container\"><div class=\"uagb-container-inner-blocks-wrap\">\n<div class=\"wp-block-uagb-container uagb-block-866c04f1\">\n<div class=\"wp-block-uagb-image uagb-block-dd8f00f1 wp-block-uagb-image--layout-default wp-block-uagb-image--effect-static wp-block-uagb-image--align-none\"><figure class=\"wp-block-uagb-image__figure\"><img decoding=\"async\" srcset=\"https:\/\/bassin-arcachon.com\/wp-content\/uploads\/2017\/02\/mini-map-ports.jpg \" sizes=\"auto, (max-width: 480px) 150px\" src=\"https:\/\/bassin-arcachon.com\/wp-content\/uploads\/2017\/02\/mini-map-ports.jpg\" alt=\"- - Bassin d&#039;Arcachon\" class=\"uag-image-1887\" width=\"278\" height=\"278\" title=\"- - Bassin d&#039;Arcachon\" loading=\"lazy\"><\/figure><\/div>\n\n\n\n<h2 class=\"wp-block-heading\">\u00a1En la bah\u00eda de Arcach\u00f3n, los puertos y los pueblos ostr\u00edcolas forman parte del paisaje!<\/h2>\n\n\n\n<p>Y cada uno tiene su encanto y su personalidad. Desc\u00fabrelos a pie, en bicicleta o incluso en barco para disfrutar de unas aut\u00e9nticas vacaciones. La gente viene aqu\u00ed para degustar unas ostras frescas cerca del agua en el establecimiento del criador local, pasear junto a las caba\u00f1as de colores o incluso admirar las idas y venidas de los barcos.<\/p>\n<\/div>\n\n\n\n<div class=\"wp-block-uagb-container uagb-block-811be352\">\t\t\t\t\t<div\n\t\t\t\t\t\tclass=\"wp-block-uagb-image-gallery uagb-block-de19693b\"\n\t\t\t\t\t\tstyle=\"\"\n\t\t\t\t\t>\n\t\t\t\t\t\t\t\t\t\t\t<div class=\"spectra-image-gallery spectra-image-gallery__layout--carousel\">\n\t\t\t\t\t\t\t\t<div class=\"uagb-slick-carousel uagb-block-de19693b\">\n\t\t\t\t\t\t\t\t\t\t\t\t<div class='spectra-image-gallery__media-wrapper' data-spectra-gallery-image-id='8864'>\n\t\t\t\t\t\t\t<div class=\"spectra-image-gallery__media spectra-image-gallery__media--carousel\">\n\t\t\t\t<picture>\n\t\t\t\t\t<source media=\"(min-width: 1024px)\" srcset=\"https:\/\/bassin-arcachon.com\/wp-content\/uploads\/2017\/02\/Port-de-gujan-1024x683.jpg\">\n\t\t\t\t\t<source media=\"(min-width: 768px)\" srcset=\"https:\/\/bassin-arcachon.com\/wp-content\/uploads\/2017\/02\/Port-de-gujan-1024x683.jpg\">\n\t\t\t\t\t<img decoding=\"async\" class=\"spectra-image-gallery__media-thumbnail spectra-image-gallery__media-thumbnail--carousel\" src=\"https:\/\/bassin-arcachon.com\/wp-content\/uploads\/2017\/02\/Port-de-gujan-300x200.jpg\" alt=\"- - Bassin d&#039;Arcachon\" loading=\"lazy\" title=\"- - Bassin d&#039;Arcachon\">\n\t\t\t\t<\/picture>\n\t\t\t\t<div class=\"spectra-image-gallery__media-thumbnail-blurrer\"><\/div>\n\t\t\t\t\t\t\t\t\t\t\t<div class=\"spectra-image-gallery__media-thumbnail-caption-wrapper spectra-image-gallery__media-thumbnail-caption-wrapper--overlay\"><\/div>\n\t\t\t\t\t\t\t\t<\/div>\n\t\t\t\t\t\t<\/div>\n\t\t\t\t\t\t<div class='spectra-image-gallery__media-wrapper' data-spectra-gallery-image-id='1631'>\n\t\t\t\t\t\t\t<div class=\"spectra-image-gallery__media spectra-image-gallery__media--carousel\">\n\t\t\t\t<picture>\n\t\t\t\t\t<source media=\"(min-width: 1024px)\" srcset=\"https:\/\/bassin-arcachon.com\/wp-content\/uploads\/2017\/03\/aiguillon-cabane-pecheur-1024x683.jpg\">\n\t\t\t\t\t<source media=\"(min-width: 768px)\" srcset=\"https:\/\/bassin-arcachon.com\/wp-content\/uploads\/2017\/03\/aiguillon-cabane-pecheur-1024x683.jpg\">\n\t\t\t\t\t<img decoding=\"async\" class=\"spectra-image-gallery__media-thumbnail spectra-image-gallery__media-thumbnail--carousel\" src=\"https:\/\/bassin-arcachon.com\/wp-content\/uploads\/2017\/03\/aiguillon-cabane-pecheur-300x200.jpg\" alt=\"- - Bassin d&#039;Arcachon\" loading=\"lazy\" title=\"- - Bassin d&#039;Arcachon\">\n\t\t\t\t<\/picture>\n\t\t\t\t<div class=\"spectra-image-gallery__media-thumbnail-blurrer\"><\/div>\n\t\t\t\t\t\t\t\t\t\t\t<div class=\"spectra-image-gallery__media-thumbnail-caption-wrapper spectra-image-gallery__media-thumbnail-caption-wrapper--overlay\"><\/div>\n\t\t\t\t\t\t\t\t<\/div>\n\t\t\t\t\t\t<\/div>\n\t\t\t\t\t\t\t\t\t\t\t<\/div>\n\t\t\t\t\t\t\t<\/div>\n\t\t\t\t\t\t\t\t\t\t\t<\/div>\n\t\t\t\t\t\t\t\t\t<\/div>\n<\/div><\/div>\n\n\n\n<div style=\"height:40px\" aria-hidden=\"true\" class=\"wp-block-spacer\"><\/div>\n\n\n\n<div class=\"wp-block-uagb-container uagb-block-83832cbd alignfull uagb-is-root-container\"><div class=\"uagb-container-inner-blocks-wrap\">\n<figure class=\"wp-block-pullquote\" style=\"border-radius:0px;border-top-style:none;border-top-width:0px;border-right-style:none;border-right-width:0px;border-bottom-style:none;border-bottom-width:0px;border-left-width:2px\"><blockquote><p>Visitar los pueblos y los puertos ostr\u00edcolas de la bah\u00eda de Arcach\u00f3n es una tradici\u00f3n y un placer para la vista pero tambi\u00e9n para el paladar.<\/p><\/blockquote><\/figure>\n<\/div><\/div>\n\n\n\n<div style=\"height:20px\" aria-hidden=\"true\" class=\"wp-block-spacer\"><\/div>\n\n\n\n<div class=\"wp-block-uagb-container uagb-block-eac81924 alignfull uagb-is-root-container\"><div class=\"uagb-container-inner-blocks-wrap\">\n<div class=\"wp-block-uagb-container uagb-block-09e15343\">\n<h2 class=\"wp-block-heading\">Explorar los pueblos ostr\u00edcolas<\/h2>\n\n\n\n<p>Muchos de nosotros disfrutamos paseando entre las caba\u00f1as tanto en verano como en invierno. Bastan unos rayos de sol para que nos apetezca respirar el aire yodado de la&nbsp;<strong>la bah\u00eda de Arcach\u00f3n<\/strong>.  Hay puertos y pueblos ostr\u00edcolas por toda la bah\u00eda:&nbsp;<a href=\"https:\/\/bassin-arcachon.com\/es\/nuestros-pueblos-y-aldeas\/la-prueba-de-buch\/\">La Teste de Buch<\/a>, Gujan-Mestras, Biganos, Andernos, Ares\u2026<\/p>\n\n\n\n<p>No te pierdas&nbsp;<strong>L'Herbe<\/strong>&nbsp;ol el de&nbsp;<a href=\"https:\/\/bassin-arcachon.com\/es\/nuestros-pueblos-y-aldeas\/huron-de-gorra-lege\/\">L\u00e8ge-Cap Ferret<\/a>. Este pueblo, famoso por sus caba\u00f1as de madera de vivos colores y su capilla de la Villa Alg\u00e9rienne, parece una postal.<\/p>\n\n\n\n<p>Adem\u00e1s de ser un lugar ideal para pasear, el&nbsp;<strong>pueblo ostr\u00edcola de Mimbeau<\/strong>&nbsp;(Cap Ferret) es uno de los que tienen la duna de Pilat de fondo. No lejos de \u00e9l, el muelle B\u00e9lisaire es el punto de partida de pinazas, lanchas motoras y chalanas para llegar&nbsp;<a href=\"https:\/\/bassin-arcachon.com\/es\/cuenca-de-arcachon\/nuestros-elementos-esenciales\/el-banco-darguin\/\">al Banco de Arguin<\/a>,&nbsp;<a href=\"https:\/\/bassin-arcachon.com\/es\/nuestros-elementos-esenciales\/las-cabanas-tchanquee\/\">las caba\u00f1as sobre pilotes<\/a>&nbsp;o incluso la costa de la pen\u00ednsula.<\/p>\n\n\n\n<p><strong>Consejo :<\/strong>&nbsp;En verano, recuerda llevar el ba\u00f1ador, pues te tentar\u00e1n las playas que hay cerca de los pueblos ostr\u00edcolas. Una vez en el agua, la vista de 360\u00b0 de las caba\u00f1as de colores y la&nbsp;<a href=\"https:\/\/bassin-arcachon.com\/es\/nuestros-elementos-esenciales\/la-duna-de-pilat\/\">la duna de Pilat,<\/a>&nbsp;es simplemente perfecta. Las degustaciones de ostras, por supuesto, forman parte de la experiencia.<\/p>\n<\/div>\n\n\n\n<div class=\"wp-block-uagb-container uagb-block-1e097a23\">\n<div class=\"wp-block-uagb-image uagb-block-b7f6bc5f wp-block-uagb-image--layout-default wp-block-uagb-image--effect-static wp-block-uagb-image--align-none\"><figure class=\"wp-block-uagb-image__figure\"><img decoding=\"async\" srcset=\"https:\/\/bassin-arcachon.com\/wp-content\/uploads\/2018\/04\/villlage-ostreicole-velo-lege-cap-ferret-1-683x1024.jpg \" sizes=\"auto, (max-width: 480px) 150px\" src=\"https:\/\/bassin-arcachon.com\/wp-content\/uploads\/2018\/04\/villlage-ostreicole-velo-lege-cap-ferret-1-683x1024.jpg\" alt=\"Paseo en bicicleta en un pueblo de cultivo de ostras de L\u00e8ge Cap Ferret\" class=\"uag-image-19929\" width=\"683\" height=\"1024\" title=\"- - Bassin d&#039;Arcachon\" loading=\"lazy\"><\/figure><\/div>\n<\/div>\n<\/div><\/div>\n\n\n\n<div style=\"height:40px\" aria-hidden=\"true\" class=\"wp-block-spacer\"><\/div>\n\n\n\n<div class=\"wp-block-uagb-container uagb-block-7bd83fbb alignfull uagb-is-root-container\"><div class=\"uagb-container-inner-blocks-wrap\">\t\t\t\t\t<div\n\t\t\t\t\t\tclass=\"wp-block-uagb-image-gallery uagb-block-5cdd89e6\"\n\t\t\t\t\t\tstyle=\"\"\n\t\t\t\t\t>\n\t\t\t\t\t\t\t\t\t\t\t<div class=\"spectra-image-gallery spectra-image-gallery__layout--grid spectra-image-gallery__layout--grid-col-2 spectra-image-gallery__layout--grid-col-tab-2 spectra-image-gallery__layout--grid-col-mob-2\">\n\t\t\t\t\t\t\t\t\t\t\t<div class='spectra-image-gallery__media-wrapper' data-spectra-gallery-image-id='22811' tabindex=\"0\">\n\t\t\t\t\t\t\t<div class=\"spectra-image-gallery__media spectra-image-gallery__media--grid\">\n\t\t\t\t<picture>\n\t\t\t\t\t<source media=\"(min-width: 1024px)\" srcset=\"https:\/\/bassin-arcachon.com\/wp-content\/uploads\/2018\/06\/cap-gourmand-siba-agence-les-conteurs-72-e1546597671403.jpg\">\n\t\t\t\t\t<source media=\"(min-width: 768px)\" srcset=\"https:\/\/bassin-arcachon.com\/wp-content\/uploads\/2018\/06\/cap-gourmand-siba-agence-les-conteurs-72-e1546597671403.jpg\">\n\t\t\t\t\t<img decoding=\"async\" class=\"spectra-image-gallery__media-thumbnail spectra-image-gallery__media-thumbnail--grid\" src=\"https:\/\/bassin-arcachon.com\/wp-content\/uploads\/2018\/06\/cap-gourmand-siba-agence-les-conteurs-72-e1546597671403-300x200.jpg\" alt=\"Degustaci\u00f3n de ostras frente a la Duna de Pilat con Cap Gourmand\" loading=\"lazy\" title=\"- - Bassin d&#039;Arcachon\">\n\t\t\t\t<\/picture>\n\t\t\t\t<div class=\"spectra-image-gallery__media-thumbnail-blurrer\"><\/div>\n\t\t\t\t\t\t\t\t\t\t\t<div class=\"spectra-image-gallery__media-thumbnail-caption-wrapper spectra-image-gallery__media-thumbnail-caption-wrapper--overlay\"><\/div>\n\t\t\t\t\t\t\t\t<\/div>\n\t\t\t\t\t\t<\/div>\n\t\t\t\t\t\t<div class='spectra-image-gallery__media-wrapper' data-spectra-gallery-image-id='24865' tabindex=\"0\">\n\t\t\t\t\t\t\t<div class=\"spectra-image-gallery__media spectra-image-gallery__media--grid\">\n\t\t\t\t<picture>\n\t\t\t\t\t<source media=\"(min-width: 1024px)\" srcset=\"https:\/\/bassin-arcachon.com\/wp-content\/uploads\/2018\/07\/d\u00e9guster-hu\u00eetres-\u00e0-la-cabane-e1546595323274.jpg\">\n\t\t\t\t\t<source media=\"(min-width: 768px)\" srcset=\"https:\/\/bassin-arcachon.com\/wp-content\/uploads\/2018\/07\/d\u00e9guster-hu\u00eetres-\u00e0-la-cabane-e1546595323274.jpg\">\n\t\t\t\t\t<img decoding=\"async\" class=\"spectra-image-gallery__media-thumbnail spectra-image-gallery__media-thumbnail--grid\" src=\"https:\/\/bassin-arcachon.com\/wp-content\/uploads\/2018\/07\/d\u00e9guster-hu\u00eetres-\u00e0-la-cabane-e1546595323274-300x200.jpg\" alt=\"Degustaci\u00f3n de ostras en una caba\u00f1a en Bassin d&#039;Arcachon\" loading=\"lazy\" title=\"- - Bassin d&#039;Arcachon\">\n\t\t\t\t<\/picture>\n\t\t\t\t<div class=\"spectra-image-gallery__media-thumbnail-blurrer\"><\/div>\n\t\t\t\t\t\t\t\t\t\t\t<div class=\"spectra-image-gallery__media-thumbnail-caption-wrapper spectra-image-gallery__media-thumbnail-caption-wrapper--overlay\"><\/div>\n\t\t\t\t\t\t\t\t<\/div>\n\t\t\t\t\t\t<\/div>\n\t\t\t\t\t\t\t\t\t\t<\/div>\n\t\t\t\t\t\t\t\t\t\t\t\t\t\t\t\t\t\t<\/div>\n\t\t\t\t\t\t\t\t\t<\/div><\/div>\n\n\n\n<div style=\"height:40px\" aria-hidden=\"true\" class=\"wp-block-spacer\"><\/div>\n\n\n\n<div class=\"wp-block-uagb-container uagb-block-14443563 alignfull uagb-is-root-container\"><div class=\"uagb-container-inner-blocks-wrap\">\n<div class=\"wp-block-uagb-container uagb-block-43170417\">\n<div class=\"wp-block-uagb-image uagb-block-90f424bc wp-block-uagb-image--layout-default wp-block-uagb-image--effect-static wp-block-uagb-image--align-none\"><figure class=\"wp-block-uagb-image__figure\"><img decoding=\"async\" srcset=\"https:\/\/bassin-arcachon.com\/wp-content\/uploads\/2023\/08\/Design-sans-titre-2023-12-08T104740.989-1024x1024.png ,https:\/\/bassin-arcachon.com\/wp-content\/uploads\/2023\/08\/Design-sans-titre-2023-12-08T104740.989.png 780w, https:\/\/bassin-arcachon.com\/wp-content\/uploads\/2023\/08\/Design-sans-titre-2023-12-08T104740.989.png 360w\" sizes=\"auto, (max-width: 480px) 150px\" src=\"https:\/\/bassin-arcachon.com\/wp-content\/uploads\/2023\/08\/Design-sans-titre-2023-12-08T104740.989-1024x1024.png\" alt=\"- - Bassin d&#039;Arcachon\" class=\"uag-image-57369\" width=\"1024\" height=\"1024\" title=\"- - Bassin d&#039;Arcachon\" loading=\"lazy\"><\/figure><\/div>\n<\/div>\n\n\n\n<div class=\"wp-block-uagb-container uagb-block-5f9282e8\">\n<h2 class=\"wp-block-heading\">Descubrir los puertos ostr\u00edcolas de la bah\u00eda de Arcach\u00f3n y sus actividades<\/h2>\n\n\n\n<p>Ir a los puertos ostr\u00edcolas de la bah\u00eda de Arcach\u00f3n es tambi\u00e9n ir al encuentro de los profesionales de la ostricultura y la pesca. En las coloridas caba\u00f1as que flanquean los puertos, con frecuencia se guarda el material necesario para la ostricultura y la pesca.<\/p>\n<\/div>\n<\/div><\/div>\n\n\n\n<div style=\"height:40px\" aria-hidden=\"true\" class=\"wp-block-spacer\"><\/div>\n\n\n\n<div class=\"wp-block-uagb-container uagb-block-e4459af0 alignfull uagb-is-root-container\"><div class=\"uagb-container-inner-blocks-wrap\">\n<figure class=\"wp-block-pullquote\" style=\"border-radius:0px;border-top-style:none;border-top-width:0px;border-right-style:none;border-right-width:0px;border-bottom-style:none;border-bottom-width:0px;border-left-width:2px\"><blockquote><p>Pasea entre las caba\u00f1as y seguramente encontrar\u00e1s bosas vac\u00edas de ostras sec\u00e1ndose al sol.<\/p><\/blockquote><\/figure>\n<\/div><\/div>\n\n\n\n<div style=\"height:20px\" aria-hidden=\"true\" class=\"wp-block-spacer\"><\/div>\n\n\n\n<div class=\"wp-block-uagb-container uagb-block-69924b9e alignfull uagb-is-root-container\"><div class=\"uagb-container-inner-blocks-wrap\">\n<p>Est\u00e1s en un lugar de mucha actividad. Qu\u00e9date cerca del agua en el puerto de<a href=\"https:\/\/bassin-arcachon.com\/es\/nuestros-pueblos-y-aldeas\/ares\/\">Ares<\/a>&nbsp;o<a href=\"https:\/\/bassin-arcachon.com\/es\/nuestros-pueblos-y-aldeas\/andernos-los-banos\/\">Andernos les Bains<\/a>&nbsp;para admirar las idas y venidas de los barcos que vuelven cargados de bolsas de ostras. Y d\u00e9jate llevar hasta el puerto de&nbsp;<a href=\"https:\/\/bassin-arcachon.com\/es\/nuestros-pueblos-y-aldeas\/corazon-de-la-cuenca\/\">De las fincas de Certes y Graveyron al delta del Leyre<\/a>.<\/p>\n<\/div><\/div>\n\n\n\n<div style=\"height:60px\" aria-hidden=\"true\" class=\"wp-block-spacer\"><\/div>\n\n\n\n<div class=\"wp-block-uagb-container uagb-block-11006bae alignfull uagb-is-root-container\">\n<div class=\"wp-block-cover has-parallax\"><span aria-hidden=\"true\" class=\"wp-block-cover__background has-background-dim-0 has-background-dim\"><\/span><div role=\"img\" class=\"wp-block-cover__image-background wp-image-10777 has-parallax\" style=\"background-position:50% 50%;background-image:url(https:\/\/bassin-arcachon.com\/wp-content\/uploads\/2017\/11\/Ares-01.jpg)\"><\/div><div class=\"wp-block-cover__inner-container is-layout-flow wp-block-cover-is-layout-flow\">\n<h2 class=\"wp-block-heading has-text-align-center has-white-color has-text-color has-background has-large-font-size\" style=\"background-color:#000000b3\">\u00a1Disfruta de las magn\u00edficas puestas de sol de la bah\u00eda de Arcach\u00f3n en cualquier estaci\u00f3n!<\/h2>\n<\/div><\/div>\n<\/div>\n\n\n\n<div style=\"height:40px\" aria-hidden=\"true\" class=\"wp-block-spacer\"><\/div>\n\n\n\n<div class=\"wp-block-uagb-container uagb-block-d6d887b1 alignfull uagb-is-root-container\"><div class=\"uagb-container-inner-blocks-wrap\">\n<div class=\"wp-block-uagb-container uagb-block-fef30770\">\n<p><strong>Consejo :<\/strong>&nbsp;En tu visita a los puertos, no te pierdas&nbsp;<a href=\"https:\/\/bassin-arcachon.com\/es\/nuestros-pueblos-y-aldeas\/gujan-mestras\/\">Gujan-Mestras<\/a>, la ciudad de los siete puertos y capital ostr\u00edcola de la bah\u00eda de Arcach\u00f3n. <\/p>\n\n\n\n<p>Para saberlo todo sobre la historia de las ostras, visita la&nbsp;<a href=\"http:\/\/www.maison-huitre.fr\/\" target=\"_blank\" rel=\"noreferrer noopener\">Maison de l'Hu\u00eetre,<\/a>&nbsp;en el&nbsp;<a href=\"https:\/\/bassin-arcachon.com\/es\/un-vistazo-al-puerto-de-larros\/\">puerto de Larros<\/a>. Convertido en un lugar de visita obligada en Gujan-Mestras, aqu\u00ed entender\u00e1s las t\u00e9cnicas de cultivo y el trabajo de la ostricultura a trav\u00e9s de los siglos. Este museo de la ostra est\u00e1 abierto durante todo el a\u00f1o.<\/p>\n<\/div>\n\n\n\n<div class=\"wp-block-uagb-container uagb-block-c13f4fde\">\n<div class=\"wp-block-uagb-image uagb-block-968b90ee wp-block-uagb-image--layout-default wp-block-uagb-image--effect-static wp-block-uagb-image--align-none\"><figure class=\"wp-block-uagb-image__figure\"><img decoding=\"async\" srcset=\"https:\/\/bassin-arcachon.com\/wp-content\/uploads\/2018\/04\/Parcours-exrt\u00e9rieur-Maison-de-lHu\u00eetre.jpg \" sizes=\"auto, (max-width: 480px) 150px\" src=\"https:\/\/bassin-arcachon.com\/wp-content\/uploads\/2018\/04\/Parcours-exrt\u00e9rieur-Maison-de-lHu\u00eetre.jpg\" alt=\"- - Bassin d&#039;Arcachon\" class=\"uag-image-20627\" width=\"1000\" height=\"666\" title=\"- - Bassin d&#039;Arcachon\" loading=\"lazy\"><\/figure><\/div>\n<\/div>\n<\/div><\/div>\n\n\n\n<div style=\"height:60px\" aria-hidden=\"true\" class=\"wp-block-spacer\"><\/div>","protected":false},"excerpt":{"rendered":"<p>Sur le Bassin d\u2019Arcachon, les ports et les villages ostr\u00e9icoles font partie du d\u00e9cor ! Et chacun poss\u00e8de son charme et sa personnalit\u00e9. Partez \u00e0 leur d\u00e9couverte \u00e0 pied, \u00e0 [&hellip;]<\/p>\n","protected":false},"author":25,"featured_media":23556,"parent":27,"menu_order":0,"comment_status":"closed","ping_status":"closed","template":"","meta":{"_acf_changed":false,"_uag_custom_page_level_css":"","footnotes":""},"class_list":["post-137","page","type-page","status-publish","has-post-thumbnail","hentry"],"acf":[],"uagb_featured_image_src":{"full":["https:\/\/bassin-arcachon.com\/wp-content\/uploads\/2017\/02\/port-de-biganos-bassin-arcachon.jpg",1200,820,false],"thumbnail":["https:\/\/bassin-arcachon.com\/wp-content\/uploads\/2017\/02\/port-de-biganos-bassin-arcachon-150x150.jpg",150,150,true],"medium":["https:\/\/bassin-arcachon.com\/wp-content\/uploads\/2017\/02\/port-de-biganos-bassin-arcachon-600x410.jpg",600,410,true],"medium_large":["https:\/\/bassin-arcachon.com\/wp-content\/uploads\/2017\/02\/port-de-biganos-bassin-arcachon-768x525.jpg",768,525,true],"large":["https:\/\/bassin-arcachon.com\/wp-content\/uploads\/2017\/02\/port-de-biganos-bassin-arcachon-1024x700.jpg",1024,700,true],"1536x1536":["https:\/\/bassin-arcachon.com\/wp-content\/uploads\/2017\/02\/port-de-biganos-bassin-arcachon.jpg",1200,820,false],"2048x2048":["https:\/\/bassin-arcachon.com\/wp-content\/uploads\/2017\/02\/port-de-biganos-bassin-arcachon.jpg",1200,820,false],"trp-custom-language-flag":["https:\/\/bassin-arcachon.com\/wp-content\/uploads\/2017\/02\/port-de-biganos-bassin-arcachon-18x12.jpg",18,12,true]},"uagb_author_info":{"display_name":"Marie Clauzel","author_link":"https:\/\/bassin-arcachon.com\/es\/author\/mariesiba\/"},"uagb_comment_info":0,"uagb_excerpt":"Sur le Bassin d\u2019Arcachon, les ports et les villages ostr\u00e9icoles font partie du d\u00e9cor ! Et chacun poss\u00e8de son charme et sa personnalit\u00e9. Partez \u00e0 leur d\u00e9couverte \u00e0 pied, \u00e0 [&hellip;]","_links":{"self":[{"href":"https:\/\/bassin-arcachon.com\/es\/wp-json\/wp\/v2\/pages\/137","targetHints":{"allow":["GET"]}}],"collection":[{"href":"https:\/\/bassin-arcachon.com\/es\/wp-json\/wp\/v2\/pages"}],"about":[{"href":"https:\/\/bassin-arcachon.com\/es\/wp-json\/wp\/v2\/types\/page"}],"author":[{"embeddable":true,"href":"https:\/\/bassin-arcachon.com\/es\/wp-json\/wp\/v2\/users\/25"}],"replies":[{"embeddable":true,"href":"https:\/\/bassin-arcachon.com\/es\/wp-json\/wp\/v2\/comments?post=137"}],"version-history":[{"count":0,"href":"https:\/\/bassin-arcachon.com\/es\/wp-json\/wp\/v2\/pages\/137\/revisions"}],"up":[{"embeddable":true,"href":"https:\/\/bassin-arcachon.com\/es\/wp-json\/wp\/v2\/pages\/27"}],"wp:featuredmedia":[{"embeddable":true,"href":"https:\/\/bassin-arcachon.com\/es\/wp-json\/wp\/v2\/media\/23556"}],"wp:attachment":[{"href":"https:\/\/bassin-arcachon.com\/es\/wp-json\/wp\/v2\/media?parent=137"}],"curies":[{"name":"wp","href":"https:\/\/api.w.org\/{rel}","templated":true}]}}