{"id":147,"date":"2017-02-08T09:58:01","date_gmt":"2017-02-08T08:58:01","guid":{"rendered":"https:\/\/bassin-arcachon.com\/\/?page_id=147"},"modified":"2025-05-05T10:49:22","modified_gmt":"2025-05-05T08:49:22","slug":"viajes-en-barco","status":"publish","type":"page","link":"https:\/\/bassin-arcachon.com\/es\/nos-incontournables\/les-balades-en-bateau\/","title":{"rendered":"Los paseos en barco"},"content":{"rendered":"<div class=\"wp-block-uagb-container uagb-block-b44882d1 alignfull uagb-is-root-container\"><div class=\"uagb-container-inner-blocks-wrap\">\n<div class=\"wp-block-uagb-container uagb-block-26f7a32a\">\n<div class=\"wp-block-uagb-image uagb-block-3f009d9c wp-block-uagb-image--layout-default wp-block-uagb-image--effect-static wp-block-uagb-image--align-none\"><figure class=\"wp-block-uagb-image__figure\"><img decoding=\"async\" srcset=\"https:\/\/bassin-arcachon.com\/wp-content\/uploads\/2017\/02\/mini-map-bateaux.jpg \" sizes=\"auto, (max-width: 480px) 150px\" src=\"https:\/\/bassin-arcachon.com\/wp-content\/uploads\/2017\/02\/mini-map-bateaux.jpg\" alt=\"- - Bassin d&#039;Arcachon\" class=\"uag-image-1875\" width=\"278\" height=\"278\" title=\"- - Bassin d&#039;Arcachon\" loading=\"lazy\" role=\"img\"><\/figure><\/div>\n\n\n\n<h2 class=\"wp-block-heading\">En pinaza grande o peque\u00f1a, velero, catamar\u00e1n\u2026 \u00bfQu\u00e9 tal dar un paseo en barco por la bah\u00eda?<\/h2>\n\n\n\n<p>Sube a bordo de una embarcaci\u00f3n para navegar cerca de los criaderos de ostras, visitar los&nbsp;<a href=\"https:\/\/bassin-arcachon.com\/es\/nuestros-elementos-esenciales\/pueblos-y-puertos-ostricultores\/\">pueblos ostr\u00edcolas<\/a>&nbsp;de L\u00e8ge-Cap Ferret, hacer una parada en el&nbsp;<a href=\"https:\/\/bassin-arcachon.com\/es\/nuestros-elementos-esenciales\/el-banco-darguin\/\">Banco de Arguin<\/a>&nbsp;y ver las&nbsp;<a href=\"https:\/\/bassin-arcachon.com\/es\/nuestros-elementos-esenciales\/las-cabanas-tchanquee\/\">caba\u00f1as sobre pilotes<\/a> o perderte en los senderos v\u00edrgenes del delta del Leyre. \u00a1Un sinf\u00edn de posibilidades para que disfrutes de unas vacaciones memorables!<\/p>\n<\/div>\n\n\n\n<div class=\"wp-block-uagb-container uagb-block-df5a40d9\">\t\t\t\t\t<div\n\t\t\t\t\t\tclass=\"wp-block-uagb-image-gallery uagb-block-ef8daf89\"\n\t\t\t\t\t\tstyle=\"\"\n\t\t\t\t\t>\n\t\t\t\t\t\t\t\t\t\t\t<div class=\"spectra-image-gallery spectra-image-gallery__layout--carousel\">\n\t\t\t\t\t\t\t\t<div class=\"uagb-slick-carousel uagb-block-ef8daf89\">\n\t\t\t\t\t\t\t\t\t\t\t\t<div class='spectra-image-gallery__media-wrapper' data-spectra-gallery-image-id='23833'>\n\t\t\t\t\t\t\t<div class=\"spectra-image-gallery__media spectra-image-gallery__media--carousel\">\n\t\t\t\t<picture>\n\t\t\t\t\t<source media=\"(min-width: 1024px)\" srcset=\"https:\/\/bassin-arcachon.com\/wp-content\/uploads\/2018\/07\/bateau-banc-darguin-bassin-darcachon.jpg\">\n\t\t\t\t\t<source media=\"(min-width: 768px)\" srcset=\"https:\/\/bassin-arcachon.com\/wp-content\/uploads\/2018\/07\/bateau-banc-darguin-bassin-darcachon.jpg\">\n\t\t\t\t\t<img decoding=\"async\" class=\"spectra-image-gallery__media-thumbnail spectra-image-gallery__media-thumbnail--carousel\" src=\"https:\/\/bassin-arcachon.com\/wp-content\/uploads\/2018\/07\/bateau-banc-darguin-bassin-darcachon-300x200.jpg\" alt=\"- - Bassin d&#039;Arcachon\" loading=\"lazy\" title=\"- - Bassin d&#039;Arcachon\">\n\t\t\t\t<\/picture>\n\t\t\t\t<div class=\"spectra-image-gallery__media-thumbnail-blurrer\"><\/div>\n\t\t\t\t\t\t\t\t\t\t\t<div class=\"spectra-image-gallery__media-thumbnail-caption-wrapper spectra-image-gallery__media-thumbnail-caption-wrapper--overlay\"><\/div>\n\t\t\t\t\t\t\t\t<\/div>\n\t\t\t\t\t\t<\/div>\n\t\t\t\t\t\t<div class='spectra-image-gallery__media-wrapper' data-spectra-gallery-image-id='23830'>\n\t\t\t\t\t\t\t<div class=\"spectra-image-gallery__media spectra-image-gallery__media--carousel\">\n\t\t\t\t<picture>\n\t\t\t\t\t<source media=\"(min-width: 1024px)\" srcset=\"https:\/\/bassin-arcachon.com\/wp-content\/uploads\/2018\/07\/vedette-bassin-arcachon-bateau.jpg\">\n\t\t\t\t\t<source media=\"(min-width: 768px)\" srcset=\"https:\/\/bassin-arcachon.com\/wp-content\/uploads\/2018\/07\/vedette-bassin-arcachon-bateau.jpg\">\n\t\t\t\t\t<img decoding=\"async\" class=\"spectra-image-gallery__media-thumbnail spectra-image-gallery__media-thumbnail--carousel\" src=\"https:\/\/bassin-arcachon.com\/wp-content\/uploads\/2018\/07\/vedette-bassin-arcachon-bateau-300x200.jpg\" alt=\"- - Bassin d&#039;Arcachon\" loading=\"lazy\" title=\"- - Bassin d&#039;Arcachon\">\n\t\t\t\t<\/picture>\n\t\t\t\t<div class=\"spectra-image-gallery__media-thumbnail-blurrer\"><\/div>\n\t\t\t\t\t\t\t\t\t\t\t<div class=\"spectra-image-gallery__media-thumbnail-caption-wrapper spectra-image-gallery__media-thumbnail-caption-wrapper--overlay\"><\/div>\n\t\t\t\t\t\t\t\t<\/div>\n\t\t\t\t\t\t<\/div>\n\t\t\t\t\t\t\t\t\t\t\t<\/div>\n\t\t\t\t\t\t\t<\/div>\n\t\t\t\t\t\t\t\t\t\t\t<\/div>\n\t\t\t\t\t\t\t\t\t<\/div>\n<\/div><\/div>\n\n\n\n<div style=\"height:60px\" aria-hidden=\"true\" class=\"wp-block-spacer\"><\/div>\n\n\n\n<div class=\"wp-block-uagb-container uagb-block-d35fd1cd alignfull uagb-is-root-container\">\n<div class=\"wp-block-cover is-light has-parallax\"><div class=\"wp-block-cover__image-background wp-image-10590 has-parallax\" style=\"background-position:50% 50%;background-image:url(https:\/\/bassin-arcachon.com\/wp-content\/uploads\/2017\/10\/marche-arcachon-SIBA-agence-les-conteurs-62.jpg)\"><\/div><span aria-hidden=\"true\" class=\"wp-block-cover__background has-background-dim-0 has-background-dim\" style=\"background-color:#9c9188\"><\/span><div class=\"wp-block-cover__inner-container is-layout-flow wp-block-cover-is-layout-flow\">\n<h2 class=\"wp-block-heading has-text-align-center has-white-color has-text-color has-background has-large-font-size\" style=\"background-color:#000000b3\">\u00a1A\u00f1ade al paseo un plato de ostras y un vaso de vino al atardecer para disfrutar de un d\u00eda perfecto!<\/h2>\n<\/div><\/div>\n<\/div>\n\n\n\n<div style=\"height:60px\" aria-hidden=\"true\" class=\"wp-block-spacer\"><\/div>\n\n\n\n<div class=\"wp-block-uagb-container uagb-block-635d3a02 alignfull uagb-is-root-container\"><div class=\"uagb-container-inner-blocks-wrap\">\n<div class=\"wp-block-uagb-container uagb-block-e5327ff8\">\n<h2 class=\"wp-block-heading\">Traves\u00eda en transbordador mar\u00edtimo<\/h2>\n\n\n\n<p>\u00bfPor qu\u00e9 no dejas el coche aparcado durante las vacaciones? Adi\u00f3s a los atascos al volver de la playa. \u00a1Aqu\u00ed nos desplazamos en barco! Los numerosos&nbsp;<a href=\"http:\/\/www.bateliers-arcachon.com\/navettes_uba.php\" target=\"_blank\" rel=\"noreferrer noopener\">transbordadores de la UBA<\/a> te permiten cruzar la bah\u00eda de Arcach\u00f3n en solo 30 minutos. Y quienes quieran explorar la bah\u00eda pueden llevarse la bicicleta en ciertos transbordadores.<\/p>\n<\/div>\n\n\n\n<div class=\"wp-block-uagb-container uagb-block-9fac70c6\">\n<div class=\"wp-block-uagb-image uagb-block-c8de04e5 wp-block-uagb-image--layout-default wp-block-uagb-image--effect-static wp-block-uagb-image--align-none\"><figure class=\"wp-block-uagb-image__figure\"><img decoding=\"async\" srcset=\"https:\/\/bassin-arcachon.com\/wp-content\/uploads\/2018\/03\/Bassin-darcachon-O\u0308-vC\u0327lo-photo-de-une-e1548077239725.jpg 1000w, https:\/\/bassin-arcachon.com\/wp-content\/uploads\/2018\/03\/Bassin-darcachon-O\u0308-vC\u0327lo-photo-de-une-e1548077239725-600x400.jpg 600w, https:\/\/bassin-arcachon.com\/wp-content\/uploads\/2018\/03\/Bassin-darcachon-O\u0308-vC\u0327lo-photo-de-une-e1548077239725-768x512.jpg 768w, https:\/\/bassin-arcachon.com\/wp-content\/uploads\/2018\/03\/Bassin-darcachon-O\u0308-vC\u0327lo-photo-de-une-e1548077239725-18x12.jpg 18w\" sizes=\"auto, (max-width: 480px) 150px\" src=\"https:\/\/bassin-arcachon.com\/wp-content\/uploads\/2018\/03\/Bassin-darcachon-\u00d6-v\u00c7lo-photo-de-une-e1548077239725.jpg\" alt=\"- - Bassin d&#039;Arcachon\" class=\"uag-image-20075\" width=\"1000\" height=\"667\" title=\"Ciclismo en el Bassin d&#039;Arcachon\" loading=\"lazy\" role=\"img\"><\/figure><\/div>\n<\/div>\n<\/div><\/div>\n\n\n\n<div style=\"height:60px\" aria-hidden=\"true\" class=\"wp-block-spacer\"><\/div>\n\n\n\n<div class=\"wp-block-uagb-container uagb-block-bb0fbd8b alignfull uagb-is-root-container\"><div class=\"uagb-container-inner-blocks-wrap\">\n<div class=\"wp-block-uagb-container uagb-block-e41d4666\">\n<div class=\"wp-block-uagb-image uagb-block-2419abb4 wp-block-uagb-image--layout-default wp-block-uagb-image--effect-static wp-block-uagb-image--align-none\"><figure class=\"wp-block-uagb-image__figure\"><img decoding=\"async\" srcset=\"https:\/\/bassin-arcachon.com\/wp-content\/uploads\/2017\/02\/bateau-baleine-1024x683.jpg ,https:\/\/bassin-arcachon.com\/wp-content\/uploads\/2017\/02\/bateau-baleine.jpg 780w, https:\/\/bassin-arcachon.com\/wp-content\/uploads\/2017\/02\/bateau-baleine.jpg 360w\" sizes=\"auto, (max-width: 480px) 150px\" src=\"https:\/\/bassin-arcachon.com\/wp-content\/uploads\/2017\/02\/bateau-baleine-1024x683.jpg\" alt=\"- - Bassin d&#039;Arcachon\" class=\"uag-image-7318\" width=\"1024\" height=\"683\" title=\"Uni\u00f3n de barqueros de Arcachon\" loading=\"lazy\" role=\"img\"><\/figure><\/div>\n<\/div>\n\n\n\n<div class=\"wp-block-uagb-container uagb-block-10e55bfa\">\n<h2 class=\"wp-block-heading\">Excursiones en barco<\/h2>\n\n\n\n<p>Sube a una&nbsp;<a href=\"https:\/\/bassin-arcachon.com\/es\/que-hacer\/sur-leau\/\" target=\"_blank\" rel=\"noreferrer noopener\">embarcaci\u00f3n<\/a>&nbsp;para recorrer toda la bah\u00eda hasta las puertas del oc\u00e9ano.<\/p>\n\n\n\n<p>Suelta amarras para visitar los lugares imprescindibles de la bah\u00eda de Arcach\u00f3n.<\/p>\n\n\n\n<p>La Isla de los P\u00e1jaros, las caba\u00f1as sobre pilotes, el banco de Arguin,&nbsp;<a href=\"https:\/\/bassin-arcachon.com\/es\/nuestros-elementos-esenciales\/la-duna-de-pilat\/\">la duna de Pilat,<\/a>, la pen\u00ednsula de&nbsp;<a href=\"https:\/\/bassin-arcachon.com\/es\/nuestros-pueblos-y-aldeas\/huron-de-gorra-lege\/\">L\u00e8ge-Cap Ferret<\/a>&nbsp;y el Delta de Leyre\u2026<\/p>\n\n\n\n<p>\u00a1Son paisajes que no olvidar\u00e1s!<\/p>\n<\/div>\n<\/div><\/div>\n\n\n\n<div style=\"height:60px\" aria-hidden=\"true\" class=\"wp-block-spacer\"><\/div>\n\n\n\n<div class=\"wp-block-uagb-container uagb-block-cf7ff275 alignfull uagb-is-root-container\"><div class=\"uagb-container-inner-blocks-wrap\">\n<div class=\"wp-block-uagb-container uagb-block-a9ae4491\">\n<h2 class=\"wp-block-heading\">Alquilar un barco\u2026<\/h2>\n\n\n\n<p>\u00bfTe apetece navegar por tu cuenta?<\/p>\n\n\n\n<p>Tranquilo : es perfectamente posible<a href=\"https:\/\/bassin-arcachon.com\/es\/moverse-por-la-piscina\/alquiler-de-barcos\/\">&nbsp;aquilar un velero<\/a>&nbsp;una pinaza grande o peque\u00f1a o un barco el\u00e9ctrico o con motor y con o sin necesidad de licencia.<\/p>\n\n\n\n<p>\u00bfPrefieres relajarte en el barco y disfrutar plenamente de las vacaciones?<\/p>\n\n\n\n<p>\u00a1Es hora de alquilar un barco y dejarse mecer por el suave oleaje de la bah\u00eda!<\/p>\n<\/div>\n\n\n\n<div class=\"wp-block-uagb-container uagb-block-6cd0e109\">\n<div class=\"wp-block-uagb-image uagb-block-937afa64 wp-block-uagb-image--layout-default wp-block-uagb-image--effect-static wp-block-uagb-image--align-none\"><figure class=\"wp-block-uagb-image__figure\"><img decoding=\"async\" srcset=\"https:\/\/bassin-arcachon.com\/wp-content\/uploads\/2018\/04\/Port-de-La-Teste-de-Buch-1024x683.jpg ,https:\/\/bassin-arcachon.com\/wp-content\/uploads\/2018\/04\/Port-de-La-Teste-de-Buch.jpg 780w, https:\/\/bassin-arcachon.com\/wp-content\/uploads\/2018\/04\/Port-de-La-Teste-de-Buch.jpg 360w\" sizes=\"auto, (max-width: 480px) 150px\" src=\"https:\/\/bassin-arcachon.com\/wp-content\/uploads\/2018\/04\/Port-de-La-Teste-de-Buch-1024x683.jpg\" alt=\"- - Bassin d&#039;Arcachon\" class=\"uag-image-20094\" width=\"1024\" height=\"683\" title=\"Puerto de La Teste de Buch\" loading=\"lazy\" role=\"img\"><\/figure><\/div>\n<\/div>\n<\/div><\/div>\n\n\n\n<div style=\"height:60px\" aria-hidden=\"true\" class=\"wp-block-spacer\"><\/div>\n\n\n\n<div class=\"wp-block-uagb-container uagb-block-69b13abb alignfull uagb-is-root-container\"><div class=\"uagb-container-inner-blocks-wrap\">\n<figure class=\"wp-block-embed is-type-video is-provider-vimeo wp-block-embed-vimeo wp-embed-aspect-16-9 wp-has-aspect-ratio\"><div class=\"wp-block-embed__wrapper\">\n<iframe loading=\"lazy\" title=\"Paseo en barco en el Bassin d&#039;Arcachon en 30s\" src=\"https:\/\/player.vimeo.com\/video\/155824686?dnt=1&amp;app_id=122963\" width=\"500\" height=\"281\" frameborder=\"0\" allow=\"autoplay; fullscreen; picture-in-picture; clipboard-write; encrypted-media\"><\/iframe>\n<\/div><\/figure>\n<\/div><\/div>\n\n\n\n<div style=\"height:60px\" aria-hidden=\"true\" class=\"wp-block-spacer\"><\/div>","protected":false},"excerpt":{"rendered":"<p>Pinasse, pinassotte, voilier, catamaran\u2026 Et si vous partiez sur l\u2019eau le temps d\u2019une balade sur le Bassin ? Embarquez \u00e0 bord d\u2019un bateau pour sillonner les parcs \u00e0 hu\u00eetres, longer [&hellip;]<\/p>\n","protected":false},"author":25,"featured_media":949,"parent":27,"menu_order":0,"comment_status":"closed","ping_status":"closed","template":"","meta":{"_acf_changed":false,"_uag_custom_page_level_css":"","footnotes":""},"class_list":["post-147","page","type-page","status-publish","has-post-thumbnail","hentry"],"acf":[],"uagb_featured_image_src":{"full":["https:\/\/bassin-arcachon.com\/wp-content\/uploads\/2017\/02\/balade-en-bateau.jpg",1200,600,false],"thumbnail":["https:\/\/bassin-arcachon.com\/wp-content\/uploads\/2017\/02\/balade-en-bateau-150x150.jpg",150,150,true],"medium":["https:\/\/bassin-arcachon.com\/wp-content\/uploads\/2017\/02\/balade-en-bateau-600x300.jpg",600,300,true],"medium_large":["https:\/\/bassin-arcachon.com\/wp-content\/uploads\/2017\/02\/balade-en-bateau-768x384.jpg",768,384,true],"large":["https:\/\/bassin-arcachon.com\/wp-content\/uploads\/2017\/02\/balade-en-bateau-1024x512.jpg",1024,512,true],"1536x1536":["https:\/\/bassin-arcachon.com\/wp-content\/uploads\/2017\/02\/balade-en-bateau.jpg",1200,600,false],"2048x2048":["https:\/\/bassin-arcachon.com\/wp-content\/uploads\/2017\/02\/balade-en-bateau.jpg",1200,600,false],"trp-custom-language-flag":["https:\/\/bassin-arcachon.com\/wp-content\/uploads\/2017\/02\/balade-en-bateau-18x9.jpg",18,9,true]},"uagb_author_info":{"display_name":"Marie Clauzel","author_link":"https:\/\/bassin-arcachon.com\/es\/author\/mariesiba\/"},"uagb_comment_info":0,"uagb_excerpt":"Pinasse, pinassotte, voilier, catamaran\u2026 Et si vous partiez sur l\u2019eau le temps d\u2019une balade sur le Bassin ? Embarquez \u00e0 bord d\u2019un bateau pour sillonner les parcs \u00e0 hu\u00eetres, longer [&hellip;]","_links":{"self":[{"href":"https:\/\/bassin-arcachon.com\/es\/wp-json\/wp\/v2\/pages\/147","targetHints":{"allow":["GET"]}}],"collection":[{"href":"https:\/\/bassin-arcachon.com\/es\/wp-json\/wp\/v2\/pages"}],"about":[{"href":"https:\/\/bassin-arcachon.com\/es\/wp-json\/wp\/v2\/types\/page"}],"author":[{"embeddable":true,"href":"https:\/\/bassin-arcachon.com\/es\/wp-json\/wp\/v2\/users\/25"}],"replies":[{"embeddable":true,"href":"https:\/\/bassin-arcachon.com\/es\/wp-json\/wp\/v2\/comments?post=147"}],"version-history":[{"count":3,"href":"https:\/\/bassin-arcachon.com\/es\/wp-json\/wp\/v2\/pages\/147\/revisions"}],"predecessor-version":[{"id":159869,"href":"https:\/\/bassin-arcachon.com\/es\/wp-json\/wp\/v2\/pages\/147\/revisions\/159869"}],"up":[{"embeddable":true,"href":"https:\/\/bassin-arcachon.com\/es\/wp-json\/wp\/v2\/pages\/27"}],"wp:featuredmedia":[{"embeddable":true,"href":"https:\/\/bassin-arcachon.com\/es\/wp-json\/wp\/v2\/media\/949"}],"wp:attachment":[{"href":"https:\/\/bassin-arcachon.com\/es\/wp-json\/wp\/v2\/media?parent=147"}],"curies":[{"name":"wp","href":"https:\/\/api.w.org\/{rel}","templated":true}]}}