{"id":197521,"date":"2025-11-25T16:37:49","date_gmt":"2025-11-25T15:37:49","guid":{"rendered":"https:\/\/bassin-arcachon.com\/?page_id=197521"},"modified":"2026-05-11T11:49:28","modified_gmt":"2026-05-11T09:49:28","slug":"preguntas-frecuentes-sobre-la-cuenca-de-arcachon","status":"publish","type":"page","link":"https:\/\/bassin-arcachon.com\/es\/faq-bassin-arcachon\/","title":{"rendered":"Preguntas frecuentes: prepare su estancia en el Bassin de Arcachon"},"content":{"rendered":"<div class=\"wp-block-uagb-container uagb-block-853d2159 alignfull uagb-is-root-container\"><div class=\"uagb-container-inner-blocks-wrap\">\n<p>Aqu\u00ed encontrar\u00e1 nuestras preguntas frecuentes y las respuestas a las preguntas m\u00e1s habituales para organizar <strong>su estancia en el Bassin de Arcachon<\/strong> : playas, mareas, Duna de Pilat, actividades en la naturaleza, degustaciones de ostras, alojamientos y actividades que no te puedes perder.<\/p>\n<\/div><\/div>\n\n\n\n<div class=\"wp-block-uagb-container uagb-block-46c08ac1 alignfull uagb-is-root-container\"><div class=\"uagb-container-inner-blocks-wrap\">\n<h2 class=\"wp-block-heading\">1. \u00bfCu\u00e1l es la mejor \u00e9poca para visitar el Bassin de Arcachon?<br><\/h2>\n<\/div><\/div>\n\n\n\n<div class=\"wp-block-uagb-container uagb-block-7fcd8e80 alignfull uagb-is-root-container\"><div class=\"uagb-container-inner-blocks-wrap\">\n<p>Se puede visitar el Bassin de Arcachon <strong>todo el a\u00f1o<\/strong>, pero la mejor \u00e9poca depende de tus preferencias:<\/p>\n\n\n\n<ul class=\"wp-block-list\">\n<li><strong>Primavera (abril-junio)<\/strong> : clima suave, naturaleza en flor, menos gente en las playas y los senderos.<\/li>\n\n\n\n<li><strong>Verano (julio-agosto)<\/strong> : ambiente animado, ba\u00f1o, actividades n\u00e1uticas, veladas festivas.<\/li>\n\n\n\n<li><strong>Oto\u00f1o (septiembre-octubre)<\/strong> : agua a\u00fan agradable, luz suave, ideal para el senderismo, el ciclismo y la gastronom\u00eda.<\/li>\n\n\n\n<li><strong>Invierno<\/strong> : ambiente relajante, largos paseos, observaci\u00f3n de la naturaleza y estancias acogedoras.<\/li>\n<\/ul>\n\n\n\n<p>Para ayudarle a elegir, tambi\u00e9n puede encontrar <strong>nuestras inspiraciones por temporada<\/strong> !<\/p>\n<\/div><\/div>\n\n\n\n<div class=\"wp-block-uagb-container uagb-block-4e19e7a4 alignfull uagb-is-root-container\"><div class=\"uagb-container-inner-blocks-wrap\">\n<h2 class=\"wp-block-heading\">2. \u00bfD\u00f3nde ba\u00f1arse en el Bassin de Arcachon?<br><\/h2>\n<\/div><\/div>\n\n\n\n<div class=\"wp-block-uagb-container uagb-block-2b2f35e5 alignfull uagb-is-root-container\"><div class=\"uagb-container-inner-blocks-wrap\">\n<p>El Bassin ofrece una gran variedad de playas, tanto en el lado del Bassin como en el lado del oc\u00e9ano. Entre los lugares m\u00e1s populares para ba\u00f1arse se encuentran:<\/p>\n\n\n\n<ul class=\"wp-block-list\">\n<li><strong>Al sur de la carretera Bassin de Arcachon<\/strong> : las playas de Pereire, Moulleau y del centro de Arcachon, las de Pyla en La Teste de Buch, o la de La Hume en Gujan Mestras, entre muchas otras. Todas ellas <strong><a href=\"https:\/\/www.pigma.org\/public\/visualiseur\/donneesplages\/?x=23811&amp;y=5551522&amp;z=8&amp;l=plage&amp;lb=positron&amp;config=apps%2Fdonneesplages%2Fdonneesplages_prefecture.xml&amp;mode=d\" target=\"_blank\" rel=\"noopener\">Las playas vigiladas se pueden encontrar aqu\u00ed. <\/a><\/strong>.<\/li>\n\n\n\n<li><strong>En el coraz\u00f3n del Bassin de Arcachon:<\/strong> la playa de Certes en Audenge o las playas de Cassy y Suzette en Lanton. Todas <strong><a href=\"https:\/\/www.pigma.org\/public\/visualiseur\/donneesplages\/?x=23811&amp;y=5551522&amp;z=8&amp;l=plage&amp;lb=positron&amp;config=apps%2Fdonneesplages%2Fdonneesplages_prefecture.xml&amp;mode=d\" target=\"_blank\" rel=\"noopener\">Las playas vigiladas se pueden encontrar aqu\u00ed. <\/a><\/strong>.<\/li>\n\n\n\n<li><strong>Al norte de la Bassin de Arcachon:<\/strong> las de Andernos-les-Bains, Ar\u00e8s y L\u00e8ge-Cap Ferret y sus playas familiares. Todas <strong><a href=\"https:\/\/www.pigma.org\/public\/visualiseur\/donneesplages\/?x=23811&amp;y=5551522&amp;z=8&amp;l=plage&amp;lb=positron&amp;config=apps%2Fdonneesplages%2Fdonneesplages_prefecture.xml&amp;mode=d\" target=\"_blank\" rel=\"noopener\">Las playas vigiladas se pueden encontrar aqu\u00ed. <\/a><\/strong>.<\/li>\n\n\n\n<li><strong>Lado del oc\u00e9ano: <\/strong>en las playas oce\u00e1nicas de La Teste de Buch (Petit-Nice, Lagune, Salie Nord) y L\u00e8ge-Cap Ferret (Le Grand Crohot)<\/li>\n\n\n\n<li><strong>Los lagos y embalses artificiales:<\/strong> El lago de Cazaux, las cuatro piscinas naturales acondicionadas en Teich, Audenge, Lanton y Ar\u00e8s, en el paraje natural de St Brice. <\/li>\n<\/ul>\n\n\n\n<p>Descubra aqu\u00ed una selecci\u00f3n de las playas m\u00e1s bonitas:<br><a href=\"https:\/\/bassin-arcachon.com\/es\/nuestros-elementos-esenciales\/las-playas\/?utm_source=chatgpt.com\">https:\/\/bassin-arcachon.com\/nos-incontournables\/les-plages<\/a>\/<\/p>\n<\/div><\/div>\n\n\n\n<div class=\"wp-block-uagb-container uagb-block-3f3d13dd alignfull uagb-is-root-container\"><div class=\"uagb-container-inner-blocks-wrap\">\n<h2 class=\"wp-block-heading\">3. \u00bfC\u00f3mo llegar a la Duna de Pilat?<\/h2>\n<\/div><\/div>\n\n\n\n<div class=\"wp-block-uagb-container uagb-block-0e103258 alignfull uagb-is-root-container\"><div class=\"uagb-container-inner-blocks-wrap\">\n<div class=\"wp-block-uagb-container uagb-block-455d4c07\">\n<p>La Duna de Pilat es uno de los lugares emblem\u00e1ticos del Bassin de Arcachon. Se puede acceder a ella:<\/p>\n\n\n\n<ul class=\"wp-block-list\">\n<li><strong>En coche<\/strong> : desde Burdeos, tome la autopista A630 y luego la A660 hacia la salida Bassin de Arcachon \/ Biscarrosse, salida D259 en direcci\u00f3n a Dune du Pilat \/ Biscarrosse. Dir\u00edjase al espacio de acogida de la Duna (que dispone de un aparcamiento).<\/li>\n\n\n\n<li><strong>En bus<\/strong> : <strong><a href=\"https:\/\/www.bus-baia.fr\/pdf\/l3.pdf\" target=\"_blank\" rel=\"noreferrer noopener\">L\u00ednea 3<\/a><\/strong>&nbsp;en direcci\u00f3n a la playa de la Salie, b\u00e1jese en la parada Dune du Pilat (25 min) (todo el a\u00f1o excepto domingos y festivos). En <strong>julio\/agosto<\/strong>, all\u00e1<strong> l\u00ednea <a href=\"https:\/\/www.bus-baia.fr\/horaires-et-lignes.html\" target=\"_blank\" rel=\"noopener\">101 Express<\/a><\/strong> le permite llegar a la Duna desde la estaci\u00f3n de Arcachon o el mercado de La Teste de Buch.<\/li>\n\n\n\n<li><strong>En bicicleta<\/strong> : una opci\u00f3n muy bonita tomando los carriles bici que conectan Arcachon con la Duna. <strong><a href=\"https:\/\/bassin-arcachon.com\/es\/bahia-en-bicicleta\/\" target=\"_blank\" rel=\"noreferrer noopener\">Todas las rutas y itinerarios se pueden encontrar aqu\u00ed.<\/a><\/strong><\/li>\n\n\n\n<li><strong>Consejo pr\u00e1ctico: l<\/strong>\u2019El acceso a la Duna de Pilat sigue siendo gratuito si se acude a pie, en bicicleta o en autob\u00fas Ba\u00efa (1 \u20ac por trayecto). Aparcamiento de pago para veh\u00edculos motorizados: 7 \u20ac por veh\u00edculo durante 4 horas (contribuci\u00f3n a la conservaci\u00f3n del lugar protegido).<strong>.&nbsp;<\/strong><\/li>\n<\/ul>\n\n\n\n<p>Toda la informaci\u00f3n pr\u00e1ctica (acceso, aparcamientos, consejos para la visita) est\u00e1 disponible aqu\u00ed:<br><a href=\"https:\/\/bassin-arcachon.com\/es\/nuestros-elementos-esenciales\/la-duna-de-pilat\/?utm_source=chatgpt.com\">https:\/\/bassin-arcachon.com\/nos-incontournables\/la-dune-du-pilat\/<\/a> <\/p>\n<\/div>\n<\/div><\/div>\n\n\n\n<div class=\"wp-block-uagb-container uagb-block-ffee8adc alignfull uagb-is-root-container\"><div class=\"uagb-container-inner-blocks-wrap\">\n<h2 class=\"wp-block-heading\">4. \u00bfCu\u00e1les son las actividades imprescindibles en torno al Bassin de Arcachon?<\/h2>\n<\/div><\/div>\n\n\n\n<div class=\"wp-block-uagb-container uagb-block-e3ebafe1 alignfull uagb-is-root-container\"><div class=\"uagb-container-inner-blocks-wrap\">\n<p>Entre las experiencias que no hay que perderse:<\/p>\n\n\n\n<ul class=\"wp-block-list\">\n<li><strong>Escalar la Duna de Pilat<\/strong> y admirar las vistas del oc\u00e9ano, el Banco de Arguin y el bosque de pinos. Informaci\u00f3n: <a href=\"https:\/\/bassin-arcachon.com\/es\/nuestros-elementos-esenciales\/\" target=\"_blank\" rel=\"noreferrer noopener\">https:\/\/bassin-arcachon.com\/nos-incontournables\/la-dune-du-pilat\/<\/a><\/li>\n\n\n\n<li><strong>Viajar en barco a la Isla de los P\u00e1jaros y las caba\u00f1as sobre pilotes<\/strong>, aut\u00e9nticos iconos del Bassin.<br>Informaci\u00f3n: <a href=\"https:\/\/bassin-arcachon.com\/es\/nuestros-elementos-esenciales\/las-cabanas-tchanquee\/\">https:\/\/bassin-arcachon.com\/nos-incontournables\/les-cabanes-tchanquees\/<\/a><\/li>\n\n\n\n<li><strong>Explorar los pueblos y puertos ostr\u00edcolas<\/strong> : caba\u00f1as de colores, degustaci\u00f3n de ostras, ambiente aut\u00e9ntico.<br>Informaci\u00f3n: <a href=\"https:\/\/bassin-arcachon.com\/es\/nuestros-elementos-esenciales\/pueblos-y-puertos-ostricultores\/\">https:\/\/bassin-arcachon.com\/nos-incontournables\/les-villages-et-ports-ostreicoles\/<\/a> <\/li>\n\n\n\n<li><strong>Descubrir el Bassin en bicicleta<\/strong> por las numerosas pistas ciclables.<br>Informaci\u00f3n: <a href=\"https:\/\/bassin-arcachon.com\/es\/bahia-en-bicicleta\/\">https:\/\/bassin-arcachon.com\/bassin-a-velo\/<\/a> <\/li>\n\n\n\n<li><strong>Pasear por la Ciudad de Invierno de Arcachon: <\/strong>en el coraz\u00f3n de las villas m\u00e1s bellas del siglo XIX. Ideal para descubrir a pie: <a href=\"https:\/\/bassin-arcachon.com\/es\/nuestros-elementos-esenciales\/la-ciudad-de-invierno\/\">https:\/\/bassin-arcachon.com\/nos-incontournables\/la-ville-dhiver\/<\/a><\/li>\n\n\n\n<li><strong>Hacer senderismo<\/strong> siguiendo la costa o dando la vuelta al Bassin a pie:<br><a href=\"https:\/\/bassin-arcachon.com\/es\/alrededor-de-la-cuenca-de-arcachon-a-pie\/\">https:\/\/bassin-arcachon.com\/le-tour-du-bassin-darcachon-a-pied\/<\/a> <\/li>\n\n\n\n<li><strong>La Pointe y el faro de Cap Ferret:<\/strong> Desde las alturas del faro de Cap Ferret o desde la Pointe, podr\u00e1 admirar las vistas panor\u00e1micas m\u00e1s hermosas del Bassin de Arcachon. <a href=\"https:\/\/bassin-arcachon.com\/es\/nuestros-elementos-esenciales\/el-faro-y-la-punta-de-cap-ferret\/\">https:\/\/bassin-arcachon.com\/nos-incontournables\/le-phare-et-pointe-du-cap-ferret\/ <\/a><\/li>\n<\/ul>\n\n\n\n<p>Para obtener una visi\u00f3n general de lo \u00abimprescindible\u00bb:<br><a href=\"https:\/\/bassin-arcachon.com\/es\/nuestros-elementos-esenciales\/?utm_source=chatgpt.com\">https:\/\/bassin-arcachon.com\/nos-incontournables\/<\/a><\/p>\n<\/div><\/div>\n\n\n\n<div class=\"wp-block-uagb-container uagb-block-ea79b6a4 alignfull uagb-is-root-container\"><div class=\"uagb-container-inner-blocks-wrap\">\n<h2 class=\"wp-block-heading\">5. \u00bfD\u00f3nde comer ostras en el Bassin de Arcachon?<\/h2>\n<\/div><\/div>\n\n\n\n<div class=\"wp-block-uagb-container uagb-block-3201f544 alignfull uagb-is-root-container\"><div class=\"uagb-container-inner-blocks-wrap\">\n<p>Las ostras forman parte integrante de la identidad del Bassin. Se degustan muy cerca de los criaderos de ostras, en las caba\u00f1as ostr\u00edcolas de nuestros pueblos y puertos ostr\u00edcolas:<\/p>\n\n\n\n<ul class=\"wp-block-list\">\n<li>El puerto ostr\u00edcola <strong>de La Teste-de-Buch<\/strong><\/li>\n\n\n\n<li>Los 7 puertos de <strong>Gujan-Mestras<\/strong> (ciudad de los 7 puertos) <\/li>\n\n\n\n<li>Los puertos y pueblos del <strong>El Coraz\u00f3n de la bah\u00eda<\/strong> (Biganos, Audenge, Lanton\u2026). <\/li>\n\n\n\n<li>Las caba\u00f1as y el puerto ostr\u00edcola de\u2019<strong>Andernos les Bains<\/strong>. <\/li>\n\n\n\n<li><strong>El ovnipuerto <\/strong>de Ar\u00e8s <\/li>\n\n\n\n<li>Los pueblos ostr\u00edcolas de <strong>L\u00e8ge-Cap Ferret<\/strong>, como l'Herbe o Le Canon. <\/li>\n<\/ul>\n\n\n\n<p>Para saber m\u00e1s sobre los pueblos y puertos ostr\u00edcolas:<br><a href=\"https:\/\/bassin-arcachon.com\/es\/nuestros-elementos-esenciales\/pueblos-y-puertos-ostricultores\/?utm_source=chatgpt.com\">https:\/\/bassin-arcachon.com\/nos-incontournables\/les-villages-et-ports-ostreicoles\/<\/a><\/p>\n<\/div><\/div>\n\n\n\n<div class=\"wp-block-uagb-container uagb-block-742bb82e alignfull uagb-is-root-container\"><div class=\"uagb-container-inner-blocks-wrap\">\n<h2 class=\"wp-block-heading\">6. \u00bfC\u00f3mo desplazarse por el Bassin de Arcachon?<\/h2>\n<\/div><\/div>\n\n\n\n<div class=\"wp-block-uagb-container uagb-block-9269ef56 alignfull uagb-is-root-container\"><div class=\"uagb-container-inner-blocks-wrap\">\n<p>Puede desplazarse muy f\u00e1cilmente por el Bassin:<\/p>\n\n\n\n<ul class=\"wp-block-list\">\n<li><strong>En bicicleta<\/strong> : cerca de 315 km de carriles bici y circuitos para dejar el coche y disfrutar del paisaje. <\/li>\n\n\n\n<li><strong>En barco<\/strong> : transbordadores mar\u00edtimos y excursiones para conectar, por ejemplo, Arcachon y Cap Ferret.<\/li>\n\n\n\n<li><strong>En bus<\/strong> : varias redes de transporte dan servicio a los municipios del Bassin. <a href=\"https:\/\/www.bus-baia.fr\/\" target=\"_blank\" rel=\"noopener\">Ba\u00efa<\/a> sur le sud du Bassin (Arcachon, La Teste-de-Buch, Gujan Mestras, Le Teich) et <a href=\"https:\/\/www.alego-mobilite.fr\/\" target=\"_blank\" rel=\"noopener\">Al\u00e9go<\/a> al norte del Bassin (Biganos, Audenge, Mios, Marcheprime, Lanton, Andernos, Ar\u00e8s y L\u00e8ge-Cap Ferret)<\/li>\n\n\n\n<li><strong>En tren:<\/strong> il y a 7 gares sur le Bassin d&rsquo;Arcachon \u00e0 savoir celle d&rsquo;Arcachon, de La Teste-de-Buch, de Gujan Mestras, de la Hume, du Teich, de Biganos et de Marcheprime. Elles permettent pas de parcourir le territoire dans sa totalit\u00e9, mais permettent une visite d&rsquo;une moiti\u00e9 du territoire.<\/li>\n<\/ul>\n\n\n\n<p>Una p\u00e1gina pr\u00e1ctica re\u00fane toda la informaci\u00f3n sobre movilidad:<br><a href=\"https:\/\/bassin-arcachon.com\/es\/moverse-por-la-piscina\/?utm_source=chatgpt.com\">https:\/\/bassin-arcachon.com\/se-deplacer-sur-le-bassin\/<\/a><\/p>\n<\/div><\/div>\n\n\n\n<div class=\"wp-block-uagb-container uagb-block-3c83c9c3 alignfull uagb-is-root-container\"><div class=\"uagb-container-inner-blocks-wrap\">\n<h2 class=\"wp-block-heading\">7. \u00bfC\u00f3mo funcionan las mareas en el Bassin de Arcachon?<\/h2>\n<\/div><\/div>\n\n\n\n<div class=\"wp-block-uagb-container uagb-block-81f3ef2d alignfull uagb-is-root-container\"><div class=\"uagb-container-inner-blocks-wrap\">\n<p>El fen\u00f3meno de las mareas es el resultado de <strong>de dos fuerzas\u00a0<\/strong>: por un lado, <strong>la fuerza gravitatoria de la Luna y del Sol sobre la Tierra <\/strong>lo que provoca una deformaci\u00f3n no solo de los oc\u00e9anos, sino tambi\u00e9n de la corteza terrestre, y por otro lado, <strong>la fuerza centr\u00edfuga (fuerza de Coriolis) relacionada con la rotaci\u00f3n de la Tierra sobre s\u00ed misma.<\/strong><\/p>\n\n\n\n<p>Estas fuerzas combinadas tienen el efecto de crear una ola de marea que se observa mediante un movimiento de oscilaci\u00f3n diaria del nivel del mar., <strong>ya sean movimientos c\u00edclicos de flujo (marea creciente) y reflujo (marea menguante)<\/strong>. Fuertes en los equinoccios y d\u00e9biles en los solsticios, las mareas var\u00edan seg\u00fan <strong>la posici\u00f3n de la Luna y del Sol con respecto al eje de la Tierra, definido por el Ecuador.<\/strong> Mas informaci\u00f3n : <a href=\"https:\/\/www.cieau.com\/comprendre-le-phenomene-des-marees\/ \" target=\"_blank\" rel=\"noopener\">https:\/\/www.cieau.com\/comprendre-le-phenomene-des-marees\/ <\/a><\/p>\n\n\n\n<p>Antes de programar una actividad n\u00e1utica, un paseo en barco o una exploraci\u00f3n de la zona intermareal, consulte los horarios de las mareas actualizados cada a\u00f1o por el SHOM y disponibles aqu\u00ed:<br><a href=\"https:\/\/bassin-arcachon.com\/es\/tiempos-de-marea\/\">https:\/\/bassin-arcachon.com\/horaires-des-marees\/<\/a><\/p>\n<\/div><\/div>\n\n\n\n<div class=\"wp-block-uagb-container uagb-block-3f6bd278 alignfull uagb-is-root-container\"><div class=\"uagb-container-inner-blocks-wrap\">\n<h2 class=\"wp-block-heading\">8. \u00bfQu\u00e9 tipos de alojamientos hay en el Bassin de Arcachon?<\/h2>\n<\/div><\/div>\n\n\n\n<div class=\"wp-block-uagb-container uagb-block-cb7652f5 alignfull uagb-is-root-container\"><div class=\"uagb-container-inner-blocks-wrap\">\n<p>La oferta de alojamiento es muy variada y se adapta a todos los estilos de vacaciones:<\/p>\n\n\n\n<ul class=\"wp-block-list\">\n<li><strong>Hoteles<\/strong> : desde peque\u00f1os establecimientos con encanto hasta hoteles con piscina: <a href=\"https:\/\/bassin-arcachon.com\/es\/alojamiento-2\/hoteles\/\">https:\/\/bassin-arcachon.com\/hebergements\/hotels\/<\/a><\/li>\n\n\n\n<li><strong>Campings<\/strong> : desde el camping familiar a dos pasos de la playa hasta el sitio m\u00e1s natural : <a href=\"https:\/\/bassin-arcachon.com\/es\/alojamiento-2\/campings\/\">https:\/\/bassin-arcachon.com\/hebergements\/campings\/<\/a><\/li>\n\n\n\n<li><strong>Alquiler vacacional<\/strong> : apartamentos, casas, villas, a veces con vistas Bassin : <a href=\"https:\/\/bassin-arcachon.com\/es\/alojamiento-2\/alquileres-vacacionales\/\">https:\/\/bassin-arcachon.com\/hebergements\/locations-de-vacances<\/a><\/li>\n\n\n\n<li><strong>Habitaciones en casas particulares<\/strong> : direcciones acogedoras, a menudo con una bienvenida personalizada: <a href=\"https:\/\/bassin-arcachon.com\/es\/alojamiento-2\/habitaciones-de-invitados-2\/\">https:\/\/bassin-arcachon.com\/hebergements\/chambres-dhotes<\/a><\/li>\n<\/ul>\n\n\n\n<p>Para buscar alojamiento en toda la zona Bassin:<br><a href=\"https:\/\/bassin-arcachon.com\/es\/alojamiento-2\/\">https:\/\/bassin-arcachon.com\/hebergements\/<\/a><\/p>\n<\/div><\/div>\n\n\n\n<div class=\"wp-block-uagb-container uagb-block-fd1eb808 alignfull uagb-is-root-container\"><div class=\"uagb-container-inner-blocks-wrap\">\n<h2 class=\"wp-block-heading\">9. \u00bfQu\u00e9 ciudades visitar en los alrededores del Bassin de Arcachon?<br><\/h2>\n<\/div><\/div>\n\n\n\n<div class=\"wp-block-uagb-container uagb-block-e54ee13c alignfull uagb-is-root-container\"><div class=\"uagb-container-inner-blocks-wrap\">\n<p>Varios municipios componen el destino Bassin de Arcachon, cada uno con su propio ambiente:<\/p>\n\n\n\n<ul class=\"wp-block-list\">\n<li><strong>Arcachon<\/strong> : playa, muelles, Ville d\u2019Hiver, barrio de Moulleau y Pereire: <a href=\"https:\/\/bassin-arcachon.com\/es\/nuestros-pueblos-y-aldeas\/arcachon\/\">https:\/\/bassin-arcachon.com\/nos-villes-et-villages\/arcachon\/ <\/a><\/li>\n\n\n\n<li><strong>La Teste-de-Buch<\/strong> : Duna de Pilat, puertos ostr\u00edcolas, caba\u00f1as Tchanqu\u00e9es, lago de Cazaux : <a href=\"https:\/\/bassin-arcachon.com\/es\/nuestros-pueblos-y-aldeas\/la-prueba-de-buch\/\">https:\/\/bassin-arcachon.com\/nos-villes-et-villages\/la-teste-de-buch\/<\/a><\/li>\n\n\n\n<li><strong>Gujan-Mestras:<\/strong> Capital de la ostricultura, ciudad de los 7 puertos: <a href=\"https:\/\/bassin-arcachon.com\/es\/nuestros-pueblos-y-aldeas\/gujan-mestras\/\">https:\/\/bassin-arcachon.com\/nos-villes-et-villages\/gujan-mestras\/<\/a><\/li>\n\n\n\n<li><strong>Le Teich: <\/strong>mirador, Reserva Ornitol\u00f3gica, Delta del Leyre: <a href=\"https:\/\/bassin-arcachon.com\/es\/nuestros-pueblos-y-aldeas\/la-tecnica\/\">https:\/\/bassin-arcachon.com\/nos-villes-et-villages\/le-teich\/<\/a><\/li>\n\n\n\n<li><strong>El Coraz\u00f3n de la bah\u00eda<\/strong> : Biganos, Audenge, Lanton, Mios, Marcheprime, para una escapada a la naturaleza: <a href=\"https:\/\/bassin-arcachon.com\/es\/nuestros-pueblos-y-aldeas\/corazon-de-la-cuenca\/\">https:\/\/bassin-arcachon.com\/nos-villes-et-villages\/coeur-du-bassin\/<\/a><\/li>\n\n\n\n<li><strong>Andernos les Bains<\/strong> : largo muelle, puerto, espacios naturales protegidos : <a href=\"https:\/\/bassin-arcachon.com\/es\/nuestros-pueblos-y-aldeas\/andernos-los-banos\/\">https:\/\/bassin-arcachon.com\/nos-villes-et-villages\/andernos-les-bains\/<\/a><\/li>\n\n\n\n<li><strong>Ares<\/strong> : pueblos ostr\u00edcolas, faro, playas oce\u00e1nicas : <a href=\"https:\/\/bassin-arcachon.com\/es\/nuestros-pueblos-y-aldeas\/ares\/\">https:\/\/bassin-arcachon.com\/nos-villes-et-villages\/ares\/<\/a><\/li>\n\n\n\n<li><strong>L\u00e8ge-Cap Ferret<\/strong> : pueblos ostr\u00edcolas, faro, playas oce\u00e1nicas : <a href=\"https:\/\/bassin-arcachon.com\/es\/nuestros-pueblos-y-aldeas\/huron-de-gorra-lege\/\">https:\/\/bassin-arcachon.com\/nos-villes-et-villages\/lege-cap-ferret\/<\/a><\/li>\n<\/ul>\n\n\n\n<p>Para descubrir todas las ciudades y pueblos:<br><a href=\"https:\/\/bassin-arcachon.com\/es\/nuestros-pueblos-y-aldeas\/\">https:\/\/bassin-arcachon.com\/nos-villes-et-villages\/<\/a><\/p>\n<\/div><\/div>\n\n\n\n<div class=\"wp-block-uagb-container uagb-block-95b6335f alignfull uagb-is-root-container\"><div class=\"uagb-container-inner-blocks-wrap\">\n<h2 class=\"wp-block-heading\">10. \u00bfC\u00f3mo llegar al Bassin de Arcachon?<\/h2>\n<\/div><\/div>\n\n\n\n<div class=\"wp-block-uagb-container uagb-block-3cb22894 alignfull uagb-is-root-container\"><div class=\"uagb-container-inner-blocks-wrap\">\n<p>El Bassin de Arcachon es f\u00e1cilmente accesible:<\/p>\n\n\n\n<ul class=\"wp-block-list\">\n<li><strong>En tren<\/strong> : conexiones regulares desde Burdeos hasta la estaci\u00f3n de Arcachon y la estaci\u00f3n de Biganos-Facture.<\/li>\n\n\n\n<li><strong>En coche<\/strong> : por la autopista A63 y luego la A660 en direcci\u00f3n a Arcachon.<\/li>\n\n\n\n<li><strong>Por avi\u00f3n<\/strong> : el aeropuerto de Burdeos-M\u00e9rignac se encuentra a unos 45 minutos en coche del Bassin.<\/li>\n<\/ul>\n\n\n\n<p>Toda la informaci\u00f3n sobre acceso y transporte se detalla aqu\u00ed: <a href=\"https:\/\/www.calameo.com\/bassin-arcachon\/books\/00002442172196ce0017a\" target=\"_blank\" rel=\"noopener\">https:\/\/www.calameo.com\/bassin-arcachon\/books\/00002442172196ce0017a<\/a><\/p>\n\n\n\n<p><a href=\"https:\/\/www.calameo.com\/bassin-arcachon\/books\/00002442172196ce0017a\" target=\"_blank\" rel=\"noopener\"><br><\/a>Para llevar el Bassin de Arcachon en el bolsillo, encontrar\u00e1 toda la informaci\u00f3n que necesita en <strong>La aplicaci\u00f3n Bassin de Arcachon: <a href=\"https:\/\/bassin-arcachon.com\/es\/descarga-nuestra-aplicacion\/\" target=\"_blank\" rel=\"noreferrer noopener\">https:\/\/bassin-arcachon.com\/telechargez-notre-application\/<\/a> ! <\/strong><\/p>\n<\/div><\/div>","protected":false},"excerpt":{"rendered":"<p>Retrouvez ici notre FAQ et les r\u00e9ponses aux questions les plus fr\u00e9quentes pour organiser votre s\u00e9jour sur le Bassin d\u2019Arcachon : plages, mar\u00e9es, Dune du Pilat, activit\u00e9s nature, d\u00e9gustations d\u2019hu\u00eetres, [&hellip;]<\/p>\n","protected":false},"author":25,"featured_media":198170,"parent":0,"menu_order":0,"comment_status":"closed","ping_status":"closed","template":"","meta":{"_acf_changed":false,"_uag_custom_page_level_css":"","footnotes":""},"class_list":["post-197521","page","type-page","status-publish","has-post-thumbnail","hentry"],"acf":[],"uagb_featured_image_src":{"full":["https:\/\/bassin-arcachon.com\/wp-content\/uploads\/2025\/11\/Design-sans-titre-29.png",1400,700,false],"thumbnail":["https:\/\/bassin-arcachon.com\/wp-content\/uploads\/2025\/11\/Design-sans-titre-29-150x150.png",150,150,true],"medium":["https:\/\/bassin-arcachon.com\/wp-content\/uploads\/2025\/11\/Design-sans-titre-29-600x300.png",600,300,true],"medium_large":["https:\/\/bassin-arcachon.com\/wp-content\/uploads\/2025\/11\/Design-sans-titre-29-768x384.png",768,384,true],"large":["https:\/\/bassin-arcachon.com\/wp-content\/uploads\/2025\/11\/Design-sans-titre-29-1024x512.png",1024,512,true],"1536x1536":["https:\/\/bassin-arcachon.com\/wp-content\/uploads\/2025\/11\/Design-sans-titre-29.png",1400,700,false],"2048x2048":["https:\/\/bassin-arcachon.com\/wp-content\/uploads\/2025\/11\/Design-sans-titre-29.png",1400,700,false],"trp-custom-language-flag":["https:\/\/bassin-arcachon.com\/wp-content\/uploads\/2025\/11\/Design-sans-titre-29-18x9.png",18,9,true]},"uagb_author_info":{"display_name":"Marie Clauzel","author_link":"https:\/\/bassin-arcachon.com\/es\/author\/mariesiba\/"},"uagb_comment_info":0,"uagb_excerpt":"Retrouvez ici notre FAQ et les r\u00e9ponses aux questions les plus fr\u00e9quentes pour organiser votre s\u00e9jour sur le Bassin d\u2019Arcachon : plages, mar\u00e9es, Dune du Pilat, activit\u00e9s nature, d\u00e9gustations d\u2019hu\u00eetres, [&hellip;]","_links":{"self":[{"href":"https:\/\/bassin-arcachon.com\/es\/wp-json\/wp\/v2\/pages\/197521","targetHints":{"allow":["GET"]}}],"collection":[{"href":"https:\/\/bassin-arcachon.com\/es\/wp-json\/wp\/v2\/pages"}],"about":[{"href":"https:\/\/bassin-arcachon.com\/es\/wp-json\/wp\/v2\/types\/page"}],"author":[{"embeddable":true,"href":"https:\/\/bassin-arcachon.com\/es\/wp-json\/wp\/v2\/users\/25"}],"replies":[{"embeddable":true,"href":"https:\/\/bassin-arcachon.com\/es\/wp-json\/wp\/v2\/comments?post=197521"}],"version-history":[{"count":32,"href":"https:\/\/bassin-arcachon.com\/es\/wp-json\/wp\/v2\/pages\/197521\/revisions"}],"predecessor-version":[{"id":252789,"href":"https:\/\/bassin-arcachon.com\/es\/wp-json\/wp\/v2\/pages\/197521\/revisions\/252789"}],"wp:featuredmedia":[{"embeddable":true,"href":"https:\/\/bassin-arcachon.com\/es\/wp-json\/wp\/v2\/media\/198170"}],"wp:attachment":[{"href":"https:\/\/bassin-arcachon.com\/es\/wp-json\/wp\/v2\/media?parent=197521"}],"curies":[{"name":"wp","href":"https:\/\/api.w.org\/{rel}","templated":true}]}}