{"id":26935,"date":"2018-11-15T12:29:36","date_gmt":"2018-11-15T11:29:36","guid":{"rendered":"https:\/\/bassin-arcachon.com\/\/?page_id=26935"},"modified":"2024-11-06T10:50:09","modified_gmt":"2024-11-06T09:50:09","slug":"nuestros-hoteles-en-audenge","status":"publish","type":"page","link":"https:\/\/bassin-arcachon.com\/es\/ou-dormir\/nos-hotels-a-audenge\/","title":{"rendered":"Nuestros hoteles en Audenge"},"content":{"rendered":"<div class=\"wp-block-uagb-container uagb-block-fca88788 alignfull uagb-is-root-container\"><div class=\"uagb-container-inner-blocks-wrap\">\n<h2 class=\"wp-block-heading has-text-align-center\" style=\"font-size:25px\">Elija entre nuestra selecci\u00f3n de hoteles en Audenge. \u00a1Le ofrecemos hoteles con piscina, aparcamiento o wifi en el coraz\u00f3n de Bassin Arcachon!<\/h2>\n<\/div><\/div>\n\n\n\n<div style=\"height:40px\" aria-hidden=\"true\" class=\"wp-block-spacer\"><\/div>\n\n\n\n<div class=\"wp-block-uagb-container uagb-block-bdf9dd58 alignfull uagb-is-root-container\"><div class=\"uagb-container-inner-blocks-wrap\">\n<div class=\"wp-block-uagb-container uagb-block-2e0bc8ef\">\n<h2 class=\"wp-block-heading\">Nuestros hoteles en Audenge con piscina<\/h2>\n\n\n\n<p>En pareja o con ni\u00f1os, \u00a1haz una parada en uno de nuestros hoteles con piscina en Audenge! Disfruta de un ba\u00f1o a cualquier hora del d\u00eda. Despierta tu cuerpo suavemente por la ma\u00f1ana con unos cuantos ba\u00f1os o rel\u00e1jate junto a la piscina despu\u00e9s de regresar de la playa al final de la tarde. \u00bfQuieres una actividad familiar divertida? \u00a1Todo al agua! Es una oportunidad para crear hermosos momentos de complicidad entre j\u00f3venes y mayores. \u00a1Elige tu hotel con piscina en Audenge y disfruta de una estancia inolvidable!<\/p>\n\n\n\n<div class=\"wp-block-buttons is-layout-flex wp-block-buttons-is-layout-flex\">\n<div class=\"wp-block-button\"><a class=\"wp-block-button__link wp-element-button\" href=\"https:\/\/bassin-arcachon.com\/es\/alojamiento-2\/hotelesaudengepiscina\/\">Hoteles con piscina<\/a><\/div>\n<\/div>\n<\/div>\n\n\n\n<div class=\"wp-block-uagb-container uagb-block-f97ba7b2\">\n<div class=\"wp-block-uagb-image uagb-block-c91a4ee2 wp-block-uagb-image--layout-default wp-block-uagb-image--effect-static wp-block-uagb-image--align-none\"><figure class=\"wp-block-uagb-image__figure\"><img decoding=\"async\" srcset=\"https:\/\/bassin-arcachon.com\/wp-content\/uploads\/2018\/07\/Balade-dans-le-port-Audenge.jpg \" sizes=\"auto, (max-width: 480px) 150px\" src=\"https:\/\/bassin-arcachon.com\/wp-content\/uploads\/2018\/07\/Balade-dans-le-port-Audenge.jpg\" alt=\"- - Bassin d&#039;Arcachon\" class=\"uag-image-23932\" width=\"1000\" height=\"666\" title=\"- - Bassin d&#039;Arcachon\" loading=\"lazy\" role=\"img\"><\/figure><\/div>\n<\/div>\n<\/div><\/div>\n\n\n\n<div style=\"height:60px\" aria-hidden=\"true\" class=\"wp-block-spacer\"><\/div>\n\n\n\n<div class=\"wp-block-uagb-container uagb-block-d309b0cb alignfull uagb-is-root-container\"><div class=\"uagb-container-inner-blocks-wrap\">\n<div class=\"wp-block-uagb-container uagb-block-9da79623\">\n<div class=\"wp-block-uagb-image uagb-block-707b798d wp-block-uagb-image--layout-default wp-block-uagb-image--effect-static wp-block-uagb-image--align-none\"><figure class=\"wp-block-uagb-image__figure\"><img decoding=\"async\" srcset=\"https:\/\/bassin-arcachon.com\/wp-content\/uploads\/2017\/02\/parking-dune-du-pilat-bassin-arcachon.jpg \" sizes=\"auto, (max-width: 480px) 150px\" src=\"https:\/\/bassin-arcachon.com\/wp-content\/uploads\/2017\/02\/parking-dune-du-pilat-bassin-arcachon.jpg\" alt=\"- - Bassin d&#039;Arcachon\" class=\"uag-image-24069\" width=\"1000\" height=\"500\" title=\"- - Bassin d&#039;Arcachon\" loading=\"lazy\" role=\"img\"><\/figure><\/div>\n<\/div>\n\n\n\n<div class=\"wp-block-uagb-container uagb-block-95c927c2\">\n<h2 class=\"wp-block-heading\">Nuestros hoteles en Audenge con parking<\/h2>\n\n\n\n<p>\u00bfSue\u00f1as con poder aparcar con total tranquilidad a cualquier hora del d\u00eda o de la noche? \u00a1En nuestros hoteles con aparcamiento privado tendr\u00e1s garantizado un lugar seguro para tu coche durante tus vacaciones o fin de semana en Audenge! Mu\u00e9vete por la piscina durante el d\u00eda o sal a cenar al restaurante por la noche, tu lugar te estar\u00e1 esperando cuando regreses. \u00a1Redescubre el placer de aparcar en tan solo unos minutos eligiendo uno de nuestros hoteles con parking en Audenge!<\/p>\n\n\n\n<div class=\"wp-block-buttons is-layout-flex wp-block-buttons-is-layout-flex\">\n<div class=\"wp-block-button\"><a class=\"wp-block-button__link wp-element-button\" href=\"https:\/\/bassin-arcachon.com\/es\/alojamiento-2\/hoteles%40audenge%26amp%3bestacionamiento\/\">Hoteles con parking<\/a><\/div>\n<\/div>\n<\/div>\n<\/div><\/div>\n\n\n\n<div style=\"height:60px\" aria-hidden=\"true\" class=\"wp-block-spacer\"><\/div>\n\n\n\n<div class=\"wp-block-uagb-container uagb-block-42eaf61e alignfull uagb-is-root-container\"><div class=\"uagb-container-inner-blocks-wrap\">\n<div class=\"wp-block-uagb-container uagb-block-c55291be\">\n<h2 class=\"wp-block-heading\">Nuestros hoteles en Audenge con Wifi<\/h2>\n\n\n\n<p>\u00bfTe gusta escapar mientras te mantienes en contacto con el resto del mundo? \u00a1Mant\u00e9ngase conectado durante su estancia en el coraz\u00f3n de la cuenca optando por uno de nuestros hoteles con Wifi en Audenge! Encuentra el mejor restaurante de la zona, comparte tus impresiones o reserva una actividad ins\u00f3lita desde tu habitaci\u00f3n de hotel. \u00a1Un imprescindible para muchos de vosotros! Gracias a un sencillo y pr\u00e1ctico acceso wifi, nuestros hoteles en Audenge te ofrecen una estancia conectada y rodeada de naturaleza. \u00a1Buenas vibraciones garantizadas!<\/p>\n\n\n\n<div class=\"wp-block-buttons is-layout-flex wp-block-buttons-is-layout-flex\">\n<div class=\"wp-block-button\"><a class=\"wp-block-button__link wp-element-button\" href=\"https:\/\/bassin-arcachon.com\/es\/alojamiento-2\/hotelesaudengewifi-2\/\">Hoteles con Wifi<\/a><\/div>\n<\/div>\n<\/div>\n\n\n\n<div class=\"wp-block-uagb-container uagb-block-79f3a01b\">\n<div class=\"wp-block-uagb-image uagb-block-be92d523 wp-block-uagb-image--layout-default wp-block-uagb-image--effect-static wp-block-uagb-image--align-none\"><figure class=\"wp-block-uagb-image__figure\"><img decoding=\"async\" srcset=\"https:\/\/bassin-arcachon.com\/wp-content\/uploads\/2020\/07\/header-wifi-1024x522.jpg \" sizes=\"auto, (max-width: 480px) 150px\" src=\"https:\/\/bassin-arcachon.com\/wp-content\/uploads\/2020\/07\/header-wifi-1024x522.jpg\" alt=\"- - Bassin d&#039;Arcachon\" class=\"uag-image-44186\" width=\"1024\" height=\"522\" title=\"- - Bassin d&#039;Arcachon\" loading=\"lazy\" role=\"img\"><\/figure><\/div>\n<\/div>\n<\/div><\/div>\n\n\n\n<div style=\"height:60px\" aria-hidden=\"true\" class=\"wp-block-spacer\"><\/div>\n\n\n\n<div class=\"wp-block-uagb-container uagb-block-1be6649d alignfull uagb-is-root-container\">\n<div class=\"wp-block-cover is-light has-parallax\"><span aria-hidden=\"true\" class=\"wp-block-cover__background has-background-dim-0 has-background-dim\"><\/span><div class=\"wp-block-cover__image-background wp-image-1345 has-parallax\" style=\"background-position:50% 50%;background-image:url(https:\/\/bassin-arcachon.com\/wp-content\/uploads\/2017\/03\/Camping-Panorama-du-Pyla-cottage-vue-mer-coin-farniente.jpg)\"><\/div><div class=\"wp-block-cover__inner-container is-layout-flow wp-block-cover-is-layout-flow\">\n<div class=\"wp-block-uagb-container uagb-block-f3b15db9\">\n<h2 class=\"wp-block-heading has-text-align-center has-white-color has-text-color has-large-font-size\">Pase sus vacaciones con tranquilidad en uno de los hoteles Bassin en Arcachon<\/h2>\n\n\n\n<p class=\"has-text-align-center has-white-color has-text-color\"><a href=\"https:\/\/bassin-arcachon.com\/es\/alojamiento-2\/hoteles\/\">LANZA LA B\u00daSQUEDA<\/a><\/p>\n<\/div>\n<\/div><\/div>\n<\/div>\n\n\n\n<div style=\"height:60px\" aria-hidden=\"true\" class=\"wp-block-spacer\"><\/div>\n\n\n\n<div class=\"wp-block-uagb-container uagb-block-67970557 alignfull uagb-is-root-container\"><div class=\"uagb-container-inner-blocks-wrap\">\n<div class=\"wp-block-uagb-container uagb-block-dd7dcc04\">\n<h3 class=\"wp-block-heading\">\u00bfQuieres reservar un hotel cerca de Audenge?<\/h3>\n\n\n\n<p>Descubra todos nuestros hoteles en Bassin Arcachon:&nbsp;<a href=\"https:\/\/bassin-arcachon.com\/es\/alojamiento-2\/hoteles+ares\/\">Ares<\/a>,&nbsp;<a href=\"https:\/\/bassin-arcachon.com\/es\/alojamiento-2\/hoteles+arcachon\/\">Arcachon<\/a>,&nbsp;<a href=\"https:\/\/bassin-arcachon.com\/es\/alojamiento-2\/hoteles+la-prueba-de-buch\/\">La Teste de Buch<\/a>,&nbsp;<a href=\"https:\/\/bassin-arcachon.com\/es\/alojamiento-2\/hoteles+andernos\/\">Andernos<\/a>,&nbsp;<a href=\"https:\/\/bassin-arcachon.com\/es\/alojamiento-2\/hoteles+gujan-mestras\/\">Gujan Mestras,<\/a>&nbsp;<a href=\"https:\/\/bassin-arcachon.com\/es\/alojamiento-2\/hoteles+corazon-de-la-cuenca-2\/\">Biganos,<\/a>&nbsp;<a href=\"https:\/\/bassin-arcachon.com\/es\/alojamiento-2\/hoteles+la-tecnica\/\">Le Teich<\/a>,<a href=\"https:\/\/bassin-arcachon.com\/es\/alojamiento-2\/hoteles+corazon-de-la-cuenca-2\/\">&nbsp;a supprimer&nbsp;<\/a>\u00e0 supprimer&nbsp;<a href=\"https:\/\/bassin-arcachon.com\/es\/alojamiento-2\/hoteles+huron-de-gorra-lege\/\">Cap Ferret<\/a>&nbsp;!<\/p>\n<\/div>\n\n\n\n<div class=\"wp-block-uagb-container uagb-block-dd7a49a4\">\n<div class=\"wp-block-uagb-image uagb-block-349829c0 wp-block-uagb-image--layout-default wp-block-uagb-image--effect-static wp-block-uagb-image--align-none\"><figure class=\"wp-block-uagb-image__figure\"><img decoding=\"async\" srcset=\"https:\/\/bassin-arcachon.com\/wp-content\/uploads\/2018\/09\/nourri-a-lhu\u00eetre-\u00e9lev\u00e9-sous-les-pins-Bassin-dArcachon.jpg 1000w, https:\/\/bassin-arcachon.com\/wp-content\/uploads\/2018\/09\/nourri-a-lhu\u00eetre-\u00e9lev\u00e9-sous-les-pins-Bassin-dArcachon-600x400.jpg 600w, https:\/\/bassin-arcachon.com\/wp-content\/uploads\/2018\/09\/nourri-a-lhu\u00eetre-\u00e9lev\u00e9-sous-les-pins-Bassin-dArcachon-768x511.jpg 768w, https:\/\/bassin-arcachon.com\/wp-content\/uploads\/2018\/09\/nourri-a-lhu\u00eetre-\u00e9lev\u00e9-sous-les-pins-Bassin-dArcachon-18x12.jpg 18w\" sizes=\"auto, (max-width: 480px) 150px\" src=\"https:\/\/bassin-arcachon.com\/wp-content\/uploads\/2018\/09\/nourri-a-lhu\u00eetre-\u00e9lev\u00e9-sous-les-pins-Bassin-dArcachon.jpg\" alt=\"- - Bassin d&#039;Arcachon\" class=\"uag-image-26169\" width=\"1000\" height=\"666\" title=\"- - Bassin d&#039;Arcachon\" loading=\"lazy\" role=\"img\"><\/figure><\/div>\n<\/div>\n<\/div><\/div>\n\n\n\n<div style=\"height:60px\" aria-hidden=\"true\" class=\"wp-block-spacer\"><\/div>","protected":false},"excerpt":{"rendered":"<p>Choisissez parmi notre s\u00e9lection d&rsquo;h\u00f4tels \u00e0 Audenge. On vous propose des h\u00f4tels avec piscine, parking ou Wi-Fi au c\u0153ur du Bassin d&rsquo;Arcachon ! Nos h\u00f4tels \u00e0 Audenge avec piscine \u00c0 [&hellip;]<\/p>\n","protected":false},"author":24,"featured_media":2217,"parent":43,"menu_order":1,"comment_status":"closed","ping_status":"closed","template":"","meta":{"_acf_changed":false,"_uag_custom_page_level_css":"","footnotes":""},"class_list":["post-26935","page","type-page","status-publish","has-post-thumbnail","hentry"],"acf":[],"uagb_featured_image_src":{"full":["https:\/\/bassin-arcachon.com\/wp-content\/uploads\/2017\/03\/camping-bassin-arcachon.jpg",1200,800,false],"thumbnail":["https:\/\/bassin-arcachon.com\/wp-content\/uploads\/2017\/03\/camping-bassin-arcachon-150x150.jpg",150,150,true],"medium":["https:\/\/bassin-arcachon.com\/wp-content\/uploads\/2017\/03\/camping-bassin-arcachon-600x400.jpg",600,400,true],"medium_large":["https:\/\/bassin-arcachon.com\/wp-content\/uploads\/2017\/03\/camping-bassin-arcachon-768x512.jpg",768,512,true],"large":["https:\/\/bassin-arcachon.com\/wp-content\/uploads\/2017\/03\/camping-bassin-arcachon-1024x683.jpg",1024,683,true],"1536x1536":["https:\/\/bassin-arcachon.com\/wp-content\/uploads\/2017\/03\/camping-bassin-arcachon.jpg",1200,800,false],"2048x2048":["https:\/\/bassin-arcachon.com\/wp-content\/uploads\/2017\/03\/camping-bassin-arcachon.jpg",1200,800,false],"trp-custom-language-flag":["https:\/\/bassin-arcachon.com\/wp-content\/uploads\/2017\/03\/camping-bassin-arcachon-18x12.jpg",18,12,true]},"uagb_author_info":{"display_name":"Audrey RAMBAUT","author_link":"https:\/\/bassin-arcachon.com\/es\/author\/audrey-siba\/"},"uagb_comment_info":0,"uagb_excerpt":"Choisissez parmi notre s\u00e9lection d&rsquo;h\u00f4tels \u00e0 Audenge. On vous propose des h\u00f4tels avec piscine, parking ou Wi-Fi au c\u0153ur du Bassin d&rsquo;Arcachon ! Nos h\u00f4tels \u00e0 Audenge avec piscine \u00c0 [&hellip;]","_links":{"self":[{"href":"https:\/\/bassin-arcachon.com\/es\/wp-json\/wp\/v2\/pages\/26935","targetHints":{"allow":["GET"]}}],"collection":[{"href":"https:\/\/bassin-arcachon.com\/es\/wp-json\/wp\/v2\/pages"}],"about":[{"href":"https:\/\/bassin-arcachon.com\/es\/wp-json\/wp\/v2\/types\/page"}],"author":[{"embeddable":true,"href":"https:\/\/bassin-arcachon.com\/es\/wp-json\/wp\/v2\/users\/24"}],"replies":[{"embeddable":true,"href":"https:\/\/bassin-arcachon.com\/es\/wp-json\/wp\/v2\/comments?post=26935"}],"version-history":[{"count":2,"href":"https:\/\/bassin-arcachon.com\/es\/wp-json\/wp\/v2\/pages\/26935\/revisions"}],"predecessor-version":[{"id":68240,"href":"https:\/\/bassin-arcachon.com\/es\/wp-json\/wp\/v2\/pages\/26935\/revisions\/68240"}],"up":[{"embeddable":true,"href":"https:\/\/bassin-arcachon.com\/es\/wp-json\/wp\/v2\/pages\/43"}],"wp:featuredmedia":[{"embeddable":true,"href":"https:\/\/bassin-arcachon.com\/es\/wp-json\/wp\/v2\/media\/2217"}],"wp:attachment":[{"href":"https:\/\/bassin-arcachon.com\/es\/wp-json\/wp\/v2\/media?parent=26935"}],"curies":[{"name":"wp","href":"https:\/\/api.w.org\/{rel}","templated":true}]}}