{"id":28073,"date":"2019-01-02T16:00:50","date_gmt":"2019-01-02T15:00:50","guid":{"rendered":"https:\/\/bassin-arcachon.com\/\/?page_id=28073"},"modified":"2024-11-06T11:38:01","modified_gmt":"2024-11-06T10:38:01","slug":"prueba-de-buche","status":"publish","type":"page","link":"https:\/\/bassin-arcachon.com\/es\/ou-dormir\/camping\/teste-de-buch\/","title":{"rendered":"Nuestros campings en La Teste de Buch"},"content":{"rendered":"<div class=\"wp-block-uagb-container uagb-block-83284e49 alignfull uagb-is-root-container\"><div class=\"uagb-container-inner-blocks-wrap\">\n<div class=\"wp-block-uagb-container uagb-block-fa2a79ff\">\n<h2 class=\"wp-block-heading\">Nuestros campings en La Teste de Buch con piscina<\/h2>\n\n\n\n<p>Rel\u00e1jate en el jacuzzi de tu camping cerca de La Teste de Buch mientras los ni\u00f1os se divierten en los toboganes y juegos de agua en la piscina. Para momentos 100% de relajaci\u00f3n con amigos, ac\u00e9rquese a la piscina climatizada de su camping. \u00a1Elige tu camping con piscina y pasa unas vacaciones de ensue\u00f1o en La Teste de Buch!<\/p>\n\n\n\n<div class=\"wp-block-buttons is-layout-flex wp-block-buttons-is-layout-flex\">\n<div class=\"wp-block-button\"><a class=\"wp-block-button__link wp-element-button\" href=\"https:\/\/bassin-arcachon.com\/es\/alojamiento-2\/campings%40la-prueba-del-libro%26amp%3bpiscina\/\">Campings con piscina<\/a><\/div>\n<\/div>\n<\/div>\n\n\n\n<div class=\"wp-block-uagb-container uagb-block-83d26c32\">\n<div class=\"wp-block-uagb-image uagb-block-88388523 wp-block-uagb-image--layout-default wp-block-uagb-image--effect-static wp-block-uagb-image--align-none\"><figure class=\"wp-block-uagb-image__figure\"><img decoding=\"async\" srcset=\"https:\/\/bassin-arcachon.com\/wp-content\/uploads\/2018\/04\/pres-sales-ouest-la-teste-e1548070131821.jpg ,https:\/\/bassin-arcachon.com\/wp-content\/uploads\/2018\/04\/pres-sales-ouest-la-teste-e1548070131821.jpg 780w, https:\/\/bassin-arcachon.com\/wp-content\/uploads\/2018\/04\/pres-sales-ouest-la-teste-e1548070131821.jpg 360w\" sizes=\"auto, (max-width: 480px) 150px\" src=\"https:\/\/bassin-arcachon.com\/wp-content\/uploads\/2018\/04\/pres-sales-ouest-la-teste-e1548070131821.jpg\" alt=\"Descanso relajante en el oeste Prados salados junto a los campings en la teste de buch\" class=\"uag-image-19913\" width=\"1024\" height=\"682\" title=\"Descanso relajante en West Salt Meadows en Teste de Buch\" loading=\"lazy\" role=\"img\"\/><\/figure><\/div>\n<\/div>\n<\/div><\/div>\n\n\n\n<div style=\"height:60px\" aria-hidden=\"true\" class=\"wp-block-spacer\"><\/div>\n\n\n\n<div class=\"wp-block-uagb-container uagb-block-7912c2ff alignfull uagb-is-root-container\"><div class=\"uagb-container-inner-blocks-wrap\">\n<div class=\"wp-block-uagb-container uagb-block-adf07fe8\">\n<div class=\"wp-block-uagb-image uagb-block-48eea241 wp-block-uagb-image--layout-default wp-block-uagb-image--effect-static wp-block-uagb-image--align-none\"><figure class=\"wp-block-uagb-image__figure\"><img decoding=\"async\" srcset=\"https:\/\/bassin-arcachon.com\/wp-content\/uploads\/2018\/02\/club-plage-pereire-12-e1548077638347.jpg ,https:\/\/bassin-arcachon.com\/wp-content\/uploads\/2018\/02\/club-plage-pereire-12-e1548077638347.jpg 780w, https:\/\/bassin-arcachon.com\/wp-content\/uploads\/2018\/02\/club-plage-pereire-12-e1548077638347.jpg 360w\" sizes=\"auto, (max-width: 480px) 150px\" src=\"https:\/\/bassin-arcachon.com\/wp-content\/uploads\/2018\/02\/club-plage-pereire-12-e1548077638347.jpg\" alt=\"Degustaci\u00f3n de pescado fresco de la Cri\u00e9e d&#039;Arcachon\" class=\"uag-image-13596\" width=\"1024\" height=\"683\" title=\"Degustaci\u00f3n de pescado fresco de la Cri\u00e9e d&#039;Arcachon\" loading=\"lazy\" role=\"img\"\/><\/figure><\/div>\n<\/div>\n\n\n\n<div class=\"wp-block-uagb-container uagb-block-9978662b\">\n<h2 class=\"wp-block-heading\">Nuestros campings en La Teste de Buch con restaurante<\/h2>\n\n\n\n<p>\u00a1Pruebe los sabores locales en el restaurante de su camping cerca de La Teste de Buch! Ostras y pescado fresco, sum\u00e9rgete en el coraz\u00f3n de Bassin degustando productos de calidad. Cena rom\u00e1ntica o comida con amigos, elige a la carta y opta por el restaurante de tu camping en La Teste de Buch!<\/p>\n\n\n\n<div class=\"wp-block-buttons is-layout-flex wp-block-buttons-is-layout-flex\">\n<div class=\"wp-block-button\"><a class=\"wp-block-button__link wp-element-button\" href=\"https:\/\/bassin-arcachon.com\/es\/alojamiento-2\/campingsla-teste-de-buchresto-2\/\">camping con restaurante<\/a><\/div>\n<\/div>\n<\/div>\n<\/div><\/div>\n\n\n\n<div style=\"height:60px\" aria-hidden=\"true\" class=\"wp-block-spacer\"><\/div>\n\n\n\n<div class=\"wp-block-uagb-container uagb-block-d1356ecd alignfull uagb-is-root-container\"><div class=\"uagb-container-inner-blocks-wrap\">\n<div class=\"wp-block-uagb-container uagb-block-f1bc24a6\">\n<h2 class=\"wp-block-heading\">Nuestros campings en La Teste de Buch con Wifi<\/h2>\n\n\n\n<p>\u00a1Elija una ubicaci\u00f3n en el coraz\u00f3n del bosque y mant\u00e9ngase conectado durante su estad\u00eda en La Teste de Buch! Gracias al Wifi de su camping, organice su estancia y planifique sus salidas desde su parcela. En medio de los pinos, \u00a1disfruta de una conexi\u00f3n Wifi en cualquier momento en tu camping en La Teste de Buch!<\/p>\n\n\n\n<div class=\"wp-block-buttons is-layout-flex wp-block-buttons-is-layout-flex\">\n<div class=\"wp-block-button\"><a class=\"wp-block-button__link wp-element-button\" href=\"https:\/\/bassin-arcachon.com\/es\/alojamiento-2\/campings%40la-prueba-de-libro%26amp%3bwifi\/\">campings con wifi<\/a><\/div>\n<\/div>\n<\/div>\n\n\n\n<div class=\"wp-block-uagb-container uagb-block-f6c42ebe\">\n<div class=\"wp-block-uagb-image uagb-block-f5472371 wp-block-uagb-image--layout-default wp-block-uagb-image--effect-static wp-block-uagb-image--align-none\"><figure class=\"wp-block-uagb-image__figure\"><img decoding=\"async\" srcset=\"https:\/\/bassin-arcachon.com\/wp-content\/uploads\/2017\/04\/Modif-Marion-6-e1674026597644.jpg \" sizes=\"auto, (max-width: 480px) 150px\" src=\"https:\/\/bassin-arcachon.com\/wp-content\/uploads\/2017\/04\/Modif-Marion-6-e1674026597644.jpg\" alt=\"WIFI Lant\u00f3n\" class=\"uag-image-7364\" width=\"542\" height=\"368\" title=\"- - Bassin d&#039;Arcachon\" loading=\"lazy\" role=\"img\"><\/figure><\/div>\n<\/div>\n<\/div><\/div>\n\n\n\n<div style=\"height:60px\" aria-hidden=\"true\" class=\"wp-block-spacer\"><\/div>\n\n\n\n<div class=\"wp-block-uagb-container uagb-block-6df8117b alignfull uagb-is-root-container\">\n<div class=\"wp-block-cover is-light has-parallax\"><span aria-hidden=\"true\" class=\"wp-block-cover__background has-background-dim-0 has-background-dim\"><\/span><div class=\"wp-block-cover__image-background wp-image-1345 has-parallax\" style=\"background-position:50% 50%;background-image:url(https:\/\/bassin-arcachon.com\/wp-content\/uploads\/2017\/03\/Camping-Panorama-du-Pyla-cottage-vue-mer-coin-farniente.jpg)\"><\/div><div class=\"wp-block-cover__inner-container is-layout-flow wp-block-cover-is-layout-flow\">\n<div class=\"wp-block-uagb-container uagb-block-dbb1ce09\">\n<h2 class=\"wp-block-heading has-text-align-center has-white-color has-text-color has-large-font-size\">\u00a1Pasa tus vacaciones de forma sencilla en uno de los campings de la bah\u00eda de Arcach\u00f3n!<\/h2>\n\n\n\n<p class=\"has-text-align-center has-white-color has-text-color\"><a href=\"https:\/\/bassin-arcachon.com\/es\/alojamiento-2\/campings\/\">LANZA LA B\u00daSQUEDA<\/a><\/p>\n<\/div>\n<\/div><\/div>\n<\/div>\n\n\n\n<div style=\"height:60px\" aria-hidden=\"true\" class=\"wp-block-spacer\"><\/div>\n\n\n\n<div class=\"wp-block-uagb-container uagb-block-02e6a164 alignfull uagb-is-root-container\"><div class=\"uagb-container-inner-blocks-wrap\">\n<div class=\"wp-block-uagb-container uagb-block-8edb6d7d\">\n<h3 class=\"wp-block-heading\">\u00bfQuieres reservar un camping alrededor de La Teste de Buch?<\/h3>\n\n\n\n<p>Descubra todos nuestros campings en Bassin Arcachon:&nbsp;<a href=\"https:\/\/bassin-arcachon.com\/es\/alojamiento-2\/hoteles+ares\/\">Ares<\/a>,&nbsp;<a href=\"https:\/\/bassin-arcachon.com\/es\/alojamiento-2\/hoteles+arcachon\/\">Arcachon<\/a>,&nbsp;<a href=\"https:\/\/bassin-arcachon.com\/es\/alojamiento-2\/hoteles+la-tecnica\/\">Le Teich<\/a>,&nbsp;<a href=\"https:\/\/bassin-arcachon.com\/es\/alojamiento-2\/hoteles+andernos\/\">Andernos<\/a>,&nbsp;<a href=\"https:\/\/bassin-arcachon.com\/es\/alojamiento-2\/hoteles+gujan-mestras\/\">Gujan Mestras,<\/a>&nbsp;<a href=\"https:\/\/bassin-arcachon.com\/es\/alojamiento-2\/hoteles+corazon-de-la-cuenca-2\/\">Biganos,<\/a>&nbsp;<a href=\"https:\/\/bassin-arcachon.com\/es\/alojamiento-2\/hoteles+corazon-de-la-cuenca-2\/\">el Coraz\u00f3n de la bah\u00eda<\/a>,<a href=\"https:\/\/bassin-arcachon.com\/es\/alojamiento-2\/hoteles+corazon-de-la-cuenca-2\/\">&nbsp;a supprimer&nbsp;<\/a>\u00e0 supprimer&nbsp;<a href=\"https:\/\/bassin-arcachon.com\/es\/alojamiento-2\/hoteles+huron-de-gorra-lege\/\">Cap Ferret<\/a>&nbsp;!<\/p>\n<\/div>\n\n\n\n<div class=\"wp-block-uagb-container uagb-block-2e52a006\">\n<div class=\"wp-block-uagb-image uagb-block-a755267c wp-block-uagb-image--layout-default wp-block-uagb-image--effect-static wp-block-uagb-image--align-none\"><figure class=\"wp-block-uagb-image__figure\"><img decoding=\"async\" srcset=\"https:\/\/bassin-arcachon.com\/wp-content\/uploads\/2018\/09\/nourri-a-lhu\u00eetre-\u00e9lev\u00e9-sous-les-pins-Bassin-dArcachon.jpg 1000w, https:\/\/bassin-arcachon.com\/wp-content\/uploads\/2018\/09\/nourri-a-lhu\u00eetre-\u00e9lev\u00e9-sous-les-pins-Bassin-dArcachon-600x400.jpg 600w, https:\/\/bassin-arcachon.com\/wp-content\/uploads\/2018\/09\/nourri-a-lhu\u00eetre-\u00e9lev\u00e9-sous-les-pins-Bassin-dArcachon-768x511.jpg 768w, https:\/\/bassin-arcachon.com\/wp-content\/uploads\/2018\/09\/nourri-a-lhu\u00eetre-\u00e9lev\u00e9-sous-les-pins-Bassin-dArcachon-18x12.jpg 18w\" sizes=\"auto, (max-width: 480px) 150px\" src=\"https:\/\/bassin-arcachon.com\/wp-content\/uploads\/2018\/09\/nourri-a-lhu\u00eetre-\u00e9lev\u00e9-sous-les-pins-Bassin-dArcachon.jpg\" alt=\"- - Bassin d&#039;Arcachon\" class=\"uag-image-26169\" width=\"1000\" height=\"666\" title=\"- - Bassin d&#039;Arcachon\" loading=\"lazy\" role=\"img\"><\/figure><\/div>\n<\/div>\n<\/div><\/div>\n\n\n\n<div style=\"height:60px\" aria-hidden=\"true\" class=\"wp-block-spacer\"><\/div>","protected":false},"excerpt":{"rendered":"<p>Nos campings \u00e0 la Teste de Buch avec piscine D\u00e9tendez-vous dans le jacuzzi de votre camping pr\u00e8s de La Teste de Buch pendant que les enfants s\u2019amusent dans les toboggans [&hellip;]<\/p>\n","protected":false},"author":24,"featured_media":2217,"parent":392,"menu_order":1,"comment_status":"closed","ping_status":"closed","template":"","meta":{"_acf_changed":false,"_uag_custom_page_level_css":"","footnotes":""},"class_list":["post-28073","page","type-page","status-publish","has-post-thumbnail","hentry"],"acf":[],"uagb_featured_image_src":{"full":["https:\/\/bassin-arcachon.com\/wp-content\/uploads\/2017\/03\/camping-bassin-arcachon.jpg",1200,800,false],"thumbnail":["https:\/\/bassin-arcachon.com\/wp-content\/uploads\/2017\/03\/camping-bassin-arcachon-150x150.jpg",150,150,true],"medium":["https:\/\/bassin-arcachon.com\/wp-content\/uploads\/2017\/03\/camping-bassin-arcachon-600x400.jpg",600,400,true],"medium_large":["https:\/\/bassin-arcachon.com\/wp-content\/uploads\/2017\/03\/camping-bassin-arcachon-768x512.jpg",768,512,true],"large":["https:\/\/bassin-arcachon.com\/wp-content\/uploads\/2017\/03\/camping-bassin-arcachon-1024x683.jpg",1024,683,true],"1536x1536":["https:\/\/bassin-arcachon.com\/wp-content\/uploads\/2017\/03\/camping-bassin-arcachon.jpg",1200,800,false],"2048x2048":["https:\/\/bassin-arcachon.com\/wp-content\/uploads\/2017\/03\/camping-bassin-arcachon.jpg",1200,800,false],"trp-custom-language-flag":["https:\/\/bassin-arcachon.com\/wp-content\/uploads\/2017\/03\/camping-bassin-arcachon-18x12.jpg",18,12,true]},"uagb_author_info":{"display_name":"Audrey RAMBAUT","author_link":"https:\/\/bassin-arcachon.com\/es\/author\/audrey-siba\/"},"uagb_comment_info":0,"uagb_excerpt":"Nos campings \u00e0 la Teste de Buch avec piscine D\u00e9tendez-vous dans le jacuzzi de votre camping pr\u00e8s de La Teste de Buch pendant que les enfants s\u2019amusent dans les toboggans [&hellip;]","_links":{"self":[{"href":"https:\/\/bassin-arcachon.com\/es\/wp-json\/wp\/v2\/pages\/28073","targetHints":{"allow":["GET"]}}],"collection":[{"href":"https:\/\/bassin-arcachon.com\/es\/wp-json\/wp\/v2\/pages"}],"about":[{"href":"https:\/\/bassin-arcachon.com\/es\/wp-json\/wp\/v2\/types\/page"}],"author":[{"embeddable":true,"href":"https:\/\/bassin-arcachon.com\/es\/wp-json\/wp\/v2\/users\/24"}],"replies":[{"embeddable":true,"href":"https:\/\/bassin-arcachon.com\/es\/wp-json\/wp\/v2\/comments?post=28073"}],"version-history":[{"count":2,"href":"https:\/\/bassin-arcachon.com\/es\/wp-json\/wp\/v2\/pages\/28073\/revisions"}],"predecessor-version":[{"id":68268,"href":"https:\/\/bassin-arcachon.com\/es\/wp-json\/wp\/v2\/pages\/28073\/revisions\/68268"}],"up":[{"embeddable":true,"href":"https:\/\/bassin-arcachon.com\/es\/wp-json\/wp\/v2\/pages\/392"}],"wp:featuredmedia":[{"embeddable":true,"href":"https:\/\/bassin-arcachon.com\/es\/wp-json\/wp\/v2\/media\/2217"}],"wp:attachment":[{"href":"https:\/\/bassin-arcachon.com\/es\/wp-json\/wp\/v2\/media?parent=28073"}],"curies":[{"name":"wp","href":"https:\/\/api.w.org\/{rel}","templated":true}]}}