{"id":33,"date":"2017-02-06T14:51:49","date_gmt":"2017-02-06T13:51:49","guid":{"rendered":"https:\/\/bassin-arcachon.com\/\/?page_id=33"},"modified":"2026-04-23T14:38:42","modified_gmt":"2026-04-23T12:38:42","slug":"la-piscina-es-toda-la-temporada","status":"publish","type":"page","link":"https:\/\/bassin-arcachon.com\/es\/le-bassin-a-toute-saison\/","title":{"rendered":"La piscina en todas las estaciones."},"content":{"rendered":"<div class=\"wp-block-uagb-table-of-contents uagb-toc__align-center uagb-toc__columns-1  uagb-block-e19eb2b9 toc_sticky    uag-blocks-common-selector\"\n\t\t\t\t\tdata-scroll= \"1\"\n\t\t\t\t\tdata-offset= \"30\"\n\t\t\t\t\tstyle=\"--z-index-desktop:3;\"\n\t\t\t\t>\n\t\t\t\t<div class=\"uagb-toc__wrap\">\n\t\t\t\t\t\t<div class=\"uagb-toc__title\">\n\t\t\t\t\t\t\tTabla de contenido\t\t\t\t\t\t<\/div>\n\t\t\t\t\t\t\t\t\t\t\t\t\t\t\t\t\t\t\t\t\t\t<div class=\"uagb-toc__list-wrap\">\n\t\t\t\t\t\t<ol class=\"uagb-toc__list\"><li class=\"uagb-toc__list\"><a href=\"#au-printemps\" class=\"uagb-toc-link__trigger\">En primavera<\/a><li class=\"uagb-toc__list\"><a href=\"#en-\u00e9t\u00e9\" class=\"uagb-toc-link__trigger\">En verano<\/a><li class=\"uagb-toc__list\"><a href=\"#a-lautomne\" class=\"uagb-toc-link__trigger\">En oto\u00f1o<\/a><li class=\"uagb-toc__list\"><a href=\"#en-hiver\" class=\"uagb-toc-link__trigger\">En invierno<\/a><\/ol>\t\t\t\t\t<\/div>\n\t\t\t\t\t\t\t\t\t<\/div>\n\t\t\t\t<\/div>\n\t\t\t\n\n\n<div style=\"height:40px\" aria-hidden=\"true\" class=\"wp-block-spacer\"><\/div>\n\n\n\n<div class=\"wp-block-uagb-container uagb-block-db40e69f alignfull uagb-is-root-container\"><div class=\"uagb-container-inner-blocks-wrap\">\n<div class=\"wp-block-uagb-container uagb-block-88bb6617\">\n<h2 class=\"wp-block-heading\">En primavera<\/h2>\n\n\n\n<h3 class=\"wp-block-heading\">Disfruta de los primeros rayos de sol en la terraza.<\/h3>\n\n\n\n<p>Los d\u00edas son cada vez m\u00e1s largos y la naturaleza se despierta en primavera con ganas de disfrutar de los primeros rayos de sol. \u00a1S\u00fabete a tus bicicletas para descubrir senderos desconocidos, pasea por los muelles para respirar el aire fresco del mar y disfruta de los d\u00edas soleados en la terraza!<\/p>\n\n\n\n<div class=\"wp-block-buttons is-layout-flex wp-block-buttons-is-layout-flex\">\n<div class=\"wp-block-button\"><a class=\"wp-block-button__link wp-element-button\" href=\"https:\/\/bassin-arcachon.com\/es\/la-piscina-es-toda-la-temporada\/la-piscina-en-primavera\/\">\u00bfQu\u00e9 hacer en primavera?<\/a><\/div>\n<\/div>\n<\/div>\n\n\n\n<div class=\"wp-block-uagb-container uagb-block-32ef8367\">\n<figure class=\"wp-block-gallery has-nested-images columns-2 is-cropped wp-block-gallery-1 is-layout-flex wp-block-gallery-is-layout-flex\">\n<figure class=\"wp-block-image size-large\"><img loading=\"lazy\" decoding=\"async\" width=\"371\" height=\"557\" data-id=\"379\" src=\"https:\/\/bassin-arcachon.com\/wp-content\/uploads\/2017\/02\/printemps2.jpg\" alt=\"- - Bassin d&#039;Arcachon\" class=\"wp-image-379\" title=\"- - Bassin d&#039;Arcachon\" srcset=\"https:\/\/bassin-arcachon.com\/wp-content\/uploads\/2017\/02\/printemps2.jpg 371w, https:\/\/bassin-arcachon.com\/wp-content\/uploads\/2017\/02\/printemps2-8x12.jpg 8w\" sizes=\"auto, (max-width: 371px) 100vw, 371px\" \/><\/figure>\n\n\n\n<figure class=\"wp-block-image size-large\"><img loading=\"lazy\" decoding=\"async\" width=\"539\" height=\"359\" data-id=\"380\" src=\"https:\/\/bassin-arcachon.com\/wp-content\/uploads\/2017\/02\/printemps1.jpg\" alt=\"- - Bassin d&#039;Arcachon\" class=\"wp-image-380\" title=\"- - Bassin d&#039;Arcachon\" srcset=\"https:\/\/bassin-arcachon.com\/wp-content\/uploads\/2017\/02\/printemps1.jpg 539w, https:\/\/bassin-arcachon.com\/wp-content\/uploads\/2017\/02\/printemps1-18x12.jpg 18w\" sizes=\"auto, (max-width: 539px) 100vw, 539px\" \/><\/figure>\n<\/figure>\n<\/div>\n<\/div><\/div>\n\n\n\n<div style=\"height:60px\" aria-hidden=\"true\" class=\"wp-block-spacer\"><\/div>\n\n\n\n<div class=\"wp-block-uagb-container uagb-block-8017ea85 alignfull uagb-is-root-container\"><div class=\"uagb-container-inner-blocks-wrap\">\n<div class=\"wp-block-uagb-container uagb-block-59a2690d\">\n<figure class=\"wp-block-gallery has-nested-images columns-2 is-cropped wp-block-gallery-2 is-layout-flex wp-block-gallery-is-layout-flex\">\n<figure class=\"wp-block-image size-large\"><img loading=\"lazy\" decoding=\"async\" width=\"454\" height=\"681\" data-id=\"9673\" src=\"https:\/\/bassin-arcachon.com\/wp-content\/uploads\/2017\/09\/ete3.jpg\" alt=\"- - Bassin d&#039;Arcachon\" class=\"wp-image-9673\" title=\"- - Bassin d&#039;Arcachon\" srcset=\"https:\/\/bassin-arcachon.com\/wp-content\/uploads\/2017\/09\/ete3.jpg 454w, https:\/\/bassin-arcachon.com\/wp-content\/uploads\/2017\/09\/ete3-400x600.jpg 400w, https:\/\/bassin-arcachon.com\/wp-content\/uploads\/2017\/09\/ete3-8x12.jpg 8w\" sizes=\"auto, (max-width: 454px) 100vw, 454px\" \/><\/figure>\n\n\n\n<figure class=\"wp-block-image size-large\"><img loading=\"lazy\" decoding=\"async\" width=\"553\" height=\"369\" data-id=\"377\" src=\"https:\/\/bassin-arcachon.com\/wp-content\/uploads\/2017\/02\/ete1.jpg\" alt=\"- - Bassin d&#039;Arcachon\" class=\"wp-image-377\" title=\"- - Bassin d&#039;Arcachon\" srcset=\"https:\/\/bassin-arcachon.com\/wp-content\/uploads\/2017\/02\/ete1.jpg 553w, https:\/\/bassin-arcachon.com\/wp-content\/uploads\/2017\/02\/ete1-18x12.jpg 18w\" sizes=\"auto, (max-width: 553px) 100vw, 553px\" \/><\/figure>\n<\/figure>\n<\/div>\n\n\n\n<div class=\"wp-block-uagb-container uagb-block-09244c34\">\n<h2 class=\"wp-block-heading\">En verano<\/h2>\n\n\n\n<h3 class=\"wp-block-heading\">Prueba el placer de unas aut\u00e9nticas vacaciones.<\/h3>\n\n\n\n<p>Es la temporada de aut\u00e9nticas vacaciones por excelencia. Tiempo para degustaciones de ostras en la terraza acompa\u00f1adas de una copa de vino blanco, paseos en bicicleta hasta el faro de Cap Ferret para admirar las vistas, sin olvidar paseos por los pueblos de ostras y paseos en barco.<\/p>\n\n\n\n<div class=\"wp-block-buttons is-layout-flex wp-block-buttons-is-layout-flex\">\n<div class=\"wp-block-button\"><a class=\"wp-block-button__link wp-element-button\" href=\"https:\/\/bassin-arcachon.com\/es\/la-piscina-es-toda-la-temporada\/la-piscina-en-verano\/\">\u00bfQu\u00e9 hacer en verano?<\/a><\/div>\n<\/div>\n<\/div>\n<\/div><\/div>\n\n\n\n<div style=\"height:60px\" aria-hidden=\"true\" class=\"wp-block-spacer\"><\/div>\n\n\n\n<div class=\"wp-block-uagb-container uagb-block-9fb223ec alignfull uagb-is-root-container\"><div class=\"uagb-container-inner-blocks-wrap\">\n<div class=\"wp-block-uagb-container uagb-block-815423e5\">\n<h2 class=\"wp-block-heading\">En oto\u00f1o<\/h2>\n\n\n\n<h3 class=\"wp-block-heading\">Los colores se revelan en los espacios naturales.<\/h3>\n\n\n\n<p>Aunque la naturaleza es hermosa en cada estaci\u00f3n, tambi\u00e9n es muy diferente. En el oto\u00f1o, los colores naranjas reemplazan al verde del verano y es realmente un placer observarlo. Es una oportunidad para nuevos paseos y para encontrar un alojamiento con encanto para una escapada de fin de semana.<\/p>\n\n\n\n<div class=\"wp-block-buttons is-layout-flex wp-block-buttons-is-layout-flex\">\n<div class=\"wp-block-button\"><a class=\"wp-block-button__link wp-element-button\" href=\"https:\/\/bassin-arcachon.com\/es\/la-piscina-es-toda-la-temporada\/la-piscina-en-otono\/\">\u00bfQu\u00e9 hacer en oto\u00f1o?<\/a><\/div>\n<\/div>\n<\/div>\n\n\n\n<div class=\"wp-block-uagb-container uagb-block-252ab0ca\">\n<div class=\"wp-block-uagb-image uagb-block-b4daf1a1 wp-block-uagb-image--layout-default wp-block-uagb-image--effect-static wp-block-uagb-image--align-none\"><figure class=\"wp-block-uagb-image__figure\"><img decoding=\"async\" srcset=\"https:\/\/bassin-arcachon.com\/wp-content\/uploads\/2017\/02\/automne1.jpg \" sizes=\"auto, (max-width: 480px) 150px\" src=\"https:\/\/bassin-arcachon.com\/wp-content\/uploads\/2017\/02\/automne1.jpg\" alt=\"- - Bassin d&#039;Arcachon\" class=\"uag-image-374\" width=\"700\" height=\"366\" title=\"- - Bassin d&#039;Arcachon\" loading=\"lazy\"><\/figure><\/div>\n<\/div>\n<\/div><\/div>\n\n\n\n<div style=\"height:60px\" aria-hidden=\"true\" class=\"wp-block-spacer\"><\/div>\n\n\n\n<div class=\"wp-block-uagb-container uagb-block-81175587 alignfull uagb-is-root-container\"><div class=\"uagb-container-inner-blocks-wrap\">\n<div class=\"wp-block-uagb-container uagb-block-920fcc4e\">\n<figure class=\"wp-block-gallery has-nested-images columns-2 is-cropped wp-block-gallery-3 is-layout-flex wp-block-gallery-is-layout-flex\">\n<figure class=\"wp-block-image size-large\"><img loading=\"lazy\" decoding=\"async\" width=\"335\" height=\"498\" data-id=\"371\" src=\"https:\/\/bassin-arcachon.com\/wp-content\/uploads\/2017\/02\/hiver2.jpg\" alt=\"- - Bassin d&#039;Arcachon\" class=\"wp-image-371\" title=\"- - Bassin d&#039;Arcachon\" srcset=\"https:\/\/bassin-arcachon.com\/wp-content\/uploads\/2017\/02\/hiver2.jpg 335w, https:\/\/bassin-arcachon.com\/wp-content\/uploads\/2017\/02\/hiver2-8x12.jpg 8w\" sizes=\"auto, (max-width: 335px) 100vw, 335px\" \/><\/figure>\n\n\n\n<figure class=\"wp-block-image size-large\"><img loading=\"lazy\" decoding=\"async\" width=\"783\" height=\"522\" data-id=\"370\" src=\"https:\/\/bassin-arcachon.com\/wp-content\/uploads\/2017\/02\/hiver3.jpg\" alt=\"- - Bassin d&#039;Arcachon\" class=\"wp-image-370\" title=\"- - Bassin d&#039;Arcachon\" srcset=\"https:\/\/bassin-arcachon.com\/wp-content\/uploads\/2017\/02\/hiver3.jpg 783w, https:\/\/bassin-arcachon.com\/wp-content\/uploads\/2017\/02\/hiver3-600x400.jpg 600w, https:\/\/bassin-arcachon.com\/wp-content\/uploads\/2017\/02\/hiver3-768x512.jpg 768w, https:\/\/bassin-arcachon.com\/wp-content\/uploads\/2017\/02\/hiver3-18x12.jpg 18w\" sizes=\"auto, (max-width: 783px) 100vw, 783px\" \/><\/figure>\n<\/figure>\n<\/div>\n\n\n\n<div class=\"wp-block-uagb-container uagb-block-c08c2947\">\n<h2 class=\"wp-block-heading\">En invierno<\/h2>\n\n\n\n<h3 class=\"wp-block-heading\">El tiempo se ralentiza para apreciar mejor<\/h3>\n\n\n\n<p>El Arcachon Bassin tambi\u00e9n se puede descubrir y disfrutar en invierno. Algunos incluso te dir\u00e1n que es el momento ideal para sentir el ambiente real del lugar. Un paseo en barco en la calma infinita del Bassin y una buena comida en una de nuestras buenas direcciones, los placeres simples suelen ser los mejores.<\/p>\n\n\n\n<div class=\"wp-block-buttons is-layout-flex wp-block-buttons-is-layout-flex\">\n<div class=\"wp-block-button\"><a class=\"wp-block-button__link wp-element-button\" href=\"https:\/\/bassin-arcachon.com\/es\/la-piscina-es-toda-la-temporada\/la-piscina-en-invierno\/\">\u00bfQu\u00e9 hacer en invierno?<\/a><\/div>\n<\/div>\n<\/div>\n<\/div><\/div>\n\n\n\n<div style=\"height:60px\" aria-hidden=\"true\" class=\"wp-block-spacer\"><\/div>","protected":false},"excerpt":{"rendered":"<p>Au printemps Profitez des premiers rayons de soleil en terrasse Les journ\u00e9es s\u2019allongent et la nature se r\u00e9veille au printemps, avec l\u2019envie de profiter des premiers rayons de soleil. Enfourchez [&hellip;]<\/p>\n","protected":false},"author":25,"featured_media":49564,"parent":0,"menu_order":21,"comment_status":"closed","ping_status":"closed","template":"","meta":{"_acf_changed":false,"_uag_custom_page_level_css":"","footnotes":""},"class_list":["post-33","page","type-page","status-publish","has-post-thumbnail","hentry"],"acf":[],"uagb_featured_image_src":{"full":["https:\/\/bassin-arcachon.com\/wp-content\/uploads\/2021\/04\/Tribute-to-Cap-Ferret-Recadr\u00e9.jpg",539,539,false],"thumbnail":["https:\/\/bassin-arcachon.com\/wp-content\/uploads\/2021\/04\/Tribute-to-Cap-Ferret-Recadr\u00e9-150x150.jpg",150,150,true],"medium":["https:\/\/bassin-arcachon.com\/wp-content\/uploads\/2021\/04\/Tribute-to-Cap-Ferret-Recadr\u00e9.jpg",539,539,false],"medium_large":["https:\/\/bassin-arcachon.com\/wp-content\/uploads\/2021\/04\/Tribute-to-Cap-Ferret-Recadr\u00e9.jpg",539,539,false],"large":["https:\/\/bassin-arcachon.com\/wp-content\/uploads\/2021\/04\/Tribute-to-Cap-Ferret-Recadr\u00e9.jpg",539,539,false],"1536x1536":["https:\/\/bassin-arcachon.com\/wp-content\/uploads\/2021\/04\/Tribute-to-Cap-Ferret-Recadr\u00e9.jpg",539,539,false],"2048x2048":["https:\/\/bassin-arcachon.com\/wp-content\/uploads\/2021\/04\/Tribute-to-Cap-Ferret-Recadr\u00e9.jpg",539,539,false],"trp-custom-language-flag":["https:\/\/bassin-arcachon.com\/wp-content\/uploads\/2021\/04\/Tribute-to-Cap-Ferret-Recadr\u00e9-12x12.jpg",12,12,true]},"uagb_author_info":{"display_name":"Marie Clauzel","author_link":"https:\/\/bassin-arcachon.com\/es\/author\/mariesiba\/"},"uagb_comment_info":0,"uagb_excerpt":"Au printemps Profitez des premiers rayons de soleil en terrasse Les journ\u00e9es s\u2019allongent et la nature se r\u00e9veille au printemps, avec l\u2019envie de profiter des premiers rayons de soleil. Enfourchez [&hellip;]","_links":{"self":[{"href":"https:\/\/bassin-arcachon.com\/es\/wp-json\/wp\/v2\/pages\/33","targetHints":{"allow":["GET"]}}],"collection":[{"href":"https:\/\/bassin-arcachon.com\/es\/wp-json\/wp\/v2\/pages"}],"about":[{"href":"https:\/\/bassin-arcachon.com\/es\/wp-json\/wp\/v2\/types\/page"}],"author":[{"embeddable":true,"href":"https:\/\/bassin-arcachon.com\/es\/wp-json\/wp\/v2\/users\/25"}],"replies":[{"embeddable":true,"href":"https:\/\/bassin-arcachon.com\/es\/wp-json\/wp\/v2\/comments?post=33"}],"version-history":[{"count":3,"href":"https:\/\/bassin-arcachon.com\/es\/wp-json\/wp\/v2\/pages\/33\/revisions"}],"predecessor-version":[{"id":249269,"href":"https:\/\/bassin-arcachon.com\/es\/wp-json\/wp\/v2\/pages\/33\/revisions\/249269"}],"wp:featuredmedia":[{"embeddable":true,"href":"https:\/\/bassin-arcachon.com\/es\/wp-json\/wp\/v2\/media\/49564"}],"wp:attachment":[{"href":"https:\/\/bassin-arcachon.com\/es\/wp-json\/wp\/v2\/media?parent=33"}],"curies":[{"name":"wp","href":"https:\/\/api.w.org\/{rel}","templated":true}]}}