{"id":333,"date":"2017-03-09T14:29:47","date_gmt":"2017-03-09T13:29:47","guid":{"rendered":"https:\/\/bassin-arcachon.com\/\/?page_id=333"},"modified":"2024-05-13T17:24:50","modified_gmt":"2024-05-13T15:24:50","slug":"corazon-de-la-cuenca","status":"publish","type":"page","link":"https:\/\/bassin-arcachon.com\/es\/nos-villes-et-villages\/coeur-du-bassin\/","title":{"rendered":"El Coraz\u00f3n de la bah\u00eda"},"content":{"rendered":"<div class=\"wp-block-uagb-container uagb-block-08d8a051 alignfull uagb-is-root-container\"><div class=\"uagb-container-inner-blocks-wrap\">\n<div class=\"wp-block-uagb-container uagb-block-b8aed989\">\n<div class=\"wp-block-uagb-image uagb-block-a195b4ec wp-block-uagb-image--layout-default wp-block-uagb-image--effect-static wp-block-uagb-image--align-none\"><figure class=\"wp-block-uagb-image__figure\"><img decoding=\"async\" srcset=\"https:\/\/bassin-arcachon.com\/wp-content\/uploads\/2018\/01\/mini-map-coeur-bassin.jpg \" sizes=\"auto, (max-width: 480px) 150px\" src=\"https:\/\/bassin-arcachon.com\/wp-content\/uploads\/2018\/01\/mini-map-coeur-bassin.jpg\" alt=\"- - Bassin d&#039;Arcachon\" class=\"uag-image-12018\" width=\"278\" height=\"278\" title=\"- - Bassin d&#039;Arcachon\" loading=\"lazy\" role=\"img\"><\/figure><\/div>\n\n\n\n<h2 class=\"wp-block-heading\">El Coraz\u00f3n de la bah\u00eda, de ciudad en ciudad<\/h2>\n\n\n\n<p class=\"translation-block\">El Coraz\u00f3n de la bah\u00eda de Arcach\u00f3n es sobre todo un territorio de espacios naturales fr\u00e1giles que alberga cinco municipios con un encanto especial: <strong>Biganos<\/strong>, <strong>Audenge<\/strong>, <strong>Lanton<\/strong>, <strong>Mios<\/strong> y <strong>Marcheprime<\/strong> tienen una personalidad propia y te aconsejamos ir a conocerlos. De las fincas de Certes y Graveyron al delta del Leyre, el Coraz\u00f3n de la bah\u00eda.<\/p>\n<\/div>\n\n\n\n<div class=\"wp-block-uagb-container uagb-block-7af08e13\">\n<div class=\"wp-block-uagb-image uagb-block-3b7f861a wp-block-uagb-image--layout-default wp-block-uagb-image--effect-static wp-block-uagb-image--align-none\"><figure class=\"wp-block-uagb-image__figure\"><img decoding=\"async\" srcset=\"https:\/\/bassin-arcachon.com\/wp-content\/uploads\/2017\/02\/domaines-certes-graveyron-1024x683.jpg \" sizes=\"auto, (max-width: 480px) 150px\" src=\"https:\/\/bassin-arcachon.com\/wp-content\/uploads\/2017\/02\/domaines-certes-graveyron-1024x683.jpg\" alt=\"- - Bassin d&#039;Arcachon\" class=\"uag-image-1827\" width=\"1024\" height=\"683\" title=\"- - Bassin d&#039;Arcachon\" loading=\"lazy\" role=\"img\"><\/figure><\/div>\n<\/div>\n<\/div><\/div>\n\n\n\n<div style=\"height:40px\" aria-hidden=\"true\" class=\"wp-block-spacer\"><\/div>\n\n\n\n<div class=\"wp-block-uagb-container uagb-block-b598008d alignfull uagb-is-root-container\"><div class=\"uagb-container-inner-blocks-wrap\">\n<div class=\"wp-block-uagb-container uagb-block-6129fc5c\">\n<div class=\"wp-block-uagb-image uagb-block-fba2c76b wp-block-uagb-image--layout-default wp-block-uagb-image--effect-static wp-block-uagb-image--align-none\"><figure class=\"wp-block-uagb-image__figure\"><img decoding=\"async\" srcset=\"https:\/\/bassin-arcachon.com\/wp-content\/uploads\/2018\/04\/port-de-biganos-e1548076260360.jpg \" sizes=\"auto, (max-width: 480px) 150px\" src=\"https:\/\/bassin-arcachon.com\/wp-content\/uploads\/2018\/04\/port-de-biganos-e1548076260360.jpg\" alt=\"Las coloridas caba\u00f1as del puerto de Biganos\" class=\"uag-image-19868\" width=\"1000\" height=\"667\" title=\"- - Bassin d&#039;Arcachon\" loading=\"lazy\" role=\"img\"><\/figure><\/div>\n<\/div>\n\n\n\n<div class=\"wp-block-uagb-container uagb-block-8831d4f0\">\n<h2 class=\"wp-block-heading\">Pasear por el puerto <a href=\"https:\/\/tourisme-coeurdubassin.com\/le-coeur-du-bassin\/nos-communes-au-coeur-du-bassin\/biganos\/\" target=\"_blank\" rel=\"noopener\">De las fincas de Certes y Graveyron al delta del Leyre<\/a><\/h2>\n\n\n\n<p>Empieza el d\u00eda descubriendo <a href=\"https:\/\/bassin-arcachon.com\/es\/nuestros-elementos-esenciales\/pueblos-y-puertos-ostricultores\/\" data-type=\"URL\" data-id=\"https:\/\/bassin-arcachon.com\/nos-incontournables\/les-villages-et-ports-ostreicoles\/\">el puerto y sus\u00a0<strong>caba\u00f1as t\u00edpicas ubicadas<\/strong><\/a>\u00a0en medio del bosque. Ad\u00e9ntrate en los senderos floridos para admirar los bonitos colores de las caba\u00f1as que bordean el Leyre. Luego da un paseo a pie o en canoa\/kayak por las orillas del Leyre. Al avanzar por el delta, presenciar\u00e1s la confluencia del r\u00edo de agua dulce y la bah\u00eda de aguas saladas. Y los amantes de las ostras pueden hacer una pausa en Antoine (el bar de ostras del puerto) o un p\u00edcnic a la sombra de los \u00e1rboles.<\/p>\n<\/div>\n<\/div><\/div>\n\n\n\n<div style=\"height:40px\" aria-hidden=\"true\" class=\"wp-block-spacer\"><\/div>\n\n\n\n<div class=\"wp-block-uagb-container uagb-block-09a758fb alignfull uagb-is-root-container\"><div class=\"uagb-container-inner-blocks-wrap\">\n<div class=\"wp-block-uagb-container uagb-block-5e99eb72\">\n<h2 class=\"wp-block-heading\">Aventurarse en la agreste costa de Audenge<\/h2>\n\n\n\n<p>\u00a1Dir\u00edgete a la orilla este de la bah\u00eda de Arcach\u00f3n para descubrir un paraje totalmente natural! Disfruta de un paseo por el&nbsp;<strong>Pantano de Mesple<\/strong>&nbsp;en compa\u00f1\u00eda de Alexandre, un gu\u00eda de espacios naturales que te hablar\u00e1 de la fauna y la flora del pantano. Ponte en contacto con la Oficina de Turismo del Coraz\u00f3n de la bah\u00eda para conocer los secretos del pantano de Mesple.<\/p>\n\n\n\n<p>A la hora de comer, dir\u00edgete al&nbsp;<strong>puerto ostr\u00edcola de Audenge<\/strong>&nbsp;para degustar unas ostras frescas. En verano, si te apetece, puedes disfrutar de la piscina de agua de mar situada a la entrada del puerto. \u00a1Es ideal cuando la marea est\u00e1 baja!<\/p>\n\n\n\n<p>Prolonga la jornada con un paseo a pie por la finca de&nbsp;<strong>Certes et de Graveyron<\/strong>. Si te fijas bien, \u00a1puedes tener la suerte de avistar varias especies de aves!<\/p>\n<\/div>\n\n\n\n<div class=\"wp-block-uagb-container uagb-block-277ae073\">\t\t\t\t\t<div\n\t\t\t\t\t\tclass=\"wp-block-uagb-image-gallery uagb-block-4b163a47\"\n\t\t\t\t\t\tstyle=\"\"\n\t\t\t\t\t>\n\t\t\t\t\t\t\t\t\t\t\t<div class=\"spectra-image-gallery spectra-image-gallery__layout--carousel\">\n\t\t\t\t\t\t\t\t<div class=\"uagb-slick-carousel uagb-block-4b163a47\">\n\t\t\t\t\t\t\t\t\t\t\t\t<div class='spectra-image-gallery__media-wrapper' data-spectra-gallery-image-id='23934'>\n\t\t\t\t\t\t\t<div class=\"spectra-image-gallery__media spectra-image-gallery__media--carousel\">\n\t\t\t\t<picture>\n\t\t\t\t\t<source media=\"(min-width: 1024px)\" srcset=\"https:\/\/bassin-arcachon.com\/wp-content\/uploads\/2018\/07\/marais-de-Mesple-Audenge-1024x768.jpg\">\n\t\t\t\t\t<source media=\"(min-width: 768px)\" srcset=\"https:\/\/bassin-arcachon.com\/wp-content\/uploads\/2018\/07\/marais-de-Mesple-Audenge-1024x768.jpg\">\n\t\t\t\t\t<img decoding=\"async\" class=\"spectra-image-gallery__media-thumbnail spectra-image-gallery__media-thumbnail--carousel\" src=\"https:\/\/bassin-arcachon.com\/wp-content\/uploads\/2018\/07\/marais-de-Mesple-Audenge-300x225.jpg\" alt=\"- - Bassin d&#039;Arcachon\" loading=\"lazy\" title=\"- - Bassin d&#039;Arcachon\">\n\t\t\t\t<\/picture>\n\t\t\t\t<div class=\"spectra-image-gallery__media-thumbnail-blurrer\"><\/div>\n\t\t\t\t\t\t\t\t\t\t\t<div class=\"spectra-image-gallery__media-thumbnail-caption-wrapper spectra-image-gallery__media-thumbnail-caption-wrapper--overlay\"><\/div>\n\t\t\t\t\t\t\t\t<\/div>\n\t\t\t\t\t\t<\/div>\n\t\t\t\t\t\t<div class='spectra-image-gallery__media-wrapper' data-spectra-gallery-image-id='23932'>\n\t\t\t\t\t\t\t<div class=\"spectra-image-gallery__media spectra-image-gallery__media--carousel\">\n\t\t\t\t<picture>\n\t\t\t\t\t<source media=\"(min-width: 1024px)\" srcset=\"https:\/\/bassin-arcachon.com\/wp-content\/uploads\/2018\/07\/Balade-dans-le-port-Audenge.jpg\">\n\t\t\t\t\t<source media=\"(min-width: 768px)\" srcset=\"https:\/\/bassin-arcachon.com\/wp-content\/uploads\/2018\/07\/Balade-dans-le-port-Audenge.jpg\">\n\t\t\t\t\t<img decoding=\"async\" class=\"spectra-image-gallery__media-thumbnail spectra-image-gallery__media-thumbnail--carousel\" src=\"https:\/\/bassin-arcachon.com\/wp-content\/uploads\/2018\/07\/Balade-dans-le-port-Audenge-300x200.jpg\" alt=\"- - Bassin d&#039;Arcachon\" loading=\"lazy\" title=\"- - Bassin d&#039;Arcachon\">\n\t\t\t\t<\/picture>\n\t\t\t\t<div class=\"spectra-image-gallery__media-thumbnail-blurrer\"><\/div>\n\t\t\t\t\t\t\t\t\t\t\t<div class=\"spectra-image-gallery__media-thumbnail-caption-wrapper spectra-image-gallery__media-thumbnail-caption-wrapper--overlay\"><\/div>\n\t\t\t\t\t\t\t\t<\/div>\n\t\t\t\t\t\t<\/div>\n\t\t\t\t\t\t\t\t\t\t\t<\/div>\n\t\t\t\t\t\t\t<\/div>\n\t\t\t\t\t\t\t\t\t\t\t<\/div>\n\t\t\t\t\t\t\t\t\t<\/div>\n<\/div><\/div>\n\n\n\n<div style=\"height:40px\" aria-hidden=\"true\" class=\"wp-block-spacer\"><\/div>\n\n\n\n<div class=\"wp-block-uagb-container uagb-block-b19f7007 alignfull uagb-is-root-container\">\n<div class=\"wp-block-cover is-light has-parallax\"><span aria-hidden=\"true\" class=\"wp-block-cover__background has-background-dim-0 has-background-dim\"><\/span><div class=\"wp-block-cover__image-background wp-image-23808 has-parallax\" style=\"background-position:50% 50%;background-image:url(https:\/\/bassin-arcachon.com\/wp-content\/uploads\/2017\/02\/Domaine-de-Certes-Audenge.jpg)\"><\/div><div class=\"wp-block-cover__inner-container is-layout-flow wp-block-cover-is-layout-flow\">\n<h2 class=\"wp-block-heading has-text-align-center has-white-color has-text-color has-background has-large-font-size\" style=\"background-color:#000000b3\">En el Coraz\u00f3n de la bah\u00eda, reina la naturaleza y nosotros somos sus invitados<\/h2>\n<\/div><\/div>\n<\/div>\n\n\n\n<div style=\"height:40px\" aria-hidden=\"true\" class=\"wp-block-spacer\"><\/div>\n\n\n\n<div class=\"wp-block-uagb-container uagb-block-86287f6d alignfull uagb-is-root-container\"><div class=\"uagb-container-inner-blocks-wrap\">\n<div class=\"wp-block-uagb-container uagb-block-847cc855\">\n<h2 class=\"wp-block-heading\">Pasea entre tierra y mar en Lanton<\/h2>\n\n\n\n<p>Este litoral preservado en medio de los pinos incita al descanso. Para disfrutar de un rato en plena naturaleza, partiendo de la piscina natural, toma la senda costera hasta la punta de Branne en la finca de Certes. \u00a1La vista es espl\u00e9ndida! En julio y agosto, sal a navegar en kayak de mar desde el puerto de Cassy para explorar la costa mar\u00edtima del Coraz\u00f3n de la bah\u00eda. Despu\u00e9s de estas escapadas, es hora de darse un ba\u00f1o en la playa de Suzette o en la gran playa de Taussat-les-Bains (el ba\u00f1o solo es posible con&nbsp;<a href=\"https:\/\/bassin-arcachon.com\/es\/tiempos-de-marea\/\">marea<\/a>&nbsp;alta).<\/p>\n<\/div>\n\n\n\n<div class=\"wp-block-uagb-container uagb-block-98c04d8d\">\n<div class=\"wp-block-uagb-image uagb-block-cfca5c97 wp-block-uagb-image--layout-default wp-block-uagb-image--effect-static wp-block-uagb-image--align-none\"><figure class=\"wp-block-uagb-image__figure\"><img decoding=\"async\" srcset=\"https:\/\/bassin-arcachon.com\/wp-content\/uploads\/2018\/07\/Sentier-littoral-de-Lanton.jpg \" sizes=\"auto, (max-width: 480px) 150px\" src=\"https:\/\/bassin-arcachon.com\/wp-content\/uploads\/2018\/07\/Sentier-littoral-de-Lanton.jpg\" alt=\"- - Bassin d&#039;Arcachon\" class=\"uag-image-23939\" width=\"1000\" height=\"666\" title=\"- - Bassin d&#039;Arcachon\" loading=\"lazy\" role=\"img\"><\/figure><\/div>\n<\/div>\n<\/div><\/div>\n\n\n\n<div style=\"height:40px\" aria-hidden=\"true\" class=\"wp-block-spacer\"><\/div>\n\n\n\n<div class=\"wp-block-uagb-container uagb-block-2339b3ef alignfull uagb-is-root-container\"><div class=\"uagb-container-inner-blocks-wrap\">\n<div class=\"wp-block-uagb-container uagb-block-b6b5fc4f\">\n<div class=\"wp-block-uagb-image uagb-block-2198f9b5 wp-block-uagb-image--layout-default wp-block-uagb-image--effect-static wp-block-uagb-image--align-none\"><figure class=\"wp-block-uagb-image__figure\"><img decoding=\"async\" srcset=\"https:\/\/bassin-arcachon.com\/wp-content\/uploads\/2018\/07\/Parcours-dans-les-arbres-bassin-arcachon.jpg \" sizes=\"auto, (max-width: 480px) 150px\" src=\"https:\/\/bassin-arcachon.com\/wp-content\/uploads\/2018\/07\/Parcours-dans-les-arbres-bassin-arcachon.jpg\" alt=\"- - Bassin d&#039;Arcachon\" class=\"uag-image-23942\" width=\"1000\" height=\"665\" title=\"- - Bassin d&#039;Arcachon\" loading=\"lazy\" role=\"img\"><\/figure><\/div>\n<\/div>\n\n\n\n<div class=\"wp-block-uagb-container uagb-block-2907e35c\">\n<h2 class=\"wp-block-heading\">Mios y Marcheprime<\/h2>\n\n\n\n<p>Para quienes buscan sensaciones fuertes, \u00a1Mios tiene con qu\u00e9 mantenerlos ocupados! Trepa a los \u00e1rboles siguiendo un circuito de aventuras (<a href=\"https:\/\/parcours-acrobatique-t-en-leyre.fr\/\" target=\"_blank\" rel=\"noreferrer noopener\">T en Leyre<\/a>) catap\u00faltate en un recorrido de estructuras hinchables; o practica el esqu\u00ed n\u00e1utico con la ayuda de un telesqu\u00ed, el wakeboard o incluso el paddle surf (<a href=\"http:\/\/lakecity.fr\/\" target=\"_blank\" rel=\"noreferrer noopener\">ciudad del lago<\/a> O <a href=\"https:\/\/lakecity.fr\/aquapark\/\" target=\"_blank\" rel=\"noopener\">Aquapark33)<\/a>. Tambi\u00e9n es posible recorrer el Leyre a pie o en barca.<br>Por la noche, date el gusto de asistir a un espect\u00e1culo o a una sesi\u00f3n de cine en&nbsp;<a href=\"http:\/\/www.la-caravelle-marcheprime.fr\/\" target=\"_blank\" rel=\"noreferrer noopener\">\" La Caravelle<\/a>&nbsp;&quot;.<\/p>\n<\/div>\n<\/div><\/div>\n\n\n\n<div style=\"height:40px\" aria-hidden=\"true\" class=\"wp-block-spacer\"><\/div>","protected":false},"excerpt":{"rendered":"<p>C\u0153ur du Bassin, de ville en ville Avec 5 communes au charme particulier, le&nbsp;C\u0153ur du Bassin d\u2019Arcachon&nbsp;est surtout un territoire aux espaces naturels fragiles. Biganos,&nbsp;Audenge,&nbsp;Lanton,&nbsp;Mios&nbsp;et&nbsp;Marcheprime poss\u00e8dent chacune leur personnalit\u00e9 et [&hellip;]<\/p>\n","protected":false},"author":25,"featured_media":23939,"parent":29,"menu_order":5,"comment_status":"closed","ping_status":"closed","template":"","meta":{"_acf_changed":false,"_uag_custom_page_level_css":"","footnotes":""},"class_list":["post-333","page","type-page","status-publish","has-post-thumbnail","hentry"],"acf":[],"uagb_featured_image_src":{"full":["https:\/\/bassin-arcachon.com\/wp-content\/uploads\/2018\/07\/Sentier-littoral-de-Lanton.jpg",1000,666,false],"thumbnail":["https:\/\/bassin-arcachon.com\/wp-content\/uploads\/2018\/07\/Sentier-littoral-de-Lanton-150x150.jpg",150,150,true],"medium":["https:\/\/bassin-arcachon.com\/wp-content\/uploads\/2018\/07\/Sentier-littoral-de-Lanton-600x400.jpg",600,400,true],"medium_large":["https:\/\/bassin-arcachon.com\/wp-content\/uploads\/2018\/07\/Sentier-littoral-de-Lanton-768x511.jpg",768,511,true],"large":["https:\/\/bassin-arcachon.com\/wp-content\/uploads\/2018\/07\/Sentier-littoral-de-Lanton.jpg",1000,666,false],"1536x1536":["https:\/\/bassin-arcachon.com\/wp-content\/uploads\/2018\/07\/Sentier-littoral-de-Lanton.jpg",1000,666,false],"2048x2048":["https:\/\/bassin-arcachon.com\/wp-content\/uploads\/2018\/07\/Sentier-littoral-de-Lanton.jpg",1000,666,false],"trp-custom-language-flag":["https:\/\/bassin-arcachon.com\/wp-content\/uploads\/2018\/07\/Sentier-littoral-de-Lanton-18x12.jpg",18,12,true]},"uagb_author_info":{"display_name":"Marie Clauzel","author_link":"https:\/\/bassin-arcachon.com\/es\/author\/mariesiba\/"},"uagb_comment_info":0,"uagb_excerpt":"C\u0153ur du Bassin, de ville en ville Avec 5 communes au charme particulier, le&nbsp;C\u0153ur du Bassin d\u2019Arcachon&nbsp;est surtout un territoire aux espaces naturels fragiles. Biganos,&nbsp;Audenge,&nbsp;Lanton,&nbsp;Mios&nbsp;et&nbsp;Marcheprime poss\u00e8dent chacune leur personnalit\u00e9 et [&hellip;]","_links":{"self":[{"href":"https:\/\/bassin-arcachon.com\/es\/wp-json\/wp\/v2\/pages\/333","targetHints":{"allow":["GET"]}}],"collection":[{"href":"https:\/\/bassin-arcachon.com\/es\/wp-json\/wp\/v2\/pages"}],"about":[{"href":"https:\/\/bassin-arcachon.com\/es\/wp-json\/wp\/v2\/types\/page"}],"author":[{"embeddable":true,"href":"https:\/\/bassin-arcachon.com\/es\/wp-json\/wp\/v2\/users\/25"}],"replies":[{"embeddable":true,"href":"https:\/\/bassin-arcachon.com\/es\/wp-json\/wp\/v2\/comments?post=333"}],"version-history":[{"count":0,"href":"https:\/\/bassin-arcachon.com\/es\/wp-json\/wp\/v2\/pages\/333\/revisions"}],"up":[{"embeddable":true,"href":"https:\/\/bassin-arcachon.com\/es\/wp-json\/wp\/v2\/pages\/29"}],"wp:featuredmedia":[{"embeddable":true,"href":"https:\/\/bassin-arcachon.com\/es\/wp-json\/wp\/v2\/media\/23939"}],"wp:attachment":[{"href":"https:\/\/bassin-arcachon.com\/es\/wp-json\/wp\/v2\/media?parent=333"}],"curies":[{"name":"wp","href":"https:\/\/api.w.org\/{rel}","templated":true}]}}