{"id":339,"date":"2017-03-09T14:31:37","date_gmt":"2017-03-09T13:31:37","guid":{"rendered":"https:\/\/bassin-arcachon.com\/\/?page_id=339"},"modified":"2024-12-13T10:58:13","modified_gmt":"2024-12-13T09:58:13","slug":"andernos-los-banos","status":"publish","type":"page","link":"https:\/\/bassin-arcachon.com\/es\/nos-villes-et-villages\/andernos-les-bains\/","title":{"rendered":"Andernos les Bains"},"content":{"rendered":"<div class=\"wp-block-uagb-container uagb-block-93e7943d alignfull uagb-is-root-container\"><div class=\"uagb-container-inner-blocks-wrap\">\n<div class=\"wp-block-uagb-container uagb-block-23f06e02\">\n<div class=\"wp-block-uagb-image uagb-block-52ed65b7 wp-block-uagb-image--layout-default wp-block-uagb-image--effect-static wp-block-uagb-image--align-none\"><figure class=\"wp-block-uagb-image__figure\"><img decoding=\"async\" srcset=\"https:\/\/bassin-arcachon.com\/wp-content\/uploads\/2017\/03\/mini-map-andernos.jpg \" sizes=\"auto, (max-width: 480px) 150px\" src=\"https:\/\/bassin-arcachon.com\/wp-content\/uploads\/2017\/03\/mini-map-andernos.jpg\" alt=\"- - Bassin d&#039;Arcachon\" class=\"uag-image-1911\" width=\"278\" height=\"278\" title=\"- - Bassin d&#039;Arcachon\" loading=\"lazy\" role=\"img\"><\/figure><\/div>\n\n\n\n<h2 class=\"wp-block-heading\">Andernos les Bains<\/h2>\n\n\n\n<p>Con su gran muelle, su puerto ostr\u00edcola, sus espacios naturales, sus playas y su animado centro urbano,&nbsp;<strong>Andernos les Bains<\/strong>&nbsp;tiene todo lo indispensable para vivir unas aut\u00e9nticas vacaciones con amigos y familia! <br>Si buscas <a href=\"https:\/\/bassin-arcachon.com\/es\/donde-dormir\/hoteles\/andernos\/\">un hotel<\/a>, <a href=\"https:\/\/bassin-arcachon.com\/es\/donde-dormir\/alquileres\/andernos\/\">un alquiler vacacional<\/a>, <a href=\"https:\/\/bassin-arcachon.com\/es\/donde-dormir\/camping\/andernos\/\">o un camping<\/a> O <a href=\"https:\/\/bassin-arcachon.com\/es\/donde-dormir\/habitaciones-de-invitados\/andernos\/\" data-type=\"link\" data-id=\"https:\/\/bassin-arcachon.com\/ou-dormir\/chambres-hotes\/andernos\/\">una habitaci\u00f3n en casas particulares<\/a>, Andernos-les-Bains es la localidad costera ideal para alojarse durante las vacaciones.<\/p>\n<\/div>\n\n\n\n<div class=\"wp-block-uagb-container uagb-block-7e8a9914\">\n<div class=\"wp-block-uagb-image uagb-block-a129df15 wp-block-uagb-image--layout-default wp-block-uagb-image--effect-static wp-block-uagb-image--align-none\"><figure class=\"wp-block-uagb-image__figure\"><img decoding=\"async\" srcset=\"https:\/\/bassin-arcachon.com\/wp-content\/uploads\/2023\/01\/andernos-velo-SIBA-agence-les-conteurs-112-scaled-683x1024.jpg \" sizes=\"auto, (max-width: 480px) 150px\" src=\"https:\/\/bassin-arcachon.com\/wp-content\/uploads\/2023\/01\/andernos-velo-SIBA-agence-les-conteurs-112-scaled-683x1024.jpg\" alt=\"- - Bassin d&#039;Arcachon\" class=\"uag-image-53651\" width=\"683\" height=\"1024\" title=\"- - Bassin d&#039;Arcachon\" loading=\"lazy\" role=\"img\"><\/figure><\/div>\n<\/div>\n<\/div><\/div>\n\n\n\n<div style=\"height:40px\" aria-hidden=\"true\" class=\"wp-block-spacer\"><\/div>\n\n\n\n<div class=\"wp-block-uagb-container uagb-block-c30762ba alignfull uagb-is-root-container\"><div class=\"uagb-container-inner-blocks-wrap\">\n<div class=\"wp-block-uagb-container uagb-block-c57f602d\">\n<div class=\"wp-block-uagb-image uagb-block-6209834a wp-block-uagb-image--layout-default wp-block-uagb-image--effect-static wp-block-uagb-image--align-none\"><figure class=\"wp-block-uagb-image__figure\"><img decoding=\"async\" srcset=\"https:\/\/bassin-arcachon.com\/wp-content\/uploads\/2018\/07\/Jetee-andernos-les-bains-balade-en-famille.jpg \" sizes=\"auto, (max-width: 480px) 150px\" src=\"https:\/\/bassin-arcachon.com\/wp-content\/uploads\/2018\/07\/Jetee-andernos-les-bains-balade-en-famille.jpg\" alt=\"- - Bassin d&#039;Arcachon\" class=\"uag-image-23917\" width=\"1000\" height=\"666\" title=\"- - Bassin d&#039;Arcachon\" loading=\"lazy\" role=\"img\"><\/figure><\/div>\n<\/div>\n\n\n\n<div class=\"wp-block-uagb-container uagb-block-39e8a21f\">\n<h2 class=\"wp-block-heading\">Pasear por el muelle, el m\u00e1s largo de Francia<\/h2>\n\n\n\n<p><br>Recorre este&nbsp;<strong>muelle de 232 m de largo<\/strong>con la c\u00e1mara de fotos en la mano. Llega hasta el final para admirar la vista de los pignots (estacas clavadas en el mar para delimitar los criaderos de ostras), los barcos y observar las aves. \u00a1Vis\u00edtalo tambi\u00e9n al atardecer! Cerca del muelle, pasea por el bulevar de la playa para ver las hermosas&nbsp;<strong><a href=\"https:\/\/bassin-arcachon.com\/es\/donde-dormir\/alquileres\/andernos\/\">casas de campo<\/a><\/strong>&nbsp;de Andernos.<\/p>\n<\/div>\n<\/div><\/div>\n\n\n\n<div style=\"height:40px\" aria-hidden=\"true\" class=\"wp-block-spacer\"><\/div>\n\n\n\n<div class=\"wp-block-uagb-container uagb-block-20fba992 alignfull uagb-is-root-container\"><div class=\"uagb-container-inner-blocks-wrap\">\n<div class=\"wp-block-uagb-container uagb-block-f7ec523a\">\n<h2 class=\"wp-block-heading\">Caminar por el puerto ostr\u00edcola<\/h2>\n\n\n\n<p>Aprovecha las vacaciones para recorrer las calles floridas del&nbsp;<a href=\"https:\/\/bassin-arcachon.com\/es\/nuestros-elementos-esenciales\/pueblos-y-puertos-ostricultores\/\">puerto ostr\u00edcola<\/a> de Andernos-les-Bains. Aqu\u00ed, las caba\u00f1as tienen todas colores  diferentes.<\/p>\n\n\n\n<p>Si\u00e9ntate en una mesa a la hora de comer para degustar una buena mariscada o en la orilla del mar para admirar el ir y venir de los barcos de los ostricultores que regresan al puerto. <\/p>\n\n\n\n<p>No lejos de all\u00ed, abre la puerta de la iglesia de<a href=\"https:\/\/www.gironde-tourisme.fr\/patrimoine-culturel\/eglise-saint-eloi\/\" data-type=\"URL\" data-id=\"https:\/\/www.gironde-tourisme.fr\/patrimoine-culturel\/eglise-saint-eloi\/\" target=\"_blank\" rel=\"noopener\"><strong>Saint Eloi,<\/strong>&nbsp;<\/a>que data del siglo XI  est\u00e1 decorada con magn\u00edficos frisos y pinturas murales. <\/p>\n\n\n\n<p>Luego haz una pausa y explora las&nbsp;<strong>ruinas de una villa galorromana<\/strong>&nbsp;del siglo IV.<\/p>\n<\/div>\n\n\n\n<div class=\"wp-block-uagb-container uagb-block-93b7e89f\">\n<div class=\"wp-block-uagb-image uagb-block-452f8197 wp-block-uagb-image--layout-default wp-block-uagb-image--effect-static wp-block-uagb-image--align-none\"><figure class=\"wp-block-uagb-image__figure\"><img decoding=\"async\" srcset=\"https:\/\/bassin-arcachon.com\/wp-content\/uploads\/2022\/10\/andernos-huitres-SIBA-agence-les-conteurs-36-1536x1536-1-1024x1024.jpg \" sizes=\"auto, (max-width: 480px) 150px\" src=\"https:\/\/bassin-arcachon.com\/wp-content\/uploads\/2022\/10\/andernos-huitres-SIBA-agence-les-conteurs-36-1536x1536-1-1024x1024.jpg\" alt=\"- - Bassin d&#039;Arcachon\" class=\"uag-image-51611\" width=\"1024\" height=\"1024\" title=\"- - Bassin d&#039;Arcachon\" loading=\"lazy\" role=\"img\"><\/figure><\/div>\n<\/div>\n<\/div><\/div>\n\n\n\n<div style=\"height:40px\" aria-hidden=\"true\" class=\"wp-block-spacer\"><\/div>\n\n\n\n<div class=\"wp-block-uagb-container uagb-block-4934205d alignfull uagb-is-root-container\"><div class=\"uagb-container-inner-blocks-wrap\">\n<h3 class=\"wp-block-heading\">Explorar la naturaleza\u2026<\/h3>\n\n\n\n<p>Desde el puerto ostr\u00edcola, ve a conocer uno de los parajes naturales de la bah\u00eda de Arcach\u00f3n: la finca de\u00a0<strong>St-Brice-Les Quinconces-Le Culin<\/strong>. Siguiendo el camino de la costa, disfrutar\u00e1s de una vista de toda la bah\u00eda desde la Pointe des Quinconces, un rinc\u00f3n muy conocido para los lugare\u00f1os. En direcci\u00f3n norte, se cruza el r\u00edo Cir\u00e8s para llegar a la bonita playa de La Conche de Saint Brice en\u00a0<a href=\"https:\/\/bassin-arcachon.com\/es\/nuestros-pueblos-y-aldeas\/ares\/\">Ares<\/a>.<\/p>\n\n\n\n<figure class=\"wp-block-gallery has-nested-images columns-3 is-cropped wp-block-gallery-1 is-layout-flex wp-block-gallery-is-layout-flex\">\n<figure class=\"wp-block-image size-large\"><img loading=\"lazy\" decoding=\"async\" width=\"1024\" height=\"768\" data-id=\"47498\" src=\"https:\/\/bassin-arcachon.com\/wp-content\/uploads\/2020\/09\/5-QuinconcescAng\u00e9lique-Saget-scaled-1024x768.jpg\" alt=\"- - Bassin d&#039;Arcachon\" class=\"wp-image-47498\" title=\"- - Bassin d&#039;Arcachon\" srcset=\"\" sizes=\"auto, (max-width: 1024px) 100vw, 1024px\" data-srcset=\"\" \/><\/figure>\n\n\n\n<figure class=\"wp-block-image size-large\"><img loading=\"lazy\" decoding=\"async\" width=\"1024\" height=\"683\" data-id=\"42974\" src=\"https:\/\/bassin-arcachon.com\/wp-content\/uploads\/2020\/03\/andernos-velo-SIBA-agence-les-conteurs-64-1024x683.jpg\" alt=\"- - Bassin d&#039;Arcachon\" class=\"wp-image-42974\" title=\"- - Bassin d&#039;Arcachon\" srcset=\"https:\/\/bassin-arcachon.com\/wp-content\/uploads\/2020\/03\/andernos-velo-SIBA-agence-les-conteurs-64-1024x683.jpg 1024w, https:\/\/bassin-arcachon.com\/wp-content\/uploads\/2020\/03\/andernos-velo-SIBA-agence-les-conteurs-64-600x400.jpg 600w, https:\/\/bassin-arcachon.com\/wp-content\/uploads\/2020\/03\/andernos-velo-SIBA-agence-les-conteurs-64-768x512.jpg 768w, https:\/\/bassin-arcachon.com\/wp-content\/uploads\/2020\/03\/andernos-velo-SIBA-agence-les-conteurs-64-18x12.jpg 18w, https:\/\/bassin-arcachon.com\/wp-content\/uploads\/2020\/03\/andernos-velo-SIBA-agence-les-conteurs-64.jpg 1200w\" sizes=\"auto, (max-width: 1024px) 100vw, 1024px\" \/><\/figure>\n\n\n\n<figure class=\"wp-block-image size-large\"><img loading=\"lazy\" decoding=\"async\" width=\"1024\" height=\"683\" data-id=\"46829\" src=\"https:\/\/bassin-arcachon.com\/wp-content\/uploads\/2020\/06\/andernos-quinconces-SIBA-agence-les-conteurs-39-1024x683.jpg\" alt=\"- - Bassin d&#039;Arcachon\" class=\"wp-image-46829\" title=\"- - Bassin d&#039;Arcachon\" srcset=\"https:\/\/bassin-arcachon.com\/wp-content\/uploads\/2020\/06\/andernos-quinconces-SIBA-agence-les-conteurs-39-1024x683.jpg 1024w, https:\/\/bassin-arcachon.com\/wp-content\/uploads\/2020\/06\/andernos-quinconces-SIBA-agence-les-conteurs-39-600x400.jpg 600w, https:\/\/bassin-arcachon.com\/wp-content\/uploads\/2020\/06\/andernos-quinconces-SIBA-agence-les-conteurs-39-768x512.jpg 768w, https:\/\/bassin-arcachon.com\/wp-content\/uploads\/2020\/06\/andernos-quinconces-SIBA-agence-les-conteurs-39-18x12.jpg 18w, https:\/\/bassin-arcachon.com\/wp-content\/uploads\/2020\/06\/andernos-quinconces-SIBA-agence-les-conteurs-39.jpg 1200w\" sizes=\"auto, (max-width: 1024px) 100vw, 1024px\" \/><\/figure>\n<\/figure>\n<\/div><\/div>\n\n\n\n<div style=\"height:40px\" aria-hidden=\"true\" class=\"wp-block-spacer\"><\/div>\n\n\n\n<div class=\"wp-block-uagb-container uagb-block-58548285 alignfull uagb-is-root-container\"><div class=\"uagb-container-inner-blocks-wrap\">\n<figure class=\"wp-block-pullquote\" style=\"border-radius:0px;border-top-style:none;border-top-width:0px;border-right-style:none;border-right-width:0px;border-bottom-style:none;border-bottom-width:0px;border-left-width:2px\"><blockquote><p>\u00a1Reg\u00e1late una pausa gourmet cerca del muelle de Andernos!<\/p><\/blockquote><\/figure>\n<\/div><\/div>\n\n\n\n<div style=\"height:20px\" aria-hidden=\"true\" class=\"wp-block-spacer\"><\/div>\n\n\n\n<div class=\"wp-block-uagb-container uagb-block-d858886b alignfull uagb-is-root-container\"><div class=\"uagb-container-inner-blocks-wrap\">\n<div class=\"wp-block-uagb-container uagb-block-cba1005c\">\n<div class=\"wp-block-uagb-image uagb-block-1c60eea1 wp-block-uagb-image--layout-default wp-block-uagb-image--effect-static wp-block-uagb-image--align-none\"><figure class=\"wp-block-uagb-image__figure\"><img decoding=\"async\" srcset=\"https:\/\/bassin-arcachon.com\/wp-content\/uploads\/2023\/01\/Festival-de-Jazz-a-Andernos.jpg \" sizes=\"auto, (max-width: 480px) 150px\" src=\"https:\/\/bassin-arcachon.com\/wp-content\/uploads\/2023\/01\/Festival-de-Jazz-a-Andernos.jpg\" alt=\"- - Bassin d&#039;Arcachon\" class=\"uag-image-53659\" width=\"603\" height=\"444\" title=\"- - Bassin d&#039;Arcachon\" loading=\"lazy\" role=\"img\"><\/figure><\/div>\n<\/div>\n\n\n\n<div class=\"wp-block-uagb-container uagb-block-44c37fb5\">\n<h2 class=\"wp-block-heading\">Vivir al ritmo de los espect\u00e1culos<\/h2>\n\n\n\n<p>\u00a1D\u00e9jate llevar por el ambiente de la ciudad Andernos-les-Bains tanto de d\u00eda como de noche y durante todo el a\u00f1o!<\/p>\n\n\n\n<p>En la explanada del muelle,&nbsp;<strong>se suceden<\/strong>&nbsp;actividades todas las noches durante el verano.&nbsp;<a href=\"https:\/\/bassin-arcachon.com\/es\/agenda-salidas-mercados\/\" target=\"_blank\" rel=\"noreferrer noopener\">\u00a1Consulta la agenda de actividades!<\/a>&nbsp;! Y para los amantes de&nbsp;<strong>compras<\/strong>, las tiendas de Andernos-les-Bains est\u00e1n abiertas todo el a\u00f1o y todas las tardes de verano. \u00a1A los habitantes locales nos encantan!<\/p>\n<\/div>\n<\/div><\/div>\n\n\n\n<div style=\"height:40px\" aria-hidden=\"true\" class=\"wp-block-spacer\"><\/div>\n\n\n\n<div class=\"wp-block-uagb-container uagb-block-0d08e2bf alignfull uagb-is-root-container\"><div class=\"uagb-container-inner-blocks-wrap\">\n<div class=\"wp-block-uagb-container uagb-block-93fd5562\">\n<h2 class=\"wp-block-heading\">Hundirse en los canales que deja la marea\u2026<\/h2>\n\n\n\n<p>Ve a descubrir las marismas durante la marea baja en busca de mariscos, cangrejos y almejas. Procura respetar el tama\u00f1o m\u00ednimo de los crust\u00e1ceos para garantizar una protecci\u00f3n sostenible de este entorno tan fr\u00e1gil: hay reglas disponibles en la Oficina de Turismo.<\/p>\n<\/div>\n\n\n\n<div class=\"wp-block-uagb-container uagb-block-c9e92521\">\n<div class=\"wp-block-uagb-image uagb-block-279bb207 wp-block-uagb-image--layout-default wp-block-uagb-image--effect-static wp-block-uagb-image--align-none\"><figure class=\"wp-block-uagb-image__figure\"><img decoding=\"async\" srcset=\"https:\/\/bassin-arcachon.com\/wp-content\/uploads\/2020\/07\/Peche-a-pied-Bassin-dArcachon-1024x683-1.jpg \" sizes=\"auto, (max-width: 480px) 150px\" src=\"https:\/\/bassin-arcachon.com\/wp-content\/uploads\/2020\/07\/Peche-a-pied-Bassin-dArcachon-1024x683-1.jpg\" alt=\"- - Bassin d&#039;Arcachon\" class=\"uag-image-44390\" width=\"1024\" height=\"683\" title=\"- - Bassin d&#039;Arcachon\" loading=\"lazy\" role=\"img\"><\/figure><\/div>\n<\/div>\n<\/div><\/div>\n\n\n\n<div style=\"height:40px\" aria-hidden=\"true\" class=\"wp-block-spacer\"><\/div>\n\n\n\n<div class=\"wp-block-uagb-container uagb-block-25c6622c alignfull uagb-is-root-container\"><div class=\"uagb-container-inner-blocks-wrap\">\n<div class=\"wp-block-uagb-container uagb-block-da2ba761\">\n<div class=\"wp-block-uagb-image uagb-block-224ed929 wp-block-uagb-image--layout-default wp-block-uagb-image--effect-static wp-block-uagb-image--align-none\"><figure class=\"wp-block-uagb-image__figure\"><img decoding=\"async\" srcset=\"https:\/\/bassin-arcachon.com\/wp-content\/uploads\/2018\/07\/Plage-du-Betey-a-Andernos-les-Bains-1024x683.jpg \" sizes=\"auto, (max-width: 480px) 150px\" src=\"https:\/\/bassin-arcachon.com\/wp-content\/uploads\/2018\/07\/Plage-du-Betey-a-Andernos-les-Bains-1024x683.jpg\" alt=\"- - Bassin d&#039;Arcachon\" class=\"uag-image-23907\" width=\"1024\" height=\"683\" title=\"- - Bassin d&#039;Arcachon\" loading=\"lazy\" role=\"img\"><\/figure><\/div>\n<\/div>\n\n\n\n<div class=\"wp-block-uagb-container uagb-block-4f83e3f7\">\n<h3 class=\"wp-block-heading\">Relajarse en las playas<\/h3>\n\n\n\n<p>\u00a1Esto tambi\u00e9n son vacaciones! Tomar un helado en la helader\u00eda local y descansar a la orilla del mar con el murmullo del agua de fondo.&nbsp;<strong>Andernos les Bains<\/strong>puedes elegir entre la playa de Quinconces, la playa del puerto ostr\u00edcola, la playa de B\u00e9tey y la del muelle.<\/p>\n\n\n\n<p>\u00a1A los ni\u00f1os les encantar\u00e1 la&nbsp;<strong>Playa de Betey<\/strong>&nbsp;con sus columpios y sus numerosas actividades playeras!<\/p>\n<\/div>\n<\/div><\/div>\n\n\n\n<div style=\"height:40px\" aria-hidden=\"true\" class=\"wp-block-spacer\"><\/div>","protected":false},"excerpt":{"rendered":"<p>Andernos-les-Bains Avec sa grande jet\u00e9e, son port ostr\u00e9icole, ses espaces naturels, ses plages et sa ville anim\u00e9e,&nbsp;Andernos-les-Bains&nbsp;poss\u00e8de tous les indispensables pour vivre de vraies vacances entre amis et en famille&nbsp;! [&hellip;]<\/p>\n","protected":false},"author":25,"featured_media":19923,"parent":29,"menu_order":6,"comment_status":"closed","ping_status":"closed","template":"","meta":{"_acf_changed":false,"_uag_custom_page_level_css":"","footnotes":""},"class_list":["post-339","page","type-page","status-publish","has-post-thumbnail","hentry"],"acf":[],"uagb_featured_image_src":{"full":["https:\/\/bassin-arcachon.com\/wp-content\/uploads\/2018\/04\/jetee-andernos-e1548069968302.jpg",1000,667,false],"thumbnail":["https:\/\/bassin-arcachon.com\/wp-content\/uploads\/2018\/04\/jetee-andernos-e1548069968302-150x150.jpg",150,150,true],"medium":["https:\/\/bassin-arcachon.com\/wp-content\/uploads\/2018\/04\/jetee-andernos-e1548069968302-600x400.jpg",600,400,true],"medium_large":["https:\/\/bassin-arcachon.com\/wp-content\/uploads\/2018\/04\/jetee-andernos-e1548069968302-768x512.jpg",768,512,true],"large":["https:\/\/bassin-arcachon.com\/wp-content\/uploads\/2018\/04\/jetee-andernos-e1548069968302.jpg",1000,667,false],"1536x1536":["https:\/\/bassin-arcachon.com\/wp-content\/uploads\/2018\/04\/jetee-andernos-e1548069968302.jpg",1000,667,false],"2048x2048":["https:\/\/bassin-arcachon.com\/wp-content\/uploads\/2018\/04\/jetee-andernos-e1548069968302.jpg",1000,667,false],"trp-custom-language-flag":["https:\/\/bassin-arcachon.com\/wp-content\/uploads\/2018\/04\/jetee-andernos-e1548069968302-18x12.jpg",18,12,true]},"uagb_author_info":{"display_name":"Marie Clauzel","author_link":"https:\/\/bassin-arcachon.com\/es\/author\/mariesiba\/"},"uagb_comment_info":0,"uagb_excerpt":"Andernos-les-Bains Avec sa grande jet\u00e9e, son port ostr\u00e9icole, ses espaces naturels, ses plages et sa ville anim\u00e9e,&nbsp;Andernos-les-Bains&nbsp;poss\u00e8de tous les indispensables pour vivre de vraies vacances entre amis et en famille&nbsp;! [&hellip;]","_links":{"self":[{"href":"https:\/\/bassin-arcachon.com\/es\/wp-json\/wp\/v2\/pages\/339","targetHints":{"allow":["GET"]}}],"collection":[{"href":"https:\/\/bassin-arcachon.com\/es\/wp-json\/wp\/v2\/pages"}],"about":[{"href":"https:\/\/bassin-arcachon.com\/es\/wp-json\/wp\/v2\/types\/page"}],"author":[{"embeddable":true,"href":"https:\/\/bassin-arcachon.com\/es\/wp-json\/wp\/v2\/users\/25"}],"replies":[{"embeddable":true,"href":"https:\/\/bassin-arcachon.com\/es\/wp-json\/wp\/v2\/comments?post=339"}],"version-history":[{"count":2,"href":"https:\/\/bassin-arcachon.com\/es\/wp-json\/wp\/v2\/pages\/339\/revisions"}],"predecessor-version":[{"id":118616,"href":"https:\/\/bassin-arcachon.com\/es\/wp-json\/wp\/v2\/pages\/339\/revisions\/118616"}],"up":[{"embeddable":true,"href":"https:\/\/bassin-arcachon.com\/es\/wp-json\/wp\/v2\/pages\/29"}],"wp:featuredmedia":[{"embeddable":true,"href":"https:\/\/bassin-arcachon.com\/es\/wp-json\/wp\/v2\/media\/19923"}],"wp:attachment":[{"href":"https:\/\/bassin-arcachon.com\/es\/wp-json\/wp\/v2\/media?parent=339"}],"curies":[{"name":"wp","href":"https:\/\/api.w.org\/{rel}","templated":true}]}}