{"id":342,"date":"2017-03-09T14:32:51","date_gmt":"2017-03-09T13:32:51","guid":{"rendered":"https:\/\/bassin-arcachon.com\/\/?page_id=342"},"modified":"2024-05-13T12:36:32","modified_gmt":"2024-05-13T10:36:32","slug":"huron-de-gorra-lege","status":"publish","type":"page","link":"https:\/\/bassin-arcachon.com\/es\/nos-villes-et-villages\/lege-cap-ferret\/","title":{"rendered":"L\u00e8ge-Cap Ferret"},"content":{"rendered":"<div class=\"wp-block-uagb-container uagb-block-608f027c alignfull uagb-is-root-container\"><div class=\"uagb-container-inner-blocks-wrap\">\n<div class=\"wp-block-uagb-container uagb-block-b68abdb1\">\n<div class=\"wp-block-uagb-image uagb-block-1df32a0c wp-block-uagb-image--layout-default wp-block-uagb-image--effect-static wp-block-uagb-image--align-none\"><figure class=\"wp-block-uagb-image__figure\"><img decoding=\"async\" srcset=\"https:\/\/bassin-arcachon.com\/wp-content\/uploads\/2017\/09\/mini-map-lege.jpg \" sizes=\"auto, (max-width: 480px) 150px\" src=\"https:\/\/bassin-arcachon.com\/wp-content\/uploads\/2017\/09\/mini-map-lege.jpg\" alt=\"- - Bassin d&#039;Arcachon\" class=\"uag-image-9672\" width=\"278\" height=\"278\" title=\"- - Bassin d&#039;Arcachon\" loading=\"lazy\" role=\"img\"><\/figure><\/div>\n\n\n\n<h2 class=\"wp-block-heading\">L\u00e8ge-Cap Ferret y los recuerdos de la infancia<\/h2>\n\n\n\n<p>Vista desde el cielo, esta pen\u00ednsula parece rodear afectuosamente la bah\u00eda de Arcach\u00f3n. Con los pies ya en la tierra, los diez pueblos que forman L\u00e8ge-Cap Ferret invitan a disfrutar de las vacaciones cada uno a su ritmo y a dedicar tiempo a no hacer nada o a hacerlo todo a la vez\u2026<\/p>\n\n\n\n<p>\u00a1Eso son tambi\u00e9n las verdaderas vacaciones!<\/p>\n<\/div>\n\n\n\n<div class=\"wp-block-uagb-container uagb-block-f1ff5419\">\t\t\t\t\t<div\n\t\t\t\t\t\tclass=\"wp-block-uagb-image-gallery uagb-block-24031e8c\"\n\t\t\t\t\t\tstyle=\"\"\n\t\t\t\t\t>\n\t\t\t\t\t\t\t\t\t\t\t<div class=\"spectra-image-gallery spectra-image-gallery__layout--grid spectra-image-gallery__layout--grid-col-1 spectra-image-gallery__layout--grid-col-tab-1 spectra-image-gallery__layout--grid-col-mob-1\">\n\t\t\t\t\t\t\t\t\t\t\t<div class='spectra-image-gallery__media-wrapper' data-spectra-gallery-image-id='1737' tabindex=\"0\">\n\t\t\t\t\t\t\t<div class=\"spectra-image-gallery__media spectra-image-gallery__media--grid\">\n\t\t\t\t<picture>\n\t\t\t\t\t<source media=\"(min-width: 1024px)\" srcset=\"https:\/\/bassin-arcachon.com\/wp-content\/uploads\/2017\/02\/balade-ocean-noel-1024x683.jpg\">\n\t\t\t\t\t<source media=\"(min-width: 768px)\" srcset=\"https:\/\/bassin-arcachon.com\/wp-content\/uploads\/2017\/02\/balade-ocean-noel-1024x683.jpg\">\n\t\t\t\t\t<img decoding=\"async\" class=\"spectra-image-gallery__media-thumbnail spectra-image-gallery__media-thumbnail--grid\" src=\"https:\/\/bassin-arcachon.com\/wp-content\/uploads\/2017\/02\/balade-ocean-noel-300x200.jpg\" alt=\"- - Bassin d&#039;Arcachon\" loading=\"lazy\" title=\"- - Bassin d&#039;Arcachon\">\n\t\t\t\t<\/picture>\n\t\t\t\t<div class=\"spectra-image-gallery__media-thumbnail-blurrer\"><\/div>\n\t\t\t\t\t\t\t\t\t\t\t<div class=\"spectra-image-gallery__media-thumbnail-caption-wrapper spectra-image-gallery__media-thumbnail-caption-wrapper--overlay\"><\/div>\n\t\t\t\t\t\t\t\t<\/div>\n\t\t\t\t\t\t<\/div>\n\t\t\t\t\t\t\t\t\t\t<\/div>\n\t\t\t\t\t\t\t\t\t\t\t\t\t\t\t\t\t\t<\/div>\n\t\t\t\t\t\t\t\t\t<\/div>\n<\/div><\/div>\n\n\n\n<div style=\"height:40px\" aria-hidden=\"true\" class=\"wp-block-spacer\"><\/div>\n\n\n\n<div class=\"wp-block-uagb-container uagb-block-38ac36db alignfull uagb-is-root-container\"><div class=\"uagb-container-inner-blocks-wrap\">\n<div class=\"wp-block-uagb-container uagb-block-7d987f6f\">\n<div class=\"wp-block-uagb-image uagb-block-9eb9b940 wp-block-uagb-image--layout-default wp-block-uagb-image--effect-static wp-block-uagb-image--align-none\"><figure class=\"wp-block-uagb-image__figure\"><img decoding=\"async\" srcset=\"https:\/\/bassin-arcachon.com\/wp-content\/uploads\/2017\/11\/velo-cap-ferret-SIBA-agence-les-conteurs-29-1024x683.jpg \" sizes=\"auto, (max-width: 480px) 150px\" src=\"https:\/\/bassin-arcachon.com\/wp-content\/uploads\/2017\/11\/velo-cap-ferret-SIBA-agence-les-conteurs-29-1024x683.jpg\" alt=\"- - Bassin d&#039;Arcachon\" class=\"uag-image-10687\" width=\"1024\" height=\"683\" title=\"- - Bassin d&#039;Arcachon\" loading=\"lazy\" role=\"img\"><\/figure><\/div>\n<\/div>\n\n\n\n<div class=\"wp-block-uagb-container uagb-block-08d7781a\">\n<h3 class=\"wp-block-heading\">Ir a la punta de Cap Ferret en bicicleta<\/h3>\n\n\n\n<p>En L\u00e8ge-Cap Ferret abundan los carriles bici. S\u00fabete a la bicicleta en Claouey o en uno de los pueblos y podr\u00e1s llegar f\u00e1cilmente a la punta de Cap Ferret pasando por bonitos parajes naturales. Para aprovechar el d\u00eda, no dudes en pisar tierra en cuanto puedas para degustar unas ostras, meter los pies en el agua o detenerte a tomar un merecido helado.<\/p>\n<\/div>\n<\/div><\/div>\n\n\n\n<div style=\"height:40px\" aria-hidden=\"true\" class=\"wp-block-spacer\"><\/div>\n\n\n\n<div class=\"wp-block-uagb-container uagb-block-79b0f52e alignfull uagb-is-root-container\"><div class=\"uagb-container-inner-blocks-wrap\">\n<div class=\"wp-block-uagb-container uagb-block-4aa57d52\">\n<h3 class=\"wp-block-heading\">Maravillarse con la vista desde el faro de Cap Ferret<\/h3>\n\n\n\n<p>Si vienes a la bah\u00eda de Arcach\u00f3n por primera vez, tienes que subir al&nbsp;<a href=\"https:\/\/bassin-arcachon.com\/es\/nuestros-elementos-esenciales\/el-faro-y-la-punta-de-cap-ferret\/\">Faro de Cap Ferret<\/a>.  De esta forma, podr\u00e1s ver la extensi\u00f3n de la bah\u00eda y sus diferentes perspectivas. Aunque vuelvas varias veces, ver\u00e1s que siempre hay paisajes que descubrir.<\/p>\n<\/div>\n\n\n\n<div class=\"wp-block-uagb-container uagb-block-c94f6b43\">\n<div class=\"wp-block-uagb-image uagb-block-b1ff78cf wp-block-uagb-image--layout-default wp-block-uagb-image--effect-static wp-block-uagb-image--align-none\"><figure class=\"wp-block-uagb-image__figure\"><img decoding=\"async\" srcset=\"https:\/\/bassin-arcachon.com\/wp-content\/uploads\/2020\/03\/phare-du-cap-ferret-1024x683.jpg \" sizes=\"auto, (max-width: 480px) 150px\" src=\"https:\/\/bassin-arcachon.com\/wp-content\/uploads\/2020\/03\/phare-du-cap-ferret-1024x683.jpg\" alt=\"- - Bassin d&#039;Arcachon\" class=\"uag-image-42976\" width=\"1024\" height=\"683\" title=\"- - Bassin d&#039;Arcachon\" loading=\"lazy\" role=\"img\"><\/figure><\/div>\n<\/div>\n<\/div><\/div>\n\n\n\n<div style=\"height:40px\" aria-hidden=\"true\" class=\"wp-block-spacer\"><\/div>\n\n\n\n<div class=\"wp-block-uagb-container uagb-block-829041f6 alignfull uagb-is-root-container\"><div class=\"uagb-container-inner-blocks-wrap\">\n<figure class=\"wp-block-pullquote\" style=\"border-radius:0px;border-top-style:none;border-top-width:0px;border-right-style:none;border-right-width:0px;border-bottom-style:none;border-bottom-width:0px;border-left-width:2px\"><blockquote><p>El placer de unas verdaderas vacaciones es hacerlo todo o no hacer nada, pero \u00a1hacerlo a tu ritmo!<\/p><\/blockquote><\/figure>\n<\/div><\/div>\n\n\n\n<div style=\"height:20px\" aria-hidden=\"true\" class=\"wp-block-spacer\"><\/div>\n\n\n\n<div class=\"wp-block-uagb-container uagb-block-8b524f5f alignfull uagb-is-root-container\"><div class=\"uagb-container-inner-blocks-wrap\">\n<div class=\"wp-block-uagb-container uagb-block-56d01f60\">\n<div class=\"wp-block-uagb-image uagb-block-a3b02c86 wp-block-uagb-image--layout-default wp-block-uagb-image--effect-static wp-block-uagb-image--align-none\"><figure class=\"wp-block-uagb-image__figure\"><img decoding=\"async\" srcset=\"https:\/\/bassin-arcachon.com\/wp-content\/uploads\/2017\/03\/pointe-aux-chevaux-hiver-1024x683.jpg \" sizes=\"auto, (max-width: 480px) 150px\" src=\"https:\/\/bassin-arcachon.com\/wp-content\/uploads\/2017\/03\/pointe-aux-chevaux-hiver-1024x683.jpg\" alt=\"- - Bassin d&#039;Arcachon\" class=\"uag-image-10684\" width=\"1024\" height=\"683\" title=\"- - Bassin d&#039;Arcachon\" loading=\"lazy\" role=\"img\"><\/figure><\/div>\n<\/div>\n\n\n\n<div class=\"wp-block-uagb-container uagb-block-09ba0835\">\n<h3 class=\"wp-block-heading\">La Pointe aux Chevaux: vista panor\u00e1mica de la Isla de los P\u00e1jaros<\/h3>\n\n\n\n<p><a href=\"https:\/\/bassin-arcachon.com\/es\/nuestros-elementos-esenciales\/las-cabanas-tchanquee\/\" data-type=\"page\" data-id=\"127\">La Isla de los P\u00e1jaros<\/a> se puede descubrir de varias formas: en kayak de mar, en barco\u2026 Y para hacer la foto perfecta dir\u00edgete a la Pointe aux Chevaux. Desde aqu\u00ed tendr\u00e1s la mejor vista de este m\u00e1gico lugar. Luego, baja la escalera para dar un paseo por el pueblo de Petit Piquey. No dejes de probar algunas delicias como las dunes blanches (dunas blancas) de Chez Pascal.&nbsp;<a href=\"https:\/\/dunesblanches.fr\/\" target=\"_blank\" rel=\"noopener\">Dunas Blancas de Chez Pascal.<\/a><\/p>\n<\/div>\n<\/div><\/div>\n\n\n\n<div style=\"height:40px\" aria-hidden=\"true\" class=\"wp-block-spacer\"><\/div>\n\n\n\n<div class=\"wp-block-uagb-container uagb-block-12e88341 alignfull uagb-is-root-container\"><div class=\"uagb-container-inner-blocks-wrap\">\n<div class=\"wp-block-uagb-container uagb-block-7db9a849\">\n<h3 class=\"wp-block-heading\">Las playas oce\u00e1nicas<\/h3>\n\n\n\n<p>\u00a1Disfruta de las olas! En L\u00e8ge-Cap Ferret, puedes elegir entre las tranquilas y encantadoras playas de la bah\u00eda o las del oc\u00e9ano Atl\u00e1ntico. Son cuatro en total: la playa de Grand Crohot; la de L\u2019Horizon, accesible en un&nbsp;<a href=\"https:\/\/bassin-arcachon.com\/es\/que-hacer\/en-tribu-entre-jeunes\/\">peque\u00f1o tren<\/a>&nbsp;tur\u00edstico que les encanta a los ni\u00f1os; la playa de Truc Vert o la de La Garonne.<\/p>\n\n\n\n<p>\u00a1Hay tantas posibilidades como para cambiar de lugar cada d\u00eda de las vacaciones o casi!<\/p>\n<\/div>\n\n\n\n<div class=\"wp-block-uagb-container uagb-block-567d6e21\">\n<div class=\"wp-block-uagb-image uagb-block-5288d8b6 wp-block-uagb-image--layout-default wp-block-uagb-image--effect-static wp-block-uagb-image--align-none\"><figure class=\"wp-block-uagb-image__figure\"><img decoding=\"async\" srcset=\"https:\/\/bassin-arcachon.com\/wp-content\/uploads\/2017\/11\/plage-horizon-balade-hiver-24-1024x683.jpg \" sizes=\"auto, (max-width: 480px) 150px\" src=\"https:\/\/bassin-arcachon.com\/wp-content\/uploads\/2017\/11\/plage-horizon-balade-hiver-24-1024x683.jpg\" alt=\"- - Bassin d&#039;Arcachon\" class=\"uag-image-10688\" width=\"1024\" height=\"683\" title=\"- - Bassin d&#039;Arcachon\" loading=\"lazy\" role=\"img\"><\/figure><\/div>\n<\/div>\n<\/div><\/div>\n\n\n\n<div style=\"height:40px\" aria-hidden=\"true\" class=\"wp-block-spacer\"><\/div>\n\n\n\n<div class=\"wp-block-uagb-container uagb-block-2952884b alignfull uagb-is-root-container\"><div class=\"uagb-container-inner-blocks-wrap\">\n<div class=\"wp-block-uagb-container uagb-block-a4ac9f2b\">\n<div class=\"wp-block-uagb-image uagb-block-336e8c72 wp-block-uagb-image--layout-default wp-block-uagb-image--effect-static wp-block-uagb-image--align-none\"><figure class=\"wp-block-uagb-image__figure\"><img decoding=\"async\" srcset=\"https:\/\/bassin-arcachon.com\/wp-content\/uploads\/2017\/12\/gilberte-with-love-3-1024x683.jpg \" sizes=\"auto, (max-width: 480px) 150px\" src=\"https:\/\/bassin-arcachon.com\/wp-content\/uploads\/2017\/12\/gilberte-with-love-3-1024x683.jpg\" alt=\"- - Bassin d&#039;Arcachon\" class=\"uag-image-11594\" width=\"1024\" height=\"683\" title=\"- - Bassin d&#039;Arcachon\" loading=\"lazy\" role=\"img\"><\/figure><\/div>\n<\/div>\n\n\n\n<div class=\"wp-block-uagb-container uagb-block-207e3b34\">\n<h3 class=\"wp-block-heading\">De tienda en tienda en Piquey<\/h3>\n\n\n\n<p>Si te gusta recorrer las tiendas de decoraci\u00f3n, dir\u00edgete a la carretera de Burdeos a Grand Piquey, donde encontrar\u00e1s cuatro tiendas muy conocidas por los lugare\u00f1os.<\/p>\n\n\n\n<p>No lejos de all\u00ed, tambi\u00e9n te encantar\u00e1 ver antig\u00fcedades en Petit Piquey y podr\u00e1s llevarte un recuerdo de la bah\u00eda de Arcach\u00f3n.<\/p>\n<\/div>\n<\/div><\/div>\n\n\n\n<div style=\"height:40px\" aria-hidden=\"true\" class=\"wp-block-spacer\"><\/div>\n\n\n\n<div class=\"wp-block-uagb-container uagb-block-992c4271 alignfull uagb-is-root-container\"><div class=\"uagb-container-inner-blocks-wrap\">\n<div class=\"wp-block-uagb-container uagb-block-0ae9a2e1\">\n<h3 class=\"wp-block-heading\">Paseo en pinaza en la bah\u00eda de Arcach\u00f3n<\/h3>\n\n\n\n<p>\u00bfC\u00f3mo no aprovechar las vacaciones para&nbsp;<a href=\"https:\/\/bassin-arcachon.com\/es\/que-hacer\/sur-leau\/\">navegar en pinaza?&nbsp;<\/a>Despu\u00e9s de recorrer los pueblos ostr\u00edcolas a pie, es el momento de descubrirlos de otra forma desde la bah\u00eda.<\/p>\n\n\n\n<p>Tanto en verano como en invierno, te sorprender\u00e1n los cambiantes colores del paisaje. \u00a1Qu\u00e9 felicidad fotografiarlos!<\/p>\n<\/div>\n\n\n\n<div class=\"wp-block-uagb-container uagb-block-e1f217e5\">\n<div class=\"wp-block-uagb-image uagb-block-2c381640 wp-block-uagb-image--layout-default wp-block-uagb-image--effect-static wp-block-uagb-image--align-none\"><figure class=\"wp-block-uagb-image__figure\"><img decoding=\"async\" srcset=\"https:\/\/bassin-arcachon.com\/wp-content\/uploads\/2017\/02\/balade-pinasse-lege-cap-ferret-60-1024x683.jpg \" sizes=\"auto, (max-width: 480px) 150px\" src=\"https:\/\/bassin-arcachon.com\/wp-content\/uploads\/2017\/02\/balade-pinasse-lege-cap-ferret-60-1024x683.jpg\" alt=\"- - Bassin d&#039;Arcachon\" class=\"uag-image-10706\" width=\"1024\" height=\"683\" title=\"- - Bassin d&#039;Arcachon\" loading=\"lazy\" role=\"img\"><\/figure><\/div>\n<\/div>\n<\/div><\/div>\n\n\n\n<div style=\"height:40px\" aria-hidden=\"true\" class=\"wp-block-spacer\"><\/div>\n\n\n\n<div class=\"wp-block-uagb-container uagb-block-4848d61a alignfull uagb-is-root-container\"><div class=\"uagb-container-inner-blocks-wrap\">\n<div class=\"wp-block-uagb-container uagb-block-2ec528d1\">\n<div class=\"wp-block-uagb-image uagb-block-523a3f7f wp-block-uagb-image--layout-default wp-block-uagb-image--effect-static wp-block-uagb-image--align-none\"><figure class=\"wp-block-uagb-image__figure\"><img decoding=\"async\" srcset=\"https:\/\/bassin-arcachon.com\/wp-content\/uploads\/2017\/03\/marche-cap-ferret-1024x683.jpg \" sizes=\"auto, (max-width: 480px) 150px\" src=\"https:\/\/bassin-arcachon.com\/wp-content\/uploads\/2017\/03\/marche-cap-ferret-1024x683.jpg\" alt=\"- - Bassin d&#039;Arcachon\" class=\"uag-image-1761\" width=\"1024\" height=\"683\" title=\"- - Bassin d&#039;Arcachon\" loading=\"lazy\" role=\"img\"><\/figure><\/div>\n<\/div>\n\n\n\n<div class=\"wp-block-uagb-container uagb-block-d175779c\">\n<h3 class=\"wp-block-heading\">El mercado de Cap Ferret<\/h3>\n\n\n\n<p>Por la ma\u00f1ana, tras un buen desayuno en una terraza, \u00a1coge la cesta para ir al mercado de Cap Ferret!<\/p>\n\n\n\n<p>Aqu\u00ed te encantar\u00e1n el ambiente y sobre todo los puestos. Hay frutas y verduras, claro, pero muchos comerciantes tambi\u00e9n ofrecen joyas, ropa, prendas de vestir, ropa de casa o accesorios de moda.<\/p>\n<\/div>\n<\/div><\/div>\n\n\n\n<div style=\"height:40px\" aria-hidden=\"true\" class=\"wp-block-spacer\"><\/div>\n\n\n\n<div class=\"wp-block-uagb-container uagb-block-b5e5d07b alignfull uagb-is-root-container\"><div class=\"uagb-container-inner-blocks-wrap\">\n<div class=\"wp-block-uagb-container uagb-block-f52dd6d9\">\n<div class=\"wp-block-uagb-image uagb-block-ff08cbeb wp-block-uagb-image--layout-default wp-block-uagb-image--effect-static wp-block-uagb-image--align-none\"><figure class=\"wp-block-uagb-image__figure\"><img decoding=\"async\" srcset=\"https:\/\/bassin-arcachon.com\/wp-content\/uploads\/2018\/09\/nourri-a-lhu\u00eetre-\u00e9lev\u00e9-sous-les-pins-Bassin-dArcachon.jpg 1000w, https:\/\/bassin-arcachon.com\/wp-content\/uploads\/2018\/09\/nourri-a-lhu\u00eetre-\u00e9lev\u00e9-sous-les-pins-Bassin-dArcachon-600x400.jpg 600w, https:\/\/bassin-arcachon.com\/wp-content\/uploads\/2018\/09\/nourri-a-lhu\u00eetre-\u00e9lev\u00e9-sous-les-pins-Bassin-dArcachon-768x511.jpg 768w, https:\/\/bassin-arcachon.com\/wp-content\/uploads\/2018\/09\/nourri-a-lhu\u00eetre-\u00e9lev\u00e9-sous-les-pins-Bassin-dArcachon-18x12.jpg 18w\" sizes=\"auto, (max-width: 480px) 150px\" src=\"https:\/\/bassin-arcachon.com\/wp-content\/uploads\/2018\/09\/nourri-a-lhu\u00eetre-\u00e9lev\u00e9-sous-les-pins-Bassin-dArcachon.jpg\" alt=\"- - Bassin d&#039;Arcachon\" class=\"uag-image-26169\" width=\"1000\" height=\"666\" title=\"- - Bassin d&#039;Arcachon\" loading=\"lazy\" role=\"img\"><\/figure><\/div>\n<\/div>\n\n\n\n<div class=\"wp-block-uagb-container uagb-block-93f7acec\">\n<h4 class=\"wp-block-heading\">Nuestros enlaces \u00fatiles para preparar tus vacaciones en L\u00e8ge-Cap Ferret<\/h4>\n\n\n\n<p><a href=\"https:\/\/bassin-arcachon.com\/es\/donde-dormir\/camping\/huron-de-gorra-lege\/\">un camping<\/a>,\u00a0<a href=\"https:\/\/bassin-arcachon.com\/es\/donde-dormir\/alquiler-de-alojamiento-y-desayuno\/huron-gorra\/\">una habitaci\u00f3n en casas particulares<\/a>,\u00a0<a href=\"https:\/\/bassin-arcachon.com\/es\/donde-dormir\/hoteles\/huron-gorra\/\">un hotel<\/a>,\u00a0<a href=\"https:\/\/bassin-arcachon.com\/es\/agenda-salidas-mercados\/los-mercados-de-lege-cap-ferret\/\">los mercados de la pen\u00ednsula<\/a>,\u00a0<a href=\"https:\/\/bassin-arcachon.com\/es\/descarga-nuestra-aplicacion\/\">los restaurantes en L\u00e8ge Cap Ferret.<\/a><\/p>\n<\/div>\n<\/div><\/div>\n\n\n\n<div style=\"height:40px\" aria-hidden=\"true\" class=\"wp-block-spacer\"><\/div>","protected":false},"excerpt":{"rendered":"<p>L\u00e8ge-Cap Ferret et les souvenirs de l\u2019enfance Vue du ciel, cette presqu\u2019\u00eele semble entourer affectueusement le Bassin d\u2019Arcachon. Les pieds sur terre, les 10 villages qui composent L\u00e8ge-Cap Ferret sont [&hellip;]<\/p>\n","protected":false},"author":25,"featured_media":1769,"parent":29,"menu_order":8,"comment_status":"closed","ping_status":"closed","template":"","meta":{"_acf_changed":false,"_uag_custom_page_level_css":"","footnotes":""},"class_list":["post-342","page","type-page","status-publish","has-post-thumbnail","hentry"],"acf":[],"uagb_featured_image_src":{"full":["https:\/\/bassin-arcachon.com\/wp-content\/uploads\/2017\/03\/pique-nique-plage-truquette-petit-piquey.jpg",1200,800,false],"thumbnail":["https:\/\/bassin-arcachon.com\/wp-content\/uploads\/2017\/03\/pique-nique-plage-truquette-petit-piquey-150x150.jpg",150,150,true],"medium":["https:\/\/bassin-arcachon.com\/wp-content\/uploads\/2017\/03\/pique-nique-plage-truquette-petit-piquey-600x400.jpg",600,400,true],"medium_large":["https:\/\/bassin-arcachon.com\/wp-content\/uploads\/2017\/03\/pique-nique-plage-truquette-petit-piquey-768x512.jpg",768,512,true],"large":["https:\/\/bassin-arcachon.com\/wp-content\/uploads\/2017\/03\/pique-nique-plage-truquette-petit-piquey-1024x683.jpg",1024,683,true],"1536x1536":["https:\/\/bassin-arcachon.com\/wp-content\/uploads\/2017\/03\/pique-nique-plage-truquette-petit-piquey.jpg",1200,800,false],"2048x2048":["https:\/\/bassin-arcachon.com\/wp-content\/uploads\/2017\/03\/pique-nique-plage-truquette-petit-piquey.jpg",1200,800,false],"trp-custom-language-flag":["https:\/\/bassin-arcachon.com\/wp-content\/uploads\/2017\/03\/pique-nique-plage-truquette-petit-piquey-18x12.jpg",18,12,true]},"uagb_author_info":{"display_name":"Marie Clauzel","author_link":"https:\/\/bassin-arcachon.com\/es\/author\/mariesiba\/"},"uagb_comment_info":0,"uagb_excerpt":"L\u00e8ge-Cap Ferret et les souvenirs de l\u2019enfance Vue du ciel, cette presqu\u2019\u00eele semble entourer affectueusement le Bassin d\u2019Arcachon. Les pieds sur terre, les 10 villages qui composent L\u00e8ge-Cap Ferret sont [&hellip;]","_links":{"self":[{"href":"https:\/\/bassin-arcachon.com\/es\/wp-json\/wp\/v2\/pages\/342","targetHints":{"allow":["GET"]}}],"collection":[{"href":"https:\/\/bassin-arcachon.com\/es\/wp-json\/wp\/v2\/pages"}],"about":[{"href":"https:\/\/bassin-arcachon.com\/es\/wp-json\/wp\/v2\/types\/page"}],"author":[{"embeddable":true,"href":"https:\/\/bassin-arcachon.com\/es\/wp-json\/wp\/v2\/users\/25"}],"replies":[{"embeddable":true,"href":"https:\/\/bassin-arcachon.com\/es\/wp-json\/wp\/v2\/comments?post=342"}],"version-history":[{"count":0,"href":"https:\/\/bassin-arcachon.com\/es\/wp-json\/wp\/v2\/pages\/342\/revisions"}],"up":[{"embeddable":true,"href":"https:\/\/bassin-arcachon.com\/es\/wp-json\/wp\/v2\/pages\/29"}],"wp:featuredmedia":[{"embeddable":true,"href":"https:\/\/bassin-arcachon.com\/es\/wp-json\/wp\/v2\/media\/1769"}],"wp:attachment":[{"href":"https:\/\/bassin-arcachon.com\/es\/wp-json\/wp\/v2\/media?parent=342"}],"curies":[{"name":"wp","href":"https:\/\/api.w.org\/{rel}","templated":true}]}}