{"id":398,"date":"2017-03-14T08:39:01","date_gmt":"2017-03-14T07:39:01","guid":{"rendered":"https:\/\/bassin-arcachon.com\/\/?page_id=398"},"modified":"2024-11-06T16:34:54","modified_gmt":"2024-11-06T15:34:54","slug":"habitaciones-de-invitados","status":"publish","type":"page","link":"https:\/\/bassin-arcachon.com\/es\/ou-dormir\/chambres-hotes\/","title":{"rendered":"Habitaciones en casas particulares"},"content":{"rendered":"<div class=\"wp-block-uagb-container uagb-block-21cae65d alignfull uagb-is-root-container\"><div class=\"uagb-container-inner-blocks-wrap\">\n<div class=\"wp-block-uagb-container uagb-block-2d2c9a91\">\n<h2 class=\"wp-block-heading\">Tu habitaci\u00f3n de hu\u00e9spedes con piscina<\/h2>\n\n\n\n<p>Aunque la bah\u00eda nunca est\u00e1 demasiado lejos para darse un ba\u00f1o, siempre es agradable contar con una piscina en vacaciones. Descubre nuestra selecci\u00f3n de&nbsp;<strong>casas particulares equipadas con piscina,<\/strong>ya sea privada o compartida con otros hu\u00e9spedes.<\/p>\n\n\n\n<div class=\"wp-block-buttons is-layout-flex wp-block-buttons-is-layout-flex\">\n<div class=\"wp-block-button\"><a class=\"wp-block-button__link wp-element-button\" href=\"https:\/\/bassin-arcachon.com\/es\/https-2\/\/bassin-arcachon-com\/alojamiento-2\/habitaciones-y-piscina\/\">Habitaci\u00f3n de hu\u00e9spedes con piscina<\/a><\/div>\n<\/div>\n<\/div>\n\n\n\n<div class=\"wp-block-uagb-container uagb-block-85c1bd8a\">\n<div class=\"wp-block-uagb-image uagb-block-e2ca8422 wp-block-uagb-image--layout-default wp-block-uagb-image--effect-static wp-block-uagb-image--align-none\"><figure class=\"wp-block-uagb-image__figure\"><img decoding=\"async\" srcset=\"https:\/\/bassin-arcachon.com\/wp-content\/uploads\/2017\/03\/chambre-dhotes-bassin-arcachon.jpg \" sizes=\"auto, (max-width: 480px) 150px\" src=\"https:\/\/bassin-arcachon.com\/wp-content\/uploads\/2017\/03\/chambre-dhotes-bassin-arcachon.jpg\" alt=\"- - Bassin d&#039;Arcachon\" class=\"uag-image-1357\" width=\"884\" height=\"700\" title=\"- - Bassin d&#039;Arcachon\" loading=\"lazy\" role=\"img\"><\/figure><\/div>\n<\/div>\n<\/div><\/div>\n\n\n\n<div style=\"height:60px\" aria-hidden=\"true\" class=\"wp-block-spacer\"><\/div>\n\n\n\n<div class=\"wp-block-uagb-container uagb-block-1dcad099 alignfull uagb-is-root-container\"><div class=\"uagb-container-inner-blocks-wrap\">\n<div class=\"wp-block-uagb-container uagb-block-dc7665c0\">\n<div class=\"wp-block-uagb-image uagb-block-79c0e5ca wp-block-uagb-image--layout-default wp-block-uagb-image--effect-static wp-block-uagb-image--align-none\"><figure class=\"wp-block-uagb-image__figure\"><img decoding=\"async\" srcset=\"https:\/\/bassin-arcachon.com\/wp-content\/uploads\/2017\/03\/vue-bassin.jpg \" sizes=\"auto, (max-width: 480px) 150px\" src=\"https:\/\/bassin-arcachon.com\/wp-content\/uploads\/2017\/03\/vue-bassin.jpg\" alt=\"- - Bassin d&#039;Arcachon\" class=\"uag-image-1358\" width=\"900\" height=\"600\" title=\"- - Bassin d&#039;Arcachon\" loading=\"lazy\" role=\"img\"><\/figure><\/div>\n<\/div>\n\n\n\n<div class=\"wp-block-uagb-container uagb-block-75b47c51\">\n<h2 class=\"wp-block-heading\">Elige el encanto de una casa particular con vistas a la bah\u00eda<\/h2>\n\n\n\n<p>Una habitaci\u00f3n junto al mar, o en los alrededores de&nbsp;<strong>la bah\u00eda de Arcach\u00f3n<\/strong>&nbsp;para ser m\u00e1s exactos. Para reservar una habitaci\u00f3n cerca del oc\u00e9ano, tienes que elegir el alojamiento en la pen\u00ednsula de&nbsp;<a href=\"https:\/\/bassin-arcachon.com\/es\/nuestros-pueblos-y-aldeas\/huron-de-gorra-lege\/\" target=\"_blank\" rel=\"noreferrer noopener\">L\u00e8ge-Cap Ferret<\/a>&nbsp;o en&nbsp;<a href=\"https:\/\/bassin-arcachon.com\/es\/nuestros-pueblos-y-aldeas\/la-prueba-de-buch\/\" target=\"_blank\" rel=\"noreferrer noopener\">La Teste de Buch<\/a>.<\/p>\n\n\n\n<div class=\"wp-block-buttons is-layout-flex wp-block-buttons-is-layout-flex\">\n<div class=\"wp-block-button\"><a class=\"wp-block-button__link wp-element-button\" href=\"https:\/\/bassin-arcachon.com\/es\/alojamiento-2\/bed-and-breakfast-con-vistas-al-mar\/\">Habitaci\u00f3n de hu\u00e9spedes con vistas a la bah\u00eda<\/a><\/div>\n<\/div>\n<\/div>\n<\/div><\/div>\n\n\n\n<div style=\"height:60px\" aria-hidden=\"true\" class=\"wp-block-spacer\"><\/div>\n\n\n\n<div class=\"wp-block-uagb-container uagb-block-60c02d29 alignfull uagb-is-root-container\"><div class=\"uagb-container-inner-blocks-wrap\">\n<div class=\"wp-block-uagb-container uagb-block-980a0440\">\n<h2 class=\"wp-block-heading\">Cerca de la Duna de Pilat<\/h2>\n\n\n\n<p>Para reservar una habitaci\u00f3n&nbsp;<a href=\"https:\/\/bassin-arcachon.com\/es\/nuestros-elementos-esenciales\/la-duna-de-pilat\/\" target=\"_blank\" rel=\"noreferrer noopener\">la duna de Pilat,<\/a>, elige el barrio m\u00e1s pr\u00f3ximo :&nbsp;<strong>Pyla-sur-Mer<\/strong>en el municipio de La Teste de Buch. Para disfrutar de una vista de conjunto de este paraje emblem\u00e1tico, elige el&nbsp;<strong>pueblo de Cap Ferret<\/strong>&nbsp;de la pen\u00ednsula. Estar\u00e1s m\u00e1s lejos, pero la vista  al despertar ser\u00e1 incre\u00edble.<\/p>\n\n\n\n<div class=\"wp-block-buttons is-layout-flex wp-block-buttons-is-layout-flex\">\n<div class=\"wp-block-button\"><a class=\"wp-block-button__link wp-element-button\" href=\"https:\/\/bassin-arcachon.com\/es\/alojamiento-2\/habitaciones-de-invitados-2\/\">Habitaci\u00f3n de hu\u00e9spedes cerca de la duna de Pilat<\/a><\/div>\n<\/div>\n<\/div>\n\n\n\n<div class=\"wp-block-uagb-container uagb-block-91cdc693\">\n<div class=\"wp-block-uagb-image uagb-block-1038aa3e wp-block-uagb-image--layout-default wp-block-uagb-image--effect-static wp-block-uagb-image--align-none\"><figure class=\"wp-block-uagb-image__figure\"><img decoding=\"async\" srcset=\"https:\/\/bassin-arcachon.com\/wp-content\/uploads\/2017\/02\/Randonnee-sur-la-dune-du-Pilat-1024x683.jpg \" sizes=\"auto, (max-width: 480px) 150px\" src=\"https:\/\/bassin-arcachon.com\/wp-content\/uploads\/2017\/02\/Randonnee-sur-la-dune-du-Pilat-1024x683.jpg\" alt=\"- - Bassin d&#039;Arcachon\" class=\"uag-image-1223\" width=\"1024\" height=\"683\" title=\"- - Bassin d&#039;Arcachon\" loading=\"lazy\" role=\"img\"><\/figure><\/div>\n<\/div>\n<\/div><\/div>\n\n\n\n<div style=\"height:60px\" aria-hidden=\"true\" class=\"wp-block-spacer\"><\/div>\n\n\n\n<div class=\"wp-block-uagb-container uagb-block-abff89f2 alignfull uagb-is-root-container\"><div class=\"uagb-container-inner-blocks-wrap\">\n<div class=\"wp-block-uagb-container uagb-block-a07f034d\">\n<div class=\"wp-block-uagb-image uagb-block-22676635 wp-block-uagb-image--layout-default wp-block-uagb-image--effect-static wp-block-uagb-image--align-none\"><figure class=\"wp-block-uagb-image__figure\"><img decoding=\"async\" srcset=\"https:\/\/bassin-arcachon.com\/wp-content\/uploads\/2017\/02\/aiguillon-arcachon-5-1024x512.jpg \" sizes=\"auto, (max-width: 480px) 150px\" src=\"https:\/\/bassin-arcachon.com\/wp-content\/uploads\/2017\/02\/aiguillon-arcachon-5-1024x512.jpg\" alt=\"- - Bassin d&#039;Arcachon\" class=\"uag-image-1263\" width=\"1024\" height=\"512\" title=\"- - Bassin d&#039;Arcachon\" loading=\"lazy\" role=\"img\"><\/figure><\/div>\n<\/div>\n\n\n\n<div class=\"wp-block-uagb-container uagb-block-b2c73c18\">\n<h2 class=\"wp-block-heading\">De vacaciones en una caba\u00f1a<\/h2>\n\n\n\n<p>Las ciudades y los pueblos de la bah\u00eda de Arcach\u00f3n est\u00e1n llenos de encantadores alojamientos que recuerdan a las&nbsp;<strong>\"caba\u00f1as de los pescadores<\/strong>&nbsp;\". La casa t\u00edpica de la bah\u00eda est\u00e1 forrada de madera por fuera y decorada con madera flotante recuperada de las playas en invierno. Elige la habitaci\u00f3n de hu\u00e9spedes que te cautive.<\/p>\n\n\n\n<div class=\"wp-block-buttons is-layout-flex wp-block-buttons-is-layout-flex\">\n<div class=\"wp-block-button\"><a class=\"wp-block-button__link wp-element-button\" href=\"https:\/\/bassin-arcachon.com\/es\/alojamiento-2\/bed-and-breakfast-cabin-spirit\/\">Habitaci\u00f3n de hu\u00e9spedes en caba\u00f1as<\/a><\/div>\n<\/div>\n<\/div>\n<\/div><\/div>\n\n\n\n<div style=\"height:60px\" aria-hidden=\"true\" class=\"wp-block-spacer\"><\/div>\n\n\n\n<div class=\"wp-block-uagb-container uagb-block-9eb4992f alignfull uagb-is-root-container\"><div class=\"uagb-container-inner-blocks-wrap\">\n<div class=\"wp-block-uagb-container uagb-block-99950309\">\n<h2 class=\"wp-block-heading\">Elige una habitaci\u00f3n en casas con la etiqueta \u00abNaturellement Bassin\u00bb<\/h2>\n\n\n\n<p>Para estar seguro de acertar con tu reserva, elige una habitaci\u00f3n de hu\u00e9spedes en una casa que tenga la etiqueta&nbsp;<strong>\"Naturalmente Bassin\"<\/strong>&nbsp;que valora los alojamientos cuyos propietarios se comprometen a ense\u00f1arte los aspectos espec\u00edficos, fr\u00e1giles e \u00edntimos de la bah\u00eda de Arcach\u00f3n.<\/p>\n\n\n\n<div class=\"wp-block-buttons is-layout-flex wp-block-buttons-is-layout-flex\">\n<div class=\"wp-block-button\"><a class=\"wp-block-button__link wp-element-button\" href=\"https:\/\/bassin-arcachon.com\/es\/alojamiento-2\/chambres-dhotes%26amp%3blabel%3anaturellement+bassin\/\">Habitaci\u00f3n en casas particulares Naturellement Bassin<\/a><\/div>\n<\/div>\n<\/div>\n\n\n\n<div class=\"wp-block-uagb-container uagb-block-2fa6eec4\">\n<div class=\"wp-block-uagb-image uagb-block-53910baf wp-block-uagb-image--layout-default wp-block-uagb-image--effect-static wp-block-uagb-image--align-none\"><figure class=\"wp-block-uagb-image__figure\"><img decoding=\"async\" srcset=\"https:\/\/bassin-arcachon.com\/wp-content\/uploads\/2017\/03\/regine-et-yves-cazes-la-teste-de-buch.jpg \" sizes=\"auto, (max-width: 480px) 150px\" src=\"https:\/\/bassin-arcachon.com\/wp-content\/uploads\/2017\/03\/regine-et-yves-cazes-la-teste-de-buch.jpg\" alt=\"- - Bassin d&#039;Arcachon\" class=\"uag-image-1360\" width=\"1000\" height=\"666\" title=\"- - Bassin d&#039;Arcachon\" loading=\"lazy\" role=\"img\"><\/figure><\/div>\n<\/div>\n<\/div><\/div>\n\n\n\n<div style=\"height:60px\" aria-hidden=\"true\" class=\"wp-block-spacer\"><\/div>\n\n\n\n<div class=\"wp-block-uagb-container uagb-block-35a3db1c alignfull uagb-is-root-container\">\n<div class=\"wp-block-cover is-light has-parallax\"><span aria-hidden=\"true\" class=\"wp-block-cover__background has-background-dim-0 has-background-dim\"><\/span><div class=\"wp-block-cover__image-background wp-image-1363 has-parallax\" style=\"background-position:50% 50%;background-image:url(https:\/\/bassin-arcachon.com\/wp-content\/uploads\/2017\/03\/ville-hiver-arcachon-14.jpg)\"><\/div><div class=\"wp-block-cover__inner-container is-layout-flow wp-block-cover-is-layout-flow\">\n<div class=\"wp-block-uagb-container uagb-block-a99a95e2\">\n<h2 class=\"wp-block-heading has-text-align-center has-white-color has-text-color has-large-font-size\">\u00a1Reserva cuanto antes!<\/h2>\n\n\n\n<p class=\"has-text-align-center has-white-color has-text-color\"><a href=\"https:\/\/bassin-arcachon.com\/es\/alojamiento-2\/habitaciones-de-invitados-2\/\">LANZA LA B\u00daSQUEDA<\/a><\/p>\n<\/div>\n<\/div><\/div>\n<\/div>\n\n\n\n<div style=\"height:40px\" aria-hidden=\"true\" class=\"wp-block-spacer\"><\/div>","protected":false},"excerpt":{"rendered":"<p>Votre chambre d\u2019h\u00f4tes avec piscine Si le Bassin n\u2019est jamais tr\u00e8s loin pour une baignade, avoir une piscine est toujours agr\u00e9able pour les vacances. D\u00e9couvrez notre s\u00e9lection de&nbsp;chambres d\u2019h\u00f4tes \u00e9quip\u00e9es [&hellip;]<\/p>\n","protected":false},"author":25,"featured_media":24458,"parent":43,"menu_order":2,"comment_status":"closed","ping_status":"closed","template":"","meta":{"_acf_changed":false,"_uag_custom_page_level_css":"","footnotes":""},"class_list":["post-398","page","type-page","status-publish","has-post-thumbnail","hentry"],"acf":[],"uagb_featured_image_src":{"full":["https:\/\/bassin-arcachon.com\/wp-content\/uploads\/2017\/03\/chambre-hotes-bassin-arcachon.jpg",1000,666,false],"thumbnail":["https:\/\/bassin-arcachon.com\/wp-content\/uploads\/2017\/03\/chambre-hotes-bassin-arcachon-150x150.jpg",150,150,true],"medium":["https:\/\/bassin-arcachon.com\/wp-content\/uploads\/2017\/03\/chambre-hotes-bassin-arcachon-600x400.jpg",600,400,true],"medium_large":["https:\/\/bassin-arcachon.com\/wp-content\/uploads\/2017\/03\/chambre-hotes-bassin-arcachon-768x511.jpg",768,511,true],"large":["https:\/\/bassin-arcachon.com\/wp-content\/uploads\/2017\/03\/chambre-hotes-bassin-arcachon.jpg",1000,666,false],"1536x1536":["https:\/\/bassin-arcachon.com\/wp-content\/uploads\/2017\/03\/chambre-hotes-bassin-arcachon.jpg",1000,666,false],"2048x2048":["https:\/\/bassin-arcachon.com\/wp-content\/uploads\/2017\/03\/chambre-hotes-bassin-arcachon.jpg",1000,666,false],"trp-custom-language-flag":["https:\/\/bassin-arcachon.com\/wp-content\/uploads\/2017\/03\/chambre-hotes-bassin-arcachon-18x12.jpg",18,12,true]},"uagb_author_info":{"display_name":"Marie Clauzel","author_link":"https:\/\/bassin-arcachon.com\/es\/author\/mariesiba\/"},"uagb_comment_info":0,"uagb_excerpt":"Votre chambre d\u2019h\u00f4tes avec piscine Si le Bassin n\u2019est jamais tr\u00e8s loin pour une baignade, avoir une piscine est toujours agr\u00e9able pour les vacances. D\u00e9couvrez notre s\u00e9lection de&nbsp;chambres d\u2019h\u00f4tes \u00e9quip\u00e9es [&hellip;]","_links":{"self":[{"href":"https:\/\/bassin-arcachon.com\/es\/wp-json\/wp\/v2\/pages\/398","targetHints":{"allow":["GET"]}}],"collection":[{"href":"https:\/\/bassin-arcachon.com\/es\/wp-json\/wp\/v2\/pages"}],"about":[{"href":"https:\/\/bassin-arcachon.com\/es\/wp-json\/wp\/v2\/types\/page"}],"author":[{"embeddable":true,"href":"https:\/\/bassin-arcachon.com\/es\/wp-json\/wp\/v2\/users\/25"}],"replies":[{"embeddable":true,"href":"https:\/\/bassin-arcachon.com\/es\/wp-json\/wp\/v2\/comments?post=398"}],"version-history":[{"count":2,"href":"https:\/\/bassin-arcachon.com\/es\/wp-json\/wp\/v2\/pages\/398\/revisions"}],"predecessor-version":[{"id":68295,"href":"https:\/\/bassin-arcachon.com\/es\/wp-json\/wp\/v2\/pages\/398\/revisions\/68295"}],"up":[{"embeddable":true,"href":"https:\/\/bassin-arcachon.com\/es\/wp-json\/wp\/v2\/pages\/43"}],"wp:featuredmedia":[{"embeddable":true,"href":"https:\/\/bassin-arcachon.com\/es\/wp-json\/wp\/v2\/media\/24458"}],"wp:attachment":[{"href":"https:\/\/bassin-arcachon.com\/es\/wp-json\/wp\/v2\/media?parent=398"}],"curies":[{"name":"wp","href":"https:\/\/api.w.org\/{rel}","templated":true}]}}