{"id":43,"date":"2017-02-06T14:52:51","date_gmt":"2017-02-06T13:52:51","guid":{"rendered":"https:\/\/bassin-arcachon.com\/\/?page_id=43"},"modified":"2024-12-10T11:53:42","modified_gmt":"2024-12-10T10:53:42","slug":"donde-dormir","status":"publish","type":"page","link":"https:\/\/bassin-arcachon.com\/es\/ou-dormir\/","title":{"rendered":"D\u00f3nde dormir"},"content":{"rendered":"<div class=\"wp-block-uagb-container uagb-block-75894456 alignfull uagb-is-root-container\"><div class=\"uagb-container-inner-blocks-wrap\">\n<div class=\"wp-block-uagb-container uagb-block-10e22598\">\n<h2 class=\"wp-block-heading\">En plena naturaleza<\/h2>\n\n\n\n<p>Si te gusta ir de camping en vacaciones, \u00a1hay muchas posibilidades para elegir! Cerca del oc\u00e9ano o de la bah\u00eda, encontrar\u00e1s un lugar donde aparcar la caravana; tambi\u00e9n hay alojamientos ins\u00f3litos o pr\u00f3ximos a la duna de Pilat\u2026 Tenemos muchos campings en la bah\u00eda de Arcach\u00f3n.<\/p>\n\n\n\n<div class=\"wp-block-buttons is-layout-flex wp-block-buttons-is-layout-flex\">\n<div class=\"wp-block-button\"><a class=\"wp-block-button__link wp-element-button\" href=\"https:\/\/bassin-arcachon.com\/es\/alojamiento-2\/campings\/\">Buscar un camping<\/a><\/div>\n<\/div>\n<\/div>\n\n\n\n<div class=\"wp-block-uagb-container uagb-block-b148f79e\">\n<div class=\"wp-block-uagb-image uagb-block-31024eaf wp-block-uagb-image--layout-default wp-block-uagb-image--effect-static wp-block-uagb-image--align-none\"><figure class=\"wp-block-uagb-image__figure\"><img decoding=\"async\" srcset=\"https:\/\/bassin-arcachon.com\/wp-content\/uploads\/2017\/03\/camping-bassin-arcachon-1024x683.jpg ,https:\/\/bassin-arcachon.com\/wp-content\/uploads\/2017\/03\/camping-bassin-arcachon.jpg 780w, https:\/\/bassin-arcachon.com\/wp-content\/uploads\/2017\/03\/camping-bassin-arcachon.jpg 360w\" sizes=\"auto, (max-width: 480px) 150px\" src=\"https:\/\/bassin-arcachon.com\/wp-content\/uploads\/2017\/03\/camping-bassin-arcachon-1024x683.jpg\" alt=\"- - Bassin d&#039;Arcachon\" class=\"uag-image-2217\" width=\"1024\" height=\"683\" title=\"- - Bassin d&#039;Arcachon\" loading=\"lazy\" role=\"img\"><\/figure><\/div>\n<\/div>\n<\/div><\/div>\n\n\n\n<div style=\"height:60px\" aria-hidden=\"true\" class=\"wp-block-spacer\"><\/div>\n\n\n\n<div class=\"wp-block-uagb-container uagb-block-b035ed2b alignfull uagb-is-root-container\"><div class=\"uagb-container-inner-blocks-wrap\">\n<div class=\"wp-block-uagb-container uagb-block-9f4d5e73\">\t\t\t\t\t<div\n\t\t\t\t\t\tclass=\"wp-block-uagb-image-gallery uagb-block-86b435bc\"\n\t\t\t\t\t\tstyle=\"\"\n\t\t\t\t\t>\n\t\t\t\t\t\t\t\t\t\t\t<div class=\"spectra-image-gallery spectra-image-gallery__layout--grid spectra-image-gallery__layout--grid-col-1 spectra-image-gallery__layout--grid-col-tab-1 spectra-image-gallery__layout--grid-col-mob-1\">\n\t\t\t\t\t\t\t\t\t\t\t<div class='spectra-image-gallery__media-wrapper' data-spectra-gallery-image-id='24510' tabindex=\"0\">\n\t\t\t\t\t\t\t<div class=\"spectra-image-gallery__media spectra-image-gallery__media--grid\">\n\t\t\t\t<picture>\n\t\t\t\t\t<source media=\"(min-width: 1024px)\" srcset=\"https:\/\/bassin-arcachon.com\/wp-content\/uploads\/2017\/03\/chambre-hotes-bassin-arcachon-1.jpg\">\n\t\t\t\t\t<source media=\"(min-width: 768px)\" srcset=\"https:\/\/bassin-arcachon.com\/wp-content\/uploads\/2017\/03\/chambre-hotes-bassin-arcachon-1.jpg\">\n\t\t\t\t\t<img decoding=\"async\" class=\"spectra-image-gallery__media-thumbnail spectra-image-gallery__media-thumbnail--grid\" src=\"https:\/\/bassin-arcachon.com\/wp-content\/uploads\/2017\/03\/chambre-hotes-bassin-arcachon-1-300x200.jpg\" alt=\"cama y desayuno cuenca arcachon\" loading=\"lazy\" title=\"- - Bassin d&#039;Arcachon\">\n\t\t\t\t<\/picture>\n\t\t\t\t<div class=\"spectra-image-gallery__media-thumbnail-blurrer\"><\/div>\n\t\t\t\t\t\t\t\t\t\t\t<div class=\"spectra-image-gallery__media-thumbnail-caption-wrapper spectra-image-gallery__media-thumbnail-caption-wrapper--overlay\"><\/div>\n\t\t\t\t\t\t\t\t<\/div>\n\t\t\t\t\t\t<\/div>\n\t\t\t\t\t\t\t\t\t\t<\/div>\n\t\t\t\t\t\t\t\t\t\t\t\t\t\t\t\t\t\t<\/div>\n\t\t\t\t\t\t\t\t\t<\/div>\n\n\n\n<div class=\"wp-block-uagb-container uagb-block-ea7e62df\">\n<h2 class=\"wp-block-heading\">Como en casa con los anfitriones<\/h2>\n\n\n\n<p>Alojarse en una habitaci\u00f3n de hu\u00e9spedes es una buena soluci\u00f3n para vivir unas verdaderas vacaciones en casas particulares. Por supuesto, dispondr\u00e1s de tu intimidad, pero con el placer de conocer a los vecinos, que te dar\u00e1n consejos y te dir\u00e1n los mejores lugares a los que ir para explorar la bah\u00eda de Arcach\u00f3n de otra forma.<\/p>\n\n\n\n<div class=\"wp-block-buttons is-layout-flex wp-block-buttons-is-layout-flex\">\n<div class=\"wp-block-button\"><a class=\"wp-block-button__link wp-element-button\" href=\"https:\/\/bassin-arcachon.com\/es\/alojamiento-2\/habitaciones-de-invitados-2\/\">Reserva una habitaci\u00f3n en casas particulares<\/a><\/div>\n<\/div>\n\n\n\n<h4 class=\"wp-block-heading\" style=\"font-size:1.56rem\">Busca un alojamiento donde los animales sean bienvenidos :<\/h4>\n\n\n\n<div class=\"wp-block-buttons is-layout-flex wp-block-buttons-is-layout-flex\">\n<div class=\"wp-block-button\"><a class=\"wp-block-button__link wp-element-button\" href=\"https:\/\/bassin-arcachon.com\/es\/alojamiento-2\/hoteles%26amp%3banimales\/\">Un hotel<\/a><\/div>\n\n\n\n<div class=\"wp-block-button\"><a class=\"wp-block-button__link wp-element-button\" href=\"https:\/\/bassin-arcachon.com\/es\/alojamiento-2\/campings%26amp%3banimales\/\">un camping<\/a><\/div>\n\n\n\n<div class=\"wp-block-button\"><a class=\"wp-block-button__link wp-element-button\" href=\"https:\/\/bassin-arcachon.com\/es\/alojamiento-2\/alquileres-vacacionales%26amp%3banimales\/\">un alquiler vacacional<\/a><\/div>\n\n\n\n<div class=\"wp-block-button\"><a class=\"wp-block-button__link wp-element-button\" href=\"https:\/\/bassin-arcachon.com\/es\/alojamiento-2\/bed-and-breakfast-y-mascotas\/\">Una habitaci\u00f3n en casas particulares<\/a><\/div>\n\n\n\n<div class=\"wp-block-button\"><a class=\"wp-block-button__link wp-element-button\" href=\"https:\/\/bassin-arcachon.com\/es\/alojamiento-2\/residencias-y-animales\/\">Un complejo vacacional<\/a><\/div>\n<\/div>\n<\/div>\n<\/div><\/div>\n\n\n\n<div style=\"height:60px\" aria-hidden=\"true\" class=\"wp-block-spacer\"><\/div>\n\n\n\n<div class=\"wp-block-uagb-container uagb-block-a35e751f alignfull uagb-is-root-container\"><div class=\"uagb-container-inner-blocks-wrap\">\n<div class=\"wp-block-uagb-container uagb-block-fdbb1c98\">\n<h2 class=\"wp-block-heading\">En el hotel, con todas las comodidades<\/h2>\n\n\n\n<p>Elegir <a href=\"https:\/\/bassin-arcachon.com\/es\/alojamiento-2\/hoteles\/\" data-type=\"link\" data-id=\"https:\/\/bassin-arcachon.com\/ou-dormir\/hotel\/\">el hotel<\/a> para pasar las vacaciones es la soluci\u00f3n ideal si quieres disfrutar del tiempo libre sin limitaciones. Cada ma\u00f1ana se sirve el desayuno y la limpieza se hace a diario. Lo \u00fanico que debe preocuparte es organizar tus actividades del d\u00eda.<\/p>\n\n\n\n<div class=\"wp-block-buttons is-layout-flex wp-block-buttons-is-layout-flex\">\n<div class=\"wp-block-button\"><a class=\"wp-block-button__link wp-element-button\" href=\"https:\/\/bassin-arcachon.com\/es\/alojamiento-2\/hoteles\/\"><strong>Busca un hotel<\/strong><\/a><\/div>\n<\/div>\n<\/div>\n\n\n\n<div class=\"wp-block-uagb-container uagb-block-31b31566\">\n<div class=\"wp-block-uagb-image uagb-block-b8ad4084 wp-block-uagb-image--layout-default wp-block-uagb-image--effect-static wp-block-uagb-image--align-none\"><figure class=\"wp-block-uagb-image__figure\"><img decoding=\"async\" srcset=\"https:\/\/bassin-arcachon.com\/wp-content\/uploads\/2017\/03\/header-hotels.jpg \" sizes=\"auto, (max-width: 480px) 150px\" src=\"https:\/\/bassin-arcachon.com\/wp-content\/uploads\/2017\/03\/header-hotels.jpg\" alt=\"- - Bassin d&#039;Arcachon\" class=\"uag-image-394\" width=\"842\" height=\"560\" title=\"- - Bassin d&#039;Arcachon\" loading=\"lazy\" role=\"img\"><\/figure><\/div>\n<\/div>\n<\/div><\/div>\n\n\n\n<div style=\"height:60px\" aria-hidden=\"true\" class=\"wp-block-spacer\"><\/div>\n\n\n\n<div class=\"wp-block-uagb-container uagb-block-01e437b3 alignfull uagb-is-root-container\"><div class=\"uagb-container-inner-blocks-wrap\">\n<div class=\"wp-block-uagb-container uagb-block-aedbffc3\">\n<div class=\"wp-block-uagb-image uagb-block-715bb73f wp-block-uagb-image--layout-default wp-block-uagb-image--effect-static wp-block-uagb-image--align-none\"><figure class=\"wp-block-uagb-image__figure\"><img decoding=\"async\" srcset=\"https:\/\/bassin-arcachon.com\/wp-content\/uploads\/2022\/12\/20200101_HD_Chambres-hotes-Cabanes-en-Bois_MEDINA-17-scaled-1024x684.jpg ,https:\/\/bassin-arcachon.com\/wp-content\/uploads\/2022\/12\/20200101_HD_Chambres-hotes-Cabanes-en-Bois_MEDINA-17-scaled.jpg 780w, https:\/\/bassin-arcachon.com\/wp-content\/uploads\/2022\/12\/20200101_HD_Chambres-hotes-Cabanes-en-Bois_MEDINA-17-scaled.jpg 360w\" sizes=\"auto, (max-width: 480px) 150px\" src=\"https:\/\/bassin-arcachon.com\/wp-content\/uploads\/2022\/12\/20200101_HD_Chambres-hotes-Cabanes-en-Bois_MEDINA-17-scaled-1024x684.jpg\" alt=\"- - Bassin d&#039;Arcachon\" class=\"uag-image-53215\" width=\"1024\" height=\"684\" title=\"- - Bassin d&#039;Arcachon\" loading=\"lazy\" role=\"img\"><\/figure><\/div>\n<\/div>\n\n\n\n<div class=\"wp-block-uagb-container uagb-block-6808e47e\">\n<h2 class=\"wp-block-heading\">Crear un hogar y vivir el momento<\/h2>\n\n\n\n<p>El alquiler vacacional so\u00f1ado con todo lo necesario para disfrutar de una estancia sin estr\u00e9s.<\/p>\n\n\n\n<div class=\"wp-block-buttons is-layout-flex wp-block-buttons-is-layout-flex\">\n<div class=\"wp-block-button\"><a class=\"wp-block-button__link wp-element-button\" href=\"https:\/\/bassin-arcachon.com\/es\/alojamiento-2\/alquileres-vacacionales\/\">Buscar un alquiler<\/a><\/div>\n<\/div>\n<\/div>\n<\/div><\/div>\n\n\n\n<div style=\"height:60px\" aria-hidden=\"true\" class=\"wp-block-spacer\"><\/div>\n\n\n\n<div class=\"wp-block-uagb-container uagb-block-96dd1391 alignfull uagb-is-root-container\"><div class=\"uagb-container-inner-blocks-wrap\">\n<div class=\"wp-block-uagb-container uagb-block-0e92adc7\">\n<h2 class=\"wp-block-heading\">Complejo vacacional<\/h2>\n\n\n\n<p>En familia o con amigos, \u00a1las vacaciones siempre son mejores en grupo! Elige el encanto de unos de nuestros complejos vacacionales.<\/p>\n\n\n\n<div class=\"wp-block-buttons is-layout-flex wp-block-buttons-is-layout-flex\">\n<div class=\"wp-block-button\"><a class=\"wp-block-button__link wp-element-button\" href=\"https:\/\/bassin-arcachon.com\/es\/alojamiento-2\/pueblos-de-vacaciones\/\">Encontrar alojamiento<\/a><\/div>\n<\/div>\n<\/div>\n\n\n\n<div class=\"wp-block-uagb-container uagb-block-2962763c\">\n<div class=\"wp-block-uagb-image uagb-block-8d4fd3bf wp-block-uagb-image--layout-default wp-block-uagb-image--effect-static wp-block-uagb-image--align-none\"><figure class=\"wp-block-uagb-image__figure\"><img decoding=\"async\" srcset=\"https:\/\/bassin-arcachon.com\/wp-content\/uploads\/2017\/03\/Camping-Panorama-du-Pyla-Caravane-airstream-1024x768.jpg \" sizes=\"auto, (max-width: 480px) 150px\" src=\"https:\/\/bassin-arcachon.com\/wp-content\/uploads\/2017\/03\/Camping-Panorama-du-Pyla-Caravane-airstream-1024x768.jpg\" alt=\"- - Bassin d&#039;Arcachon\" class=\"uag-image-1338\" width=\"1024\" height=\"768\" title=\"- - Bassin d&#039;Arcachon\" loading=\"lazy\" role=\"img\"><\/figure><\/div>\n<\/div>\n<\/div><\/div>\n\n\n\n<div style=\"height:60px\" aria-hidden=\"true\" class=\"wp-block-spacer\"><\/div>","protected":false},"excerpt":{"rendered":"<p>Au plus pr\u00e8s de la nature Si vous aimez le camping pour les vacances, alors vous aurez le choix ! Proche de l\u2019oc\u00e9an ou du Bassin, emplacement pour poser la [&hellip;]<\/p>\n","protected":false},"author":25,"featured_media":51814,"parent":0,"menu_order":6,"comment_status":"closed","ping_status":"closed","template":"","meta":{"_acf_changed":false,"_uag_custom_page_level_css":"","footnotes":""},"class_list":["post-43","page","type-page","status-publish","has-post-thumbnail","hentry"],"acf":[],"uagb_featured_image_src":{"full":["https:\/\/bassin-arcachon.com\/wp-content\/uploads\/2022\/10\/SIBA-Ou\u0300-dormir-web.jpg",1400,780,false],"thumbnail":["https:\/\/bassin-arcachon.com\/wp-content\/uploads\/2022\/10\/SIBA-Ou\u0300-dormir-web-150x150.jpg",150,150,true],"medium":["https:\/\/bassin-arcachon.com\/wp-content\/uploads\/2022\/10\/SIBA-Ou\u0300-dormir-web-600x334.jpg",600,334,true],"medium_large":["https:\/\/bassin-arcachon.com\/wp-content\/uploads\/2022\/10\/SIBA-Ou\u0300-dormir-web-768x428.jpg",768,428,true],"large":["https:\/\/bassin-arcachon.com\/wp-content\/uploads\/2022\/10\/SIBA-Ou\u0300-dormir-web-1024x571.jpg",1024,571,true],"1536x1536":["https:\/\/bassin-arcachon.com\/wp-content\/uploads\/2022\/10\/SIBA-Ou\u0300-dormir-web.jpg",1400,780,false],"2048x2048":["https:\/\/bassin-arcachon.com\/wp-content\/uploads\/2022\/10\/SIBA-Ou\u0300-dormir-web.jpg",1400,780,false],"trp-custom-language-flag":["https:\/\/bassin-arcachon.com\/wp-content\/uploads\/2022\/10\/SIBA-Ou\u0300-dormir-web-18x10.jpg",18,10,true]},"uagb_author_info":{"display_name":"Marie Clauzel","author_link":"https:\/\/bassin-arcachon.com\/es\/author\/mariesiba\/"},"uagb_comment_info":0,"uagb_excerpt":"Au plus pr\u00e8s de la nature Si vous aimez le camping pour les vacances, alors vous aurez le choix ! Proche de l\u2019oc\u00e9an ou du Bassin, emplacement pour poser la [&hellip;]","_links":{"self":[{"href":"https:\/\/bassin-arcachon.com\/es\/wp-json\/wp\/v2\/pages\/43","targetHints":{"allow":["GET"]}}],"collection":[{"href":"https:\/\/bassin-arcachon.com\/es\/wp-json\/wp\/v2\/pages"}],"about":[{"href":"https:\/\/bassin-arcachon.com\/es\/wp-json\/wp\/v2\/types\/page"}],"author":[{"embeddable":true,"href":"https:\/\/bassin-arcachon.com\/es\/wp-json\/wp\/v2\/users\/25"}],"replies":[{"embeddable":true,"href":"https:\/\/bassin-arcachon.com\/es\/wp-json\/wp\/v2\/comments?post=43"}],"version-history":[{"count":6,"href":"https:\/\/bassin-arcachon.com\/es\/wp-json\/wp\/v2\/pages\/43\/revisions"}],"predecessor-version":[{"id":223545,"href":"https:\/\/bassin-arcachon.com\/es\/wp-json\/wp\/v2\/pages\/43\/revisions\/223545"}],"wp:featuredmedia":[{"embeddable":true,"href":"https:\/\/bassin-arcachon.com\/es\/wp-json\/wp\/v2\/media\/51814"}],"wp:attachment":[{"href":"https:\/\/bassin-arcachon.com\/es\/wp-json\/wp\/v2\/media?parent=43"}],"curies":[{"name":"wp","href":"https:\/\/api.w.org\/{rel}","templated":true}]}}