{"id":44448,"date":"2020-07-06T14:22:32","date_gmt":"2020-07-06T12:22:32","guid":{"rendered":"https:\/\/bassin-arcachon.com\/\/?page_id=44448"},"modified":"2024-11-06T11:42:44","modified_gmt":"2024-11-06T10:42:44","slug":"lanton-7","status":"publish","type":"page","link":"https:\/\/bassin-arcachon.com\/es\/ou-dormir\/camping\/lanton\/","title":{"rendered":"Nuestros campings en Lanton"},"content":{"rendered":"<div class=\"wp-block-uagb-container uagb-block-ed203fa7 alignfull uagb-is-root-container\"><div class=\"uagb-container-inner-blocks-wrap\">\n<div class=\"wp-block-uagb-container uagb-block-4ace7f2d\">\n<h2 class=\"wp-block-heading\">Nuestros campings con vistas en Lanton o alrededores<\/h2>\n\n\n\n<p>\u00bfLe gustar\u00eda reservar un camping en Lanton, o cerca, que tenga una vista directa del Bassin d&#039;Arcachon? Tiene usted raz\u00f3n ! Disfruta del acceso directo a la playa y despi\u00e9rtate cada ma\u00f1ana frente al&nbsp;<strong>bol.<\/strong>&nbsp;\u00a1Marav\u00edllate con este paisaje que cambia todos los d\u00edas! En tienda o caravana, reserva tu&nbsp;<strong>c\u00e1mping<\/strong>&nbsp;a&nbsp;<strong>Lant\u00f3n, o alrededores<\/strong>&nbsp;!<\/p>\n\n\n\n<div class=\"wp-block-buttons is-layout-flex wp-block-buttons-is-layout-flex\">\n<div class=\"wp-block-button\"><a class=\"wp-block-button__link wp-element-button\" href=\"https:\/\/bassin-arcachon.com\/es\/alojamiento-2\/campings-en-el-corazon-de-la-cuenca-y-con-vistas-al-mar\/\">Camping frente al mar<\/a><\/div>\n<\/div>\n<\/div>\n\n\n\n<div class=\"wp-block-uagb-container uagb-block-4606889d\">\n<div class=\"wp-block-uagb-image uagb-block-79596707 wp-block-uagb-image--layout-default wp-block-uagb-image--effect-static wp-block-uagb-image--align-none\"><figure class=\"wp-block-uagb-image__figure\"><img decoding=\"async\" srcset=\"https:\/\/bassin-arcachon.com\/wp-content\/uploads\/2017\/08\/devant-le-bassin-velo-1024x683.jpg \" sizes=\"auto, (max-width: 480px) 150px\" src=\"https:\/\/bassin-arcachon.com\/wp-content\/uploads\/2017\/08\/devant-le-bassin-velo-1024x683.jpg\" alt=\"- - Bassin d&#039;Arcachon\" class=\"uag-image-7542\" width=\"1024\" height=\"683\" title=\"- - Bassin d&#039;Arcachon\" loading=\"lazy\" role=\"img\"><\/figure><\/div>\n<\/div>\n<\/div><\/div>\n\n\n\n<div style=\"height:60px\" aria-hidden=\"true\" class=\"wp-block-spacer\"><\/div>\n\n\n\n<div class=\"wp-block-uagb-container uagb-block-add14a80 alignfull uagb-is-root-container\"><div class=\"uagb-container-inner-blocks-wrap\">\n<div class=\"wp-block-uagb-container uagb-block-80990708\">\n<div class=\"wp-block-uagb-image uagb-block-2114fdf6 wp-block-uagb-image--layout-default wp-block-uagb-image--effect-static wp-block-uagb-image--align-none\"><figure class=\"wp-block-uagb-image__figure\"><img decoding=\"async\" srcset=\"https:\/\/bassin-arcachon.com\/wp-content\/uploads\/2020\/07\/Plage-suzette-Lanton.jpg \" sizes=\"auto, (max-width: 480px) 150px\" src=\"https:\/\/bassin-arcachon.com\/wp-content\/uploads\/2020\/07\/Plage-suzette-Lanton.jpg\" alt=\"- - Bassin d&#039;Arcachon\" class=\"uag-image-44378\" width=\"1000\" height=\"666\" title=\"- - Bassin d&#039;Arcachon\" loading=\"lazy\" role=\"img\"><\/figure><\/div>\n<\/div>\n\n\n\n<div class=\"wp-block-uagb-container uagb-block-5078c1a9\">\n<h2 class=\"wp-block-heading\">Nuestros campings con piscina en Lanton<\/h2>\n\n\n\n<p>Descanse en el coraz\u00f3n de la cuenca, a tiro de piedra de Audenge, reservando uno de nuestros&nbsp;<strong>campings en Lant\u00f3n<\/strong>&nbsp;con&nbsp;<strong>piscina, o cerca<\/strong>&nbsp;! Aproveche los espacios dedicados a ni\u00f1os y adultos: juegos acu\u00e1ticos, toboganes, clases de aquagym, todo est\u00e1 hecho para que pase una estancia en familia inolvidable en un&nbsp;<strong>c\u00e1mping<\/strong><\/p>\n\n\n\n<div class=\"wp-block-buttons is-layout-flex wp-block-buttons-is-layout-flex\">\n<div class=\"wp-block-button\"><a class=\"wp-block-button__link wp-element-button\" href=\"https:\/\/bassin-arcachon.com\/es\/alojamiento-2\/campings-en-el-corazon-de-la-cuenca-y-piscina\/\">Campings con piscina<\/a><\/div>\n<\/div>\n<\/div>\n<\/div><\/div>\n\n\n\n<div style=\"height:60px\" aria-hidden=\"true\" class=\"wp-block-spacer\"><\/div>\n\n\n\n<div class=\"wp-block-uagb-container uagb-block-731488c7 alignfull uagb-is-root-container\"><div class=\"uagb-container-inner-blocks-wrap\">\n<div class=\"wp-block-uagb-container uagb-block-a97a9785\">\n<h2 class=\"wp-block-heading\">Nuestros campings que acogen autocaravanas en Lanton<\/h2>\n\n\n\n<p>\u00bfViajas en autocaravana? \u00a1Ven a recargar pilas en una de nuestras parcelas para autocaravanas en Lanton o cerca! Entre los pinos y las playas de la cuenca, \u00a1recarga las pilas durante unos d\u00edas en un entorno id\u00edlico antes de salir a la carretera a bordo de tu autocaravana!<\/p>\n\n\n\n<div class=\"wp-block-buttons is-layout-flex wp-block-buttons-is-layout-flex\">\n<div class=\"wp-block-button\"><a class=\"wp-block-button__link wp-element-button\" href=\"https:\/\/bassin-arcachon.com\/es\/alojamiento-2\/campings%40corazon-de-la-cuenca\/\">Campings con parcelas para autocaravanas<\/a><\/div>\n<\/div>\n<\/div>\n\n\n\n<div class=\"wp-block-uagb-container uagb-block-96fe018c\">\n<div class=\"wp-block-uagb-image uagb-block-1b1f2cec wp-block-uagb-image--layout-default wp-block-uagb-image--effect-static wp-block-uagb-image--align-none\"><figure class=\"wp-block-uagb-image__figure\"><img decoding=\"async\" srcset=\"https:\/\/bassin-arcachon.com\/wp-content\/uploads\/2018\/04\/velo-lanton-photo-de-une-e1546601388171-1024x683.jpg ,https:\/\/bassin-arcachon.com\/wp-content\/uploads\/2018\/04\/velo-lanton-photo-de-une-e1546601388171.jpg 780w, https:\/\/bassin-arcachon.com\/wp-content\/uploads\/2018\/04\/velo-lanton-photo-de-une-e1546601388171.jpg 360w\" sizes=\"auto, (max-width: 480px) 150px\" src=\"https:\/\/bassin-arcachon.com\/wp-content\/uploads\/2018\/04\/velo-lanton-photo-de-une-e1546601388171-1024x683.jpg\" alt=\"Paseo en bicicleta frente al mar de Lanton\" class=\"uag-image-19955\" width=\"1024\" height=\"683\" title=\"Paseo en bicicleta frente al mar de Lanton\" loading=\"lazy\" role=\"img\"\/><\/figure><\/div>\n<\/div>\n<\/div><\/div>\n\n\n\n<div style=\"height:60px\" aria-hidden=\"true\" class=\"wp-block-spacer\"><\/div>\n\n\n\n<div class=\"wp-block-uagb-container uagb-block-91886311 alignfull uagb-is-root-container\">\n<div class=\"wp-block-cover is-light has-parallax\"><span aria-hidden=\"true\" class=\"wp-block-cover__background has-background-dim-0 has-background-dim\"><\/span><div class=\"wp-block-cover__image-background wp-image-1345 has-parallax\" style=\"background-position:50% 50%;background-image:url(https:\/\/bassin-arcachon.com\/wp-content\/uploads\/2017\/03\/Camping-Panorama-du-Pyla-cottage-vue-mer-coin-farniente.jpg)\"><\/div><div class=\"wp-block-cover__inner-container is-layout-flow wp-block-cover-is-layout-flow\">\n<div class=\"wp-block-uagb-container uagb-block-c1453dc2\">\n<h2 class=\"wp-block-heading has-text-align-center has-white-color has-text-color has-large-font-size\">\u00a1Pasa tus vacaciones de forma sencilla en uno de los campings de la bah\u00eda de Arcach\u00f3n!<\/h2>\n\n\n\n<p class=\"has-text-align-center has-white-color has-text-color\"><a href=\"https:\/\/bassin-arcachon.com\/es\/alojamiento-2\/campings\/\">LANZA LA B\u00daSQUEDA<\/a><\/p>\n<\/div>\n<\/div><\/div>\n<\/div>\n\n\n\n<div style=\"height:60px\" aria-hidden=\"true\" class=\"wp-block-spacer\"><\/div>\n\n\n\n<div class=\"wp-block-uagb-container uagb-block-02e6a164 alignfull uagb-is-root-container\"><div class=\"uagb-container-inner-blocks-wrap\">\n<div class=\"wp-block-uagb-container uagb-block-8edb6d7d\">\n<h3 class=\"wp-block-heading\">\u00bfQuiere reservar un camping en los alrededores de Lanton?<\/h3>\n\n\n\n<p>Descubra todos nuestros campings en Bassin Arcachon:&nbsp;<a href=\"https:\/\/bassin-arcachon.com\/es\/alojamiento-2\/hoteles+ares\/\">Ares<\/a>,&nbsp;<a href=\"https:\/\/bassin-arcachon.com\/es\/alojamiento-2\/hoteles+arcachon\/\">Arcachon<\/a>,&nbsp;<a href=\"https:\/\/bassin-arcachon.com\/es\/alojamiento-2\/hoteles+la-prueba-de-buch\/\">La Teste de Buch<\/a>,&nbsp;<a href=\"https:\/\/bassin-arcachon.com\/es\/alojamiento-2\/hoteles+andernos\/\">Andernos<\/a>,&nbsp;<a href=\"https:\/\/bassin-arcachon.com\/es\/alojamiento-2\/hoteles+gujan-mestras\/\">Gujan Mestras,<\/a>&nbsp;<a href=\"https:\/\/bassin-arcachon.com\/es\/alojamiento-2\/hoteles+corazon-de-la-cuenca-2\/\">Biganos,<\/a>&nbsp;<a href=\"https:\/\/bassin-arcachon.com\/es\/alojamiento-2\/hoteles+corazon-de-la-cuenca-2\/\">el Coraz\u00f3n de la bah\u00eda<\/a>, &lt;a href=&quot;https:\/\/www.bassin-arcachon.com\/hebergements\/hotels+le-teich\/&quot;Le Teich&nbsp;<\/a>\u00e0 supprimer&nbsp;<a href=\"https:\/\/bassin-arcachon.com\/es\/alojamiento-2\/hoteles+huron-de-gorra-lege\/\">Cap Ferret<\/a>&nbsp;!<\/p>\n<\/div>\n\n\n\n<div class=\"wp-block-uagb-container uagb-block-2e52a006\">\n<div class=\"wp-block-uagb-image uagb-block-a755267c wp-block-uagb-image--layout-default wp-block-uagb-image--effect-static wp-block-uagb-image--align-none\"><figure class=\"wp-block-uagb-image__figure\"><img decoding=\"async\" srcset=\"https:\/\/bassin-arcachon.com\/wp-content\/uploads\/2018\/09\/nourri-a-lhu\u00eetre-\u00e9lev\u00e9-sous-les-pins-Bassin-dArcachon.jpg 1000w, https:\/\/bassin-arcachon.com\/wp-content\/uploads\/2018\/09\/nourri-a-lhu\u00eetre-\u00e9lev\u00e9-sous-les-pins-Bassin-dArcachon-600x400.jpg 600w, https:\/\/bassin-arcachon.com\/wp-content\/uploads\/2018\/09\/nourri-a-lhu\u00eetre-\u00e9lev\u00e9-sous-les-pins-Bassin-dArcachon-768x511.jpg 768w, https:\/\/bassin-arcachon.com\/wp-content\/uploads\/2018\/09\/nourri-a-lhu\u00eetre-\u00e9lev\u00e9-sous-les-pins-Bassin-dArcachon-18x12.jpg 18w\" sizes=\"auto, (max-width: 480px) 150px\" src=\"https:\/\/bassin-arcachon.com\/wp-content\/uploads\/2018\/09\/nourri-a-lhu\u00eetre-\u00e9lev\u00e9-sous-les-pins-Bassin-dArcachon.jpg\" alt=\"- - Bassin d&#039;Arcachon\" class=\"uag-image-26169\" width=\"1000\" height=\"666\" title=\"- - Bassin d&#039;Arcachon\" loading=\"lazy\" role=\"img\"><\/figure><\/div>\n<\/div>\n<\/div><\/div>\n\n\n\n<div style=\"height:60px\" aria-hidden=\"true\" class=\"wp-block-spacer\"><\/div>","protected":false},"excerpt":{"rendered":"<p>Nos campings avec vue \u00e0 Lanton, ou \u00e0 proximit\u00e9 Vous souhaitez r\u00e9server un camping \u00e0 Lanton, ou \u00e0 proximit\u00e9, qui dispose d\u2019une vue directe sur le Bassin d\u2019Arcachon ? Vous [&hellip;]<\/p>\n","protected":false},"author":25,"featured_media":2217,"parent":392,"menu_order":1,"comment_status":"closed","ping_status":"closed","template":"","meta":{"_acf_changed":false,"_uag_custom_page_level_css":"","footnotes":""},"class_list":["post-44448","page","type-page","status-publish","has-post-thumbnail","hentry"],"acf":[],"uagb_featured_image_src":{"full":["https:\/\/bassin-arcachon.com\/wp-content\/uploads\/2017\/03\/camping-bassin-arcachon.jpg",1200,800,false],"thumbnail":["https:\/\/bassin-arcachon.com\/wp-content\/uploads\/2017\/03\/camping-bassin-arcachon-150x150.jpg",150,150,true],"medium":["https:\/\/bassin-arcachon.com\/wp-content\/uploads\/2017\/03\/camping-bassin-arcachon-600x400.jpg",600,400,true],"medium_large":["https:\/\/bassin-arcachon.com\/wp-content\/uploads\/2017\/03\/camping-bassin-arcachon-768x512.jpg",768,512,true],"large":["https:\/\/bassin-arcachon.com\/wp-content\/uploads\/2017\/03\/camping-bassin-arcachon-1024x683.jpg",1024,683,true],"1536x1536":["https:\/\/bassin-arcachon.com\/wp-content\/uploads\/2017\/03\/camping-bassin-arcachon.jpg",1200,800,false],"2048x2048":["https:\/\/bassin-arcachon.com\/wp-content\/uploads\/2017\/03\/camping-bassin-arcachon.jpg",1200,800,false],"trp-custom-language-flag":["https:\/\/bassin-arcachon.com\/wp-content\/uploads\/2017\/03\/camping-bassin-arcachon-18x12.jpg",18,12,true]},"uagb_author_info":{"display_name":"Marie Clauzel","author_link":"https:\/\/bassin-arcachon.com\/es\/author\/mariesiba\/"},"uagb_comment_info":0,"uagb_excerpt":"Nos campings avec vue \u00e0 Lanton, ou \u00e0 proximit\u00e9 Vous souhaitez r\u00e9server un camping \u00e0 Lanton, ou \u00e0 proximit\u00e9, qui dispose d\u2019une vue directe sur le Bassin d\u2019Arcachon ? Vous [&hellip;]","_links":{"self":[{"href":"https:\/\/bassin-arcachon.com\/es\/wp-json\/wp\/v2\/pages\/44448","targetHints":{"allow":["GET"]}}],"collection":[{"href":"https:\/\/bassin-arcachon.com\/es\/wp-json\/wp\/v2\/pages"}],"about":[{"href":"https:\/\/bassin-arcachon.com\/es\/wp-json\/wp\/v2\/types\/page"}],"author":[{"embeddable":true,"href":"https:\/\/bassin-arcachon.com\/es\/wp-json\/wp\/v2\/users\/25"}],"replies":[{"embeddable":true,"href":"https:\/\/bassin-arcachon.com\/es\/wp-json\/wp\/v2\/comments?post=44448"}],"version-history":[{"count":2,"href":"https:\/\/bassin-arcachon.com\/es\/wp-json\/wp\/v2\/pages\/44448\/revisions"}],"predecessor-version":[{"id":68274,"href":"https:\/\/bassin-arcachon.com\/es\/wp-json\/wp\/v2\/pages\/44448\/revisions\/68274"}],"up":[{"embeddable":true,"href":"https:\/\/bassin-arcachon.com\/es\/wp-json\/wp\/v2\/pages\/392"}],"wp:featuredmedia":[{"embeddable":true,"href":"https:\/\/bassin-arcachon.com\/es\/wp-json\/wp\/v2\/media\/2217"}],"wp:attachment":[{"href":"https:\/\/bassin-arcachon.com\/es\/wp-json\/wp\/v2\/media?parent=44448"}],"curies":[{"name":"wp","href":"https:\/\/api.w.org\/{rel}","templated":true}]}}