{"id":44476,"date":"2020-07-06T15:34:53","date_gmt":"2020-07-06T13:34:53","guid":{"rendered":"https:\/\/bassin-arcachon.com\/\/?page_id=44476"},"modified":"2024-11-06T11:46:21","modified_gmt":"2024-11-06T10:46:21","slug":"andernos","status":"publish","type":"page","link":"https:\/\/bassin-arcachon.com\/es\/ou-dormir\/camping\/andernos\/","title":{"rendered":"Nuestros campings en Andernos"},"content":{"rendered":"<div class=\"wp-block-uagb-container uagb-block-4541dbad alignfull uagb-is-root-container\"><div class=\"uagb-container-inner-blocks-wrap\">\n<div class=\"wp-block-uagb-container uagb-block-63ecadd0\">\n<h2 class=\"wp-block-heading\">Nuestros campings en Andernos con vistas a la Bassin<\/h2>\n\n\n\n<p>Para un par\u00e9ntesis \u00fanico junto al agua, \u00a1ha venido al lugar correcto! Imag\u00ednese sus pr\u00f3ximas vacaciones de camping en Andernos: vista panor\u00e1mica de la cuenca y despertarse con el sonido del chapoteo del agua\u2026 \u00bfEst\u00e1 tentado? \u00a1Elige tu camping al borde de la Bassin para acceder directamente a las playas!<\/p>\n\n\n\n<div class=\"wp-block-buttons is-layout-flex wp-block-buttons-is-layout-flex\">\n<div class=\"wp-block-button\"><a class=\"wp-block-button__link wp-element-button\" href=\"https:\/\/bassin-arcachon.com\/es\/alojamiento-2\/campingsandernos-les-bainsvuemer\/\">Camping frente al mar<\/a><\/div>\n<\/div>\n<\/div>\n\n\n\n<div class=\"wp-block-uagb-container uagb-block-57d40c15\">\n<div class=\"wp-block-uagb-image uagb-block-1e0e6829 wp-block-uagb-image--layout-default wp-block-uagb-image--effect-static wp-block-uagb-image--align-none\"><figure class=\"wp-block-uagb-image__figure\"><img decoding=\"async\" srcset=\"https:\/\/bassin-arcachon.com\/wp-content\/uploads\/2017\/02\/Plage-du-Betey-Andernos-1024x683.jpg ,https:\/\/bassin-arcachon.com\/wp-content\/uploads\/2017\/02\/Plage-du-Betey-Andernos.jpg 780w, https:\/\/bassin-arcachon.com\/wp-content\/uploads\/2017\/02\/Plage-du-Betey-Andernos.jpg 360w\" sizes=\"auto, (max-width: 480px) 150px\" src=\"https:\/\/bassin-arcachon.com\/wp-content\/uploads\/2017\/02\/Plage-du-Betey-Andernos-1024x683.jpg\" alt=\"- - Bassin d&#039;Arcachon\" class=\"uag-image-23761\" width=\"1024\" height=\"683\" title=\"Playa de Betey Andernos\" loading=\"lazy\" role=\"img\"><\/figure><\/div>\n<\/div>\n<\/div><\/div>\n\n\n\n<div style=\"height:60px\" aria-hidden=\"true\" class=\"wp-block-spacer\"><\/div>\n\n\n\n<div class=\"wp-block-uagb-container uagb-block-531f8427 alignfull uagb-is-root-container\"><div class=\"uagb-container-inner-blocks-wrap\">\n<div class=\"wp-block-uagb-container uagb-block-e6ccbf30\">\n<div class=\"wp-block-uagb-image uagb-block-6336d357 wp-block-uagb-image--layout-default wp-block-uagb-image--effect-static wp-block-uagb-image--align-none\"><figure class=\"wp-block-uagb-image__figure\"><img decoding=\"async\" srcset=\"https:\/\/bassin-arcachon.com\/wp-content\/uploads\/2018\/04\/andernos-photo-de-une-1024x683.jpg \" sizes=\"auto, (max-width: 480px) 150px\" src=\"https:\/\/bassin-arcachon.com\/wp-content\/uploads\/2018\/04\/andernos-photo-de-une-1024x683.jpg\" alt=\"En el Bassin en Andernos - Foto Destacada\" class=\"uag-image-19921\" width=\"1024\" height=\"683\" title=\"- - Bassin d&#039;Arcachon\" loading=\"lazy\" role=\"img\"><\/figure><\/div>\n<\/div>\n\n\n\n<div class=\"wp-block-uagb-container uagb-block-304e89e4\">\n<h2 class=\"wp-block-heading\">Nuestros campings en Andernos con piscina<\/h2>\n\n\n\n<p>En pareja o con ni\u00f1os, reserva tu camping con piscina para una estancia relajante 100% en <a href=\"https:\/\/bassin-arcachon.com\/es\/nuestros-pueblos-y-aldeas\/andernos-los-banos\/\">Andernos<\/a>. Toboganes, piscinas infantiles e incluso zonas reservadas para adultos, \u00a1las piscinas de nuestros campings le garantizan unas vacaciones inolvidables en un entorno impresionante!<\/p>\n\n\n\n<div class=\"wp-block-buttons is-layout-flex wp-block-buttons-is-layout-flex\">\n<div class=\"wp-block-button\"><a class=\"wp-block-button__link wp-element-button\" href=\"https:\/\/bassin-arcachon.com\/es\/alojamiento-2\/campings-y-piscina\/\">Campings con piscina<\/a><\/div>\n<\/div>\n<\/div>\n<\/div><\/div>\n\n\n\n<div style=\"height:60px\" aria-hidden=\"true\" class=\"wp-block-spacer\"><\/div>\n\n\n\n<div class=\"wp-block-uagb-container uagb-block-fae25d6b alignfull uagb-is-root-container\"><div class=\"uagb-container-inner-blocks-wrap\">\n<div class=\"wp-block-uagb-container uagb-block-ee45ae63\">\n<h2 class=\"wp-block-heading\">Camping en Andernos con parcela para autocaravanas<\/h2>\n\n\n\n<p>Cuando viaje en autocaravana, haga una parada en uno de nuestros campings m\u00e1s grandes de Andernos. En el bosque, junto al mar o con vistas a la d\u00e1rsena, en cualquier caso, las parcelas dedicadas a las autocaravanas en Andernos te garantizan fotos de postal.<\/p>\n\n\n\n<div class=\"wp-block-buttons is-layout-flex wp-block-buttons-is-layout-flex\">\n<div class=\"wp-block-button\"><a class=\"wp-block-button__link wp-element-button\" href=\"https:\/\/bassin-arcachon.com\/es\/alojamiento-2\/campings\/\">Campings con parcelas para autocaravanas<\/a><\/div>\n<\/div>\n<\/div>\n\n\n\n<div class=\"wp-block-uagb-container uagb-block-b45064e3\">\n<div class=\"wp-block-uagb-image uagb-block-1b2ecbaf wp-block-uagb-image--layout-default wp-block-uagb-image--effect-static wp-block-uagb-image--align-none\"><figure class=\"wp-block-uagb-image__figure\"><img decoding=\"async\" srcset=\"https:\/\/bassin-arcachon.com\/wp-content\/uploads\/2017\/03\/Camping-Panorama-du-Pyla-Caravane-airstream-1024x768.jpg \" sizes=\"auto, (max-width: 480px) 150px\" src=\"https:\/\/bassin-arcachon.com\/wp-content\/uploads\/2017\/03\/Camping-Panorama-du-Pyla-Caravane-airstream-1024x768.jpg\" alt=\"- - Bassin d&#039;Arcachon\" class=\"uag-image-1338\" width=\"1024\" height=\"768\" title=\"- - Bassin d&#039;Arcachon\" loading=\"lazy\" role=\"img\"><\/figure><\/div>\n<\/div>\n<\/div><\/div>\n\n\n\n<div style=\"height:60px\" aria-hidden=\"true\" class=\"wp-block-spacer\"><\/div>\n\n\n\n<div class=\"wp-block-uagb-container uagb-block-cf972ea9 alignfull uagb-is-root-container\">\n<div class=\"wp-block-cover is-light has-parallax\"><span aria-hidden=\"true\" class=\"wp-block-cover__background has-background-dim-0 has-background-dim\"><\/span><div class=\"wp-block-cover__image-background wp-image-1345 has-parallax\" style=\"background-position:50% 50%;background-image:url(https:\/\/bassin-arcachon.com\/wp-content\/uploads\/2017\/03\/Camping-Panorama-du-Pyla-cottage-vue-mer-coin-farniente.jpg)\"><\/div><div class=\"wp-block-cover__inner-container is-layout-flow wp-block-cover-is-layout-flow\">\n<div class=\"wp-block-uagb-container uagb-block-2ebf6bb9\">\n<h2 class=\"wp-block-heading has-text-align-center has-white-color has-text-color has-large-font-size\">\u00a1Pasa tus vacaciones de forma sencilla en uno de los campings de la bah\u00eda de Arcach\u00f3n!<\/h2>\n\n\n\n<p class=\"has-text-align-center has-white-color has-text-color\"><a href=\"https:\/\/bassin-arcachon.com\/es\/alojamiento-2\/campings\/\">LANZA LA B\u00daSQUEDA<\/a><\/p>\n<\/div>\n<\/div><\/div>\n<\/div>\n\n\n\n<div style=\"height:60px\" aria-hidden=\"true\" class=\"wp-block-spacer\"><\/div>\n\n\n\n<div class=\"wp-block-uagb-container uagb-block-02e6a164 alignfull uagb-is-root-container\"><div class=\"uagb-container-inner-blocks-wrap\">\n<div class=\"wp-block-uagb-container uagb-block-8edb6d7d\">\n<h3 class=\"wp-block-heading\">\u00bfQuiere reservar un camping en los alrededores de Andernos?<\/h3>\n\n\n\n<p>Descubra todos nuestros campings en Bassin Arcachon:&nbsp;<a href=\"https:\/\/bassin-arcachon.com\/es\/alojamiento-2\/hoteles+ares\/\">Ares<\/a>,&nbsp;<a href=\"https:\/\/bassin-arcachon.com\/es\/alojamiento-2\/hoteles+arcachon\/\">Arcachon<\/a>,&nbsp;<a href=\"https:\/\/bassin-arcachon.com\/es\/alojamiento-2\/hoteles+la-prueba-de-buch\/\">La Teste de Buch<\/a>,&nbsp;<a href=\"https:\/\/bassin-arcachon.com\/es\/alojamiento-2\/hoteles+andernos\/\">Andernos<\/a>,&nbsp;<a href=\"https:\/\/bassin-arcachon.com\/es\/alojamiento-2\/hoteles+gujan-mestras\/\">Gujan Mestras,<\/a>&nbsp;<a href=\"https:\/\/bassin-arcachon.com\/es\/alojamiento-2\/hoteles+corazon-de-la-cuenca-2\/\">Biganos,<\/a>&nbsp;<a href=\"https:\/\/bassin-arcachon.com\/es\/alojamiento-2\/hoteles+corazon-de-la-cuenca-2\/\">el Coraz\u00f3n de la bah\u00eda<\/a>,<a href=\"https:\/\/bassin-arcachon.com\/es\/alojamiento-2\/hoteles+corazon-de-la-cuenca-2\/\">&nbsp;a supprimer&nbsp;<\/a>\u00e0 supprimer&nbsp;<a href=\"https:\/\/bassin-arcachon.com\/es\/alojamiento-2\/hoteles+huron-de-gorra-lege\/\">Cap Ferret<\/a>&nbsp;!<\/p>\n<\/div>\n\n\n\n<div class=\"wp-block-uagb-container uagb-block-2e52a006\">\n<div class=\"wp-block-uagb-image uagb-block-a755267c wp-block-uagb-image--layout-default wp-block-uagb-image--effect-static wp-block-uagb-image--align-none\"><figure class=\"wp-block-uagb-image__figure\"><img decoding=\"async\" srcset=\"https:\/\/bassin-arcachon.com\/wp-content\/uploads\/2018\/09\/nourri-a-lhu\u00eetre-\u00e9lev\u00e9-sous-les-pins-Bassin-dArcachon.jpg 1000w, https:\/\/bassin-arcachon.com\/wp-content\/uploads\/2018\/09\/nourri-a-lhu\u00eetre-\u00e9lev\u00e9-sous-les-pins-Bassin-dArcachon-600x400.jpg 600w, https:\/\/bassin-arcachon.com\/wp-content\/uploads\/2018\/09\/nourri-a-lhu\u00eetre-\u00e9lev\u00e9-sous-les-pins-Bassin-dArcachon-768x511.jpg 768w, https:\/\/bassin-arcachon.com\/wp-content\/uploads\/2018\/09\/nourri-a-lhu\u00eetre-\u00e9lev\u00e9-sous-les-pins-Bassin-dArcachon-18x12.jpg 18w\" sizes=\"auto, (max-width: 480px) 150px\" src=\"https:\/\/bassin-arcachon.com\/wp-content\/uploads\/2018\/09\/nourri-a-lhu\u00eetre-\u00e9lev\u00e9-sous-les-pins-Bassin-dArcachon.jpg\" alt=\"- - Bassin d&#039;Arcachon\" class=\"uag-image-26169\" width=\"1000\" height=\"666\" title=\"- - Bassin d&#039;Arcachon\" loading=\"lazy\" role=\"img\"><\/figure><\/div>\n<\/div>\n<\/div><\/div>\n\n\n\n<div style=\"height:60px\" aria-hidden=\"true\" class=\"wp-block-spacer\"><\/div>","protected":false},"excerpt":{"rendered":"<p>Nos campings \u00e0 Andernos avec vue sur le Bassin Pour une parenth\u00e8se unique au bord de l\u2019eau, vous \u00eates au bon endroit&nbsp;! Imaginez un peu vos prochaines vacances en camping [&hellip;]<\/p>\n","protected":false},"author":25,"featured_media":2217,"parent":392,"menu_order":1,"comment_status":"closed","ping_status":"closed","template":"","meta":{"_acf_changed":false,"_uag_custom_page_level_css":"","footnotes":""},"class_list":["post-44476","page","type-page","status-publish","has-post-thumbnail","hentry"],"acf":[],"uagb_featured_image_src":{"full":["https:\/\/bassin-arcachon.com\/wp-content\/uploads\/2017\/03\/camping-bassin-arcachon.jpg",1200,800,false],"thumbnail":["https:\/\/bassin-arcachon.com\/wp-content\/uploads\/2017\/03\/camping-bassin-arcachon-150x150.jpg",150,150,true],"medium":["https:\/\/bassin-arcachon.com\/wp-content\/uploads\/2017\/03\/camping-bassin-arcachon-600x400.jpg",600,400,true],"medium_large":["https:\/\/bassin-arcachon.com\/wp-content\/uploads\/2017\/03\/camping-bassin-arcachon-768x512.jpg",768,512,true],"large":["https:\/\/bassin-arcachon.com\/wp-content\/uploads\/2017\/03\/camping-bassin-arcachon-1024x683.jpg",1024,683,true],"1536x1536":["https:\/\/bassin-arcachon.com\/wp-content\/uploads\/2017\/03\/camping-bassin-arcachon.jpg",1200,800,false],"2048x2048":["https:\/\/bassin-arcachon.com\/wp-content\/uploads\/2017\/03\/camping-bassin-arcachon.jpg",1200,800,false],"trp-custom-language-flag":["https:\/\/bassin-arcachon.com\/wp-content\/uploads\/2017\/03\/camping-bassin-arcachon-18x12.jpg",18,12,true]},"uagb_author_info":{"display_name":"Marie Clauzel","author_link":"https:\/\/bassin-arcachon.com\/es\/author\/mariesiba\/"},"uagb_comment_info":0,"uagb_excerpt":"Nos campings \u00e0 Andernos avec vue sur le Bassin Pour une parenth\u00e8se unique au bord de l\u2019eau, vous \u00eates au bon endroit&nbsp;! Imaginez un peu vos prochaines vacances en camping [&hellip;]","_links":{"self":[{"href":"https:\/\/bassin-arcachon.com\/es\/wp-json\/wp\/v2\/pages\/44476","targetHints":{"allow":["GET"]}}],"collection":[{"href":"https:\/\/bassin-arcachon.com\/es\/wp-json\/wp\/v2\/pages"}],"about":[{"href":"https:\/\/bassin-arcachon.com\/es\/wp-json\/wp\/v2\/types\/page"}],"author":[{"embeddable":true,"href":"https:\/\/bassin-arcachon.com\/es\/wp-json\/wp\/v2\/users\/25"}],"replies":[{"embeddable":true,"href":"https:\/\/bassin-arcachon.com\/es\/wp-json\/wp\/v2\/comments?post=44476"}],"version-history":[{"count":2,"href":"https:\/\/bassin-arcachon.com\/es\/wp-json\/wp\/v2\/pages\/44476\/revisions"}],"predecessor-version":[{"id":68278,"href":"https:\/\/bassin-arcachon.com\/es\/wp-json\/wp\/v2\/pages\/44476\/revisions\/68278"}],"up":[{"embeddable":true,"href":"https:\/\/bassin-arcachon.com\/es\/wp-json\/wp\/v2\/pages\/392"}],"wp:featuredmedia":[{"embeddable":true,"href":"https:\/\/bassin-arcachon.com\/es\/wp-json\/wp\/v2\/media\/2217"}],"wp:attachment":[{"href":"https:\/\/bassin-arcachon.com\/es\/wp-json\/wp\/v2\/media?parent=44476"}],"curies":[{"name":"wp","href":"https:\/\/api.w.org\/{rel}","templated":true}]}}