{"id":45504,"date":"2020-07-10T13:54:08","date_gmt":"2020-07-10T11:54:08","guid":{"rendered":"https:\/\/bassin-arcachon.com\/\/?page_id=45504"},"modified":"2024-11-06T11:06:47","modified_gmt":"2024-11-06T10:06:47","slug":"nuestras-habitaciones-en-audenge","status":"publish","type":"page","link":"https:\/\/bassin-arcachon.com\/es\/ou-dormir\/chambres-hotes\/nos-chambres-dhotes-a-audenge\/","title":{"rendered":"Nuestro bed and breakfast en Audenge"},"content":{"rendered":"<div class=\"wp-block-uagb-container uagb-block-fd74a4c4 alignfull uagb-is-root-container\"><div class=\"uagb-container-inner-blocks-wrap\">\n<div class=\"wp-block-uagb-container uagb-block-28758e82\">\n<h2 class=\"wp-block-heading\">Nuestras habitaciones en Audenge con piscina<\/h2>\n\n\n\n<p>Reg\u00e1late un momento de relax en la piscina climatizada o el spa privado de tu bed and breakfast. Despu\u00e9s de la playa o al despertar, disfruta de un momento de calidad en la piscina de tu bed and breakfast. Ya sea que busques una escapada rom\u00e1ntica o unas vacaciones en familia, \u00a1nuestros bed and breakfasts en Audenge te garantizan momentos inolvidables!<\/p>\n\n\n\n<div class=\"wp-block-buttons is-layout-flex wp-block-buttons-is-layout-flex\">\n<div class=\"wp-block-button\"><a class=\"wp-block-button__link wp-element-button\" href=\"https:\/\/bassin-arcachon.com\/es\/alojamiento-2\/alojamiento-y-desayuno-en-el-corazon-de-la-piscina-y-la-piscina\/\">Alojamiento y desayuno con piscina<\/a><\/div>\n<\/div>\n<\/div>\n\n\n\n<div class=\"wp-block-uagb-container uagb-block-e0de0621\">\n<div class=\"wp-block-uagb-image uagb-block-e4880826 wp-block-uagb-image--layout-default wp-block-uagb-image--effect-static wp-block-uagb-image--align-none\"><figure class=\"wp-block-uagb-image__figure\"><img decoding=\"async\" srcset=\"https:\/\/bassin-arcachon.com\/wp-content\/uploads\/2017\/08\/happy3.jpg \" sizes=\"auto, (max-width: 480px) 150px\" src=\"https:\/\/bassin-arcachon.com\/wp-content\/uploads\/2017\/08\/happy3.jpg\" alt=\"Luisa Andernos\" class=\"uag-image-7499\" width=\"700\" height=\"465\" title=\"- - Bassin d&#039;Arcachon\" loading=\"lazy\" role=\"img\"><\/figure><\/div>\n<\/div>\n<\/div><\/div>\n\n\n\n<div style=\"height:60px\" aria-hidden=\"true\" class=\"wp-block-spacer\"><\/div>\n\n\n\n<div class=\"wp-block-uagb-container uagb-block-b163b65c alignfull uagb-is-root-container\"><div class=\"uagb-container-inner-blocks-wrap\">\n<div class=\"wp-block-uagb-container uagb-block-e48199d8\">\n<div class=\"wp-block-uagb-image uagb-block-0962f45e wp-block-uagb-image--layout-default wp-block-uagb-image--effect-static wp-block-uagb-image--align-none\"><figure class=\"wp-block-uagb-image__figure\"><img decoding=\"async\" srcset=\"https:\/\/bassin-arcachon.com\/wp-content\/uploads\/2018\/07\/Jetee-andernos-les-bains-bassin-arcachon.jpg \" sizes=\"auto, (max-width: 480px) 150px\" src=\"https:\/\/bassin-arcachon.com\/wp-content\/uploads\/2018\/07\/Jetee-andernos-les-bains-bassin-arcachon.jpg\" alt=\"- - Bassin d&#039;Arcachon\" class=\"uag-image-23915\" width=\"1000\" height=\"750\" title=\"- - Bassin d&#039;Arcachon\" loading=\"lazy\" role=\"img\"><\/figure><\/div>\n<\/div>\n\n\n\n<div class=\"wp-block-uagb-container uagb-block-fca13e6d\">\n<h2 class=\"wp-block-heading\">Nuestras habitaciones en Audenge con jard\u00edn<\/h2>\n\n\n\n<p>\u00bfViajas con tu mascota y familia a Audenge? Elige un bed and breakfast con jard\u00edn y ofrece a tu mascota amplios espacios verdes. Disfruta de actividades deportivas en familia y descubre las hortalizas del huerto con los ni\u00f1os: \u00a1el huerto de tu bed and breakfast en Audenge es un verdadero remanso de paz para toda la familia!<\/p>\n\n\n\n<div class=\"wp-block-buttons is-layout-flex wp-block-buttons-is-layout-flex\">\n<div class=\"wp-block-button\"><a class=\"wp-block-button__link wp-element-button\" href=\"https:\/\/bassin-arcachon.com\/es\/https-2\/\/bassin-arcachon-com\/alojamiento-2\/chambres-dhotes%40coeur-de-bassin%26amp%3b-jardin\/\">Alojamiento y desayuno con jard\u00edn<\/a><\/div>\n<\/div>\n<\/div>\n<\/div><\/div>\n\n\n\n<div style=\"height:60px\" aria-hidden=\"true\" class=\"wp-block-spacer\"><\/div>\n\n\n\n<div class=\"wp-block-uagb-container uagb-block-d3e8b395 alignfull uagb-is-root-container\"><div class=\"uagb-container-inner-blocks-wrap\">\n<div class=\"wp-block-uagb-container uagb-block-a804c9ac\">\n<h2 class=\"wp-block-heading\">Nuestras habitaciones en Audenge est\u00e1n abiertas todo el a\u00f1o.<\/h2>\n\n\n\n<p>Primavera, oto\u00f1o, invierno... Tu bed and breakfast en Audenge te da la bienvenida todo el a\u00f1o para descubrir el Bassin de una manera diferente. \u00a1Aprovecha la calma del invierno para una estancia relajante y de bienestar con tus amigas! Masajes, spa, piscinas climatizadas, paseos por la playa, recarga energ\u00edas junto al mar y al\u00f3jate en un bed and breakfast abierto todo el a\u00f1o en Audenge.<\/p>\n\n\n\n<div class=\"wp-block-buttons is-layout-flex wp-block-buttons-is-layout-flex\">\n<div class=\"wp-block-button\"><a class=\"wp-block-button__link wp-element-button\" href=\"https:\/\/bassin-arcachon.com\/es\/https-2\/\/bassin-arcachon-com\/alojamiento-2\/chambres-dhotes%40coeur-de-bassin\/\">Habitaciones abiertas todo el a\u00f1o<\/a><\/div>\n<\/div>\n<\/div>\n\n\n\n<div class=\"wp-block-uagb-container uagb-block-d7fe1fb4\">\n<div class=\"wp-block-uagb-image uagb-block-73edb94b wp-block-uagb-image--layout-default wp-block-uagb-image--effect-static wp-block-uagb-image--align-none\"><figure class=\"wp-block-uagb-image__figure\"><img decoding=\"async\" srcset=\"https:\/\/bassin-arcachon.com\/wp-content\/uploads\/2018\/10\/andernos-velo-SIBA-agence-les-conteurs-50-1024x683.jpg \" sizes=\"auto, (max-width: 480px) 150px\" src=\"https:\/\/bassin-arcachon.com\/wp-content\/uploads\/2018\/10\/andernos-velo-SIBA-agence-les-conteurs-50-1024x683.jpg\" alt=\"Las hermosas villas en Andernos\" class=\"uag-image-26668\" width=\"1024\" height=\"683\" title=\"- - Bassin d&#039;Arcachon\" loading=\"lazy\" role=\"img\"><\/figure><\/div>\n<\/div>\n<\/div><\/div>\n\n\n\n<div style=\"height:60px\" aria-hidden=\"true\" class=\"wp-block-spacer\"><\/div>\n\n\n\n<div class=\"wp-block-uagb-container uagb-block-0b6bca49 alignfull uagb-is-root-container\">\n<div class=\"wp-block-cover is-light has-parallax\"><span aria-hidden=\"true\" class=\"wp-block-cover__background has-background-dim-0 has-background-dim\"><\/span><div class=\"wp-block-cover__image-background wp-image-1345 has-parallax\" style=\"background-position:50% 50%;background-image:url(https:\/\/bassin-arcachon.com\/wp-content\/uploads\/2017\/03\/Camping-Panorama-du-Pyla-cottage-vue-mer-coin-farniente.jpg)\"><\/div><div class=\"wp-block-cover__inner-container is-layout-flow wp-block-cover-is-layout-flow\">\n<div class=\"wp-block-uagb-container uagb-block-eaf3b6dd\">\n<h2 class=\"wp-block-heading has-text-align-center has-white-color has-text-color has-large-font-size\">\u00a1Pase sus vacaciones con tranquilidad en una de las habitaciones Bassin en Arcachon!<\/h2>\n\n\n\n<p class=\"has-text-align-center has-white-color has-text-color\"><a href=\"https:\/\/bassin-arcachon.com\/es\/https-2\/\/bassin-arcachon-com\/alojamiento-2\/habitaciones-de-invitados-2\/\">LANZA LA B\u00daSQUEDA<\/a><\/p>\n<\/div>\n<\/div><\/div>\n<\/div>\n\n\n\n<div style=\"height:60px\" aria-hidden=\"true\" class=\"wp-block-spacer\"><\/div>\n\n\n\n<div class=\"wp-block-uagb-container uagb-block-9962b899 alignfull uagb-is-root-container\"><div class=\"uagb-container-inner-blocks-wrap\">\n<div class=\"wp-block-uagb-container uagb-block-158b0028\">\n<h3 class=\"wp-block-heading\">\u00bfQuieres reservar un bed and breakfast cerca de Audenge?<\/h3>\n\n\n\n<p>Descubra todas las habitaciones del Bassin Arcachon:&nbsp;<a href=\"https:\/\/bassin-arcachon.com\/es\/donde-dormir\/alquiler-de-alojamiento-y-desayuno\/?commune=arcachon\">Arcachon<\/a>,&nbsp;<a href=\"https:\/\/bassin-arcachon.com\/es\/donde-dormir\/alquiler-de-alojamiento-y-desayuno\/?commune=ares\">Ares<\/a>,&nbsp;<a href=\"https:\/\/bassin-arcachon.com\/es\/donde-dormir\/alquiler-de-alojamiento-y-desayuno\/?commune=lanton\">a supprimer<\/a>,&nbsp;<a href=\"https:\/\/bassin-arcachon.com\/es\/donde-dormir\/alquiler-de-alojamiento-y-desayuno\/?commune=gujan-mestras\">Gujan-Mestras<\/a>,&nbsp;<a href=\"https:\/\/bassin-arcachon.com\/es\/donde-dormir\/alquiler-de-alojamiento-y-desayuno\/?commune=la-teste-de-buch\">La Teste de Buch<\/a>,&nbsp;<a href=\"https:\/\/bassin-arcachon.com\/es\/donde-dormir\/alquiler-de-alojamiento-y-desayuno\/?commune=andernos-les-bains\">Andernos,<\/a>&nbsp;\u00e0 supprimer&nbsp;<a href=\"https:\/\/bassin-arcachon.com\/es\/donde-dormir\/alquiler-de-alojamiento-y-desayuno\/?commune=lege-cap-ferret\">Cap Ferret<\/a>&nbsp;!<\/p>\n<\/div>\n\n\n\n<div class=\"wp-block-uagb-container uagb-block-01aac703\">\n<div class=\"wp-block-uagb-image uagb-block-d4c2327a wp-block-uagb-image--layout-default wp-block-uagb-image--effect-static wp-block-uagb-image--align-none\"><figure class=\"wp-block-uagb-image__figure\"><img decoding=\"async\" srcset=\"https:\/\/bassin-arcachon.com\/wp-content\/uploads\/2018\/09\/nourri-a-lhu\u00eetre-\u00e9lev\u00e9-sous-les-pins-Bassin-dArcachon.jpg 1000w, https:\/\/bassin-arcachon.com\/wp-content\/uploads\/2018\/09\/nourri-a-lhu\u00eetre-\u00e9lev\u00e9-sous-les-pins-Bassin-dArcachon-600x400.jpg 600w, https:\/\/bassin-arcachon.com\/wp-content\/uploads\/2018\/09\/nourri-a-lhu\u00eetre-\u00e9lev\u00e9-sous-les-pins-Bassin-dArcachon-768x511.jpg 768w, https:\/\/bassin-arcachon.com\/wp-content\/uploads\/2018\/09\/nourri-a-lhu\u00eetre-\u00e9lev\u00e9-sous-les-pins-Bassin-dArcachon-18x12.jpg 18w\" sizes=\"auto, (max-width: 480px) 150px\" src=\"https:\/\/bassin-arcachon.com\/wp-content\/uploads\/2018\/09\/nourri-a-lhu\u00eetre-\u00e9lev\u00e9-sous-les-pins-Bassin-dArcachon.jpg\" alt=\"- - Bassin d&#039;Arcachon\" class=\"uag-image-26169\" width=\"1000\" height=\"666\" title=\"- - Bassin d&#039;Arcachon\" loading=\"lazy\" role=\"img\"><\/figure><\/div>\n<\/div>\n<\/div><\/div>\n\n\n\n<div style=\"height:60px\" aria-hidden=\"true\" class=\"wp-block-spacer\"><\/div>","protected":false},"excerpt":{"rendered":"<p>Nos chambres d\u2019h\u00f4tes \u00e0 Audenge avec piscine Offrez-vous un moment de d\u00e9tente dans la piscine chauff\u00e9e ou le spa privatif de votre chambre d\u2019h\u00f4tes ! Apr\u00e8s la plage ou d\u00e8s [&hellip;]<\/p>\n","protected":false},"author":25,"featured_media":2217,"parent":398,"menu_order":1,"comment_status":"closed","ping_status":"closed","template":"","meta":{"_acf_changed":false,"_uag_custom_page_level_css":"","footnotes":""},"class_list":["post-45504","page","type-page","status-publish","has-post-thumbnail","hentry"],"acf":[],"uagb_featured_image_src":{"full":["https:\/\/bassin-arcachon.com\/wp-content\/uploads\/2017\/03\/camping-bassin-arcachon.jpg",1200,800,false],"thumbnail":["https:\/\/bassin-arcachon.com\/wp-content\/uploads\/2017\/03\/camping-bassin-arcachon-150x150.jpg",150,150,true],"medium":["https:\/\/bassin-arcachon.com\/wp-content\/uploads\/2017\/03\/camping-bassin-arcachon-600x400.jpg",600,400,true],"medium_large":["https:\/\/bassin-arcachon.com\/wp-content\/uploads\/2017\/03\/camping-bassin-arcachon-768x512.jpg",768,512,true],"large":["https:\/\/bassin-arcachon.com\/wp-content\/uploads\/2017\/03\/camping-bassin-arcachon-1024x683.jpg",1024,683,true],"1536x1536":["https:\/\/bassin-arcachon.com\/wp-content\/uploads\/2017\/03\/camping-bassin-arcachon.jpg",1200,800,false],"2048x2048":["https:\/\/bassin-arcachon.com\/wp-content\/uploads\/2017\/03\/camping-bassin-arcachon.jpg",1200,800,false],"trp-custom-language-flag":["https:\/\/bassin-arcachon.com\/wp-content\/uploads\/2017\/03\/camping-bassin-arcachon-18x12.jpg",18,12,true]},"uagb_author_info":{"display_name":"Marie Clauzel","author_link":"https:\/\/bassin-arcachon.com\/es\/author\/mariesiba\/"},"uagb_comment_info":0,"uagb_excerpt":"Nos chambres d\u2019h\u00f4tes \u00e0 Audenge avec piscine Offrez-vous un moment de d\u00e9tente dans la piscine chauff\u00e9e ou le spa privatif de votre chambre d\u2019h\u00f4tes ! Apr\u00e8s la plage ou d\u00e8s [&hellip;]","_links":{"self":[{"href":"https:\/\/bassin-arcachon.com\/es\/wp-json\/wp\/v2\/pages\/45504","targetHints":{"allow":["GET"]}}],"collection":[{"href":"https:\/\/bassin-arcachon.com\/es\/wp-json\/wp\/v2\/pages"}],"about":[{"href":"https:\/\/bassin-arcachon.com\/es\/wp-json\/wp\/v2\/types\/page"}],"author":[{"embeddable":true,"href":"https:\/\/bassin-arcachon.com\/es\/wp-json\/wp\/v2\/users\/25"}],"replies":[{"embeddable":true,"href":"https:\/\/bassin-arcachon.com\/es\/wp-json\/wp\/v2\/comments?post=45504"}],"version-history":[{"count":1,"href":"https:\/\/bassin-arcachon.com\/es\/wp-json\/wp\/v2\/pages\/45504\/revisions"}],"predecessor-version":[{"id":68255,"href":"https:\/\/bassin-arcachon.com\/es\/wp-json\/wp\/v2\/pages\/45504\/revisions\/68255"}],"up":[{"embeddable":true,"href":"https:\/\/bassin-arcachon.com\/es\/wp-json\/wp\/v2\/pages\/398"}],"wp:featuredmedia":[{"embeddable":true,"href":"https:\/\/bassin-arcachon.com\/es\/wp-json\/wp\/v2\/media\/2217"}],"wp:attachment":[{"href":"https:\/\/bassin-arcachon.com\/es\/wp-json\/wp\/v2\/media?parent=45504"}],"curies":[{"name":"wp","href":"https:\/\/api.w.org\/{rel}","templated":true}]}}