{"id":45564,"date":"2020-07-10T14:55:02","date_gmt":"2020-07-10T12:55:02","guid":{"rendered":"https:\/\/bassin-arcachon.com\/\/?page_id=45564"},"modified":"2024-11-06T10:46:19","modified_gmt":"2024-11-06T09:46:19","slug":"nuestros-hoteles-en-la-teste-de-buch","status":"publish","type":"page","link":"https:\/\/bassin-arcachon.com\/es\/ou-dormir\/nos-hotels-a-la-teste-de-buch\/","title":{"rendered":"Nuestros hoteles en Teste de Buch"},"content":{"rendered":"<div class=\"wp-block-uagb-container uagb-block-558ad891 alignfull uagb-is-root-container\"><div class=\"uagb-container-inner-blocks-wrap\">\n<h2 class=\"wp-block-heading has-text-align-center\" style=\"font-size:25px\"><strong>\u00a1Al\u00f3jese en uno de nuestros hoteles en La Teste-de-Buch que ofrecen vistas a la Bassin de Arcachon, restaurante o conexi\u00f3n wifi para vivir una experiencia inolvidable cerca de la Bassin de Arcachon!<\/strong><\/h2>\n<\/div><\/div>\n\n\n\n<div style=\"height:40px\" aria-hidden=\"true\" class=\"wp-block-spacer\"><\/div>\n\n\n\n<div class=\"wp-block-uagb-container uagb-block-74a47fc8 alignfull uagb-is-root-container\"><div class=\"uagb-container-inner-blocks-wrap\">\n<div class=\"wp-block-uagb-container uagb-block-b325b7a7\">\n<h2 class=\"wp-block-heading\">Nuestros hoteles en La Teste de Buch con vistas al Bassin<\/h2>\n\n\n\n<p>\u00bfY si el canto de los p\u00e1jaros se convierte en tu nuevo despertador? \u00a1Elija un hotel en La Teste de Buch con vistas a la cuenca y disfrute cada ma\u00f1ana de un verdadero tesoro natural! Contempla el Banc d&#039;Arguin, los criaderos de ostras a lo lejos y d\u00e9jate sorprender cada ma\u00f1ana por la belleza del paisaje, todav\u00eda diferente al del d\u00eda anterior. Almuerza con los pies en la arena para disfrutar de los primeros rayos de la ma\u00f1ana. Amantes de la calma y la naturaleza, encontrar\u00e9is un peque\u00f1o rinc\u00f3n de para\u00edso hecho a vuestra medida. \u00a1Al\u00f3jese en un hotel de ensue\u00f1o en La Teste de Buch con vista a la cuenca!<\/p>\n\n\n\n<div class=\"wp-block-buttons is-layout-flex wp-block-buttons-is-layout-flex\">\n<div class=\"wp-block-button\"><a class=\"wp-block-button__link wp-element-button\" href=\"https:\/\/bassin-arcachon.com\/es\/alojamiento-2\/hoteles-y-vuelos\/\">Hoteles frente al mar<\/a><\/div>\n<\/div>\n<\/div>\n\n\n\n<div class=\"wp-block-uagb-container uagb-block-6d45da4f\">\n<div class=\"wp-block-uagb-image uagb-block-71f09992 wp-block-uagb-image--layout-default wp-block-uagb-image--effect-static wp-block-uagb-image--align-none\"><figure class=\"wp-block-uagb-image__figure\"><img decoding=\"async\" srcset=\"https:\/\/bassin-arcachon.com\/wp-content\/uploads\/2017\/03\/regine-et-yves-cazes-la-teste-de-buch.jpg \" sizes=\"auto, (max-width: 480px) 150px\" src=\"https:\/\/bassin-arcachon.com\/wp-content\/uploads\/2017\/03\/regine-et-yves-cazes-la-teste-de-buch.jpg\" alt=\"- - Bassin d&#039;Arcachon\" class=\"uag-image-1360\" width=\"1000\" height=\"666\" title=\"- - Bassin d&#039;Arcachon\" loading=\"lazy\" role=\"img\"><\/figure><\/div>\n<\/div>\n<\/div><\/div>\n\n\n\n<div style=\"height:60px\" aria-hidden=\"true\" class=\"wp-block-spacer\"><\/div>\n\n\n\n<div class=\"wp-block-uagb-container uagb-block-92c10215 alignfull uagb-is-root-container\"><div class=\"uagb-container-inner-blocks-wrap\">\n<div class=\"wp-block-uagb-container uagb-block-1353e8c0\">\n<div class=\"wp-block-uagb-image uagb-block-a77d6d7d wp-block-uagb-image--layout-default wp-block-uagb-image--effect-static wp-block-uagb-image--align-none\"><figure class=\"wp-block-uagb-image__figure\"><img decoding=\"async\" srcset=\"https:\/\/bassin-arcachon.com\/wp-content\/uploads\/2017\/11\/oyster-1758592_960_720.jpg \" sizes=\"auto, (max-width: 480px) 150px\" src=\"https:\/\/bassin-arcachon.com\/wp-content\/uploads\/2017\/11\/oyster-1758592_960_720.jpg\" alt=\"- - Bassin d&#039;Arcachon\" class=\"uag-image-10744\" width=\"960\" height=\"640\" title=\"- - Bassin d&#039;Arcachon\" loading=\"lazy\" role=\"img\"><\/figure><\/div>\n<\/div>\n\n\n\n<div class=\"wp-block-uagb-container uagb-block-981f2d61\">\n<h2 class=\"wp-block-heading\">Nuestros hoteles en La Teste de Buch con restaurante<\/h2>\n\n\n\n<p>\u00a1Dormir bien y comer bien en el mismo lugar es posible! \u00a1Pruebe las especialidades regionales del Bassin d&#039;Arcachon en uno de nuestros hoteles con restaurante en el La Teste de Buch! Pruebe las delicias locales y la refinada cocina del chef que renueva su men\u00fa seg\u00fan las llegadas del d\u00eda. Calidad de los servicios, frescura de los productos y sabores aut\u00e9nticos: \u00a1tu paladar te pedir\u00e1 m\u00e1s! \u00a1Haz la elecci\u00f3n del buen gusto y opta por un hotel con restaurante en La Teste de Buch!<\/p>\n\n\n\n<div class=\"wp-block-buttons is-layout-flex wp-block-buttons-is-layout-flex\">\n<div class=\"wp-block-button\"><a class=\"wp-block-button__link wp-element-button\" href=\"https:\/\/bassin-arcachon.com\/es\/alojamiento-2\/hoteles-y-restaurantes\/\">hoteles con restaurantes<\/a><\/div>\n<\/div>\n<\/div>\n<\/div><\/div>\n\n\n\n<div style=\"height:60px\" aria-hidden=\"true\" class=\"wp-block-spacer\"><\/div>\n\n\n\n<div class=\"wp-block-uagb-container uagb-block-ccb6d5cd alignfull uagb-is-root-container\"><div class=\"uagb-container-inner-blocks-wrap\">\n<div class=\"wp-block-uagb-container uagb-block-05fd5305\">\n<h2 class=\"wp-block-heading\">Nuestros hoteles en La Teste de Buch con Wifi<\/h2>\n\n\n\n<p>\u00bfQu\u00e9 tal organizar un viaje en barco con amigos en La Teste de Buch? Gracias al Wifi del hotel, \u00a1mantente conectado durante tus vacaciones! Mantente en contacto con tu comunidad para no perderte las \u00faltimas tendencias. Publica tus mejores fotos y comparte tus mejores momentos con tus seres queridos. \u00bfUna estancia llena de actividades? \u00a1Planifica tu escapada c\u00f3modamente desde tu habitaci\u00f3n optando por un hotel con Wifi a La Teste de Buch!<\/p>\n\n\n\n<div class=\"wp-block-buttons is-layout-flex wp-block-buttons-is-layout-flex\">\n<div class=\"wp-block-button\"><a class=\"wp-block-button__link wp-element-button\" href=\"https:\/\/bassin-arcachon.com\/es\/alojamiento-2\/hoteles-y-wifi-2\/\">Hoteles con Wifi<\/a><\/div>\n<\/div>\n<\/div>\n\n\n\n<div class=\"wp-block-uagb-container uagb-block-596a3cd8\">\n<div class=\"wp-block-uagb-image uagb-block-afbba182 wp-block-uagb-image--layout-default wp-block-uagb-image--effect-static wp-block-uagb-image--align-none\"><figure class=\"wp-block-uagb-image__figure\"><img decoding=\"async\" srcset=\"https:\/\/bassin-arcachon.com\/wp-content\/uploads\/2017\/04\/Modif-Marion-6-e1674026597644.jpg \" sizes=\"auto, (max-width: 480px) 150px\" src=\"https:\/\/bassin-arcachon.com\/wp-content\/uploads\/2017\/04\/Modif-Marion-6-e1674026597644.jpg\" alt=\"WIFI Lant\u00f3n\" class=\"uag-image-7364\" width=\"542\" height=\"368\" title=\"- - Bassin d&#039;Arcachon\" loading=\"lazy\" role=\"img\"><\/figure><\/div>\n<\/div>\n<\/div><\/div>\n\n\n\n<div style=\"height:60px\" aria-hidden=\"true\" class=\"wp-block-spacer\"><\/div>\n\n\n\n<div class=\"wp-block-uagb-container uagb-block-0817f2fc alignfull uagb-is-root-container\">\n<div class=\"wp-block-cover is-light has-parallax\"><span aria-hidden=\"true\" class=\"wp-block-cover__background has-background-dim-0 has-background-dim\"><\/span><div class=\"wp-block-cover__image-background wp-image-1345 has-parallax\" style=\"background-position:50% 50%;background-image:url(https:\/\/bassin-arcachon.com\/wp-content\/uploads\/2017\/03\/Camping-Panorama-du-Pyla-cottage-vue-mer-coin-farniente.jpg)\"><\/div><div class=\"wp-block-cover__inner-container is-layout-flow wp-block-cover-is-layout-flow\">\n<div class=\"wp-block-uagb-container uagb-block-a6864bad\">\n<h2 class=\"wp-block-heading has-text-align-center has-white-color has-text-color has-large-font-size\">Pase sus vacaciones con tranquilidad en uno de los hoteles Bassin en Arcachon<\/h2>\n\n\n\n<p class=\"has-text-align-center has-white-color has-text-color\"><a href=\"https:\/\/bassin-arcachon.com\/es\/alojamiento-2\/hoteles\/\">LANZA LA B\u00daSQUEDA<\/a><\/p>\n<\/div>\n<\/div><\/div>\n<\/div>\n\n\n\n<div style=\"height:60px\" aria-hidden=\"true\" class=\"wp-block-spacer\"><\/div>\n\n\n\n<div class=\"wp-block-uagb-container uagb-block-67970557 alignfull uagb-is-root-container\"><div class=\"uagb-container-inner-blocks-wrap\">\n<div class=\"wp-block-uagb-container uagb-block-dd7dcc04\">\n<h3 class=\"wp-block-heading\">\u00bfQuieres reservar un hotel alrededor de La Teste de Buch?<\/h3>\n\n\n\n<p>Descubra todos nuestros hoteles en Bassin Arcachon:&nbsp;<a href=\"https:\/\/bassin-arcachon.com\/es\/alojamiento-2\/hoteles+ares\/\">Ares<\/a>,&nbsp;<a href=\"https:\/\/bassin-arcachon.com\/es\/alojamiento-2\/hoteles+arcachon\/\">Arcachon<\/a>,&nbsp;<a href=\"https:\/\/bassin-arcachon.com\/es\/alojamiento-2\/hoteles+la-tecnica\/\">Le Teich<\/a>,&nbsp;<a href=\"https:\/\/bassin-arcachon.com\/es\/alojamiento-2\/hoteles+andernos\/\">Andernos<\/a>,&nbsp;<a href=\"https:\/\/bassin-arcachon.com\/es\/alojamiento-2\/hoteles+gujan-mestras\/\">Gujan Mestras,<\/a>&nbsp;<a href=\"https:\/\/bassin-arcachon.com\/es\/alojamiento-2\/hoteles+corazon-de-la-cuenca-2\/\">Biganos,<\/a>&nbsp;<a href=\"https:\/\/bassin-arcachon.com\/es\/alojamiento-2\/hoteles+corazon-de-la-cuenca-2\/\">el Coraz\u00f3n de la bah\u00eda<\/a>,<a href=\"https:\/\/bassin-arcachon.com\/es\/alojamiento-2\/hoteles+corazon-de-la-cuenca-2\/\">&nbsp;a supprimer&nbsp;<\/a>\u00e0 supprimer&nbsp;<a href=\"https:\/\/bassin-arcachon.com\/es\/alojamiento-2\/hoteles+huron-de-gorra-lege\/\">Cap Ferret<\/a>&nbsp;!<\/p>\n<\/div>\n\n\n\n<div class=\"wp-block-uagb-container uagb-block-dd7a49a4\">\n<div class=\"wp-block-uagb-image uagb-block-349829c0 wp-block-uagb-image--layout-default wp-block-uagb-image--effect-static wp-block-uagb-image--align-none\"><figure class=\"wp-block-uagb-image__figure\"><img decoding=\"async\" srcset=\"https:\/\/bassin-arcachon.com\/wp-content\/uploads\/2018\/09\/nourri-a-lhu\u00eetre-\u00e9lev\u00e9-sous-les-pins-Bassin-dArcachon.jpg 1000w, https:\/\/bassin-arcachon.com\/wp-content\/uploads\/2018\/09\/nourri-a-lhu\u00eetre-\u00e9lev\u00e9-sous-les-pins-Bassin-dArcachon-600x400.jpg 600w, https:\/\/bassin-arcachon.com\/wp-content\/uploads\/2018\/09\/nourri-a-lhu\u00eetre-\u00e9lev\u00e9-sous-les-pins-Bassin-dArcachon-768x511.jpg 768w, https:\/\/bassin-arcachon.com\/wp-content\/uploads\/2018\/09\/nourri-a-lhu\u00eetre-\u00e9lev\u00e9-sous-les-pins-Bassin-dArcachon-18x12.jpg 18w\" sizes=\"auto, (max-width: 480px) 150px\" src=\"https:\/\/bassin-arcachon.com\/wp-content\/uploads\/2018\/09\/nourri-a-lhu\u00eetre-\u00e9lev\u00e9-sous-les-pins-Bassin-dArcachon.jpg\" alt=\"- - Bassin d&#039;Arcachon\" class=\"uag-image-26169\" width=\"1000\" height=\"666\" title=\"- - Bassin d&#039;Arcachon\" loading=\"lazy\" role=\"img\"><\/figure><\/div>\n<\/div>\n<\/div><\/div>\n\n\n\n<div style=\"height:60px\" aria-hidden=\"true\" class=\"wp-block-spacer\"><\/div>","protected":false},"excerpt":{"rendered":"<p>S\u00e9journez dans l&rsquo;un de nos h\u00f4tels \u00e0 La Teste-de-Buch, offrant une vue sur le Bassin d\u2019Arcachon, un restaurant, ou une connexion Wi-Fi pour une exp\u00e9rience inoubliable pr\u00e8s du Bassin d&rsquo;Arcachon [&hellip;]<\/p>\n","protected":false},"author":25,"featured_media":2217,"parent":43,"menu_order":1,"comment_status":"closed","ping_status":"closed","template":"","meta":{"_acf_changed":false,"_uag_custom_page_level_css":"","footnotes":""},"class_list":["post-45564","page","type-page","status-publish","has-post-thumbnail","hentry"],"acf":[],"uagb_featured_image_src":{"full":["https:\/\/bassin-arcachon.com\/wp-content\/uploads\/2017\/03\/camping-bassin-arcachon.jpg",1200,800,false],"thumbnail":["https:\/\/bassin-arcachon.com\/wp-content\/uploads\/2017\/03\/camping-bassin-arcachon-150x150.jpg",150,150,true],"medium":["https:\/\/bassin-arcachon.com\/wp-content\/uploads\/2017\/03\/camping-bassin-arcachon-600x400.jpg",600,400,true],"medium_large":["https:\/\/bassin-arcachon.com\/wp-content\/uploads\/2017\/03\/camping-bassin-arcachon-768x512.jpg",768,512,true],"large":["https:\/\/bassin-arcachon.com\/wp-content\/uploads\/2017\/03\/camping-bassin-arcachon-1024x683.jpg",1024,683,true],"1536x1536":["https:\/\/bassin-arcachon.com\/wp-content\/uploads\/2017\/03\/camping-bassin-arcachon.jpg",1200,800,false],"2048x2048":["https:\/\/bassin-arcachon.com\/wp-content\/uploads\/2017\/03\/camping-bassin-arcachon.jpg",1200,800,false],"trp-custom-language-flag":["https:\/\/bassin-arcachon.com\/wp-content\/uploads\/2017\/03\/camping-bassin-arcachon-18x12.jpg",18,12,true]},"uagb_author_info":{"display_name":"Marie Clauzel","author_link":"https:\/\/bassin-arcachon.com\/es\/author\/mariesiba\/"},"uagb_comment_info":0,"uagb_excerpt":"S\u00e9journez dans l&rsquo;un de nos h\u00f4tels \u00e0 La Teste-de-Buch, offrant une vue sur le Bassin d\u2019Arcachon, un restaurant, ou une connexion Wi-Fi pour une exp\u00e9rience inoubliable pr\u00e8s du Bassin d&rsquo;Arcachon [&hellip;]","_links":{"self":[{"href":"https:\/\/bassin-arcachon.com\/es\/wp-json\/wp\/v2\/pages\/45564","targetHints":{"allow":["GET"]}}],"collection":[{"href":"https:\/\/bassin-arcachon.com\/es\/wp-json\/wp\/v2\/pages"}],"about":[{"href":"https:\/\/bassin-arcachon.com\/es\/wp-json\/wp\/v2\/types\/page"}],"author":[{"embeddable":true,"href":"https:\/\/bassin-arcachon.com\/es\/wp-json\/wp\/v2\/users\/25"}],"replies":[{"embeddable":true,"href":"https:\/\/bassin-arcachon.com\/es\/wp-json\/wp\/v2\/comments?post=45564"}],"version-history":[{"count":2,"href":"https:\/\/bassin-arcachon.com\/es\/wp-json\/wp\/v2\/pages\/45564\/revisions"}],"predecessor-version":[{"id":68235,"href":"https:\/\/bassin-arcachon.com\/es\/wp-json\/wp\/v2\/pages\/45564\/revisions\/68235"}],"up":[{"embeddable":true,"href":"https:\/\/bassin-arcachon.com\/es\/wp-json\/wp\/v2\/pages\/43"}],"wp:featuredmedia":[{"embeddable":true,"href":"https:\/\/bassin-arcachon.com\/es\/wp-json\/wp\/v2\/media\/2217"}],"wp:attachment":[{"href":"https:\/\/bassin-arcachon.com\/es\/wp-json\/wp\/v2\/media?parent=45564"}],"curies":[{"name":"wp","href":"https:\/\/api.w.org\/{rel}","templated":true}]}}