{"id":45696,"date":"2020-07-10T16:03:22","date_gmt":"2020-07-10T14:03:22","guid":{"rendered":"https:\/\/bassin-arcachon.com\/\/?page_id=45696"},"modified":"2024-11-06T11:57:44","modified_gmt":"2024-11-06T10:57:44","slug":"nuestros-alquileres-vacaciones-en-audenge","status":"publish","type":"page","link":"https:\/\/bassin-arcachon.com\/es\/ou-dormir\/locations\/nos-locations-de-vacances-a-audenge\/","title":{"rendered":"Nuestros alquileres de vacaciones en Audenge"},"content":{"rendered":"<div class=\"wp-block-uagb-container uagb-block-cd74bc1a alignfull uagb-is-root-container\"><div class=\"uagb-container-inner-blocks-wrap\">\n<div class=\"wp-block-uagb-container uagb-block-7d517c26\">\n<h2 class=\"wp-block-heading\">Nuestros alquileres de vacaciones en Audenge con piscina<\/h2>\n\n\n\n<p>\u00bfQu\u00e9 tal una relajante estancia 100% junto a la piscina? \u00a1En familia o con amigos, rel\u00e1jate junto al agua y disfruta de un refrescante ba\u00f1o! Si est\u00e1 nervioso, \u00a1opte por un alquiler vacacional con piscina climatizada! \u00a1Elige la casa rural de tus sue\u00f1os con piscina en Audenge!<\/p>\n\n\n\n<div class=\"wp-block-buttons is-layout-flex wp-block-buttons-is-layout-flex\">\n<div class=\"wp-block-button\"><a class=\"wp-block-button__link wp-element-button\" href=\"https:\/\/bassin-arcachon.com\/es\/alojamiento-2\/alquileres-vacacionales-en-el-corazon-de-la-cuenca-y-la-piscina\/\">Alquileres con piscina<\/a><\/div>\n<\/div>\n<\/div>\n\n\n\n<div class=\"wp-block-uagb-container uagb-block-3df4b4d3\">\n<div class=\"wp-block-uagb-image uagb-block-fcb9b78f wp-block-uagb-image--layout-default wp-block-uagb-image--effect-static wp-block-uagb-image--align-none\"><figure class=\"wp-block-uagb-image__figure\"><img decoding=\"async\" srcset=\"https:\/\/bassin-arcachon.com\/wp-content\/uploads\/2018\/10\/andernos-velo-SIBA-agence-les-conteurs-50-1024x683.jpg \" sizes=\"auto, (max-width: 480px) 150px\" src=\"https:\/\/bassin-arcachon.com\/wp-content\/uploads\/2018\/10\/andernos-velo-SIBA-agence-les-conteurs-50-1024x683.jpg\" alt=\"Las hermosas villas en Andernos\" class=\"uag-image-26668\" width=\"1024\" height=\"683\" title=\"- - Bassin d&#039;Arcachon\" loading=\"lazy\" role=\"img\"><\/figure><\/div>\n<\/div>\n<\/div><\/div>\n\n\n\n<div style=\"height:60px\" aria-hidden=\"true\" class=\"wp-block-spacer\"><\/div>\n\n\n\n<div class=\"wp-block-uagb-container uagb-block-c190ddbf alignfull uagb-is-root-container\"><div class=\"uagb-container-inner-blocks-wrap\">\n<div class=\"wp-block-uagb-container uagb-block-d523219e\">\n<div class=\"wp-block-uagb-image uagb-block-7cdf8258 wp-block-uagb-image--layout-default wp-block-uagb-image--effect-static wp-block-uagb-image--align-none\"><figure class=\"wp-block-uagb-image__figure\"><img decoding=\"async\" srcset=\"https:\/\/bassin-arcachon.com\/wp-content\/uploads\/2018\/10\/balade-automne-quinconces-andernos-e1546467709734.jpg \" sizes=\"auto, (max-width: 480px) 150px\" src=\"https:\/\/bassin-arcachon.com\/wp-content\/uploads\/2018\/10\/balade-automne-quinconces-andernos-e1546467709734.jpg\" alt=\"Paseo de oto\u00f1o Quinconces Andernos\" class=\"uag-image-26500\" width=\"1000\" height=\"667\" title=\"- - Bassin d&#039;Arcachon\" loading=\"lazy\" role=\"img\"><\/figure><\/div>\n<\/div>\n\n\n\n<div class=\"wp-block-uagb-container uagb-block-9a784c52\">\n<h2 class=\"wp-block-heading\">Nuestros alquileres de vacaciones en Audenge con jard\u00edn<\/h2>\n\n\n\n<p>Vive una estancia inolvidable en una de nuestras casas rurales con jard\u00edn en <a href=\"https:\/\/www.ville-audenge.fr\/\" data-type=\"URL\" data-id=\"https:\/\/www.ville-audenge.fr\/\" target=\"_blank\" rel=\"noopener\">el Coraz\u00f3n de la bah\u00eda<\/a> ! Qu\u00e9dese en un verdadero remanso de paz y rel\u00e1jese mientras escucha el canto de los p\u00e1jaros. Escapada para dos o vacaciones en familia, \u00a1t\u00f3mese un descanso relajante en el jard\u00edn de su alquiler de vacaciones en Audenge!<\/p>\n\n\n\n<div class=\"wp-block-buttons is-layout-flex wp-block-buttons-is-layout-flex\">\n<div class=\"wp-block-button\"><a class=\"wp-block-button__link wp-element-button\" href=\"https:\/\/bassin-arcachon.com\/es\/alojamiento-2\/alquiler-de-vacacionescoeur-de-bassinjardin\/\">Alquileres con jard\u00edn<\/a><\/div>\n<\/div>\n<\/div>\n<\/div><\/div>\n\n\n\n<div style=\"height:60px\" aria-hidden=\"true\" class=\"wp-block-spacer\"><\/div>\n\n\n\n<div class=\"wp-block-uagb-container uagb-block-495b16a4 alignfull uagb-is-root-container\"><div class=\"uagb-container-inner-blocks-wrap\">\n<div class=\"wp-block-uagb-container uagb-block-8993205a\">\n<h2 class=\"wp-block-heading\">Nuestros alquileres de vacaciones en Audenge con Wifi<\/h2>\n\n\n\n<p>\u00a1Comparte los momentos m\u00e1s bonitos de tu estancia con tus seres queridos gracias al WiFi de nuestros alquileres en Audenge! Entre los pinos, publica tus \u00faltimas fotos y mira una pel\u00edcula con total tranquilidad desde tu habitaci\u00f3n. \u00a1Mant\u00e9ngase conectado incluso en el coraz\u00f3n de Bassin y opte por un alquiler de vacaciones con Wifi en Audenge!<\/p>\n\n\n\n<div class=\"wp-block-buttons is-layout-flex wp-block-buttons-is-layout-flex\">\n<div class=\"wp-block-button\"><a class=\"wp-block-button__link wp-element-button\" href=\"https:\/\/bassin-arcachon.com\/es\/alojamiento-2\/alquiler-de-vacacionescoeur-de-bassinwifi\/\">Alquileres con wifi<\/a><\/div>\n<\/div>\n<\/div>\n\n\n\n<div class=\"wp-block-uagb-container uagb-block-7bd64160\">\n<div class=\"wp-block-uagb-image uagb-block-bf73ab68 wp-block-uagb-image--layout-default wp-block-uagb-image--effect-static wp-block-uagb-image--align-none\"><figure class=\"wp-block-uagb-image__figure\"><img decoding=\"async\" srcset=\"https:\/\/bassin-arcachon.com\/wp-content\/uploads\/2017\/08\/happy3.jpg \" sizes=\"auto, (max-width: 480px) 150px\" src=\"https:\/\/bassin-arcachon.com\/wp-content\/uploads\/2017\/08\/happy3.jpg\" alt=\"Luisa Andernos\" class=\"uag-image-7499\" width=\"700\" height=\"465\" title=\"- - Bassin d&#039;Arcachon\" loading=\"lazy\" role=\"img\"><\/figure><\/div>\n<\/div>\n<\/div><\/div>\n\n\n\n<div style=\"height:60px\" aria-hidden=\"true\" class=\"wp-block-spacer\"><\/div>\n\n\n\n<div class=\"wp-block-uagb-container uagb-block-46a33311 alignfull uagb-is-root-container\">\n<div class=\"wp-block-cover is-light has-parallax\"><span aria-hidden=\"true\" class=\"wp-block-cover__background has-background-dim-0 has-background-dim\"><\/span><div class=\"wp-block-cover__image-background wp-image-1345 has-parallax\" style=\"background-position:50% 50%;background-image:url(https:\/\/bassin-arcachon.com\/wp-content\/uploads\/2017\/03\/Camping-Panorama-du-Pyla-cottage-vue-mer-coin-farniente.jpg)\"><\/div><div class=\"wp-block-cover__inner-container is-layout-flow wp-block-cover-is-layout-flow\">\n<div class=\"wp-block-uagb-container uagb-block-898b5409\">\n<h2 class=\"wp-block-heading has-text-align-center has-white-color has-text-color has-large-font-size\">Pase sus vacaciones con tranquilidad en uno de los alquileres de vacaciones Bassin en Arcachon<\/h2>\n\n\n\n<p class=\"has-text-align-center has-white-color has-text-color\"><a href=\"https:\/\/bassin-arcachon.com\/es\/alojamiento-2\/alquileres-vacacionales\/\">LANZA LA B\u00daSQUEDA<\/a><\/p>\n<\/div>\n<\/div><\/div>\n<\/div>\n\n\n\n<div style=\"height:60px\" aria-hidden=\"true\" class=\"wp-block-spacer\"><\/div>\n\n\n\n<div class=\"wp-block-uagb-container uagb-block-5bc354f6 alignfull uagb-is-root-container\"><div class=\"uagb-container-inner-blocks-wrap\">\n<div class=\"wp-block-uagb-container uagb-block-014e0810\">\n<h2 class=\"wp-block-heading\">\u00bfTe gustar\u00eda reservar un alquiler vacacional cerca de Audenge?<\/h2>\n\n\n\n<p>Descubra todos nuestros alquileres de vacaciones en Bassin Arcachon:&nbsp;<a href=\"https:\/\/bassin-arcachon.com\/es\/alojamiento-2\/alquileres-vacacionales+ares\/\">Ares<\/a>,&nbsp;<a href=\"https:\/\/bassin-arcachon.com\/es\/alojamiento-2\/alquileres-vacacionales+arcachon\/\">Arcachon<\/a>,&nbsp;<a href=\"https:\/\/bassin-arcachon.com\/es\/alojamiento-2\/alquileres-vacacionales+corazon-de-la-cuenca-2\/\">el Coraz\u00f3n de la bah\u00eda<\/a>,&nbsp;<a href=\"https:\/\/bassin-arcachon.com\/es\/alojamiento-2\/alquileres-vacacionales+andernos\/\">Andernos<\/a>,&nbsp;<a href=\"https:\/\/bassin-arcachon.com\/es\/alojamiento-2\/alquileres-vacacionales+gujan-mestras\/\">Gujan Mestras,<\/a>&nbsp;<a href=\"https:\/\/bassin-arcachon.com\/es\/alojamiento-2\/alquileres-vacacionales+corazon-de-la-cuenca-2\/\">Biganos,<\/a>&nbsp;<a href=\"https:\/\/bassin-arcachon.com\/es\/alojamiento-2\/alquileres-vacacionales+corazon-de-la-cuenca-2\/\">el Coraz\u00f3n de la bah\u00eda<\/a>,<a href=\"https:\/\/bassin-arcachon.com\/es\/alojamiento-2\/alquileres-vacacionales+corazon-de-la-cuenca-2\/\">&nbsp;a supprimer&nbsp;<\/a>\u00e0 supprimer&nbsp;<a href=\"https:\/\/bassin-arcachon.com\/es\/alojamiento-2\/alquileres-vacacionales+huron-de-gorra-lege\/\">Cap Ferret<\/a>&nbsp;!<\/p>\n<\/div>\n\n\n\n<div class=\"wp-block-uagb-container uagb-block-7d2b4334\">\n<div class=\"wp-block-uagb-image uagb-block-d9b547aa wp-block-uagb-image--layout-default wp-block-uagb-image--effect-static wp-block-uagb-image--align-none\"><figure class=\"wp-block-uagb-image__figure\"><img decoding=\"async\" srcset=\"https:\/\/bassin-arcachon.com\/wp-content\/uploads\/2018\/09\/nourri-a-lhu\u00eetre-\u00e9lev\u00e9-sous-les-pins-Bassin-dArcachon.jpg 1000w, https:\/\/bassin-arcachon.com\/wp-content\/uploads\/2018\/09\/nourri-a-lhu\u00eetre-\u00e9lev\u00e9-sous-les-pins-Bassin-dArcachon-600x400.jpg 600w, https:\/\/bassin-arcachon.com\/wp-content\/uploads\/2018\/09\/nourri-a-lhu\u00eetre-\u00e9lev\u00e9-sous-les-pins-Bassin-dArcachon-768x511.jpg 768w, https:\/\/bassin-arcachon.com\/wp-content\/uploads\/2018\/09\/nourri-a-lhu\u00eetre-\u00e9lev\u00e9-sous-les-pins-Bassin-dArcachon-18x12.jpg 18w\" sizes=\"auto, (max-width: 480px) 150px\" src=\"https:\/\/bassin-arcachon.com\/wp-content\/uploads\/2018\/09\/nourri-a-lhu\u00eetre-\u00e9lev\u00e9-sous-les-pins-Bassin-dArcachon.jpg\" alt=\"- - Bassin d&#039;Arcachon\" class=\"uag-image-26169\" width=\"1000\" height=\"666\" title=\"- - Bassin d&#039;Arcachon\" loading=\"lazy\" role=\"img\"><\/figure><\/div>\n<\/div>\n<\/div><\/div>\n\n\n\n<div style=\"height:60px\" aria-hidden=\"true\" class=\"wp-block-spacer\"><\/div>","protected":false},"excerpt":{"rendered":"<p>Nos locations de vacances \u00e0 Audenge avec piscine Que diriez-vous d\u2019un s\u00e9jour 100% d\u00e9tente au bord de la piscine ? En famille ou entre amis, pr\u00e9lassez-vous au bord de l\u2019eau [&hellip;]<\/p>\n","protected":false},"author":25,"featured_media":2217,"parent":508,"menu_order":1,"comment_status":"closed","ping_status":"closed","template":"","meta":{"_acf_changed":false,"_uag_custom_page_level_css":"","footnotes":""},"class_list":["post-45696","page","type-page","status-publish","has-post-thumbnail","hentry"],"acf":[],"uagb_featured_image_src":{"full":["https:\/\/bassin-arcachon.com\/wp-content\/uploads\/2017\/03\/camping-bassin-arcachon.jpg",1200,800,false],"thumbnail":["https:\/\/bassin-arcachon.com\/wp-content\/uploads\/2017\/03\/camping-bassin-arcachon-150x150.jpg",150,150,true],"medium":["https:\/\/bassin-arcachon.com\/wp-content\/uploads\/2017\/03\/camping-bassin-arcachon-600x400.jpg",600,400,true],"medium_large":["https:\/\/bassin-arcachon.com\/wp-content\/uploads\/2017\/03\/camping-bassin-arcachon-768x512.jpg",768,512,true],"large":["https:\/\/bassin-arcachon.com\/wp-content\/uploads\/2017\/03\/camping-bassin-arcachon-1024x683.jpg",1024,683,true],"1536x1536":["https:\/\/bassin-arcachon.com\/wp-content\/uploads\/2017\/03\/camping-bassin-arcachon.jpg",1200,800,false],"2048x2048":["https:\/\/bassin-arcachon.com\/wp-content\/uploads\/2017\/03\/camping-bassin-arcachon.jpg",1200,800,false],"trp-custom-language-flag":["https:\/\/bassin-arcachon.com\/wp-content\/uploads\/2017\/03\/camping-bassin-arcachon-18x12.jpg",18,12,true]},"uagb_author_info":{"display_name":"Marie Clauzel","author_link":"https:\/\/bassin-arcachon.com\/es\/author\/mariesiba\/"},"uagb_comment_info":0,"uagb_excerpt":"Nos locations de vacances \u00e0 Audenge avec piscine Que diriez-vous d\u2019un s\u00e9jour 100% d\u00e9tente au bord de la piscine ? En famille ou entre amis, pr\u00e9lassez-vous au bord de l\u2019eau [&hellip;]","_links":{"self":[{"href":"https:\/\/bassin-arcachon.com\/es\/wp-json\/wp\/v2\/pages\/45696","targetHints":{"allow":["GET"]}}],"collection":[{"href":"https:\/\/bassin-arcachon.com\/es\/wp-json\/wp\/v2\/pages"}],"about":[{"href":"https:\/\/bassin-arcachon.com\/es\/wp-json\/wp\/v2\/types\/page"}],"author":[{"embeddable":true,"href":"https:\/\/bassin-arcachon.com\/es\/wp-json\/wp\/v2\/users\/25"}],"replies":[{"embeddable":true,"href":"https:\/\/bassin-arcachon.com\/es\/wp-json\/wp\/v2\/comments?post=45696"}],"version-history":[{"count":2,"href":"https:\/\/bassin-arcachon.com\/es\/wp-json\/wp\/v2\/pages\/45696\/revisions"}],"predecessor-version":[{"id":68289,"href":"https:\/\/bassin-arcachon.com\/es\/wp-json\/wp\/v2\/pages\/45696\/revisions\/68289"}],"up":[{"embeddable":true,"href":"https:\/\/bassin-arcachon.com\/es\/wp-json\/wp\/v2\/pages\/508"}],"wp:featuredmedia":[{"embeddable":true,"href":"https:\/\/bassin-arcachon.com\/es\/wp-json\/wp\/v2\/media\/2217"}],"wp:attachment":[{"href":"https:\/\/bassin-arcachon.com\/es\/wp-json\/wp\/v2\/media?parent=45696"}],"curies":[{"name":"wp","href":"https:\/\/api.w.org\/{rel}","templated":true}]}}