{"id":45706,"date":"2020-07-10T16:12:55","date_gmt":"2020-07-10T14:12:55","guid":{"rendered":"https:\/\/bassin-arcachon.com\/\/?page_id=45706"},"modified":"2024-11-06T11:54:08","modified_gmt":"2024-11-06T10:54:08","slug":"nuestros-alquileres-de-vacaciones-en-lanton","status":"publish","type":"page","link":"https:\/\/bassin-arcachon.com\/es\/ou-dormir\/locations\/nos-locations-de-vacances-a-lanton\/","title":{"rendered":"Nuestros alquileres de vacaciones en Lanton"},"content":{"rendered":"<div class=\"wp-block-uagb-container uagb-block-2b71fe65 alignfull uagb-is-root-container\"><div class=\"uagb-container-inner-blocks-wrap\">\n<div class=\"wp-block-uagb-container uagb-block-dc3f57b5\">\n<h2 class=\"wp-block-heading\">Nuestros alquileres de vacaciones en Lanton con Wifi<\/h2>\n\n\n\n<p>\u00a1Al\u00f3jate en una de nuestras casas rurales con Wifi en Lanton y mantente conectado durante tus vacaciones! Entre playas y bosques, benef\u00edciese de una conexi\u00f3n Wifi para compartir sus vacaciones con los suyos. \u00a1Organiza tus actividades desde tu habitaci\u00f3n gracias al Wifi de nuestros alquileres vacacionales en Lanton!<\/p>\n\n\n\n<div class=\"wp-block-buttons is-layout-flex wp-block-buttons-is-layout-flex\">\n<div class=\"wp-block-button\"><a class=\"wp-block-button__link wp-element-button\" href=\"https:\/\/bassin-arcachon.com\/es\/alojamiento-2\/alquileres-vacacionales-en-lanton-y-wifi\/\">Alquileres con wifi<\/a><\/div>\n<\/div>\n<\/div>\n\n\n\n<div class=\"wp-block-uagb-container uagb-block-966d0fe1\">\n<div class=\"wp-block-uagb-image uagb-block-de568463 wp-block-uagb-image--layout-default wp-block-uagb-image--effect-static wp-block-uagb-image--align-none\"><figure class=\"wp-block-uagb-image__figure\"><img decoding=\"async\" srcset=\"https:\/\/bassin-arcachon.com\/wp-content\/uploads\/2020\/07\/header-wifi-1024x522.jpg \" sizes=\"auto, (max-width: 480px) 150px\" src=\"https:\/\/bassin-arcachon.com\/wp-content\/uploads\/2020\/07\/header-wifi-1024x522.jpg\" alt=\"- - Bassin d&#039;Arcachon\" class=\"uag-image-44186\" width=\"1024\" height=\"522\" title=\"- - Bassin d&#039;Arcachon\" loading=\"lazy\" role=\"img\"><\/figure><\/div>\n<\/div>\n<\/div><\/div>\n\n\n\n<div style=\"height:60px\" aria-hidden=\"true\" class=\"wp-block-spacer\"><\/div>\n\n\n\n<div class=\"wp-block-uagb-container uagb-block-e83e8933 alignfull uagb-is-root-container\"><div class=\"uagb-container-inner-blocks-wrap\">\n<div class=\"wp-block-uagb-container uagb-block-9dc6b296\">\n<div class=\"wp-block-uagb-image uagb-block-f3ad5b3e wp-block-uagb-image--layout-default wp-block-uagb-image--effect-static wp-block-uagb-image--align-none\"><figure class=\"wp-block-uagb-image__figure\"><img decoding=\"async\" srcset=\"https:\/\/bassin-arcachon.com\/wp-content\/uploads\/2018\/07\/faire-du-v\u00e9lo-lanton-1024x683.jpg \" sizes=\"auto, (max-width: 480px) 150px\" src=\"https:\/\/bassin-arcachon.com\/wp-content\/uploads\/2018\/07\/faire-du-v\u00e9lo-lanton-1024x683.jpg\" alt=\"- - Bassin d&#039;Arcachon\" class=\"uag-image-24960\" width=\"1024\" height=\"683\" title=\"- - Bassin d&#039;Arcachon\" loading=\"lazy\" role=\"img\"><\/figure><\/div>\n<\/div>\n\n\n\n<div class=\"wp-block-uagb-container uagb-block-05fabbfc\">\n<h2 class=\"wp-block-heading\">Nuestros alquileres de vacaciones en Lanton con piscina<\/h2>\n\n\n\n<p>\u00a1Comparta momentos \u00fanicos en familia o en pareja junto a la piscina de su casa rural en Lanton! Juegos en el agua, ba\u00f1os refrescantes o nataci\u00f3n deportiva, \u00a1disfrute de la piscina de la casa rural seg\u00fan sus deseos! \u00a1Haz que tu estancia en Lanton sea inolvidable eligiendo uno de nuestros alquileres con piscina!<\/p>\n\n\n\n<div class=\"wp-block-buttons is-layout-flex wp-block-buttons-is-layout-flex\">\n<div class=\"wp-block-button\"><a class=\"wp-block-button__link wp-element-button\" href=\"https:\/\/bassin-arcachon.com\/es\/alojamiento-2\/alquileres-vacacionales-%40-lanton-%26amp-%3b-con-piscina\/\">Alquileres con piscina<\/a><\/div>\n<\/div>\n<\/div>\n<\/div><\/div>\n\n\n\n<div style=\"height:60px\" aria-hidden=\"true\" class=\"wp-block-spacer\"><\/div>\n\n\n\n<div class=\"wp-block-uagb-container uagb-block-5f6799b1 alignfull uagb-is-root-container\"><div class=\"uagb-container-inner-blocks-wrap\">\n<div class=\"wp-block-uagb-container uagb-block-80977f7d\">\n<h2 class=\"wp-block-heading\">Nuestros alquileres de vacaciones en Lanton con vista a la cuenca<\/h2>\n\n\n\n<p>Amantes de Bassin, \u00bfquer\u00e9is verlo en cualquier momento? En Lanton, elija uno de nuestros alquileres de vacaciones con vista al Bassin y disfrute de un panorama excepcional desde su habitaci\u00f3n. \u00a1Tan pronto como te despiertes, observa el cambio de marea desde tu cama! \u00a1Opte por un alquiler con vistas al Bassin en Lanton!<\/p>\n\n\n\n<div class=\"wp-block-buttons is-layout-flex wp-block-buttons-is-layout-flex\">\n<div class=\"wp-block-button\"><a class=\"wp-block-button__link wp-element-button\" href=\"https:\/\/bassin-arcachon.com\/es\/alojamiento-2\/alquileres-vacacionaleslantonvuemer-2\/\">Alquileres frente al mar<\/a><\/div>\n<\/div>\n<\/div>\n\n\n\n<div class=\"wp-block-uagb-container uagb-block-284c5ad2\">\n<div class=\"wp-block-uagb-image uagb-block-131c87ba wp-block-uagb-image--layout-default wp-block-uagb-image--effect-static wp-block-uagb-image--align-none\"><figure class=\"wp-block-uagb-image__figure\"><img decoding=\"async\" srcset=\"https:\/\/bassin-arcachon.com\/wp-content\/uploads\/2017\/04\/baignade-plage-suzette-lanton-1024x683.jpg \" sizes=\"auto, (max-width: 480px) 150px\" src=\"https:\/\/bassin-arcachon.com\/wp-content\/uploads\/2017\/04\/baignade-plage-suzette-lanton-1024x683.jpg\" alt=\"- - Bassin d&#039;Arcachon\" class=\"uag-image-24606\" width=\"1024\" height=\"683\" title=\"- - Bassin d&#039;Arcachon\" loading=\"lazy\" role=\"img\"><\/figure><\/div>\n<\/div>\n<\/div><\/div>\n\n\n\n<div style=\"height:60px\" aria-hidden=\"true\" class=\"wp-block-spacer\"><\/div>\n\n\n\n<div class=\"wp-block-uagb-container uagb-block-ba65bd3c alignfull uagb-is-root-container\">\n<div class=\"wp-block-cover is-light has-parallax\"><span aria-hidden=\"true\" class=\"wp-block-cover__background has-background-dim-0 has-background-dim\"><\/span><div class=\"wp-block-cover__image-background wp-image-1345 has-parallax\" style=\"background-position:50% 50%;background-image:url(https:\/\/bassin-arcachon.com\/wp-content\/uploads\/2017\/03\/Camping-Panorama-du-Pyla-cottage-vue-mer-coin-farniente.jpg)\"><\/div><div class=\"wp-block-cover__inner-container is-layout-flow wp-block-cover-is-layout-flow\">\n<div class=\"wp-block-uagb-container uagb-block-b8d72b15\">\n<h2 class=\"wp-block-heading has-text-align-center has-white-color has-text-color has-large-font-size\">Pase sus vacaciones con tranquilidad en uno de los alquileres de vacaciones Bassin en Arcachon<\/h2>\n\n\n\n<p class=\"has-text-align-center has-white-color has-text-color\"><a href=\"https:\/\/bassin-arcachon.com\/es\/alojamiento-2\/alquileres-vacacionales\/\">LANZA LA B\u00daSQUEDA<\/a><\/p>\n<\/div>\n<\/div><\/div>\n<\/div>\n\n\n\n<div style=\"height:60px\" aria-hidden=\"true\" class=\"wp-block-spacer\"><\/div>\n\n\n\n<div class=\"wp-block-uagb-container uagb-block-5bc354f6 alignfull uagb-is-root-container\"><div class=\"uagb-container-inner-blocks-wrap\">\n<div class=\"wp-block-uagb-container uagb-block-014e0810\">\n<h2 class=\"wp-block-heading\">\u00bfQuieres reservar un alquiler de vacaciones alrededor de Lanton?<\/h2>\n\n\n\n<p>Descubra todos nuestros alquileres de vacaciones en Bassin Arcachon:&nbsp;<a href=\"https:\/\/bassin-arcachon.com\/es\/alojamiento-2\/alquileres-vacacionales+ares\/\">Ares<\/a>,&nbsp;<a href=\"https:\/\/bassin-arcachon.com\/es\/alojamiento-2\/alquileres-vacacionales+arcachon\/\">Arcachon<\/a>,&nbsp;<a href=\"https:\/\/bassin-arcachon.com\/es\/alojamiento-2\/alquileres-vacacionales+corazon-de-la-cuenca-2\/\">a supprimer<\/a>,&nbsp;<a href=\"https:\/\/bassin-arcachon.com\/es\/alojamiento-2\/alquileres-vacacionales+andernos\/\">Andernos<\/a>,&nbsp;<a href=\"https:\/\/bassin-arcachon.com\/es\/alojamiento-2\/alquileres-vacacionales+gujan-mestras\/\">Gujan Mestras,<\/a>&nbsp;<a href=\"https:\/\/bassin-arcachon.com\/es\/alojamiento-2\/alquileres-vacacionales+corazon-de-la-cuenca-2\/\">Biganos,<\/a>&nbsp;<a href=\"https:\/\/bassin-arcachon.com\/es\/alojamiento-2\/alquileres-vacacionales+corazon-de-la-cuenca-2\/\">el Coraz\u00f3n de la bah\u00eda<\/a>,<a href=\"https:\/\/bassin-arcachon.com\/es\/alojamiento-2\/alquileres-vacacionales+corazon-de-la-cuenca-2\/\">&nbsp;a supprimer&nbsp;<\/a>\u00e0 supprimer&nbsp;<a href=\"https:\/\/bassin-arcachon.com\/es\/alojamiento-2\/alquileres-vacacionales+huron-de-gorra-lege\/\">Cap Ferret<\/a>&nbsp;!<\/p>\n<\/div>\n\n\n\n<div class=\"wp-block-uagb-container uagb-block-7d2b4334\">\n<div class=\"wp-block-uagb-image uagb-block-d9b547aa wp-block-uagb-image--layout-default wp-block-uagb-image--effect-static wp-block-uagb-image--align-none\"><figure class=\"wp-block-uagb-image__figure\"><img decoding=\"async\" srcset=\"https:\/\/bassin-arcachon.com\/wp-content\/uploads\/2018\/09\/nourri-a-lhu\u00eetre-\u00e9lev\u00e9-sous-les-pins-Bassin-dArcachon.jpg 1000w, https:\/\/bassin-arcachon.com\/wp-content\/uploads\/2018\/09\/nourri-a-lhu\u00eetre-\u00e9lev\u00e9-sous-les-pins-Bassin-dArcachon-600x400.jpg 600w, https:\/\/bassin-arcachon.com\/wp-content\/uploads\/2018\/09\/nourri-a-lhu\u00eetre-\u00e9lev\u00e9-sous-les-pins-Bassin-dArcachon-768x511.jpg 768w, https:\/\/bassin-arcachon.com\/wp-content\/uploads\/2018\/09\/nourri-a-lhu\u00eetre-\u00e9lev\u00e9-sous-les-pins-Bassin-dArcachon-18x12.jpg 18w\" sizes=\"auto, (max-width: 480px) 150px\" src=\"https:\/\/bassin-arcachon.com\/wp-content\/uploads\/2018\/09\/nourri-a-lhu\u00eetre-\u00e9lev\u00e9-sous-les-pins-Bassin-dArcachon.jpg\" alt=\"- - Bassin d&#039;Arcachon\" class=\"uag-image-26169\" width=\"1000\" height=\"666\" title=\"- - Bassin d&#039;Arcachon\" loading=\"lazy\" role=\"img\"><\/figure><\/div>\n<\/div>\n<\/div><\/div>\n\n\n\n<div style=\"height:60px\" aria-hidden=\"true\" class=\"wp-block-spacer\"><\/div>","protected":false},"excerpt":{"rendered":"<p>Nos locations de vacances \u00e0 Lanton avec Wifi S\u00e9journez dans l\u2019un de nos g\u00eetes avec Wifi \u00e0 Lanton et restez connect\u00e9s pendant vos vacances ! Entre plages et for\u00eats, b\u00e9n\u00e9ficiez [&hellip;]<\/p>\n","protected":false},"author":25,"featured_media":2217,"parent":508,"menu_order":1,"comment_status":"closed","ping_status":"closed","template":"","meta":{"_acf_changed":false,"_uag_custom_page_level_css":"","footnotes":""},"class_list":["post-45706","page","type-page","status-publish","has-post-thumbnail","hentry"],"acf":[],"uagb_featured_image_src":{"full":["https:\/\/bassin-arcachon.com\/wp-content\/uploads\/2017\/03\/camping-bassin-arcachon.jpg",1200,800,false],"thumbnail":["https:\/\/bassin-arcachon.com\/wp-content\/uploads\/2017\/03\/camping-bassin-arcachon-150x150.jpg",150,150,true],"medium":["https:\/\/bassin-arcachon.com\/wp-content\/uploads\/2017\/03\/camping-bassin-arcachon-600x400.jpg",600,400,true],"medium_large":["https:\/\/bassin-arcachon.com\/wp-content\/uploads\/2017\/03\/camping-bassin-arcachon-768x512.jpg",768,512,true],"large":["https:\/\/bassin-arcachon.com\/wp-content\/uploads\/2017\/03\/camping-bassin-arcachon-1024x683.jpg",1024,683,true],"1536x1536":["https:\/\/bassin-arcachon.com\/wp-content\/uploads\/2017\/03\/camping-bassin-arcachon.jpg",1200,800,false],"2048x2048":["https:\/\/bassin-arcachon.com\/wp-content\/uploads\/2017\/03\/camping-bassin-arcachon.jpg",1200,800,false],"trp-custom-language-flag":["https:\/\/bassin-arcachon.com\/wp-content\/uploads\/2017\/03\/camping-bassin-arcachon-18x12.jpg",18,12,true]},"uagb_author_info":{"display_name":"Marie Clauzel","author_link":"https:\/\/bassin-arcachon.com\/es\/author\/mariesiba\/"},"uagb_comment_info":0,"uagb_excerpt":"Nos locations de vacances \u00e0 Lanton avec Wifi S\u00e9journez dans l\u2019un de nos g\u00eetes avec Wifi \u00e0 Lanton et restez connect\u00e9s pendant vos vacances ! Entre plages et for\u00eats, b\u00e9n\u00e9ficiez [&hellip;]","_links":{"self":[{"href":"https:\/\/bassin-arcachon.com\/es\/wp-json\/wp\/v2\/pages\/45706","targetHints":{"allow":["GET"]}}],"collection":[{"href":"https:\/\/bassin-arcachon.com\/es\/wp-json\/wp\/v2\/pages"}],"about":[{"href":"https:\/\/bassin-arcachon.com\/es\/wp-json\/wp\/v2\/types\/page"}],"author":[{"embeddable":true,"href":"https:\/\/bassin-arcachon.com\/es\/wp-json\/wp\/v2\/users\/25"}],"replies":[{"embeddable":true,"href":"https:\/\/bassin-arcachon.com\/es\/wp-json\/wp\/v2\/comments?post=45706"}],"version-history":[{"count":2,"href":"https:\/\/bassin-arcachon.com\/es\/wp-json\/wp\/v2\/pages\/45706\/revisions"}],"predecessor-version":[{"id":68284,"href":"https:\/\/bassin-arcachon.com\/es\/wp-json\/wp\/v2\/pages\/45706\/revisions\/68284"}],"up":[{"embeddable":true,"href":"https:\/\/bassin-arcachon.com\/es\/wp-json\/wp\/v2\/pages\/508"}],"wp:featuredmedia":[{"embeddable":true,"href":"https:\/\/bassin-arcachon.com\/es\/wp-json\/wp\/v2\/media\/2217"}],"wp:attachment":[{"href":"https:\/\/bassin-arcachon.com\/es\/wp-json\/wp\/v2\/media?parent=45706"}],"curies":[{"name":"wp","href":"https:\/\/api.w.org\/{rel}","templated":true}]}}