{"id":47910,"date":"2020-10-02T17:01:39","date_gmt":"2020-10-02T15:01:39","guid":{"rendered":"https:\/\/bassin-arcachon.com\/\/?page_id=47910"},"modified":"2024-09-02T10:46:57","modified_gmt":"2024-09-02T08:46:57","slug":"programa-codificador","status":"publish","type":"page","link":"https:\/\/bassin-arcachon.com\/es\/seminaires-congres\/offres-codir\/programme-codir\/","title":{"rendered":"Sugerencia del programa Codir"},"content":{"rendered":"<div class=\"wp-block-uagb-container uagb-block-cad52e04 alignfull uagb-is-root-container\"><div class=\"uagb-container-inner-blocks-wrap\">\n<div class=\"wp-block-uagb-container uagb-block-b2fb09ce\">\t\t\t\t\t<div\n\t\t\t\t\t\tclass=\"wp-block-uagb-image-gallery uagb-block-7cd75bc3\"\n\t\t\t\t\t\tstyle=\"\"\n\t\t\t\t\t>\n\t\t\t\t\t\t\t\t\t\t\t<div class=\"spectra-image-gallery spectra-image-gallery__layout--carousel\">\n\t\t\t\t\t\t\t\t<div class=\"uagb-slick-carousel uagb-block-7cd75bc3\">\n\t\t\t\t\t\t\t\t\t\t\t\t<div class='spectra-image-gallery__media-wrapper' data-spectra-gallery-image-id='22304'>\n\t\t\t\t\t\t\t<div class=\"spectra-image-gallery__media spectra-image-gallery__media--carousel\">\n\t\t\t\t<picture>\n\t\t\t\t\t<source media=\"(min-width: 1024px)\" srcset=\"https:\/\/bassin-arcachon.com\/wp-content\/uploads\/2018\/06\/Bassin-Arcachon.jpg\">\n\t\t\t\t\t<source media=\"(min-width: 768px)\" srcset=\"https:\/\/bassin-arcachon.com\/wp-content\/uploads\/2018\/06\/Bassin-Arcachon.jpg\">\n\t\t\t\t\t<img decoding=\"async\" class=\"spectra-image-gallery__media-thumbnail spectra-image-gallery__media-thumbnail--carousel\" src=\"https:\/\/bassin-arcachon.com\/wp-content\/uploads\/2018\/06\/Bassin-Arcachon-300x200.jpg\" alt=\"Vista a\u00e9rea del Bassin d&#039;Arcachon, el Banc d&#039;Arguin y la Dune du Pilat\" loading=\"lazy\" title=\"- - Bassin d&#039;Arcachon\">\n\t\t\t\t<\/picture>\n\t\t\t\t<div class=\"spectra-image-gallery__media-thumbnail-blurrer\"><\/div>\n\t\t\t\t\t\t\t\t\t\t\t<div class=\"spectra-image-gallery__media-thumbnail-caption-wrapper spectra-image-gallery__media-thumbnail-caption-wrapper--overlay\"><\/div>\n\t\t\t\t\t\t\t\t<\/div>\n\t\t\t\t\t\t<\/div>\n\t\t\t\t\t\t<div class='spectra-image-gallery__media-wrapper' data-spectra-gallery-image-id='47758'>\n\t\t\t\t\t\t\t<div class=\"spectra-image-gallery__media spectra-image-gallery__media--carousel\">\n\t\t\t\t<picture>\n\t\t\t\t\t<source media=\"(min-width: 1024px)\" srcset=\"https:\/\/bassin-arcachon.com\/wp-content\/uploads\/2020\/09\/Salle-occup\u00e9e-s\u00e9minaire-scaled-1024x683.jpg\">\n\t\t\t\t\t<source media=\"(min-width: 768px)\" srcset=\"https:\/\/bassin-arcachon.com\/wp-content\/uploads\/2020\/09\/Salle-occup\u00e9e-s\u00e9minaire-scaled-1024x683.jpg\">\n\t\t\t\t\t<img decoding=\"async\" class=\"spectra-image-gallery__media-thumbnail spectra-image-gallery__media-thumbnail--carousel\" src=\"https:\/\/bassin-arcachon.com\/wp-content\/uploads\/2020\/09\/Salle-occup\u00e9e-s\u00e9minaire-scaled-300x200.jpg\" alt=\"- - Bassin d&#039;Arcachon\" loading=\"lazy\" title=\"- - Bassin d&#039;Arcachon\">\n\t\t\t\t<\/picture>\n\t\t\t\t<div class=\"spectra-image-gallery__media-thumbnail-blurrer\"><\/div>\n\t\t\t\t\t\t\t\t\t\t\t<div class=\"spectra-image-gallery__media-thumbnail-caption-wrapper spectra-image-gallery__media-thumbnail-caption-wrapper--overlay\"><\/div>\n\t\t\t\t\t\t\t\t<\/div>\n\t\t\t\t\t\t<\/div>\n\t\t\t\t\t\t<div class='spectra-image-gallery__media-wrapper' data-spectra-gallery-image-id='47899'>\n\t\t\t\t\t\t\t<div class=\"spectra-image-gallery__media spectra-image-gallery__media--carousel\">\n\t\t\t\t<picture>\n\t\t\t\t\t<source media=\"(min-width: 1024px)\" srcset=\"https:\/\/bassin-arcachon.com\/wp-content\/uploads\/2020\/09\/hotel-cote-sable-lege-cap-ferret-57-1024x682.jpg\">\n\t\t\t\t\t<source media=\"(min-width: 768px)\" srcset=\"https:\/\/bassin-arcachon.com\/wp-content\/uploads\/2020\/09\/hotel-cote-sable-lege-cap-ferret-57-1024x682.jpg\">\n\t\t\t\t\t<img decoding=\"async\" class=\"spectra-image-gallery__media-thumbnail spectra-image-gallery__media-thumbnail--carousel\" src=\"https:\/\/bassin-arcachon.com\/wp-content\/uploads\/2020\/09\/hotel-cote-sable-lege-cap-ferret-57-300x200.jpg\" alt=\"- - Bassin d&#039;Arcachon\" loading=\"lazy\" title=\"- - Bassin d&#039;Arcachon\">\n\t\t\t\t<\/picture>\n\t\t\t\t<div class=\"spectra-image-gallery__media-thumbnail-blurrer\"><\/div>\n\t\t\t\t\t\t\t\t\t\t\t<div class=\"spectra-image-gallery__media-thumbnail-caption-wrapper spectra-image-gallery__media-thumbnail-caption-wrapper--overlay\"><\/div>\n\t\t\t\t\t\t\t\t<\/div>\n\t\t\t\t\t\t<\/div>\n\t\t\t\t\t\t<div class='spectra-image-gallery__media-wrapper' data-spectra-gallery-image-id='47895'>\n\t\t\t\t\t\t\t<div class=\"spectra-image-gallery__media spectra-image-gallery__media--carousel\">\n\t\t\t\t<picture>\n\t\t\t\t\t<source media=\"(min-width: 1024px)\" srcset=\"https:\/\/bassin-arcachon.com\/wp-content\/uploads\/2020\/09\/brasserie-MIRA-codir.jpg\">\n\t\t\t\t\t<source media=\"(min-width: 768px)\" srcset=\"https:\/\/bassin-arcachon.com\/wp-content\/uploads\/2020\/09\/brasserie-MIRA-codir.jpg\">\n\t\t\t\t\t<img decoding=\"async\" class=\"spectra-image-gallery__media-thumbnail spectra-image-gallery__media-thumbnail--carousel\" src=\"https:\/\/bassin-arcachon.com\/wp-content\/uploads\/2020\/09\/brasserie-MIRA-codir-300x200.jpg\" alt=\"- - Bassin d&#039;Arcachon\" loading=\"lazy\" title=\"- - Bassin d&#039;Arcachon\">\n\t\t\t\t<\/picture>\n\t\t\t\t<div class=\"spectra-image-gallery__media-thumbnail-blurrer\"><\/div>\n\t\t\t\t\t\t\t\t\t\t\t<div class=\"spectra-image-gallery__media-thumbnail-caption-wrapper spectra-image-gallery__media-thumbnail-caption-wrapper--overlay\"><\/div>\n\t\t\t\t\t\t\t\t<\/div>\n\t\t\t\t\t\t<\/div>\n\t\t\t\t\t\t<div class='spectra-image-gallery__media-wrapper' data-spectra-gallery-image-id='47911'>\n\t\t\t\t\t\t\t<div class=\"spectra-image-gallery__media spectra-image-gallery__media--carousel\">\n\t\t\t\t<picture>\n\t\t\t\t\t<source media=\"(min-width: 1024px)\" srcset=\"https:\/\/bassin-arcachon.com\/wp-content\/uploads\/2020\/09\/Balade-en-pinasse-scaled-1024x683.jpg\">\n\t\t\t\t\t<source media=\"(min-width: 768px)\" srcset=\"https:\/\/bassin-arcachon.com\/wp-content\/uploads\/2020\/09\/Balade-en-pinasse-scaled-1024x683.jpg\">\n\t\t\t\t\t<img decoding=\"async\" class=\"spectra-image-gallery__media-thumbnail spectra-image-gallery__media-thumbnail--carousel\" src=\"https:\/\/bassin-arcachon.com\/wp-content\/uploads\/2020\/09\/Balade-en-pinasse-scaled-300x200.jpg\" alt=\"- - Bassin d&#039;Arcachon\" loading=\"lazy\" title=\"- - Bassin d&#039;Arcachon\">\n\t\t\t\t<\/picture>\n\t\t\t\t<div class=\"spectra-image-gallery__media-thumbnail-blurrer\"><\/div>\n\t\t\t\t\t\t\t\t\t\t\t<div class=\"spectra-image-gallery__media-thumbnail-caption-wrapper spectra-image-gallery__media-thumbnail-caption-wrapper--overlay\"><\/div>\n\t\t\t\t\t\t\t\t<\/div>\n\t\t\t\t\t\t<\/div>\n\t\t\t\t\t\t<div class='spectra-image-gallery__media-wrapper' data-spectra-gallery-image-id='47897'>\n\t\t\t\t\t\t\t<div class=\"spectra-image-gallery__media spectra-image-gallery__media--carousel\">\n\t\t\t\t<picture>\n\t\t\t\t\t<source media=\"(min-width: 1024px)\" srcset=\"https:\/\/bassin-arcachon.com\/wp-content\/uploads\/2020\/09\/chateau-mader-1024x512.jpg\">\n\t\t\t\t\t<source media=\"(min-width: 768px)\" srcset=\"https:\/\/bassin-arcachon.com\/wp-content\/uploads\/2020\/09\/chateau-mader-1024x512.jpg\">\n\t\t\t\t\t<img decoding=\"async\" class=\"spectra-image-gallery__media-thumbnail spectra-image-gallery__media-thumbnail--carousel\" src=\"https:\/\/bassin-arcachon.com\/wp-content\/uploads\/2020\/09\/chateau-mader-300x150.jpg\" alt=\"- - Bassin d&#039;Arcachon\" loading=\"lazy\" title=\"- - Bassin d&#039;Arcachon\">\n\t\t\t\t<\/picture>\n\t\t\t\t<div class=\"spectra-image-gallery__media-thumbnail-blurrer\"><\/div>\n\t\t\t\t\t\t\t\t\t\t\t<div class=\"spectra-image-gallery__media-thumbnail-caption-wrapper spectra-image-gallery__media-thumbnail-caption-wrapper--overlay\"><\/div>\n\t\t\t\t\t\t\t\t<\/div>\n\t\t\t\t\t\t<\/div>\n\t\t\t\t\t\t<div class='spectra-image-gallery__media-wrapper' data-spectra-gallery-image-id='47900'>\n\t\t\t\t\t\t\t<div class=\"spectra-image-gallery__media spectra-image-gallery__media--carousel\">\n\t\t\t\t<picture>\n\t\t\t\t\t<source media=\"(min-width: 1024px)\" srcset=\"https:\/\/bassin-arcachon.com\/wp-content\/uploads\/2020\/09\/petit-salon-table-centrale-1024x727.png\">\n\t\t\t\t\t<source media=\"(min-width: 768px)\" srcset=\"https:\/\/bassin-arcachon.com\/wp-content\/uploads\/2020\/09\/petit-salon-table-centrale-1024x727.png\">\n\t\t\t\t\t<img decoding=\"async\" class=\"spectra-image-gallery__media-thumbnail spectra-image-gallery__media-thumbnail--carousel\" src=\"https:\/\/bassin-arcachon.com\/wp-content\/uploads\/2020\/09\/petit-salon-table-centrale-300x213.png\" alt=\"- - Bassin d&#039;Arcachon\" loading=\"lazy\" title=\"- - Bassin d&#039;Arcachon\">\n\t\t\t\t<\/picture>\n\t\t\t\t<div class=\"spectra-image-gallery__media-thumbnail-blurrer\"><\/div>\n\t\t\t\t\t\t\t\t\t\t\t<div class=\"spectra-image-gallery__media-thumbnail-caption-wrapper spectra-image-gallery__media-thumbnail-caption-wrapper--overlay\"><\/div>\n\t\t\t\t\t\t\t\t<\/div>\n\t\t\t\t\t\t<\/div>\n\t\t\t\t\t\t<div class='spectra-image-gallery__media-wrapper' data-spectra-gallery-image-id='47768'>\n\t\t\t\t\t\t\t<div class=\"spectra-image-gallery__media spectra-image-gallery__media--carousel\">\n\t\t\t\t<picture>\n\t\t\t\t\t<source media=\"(min-width: 1024px)\" srcset=\"https:\/\/bassin-arcachon.com\/wp-content\/uploads\/2020\/09\/dune-pilat-SIBA-agence-les-conteurs-132-1024x682.jpg\">\n\t\t\t\t\t<source media=\"(min-width: 768px)\" srcset=\"https:\/\/bassin-arcachon.com\/wp-content\/uploads\/2020\/09\/dune-pilat-SIBA-agence-les-conteurs-132-1024x682.jpg\">\n\t\t\t\t\t<img decoding=\"async\" class=\"spectra-image-gallery__media-thumbnail spectra-image-gallery__media-thumbnail--carousel\" src=\"https:\/\/bassin-arcachon.com\/wp-content\/uploads\/2020\/09\/dune-pilat-SIBA-agence-les-conteurs-132-300x200.jpg\" alt=\"- - Bassin d&#039;Arcachon\" loading=\"lazy\" title=\"- - Bassin d&#039;Arcachon\">\n\t\t\t\t<\/picture>\n\t\t\t\t<div class=\"spectra-image-gallery__media-thumbnail-blurrer\"><\/div>\n\t\t\t\t\t\t\t\t\t\t\t<div class=\"spectra-image-gallery__media-thumbnail-caption-wrapper spectra-image-gallery__media-thumbnail-caption-wrapper--overlay\"><\/div>\n\t\t\t\t\t\t\t\t<\/div>\n\t\t\t\t\t\t<\/div>\n\t\t\t\t\t\t\t\t\t\t\t<\/div>\n\t\t\t\t\t\t\t<\/div>\n\t\t\t\t\t\t\t\t\t\t\t<\/div>\n\t\t\t\t\t\t\t\t\t<\/div>\n\n\n\n<div class=\"wp-block-uagb-container uagb-block-92a3e9ba\">\n<div class=\"wp-block-uagb-container uagb-block-2ed7a4bc\">\n<p class=\"has-white-color has-text-color\">Un solo cuadro<br><br>Armon\u00eda del lugar en mente para su seminario<br><br>Equilibrio de pensamiento de incentivos<br><br>Lluvia de ideas de cohesi\u00f3n COMEX<br><br>Lujo<br><br>Privacidad<\/p>\n<\/div>\n\n\n\n<div class=\"wp-block-uagb-container uagb-block-9dae8d65\">\n<h4 class=\"wp-block-heading\">Cont\u00e1ctenos<\/h4>\n\n\n\n<p class=\"has-black-color has-text-color\"><a href=\"mailto:mice@siba-bassin-arcachon.fr\">mice@siba-bassin-arcachon.fr<\/a><\/p>\n<\/div>\n<\/div>\n<\/div><\/div>\n\n\n\n<div style=\"height:40px\" aria-hidden=\"true\" class=\"wp-block-spacer\"><\/div>\n\n\n\n<div class=\"wp-block-uagb-container uagb-block-5d626e67 alignfull uagb-is-root-container\"><div class=\"uagb-container-inner-blocks-wrap\">\n<div class=\"wp-block-uagb-container uagb-block-346c7efc\">\n<h3 class=\"wp-block-heading\">Programa sugerido<\/h3>\n\n\n\n<h3 class=\"wp-block-heading\">D\u00eda 1<strong><\/strong><\/h3>\n\n\n\n<ul class=\"wp-block-list\">\n<li>Llegada de los participantes por la ma\u00f1ana de&nbsp;<strong>Par\u00eds en tren de alta velocidad<\/strong>&nbsp;(2h50 en conexiones diarias).<\/li>\n\n\n\n<li>instalaci\u00f3n en&nbsp;<strong>En la<\/strong>&nbsp;<strong>Villa Moulleau<\/strong>&nbsp;(Arcach\u00f3n), en&nbsp;<strong>villa tosca<\/strong>&nbsp;(Lanton) o incluso en el<strong>Sandy Side Hotel&nbsp;<\/strong>(Cap-Ferret).<\/li>\n\n\n\n<li>Almuerzo de especialidades locales en uno de los salones del establecimiento mencionado anteriormente o en el restaurante del hotel&nbsp;<strong>La casa de Bassin<\/strong>&nbsp;\u00bb ubicado cerca de C\u00f4t\u00e9 Sable.<\/li>\n\n\n\n<li>Reuni\u00f3n de trabajo, seguida de una&nbsp;<strong>rally de bicicletas<\/strong>, en&nbsp;<strong>segways<\/strong>&nbsp;O&nbsp;<strong>scooter electrico<\/strong>&nbsp;en plena naturaleza. Posibilidad de&nbsp;<strong>cursos enol\u00f3gicos<\/strong>&nbsp;seg\u00fan el establecimiento elegido o de una sesi\u00f3n en&nbsp;<strong>spa<\/strong>.<\/li>\n\n\n\n<li>Al final del d\u00eda, salida.&nbsp;<strong>pinaza<\/strong>&nbsp;(barco tradicional de Arcachon) para ver la puesta de sol y degustaci\u00f3n de ostras en el agua. Posibilidad de&nbsp;<strong>cena a bordo<\/strong>&nbsp;(champa\u00f1a, caviar y langosta).<\/li>\n<\/ul>\n\n\n\n<p>Noche en el establecimiento mencionado anteriormente o en uno de los&nbsp;<a href=\"https:\/\/fr.calameo.com\/read\/0000244210ced591e8392\" target=\"_blank\" rel=\"noreferrer noopener\">Hoteles referenciados CODIR,&nbsp;<strong>Haga clic aqu\u00ed.<\/strong><\/a><\/p>\n\n\n\n<h3 class=\"wp-block-heading\">DIA 2<strong><\/strong><\/h3>\n\n\n\n<ul class=\"wp-block-list\">\n<li>Desayuno buffet.<\/li>\n\n\n\n<li>Reuni\u00f3n de trabajo y coffee break compuesto por productos locales.<\/li>\n\n\n\n<li>Almuerzo dentro del establecimiento, en una choza de ostras a la orilla del agua o dentro de una concept store.<\/li>\n\n\n\n<li>Tarde dedicada a un&nbsp;<strong>visita guiada<\/strong>&nbsp;con un orador gu\u00eda en el&nbsp;<strong>la duna de Pilat,<\/strong>&nbsp;(para aquellos cuyo alojamiento se encuentra al sur Bassin) o&nbsp;<strong>olimpiada en la playa<\/strong>&nbsp;accesible desde su hotel (por el norte Bassin).<\/li>\n\n\n\n<li>Salida de los participantes al final del d\u00eda.<\/li>\n<\/ul>\n\n\n\n<p>Tambi\u00e9n es posible un fin de semana, durante todo el a\u00f1o, para&nbsp;<strong>alquilar una villa excepcional en Pyla-sur-Mer<\/strong>, en un ambiente privilegiado e \u00edntimo para apoyar el cambio, un curso de coaching para el bienestar, la confianza en uno mismo, el dejarse llevar\u2026 Contacta con Nathalie Calvet de Myom en el 06 52 40 33 53 o por correo electr\u00f3nico:&nbsp;<a href=\"mailto:nathalie@myom.fr\">nathalie@myom.fr<\/a><\/p>\n\n\n\n<p>Las actividades unificadoras que se ofrecen en este programa se citan como ejemplos. Descubre el&nbsp;<a href=\"https:\/\/fr.calameo.com\/read\/000024421f9dbe748c813\" target=\"_blank\" rel=\"noreferrer noopener\"><strong>agencias entrantes en la gu\u00eda del organizador Arcachon Bassin<\/strong><\/a>&nbsp;haciendo clic aqu\u00ed<em>.<\/em><\/p>\n<\/div>\n\n\n\n<div class=\"wp-block-uagb-container uagb-block-4380c5f9\"><\/div>\n<\/div><\/div>\n\n\n\n<div style=\"height:60px\" aria-hidden=\"true\" class=\"wp-block-spacer\"><\/div>","protected":false},"excerpt":{"rendered":"<p>Cadre unique Harmonie du lieu \u00e0 l&rsquo;esprit de votre s\u00e9minaire \u00c9quilibre r\u00e9flexion incentive COMEX coh\u00e9sion brainstorming Luxe Intimit\u00e9 Nous contacter mice@siba-bassin-arcachon.fr Suggestion de programme Jour 1 Nuit dans l\u2019\u00e9tablissement cit\u00e9 [&hellip;]<\/p>\n","protected":false},"author":12,"featured_media":45547,"parent":47887,"menu_order":0,"comment_status":"closed","ping_status":"closed","template":"","meta":{"_acf_changed":false,"_uag_custom_page_level_css":"","footnotes":""},"class_list":["post-47910","page","type-page","status-publish","has-post-thumbnail","hentry"],"acf":[],"uagb_featured_image_src":{"full":["https:\/\/bassin-arcachon.com\/wp-content\/uploads\/2020\/06\/cabane-huitres-aiguillon-12-1.jpg",1200,873,false],"thumbnail":["https:\/\/bassin-arcachon.com\/wp-content\/uploads\/2020\/06\/cabane-huitres-aiguillon-12-1-150x150.jpg",150,150,true],"medium":["https:\/\/bassin-arcachon.com\/wp-content\/uploads\/2020\/06\/cabane-huitres-aiguillon-12-1-600x437.jpg",600,437,true],"medium_large":["https:\/\/bassin-arcachon.com\/wp-content\/uploads\/2020\/06\/cabane-huitres-aiguillon-12-1-768x559.jpg",768,559,true],"large":["https:\/\/bassin-arcachon.com\/wp-content\/uploads\/2020\/06\/cabane-huitres-aiguillon-12-1-1024x745.jpg",1024,745,true],"1536x1536":["https:\/\/bassin-arcachon.com\/wp-content\/uploads\/2020\/06\/cabane-huitres-aiguillon-12-1.jpg",1200,873,false],"2048x2048":["https:\/\/bassin-arcachon.com\/wp-content\/uploads\/2020\/06\/cabane-huitres-aiguillon-12-1.jpg",1200,873,false],"trp-custom-language-flag":["https:\/\/bassin-arcachon.com\/wp-content\/uploads\/2020\/06\/cabane-huitres-aiguillon-12-1-16x12.jpg",16,12,true]},"uagb_author_info":{"display_name":"Marine, habitante du Bassin d'Arcachon","author_link":"https:\/\/bassin-arcachon.com\/es\/author\/marinesiba\/"},"uagb_comment_info":0,"uagb_excerpt":"Cadre unique Harmonie du lieu \u00e0 l&rsquo;esprit de votre s\u00e9minaire \u00c9quilibre r\u00e9flexion incentive COMEX coh\u00e9sion brainstorming Luxe Intimit\u00e9 Nous contacter mice@siba-bassin-arcachon.fr Suggestion de programme Jour 1 Nuit dans l\u2019\u00e9tablissement cit\u00e9 [&hellip;]","_links":{"self":[{"href":"https:\/\/bassin-arcachon.com\/es\/wp-json\/wp\/v2\/pages\/47910","targetHints":{"allow":["GET"]}}],"collection":[{"href":"https:\/\/bassin-arcachon.com\/es\/wp-json\/wp\/v2\/pages"}],"about":[{"href":"https:\/\/bassin-arcachon.com\/es\/wp-json\/wp\/v2\/types\/page"}],"author":[{"embeddable":true,"href":"https:\/\/bassin-arcachon.com\/es\/wp-json\/wp\/v2\/users\/12"}],"replies":[{"embeddable":true,"href":"https:\/\/bassin-arcachon.com\/es\/wp-json\/wp\/v2\/comments?post=47910"}],"version-history":[{"count":0,"href":"https:\/\/bassin-arcachon.com\/es\/wp-json\/wp\/v2\/pages\/47910\/revisions"}],"up":[{"embeddable":true,"href":"https:\/\/bassin-arcachon.com\/es\/wp-json\/wp\/v2\/pages\/47887"}],"wp:featuredmedia":[{"embeddable":true,"href":"https:\/\/bassin-arcachon.com\/es\/wp-json\/wp\/v2\/media\/45547"}],"wp:attachment":[{"href":"https:\/\/bassin-arcachon.com\/es\/wp-json\/wp\/v2\/media?parent=47910"}],"curies":[{"name":"wp","href":"https:\/\/api.w.org\/{rel}","templated":true}]}}