{"id":47924,"date":"2020-10-02T17:01:05","date_gmt":"2020-10-02T15:01:05","guid":{"rendered":"https:\/\/bassin-arcachon.com\/\/?page_id=47924"},"modified":"2024-05-13T16:22:16","modified_gmt":"2024-05-13T14:22:16","slug":"programa-social-ratones","status":"publish","type":"page","link":"https:\/\/bassin-arcachon.com\/es\/seminaires-congres\/programme-social-mice\/","title":{"rendered":"Programa de Acompa\u00f1amiento"},"content":{"rendered":"<div class=\"wp-block-uagb-container uagb-block-79a87478 alignfull uagb-is-root-container\"><div class=\"uagb-container-inner-blocks-wrap\">\n<div class=\"wp-block-uagb-container uagb-block-61acb081\">\t\t\t\t\t<div\n\t\t\t\t\t\tclass=\"wp-block-uagb-image-gallery uagb-block-9ee358e5\"\n\t\t\t\t\t\tstyle=\"\"\n\t\t\t\t\t>\n\t\t\t\t\t\t\t\t\t\t\t<div class=\"spectra-image-gallery spectra-image-gallery__layout--carousel\">\n\t\t\t\t\t\t\t\t<div class=\"uagb-slick-carousel uagb-block-9ee358e5\">\n\t\t\t\t\t\t\t\t\t\t\t\t<div class='spectra-image-gallery__media-wrapper' data-spectra-gallery-image-id='23422'>\n\t\t\t\t\t\t\t<div class=\"spectra-image-gallery__media spectra-image-gallery__media--carousel\">\n\t\t\t\t<picture>\n\t\t\t\t\t<source media=\"(min-width: 1024px)\" srcset=\"https:\/\/bassin-arcachon.com\/wp-content\/uploads\/2018\/07\/D\u00e9couvrir-la-Ville-dHiver.jpg\">\n\t\t\t\t\t<source media=\"(min-width: 768px)\" srcset=\"https:\/\/bassin-arcachon.com\/wp-content\/uploads\/2018\/07\/D\u00e9couvrir-la-Ville-dHiver.jpg\">\n\t\t\t\t\t<img decoding=\"async\" class=\"spectra-image-gallery__media-thumbnail spectra-image-gallery__media-thumbnail--carousel\" src=\"https:\/\/bassin-arcachon.com\/wp-content\/uploads\/2018\/07\/D\u00e9couvrir-la-Ville-dHiver.jpg\" alt=\"- - Bassin d&#039;Arcachon\" loading=\"lazy\" title=\"- - Bassin d&#039;Arcachon\">\n\t\t\t\t<\/picture>\n\t\t\t\t<div class=\"spectra-image-gallery__media-thumbnail-blurrer\"><\/div>\n\t\t\t\t\t\t\t\t\t\t\t<div class=\"spectra-image-gallery__media-thumbnail-caption-wrapper spectra-image-gallery__media-thumbnail-caption-wrapper--overlay\"><\/div>\n\t\t\t\t\t\t\t\t<\/div>\n\t\t\t\t\t\t<\/div>\n\t\t\t\t\t\t<div class='spectra-image-gallery__media-wrapper' data-spectra-gallery-image-id='47488'>\n\t\t\t\t\t\t\t<div class=\"spectra-image-gallery__media spectra-image-gallery__media--carousel\">\n\t\t\t\t<picture>\n\t\t\t\t\t<source media=\"(min-width: 1024px)\" srcset=\"https:\/\/bassin-arcachon.com\/wp-content\/uploads\/2020\/09\/7-Vue-sur-la-Dune-du-Pilat-au-Cap-FerretcAng\u00e9lique-Saget-scaled-1024x768.jpg\">\n\t\t\t\t\t<source media=\"(min-width: 768px)\" srcset=\"https:\/\/bassin-arcachon.com\/wp-content\/uploads\/2020\/09\/7-Vue-sur-la-Dune-du-Pilat-au-Cap-FerretcAng\u00e9lique-Saget-scaled-1024x768.jpg\">\n\t\t\t\t\t<img decoding=\"async\" class=\"spectra-image-gallery__media-thumbnail spectra-image-gallery__media-thumbnail--carousel\" src=\"https:\/\/bassin-arcachon.com\/wp-content\/uploads\/2020\/09\/7-Vue-sur-la-Dune-du-Pilat-au-Cap-FerretcAng\u00e9lique-Saget-scaled-1024x768.jpg\" alt=\"- - Bassin d&#039;Arcachon\" loading=\"lazy\" title=\"- - Bassin d&#039;Arcachon\">\n\t\t\t\t<\/picture>\n\t\t\t\t<div class=\"spectra-image-gallery__media-thumbnail-blurrer\"><\/div>\n\t\t\t\t\t\t\t\t\t\t\t<div class=\"spectra-image-gallery__media-thumbnail-caption-wrapper spectra-image-gallery__media-thumbnail-caption-wrapper--overlay\"><\/div>\n\t\t\t\t\t\t\t\t<\/div>\n\t\t\t\t\t\t<\/div>\n\t\t\t\t\t\t<div class='spectra-image-gallery__media-wrapper' data-spectra-gallery-image-id='47936'>\n\t\t\t\t\t\t\t<div class=\"spectra-image-gallery__media spectra-image-gallery__media--carousel\">\n\t\t\t\t<picture>\n\t\t\t\t\t<source media=\"(min-width: 1024px)\" srcset=\"https:\/\/bassin-arcachon.com\/wp-content\/uploads\/2020\/09\/navettes-uba-agence-les-conteurs-9-1024x683.jpg\">\n\t\t\t\t\t<source media=\"(min-width: 768px)\" srcset=\"https:\/\/bassin-arcachon.com\/wp-content\/uploads\/2020\/09\/navettes-uba-agence-les-conteurs-9-1024x683.jpg\">\n\t\t\t\t\t<img decoding=\"async\" class=\"spectra-image-gallery__media-thumbnail spectra-image-gallery__media-thumbnail--carousel\" src=\"https:\/\/bassin-arcachon.com\/wp-content\/uploads\/2020\/09\/navettes-uba-agence-les-conteurs-9-1024x683.jpg\" alt=\"- - Bassin d&#039;Arcachon\" loading=\"lazy\" title=\"- - Bassin d&#039;Arcachon\">\n\t\t\t\t<\/picture>\n\t\t\t\t<div class=\"spectra-image-gallery__media-thumbnail-blurrer\"><\/div>\n\t\t\t\t\t\t\t\t\t\t\t<div class=\"spectra-image-gallery__media-thumbnail-caption-wrapper spectra-image-gallery__media-thumbnail-caption-wrapper--overlay\"><\/div>\n\t\t\t\t\t\t\t\t<\/div>\n\t\t\t\t\t\t<\/div>\n\t\t\t\t\t\t<div class='spectra-image-gallery__media-wrapper' data-spectra-gallery-image-id='47931'>\n\t\t\t\t\t\t\t<div class=\"spectra-image-gallery__media spectra-image-gallery__media--carousel\">\n\t\t\t\t<picture>\n\t\t\t\t\t<source media=\"(min-width: 1024px)\" srcset=\"https:\/\/bassin-arcachon.com\/wp-content\/uploads\/2020\/09\/andernos-3-scaled-1024x683.jpg\">\n\t\t\t\t\t<source media=\"(min-width: 768px)\" srcset=\"https:\/\/bassin-arcachon.com\/wp-content\/uploads\/2020\/09\/andernos-3-scaled-1024x683.jpg\">\n\t\t\t\t\t<img decoding=\"async\" class=\"spectra-image-gallery__media-thumbnail spectra-image-gallery__media-thumbnail--carousel\" src=\"https:\/\/bassin-arcachon.com\/wp-content\/uploads\/2020\/09\/andernos-3-scaled-1024x683.jpg\" alt=\"- - Bassin d&#039;Arcachon\" loading=\"lazy\" title=\"- - Bassin d&#039;Arcachon\">\n\t\t\t\t<\/picture>\n\t\t\t\t<div class=\"spectra-image-gallery__media-thumbnail-blurrer\"><\/div>\n\t\t\t\t\t\t\t\t\t\t\t<div class=\"spectra-image-gallery__media-thumbnail-caption-wrapper spectra-image-gallery__media-thumbnail-caption-wrapper--overlay\"><\/div>\n\t\t\t\t\t\t\t\t<\/div>\n\t\t\t\t\t\t<\/div>\n\t\t\t\t\t\t<div class='spectra-image-gallery__media-wrapper' data-spectra-gallery-image-id='47930'>\n\t\t\t\t\t\t\t<div class=\"spectra-image-gallery__media spectra-image-gallery__media--carousel\">\n\t\t\t\t<picture>\n\t\t\t\t\t<source media=\"(min-width: 1024px)\" srcset=\"https:\/\/bassin-arcachon.com\/wp-content\/uploads\/2020\/09\/andernos-2-1024x682.jpg\">\n\t\t\t\t\t<source media=\"(min-width: 768px)\" srcset=\"https:\/\/bassin-arcachon.com\/wp-content\/uploads\/2020\/09\/andernos-2-1024x682.jpg\">\n\t\t\t\t\t<img decoding=\"async\" class=\"spectra-image-gallery__media-thumbnail spectra-image-gallery__media-thumbnail--carousel\" src=\"https:\/\/bassin-arcachon.com\/wp-content\/uploads\/2020\/09\/andernos-2-1024x682.jpg\" alt=\"- - Bassin d&#039;Arcachon\" loading=\"lazy\" title=\"- - Bassin d&#039;Arcachon\">\n\t\t\t\t<\/picture>\n\t\t\t\t<div class=\"spectra-image-gallery__media-thumbnail-blurrer\"><\/div>\n\t\t\t\t\t\t\t\t\t\t\t<div class=\"spectra-image-gallery__media-thumbnail-caption-wrapper spectra-image-gallery__media-thumbnail-caption-wrapper--overlay\"><\/div>\n\t\t\t\t\t\t\t\t<\/div>\n\t\t\t\t\t\t<\/div>\n\t\t\t\t\t\t<div class='spectra-image-gallery__media-wrapper' data-spectra-gallery-image-id='48130'>\n\t\t\t\t\t\t\t<div class=\"spectra-image-gallery__media spectra-image-gallery__media--carousel\">\n\t\t\t\t<picture>\n\t\t\t\t\t<source media=\"(min-width: 1024px)\" srcset=\"https:\/\/bassin-arcachon.com\/wp-content\/uploads\/2020\/10\/thalasso-arcachon-karine-medina-1024x683.jpg\">\n\t\t\t\t\t<source media=\"(min-width: 768px)\" srcset=\"https:\/\/bassin-arcachon.com\/wp-content\/uploads\/2020\/10\/thalasso-arcachon-karine-medina-1024x683.jpg\">\n\t\t\t\t\t<img decoding=\"async\" class=\"spectra-image-gallery__media-thumbnail spectra-image-gallery__media-thumbnail--carousel\" src=\"https:\/\/bassin-arcachon.com\/wp-content\/uploads\/2020\/10\/thalasso-arcachon-karine-medina-1024x683.jpg\" alt=\"- - Bassin d&#039;Arcachon\" loading=\"lazy\" title=\"- - Bassin d&#039;Arcachon\">\n\t\t\t\t<\/picture>\n\t\t\t\t<div class=\"spectra-image-gallery__media-thumbnail-blurrer\"><\/div>\n\t\t\t\t\t\t\t\t\t\t\t<div class=\"spectra-image-gallery__media-thumbnail-caption-wrapper spectra-image-gallery__media-thumbnail-caption-wrapper--overlay\"><\/div>\n\t\t\t\t\t\t\t\t<\/div>\n\t\t\t\t\t\t<\/div>\n\t\t\t\t\t\t<div class='spectra-image-gallery__media-wrapper' data-spectra-gallery-image-id='47937'>\n\t\t\t\t\t\t\t<div class=\"spectra-image-gallery__media spectra-image-gallery__media--carousel\">\n\t\t\t\t<picture>\n\t\t\t\t\t<source media=\"(min-width: 1024px)\" srcset=\"https:\/\/bassin-arcachon.com\/wp-content\/uploads\/2020\/09\/shopping-arcachon-siba-agence-les-conteurs-17-1024x705.jpg\">\n\t\t\t\t\t<source media=\"(min-width: 768px)\" srcset=\"https:\/\/bassin-arcachon.com\/wp-content\/uploads\/2020\/09\/shopping-arcachon-siba-agence-les-conteurs-17-1024x705.jpg\">\n\t\t\t\t\t<img decoding=\"async\" class=\"spectra-image-gallery__media-thumbnail spectra-image-gallery__media-thumbnail--carousel\" src=\"https:\/\/bassin-arcachon.com\/wp-content\/uploads\/2020\/09\/shopping-arcachon-siba-agence-les-conteurs-17-1024x705.jpg\" alt=\"- - Bassin d&#039;Arcachon\" loading=\"lazy\" title=\"- - Bassin d&#039;Arcachon\">\n\t\t\t\t<\/picture>\n\t\t\t\t<div class=\"spectra-image-gallery__media-thumbnail-blurrer\"><\/div>\n\t\t\t\t\t\t\t\t\t\t\t<div class=\"spectra-image-gallery__media-thumbnail-caption-wrapper spectra-image-gallery__media-thumbnail-caption-wrapper--overlay\"><\/div>\n\t\t\t\t\t\t\t\t<\/div>\n\t\t\t\t\t\t<\/div>\n\t\t\t\t\t\t<div class='spectra-image-gallery__media-wrapper' data-spectra-gallery-image-id='47928'>\n\t\t\t\t\t\t\t<div class=\"spectra-image-gallery__media spectra-image-gallery__media--carousel\">\n\t\t\t\t<picture>\n\t\t\t\t\t<source media=\"(min-width: 1024px)\" srcset=\"https:\/\/bassin-arcachon.com\/wp-content\/uploads\/2020\/09\/Paddle-bassin-darcachon-1-scaled-1024x683.jpg\">\n\t\t\t\t\t<source media=\"(min-width: 768px)\" srcset=\"https:\/\/bassin-arcachon.com\/wp-content\/uploads\/2020\/09\/Paddle-bassin-darcachon-1-scaled-1024x683.jpg\">\n\t\t\t\t\t<img decoding=\"async\" class=\"spectra-image-gallery__media-thumbnail spectra-image-gallery__media-thumbnail--carousel\" src=\"https:\/\/bassin-arcachon.com\/wp-content\/uploads\/2020\/09\/Paddle-bassin-darcachon-1-scaled-1024x683.jpg\" alt=\"- - Bassin d&#039;Arcachon\" loading=\"lazy\" title=\"- - Bassin d&#039;Arcachon\">\n\t\t\t\t<\/picture>\n\t\t\t\t<div class=\"spectra-image-gallery__media-thumbnail-blurrer\"><\/div>\n\t\t\t\t\t\t\t\t\t\t\t<div class=\"spectra-image-gallery__media-thumbnail-caption-wrapper spectra-image-gallery__media-thumbnail-caption-wrapper--overlay\"><\/div>\n\t\t\t\t\t\t\t\t<\/div>\n\t\t\t\t\t\t<\/div>\n\t\t\t\t\t\t<div class='spectra-image-gallery__media-wrapper' data-spectra-gallery-image-id='47929'>\n\t\t\t\t\t\t\t<div class=\"spectra-image-gallery__media spectra-image-gallery__media--carousel\">\n\t\t\t\t<picture>\n\t\t\t\t\t<source media=\"(min-width: 1024px)\" srcset=\"https:\/\/bassin-arcachon.com\/wp-content\/uploads\/2020\/09\/andernos-1-1024x682.jpg\">\n\t\t\t\t\t<source media=\"(min-width: 768px)\" srcset=\"https:\/\/bassin-arcachon.com\/wp-content\/uploads\/2020\/09\/andernos-1-1024x682.jpg\">\n\t\t\t\t\t<img decoding=\"async\" class=\"spectra-image-gallery__media-thumbnail spectra-image-gallery__media-thumbnail--carousel\" src=\"https:\/\/bassin-arcachon.com\/wp-content\/uploads\/2020\/09\/andernos-1-1024x682.jpg\" alt=\"- - Bassin d&#039;Arcachon\" loading=\"lazy\" title=\"- - Bassin d&#039;Arcachon\">\n\t\t\t\t<\/picture>\n\t\t\t\t<div class=\"spectra-image-gallery__media-thumbnail-blurrer\"><\/div>\n\t\t\t\t\t\t\t\t\t\t\t<div class=\"spectra-image-gallery__media-thumbnail-caption-wrapper spectra-image-gallery__media-thumbnail-caption-wrapper--overlay\"><\/div>\n\t\t\t\t\t\t\t\t<\/div>\n\t\t\t\t\t\t<\/div>\n\t\t\t\t\t\t\t\t\t\t\t<\/div>\n\t\t\t\t\t\t\t<\/div>\n\t\t\t\t\t\t\t\t\t\t\t<\/div>\n\t\t\t\t\t\t\t\t\t<\/div>\n\n\n\n<div class=\"wp-block-uagb-container uagb-block-3ff112e5\">\n<div class=\"wp-block-uagb-container uagb-block-e3d33b9a\">\n<p class=\"has-white-color has-text-color\">Visita guiada a la Ciudad de Invierno<br><br>caminata en la arena<br><br>Crucero en el Bassin<br><br>Degustaciones culinarias<br><br>Golf y Talasoterapia<br><br>Compras<\/p>\n<\/div>\n\n\n\n<div class=\"wp-block-uagb-container uagb-block-d7bc019e\">\n<h4 class=\"wp-block-heading\">Cont\u00e1ctenos<\/h4>\n\n\n\n<p class=\"has-black-color has-text-color\"><a href=\"mailto:mice@siba-bassin-arcachon.fr\">mice@siba-bassin-arcachon.fr<\/a><\/p>\n<\/div>\n<\/div>\n<\/div><\/div>\n\n\n\n<div style=\"height:40px\" aria-hidden=\"true\" class=\"wp-block-spacer\"><\/div>\n\n\n\n<div class=\"wp-block-uagb-container uagb-block-f3a0d706 alignfull uagb-is-root-container\"><div class=\"uagb-container-inner-blocks-wrap\">\n<div class=\"wp-block-uagb-container uagb-block-98354184\">\n<h2 class=\"wp-block-heading\">Programa social \/ acompa\u00f1ante<\/h2>\n\n\n\n<h3 class=\"wp-block-heading\">Visita guiada de la Ciudad de Invierno de Arcachon<strong><\/strong><\/h3>\n\n\n\n<p>Descubre la evoluci\u00f3n arquitect\u00f3nica y estil\u00edstica de las villas del&nbsp;<strong>Ciudad de Invierno<\/strong>. Desde su creaci\u00f3n hasta an\u00e9cdotas hist\u00f3ricas vinculadas a la aristocracia y la burgues\u00eda que ven\u00edan de vacaciones a Arcachon, d\u00e9jate guiar por este emblem\u00e1tico barrio.<\/p>\n\n\n\n<h3 class=\"wp-block-heading\">Senderismo en la arena y bajo los pinos<\/h3>\n\n\n\n<p>Descubre el&nbsp;<strong>Pen\u00ednsula de L\u00e8ge-Cap Ferret<\/strong>, a pie, en Segway, en scooter o incluso en bicicleta. Recorra las 44 hect\u00e1reas hasta la Pointe du Cap Ferret con su magn\u00edfico panorama del Bassin y el oc\u00e9ano. O ve a descubrir el&nbsp;<strong>la duna de Pilat,<\/strong>&nbsp;durante una caminata guiada con un gu\u00eda tur\u00edstico.<\/p>\n\n\n\n<h3 class=\"wp-block-heading\">Crucero en el Bassin de Arcachon<strong><\/strong><\/h3>\n\n\n\n<p><strong>Paseo en bote<\/strong>&nbsp;en el Arcachon Bassin: vuelta de&nbsp;<strong>Isla de los p\u00e1jaros<\/strong>&nbsp;y es famoso&nbsp;<strong>caba\u00f1as sobre pilotes<\/strong>&nbsp;(caba\u00f1as sobre pilotes) y pasear por los pueblos ostricultores de la pen\u00ednsula de Cap Ferret.<\/p>\n\n\n\n<h3 class=\"wp-block-heading\">Degustaciones culinarias<strong><\/strong><\/h3>\n\n\n\n<p>Aperitivo en un&nbsp;<strong>choza de ostras<\/strong>&nbsp;alrededor de un plato de ostras acompa\u00f1adas de una copa de vino blanco. Posibilidad de realizar un taller de desgranado con el ostricultor en un ambiente agradable.<\/p>\n\n\n\n<h3 class=\"wp-block-heading\">Golf<strong><\/strong><\/h3>\n\n\n\n<p>Disfruta de un campo entre pinos, seguido de una comida en el restaurante de la terraza del golf: a las&nbsp;<a href=\"https:\/\/www.golfarcachon.org\/fr\/\" target=\"_blank\" rel=\"noreferrer noopener\">Arcachon<\/a>,&nbsp;<a href=\"https:\/\/bluegreen.fr\/gujan\/\" target=\"_blank\" rel=\"noreferrer noopener\">Gujan-Mestras<\/a>,&nbsp;<a href=\"https:\/\/bassin-arcachon.com\/es\/hoja-de-detalles\/?types=activite_golf&amp;id=LOIAQU033FS000NJ&amp;title=golf-des-aiguilles-vertes\" target=\"_blank\" rel=\"noreferrer noopener\">a supprimer<\/a>&nbsp;O&nbsp;<a href=\"https:\/\/www.capgolf.fr\/\" target=\"_blank\" rel=\"noreferrer noopener\">L\u00e8ge-Cap Ferret<\/a>.<\/p>\n\n\n\n<h3 class=\"wp-block-heading\">Talaso\/Balneoterapia\/Spa<strong><\/strong><\/h3>\n\n\n\n<p>Disfruta de un momento de relax en el centro de Talasoterapia&nbsp;<a href=\"https:\/\/www.thalazur.fr\/arcachon\/thalasso\/\" target=\"_blank\" rel=\"noreferrer noopener\">Thalazur Arcach\u00f3n<\/a>, a&nbsp;<a href=\"https:\/\/www.domaineduferret.com\/\" target=\"_blank\" rel=\"noreferrer noopener\">Domaine du Ferret Balneo &amp; Spa<\/a>&nbsp;en L\u00e8ge-Cap Ferret o en un hotel balneario excepcional: el<a href=\"https:\/\/www.hotel-cotesable.com\/fr\/spa-clarins-cap-ferret.html\" target=\"_blank\" rel=\"noopener\">Sandy Side Hotel<\/a>&nbsp;en Cap Ferret, el<a href=\"https:\/\/www.hotelvilledhiver.com\/\" target=\"_blank\" rel=\"noreferrer noopener\">Hotel Ciudad de Invierno<\/a>&nbsp;o incluso el<a href=\"https:\/\/www.hotelvillalamartine.com\/\" target=\"_blank\" rel=\"noopener\">Hotel Villa Lamartine<\/a>&nbsp;en Arcach\u00f3n.<\/p>\n\n\n\n<h3 class=\"wp-block-heading\">Compras<strong><\/strong><\/h3>\n\n\n\n<p><strong>Canel\u00e9s<\/strong>&nbsp;de Guignard \/&nbsp;<strong>dunas blancas<\/strong>&nbsp;por Chez Pascal \/&nbsp;<strong>ostras de chocolate<\/strong>&nbsp;de P\u00e2tisserie Marquet o de Pierre Mirgalet \/&nbsp;<strong>Perfume Espuma Arcachon&nbsp;<\/strong>\/&nbsp;<strong>Casa Marelia&nbsp;<\/strong>en Andernos\u2026<\/p>\n\n\n\n<p>Las actividades propuestas en este programa se citan a modo de ejemplo. Descubre las actividades de Bassin por <a href=\"https:\/\/bassin-arcachon.com\/es\/descarga-nuestra-aplicacion\/\">descargando nuestra aplicaci\u00f3n m\u00f3vil!<\/a><\/p>\n<\/div>\n\n\n\n<div class=\"wp-block-uagb-container uagb-block-96db5550\"><\/div>\n<\/div><\/div>\n\n\n\n<div style=\"height:60px\" aria-hidden=\"true\" class=\"wp-block-spacer\"><\/div>","protected":false},"excerpt":{"rendered":"<p>Visite guid\u00e9e de la Ville d&rsquo;Hiver Rando dans le sable Croisi\u00e8re sur le Bassin D\u00e9gustations culinaires Golf et Thalasso Shopping Nous contacter mice@siba-bassin-arcachon.fr Programme social \/ accompagnant Visite guid\u00e9e de [&hellip;]<\/p>\n","protected":false},"author":12,"featured_media":47917,"parent":47639,"menu_order":0,"comment_status":"closed","ping_status":"closed","template":"","meta":{"_acf_changed":false,"_uag_custom_page_level_css":"","footnotes":""},"class_list":["post-47924","page","type-page","status-publish","has-post-thumbnail","hentry"],"acf":[],"uagb_featured_image_src":{"full":["https:\/\/bassin-arcachon.com\/wp-content\/uploads\/2020\/09\/shopping-arcachon.jpg",2000,1333,false],"thumbnail":["https:\/\/bassin-arcachon.com\/wp-content\/uploads\/2020\/09\/shopping-arcachon-150x150.jpg",150,150,true],"medium":["https:\/\/bassin-arcachon.com\/wp-content\/uploads\/2020\/09\/shopping-arcachon-600x400.jpg",600,400,true],"medium_large":["https:\/\/bassin-arcachon.com\/wp-content\/uploads\/2020\/09\/shopping-arcachon-768x512.jpg",768,512,true],"large":["https:\/\/bassin-arcachon.com\/wp-content\/uploads\/2020\/09\/shopping-arcachon-1024x682.jpg",1024,682,true],"1536x1536":["https:\/\/bassin-arcachon.com\/wp-content\/uploads\/2020\/09\/shopping-arcachon-1536x1024.jpg",1536,1024,true],"2048x2048":["https:\/\/bassin-arcachon.com\/wp-content\/uploads\/2020\/09\/shopping-arcachon.jpg",2000,1333,false],"trp-custom-language-flag":["https:\/\/bassin-arcachon.com\/wp-content\/uploads\/2020\/09\/shopping-arcachon-18x12.jpg",18,12,true]},"uagb_author_info":{"display_name":"Marine, habitante du Bassin d'Arcachon","author_link":"https:\/\/bassin-arcachon.com\/es\/author\/marinesiba\/"},"uagb_comment_info":0,"uagb_excerpt":"Visite guid\u00e9e de la Ville d&rsquo;Hiver Rando dans le sable Croisi\u00e8re sur le Bassin D\u00e9gustations culinaires Golf et Thalasso Shopping Nous contacter mice@siba-bassin-arcachon.fr Programme social \/ accompagnant Visite guid\u00e9e de [&hellip;]","_links":{"self":[{"href":"https:\/\/bassin-arcachon.com\/es\/wp-json\/wp\/v2\/pages\/47924","targetHints":{"allow":["GET"]}}],"collection":[{"href":"https:\/\/bassin-arcachon.com\/es\/wp-json\/wp\/v2\/pages"}],"about":[{"href":"https:\/\/bassin-arcachon.com\/es\/wp-json\/wp\/v2\/types\/page"}],"author":[{"embeddable":true,"href":"https:\/\/bassin-arcachon.com\/es\/wp-json\/wp\/v2\/users\/12"}],"replies":[{"embeddable":true,"href":"https:\/\/bassin-arcachon.com\/es\/wp-json\/wp\/v2\/comments?post=47924"}],"version-history":[{"count":0,"href":"https:\/\/bassin-arcachon.com\/es\/wp-json\/wp\/v2\/pages\/47924\/revisions"}],"up":[{"embeddable":true,"href":"https:\/\/bassin-arcachon.com\/es\/wp-json\/wp\/v2\/pages\/47639"}],"wp:featuredmedia":[{"embeddable":true,"href":"https:\/\/bassin-arcachon.com\/es\/wp-json\/wp\/v2\/media\/47917"}],"wp:attachment":[{"href":"https:\/\/bassin-arcachon.com\/es\/wp-json\/wp\/v2\/media?parent=47924"}],"curies":[{"name":"wp","href":"https:\/\/api.w.org\/{rel}","templated":true}]}}