{"id":48239,"date":"2020-10-21T12:20:30","date_gmt":"2020-10-21T10:20:30","guid":{"rendered":"https:\/\/bassin-arcachon.com\/\/?page_id=48239"},"modified":"2024-09-02T10:58:06","modified_gmt":"2024-09-02T08:58:06","slug":"sala-vip-arcachon-4","status":"publish","type":"page","link":"https:\/\/bassin-arcachon.com\/es\/seminaires-congres\/offres-codir\/salon-vip-arcachon-4\/","title":{"rendered":"Sala VIP de negocios de Arcach\u00f3n"},"content":{"rendered":"<div class=\"wp-block-uagb-container uagb-block-97a66069 alignfull uagb-is-root-container\"><div class=\"uagb-container-inner-blocks-wrap\">\n<div class=\"wp-block-uagb-container uagb-block-4f159a09\">\t\t\t\t\t<div\n\t\t\t\t\t\tclass=\"wp-block-uagb-image-gallery uagb-block-d19b0ff6\"\n\t\t\t\t\t\tstyle=\"\"\n\t\t\t\t\t>\n\t\t\t\t\t\t\t\t\t\t\t<div class=\"spectra-image-gallery spectra-image-gallery__layout--carousel\">\n\t\t\t\t\t\t\t\t<div class=\"uagb-slick-carousel uagb-block-d19b0ff6\">\n\t\t\t\t\t\t\t\t\t\t\t\t<div class='spectra-image-gallery__media-wrapper' data-spectra-gallery-image-id='34926'>\n\t\t\t\t\t\t\t<div class=\"spectra-image-gallery__media spectra-image-gallery__media--carousel\">\n\t\t\t\t<picture>\n\t\t\t\t\t<source media=\"(min-width: 1024px)\" srcset=\"https:\/\/bassin-arcachon.com\/wp-content\/uploads\/2019\/06\/Salle-Palais-des-congr\u00e8s-organisation-de-seminaire-et-congres-1024x683.jpg\">\n\t\t\t\t\t<source media=\"(min-width: 768px)\" srcset=\"https:\/\/bassin-arcachon.com\/wp-content\/uploads\/2019\/06\/Salle-Palais-des-congr\u00e8s-organisation-de-seminaire-et-congres-1024x683.jpg\">\n\t\t\t\t\t<img decoding=\"async\" class=\"spectra-image-gallery__media-thumbnail spectra-image-gallery__media-thumbnail--carousel\" src=\"https:\/\/bassin-arcachon.com\/wp-content\/uploads\/2019\/06\/Salle-Palais-des-congr\u00e8s-organisation-de-seminaire-et-congres-300x200.jpg\" alt=\"- - Bassin d&#039;Arcachon\" loading=\"lazy\" title=\"- - Bassin d&#039;Arcachon\">\n\t\t\t\t<\/picture>\n\t\t\t\t<div class=\"spectra-image-gallery__media-thumbnail-blurrer\"><\/div>\n\t\t\t\t\t\t\t\t\t\t\t<div class=\"spectra-image-gallery__media-thumbnail-caption-wrapper spectra-image-gallery__media-thumbnail-caption-wrapper--overlay\"><\/div>\n\t\t\t\t\t\t\t\t<\/div>\n\t\t\t\t\t\t<\/div>\n\t\t\t\t\t\t<div class='spectra-image-gallery__media-wrapper' data-spectra-gallery-image-id='48245'>\n\t\t\t\t\t\t\t<div class=\"spectra-image-gallery__media spectra-image-gallery__media--carousel\">\n\t\t\t\t<picture>\n\t\t\t\t\t<source media=\"(min-width: 1024px)\" srcset=\"https:\/\/bassin-arcachon.com\/wp-content\/uploads\/2020\/10\/palais-des-congr\u00e8s-darcachon-vue-mer-scaled-1024x683.jpg\">\n\t\t\t\t\t<source media=\"(min-width: 768px)\" srcset=\"https:\/\/bassin-arcachon.com\/wp-content\/uploads\/2020\/10\/palais-des-congr\u00e8s-darcachon-vue-mer-scaled-1024x683.jpg\">\n\t\t\t\t\t<img decoding=\"async\" class=\"spectra-image-gallery__media-thumbnail spectra-image-gallery__media-thumbnail--carousel\" src=\"https:\/\/bassin-arcachon.com\/wp-content\/uploads\/2020\/10\/palais-des-congr\u00e8s-darcachon-vue-mer-scaled-300x200.jpg\" alt=\"- - Bassin d&#039;Arcachon\" loading=\"lazy\" title=\"- - Bassin d&#039;Arcachon\">\n\t\t\t\t<\/picture>\n\t\t\t\t<div class=\"spectra-image-gallery__media-thumbnail-blurrer\"><\/div>\n\t\t\t\t\t\t\t\t\t\t\t<div class=\"spectra-image-gallery__media-thumbnail-caption-wrapper spectra-image-gallery__media-thumbnail-caption-wrapper--overlay\"><\/div>\n\t\t\t\t\t\t\t\t<\/div>\n\t\t\t\t\t\t<\/div>\n\t\t\t\t\t\t<div class='spectra-image-gallery__media-wrapper' data-spectra-gallery-image-id='47911'>\n\t\t\t\t\t\t\t<div class=\"spectra-image-gallery__media spectra-image-gallery__media--carousel\">\n\t\t\t\t<picture>\n\t\t\t\t\t<source media=\"(min-width: 1024px)\" srcset=\"https:\/\/bassin-arcachon.com\/wp-content\/uploads\/2020\/09\/Balade-en-pinasse-scaled-1024x683.jpg\">\n\t\t\t\t\t<source media=\"(min-width: 768px)\" srcset=\"https:\/\/bassin-arcachon.com\/wp-content\/uploads\/2020\/09\/Balade-en-pinasse-scaled-1024x683.jpg\">\n\t\t\t\t\t<img decoding=\"async\" class=\"spectra-image-gallery__media-thumbnail spectra-image-gallery__media-thumbnail--carousel\" src=\"https:\/\/bassin-arcachon.com\/wp-content\/uploads\/2020\/09\/Balade-en-pinasse-scaled-300x200.jpg\" alt=\"- - Bassin d&#039;Arcachon\" loading=\"lazy\" title=\"- - Bassin d&#039;Arcachon\">\n\t\t\t\t<\/picture>\n\t\t\t\t<div class=\"spectra-image-gallery__media-thumbnail-blurrer\"><\/div>\n\t\t\t\t\t\t\t\t\t\t\t<div class=\"spectra-image-gallery__media-thumbnail-caption-wrapper spectra-image-gallery__media-thumbnail-caption-wrapper--overlay\"><\/div>\n\t\t\t\t\t\t\t\t<\/div>\n\t\t\t\t\t\t<\/div>\n\t\t\t\t\t\t<div class='spectra-image-gallery__media-wrapper' data-spectra-gallery-image-id='22801'>\n\t\t\t\t\t\t\t<div class=\"spectra-image-gallery__media spectra-image-gallery__media--carousel\">\n\t\t\t\t<picture>\n\t\t\t\t\t<source media=\"(min-width: 1024px)\" srcset=\"https:\/\/bassin-arcachon.com\/wp-content\/uploads\/2018\/06\/cap-gourmand-siba-agence-les-conteurs-97-e1546597288272.jpg\">\n\t\t\t\t\t<source media=\"(min-width: 768px)\" srcset=\"https:\/\/bassin-arcachon.com\/wp-content\/uploads\/2018\/06\/cap-gourmand-siba-agence-les-conteurs-97-e1546597288272.jpg\">\n\t\t\t\t\t<img decoding=\"async\" class=\"spectra-image-gallery__media-thumbnail spectra-image-gallery__media-thumbnail--carousel\" src=\"https:\/\/bassin-arcachon.com\/wp-content\/uploads\/2018\/06\/cap-gourmand-siba-agence-les-conteurs-97-e1546597288272-300x200.jpg\" alt=\"Pueblo ostr\u00edcola de Mimbeau con Cap Gourmand a Bassin d&#039;Arcachon\" loading=\"lazy\" title=\"- - Bassin d&#039;Arcachon\">\n\t\t\t\t<\/picture>\n\t\t\t\t<div class=\"spectra-image-gallery__media-thumbnail-blurrer\"><\/div>\n\t\t\t\t\t\t\t\t\t\t\t<div class=\"spectra-image-gallery__media-thumbnail-caption-wrapper spectra-image-gallery__media-thumbnail-caption-wrapper--overlay\"><\/div>\n\t\t\t\t\t\t\t\t<\/div>\n\t\t\t\t\t\t<\/div>\n\t\t\t\t\t\t<div class='spectra-image-gallery__media-wrapper' data-spectra-gallery-image-id='24866'>\n\t\t\t\t\t\t\t<div class=\"spectra-image-gallery__media spectra-image-gallery__media--carousel\">\n\t\t\t\t<picture>\n\t\t\t\t\t<source media=\"(min-width: 1024px)\" srcset=\"https:\/\/bassin-arcachon.com\/wp-content\/uploads\/2018\/07\/d\u00e9guster-hu\u00eetres-arcachon-cap-ferret-e1546595398521.jpg\">\n\t\t\t\t\t<source media=\"(min-width: 768px)\" srcset=\"https:\/\/bassin-arcachon.com\/wp-content\/uploads\/2018\/07\/d\u00e9guster-hu\u00eetres-arcachon-cap-ferret-e1546595398521.jpg\">\n\t\t\t\t\t<img decoding=\"async\" class=\"spectra-image-gallery__media-thumbnail spectra-image-gallery__media-thumbnail--carousel\" src=\"https:\/\/bassin-arcachon.com\/wp-content\/uploads\/2018\/07\/d\u00e9guster-hu\u00eetres-arcachon-cap-ferret-e1546595398521-300x200.jpg\" alt=\"Degustaci\u00f3n de ostras en Cap Ferret en el Bassin d&#039;Arcachon\" loading=\"lazy\" title=\"- - Bassin d&#039;Arcachon\">\n\t\t\t\t<\/picture>\n\t\t\t\t<div class=\"spectra-image-gallery__media-thumbnail-blurrer\"><\/div>\n\t\t\t\t\t\t\t\t\t\t\t<div class=\"spectra-image-gallery__media-thumbnail-caption-wrapper spectra-image-gallery__media-thumbnail-caption-wrapper--overlay\"><\/div>\n\t\t\t\t\t\t\t\t<\/div>\n\t\t\t\t\t\t<\/div>\n\t\t\t\t\t\t<div class='spectra-image-gallery__media-wrapper' data-spectra-gallery-image-id='48250'>\n\t\t\t\t\t\t\t<div class=\"spectra-image-gallery__media spectra-image-gallery__media--carousel\">\n\t\t\t\t<picture>\n\t\t\t\t\t<source media=\"(min-width: 1024px)\" srcset=\"https:\/\/bassin-arcachon.com\/wp-content\/uploads\/2020\/10\/SALON-VIP-ARCACHON-1024x694.jpg\">\n\t\t\t\t\t<source media=\"(min-width: 768px)\" srcset=\"https:\/\/bassin-arcachon.com\/wp-content\/uploads\/2020\/10\/SALON-VIP-ARCACHON-1024x694.jpg\">\n\t\t\t\t\t<img decoding=\"async\" class=\"spectra-image-gallery__media-thumbnail spectra-image-gallery__media-thumbnail--carousel\" src=\"https:\/\/bassin-arcachon.com\/wp-content\/uploads\/2020\/10\/SALON-VIP-ARCACHON-300x203.jpg\" alt=\"- - Bassin d&#039;Arcachon\" loading=\"lazy\" title=\"- - Bassin d&#039;Arcachon\">\n\t\t\t\t<\/picture>\n\t\t\t\t<div class=\"spectra-image-gallery__media-thumbnail-blurrer\"><\/div>\n\t\t\t\t\t\t\t\t\t\t\t<div class=\"spectra-image-gallery__media-thumbnail-caption-wrapper spectra-image-gallery__media-thumbnail-caption-wrapper--overlay\"><\/div>\n\t\t\t\t\t\t\t\t<\/div>\n\t\t\t\t\t\t<\/div>\n\t\t\t\t\t\t<div class='spectra-image-gallery__media-wrapper' data-spectra-gallery-image-id='47953'>\n\t\t\t\t\t\t\t<div class=\"spectra-image-gallery__media spectra-image-gallery__media--carousel\">\n\t\t\t\t<picture>\n\t\t\t\t\t<source media=\"(min-width: 1024px)\" srcset=\"https:\/\/bassin-arcachon.com\/wp-content\/uploads\/2020\/09\/terrasses-du-port-arcachon-1024x684.jpg\">\n\t\t\t\t\t<source media=\"(min-width: 768px)\" srcset=\"https:\/\/bassin-arcachon.com\/wp-content\/uploads\/2020\/09\/terrasses-du-port-arcachon-1024x684.jpg\">\n\t\t\t\t\t<img decoding=\"async\" class=\"spectra-image-gallery__media-thumbnail spectra-image-gallery__media-thumbnail--carousel\" src=\"https:\/\/bassin-arcachon.com\/wp-content\/uploads\/2020\/09\/terrasses-du-port-arcachon-300x200.jpg\" alt=\"- - Bassin d&#039;Arcachon\" loading=\"lazy\" title=\"- - Bassin d&#039;Arcachon\">\n\t\t\t\t<\/picture>\n\t\t\t\t<div class=\"spectra-image-gallery__media-thumbnail-blurrer\"><\/div>\n\t\t\t\t\t\t\t\t\t\t\t<div class=\"spectra-image-gallery__media-thumbnail-caption-wrapper spectra-image-gallery__media-thumbnail-caption-wrapper--overlay\"><\/div>\n\t\t\t\t\t\t\t\t<\/div>\n\t\t\t\t\t\t<\/div>\n\t\t\t\t\t\t<div class='spectra-image-gallery__media-wrapper' data-spectra-gallery-image-id='9916'>\n\t\t\t\t\t\t\t<div class=\"spectra-image-gallery__media spectra-image-gallery__media--carousel\">\n\t\t\t\t<picture>\n\t\t\t\t\t<source media=\"(min-width: 1024px)\" srcset=\"https:\/\/bassin-arcachon.com\/wp-content\/uploads\/2017\/10\/ville-dhiver-1-compress\u00e9-1024x683.jpg\">\n\t\t\t\t\t<source media=\"(min-width: 768px)\" srcset=\"https:\/\/bassin-arcachon.com\/wp-content\/uploads\/2017\/10\/ville-dhiver-1-compress\u00e9-1024x683.jpg\">\n\t\t\t\t\t<img decoding=\"async\" class=\"spectra-image-gallery__media-thumbnail spectra-image-gallery__media-thumbnail--carousel\" src=\"https:\/\/bassin-arcachon.com\/wp-content\/uploads\/2017\/10\/ville-dhiver-1-compress\u00e9-300x200.jpg\" alt=\"- - Bassin d&#039;Arcachon\" loading=\"lazy\" title=\"- - Bassin d&#039;Arcachon\">\n\t\t\t\t<\/picture>\n\t\t\t\t<div class=\"spectra-image-gallery__media-thumbnail-blurrer\"><\/div>\n\t\t\t\t\t\t\t\t\t\t\t<div class=\"spectra-image-gallery__media-thumbnail-caption-wrapper spectra-image-gallery__media-thumbnail-caption-wrapper--overlay\"><\/div>\n\t\t\t\t\t\t\t\t<\/div>\n\t\t\t\t\t\t<\/div>\n\t\t\t\t\t\t\t\t\t\t\t<\/div>\n\t\t\t\t\t\t\t<\/div>\n\t\t\t\t\t\t\t\t\t\t\t<\/div>\n\t\t\t\t\t\t\t\t\t<\/div>\n\n\n\n<div class=\"wp-block-uagb-container uagb-block-ce13ea3a\">\n<div class=\"wp-block-uagb-container uagb-block-840ba42a\">\n<p class=\"has-white-color has-text-color\">Negocios con vistas<br><br>Espacio de 70 m\u00b2<br><br>Capacidad 19 personas<br><br>Sala VIP completamente equipada<br><br>Programa a medida<br><br>Servicios<br><br>Tarifas asequibles<\/p>\n<\/div>\n\n\n\n<div class=\"wp-block-uagb-container bloc_contact uagb-block-e4d02c2a\">\n<h4 class=\"wp-block-heading\">Cont\u00e1ctenos<\/h4>\n\n\n\n<p class=\"has-black-color has-text-color\"><a href=\"mailto:palaisdescongres@arcachon.com\">palaisdescongres@arcachon.com<\/a><\/p>\n<\/div>\n<\/div>\n<\/div><\/div>\n\n\n\n<div style=\"height:40px\" aria-hidden=\"true\" class=\"wp-block-spacer\"><\/div>\n\n\n\n<div class=\"wp-block-uagb-container uagb-block-d2bbc83b alignfull uagb-is-root-container\"><div class=\"uagb-container-inner-blocks-wrap\">\n<div class=\"wp-block-uagb-container uagb-block-e6ef3422\">\n<p>Ba\u00f1ado por la luz del Bassin de Arcachon con su gran ventanal que se abre al paseo mar\u00edtimo, este prestigioso sal\u00f3n de 70 m\u00b2 es el espacio ideal para albergar sus comit\u00e9s de direcci\u00f3n, sus ruedas de prensa, sus reuniones, los consejos de la administraci\u00f3n...<\/p>\n\n\n\n<p>Con una capacidad para 19 personas, esta sala cuenta con guardarropa, sus ba\u00f1os, una fuente de agua con y sin gas y una m\u00e1quina de caf\u00e9\/t\u00e9 disponible en todo momento.<\/p>\n\n\n\n<h3 class=\"wp-block-heading\">Programa sugerido<\/h3>\n\n\n\n<h3 class=\"wp-block-heading\">D\u00eda 1<strong><\/strong><\/h3>\n\n\n\n<ul class=\"wp-block-list\">\n<li>Llegada de los participantes por la ma\u00f1ana desde Par\u00eds en LGV (2h50 en conexiones diarias).<\/li>\n\n\n\n<li>Instalaci\u00f3n en&nbsp;<a href=\"https:\/\/fr.calameo.com\/read\/0000244211152a79deb84\" target=\"_blank\" rel=\"noreferrer noopener\">uno de los hoteles MICE<\/a>.<\/li>\n\n\n\n<li><strong>Almuerzo de especialidades locales.<\/strong>&nbsp;en uno de los restaurantes asociados situados en primera l\u00ednea de mar, en las inmediaciones del Palais des Congr\u00e8s.<\/li>\n\n\n\n<li><strong>Reuni\u00f3n de negocios en la Sala VIP<\/strong>, con vistas a la Arcachon Bassin, las Cabanes Tchanqu\u00e9es y la Ile aux Oiseaux.<\/li>\n\n\n\n<li>Coffee break detox con fruta y batido o&nbsp;<strong>pausa para el caf\u00e9 con arcachonesa<\/strong>&nbsp;con las famosas Dunas Blancas, con un momento de relax en el balc\u00f3n de la sala VIP.<\/li>\n\n\n\n<li>Al final del d\u00eda,&nbsp;<strong>salida en una pinaza<\/strong>&nbsp;(barco tradicional de Arcachon) para ver la puesta de sol, pasear por la Ile aux Oiseaux, con la posibilidad de degustar ostras a bordo o en una choza de ostras en Le Canon, un peque\u00f1o pueblo en la pen\u00ednsula de L\u00e8ge-Cap Ferret.<\/li>\n\n\n\n<li><strong>Cena en Cap Ferret<\/strong>&nbsp;en un restaurante frente a la Dune du Pilat.<\/li>\n\n\n\n<li>Regreso a Arcachon en barco y noche en&nbsp;<a href=\"https:\/\/fr.calameo.com\/read\/0000244211152a79deb84\" target=\"_blank\" rel=\"noreferrer noopener\">uno de los&nbsp;<strong>hoteles<\/strong>&nbsp;<strong>RATONES<\/strong>&nbsp;<\/a>.<\/li>\n<\/ul>\n\n\n\n<h3 class=\"wp-block-heading\">Dia 2<strong><\/strong><\/h3>\n\n\n\n<ul class=\"wp-block-list\">\n<li>desayuno buffet en&nbsp;<a href=\"https:\/\/fr.calameo.com\/read\/0000244211152a79deb84\" target=\"_blank\" rel=\"noreferrer noopener\">uno de los hoteles MICE<\/a>.<\/li>\n\n\n\n<li><strong>Reuni\u00f3n de negocios en la Sala VIP<\/strong>.<\/li>\n\n\n\n<li><strong>Pausa para el caf\u00e9 con ostras<\/strong>&nbsp;compuesto por ostras Banc d&#039;Arguin o Grand Banc y una copa de vino blanco Entre deux Mers.<\/li>\n\n\n\n<li><strong>Comida<\/strong>&nbsp;en el puerto de Arcach\u00f3n,&nbsp;<strong>en una azotea&nbsp;<\/strong>con vistas al puerto, a los criaderos de ostras ya las playas de Arcachon.<\/li>\n\n\n\n<li>Tarde dedicada a un&nbsp;<strong>visita guiada con un gu\u00eda de la Ville d&#039;Hiver<\/strong>, barrio hist\u00f3rico de Arcachon, a pie o en bicicleta el\u00e9ctrica.<\/li>\n\n\n\n<li>Salida de los participantes al final del d\u00eda.<\/li>\n<\/ul>\n\n\n\n<p>Las actividades unificadoras que se ofrecen en este programa se citan como ejemplos. Descubre el&nbsp;<a href=\"https:\/\/fr.calameo.com\/read\/000024421f9dbe748c813\" target=\"_blank\" rel=\"noreferrer noopener\">agencias entrantes en la gu\u00eda del organizador Arcachon Bassin haciendo clic aqu\u00ed<\/a>.<\/p>\n\n\n\n<p>M\u00e1s informaci\u00f3n :&nbsp;<a href=\"https:\/\/www.arcachon.com\/palais-des-congres\/\" target=\"_blank\" rel=\"noreferrer noopener\">www.arcachon.com\/palais-des-congres\/<\/a><\/p>\n<\/div>\n\n\n\n<div class=\"wp-block-uagb-container uagb-block-0e5e02d9\"><\/div>\n<\/div><\/div>\n\n\n\n<div style=\"height:60px\" aria-hidden=\"true\" class=\"wp-block-spacer\"><\/div>","protected":false},"excerpt":{"rendered":"<p>Business avec vue Espace de 70 m\u00b2 Capacit\u00e9 19 personnes Salon VIP tout \u00e9quip\u00e9 Programme sur-mesure Services Tarifs abordables Nous contacter palaisdescongres@arcachon.com Baign\u00e9e par la lumi\u00e8re du Bassin d\u2019Arcachon avec [&hellip;]<\/p>\n","protected":false},"author":12,"featured_media":58947,"parent":47887,"menu_order":0,"comment_status":"closed","ping_status":"closed","template":"","meta":{"_acf_changed":false,"_uag_custom_page_level_css":".bloc_contact {overflow-wrap: break-word; word-break: break-all;}","footnotes":""},"class_list":["post-48239","page","type-page","status-publish","has-post-thumbnail","hentry"],"acf":[],"uagb_featured_image_src":{"full":["https:\/\/bassin-arcachon.com\/wp-content\/uploads\/2024\/08\/Salon-VIP-PDC-reunion-strom-studio-scaled.png",2560,1707,false],"thumbnail":["https:\/\/bassin-arcachon.com\/wp-content\/uploads\/2024\/08\/Salon-VIP-PDC-reunion-strom-studio-150x150.png",150,150,true],"medium":["https:\/\/bassin-arcachon.com\/wp-content\/uploads\/2024\/08\/Salon-VIP-PDC-reunion-strom-studio-600x400.png",600,400,true],"medium_large":["https:\/\/bassin-arcachon.com\/wp-content\/uploads\/2024\/08\/Salon-VIP-PDC-reunion-strom-studio-768x512.png",768,512,true],"large":["https:\/\/bassin-arcachon.com\/wp-content\/uploads\/2024\/08\/Salon-VIP-PDC-reunion-strom-studio-1024x683.png",1024,683,true],"1536x1536":["https:\/\/bassin-arcachon.com\/wp-content\/uploads\/2024\/08\/Salon-VIP-PDC-reunion-strom-studio-1536x1024.png",1536,1024,true],"2048x2048":["https:\/\/bassin-arcachon.com\/wp-content\/uploads\/2024\/08\/Salon-VIP-PDC-reunion-strom-studio-2048x1365.png",2048,1365,true],"trp-custom-language-flag":["https:\/\/bassin-arcachon.com\/wp-content\/uploads\/2024\/08\/Salon-VIP-PDC-reunion-strom-studio-18x12.png",18,12,true]},"uagb_author_info":{"display_name":"Marine, habitante du Bassin d'Arcachon","author_link":"https:\/\/bassin-arcachon.com\/es\/author\/marinesiba\/"},"uagb_comment_info":0,"uagb_excerpt":"Business avec vue Espace de 70 m\u00b2 Capacit\u00e9 19 personnes Salon VIP tout \u00e9quip\u00e9 Programme sur-mesure Services Tarifs abordables Nous contacter palaisdescongres@arcachon.com Baign\u00e9e par la lumi\u00e8re du Bassin d\u2019Arcachon avec [&hellip;]","_links":{"self":[{"href":"https:\/\/bassin-arcachon.com\/es\/wp-json\/wp\/v2\/pages\/48239","targetHints":{"allow":["GET"]}}],"collection":[{"href":"https:\/\/bassin-arcachon.com\/es\/wp-json\/wp\/v2\/pages"}],"about":[{"href":"https:\/\/bassin-arcachon.com\/es\/wp-json\/wp\/v2\/types\/page"}],"author":[{"embeddable":true,"href":"https:\/\/bassin-arcachon.com\/es\/wp-json\/wp\/v2\/users\/12"}],"replies":[{"embeddable":true,"href":"https:\/\/bassin-arcachon.com\/es\/wp-json\/wp\/v2\/comments?post=48239"}],"version-history":[{"count":0,"href":"https:\/\/bassin-arcachon.com\/es\/wp-json\/wp\/v2\/pages\/48239\/revisions"}],"up":[{"embeddable":true,"href":"https:\/\/bassin-arcachon.com\/es\/wp-json\/wp\/v2\/pages\/47887"}],"wp:featuredmedia":[{"embeddable":true,"href":"https:\/\/bassin-arcachon.com\/es\/wp-json\/wp\/v2\/media\/58947"}],"wp:attachment":[{"href":"https:\/\/bassin-arcachon.com\/es\/wp-json\/wp\/v2\/media?parent=48239"}],"curies":[{"name":"wp","href":"https:\/\/api.w.org\/{rel}","templated":true}]}}