{"id":51968,"date":"2022-10-24T18:06:57","date_gmt":"2022-10-24T16:06:57","guid":{"rendered":"https:\/\/bassin-arcachon.com\/\/?page_id=51968"},"modified":"2023-02-02T15:50:58","modified_gmt":"2023-02-02T14:50:58","slug":"politica-de-confidencialidad","status":"publish","type":"page","link":"https:\/\/bassin-arcachon.com\/es\/politique-de-confidentialite\/","title":{"rendered":"Confidencialidad"},"content":{"rendered":"<div class=\"wp-block-uagb-container uagb-block-095e0448 alignfull uagb-is-root-container\"><div class=\"uagb-container-inner-blocks-wrap\">\n<h2 class=\"wp-block-heading\">Conjunto de datos<\/h2>\n\n\n\n<p>La informaci\u00f3n personal que se puede recopilar en el sitio y la aplicaci\u00f3n es utilizada principalmente por el editor para la gesti\u00f3n de las relaciones con el usuario del sitio\/aplicaci\u00f3n y, si es necesario, para el procesamiento de solicitudes de folletos. Se registran en el archivo de clientes del editor y el archivo as\u00ed creado a partir de datos personales se declara a la CNIL.<\/p>\n\n\n\n<p>De conformidad con las disposiciones de la ley n \u00b0 78-17 del 6 de enero de 1978 modificada, relativa al procesamiento de datos, archivos y libertades, usted tiene un derecho de acceso, consulta, modificaci\u00f3n y supresi\u00f3n de la informaci\u00f3n que le concierne, para ser ejercido en cualquier momento con el editor, ya sea por correo postal a la siguiente direcci\u00f3n: SIBA, 16 all\u00e9e corrigan, 33120 Arcachon; ya sea por correo electr\u00f3nico a la siguiente direcci\u00f3n: tourisme@siba-bassin-arcachon.fr<\/p>\n\n\n\n<p>Por razones de seguridad y para evitar cualquier solicitud fraudulenta, esta solicitud debe ir acompa\u00f1ada de una prueba de identidad. Despu\u00e9s de procesar la solicitud, esta prueba ser\u00e1 destruida. El editor debe mantener los contactos eliminados en una base de datos de exclusi\u00f3n para no volver a solicitarlos en el futuro, poder justificar este procesamiento y cumplir con la normativa.<\/p>\n\n\n\n<p>La informaci\u00f3n recopilada podr\u00e1 eventualmente ser comunicada a terceros vinculados al editor por contrato para la ejecuci\u00f3n de tareas subcontratadas necesarias para la gesti\u00f3n de su cuenta y sin que usted tenga que dar su autorizaci\u00f3n. En caso de incumplimiento comprobado de las disposiciones legales o reglamentarias, esta informaci\u00f3n podr\u00e1 ser revelada a solicitud expresa y motivada de las autoridades judiciales.<\/p>\n\n\n\n<p>Cuando cierta informaci\u00f3n sea obligatoria para acceder a caracter\u00edsticas espec\u00edficas del sitio, el editor indicar\u00e1 este car\u00e1cter obligatorio al ingresar los datos.<\/p>\n\n\n\n<p>Es probable que reciba boletines informativos y comerciales de la editorial (un bolet\u00edn por temporada y durante los principales eventos municipales). Si no lo desea, no marque la casilla \u201cAcepto recibir informaci\u00f3n comercial del Syndicat Intercommunal du Bassin d&#039;Arcachon. Puedo en cualquier momento renunciar a esta autorizaci\u00f3n por simple correo electr\u00f3nico dirigido a tourisme@siba-bassin-arcachon.fr&quot; que se encuentra en la parte inferior del formulario de solicitud de folletos tur\u00edsticos, y por favor no complete el inserto presente en ciertas p\u00e1ginas de el sitio web que le ofrece recibir el bolet\u00edn Arcachon Bassin, indicando su apellido y nombre, as\u00ed como su correo electr\u00f3nico. Aqu\u00ed hay un ejemplo donde el inserto est\u00e1 presente en la parte inferior de la p\u00e1gina: <a href=\"https:\/\/bassin-arcachon.com\/es\/agenda-salidas-mercados\/\">https:\/\/bassin-arcachon.com\/agenda-sorties-marches\/<\/a><\/p>\n\n\n\n<p>Si, lors de la consultation du site, l&#039;utilisateur acc\u00e8de \u00e0 des donn\u00e9es \u00e0 caract\u00e8re personnel, il doit s&#039;abstenir de toute collecte, de toute utilisation non autoris\u00e9e et de tout acte pouvant constituer une atteinte \u00e0 la vie priv\u00e9e ou \u00e0 la r\u00e9putation personas. El editor declina toda responsabilidad al respecto.<\/p>\n\n\n\n<p>El editor se compromete a eliminar los datos personales de las personas que hayan estado inactivas durante 3 a\u00f1os de la base de datos del sitio. <a href=\"https:\/\/bassin-arcachon.com\/es\/\">www.bassin-arcachon.com<\/a> y situarlos en la base de exclusi\u00f3n que permita justificar este tratamiento.<\/p>\n\n\n\n<h4 class=\"wp-block-heading\">Datos personales<\/h4>\n\n\n\n<p>El sitio que est\u00e1 visitando utiliza rastreadores (cookies). Por lo tanto, es probable que el sitio acceda a informaci\u00f3n ya almacenada en su equipo terminal de comunicaciones electr\u00f3nicas e ingrese informaci\u00f3n all\u00ed.<\/p>\n\n\n\n<h4 class=\"wp-block-heading\">\u00bfQu\u00e9 es una galleta?<\/h4>\n\n\n\n<p>Una cookie es un peque\u00f1o archivo de texto que contiene diversa informaci\u00f3n. Se almacena en la memoria de su terminal (ordenador, tableta, tel\u00e9fono inteligente, etc.) por el servidor del sitio web visitado o por un servidor de terceros (servicio de an\u00e1lisis web, etc.). Permitir\u00e1, durante el periodo de vigencia o registro de la cookie, identificar su terminal en sus pr\u00f3ximas visitas. Tambi\u00e9n se puede solicitar a empresas de terceros, sujeto a sus elecciones, que coloquen cookies en su computadora (por ejemplo, Google Analytics, Facebook, etc.). Independientemente del tipo de cookie, solo el emisor de una cookie puede leer o modificar la informaci\u00f3n contenida en el mismo.<\/p>\n\n\n\n<h4 class=\"wp-block-heading\">Los diferentes tipos de cookies que utiliza www.bassin-arcachon.com<\/h4>\n\n\n\n<p>El sitio solo utiliza los llamados rastreadores &quot;estrictamente necesarios&quot;, que no requieren su consentimiento previo.<\/p>\n\n\n\n<p><strong>-Galletas esenciales<\/strong> : Son esenciales para el correcto funcionamiento del sitio porque le permiten acceder a \u00e1reas como &quot;Mi diario de viaje&quot; gracias a los datos almacenados durante su sesi\u00f3n de navegaci\u00f3n. Nos permiten memorizar informaci\u00f3n relacionada con los formularios que es probable que complete en nuestro sitio y adaptar la presentaci\u00f3n de nuestro sitio a las preferencias de visualizaci\u00f3n de su terminal. Sin estas cookies, no podr\u00eda utilizar nuestro sitio en condiciones normales.<\/p>\n\n\n\n<p><strong>- Cookies anal\u00edticas o de rendimiento<\/strong> : Estas cookies desnudas permiten conocer el uso y el rendimiento de nuestro sitio y mejorar su funcionamiento. En concreto, miden tus datos de navegaci\u00f3n (volumen de visitas, secciones y contenidos visitados, etc.). Estas cookies son esenciales porque nos permiten mejorar el inter\u00e9s y la ergonom\u00eda de nuestros servicios e incluso detectar problemas de navegaci\u00f3n.<\/p>\n\n\n\n<p><strong>-Cookies de redes sociales<\/strong> : Algunas p\u00e1ginas de nuestro sitio tienen complementos de terceros, que le permiten compartir contenido de nuestro sitio con otros. Este es el caso de botones de redes sociales como Facebook, Twitter, Pinterest o Google+. No tenemos control sobre el proceso utilizado por las redes sociales para recopilar informaci\u00f3n relacionada con su navegaci\u00f3n en nuestro sitio. Si eres miembro de una de estas redes, te invitamos a consultar las pol\u00edticas de protecci\u00f3n de la privacidad de estas redes sociales para conocer las finalidades de uso, en particular publicitarias, de la informaci\u00f3n de navegaci\u00f3n que pueden recopilar a trav\u00e9s de estos botones de aplicaci\u00f3n. .<\/p>\n\n\n\n<h4 class=\"wp-block-heading\">Aceptar o rechazar las cookies<\/h4>\n\n\n\n<p>Estos rastreadores no pueden, t\u00e9cnicamente, ser desactivados del sitio. No obstante, puede oponerse al uso de estos rastreadores, exclusivamente mediante la configuraci\u00f3n de su navegador. Esta configuraci\u00f3n depende del navegador que est\u00e9 utilizando, pero generalmente es simple de realizar: en principio, puede activar una funci\u00f3n de navegaci\u00f3n privada o solo prohibir o restringir los rastreadores (cookies). Tenga en cuenta que es posible que los rastreadores se hayan guardado en su dispositivo antes de configurar su navegador: en este caso, elimine su historial de navegaci\u00f3n, siempre usando la configuraci\u00f3n de su navegador.<\/p>\n\n\n\n<p>Nota importante: Le recordamos que la configuraci\u00f3n de su navegador en t\u00e9rminos de cookies puede modificar sus condiciones de acceso a nuestros servicios. Si su navegador est\u00e1 configurado para rechazar todas las cookies, ya no podr\u00e1 beneficiarse plenamente de todos nuestros servicios.<\/p>\n\n\n\n<p>En este caso, no podemos responsabilizarnos en caso de funcionamiento degradado del sitio y sus servicios como resultado de la imposibilidad de registrar o consultar las cookies necesarias para este funcionamiento y que usted habr\u00eda rechazado o eliminado.<\/p>\n\n\n\n<h4 class=\"wp-block-heading\">Configuraci\u00f3n de su navegador<\/h4>\n\n\n\n<p>La configuraci\u00f3n de la gesti\u00f3n de cookies depende de cada navegador. Aqu\u00ed hay herramientas de ayuda en l\u00ednea para configurarlos:<\/p>\n\n\n\n<p>- Explorador de Internet: <a href=\"https:\/\/support.microsoft.com\/fr-fr\/help\/17442\/windows-internet-explorer-delete-manage-cookies#ie=ie-11\" target=\"_blank\" rel=\"noopener\">https:\/\/support.microsoft.com\/fr-fr\/help\/17442\/windows-internet-explorer-delete-manage-cookies#ie=ie-11<\/a><\/p>\n\n\n\n<p>-Safari: <a href=\"https:\/\/support.apple.com\/fr-fr\/HT201265\" target=\"_blank\" rel=\"noopener\">https:\/\/support.apple.com\/fr-fr\/HT201265<\/a><\/p>\n\n\n\n<p>-Cromo: <a href=\"https:\/\/support.google.com\/chrome\/answer\/95647?hl=fr&amp;hlrm=en\" target=\"_blank\" rel=\"noopener\">https:\/\/support.google.com\/chrome\/answer\/95647?hl=fr&amp;hlrm=en<\/a><\/p>\n\n\n\n<p>-Firefox: <a href=\"https:\/\/support.mozilla.org\/fr\/kb\/activer-desactiver-cookies?redirectlocale=fr&amp;redirectslug=Activer+et+d%C3%A9sactiver+les+cookies\" target=\"_blank\" rel=\"noopener\">https:\/\/support.mozilla.org\/fr\/kb\/activer-desactiver-cookies?redirectlocale=fr&amp;redirectslug=Activer+et+d%C3%A9sactiver+les+cookies<\/a><\/p>\n\n\n\n<p>-\u00d3pera: <a href=\"http:\/\/help.opera.com\/Windows\/10.20\/fr\/cookies.html\" target=\"_blank\" rel=\"noopener\">http:\/\/help.opera.com\/Windows\/10.20\/fr\/cookies.html<\/a><\/p>\n\n\n\n<h4 class=\"wp-block-heading\">M\u00e1s informaci\u00f3n sobre las cookies<\/h4>\n\n\n\n<p>El uso de rastreadores se rige por el art\u00edculo 32 II de la Ley n.\u00ba 78-17, de 6 de enero de 1978, por la que se transpone el art\u00edculo 5.3 de la Directiva 2002\/58\/CE del Parlamento Europeo y del Consejo, de 12 de julio de 2002, modificada por la Directiva 2009\/136\/CE.<\/p>\n\n\n\n<p>Encuentre m\u00e1s informaci\u00f3n sobre el uso de cookies en el sitio web de la CNIL: <a href=\"https:\/\/www.cnil.fr\/fr\/cookies-les-outils-pour-les-maitriser\" target=\"_blank\" rel=\"noopener\">https:\/\/www.cnil.fr\/fr\/cookies-les-outils-pour-les-maitriser<\/a><\/p>\n\n\n\n<h2 class=\"wp-block-heading\">Aplicaci\u00f3n m\u00f3vil Arcachon Bassin<\/h2>\n\n\n\n<ul class=\"wp-block-list\">\n<li>Sin recogida de datos personales<\/li>\n\n\n\n<li>No galletas<\/li>\n\n\n\n<li>Uso de datos de ubicaci\u00f3n en ciertas funcionalidades (ordenar por distancia por ejemplo)<\/li>\n\n\n\n<li>Recopilaci\u00f3n de estad\u00edsticas de uso (en modo an\u00f3nimo a trav\u00e9s de Google Analytics)<\/li>\n<\/ul>\n\n\n\n\n    <h3>\n        Por favor identificado por correo electr\u00f3nico    <\/h3>\n    <form action=\"\">\n        <label for=\"gdpr_email\">Escribe tu direcci\u00f3n de correo electr\u00f3nico<\/label>\n        <input type=\"hidden\" name=\"gdpr_action\" value=\"identify\" \/>\n        <input type=\"hidden\" name=\"gdpr_nonce\" value=\"12e750ee83\" \/>\n        <input type=\"email\" id=\"gdpr_email\" name=\"email\" placeholder=\"Escribe tu direcci\u00f3n de correo electr\u00f3nico\" \/>\n        \n        <input type=\"submit\" value=\"enviar el correo electr\u00f3nico\" id=\"gdpr-submit\"\/>\n    <input type=\"hidden\" name=\"trp-form-language\" value=\"es\"\/><\/form>\n\n\n\n<\/div><\/div>","protected":false},"excerpt":{"rendered":"<p>Collecte des donn\u00e9es Les informations personnelles pouvant \u00eatre recueillies sur le site et l\u2019application sont principalement utilis\u00e9es par l\u2019\u00e9diteur pour la gestion des relations avec l\u2019utilisateur du site\/application, et le [&hellip;]<\/p>\n","protected":false},"author":300,"featured_media":51818,"parent":0,"menu_order":30,"comment_status":"closed","ping_status":"closed","template":"","meta":{"_acf_changed":false,"_uag_custom_page_level_css":"","footnotes":""},"class_list":["post-51968","page","type-page","status-publish","has-post-thumbnail","hentry"],"acf":[],"uagb_featured_image_src":{"full":["https:\/\/bassin-arcachon.com\/wp-content\/uploads\/2022\/10\/bassin-arcachon.com-44884254390328670.jpeg",1000,750,false],"thumbnail":["https:\/\/bassin-arcachon.com\/wp-content\/uploads\/2022\/10\/bassin-arcachon.com-44884254390328670-150x150.jpeg",150,150,true],"medium":["https:\/\/bassin-arcachon.com\/wp-content\/uploads\/2022\/10\/bassin-arcachon.com-44884254390328670-600x450.jpeg",600,450,true],"medium_large":["https:\/\/bassin-arcachon.com\/wp-content\/uploads\/2022\/10\/bassin-arcachon.com-44884254390328670-768x576.jpeg",768,576,true],"large":["https:\/\/bassin-arcachon.com\/wp-content\/uploads\/2022\/10\/bassin-arcachon.com-44884254390328670.jpeg",1000,750,false],"1536x1536":["https:\/\/bassin-arcachon.com\/wp-content\/uploads\/2022\/10\/bassin-arcachon.com-44884254390328670.jpeg",1000,750,false],"2048x2048":["https:\/\/bassin-arcachon.com\/wp-content\/uploads\/2022\/10\/bassin-arcachon.com-44884254390328670.jpeg",1000,750,false],"trp-custom-language-flag":["https:\/\/bassin-arcachon.com\/wp-content\/uploads\/2022\/10\/bassin-arcachon.com-44884254390328670-16x12.jpeg",16,12,true]},"uagb_author_info":{"display_name":"dfuzionadmin","author_link":"https:\/\/bassin-arcachon.com\/es\/author\/dfuzionadmin\/"},"uagb_comment_info":0,"uagb_excerpt":"Collecte des donn\u00e9es Les informations personnelles pouvant \u00eatre recueillies sur le site et l\u2019application sont principalement utilis\u00e9es par l\u2019\u00e9diteur pour la gestion des relations avec l\u2019utilisateur du site\/application, et le [&hellip;]","_links":{"self":[{"href":"https:\/\/bassin-arcachon.com\/es\/wp-json\/wp\/v2\/pages\/51968","targetHints":{"allow":["GET"]}}],"collection":[{"href":"https:\/\/bassin-arcachon.com\/es\/wp-json\/wp\/v2\/pages"}],"about":[{"href":"https:\/\/bassin-arcachon.com\/es\/wp-json\/wp\/v2\/types\/page"}],"author":[{"embeddable":true,"href":"https:\/\/bassin-arcachon.com\/es\/wp-json\/wp\/v2\/users\/300"}],"replies":[{"embeddable":true,"href":"https:\/\/bassin-arcachon.com\/es\/wp-json\/wp\/v2\/comments?post=51968"}],"version-history":[{"count":0,"href":"https:\/\/bassin-arcachon.com\/es\/wp-json\/wp\/v2\/pages\/51968\/revisions"}],"wp:featuredmedia":[{"embeddable":true,"href":"https:\/\/bassin-arcachon.com\/es\/wp-json\/wp\/v2\/media\/51818"}],"wp:attachment":[{"href":"https:\/\/bassin-arcachon.com\/es\/wp-json\/wp\/v2\/media?parent=51968"}],"curies":[{"name":"wp","href":"https:\/\/api.w.org\/{rel}","templated":true}]}}