{"id":61,"date":"2017-02-06T14:55:29","date_gmt":"2017-02-06T13:55:29","guid":{"rendered":"https:\/\/bassin-arcachon.com\/\/?page_id=61"},"modified":"2024-08-27T08:58:29","modified_gmt":"2024-08-27T06:58:29","slug":"trafico-rodado","status":"publish","type":"page","link":"https:\/\/bassin-arcachon.com\/es\/trafic-routier\/","title":{"rendered":"Tr\u00e1fico en la carretera"},"content":{"rendered":"<div style=\"height:40px\" aria-hidden=\"true\" class=\"wp-block-spacer\"><\/div>\n\n\n\n<div class=\"wp-block-uagb-container uagb-block-9575ed3f alignfull uagb-is-root-container\"><div class=\"uagb-container-inner-blocks-wrap\">\n<h2 class=\"wp-block-heading\">\u00a1El estado del tr\u00e1fico rodado en el Bassin de Arcachon en tiempo real!<\/h2>\n\n\n\n<p>\u00bfCu\u00e1les son las condiciones del tr\u00e1fico? Siga las condiciones de la carretera en vivo para preparar mejor su visita o su d\u00eda en el Bassin. Si hay atascos, tome la <a href=\"https:\/\/www.ter.sncf.com\/nouvelle-aquitaine\" target=\"_blank\" rel=\"noreferrer noopener\">tren TER AQUITANIA<\/a>, el <a href=\"https:\/\/bassin-arcachon.com\/es\/bahia-en-bicicleta\/\">bicicleta<\/a>, a ellos <a href=\"https:\/\/bateliers-arcachon.com\/navettes\/\" target=\"_blank\" rel=\"noreferrer noopener\">Lanzaderas mar\u00edtimas UBA<\/a> O <a href=\"https:\/\/passemaree.fr\/bateau-andernos-arcachon-cap-ferret\/\" target=\"_blank\" rel=\"noreferrer noopener\">paso de marea<\/a> o incluso un <a href=\"https:\/\/www.calameo.com\/read\/000024421aa7e5a3e7faf\" data-type=\"link\" data-id=\"https:\/\/www.calameo.com\/read\/000024421aa7e5a3e7faf\" target=\"_blank\" rel=\"noopener\">taxi acu\u00e1tico<\/a> para cruzar el Bassin!<\/p>\n<\/div><\/div>\n\n\n\n<div style=\"height:40px\" aria-hidden=\"true\" class=\"wp-block-spacer\"><\/div>\n\n\n\n<div style=\"height:0px\" aria-hidden=\"true\" class=\"wp-block-spacer\"><\/div>\n\n\n\n<div class=\"wp-block-uagb-container cartetrafic uagb-block-5fb5bb5d alignfull uagb-is-root-container\"><div class=\"uagb-container-inner-blocks-wrap\"><\/div><\/div>\n\n\n\n<div class=\"wp-block-uagb-container uagb-block-45e2b883 alignfull uagb-is-root-container\"><div class=\"uagb-container-inner-blocks-wrap\">\n<div class=\"wp-block-uagb-container uagb-block-3e5b2969\">\n<h3 class=\"wp-block-heading\">Antes de venir a la Duna del Pilat, consulta el aparcamiento en tiempo real.<\/h3>\n\n\n\n<h3 class=\"wp-block-heading\">\u00a1Considere compartir el autom\u00f3vil!<\/h3>\n\n\n\n<p>Desde <a href=\"https:\/\/mobibarval.fr\/fr\/covoiturage-et-autopartage\" target=\"_blank\" rel=\"noreferrer noopener\">aplicaciones <\/a>conecta a conductores y pasajeros que desean compartir un viaje.<\/p>\n\n\n\n<div class=\"wp-block-buttons is-layout-flex wp-block-buttons-is-layout-flex\">\n<div class=\"wp-block-button\"><a class=\"wp-block-button__link wp-element-button\" href=\"https:\/\/mobibarval.fr\/uploads\/file\/liste-18-aires-reactualisee-au-200324-65fb03bd113aa276716419.pdf\" target=\"_blank\" rel=\"noreferrer noopener\">Encuentra una zona de coche compartido en la Bassin<\/a><\/div>\n<\/div>\n<\/div>\n\n\n\n<div class=\"wp-block-uagb-container uagb-block-fdbd8ddc\">\n<iframe loading=\"lazy\" width=\"100%\" height=\"100%\" src=\"https:\/\/bassin-arcachon.com\/parking\/?lang=fr\" '=\"\" data-dashlane-frameid=\"2065\"><\/iframe>\n<\/div>\n<\/div><\/div>\n\n\n\n<div style=\"height:40px\" aria-hidden=\"true\" class=\"wp-block-spacer\"><\/div>\n\n\n\n<div class=\"wp-block-uagb-container uagb-block-b91957fe alignfull uagb-is-root-container\">\n<div class=\"wp-block-cover is-light has-parallax\"><span aria-hidden=\"true\" class=\"wp-block-cover__background has-background-dim-0 has-background-dim\"><\/span><div class=\"wp-block-cover__image-background wp-image-2502 has-parallax\" style=\"background-position:50% 50%;background-image:url(https:\/\/bassin-arcachon.com\/wp-content\/uploads\/2017\/04\/navettes-maritimes-bassin-arcachon-section.jpg)\"><\/div><div class=\"wp-block-cover__inner-container is-layout-flow wp-block-cover-is-layout-flow\">\n<div class=\"wp-block-uagb-container uagb-block-14aae3dd\">\n<h2 class=\"wp-block-heading has-text-align-center has-white-color has-text-color has-large-font-size\">Consulta los horarios de las lanzaderas mar\u00edtimas<\/h2>\n\n\n\n<p class=\"has-text-align-center has-white-color has-text-color\"><a href=\"https:\/\/bateliers-arcachon.com\/navettes\/\" target=\"_blank\" rel=\"noopener\">UBA<\/a> \/ <a href=\"https:\/\/passemaree.fr\/bateau-andernos-arcachon-cap-ferret\/\" target=\"_blank\" rel=\"noopener\">paso de marea<\/a><\/p>\n<\/div>\n<\/div><\/div>\n<\/div>\n\n\n\n<div style=\"height:40px\" aria-hidden=\"true\" class=\"wp-block-spacer\"><\/div>\n\n\n\n<div class=\"wp-block-uagb-container uagb-block-10a5944a alignfull uagb-is-root-container\"><div class=\"uagb-container-inner-blocks-wrap\">\n<div class=\"wp-block-buttons is-content-justification-center is-layout-flex wp-container-core-buttons-is-layout-16018d1d wp-block-buttons-is-layout-flex\">\n<div class=\"wp-block-button\"><a class=\"wp-block-button__link wp-element-button\" href=\"https:\/\/www.calameo.com\/read\/000024421aa7e5a3e7faf\" target=\"_blank\" rel=\"noopener\">Llama un taxi<\/a><\/div>\n\n\n\n<div class=\"wp-block-button\"><a class=\"wp-block-button__link wp-element-button\" href=\"https:\/\/www.calameo.com\/read\/000024421aa7e5a3e7faf\" target=\"_blank\" rel=\"noopener\">Llama a un taxi acu\u00e1tico<\/a><\/div>\n<\/div>\n<\/div><\/div>","protected":false},"excerpt":{"rendered":"<p>L\u2019\u00e9tat du trafic routier sur le Bassin d\u2019Arcachon en temps r\u00e9el ! Quelles sont les conditions de circulation ? Suivez en direct l\u2019\u00e9tat des routes pour pr\u00e9parer au mieux votre [&hellip;]<\/p>\n","protected":false},"author":25,"featured_media":24070,"parent":0,"menu_order":68,"comment_status":"closed","ping_status":"closed","template":"page-templates\/page-traficroutier.php","meta":{"_acf_changed":false,"_uag_custom_page_level_css":"","footnotes":""},"class_list":["post-61","page","type-page","status-publish","has-post-thumbnail","hentry"],"acf":[],"uagb_featured_image_src":{"full":["https:\/\/bassin-arcachon.com\/wp-content\/uploads\/2017\/02\/parking-dune-du-pilat.jpg",1000,664,false],"thumbnail":["https:\/\/bassin-arcachon.com\/wp-content\/uploads\/2017\/02\/parking-dune-du-pilat-150x150.jpg",150,150,true],"medium":["https:\/\/bassin-arcachon.com\/wp-content\/uploads\/2017\/02\/parking-dune-du-pilat-600x398.jpg",600,398,true],"medium_large":["https:\/\/bassin-arcachon.com\/wp-content\/uploads\/2017\/02\/parking-dune-du-pilat-768x510.jpg",768,510,true],"large":["https:\/\/bassin-arcachon.com\/wp-content\/uploads\/2017\/02\/parking-dune-du-pilat.jpg",1000,664,false],"1536x1536":["https:\/\/bassin-arcachon.com\/wp-content\/uploads\/2017\/02\/parking-dune-du-pilat.jpg",1000,664,false],"2048x2048":["https:\/\/bassin-arcachon.com\/wp-content\/uploads\/2017\/02\/parking-dune-du-pilat.jpg",1000,664,false],"trp-custom-language-flag":["https:\/\/bassin-arcachon.com\/wp-content\/uploads\/2017\/02\/parking-dune-du-pilat-18x12.jpg",18,12,true]},"uagb_author_info":{"display_name":"Marie Clauzel","author_link":"https:\/\/bassin-arcachon.com\/es\/author\/mariesiba\/"},"uagb_comment_info":0,"uagb_excerpt":"L\u2019\u00e9tat du trafic routier sur le Bassin d\u2019Arcachon en temps r\u00e9el ! Quelles sont les conditions de circulation ? Suivez en direct l\u2019\u00e9tat des routes pour pr\u00e9parer au mieux votre [&hellip;]","_links":{"self":[{"href":"https:\/\/bassin-arcachon.com\/es\/wp-json\/wp\/v2\/pages\/61","targetHints":{"allow":["GET"]}}],"collection":[{"href":"https:\/\/bassin-arcachon.com\/es\/wp-json\/wp\/v2\/pages"}],"about":[{"href":"https:\/\/bassin-arcachon.com\/es\/wp-json\/wp\/v2\/types\/page"}],"author":[{"embeddable":true,"href":"https:\/\/bassin-arcachon.com\/es\/wp-json\/wp\/v2\/users\/25"}],"replies":[{"embeddable":true,"href":"https:\/\/bassin-arcachon.com\/es\/wp-json\/wp\/v2\/comments?post=61"}],"version-history":[{"count":0,"href":"https:\/\/bassin-arcachon.com\/es\/wp-json\/wp\/v2\/pages\/61\/revisions"}],"wp:featuredmedia":[{"embeddable":true,"href":"https:\/\/bassin-arcachon.com\/es\/wp-json\/wp\/v2\/media\/24070"}],"wp:attachment":[{"href":"https:\/\/bassin-arcachon.com\/es\/wp-json\/wp\/v2\/media?parent=61"}],"curies":[{"name":"wp","href":"https:\/\/api.w.org\/{rel}","templated":true}]}}