{"id":752,"date":"2017-04-04T12:20:56","date_gmt":"2017-04-04T10:20:56","guid":{"rendered":"https:\/\/bassin-arcachon.com\/\/?page_id=752"},"modified":"2024-12-16T14:01:58","modified_gmt":"2024-12-16T13:01:58","slug":"wifi-andernos-les-bains","status":"publish","type":"page","link":"https:\/\/bassin-arcachon.com\/es\/trouver-votre-point-wifi\/wifi-andernos-les-bains\/","title":{"rendered":"Bienvenidos a Andernos les Bains"},"content":{"rendered":"<div class=\"wp-block-uagb-container uagb-block-28c4200d alignfull uagb-is-root-container\"><div class=\"uagb-container-inner-blocks-wrap\">\n<div class=\"wp-block-uagb-container uagb-block-ac1923b3\">\n<h2 class=\"wp-block-heading\">Andernos te ofrece acceso WiFi gratuito y seguro para navegar por Internet libremente en la oficina de turismo.<\/h2>\n\n\n\n<p>Al norte de la Bassin de Arcachon, exploramos en bicicleta el puerto ostr\u00edcola de Andernos en busca de ostras frescas y paseamos por el gran muelle, antes de salirnos de los caminos habituales en busca de pepitas.&nbsp;<a href=\"https:\/\/bassin-arcachon.com\/es\/nuestros-pueblos-y-aldeas\/andernos-los-banos\/\">Andernos les Bains<\/a>, una de las ciudades m\u00e1s animadas de Bassin, con m\u00e1s de 500 eventos al a\u00f1o.<\/p>\n<\/div>\n\n\n\n<div class=\"wp-block-uagb-container uagb-block-9a1f3a06\">\n<div class=\"wp-block-uagb-image uagb-block-a215d8dc wp-block-uagb-image--layout-default wp-block-uagb-image--effect-static wp-block-uagb-image--align-none\"><figure class=\"wp-block-uagb-image__figure\"><img decoding=\"async\" srcset=\"https:\/\/bassin-arcachon.com\/wp-content\/uploads\/2018\/10\/balades-amis-quinconces-andernos.jpg \" sizes=\"auto, (max-width: 480px) 150px\" src=\"https:\/\/bassin-arcachon.com\/wp-content\/uploads\/2018\/10\/balades-amis-quinconces-andernos.jpg\" alt=\"Con amigos en los Quinconces de Andernos\" class=\"uag-image-26679\" width=\"1220\" height=\"600\" title=\"- - Bassin d&#039;Arcachon\" loading=\"lazy\" role=\"img\"><\/figure><\/div>\n<\/div>\n<\/div><\/div>\n\n\n\n<div style=\"height:40px\" aria-hidden=\"true\" class=\"wp-block-spacer\"><\/div>\n\n\n\n<div class=\"wp-block-uagb-container uagb-block-dcc38588 alignfull uagb-is-root-container\"><div class=\"uagb-container-inner-blocks-wrap\">\n<figure class=\"wp-block-pullquote\"><blockquote><p>Descubra la ciudad de Andernos-les-Bains en&nbsp;<a href=\"https:\/\/andernos-tourisme.fr\/\" target=\"_blank\" rel=\"noreferrer noopener\">andernos-tourisme.fr<\/a>.<br>Explora esto&nbsp;<a href=\"https:\/\/bassin-arcachon.com\/es\/\">sitio web, el del Bassin de Arcachon<\/a>. <br>\u00a1No es necesario que te identifiques!<\/p><\/blockquote><\/figure>\n<\/div><\/div>\n\n\n\n<div style=\"height:40px\" aria-hidden=\"true\" class=\"wp-block-spacer\"><\/div>\n\n\n\n<div class=\"wp-block-uagb-container uagb-block-9ca951b6 alignfull uagb-is-root-container\"><div class=\"uagb-container-inner-blocks-wrap\">\n<h3 class=\"wp-block-heading\">\u00a1Haz surf inteligente!<\/h3>\n\n\n\n<p>\u00a1La red WiFi_Bassin_Arcachon se acuerda de ti! La conexi\u00f3n se realizar\u00e1 autom\u00e1ticamente en el mismo dispositivo cada vez que est\u00e9s cerca de uno de nuestros terminales WiFi, independientemente del municipio del Bassin. Recuerde reiniciar su navegador.<\/p>\n<\/div><\/div>\n\n\n\n<div class=\"wp-block-uagb-container uagb-block-bca733d3 alignfull uagb-is-root-container\"><div class=\"uagb-container-inner-blocks-wrap\">\n<h3 class=\"wp-block-heading\">Sobriedad digital<\/h3>\n\n\n\n<p>\u00a1Adoptemos las acciones correctas para un mundo digital m\u00e1s ecol\u00f3gico! Juntos, reduzcamos nuestro impacto ambiental adoptando acciones simples para un mundo digital m\u00e1s responsable. Descubra nuestros consejos pr\u00e1cticos\u00a0<strong><a href=\"https:\/\/www.ecologie.gouv.fr\/sites\/default\/files\/guide-en-route-vers-sobriete-numerique.pdf\" target=\"_blank\" rel=\"noreferrer noopener\">en este sitio\u00a0<\/a>!<\/strong><\/p>\n<\/div><\/div>\n\n\n\n<div style=\"height:40px\" aria-hidden=\"true\" class=\"wp-block-spacer\"><\/div>","protected":false},"excerpt":{"rendered":"<p>Andernos vous offre un acc\u00e8s WiFi gratuit et s\u00e9curis\u00e9 pour surfer sur Internet librement \u00e0 l&rsquo;office de tourisme. Au nord du Bassin d\u2019Arcachon, on explore \u00e0 v\u00e9lo le port ostr\u00e9icole [&hellip;]<\/p>\n","protected":false},"author":25,"featured_media":23921,"parent":69,"menu_order":8,"comment_status":"closed","ping_status":"closed","template":"","meta":{"_acf_changed":false,"_uag_custom_page_level_css":"","footnotes":""},"class_list":["post-752","page","type-page","status-publish","has-post-thumbnail","hentry"],"acf":[],"uagb_featured_image_src":{"full":["https:\/\/bassin-arcachon.com\/wp-content\/uploads\/2018\/07\/Les-Quinconces-coin-secret-Andernos-les-Bains.jpg",1000,784,false],"thumbnail":["https:\/\/bassin-arcachon.com\/wp-content\/uploads\/2018\/07\/Les-Quinconces-coin-secret-Andernos-les-Bains-150x150.jpg",150,150,true],"medium":["https:\/\/bassin-arcachon.com\/wp-content\/uploads\/2018\/07\/Les-Quinconces-coin-secret-Andernos-les-Bains-600x470.jpg",600,470,true],"medium_large":["https:\/\/bassin-arcachon.com\/wp-content\/uploads\/2018\/07\/Les-Quinconces-coin-secret-Andernos-les-Bains-768x602.jpg",768,602,true],"large":["https:\/\/bassin-arcachon.com\/wp-content\/uploads\/2018\/07\/Les-Quinconces-coin-secret-Andernos-les-Bains.jpg",1000,784,false],"1536x1536":["https:\/\/bassin-arcachon.com\/wp-content\/uploads\/2018\/07\/Les-Quinconces-coin-secret-Andernos-les-Bains.jpg",1000,784,false],"2048x2048":["https:\/\/bassin-arcachon.com\/wp-content\/uploads\/2018\/07\/Les-Quinconces-coin-secret-Andernos-les-Bains.jpg",1000,784,false],"trp-custom-language-flag":["https:\/\/bassin-arcachon.com\/wp-content\/uploads\/2018\/07\/Les-Quinconces-coin-secret-Andernos-les-Bains-15x12.jpg",15,12,true]},"uagb_author_info":{"display_name":"Marie Clauzel","author_link":"https:\/\/bassin-arcachon.com\/es\/author\/mariesiba\/"},"uagb_comment_info":0,"uagb_excerpt":"Andernos vous offre un acc\u00e8s WiFi gratuit et s\u00e9curis\u00e9 pour surfer sur Internet librement \u00e0 l&rsquo;office de tourisme. Au nord du Bassin d\u2019Arcachon, on explore \u00e0 v\u00e9lo le port ostr\u00e9icole [&hellip;]","_links":{"self":[{"href":"https:\/\/bassin-arcachon.com\/es\/wp-json\/wp\/v2\/pages\/752","targetHints":{"allow":["GET"]}}],"collection":[{"href":"https:\/\/bassin-arcachon.com\/es\/wp-json\/wp\/v2\/pages"}],"about":[{"href":"https:\/\/bassin-arcachon.com\/es\/wp-json\/wp\/v2\/types\/page"}],"author":[{"embeddable":true,"href":"https:\/\/bassin-arcachon.com\/es\/wp-json\/wp\/v2\/users\/25"}],"replies":[{"embeddable":true,"href":"https:\/\/bassin-arcachon.com\/es\/wp-json\/wp\/v2\/comments?post=752"}],"version-history":[{"count":1,"href":"https:\/\/bassin-arcachon.com\/es\/wp-json\/wp\/v2\/pages\/752\/revisions"}],"predecessor-version":[{"id":119038,"href":"https:\/\/bassin-arcachon.com\/es\/wp-json\/wp\/v2\/pages\/752\/revisions\/119038"}],"up":[{"embeddable":true,"href":"https:\/\/bassin-arcachon.com\/es\/wp-json\/wp\/v2\/pages\/69"}],"wp:featuredmedia":[{"embeddable":true,"href":"https:\/\/bassin-arcachon.com\/es\/wp-json\/wp\/v2\/media\/23921"}],"wp:attachment":[{"href":"https:\/\/bassin-arcachon.com\/es\/wp-json\/wp\/v2\/media?parent=752"}],"curies":[{"name":"wp","href":"https:\/\/api.w.org\/{rel}","templated":true}]}}