{"id":754,"date":"2017-04-04T12:21:37","date_gmt":"2017-04-04T10:21:37","guid":{"rendered":"https:\/\/bassin-arcachon.com\/\/?page_id=754"},"modified":"2024-12-16T14:02:22","modified_gmt":"2024-12-16T13:02:22","slug":"wifi-ares","status":"publish","type":"page","link":"https:\/\/bassin-arcachon.com\/es\/trouver-votre-point-wifi\/wifi-ares\/","title":{"rendered":"Bienvenido a Ares"},"content":{"rendered":"<div class=\"wp-block-uagb-container uagb-block-153fbf96 alignfull uagb-is-root-container\"><div class=\"uagb-container-inner-blocks-wrap\">\n<div class=\"wp-block-uagb-container uagb-block-7810a821\">\n<h2 class=\"wp-block-heading\">Ar\u00e8s te ofrece acceso WiFi gratuito y seguro para navegar libremente por Internet en todos los lugares p\u00fablicos equipados.<\/h2>\n\n\n\n<p>Entre playas, bosques y espacios naturales preservados:&nbsp;<a href=\"https:\/\/bassin-arcachon.com\/es\/nuestros-pueblos-y-aldeas\/ares\/\">Ares<\/a>, un pueblo aut\u00e9ntico, te ofrece durante todo el a\u00f1o un programa de actividades y entretenimiento de \u201cNaturaleza\u201d para toda la familia. Atravesada por la V\u00e9lodyss\u00e9, Ar\u00e8s es ideal para los amantes de la bicicleta.<\/p>\n<\/div>\n\n\n\n<div class=\"wp-block-uagb-container uagb-block-b1de9fbd\">\n<div class=\"wp-block-uagb-image uagb-block-ef8820b0 wp-block-uagb-image--layout-default wp-block-uagb-image--effect-static wp-block-uagb-image--align-none\"><figure class=\"wp-block-uagb-image__figure\"><img decoding=\"async\" srcset=\"https:\/\/bassin-arcachon.com\/wp-content\/uploads\/2020\/07\/Flaner-sur-le-port-ostreicole-Ares-Bassin-Arcachon-1024x683-1.jpg \" sizes=\"auto, (max-width: 480px) 150px\" src=\"https:\/\/bassin-arcachon.com\/wp-content\/uploads\/2020\/07\/Flaner-sur-le-port-ostreicole-Ares-Bassin-Arcachon-1024x683-1.jpg\" alt=\"- - Bassin d&#039;Arcachon\" class=\"uag-image-44399\" width=\"1024\" height=\"683\" title=\"- - Bassin d&#039;Arcachon\" loading=\"lazy\" role=\"img\"><\/figure><\/div>\n<\/div>\n<\/div><\/div>\n\n\n\n<div style=\"height:40px\" aria-hidden=\"true\" class=\"wp-block-spacer\"><\/div>\n\n\n\n<div class=\"wp-block-uagb-container uagb-block-d5780c99 alignfull uagb-is-root-container\"><div class=\"uagb-container-inner-blocks-wrap\">\n<figure class=\"wp-block-pullquote\"><blockquote><p>Descubra la ciudad de Ar\u00e8s en&nbsp;<a href=\"http:\/\/www.ares-tourisme.com\/\" target=\"_blank\" rel=\"noreferrer noopener\">www.ares-turismo.com<\/a>.<br>Explora esto&nbsp;<a href=\"https:\/\/bassin-arcachon.com\/es\/\">sitio web, el del Bassin de Arcachon<\/a>. \u00a1No necesitas identificarte!<\/p><\/blockquote><\/figure>\n<\/div><\/div>\n\n\n\n<div style=\"height:40px\" aria-hidden=\"true\" class=\"wp-block-spacer\"><\/div>\n\n\n\n<div class=\"wp-block-uagb-container uagb-block-566dc536 alignfull uagb-is-root-container\"><div class=\"uagb-container-inner-blocks-wrap\">\n<h3 class=\"wp-block-heading\">\u00a1Haz surf inteligente!<\/h3>\n\n\n\n<p>\u00a1La red WiFi_Bassin_Arcachon se acuerda de ti! La conexi\u00f3n se realizar\u00e1 autom\u00e1ticamente en el mismo dispositivo cada vez que est\u00e9s cerca de uno de nuestros terminales WiFi, independientemente del municipio del Bassin. Recuerde reiniciar su navegador.<\/p>\n<\/div><\/div>\n\n\n\n<div class=\"wp-block-uagb-container uagb-block-216b45c7 alignfull uagb-is-root-container\"><div class=\"uagb-container-inner-blocks-wrap\">\n<h3 class=\"wp-block-heading\">Sobriedad digital<\/h3>\n\n\n\n<p>\u00a1Adoptemos las acciones correctas para un mundo digital m\u00e1s ecol\u00f3gico! Juntos, reduzcamos nuestro impacto ambiental adoptando acciones simples para un mundo digital m\u00e1s responsable. Descubra nuestros consejos pr\u00e1cticos\u00a0<strong><a href=\"https:\/\/www.ecologie.gouv.fr\/sites\/default\/files\/guide-en-route-vers-sobriete-numerique.pdf\" target=\"_blank\" rel=\"noreferrer noopener\">en este sitio\u00a0<\/a>!<\/strong><\/p>\n<\/div><\/div>\n\n\n\n<div style=\"height:40px\" aria-hidden=\"true\" class=\"wp-block-spacer\"><\/div>","protected":false},"excerpt":{"rendered":"<p>Ar\u00e8s vous offre un acc\u00e8s WiFi gratuit et s\u00e9curis\u00e9 pour surfer sur Internet librement dans tous les lieux publics \u00e9quip\u00e9s. Entre plages, for\u00eats et espaces naturels pr\u00e9serv\u00e9s :&nbsp;Ar\u00e8s, village authentique, [&hellip;]<\/p>\n","protected":false},"author":25,"featured_media":23617,"parent":69,"menu_order":10,"comment_status":"closed","ping_status":"closed","template":"","meta":{"_acf_changed":false,"_uag_custom_page_level_css":"","footnotes":""},"class_list":["post-754","page","type-page","status-publish","has-post-thumbnail","hentry"],"acf":[],"uagb_featured_image_src":{"full":["https:\/\/bassin-arcachon.com\/wp-content\/uploads\/2018\/07\/Vue-depuis-la-jet\u00e9e-dAr\u00e8s.jpg",1000,666,false],"thumbnail":["https:\/\/bassin-arcachon.com\/wp-content\/uploads\/2018\/07\/Vue-depuis-la-jet\u00e9e-dAr\u00e8s-150x150.jpg",150,150,true],"medium":["https:\/\/bassin-arcachon.com\/wp-content\/uploads\/2018\/07\/Vue-depuis-la-jet\u00e9e-dAr\u00e8s-600x400.jpg",600,400,true],"medium_large":["https:\/\/bassin-arcachon.com\/wp-content\/uploads\/2018\/07\/Vue-depuis-la-jet\u00e9e-dAr\u00e8s-768x511.jpg",768,511,true],"large":["https:\/\/bassin-arcachon.com\/wp-content\/uploads\/2018\/07\/Vue-depuis-la-jet\u00e9e-dAr\u00e8s.jpg",1000,666,false],"1536x1536":["https:\/\/bassin-arcachon.com\/wp-content\/uploads\/2018\/07\/Vue-depuis-la-jet\u00e9e-dAr\u00e8s.jpg",1000,666,false],"2048x2048":["https:\/\/bassin-arcachon.com\/wp-content\/uploads\/2018\/07\/Vue-depuis-la-jet\u00e9e-dAr\u00e8s.jpg",1000,666,false],"trp-custom-language-flag":["https:\/\/bassin-arcachon.com\/wp-content\/uploads\/2018\/07\/Vue-depuis-la-jet\u00e9e-dAr\u00e8s-18x12.jpg",18,12,true]},"uagb_author_info":{"display_name":"Marie Clauzel","author_link":"https:\/\/bassin-arcachon.com\/es\/author\/mariesiba\/"},"uagb_comment_info":0,"uagb_excerpt":"Ar\u00e8s vous offre un acc\u00e8s WiFi gratuit et s\u00e9curis\u00e9 pour surfer sur Internet librement dans tous les lieux publics \u00e9quip\u00e9s. Entre plages, for\u00eats et espaces naturels pr\u00e9serv\u00e9s :&nbsp;Ar\u00e8s, village authentique, [&hellip;]","_links":{"self":[{"href":"https:\/\/bassin-arcachon.com\/es\/wp-json\/wp\/v2\/pages\/754","targetHints":{"allow":["GET"]}}],"collection":[{"href":"https:\/\/bassin-arcachon.com\/es\/wp-json\/wp\/v2\/pages"}],"about":[{"href":"https:\/\/bassin-arcachon.com\/es\/wp-json\/wp\/v2\/types\/page"}],"author":[{"embeddable":true,"href":"https:\/\/bassin-arcachon.com\/es\/wp-json\/wp\/v2\/users\/25"}],"replies":[{"embeddable":true,"href":"https:\/\/bassin-arcachon.com\/es\/wp-json\/wp\/v2\/comments?post=754"}],"version-history":[{"count":1,"href":"https:\/\/bassin-arcachon.com\/es\/wp-json\/wp\/v2\/pages\/754\/revisions"}],"predecessor-version":[{"id":119039,"href":"https:\/\/bassin-arcachon.com\/es\/wp-json\/wp\/v2\/pages\/754\/revisions\/119039"}],"up":[{"embeddable":true,"href":"https:\/\/bassin-arcachon.com\/es\/wp-json\/wp\/v2\/pages\/69"}],"wp:featuredmedia":[{"embeddable":true,"href":"https:\/\/bassin-arcachon.com\/es\/wp-json\/wp\/v2\/media\/23617"}],"wp:attachment":[{"href":"https:\/\/bassin-arcachon.com\/es\/wp-json\/wp\/v2\/media?parent=754"}],"curies":[{"name":"wp","href":"https:\/\/api.w.org\/{rel}","templated":true}]}}