{"id":766,"date":"2017-04-04T12:32:26","date_gmt":"2017-04-04T10:32:26","guid":{"rendered":"https:\/\/bassin-arcachon.com\/\/?page_id=766"},"modified":"2024-12-16T14:05:35","modified_gmt":"2024-12-16T13:05:35","slug":"wifi-lanton","status":"publish","type":"page","link":"https:\/\/bassin-arcachon.com\/es\/trouver-votre-point-wifi\/wifi-lanton\/","title":{"rendered":"Bienvenido a Lant\u00f3n"},"content":{"rendered":"<div class=\"wp-block-uagb-container uagb-block-8ca9e300 alignfull uagb-is-root-container\"><div class=\"uagb-container-inner-blocks-wrap\">\n<div class=\"wp-block-uagb-container uagb-block-db784bfa\">\n<h2 class=\"wp-block-heading\">Lanton te ofrece acceso WiFi gratuito y seguro para navegar libremente por Internet en lugares p\u00fablicos equipados.<\/h2>\n\n\n\n<p><strong>a supprimer<\/strong>&nbsp;te invita a recorrer el camino de ronda a pie o el carril bici vigilado, a disfrutar de un momento de relax en la playa o a regalarte un paseo por la&nbsp;<strong>la bah\u00eda de Arcach\u00f3n<\/strong>&nbsp;a bordo de una pinaza, a menos que prefiera descubrir las elegantes villas del pueblo de Taussat.<\/p>\n<\/div>\n\n\n\n<div class=\"wp-block-uagb-container uagb-block-6c115538\">\n<div class=\"wp-block-uagb-image uagb-block-692042eb wp-block-uagb-image--layout-default wp-block-uagb-image--effect-static wp-block-uagb-image--align-none\"><figure class=\"wp-block-uagb-image__figure\"><img decoding=\"async\" srcset=\"https:\/\/bassin-arcachon.com\/wp-content\/uploads\/2018\/07\/Sentier-littoral-de-Lanton.jpg \" sizes=\"auto, (max-width: 480px) 150px\" src=\"https:\/\/bassin-arcachon.com\/wp-content\/uploads\/2018\/07\/Sentier-littoral-de-Lanton.jpg\" alt=\"- - Bassin d&#039;Arcachon\" class=\"uag-image-23939\" width=\"1000\" height=\"666\" title=\"- - Bassin d&#039;Arcachon\" loading=\"lazy\" role=\"img\"><\/figure><\/div>\n<\/div>\n<\/div><\/div>\n\n\n\n<div style=\"height:40px\" aria-hidden=\"true\" class=\"wp-block-spacer\"><\/div>\n\n\n\n<div class=\"wp-block-uagb-container uagb-block-d52c5355 alignfull uagb-is-root-container\"><div class=\"uagb-container-inner-blocks-wrap\">\n<figure class=\"wp-block-pullquote\"><blockquote><p>Descubre la ciudad de Lanton en&nbsp;<a href=\"http:\/\/www.tourisme-coeurdubassin.com\/\" target=\"_blank\" rel=\"noreferrer noopener\">www.tourisme-coeurdubassin.com<\/a>.<br>Explora esto&nbsp;<a href=\"https:\/\/bassin-arcachon.com\/es\/\">sitio web, el del Bassin de Arcachon<\/a>. \u00a1No necesitas identificarte!<\/p><\/blockquote><\/figure>\n<\/div><\/div>\n\n\n\n<div style=\"height:40px\" aria-hidden=\"true\" class=\"wp-block-spacer\"><\/div>\n\n\n\n<div class=\"wp-block-uagb-container uagb-block-d7241030 alignfull uagb-is-root-container\"><div class=\"uagb-container-inner-blocks-wrap\">\n<h3 class=\"wp-block-heading\">\u00a1Haz surf inteligente!<\/h3>\n\n\n\n<p>\u00a1La red WiFi_Bassin_Arcachon se acuerda de ti! La conexi\u00f3n se realizar\u00e1 autom\u00e1ticamente en el mismo dispositivo cada vez que est\u00e9s cerca de uno de nuestros terminales WiFi, independientemente del municipio del Bassin. Recuerde reiniciar su navegador.<\/p>\n\n\n\n<h3 class=\"wp-block-heading\">Sobriedad digital<\/h3>\n\n\n\n<p>\u00a1Adoptemos las acciones correctas para un mundo digital m\u00e1s ecol\u00f3gico! Juntos, reduzcamos nuestro impacto ambiental adoptando acciones simples para un mundo digital m\u00e1s responsable. Descubra nuestros consejos pr\u00e1cticos\u00a0<strong><a href=\"https:\/\/www.ecologie.gouv.fr\/sites\/default\/files\/guide-en-route-vers-sobriete-numerique.pdf\" target=\"_blank\" rel=\"noreferrer noopener\">en este sitio\u00a0<\/a>!<\/strong><\/p>\n<\/div><\/div>\n\n\n\n<div style=\"height:40px\" aria-hidden=\"true\" class=\"wp-block-spacer\"><\/div>","protected":false},"excerpt":{"rendered":"<p>Lanton vous offre un acc\u00e8s WiFi gratuit et s\u00e9curis\u00e9 pour surfer sur Internet librement dans les lieux publics \u00e9quip\u00e9s. Lanton&nbsp;vous propose d\u2019arpenter le sentier du littoral \u00e0 pied ou la [&hellip;]<\/p>\n","protected":false},"author":25,"featured_media":24178,"parent":69,"menu_order":15,"comment_status":"closed","ping_status":"closed","template":"","meta":{"_acf_changed":false,"_uag_custom_page_level_css":"","footnotes":""},"class_list":["post-766","page","type-page","status-publish","has-post-thumbnail","hentry"],"acf":[],"uagb_featured_image_src":{"full":["https:\/\/bassin-arcachon.com\/wp-content\/uploads\/2017\/04\/Lanton-villa-tosca-bassin-arcachon.jpg",1000,244,false],"thumbnail":["https:\/\/bassin-arcachon.com\/wp-content\/uploads\/2017\/04\/Lanton-villa-tosca-bassin-arcachon-150x150.jpg",150,150,true],"medium":["https:\/\/bassin-arcachon.com\/wp-content\/uploads\/2017\/04\/Lanton-villa-tosca-bassin-arcachon-600x146.jpg",600,146,true],"medium_large":["https:\/\/bassin-arcachon.com\/wp-content\/uploads\/2017\/04\/Lanton-villa-tosca-bassin-arcachon-768x187.jpg",768,187,true],"large":["https:\/\/bassin-arcachon.com\/wp-content\/uploads\/2017\/04\/Lanton-villa-tosca-bassin-arcachon.jpg",1000,244,false],"1536x1536":["https:\/\/bassin-arcachon.com\/wp-content\/uploads\/2017\/04\/Lanton-villa-tosca-bassin-arcachon.jpg",1000,244,false],"2048x2048":["https:\/\/bassin-arcachon.com\/wp-content\/uploads\/2017\/04\/Lanton-villa-tosca-bassin-arcachon.jpg",1000,244,false],"trp-custom-language-flag":["https:\/\/bassin-arcachon.com\/wp-content\/uploads\/2017\/04\/Lanton-villa-tosca-bassin-arcachon-18x4.jpg",18,4,true]},"uagb_author_info":{"display_name":"Marie Clauzel","author_link":"https:\/\/bassin-arcachon.com\/es\/author\/mariesiba\/"},"uagb_comment_info":0,"uagb_excerpt":"Lanton vous offre un acc\u00e8s WiFi gratuit et s\u00e9curis\u00e9 pour surfer sur Internet librement dans les lieux publics \u00e9quip\u00e9s. Lanton&nbsp;vous propose d\u2019arpenter le sentier du littoral \u00e0 pied ou la [&hellip;]","_links":{"self":[{"href":"https:\/\/bassin-arcachon.com\/es\/wp-json\/wp\/v2\/pages\/766","targetHints":{"allow":["GET"]}}],"collection":[{"href":"https:\/\/bassin-arcachon.com\/es\/wp-json\/wp\/v2\/pages"}],"about":[{"href":"https:\/\/bassin-arcachon.com\/es\/wp-json\/wp\/v2\/types\/page"}],"author":[{"embeddable":true,"href":"https:\/\/bassin-arcachon.com\/es\/wp-json\/wp\/v2\/users\/25"}],"replies":[{"embeddable":true,"href":"https:\/\/bassin-arcachon.com\/es\/wp-json\/wp\/v2\/comments?post=766"}],"version-history":[{"count":1,"href":"https:\/\/bassin-arcachon.com\/es\/wp-json\/wp\/v2\/pages\/766\/revisions"}],"predecessor-version":[{"id":119046,"href":"https:\/\/bassin-arcachon.com\/es\/wp-json\/wp\/v2\/pages\/766\/revisions\/119046"}],"up":[{"embeddable":true,"href":"https:\/\/bassin-arcachon.com\/es\/wp-json\/wp\/v2\/pages\/69"}],"wp:featuredmedia":[{"embeddable":true,"href":"https:\/\/bassin-arcachon.com\/es\/wp-json\/wp\/v2\/media\/24178"}],"wp:attachment":[{"href":"https:\/\/bassin-arcachon.com\/es\/wp-json\/wp\/v2\/media?parent=766"}],"curies":[{"name":"wp","href":"https:\/\/api.w.org\/{rel}","templated":true}]}}