{"id":111,"date":"2017-02-07T16:13:30","date_gmt":"2017-02-07T15:13:30","guid":{"rendered":"https:\/\/bassin-arcachon.com\/\/?page_id=111"},"modified":"2024-05-13T17:29:48","modified_gmt":"2024-05-13T15:29:48","slug":"arcachon","status":"publish","type":"page","link":"https:\/\/bassin-arcachon.com\/it\/nos-villes-et-villages\/arcachon\/","title":{"rendered":"Arcachon"},"content":{"rendered":"<div class=\"wp-block-uagb-container uagb-block-e72b4fc9 alignfull uagb-is-root-container\"><div class=\"uagb-container-inner-blocks-wrap\">\n<div class=\"wp-block-uagb-container uagb-block-596830f3\">\n<div class=\"wp-block-uagb-image uagb-block-29829e90 wp-block-uagb-image--layout-default wp-block-uagb-image--effect-static wp-block-uagb-image--align-none\"><figure class=\"wp-block-uagb-image__figure\"><img decoding=\"async\" srcset=\"https:\/\/bassin-arcachon.com\/wp-content\/uploads\/2017\/02\/mini-map-arcachon.jpg \" sizes=\"auto, (max-width: 480px) 150px\" src=\"https:\/\/bassin-arcachon.com\/wp-content\/uploads\/2017\/02\/mini-map-arcachon.jpg\" alt=\"- - Bassin d&#039;Arcachon\" class=\"uag-image-1913\" width=\"278\" height=\"278\" title=\"- - Bassin d&#039;Arcachon\" loading=\"lazy\" role=\"img\"><\/figure><\/div>\n\n\n\n<h2 class=\"wp-block-heading\">Arcachon piedi nell&#039;acqua<\/h2>\n\n\n\n<p>Arcachon si pu\u00f2 scoprire tutto l&#039;anno ed \u00e8 addirittura suddivisa in 4 stagioni! Vieni a scoprire il contrasto tra la sua Summer City, la sua&nbsp;<a href=\"https:\/\/bassin-arcachon.com\/it\/i-nostri-elementi-essenziali\/i-moli\/\">bei moli<\/a>&nbsp;e il suo vivace centro citt\u00e0; e il&nbsp;<a href=\"https:\/\/bassin-arcachon.com\/it\/i-nostri-elementi-essenziali\/la-citta-invernale\/\">Citt\u00e0 d&#039;inverno<\/a>&nbsp;con le sue meravigliose ville tipiche ottocentesche.<\/p>\n\n\n\n<p>La Ville d&#039;Automne vi porter\u00e0 al porto e al quartiere dei pescatori di Aiguillon, mentre la Ville de Printemps vi porter\u00e0 alla Source des Abatilles, alla Plage Pereire e al vivace quartiere di Moulleau.<\/p>\n\n\n\n<p>benvenuto a&nbsp;<strong>Arcachon<\/strong>&nbsp;! Considera la possibilit\u00e0 di prenotare la tua casa vacanza <a href=\"https:\/\/bassin-arcachon.com\/it\/dove-dormire\/affitti\/le-nostre-case-vacanze-ad-arcachon\/\">qua<\/a> ! <\/p>\n<\/div>\n\n\n\n<div class=\"wp-block-uagb-container uagb-block-1220d86a\">\n<div class=\"wp-block-uagb-image uagb-block-2cc92cb2 wp-block-uagb-image--layout-default wp-block-uagb-image--effect-static wp-block-uagb-image--align-none\"><figure class=\"wp-block-uagb-image__figure\"><img decoding=\"async\" srcset=\"https:\/\/bassin-arcachon.com\/wp-content\/uploads\/2018\/07\/Plage-Pereire-Arcachon.jpg \" sizes=\"auto, (max-width: 480px) 150px\" src=\"https:\/\/bassin-arcachon.com\/wp-content\/uploads\/2018\/07\/Plage-Pereire-Arcachon.jpg\" alt=\"- - Bassin d&#039;Arcachon\" class=\"uag-image-23988\" width=\"631\" height=\"797\" title=\"- - Bassin d&#039;Arcachon\" loading=\"lazy\" role=\"img\"><\/figure><\/div>\n<\/div>\n<\/div><\/div>\n\n\n\n<div style=\"height:40px\" aria-hidden=\"true\" class=\"wp-block-spacer\"><\/div>\n\n\n\n<div class=\"wp-block-uagb-container uagb-block-576910ea alignfull uagb-is-root-container\"><div class=\"uagb-container-inner-blocks-wrap\">\n<div class=\"wp-block-uagb-container uagb-block-5719ced9\">\n<div class=\"wp-block-uagb-image uagb-block-73255a25 wp-block-uagb-image--layout-default wp-block-uagb-image--effect-static wp-block-uagb-image--align-none\"><figure class=\"wp-block-uagb-image__figure\"><img decoding=\"async\" srcset=\"\" sizes=\"auto, (max-width: 480px) 150px\" src=\"https:\/\/bassin-arcachon.com\/wp-content\/uploads\/2018\/07\/jet\u00e9e-du-moulleau-1024x683.jpg\" alt=\"- - Bassin d&#039;Arcachon\" class=\"uag-image-24836\" width=\"1024\" height=\"683\" title=\"- - Bassin d&#039;Arcachon\" loading=\"lazy\" role=\"img\" data-srcset=\"\"><\/figure><\/div>\n<\/div>\n\n\n\n<div class=\"wp-block-uagb-container uagb-block-26a62c85\">\n<h2 class=\"wp-block-heading\">Passeggia lungo i moli di Arcachon<\/h2>\n\n\n\n<p>Il molo<strong>Eyrac<\/strong>, il molo&nbsp;<strong>Thiers<\/strong>, il molo del&nbsp;<strong>Cappella<\/strong>&nbsp;o quello di&nbsp;<strong>Moueau<\/strong>, questi luoghi ben noti alla gente del posto sono emblematici di Arcachon.<\/p>\n\n\n\n<p><a href=\"https:\/\/bassin-arcachon.com\/it\/bassin-per-biciclette\/\">Sali sulla bici<\/a>&nbsp;il tempo di una giornata per scoprirli, e non dimenticare la macchina fotografica, perch\u00e9 i paesaggi sono unici da ciascuno dei&nbsp;<strong>I moli di Arcachon<\/strong>.<\/p>\n<\/div>\n<\/div><\/div>\n\n\n\n<div style=\"height:40px\" aria-hidden=\"true\" class=\"wp-block-spacer\"><\/div>\n\n\n\n<div class=\"wp-block-uagb-container uagb-block-31588b29 alignfull uagb-is-root-container\"><div class=\"uagb-container-inner-blocks-wrap\">\n<div class=\"wp-block-uagb-container uagb-block-ead86c22\">\n<h2 class=\"wp-block-heading\">Passeggiate e passeggiate nella Citt\u00e0 Invernale di Arcachon<\/h2>\n\n\n\n<p>Il&nbsp;<a href=\"https:\/\/bassin-arcachon.com\/it\/i-nostri-elementi-essenziali\/la-citta-invernale\/\">Citt\u00e0 d&#039;inverno<\/a>&nbsp;\u00e8 un piccolo angolo tranquillo di Arcachon. In partenza da&nbsp;<strong>Parco Moresco<\/strong>, ci sono le case pi\u00f9 belle della citt\u00e0 in un piacevole labirinto di strade tortuose. Prenditi qualche ora per perderti l\u00ec, \u00e8 cos\u00ec che ti imbatterai nelle ville pi\u00f9 affascinanti! Non esitate a prendere la mappa della Ville d&#039;Hiver presso l&#039;Ufficio del Turismo.<\/p>\n<\/div>\n\n\n\n<div class=\"wp-block-uagb-container uagb-block-23b24d68\">\n<div class=\"wp-block-uagb-image uagb-block-635b8cbd wp-block-uagb-image--layout-default wp-block-uagb-image--effect-static wp-block-uagb-image--align-none\"><figure class=\"wp-block-uagb-image__figure\"><img decoding=\"async\" srcset=\"\" sizes=\"auto, (max-width: 480px) 150px\" src=\"https:\/\/bassin-arcachon.com\/wp-content\/uploads\/2018\/07\/Discover-la-Ville-dHiver.jpg\" alt=\"- - Bassin d&#039;Arcachon\" class=\"uag-image-23422\" width=\"1024\" height=\"682\" title=\"- - Bassin d&#039;Arcachon\" loading=\"lazy\" role=\"img\" data-srcset=\"\"><\/figure><\/div>\n<\/div>\n<\/div><\/div>\n\n\n\n<div style=\"height:40px\" aria-hidden=\"true\" class=\"wp-block-spacer\"><\/div>\n\n\n\n<div class=\"wp-block-uagb-container uagb-block-026e7f24 alignfull uagb-is-root-container\"><div class=\"uagb-container-inner-blocks-wrap\">\n<figure class=\"wp-block-pullquote\" style=\"border-radius:0px;border-top-style:none;border-top-width:0px;border-right-style:none;border-right-width:0px;border-bottom-style:none;border-bottom-width:0px;border-left-width:2px\"><blockquote><p>Qui si nasconde la &quot;Torre Eiffel&quot; di Arcachon. L&#039;osservatorio di Sainte-C\u00e9cile offre una vista panoramica della citt\u00e0!<\/p><\/blockquote><\/figure>\n<\/div><\/div>\n\n\n\n<div style=\"height:20px\" aria-hidden=\"true\" class=\"wp-block-spacer\"><\/div>\n\n\n\n<div class=\"wp-block-uagb-container uagb-block-b6ff30d3 alignfull uagb-is-root-container\"><div class=\"uagb-container-inner-blocks-wrap\">\n<div class=\"wp-block-uagb-container uagb-block-2abfb3cf\">\t\t\t\t\t<div\n\t\t\t\t\t\tclass=\"wp-block-uagb-image-gallery uagb-block-d0b18a44\"\n\t\t\t\t\t\tstyle=\"\"\n\t\t\t\t\t>\n\t\t\t\t\t\t\t\t\t\t\t<div class=\"spectra-image-gallery spectra-image-gallery__layout--carousel\">\n\t\t\t\t\t\t\t\t<div class=\"uagb-slick-carousel uagb-block-d0b18a44\">\n\t\t\t\t\t\t\t\t\t\t\t\t<div class='spectra-image-gallery__media-wrapper' data-spectra-gallery-image-id='35222'>\n\t\t\t\t\t\t\t<div class=\"spectra-image-gallery__media spectra-image-gallery__media--carousel\">\n\t\t\t\t<picture>\n\t\t\t\t\t<source media=\"(min-width: 1024px)\" srcset=\"https:\/\/bassin-arcachon.com\/wp-content\/uploads\/2019\/06\/observatoire-saint-c\u00e9cile-arcachon-683x1024.jpg\">\n\t\t\t\t\t<source media=\"(min-width: 768px)\" srcset=\"https:\/\/bassin-arcachon.com\/wp-content\/uploads\/2019\/06\/observatoire-saint-c\u00e9cile-arcachon-683x1024.jpg\">\n\t\t\t\t\t<img decoding=\"async\" class=\"spectra-image-gallery__media-thumbnail spectra-image-gallery__media-thumbnail--carousel\" src=\"https:\/\/bassin-arcachon.com\/wp-content\/uploads\/2019\/06\/observatoire-saint-c\u00e9cile-arcachon-200x300.jpg\" alt=\"- - Bassin d&#039;Arcachon\" loading=\"lazy\" title=\"- - Bassin d&#039;Arcachon\">\n\t\t\t\t<\/picture>\n\t\t\t\t<div class=\"spectra-image-gallery__media-thumbnail-blurrer\"><\/div>\n\t\t\t\t\t\t\t\t\t\t\t<div class=\"spectra-image-gallery__media-thumbnail-caption-wrapper spectra-image-gallery__media-thumbnail-caption-wrapper--overlay\"><\/div>\n\t\t\t\t\t\t\t\t<\/div>\n\t\t\t\t\t\t<\/div>\n\t\t\t\t\t\t<div class='spectra-image-gallery__media-wrapper' data-spectra-gallery-image-id='35224'>\n\t\t\t\t\t\t\t<div class=\"spectra-image-gallery__media spectra-image-gallery__media--carousel\">\n\t\t\t\t<picture>\n\t\t\t\t\t<source media=\"(min-width: 1024px)\" srcset=\"https:\/\/bassin-arcachon.com\/wp-content\/uploads\/2019\/06\/arcachon-depuis-lobservatoire-sainte-cecile-683x1024.jpg\">\n\t\t\t\t\t<source media=\"(min-width: 768px)\" srcset=\"https:\/\/bassin-arcachon.com\/wp-content\/uploads\/2019\/06\/arcachon-depuis-lobservatoire-sainte-cecile-683x1024.jpg\">\n\t\t\t\t\t<img decoding=\"async\" class=\"spectra-image-gallery__media-thumbnail spectra-image-gallery__media-thumbnail--carousel\" src=\"https:\/\/bassin-arcachon.com\/wp-content\/uploads\/2019\/06\/arcachon-depuis-lobservatoire-sainte-cecile-200x300.jpg\" alt=\"- - Bassin d&#039;Arcachon\" loading=\"lazy\" title=\"- - Bassin d&#039;Arcachon\">\n\t\t\t\t<\/picture>\n\t\t\t\t<div class=\"spectra-image-gallery__media-thumbnail-blurrer\"><\/div>\n\t\t\t\t\t\t\t\t\t\t\t<div class=\"spectra-image-gallery__media-thumbnail-caption-wrapper spectra-image-gallery__media-thumbnail-caption-wrapper--overlay\"><\/div>\n\t\t\t\t\t\t\t\t<\/div>\n\t\t\t\t\t\t<\/div>\n\t\t\t\t\t\t<div class='spectra-image-gallery__media-wrapper' data-spectra-gallery-image-id='23675'>\n\t\t\t\t\t\t\t<div class=\"spectra-image-gallery__media spectra-image-gallery__media--carousel\">\n\t\t\t\t<picture>\n\t\t\t\t\t<source media=\"(min-width: 1024px)\" srcset=\"https:\/\/bassin-arcachon.com\/wp-content\/uploads\/2018\/07\/Balade-sur-leau-Bassin-Arcachon.jpg\">\n\t\t\t\t\t<source media=\"(min-width: 768px)\" srcset=\"https:\/\/bassin-arcachon.com\/wp-content\/uploads\/2018\/07\/Balade-sur-leau-Bassin-Arcachon.jpg\">\n\t\t\t\t\t<img decoding=\"async\" class=\"spectra-image-gallery__media-thumbnail spectra-image-gallery__media-thumbnail--carousel\" src=\"https:\/\/bassin-arcachon.com\/wp-content\/uploads\/2018\/07\/Balade-sur-leau-Bassin-Arcachon-450x300.jpg\" alt=\"- - Bassin d&#039;Arcachon\" loading=\"lazy\" title=\"- - Bassin d&#039;Arcachon\">\n\t\t\t\t<\/picture>\n\t\t\t\t<div class=\"spectra-image-gallery__media-thumbnail-blurrer\"><\/div>\n\t\t\t\t\t\t\t\t\t\t\t<div class=\"spectra-image-gallery__media-thumbnail-caption-wrapper spectra-image-gallery__media-thumbnail-caption-wrapper--overlay\"><\/div>\n\t\t\t\t\t\t\t\t<\/div>\n\t\t\t\t\t\t<\/div>\n\t\t\t\t\t\t\t\t\t\t\t<\/div>\n\t\t\t\t\t\t\t<\/div>\n\t\t\t\t\t\t\t\t\t\t\t<\/div>\n\t\t\t\t\t\t\t\t\t<\/div>\n\n\n\n<div class=\"wp-block-uagb-container uagb-block-8da6f29a\">\n<h2 class=\"wp-block-heading\">Fai una traversata o una gita in barca sulla Bassin<\/h2>\n\n\n\n<p>Tutto l&#039;anno, imbarcati dal molo Thiers ad Arcachon per attraversare la Bassin da Arcachon verso Cap Ferret, o per avvicinarti al famoso&nbsp;<a href=\"https:\/\/bassin-arcachon.com\/it\/i-nostri-elementi-essenziali\/le-cabine-tchanquee\/\" target=\"_blank\" rel=\"noreferrer noopener\">Cabine su Tchanqu\u00e9es<\/a>. In luglio-agosto, dirigersi verso <a href=\"https:\/\/bassin-arcachon.com\/it\/le-nostre-citta-e-i-nostri-villaggi\/andernos-i-bagni\/\" data-type=\"page\" data-id=\"339\">di Andernos-les-Bains<\/a> o sul&nbsp;<a href=\"https:\/\/bassin-arcachon.com\/it\/i-nostri-elementi-essenziali\/la-panchina-di-darguin\/\">Banca d&#039;Arguin<\/a>.<\/p>\n\n\n\n<p>Consulta il&nbsp;<a href=\"https:\/\/bateliers-arcachon.com\/navettes\/arcachon-cap-ferret\/\" target=\"_blank\" rel=\"noreferrer noopener\">tempi di attraversamento<\/a>&nbsp;per preparare la tua giornata di vera vacanza sulla Bassin di Arcachon.<\/p>\n<\/div>\n<\/div><\/div>\n\n\n\n<div style=\"height:60px\" aria-hidden=\"true\" class=\"wp-block-spacer\"><\/div>\n\n\n\n<div class=\"wp-block-uagb-container uagb-block-a8dec0e8 alignfull uagb-is-root-container\"><div class=\"uagb-container-inner-blocks-wrap\">\n<div class=\"wp-block-uagb-container uagb-block-69e277a2\">\n<h2 class=\"wp-block-heading\">Passeggia nel quartiere dei pescatori, l&#039;Aiguillon<\/h2>\n\n\n\n<p>Il quartiere di Aiguillon \u00e8 il nostro angolo segreto ad Arcachon. Con le sue capanne colorate ancora in uso, non puoi perderti questo luogo fotogenico e pieno di fascino.<\/p>\n\n\n\n<p>Durante la passeggiata, concedetevi una meritata pausa nell&#039;unico rifugio di ostriche della zona: la Cabane de l&#039;Aiguillon!<\/p>\n<\/div>\n\n\n\n<div class=\"wp-block-uagb-container uagb-block-6eec8bcd\">\n<div class=\"wp-block-uagb-image uagb-block-45097359 wp-block-uagb-image--layout-default wp-block-uagb-image--effect-static wp-block-uagb-image--align-none\"><figure class=\"wp-block-uagb-image__figure\"><img decoding=\"async\" srcset=\"https:\/\/bassin-arcachon.com\/wp-content\/uploads\/2017\/03\/quartier-aiguillon-arcachon-1024x683.jpg \" sizes=\"auto, (max-width: 480px) 150px\" src=\"https:\/\/bassin-arcachon.com\/wp-content\/uploads\/2017\/03\/quartier-aiguillon-arcachon-1024x683.jpg\" alt=\"- - Bassin d&#039;Arcachon\" class=\"uag-image-24552\" width=\"1024\" height=\"683\" title=\"- - Bassin d&#039;Arcachon\" loading=\"lazy\" role=\"img\"><\/figure><\/div>\n<\/div>\n<\/div><\/div>\n\n\n\n<div style=\"height:40px\" aria-hidden=\"true\" class=\"wp-block-spacer\"><\/div>\n\n\n\n<div class=\"wp-block-uagb-container uagb-block-75f2d821 alignfull uagb-is-root-container\"><div class=\"uagb-container-inner-blocks-wrap\">\n<div class=\"wp-block-uagb-container uagb-block-4616a241\">\n<div class=\"wp-block-uagb-image uagb-block-6b5c19d5 wp-block-uagb-image--layout-default wp-block-uagb-image--effect-static wp-block-uagb-image--align-none\"><figure class=\"wp-block-uagb-image__figure\"><img decoding=\"async\" srcset=\"https:\/\/bassin-arcachon.com\/wp-content\/uploads\/2017\/02\/Pereire-arcachon-plage-1024x683.jpg \" sizes=\"auto, (max-width: 480px) 150px\" src=\"https:\/\/bassin-arcachon.com\/wp-content\/uploads\/2017\/02\/Pereire-arcachon-plage-1024x683.jpg\" alt=\"- - Bassin d&#039;Arcachon\" class=\"uag-image-23756\" width=\"1024\" height=\"683\" title=\"- - Bassin d&#039;Arcachon\" loading=\"lazy\" role=\"img\"><\/figure><\/div>\n<\/div>\n\n\n\n<div class=\"wp-block-uagb-container uagb-block-7cec3277\">\n<h2 class=\"wp-block-heading\">Rilassarsi sulle spiagge di Pereire e Moulleau ad Arcachon<\/h2>\n\n\n\n<p>Dopo una giornata di shopping nella Citt\u00e0 dell&#039;Estate, dirigiti verso la spiaggia per un vero pomeriggio di vacanza. Stendi il tuo asciugamano sulla spiaggia di Pereire o sulla spiaggia di Moulleau. Da quest&#039;ultimo, avrai una vista mozzafiato del&nbsp;<a href=\"http:\/\/bassin-arcachon.com\/it\/i-nostri-elementi-essenziali\/la-duna-di-pilat\/\">Duna di Pilat<\/a>. Fiancheggiata da pini, la spiaggia di Pereire \u00e8 l&#039;ideale per ammirare il tramonto o per passeggiare con la bassa marea sull&#039;immenso banco di sabbia che si pu\u00f2 ammirare...<\/p>\n<\/div>\n<\/div><\/div>\n\n\n\n<div style=\"height:60px\" aria-hidden=\"true\" class=\"wp-block-spacer\"><\/div>\n\n\n\n<div class=\"wp-block-uagb-container uagb-block-e2a2c9bd alignfull uagb-is-root-container\"><div class=\"uagb-container-inner-blocks-wrap\">\n<div class=\"wp-block-uagb-container uagb-block-3d939de5\">\n<h2 class=\"wp-block-heading\">Godetevi le serate Arcachonnaises<\/h2>\n\n\n\n<p>Arcachon vibra anche la sera. Tra i&nbsp;<a href=\"https:\/\/www.arcachon.com\/culture\/\" target=\"_blank\" rel=\"noreferrer noopener\">Teatro Olimpia<\/a>, cinema,&nbsp;<a href=\"http:\/\/www.zebrearcachon.fr\/cafe-theatre\/\" target=\"_blank\" rel=\"noreferrer noopener\">il caff\u00e8-teatro delle Z\u00e8bre<\/a>, i concerti al V\u00e9lodrome in estate durante il Festival Arcachon en Sc\u00e8ne, puoi trascorrere una serata unica ogni giorno delle tue vacanze. Per gli appassionati del gioco d&#039;azzardo, non dimenticate il Casin\u00f2, che offre anche spettacoli.<\/p>\n\n\n\n<p>Concludi la serata in uno dei bar alla moda del quartiere Moulleau!<\/p>\n<\/div>\n\n\n\n<div class=\"wp-block-uagb-container uagb-block-f40a8937\">\n<div class=\"wp-block-uagb-image uagb-block-527c3612 wp-block-uagb-image--layout-default wp-block-uagb-image--effect-static wp-block-uagb-image--align-none\"><figure class=\"wp-block-uagb-image__figure\"><img decoding=\"async\" srcset=\"\" sizes=\"auto, (max-width: 480px) 150px\" src=\"https:\/\/bassin-arcachon.com\/wp-content\/uploads\/2018\/07\/Soir\u00e9e-Blanche-sur-Arcachon-1024x576.jpg\" alt=\"- - Bassin d&#039;Arcachon\" class=\"uag-image-23992\" width=\"1024\" height=\"576\" title=\"- - Bassin d&#039;Arcachon\" loading=\"lazy\" role=\"img\" data-srcset=\"\"><\/figure><\/div>\n<\/div>\n<\/div><\/div>\n\n\n\n<div style=\"height:40px\" aria-hidden=\"true\" class=\"wp-block-spacer\"><\/div>","protected":false},"excerpt":{"rendered":"<p>Arcachon les pieds dans l\u2019eau Arcachon se d\u00e9couvre toute l\u2019ann\u00e9e et se divise m\u00eame en 4 saisons ! Venez d\u00e9couvrir le contraste entre sa Ville d\u2019\u00c9t\u00e9, ses&nbsp;magnifiques jet\u00e9es&nbsp;et son centre-ville [&hellip;]<\/p>\n","protected":false},"author":25,"featured_media":23420,"parent":29,"menu_order":1,"comment_status":"closed","ping_status":"closed","template":"","meta":{"_acf_changed":false,"_uag_custom_page_level_css":"","footnotes":""},"class_list":["post-111","page","type-page","status-publish","has-post-thumbnail","hentry"],"acf":[],"uagb_featured_image_src":{"full":["https:\/\/bassin-arcachon.com\/wp-content\/uploads\/2018\/07\/Villa-Trocadero-ville-dhiver-arcachon.jpg",1000,666,false],"thumbnail":["https:\/\/bassin-arcachon.com\/wp-content\/uploads\/2018\/07\/Villa-Trocadero-ville-dhiver-arcachon-150x150.jpg",150,150,true],"medium":["https:\/\/bassin-arcachon.com\/wp-content\/uploads\/2018\/07\/Villa-Trocadero-ville-dhiver-arcachon-600x400.jpg",600,400,true],"medium_large":["https:\/\/bassin-arcachon.com\/wp-content\/uploads\/2018\/07\/Villa-Trocadero-ville-dhiver-arcachon-768x511.jpg",768,511,true],"large":["https:\/\/bassin-arcachon.com\/wp-content\/uploads\/2018\/07\/Villa-Trocadero-ville-dhiver-arcachon.jpg",1000,666,false],"1536x1536":["https:\/\/bassin-arcachon.com\/wp-content\/uploads\/2018\/07\/Villa-Trocadero-ville-dhiver-arcachon.jpg",1000,666,false],"2048x2048":["https:\/\/bassin-arcachon.com\/wp-content\/uploads\/2018\/07\/Villa-Trocadero-ville-dhiver-arcachon.jpg",1000,666,false],"trp-custom-language-flag":["https:\/\/bassin-arcachon.com\/wp-content\/uploads\/2018\/07\/Villa-Trocadero-ville-dhiver-arcachon-18x12.jpg",18,12,true]},"uagb_author_info":{"display_name":"Marie Clauzel","author_link":"https:\/\/bassin-arcachon.com\/it\/author\/mariesiba\/"},"uagb_comment_info":0,"uagb_excerpt":"Arcachon les pieds dans l\u2019eau Arcachon se d\u00e9couvre toute l\u2019ann\u00e9e et se divise m\u00eame en 4 saisons ! Venez d\u00e9couvrir le contraste entre sa Ville d\u2019\u00c9t\u00e9, ses&nbsp;magnifiques jet\u00e9es&nbsp;et son centre-ville [&hellip;]","_links":{"self":[{"href":"https:\/\/bassin-arcachon.com\/it\/wp-json\/wp\/v2\/pages\/111","targetHints":{"allow":["GET"]}}],"collection":[{"href":"https:\/\/bassin-arcachon.com\/it\/wp-json\/wp\/v2\/pages"}],"about":[{"href":"https:\/\/bassin-arcachon.com\/it\/wp-json\/wp\/v2\/types\/page"}],"author":[{"embeddable":true,"href":"https:\/\/bassin-arcachon.com\/it\/wp-json\/wp\/v2\/users\/25"}],"replies":[{"embeddable":true,"href":"https:\/\/bassin-arcachon.com\/it\/wp-json\/wp\/v2\/comments?post=111"}],"version-history":[{"count":1,"href":"https:\/\/bassin-arcachon.com\/it\/wp-json\/wp\/v2\/pages\/111\/revisions"}],"predecessor-version":[{"id":217791,"href":"https:\/\/bassin-arcachon.com\/it\/wp-json\/wp\/v2\/pages\/111\/revisions\/217791"}],"up":[{"embeddable":true,"href":"https:\/\/bassin-arcachon.com\/it\/wp-json\/wp\/v2\/pages\/29"}],"wp:featuredmedia":[{"embeddable":true,"href":"https:\/\/bassin-arcachon.com\/it\/wp-json\/wp\/v2\/media\/23420"}],"wp:attachment":[{"href":"https:\/\/bassin-arcachon.com\/it\/wp-json\/wp\/v2\/media?parent=111"}],"curies":[{"name":"wp","href":"https:\/\/api.w.org\/{rel}","templated":true}]}}