{"id":114,"date":"2017-02-07T16:15:20","date_gmt":"2017-02-07T15:15:20","guid":{"rendered":"https:\/\/bassin-arcachon.com\/\/?page_id=114"},"modified":"2024-12-13T10:52:37","modified_gmt":"2024-12-13T09:52:37","slug":"il-test-del-libro","status":"publish","type":"page","link":"https:\/\/bassin-arcachon.com\/it\/nos-villes-et-villages\/la-teste-de-buch\/","title":{"rendered":"La Teste de Buch"},"content":{"rendered":"<div class=\"wp-block-uagb-container uagb-block-0405e145 alignfull uagb-is-root-container\"><div class=\"uagb-container-inner-blocks-wrap\">\n<div class=\"wp-block-uagb-container uagb-block-0b973f92\">\n<div class=\"wp-block-uagb-image uagb-block-6c87cc13 wp-block-uagb-image--layout-default wp-block-uagb-image--effect-static wp-block-uagb-image--align-none\"><figure class=\"wp-block-uagb-image__figure\"><img decoding=\"async\" srcset=\"https:\/\/bassin-arcachon.com\/wp-content\/uploads\/2017\/02\/mini-map-la-teste.jpg \" sizes=\"auto, (max-width: 480px) 150px\" src=\"https:\/\/bassin-arcachon.com\/wp-content\/uploads\/2017\/02\/mini-map-la-teste.jpg\" alt=\"- - Bassin d&#039;Arcachon\" class=\"uag-image-1915\" width=\"278\" height=\"278\" title=\"- - Bassin d&#039;Arcachon\" loading=\"lazy\" role=\"img\"><\/figure><\/div>\n\n\n\n<h2 class=\"wp-block-heading\">La Teste de Buch, il gioiello di Bassin di Arcachon<\/h2>\n\n\n\n<p>Ben noto per la sua maestosit\u00e0&nbsp;<a href=\"https:\/\/bassin-arcachon.com\/it\/i-nostri-elementi-essenziali\/la-duna-di-pilat\/\">Duna di Pilat<\/a>, La Teste de Buch offre molte attivit\u00e0 in tutte le stagioni.<\/p>\n\n\n\n<p>Qui troverai tutte le sfaccettature di Bassin nella stessa citt\u00e0. <a href=\"https:\/\/bassin-arcachon.com\/it\/dove-dormire\/affitti\/i-nostri-affitti-vacanze-a-la-teste-de-buch\/\">Vacanze<\/a> promette di essere vivace!<\/p>\n\n\n\n<p>La Teste de Buch ha diversi distretti:&nbsp;<strong>Pila sur Mer<\/strong>,&nbsp;<strong>Cazaux<\/strong>&nbsp;e il centro di La Teste con i suoi&nbsp;<strong>porto di ostriche<\/strong>&nbsp;e il suo grande mercato.<\/p>\n<\/div>\n\n\n\n<div class=\"wp-block-uagb-container uagb-block-4cece41d\">\n<div class=\"wp-block-uagb-image uagb-block-0649958b wp-block-uagb-image--layout-default wp-block-uagb-image--effect-static wp-block-uagb-image--align-none\"><figure class=\"wp-block-uagb-image__figure\"><img decoding=\"async\" srcset=\"https:\/\/bassin-arcachon.com\/wp-content\/uploads\/2018\/07\/Dune-du-Pilat-683x1024.jpg \" sizes=\"auto, (max-width: 480px) 150px\" src=\"https:\/\/bassin-arcachon.com\/wp-content\/uploads\/2018\/07\/Dune-du-Pilat-683x1024.jpg\" alt=\"- - Bassin d&#039;Arcachon\" class=\"uag-image-23386\" width=\"683\" height=\"1024\" title=\"- - Bassin d&#039;Arcachon\" loading=\"lazy\" role=\"img\"><\/figure><\/div>\n<\/div>\n<\/div><\/div>\n\n\n\n<div style=\"height:40px\" aria-hidden=\"true\" class=\"wp-block-spacer\"><\/div>\n\n\n\n<div class=\"wp-block-uagb-container uagb-block-7e0427fe alignfull uagb-is-root-container\"><div class=\"uagb-container-inner-blocks-wrap\">\n<h2 class=\"wp-block-heading\">Sali sulla duna pi\u00f9 alta d&#039;Europa: la Dune du Pilat<\/h2>\n\n\n\n<p>Salire il&nbsp;<strong>Duna di Pilat<\/strong>, sta prendendo un biglietto per ammirare uno dei panorami pi\u00f9 belli di Francia! Avventurati oltre la scalinata, non sospetti osservandola che sia un monumento naturale in pieno movimento e un libro di storia a cielo aperto. Dai suoi 110 m di altezza si pu\u00f2 ammirare un magnifico panorama del&nbsp;<a href=\"https:\/\/bassin-arcachon.com\/it\/i-nostri-elementi-essenziali\/la-panchina-di-darguin\/\">Banca d&#039;Arguin<\/a>, la foresta e il&nbsp;<a href=\"https:\/\/bassin-arcachon.com\/it\/le-nostre-citta-e-i-nostri-villaggi\/furetto-lege-cap\/\">Cap-Ferret<\/a>. Dall&#039;altra parte, una pineta a perdita d&#039;occhio. Ma la duna non \u00e8 visitabile solo in estate, non esitate a scoprirla in altri colori!<\/p>\n\n\n\n<p>Dopo la salita, fai una pausa su uno dei&nbsp;<a href=\"https:\/\/bassin-arcachon.com\/it\/i-nostri-elementi-essenziali\/le-spiagge\/\">grandi spiagge oceaniche<\/a>&nbsp;La Teste de Buch (Petit Nice, La Lagune, ecc.) per una nuotata rinfrescante.<\/p>\n<\/div><\/div>\n\n\n\n<div style=\"height:40px\" aria-hidden=\"true\" class=\"wp-block-spacer\"><\/div>\n\n\n\n<div class=\"wp-block-uagb-container uagb-block-f52b50c9 alignfull uagb-is-root-container\"><div class=\"uagb-container-inner-blocks-wrap\">\n<div class=\"wp-block-uagb-container uagb-block-175dc71f\">\n<div class=\"wp-block-uagb-image aligncenter uagb-block-b9921567 wp-block-uagb-image--layout-overlay wp-block-uagb-image--effect-static wp-block-uagb-image--align-center\"><figure class=\"wp-block-uagb-image__figure\"><img decoding=\"async\" srcset=\"https:\/\/bassin-arcachon.com\/wp-content\/uploads\/2020\/07\/Plages-oceanes-Bassin-Arcachon-1024x683-1.jpg \" sizes=\"auto, (max-width: 480px) 150px\" src=\"https:\/\/bassin-arcachon.com\/wp-content\/uploads\/2020\/07\/Plages-oceanes-Bassin-Arcachon-1024x683-1.jpg\" alt=\"- - Bassin d&#039;Arcachon\" class=\"uag-image-53073\" width=\"1024\" height=\"683\" title=\"- - Bassin d&#039;Arcachon\" loading=\"lazy\" role=\"img\"><div class=\"wp-block-uagb-image--layout-overlay__color-wrapper\"><\/div><div class=\"wp-block-uagb-image--layout-overlay__inner center-center\"><h2 class=\"uagb-image-heading\">Prima di venire, controlla in tempo reale le presenze del parcheggio<\/h2><\/div><\/figure><\/div>\n<\/div>\n\n\n\n<div class=\"wp-block-uagb-container uagb-block-ac77147e\">\n<iframe loading=\"lazy\" width=\"100%\" height=\"393\" src=\"https:\/\/bassin-arcachon.com\/parking\/?lang=fr\" '=\"\" data-dashlane-frameid=\"2065\"><\/iframe>\n<\/div>\n<\/div><\/div>\n\n\n\n<div style=\"height:40px\" aria-hidden=\"true\" class=\"wp-block-spacer\"><\/div>\n\n\n\n<div class=\"wp-block-uagb-container uagb-block-93ac09d8 alignfull uagb-is-root-container\"><div class=\"uagb-container-inner-blocks-wrap\">\n<div class=\"wp-block-uagb-container uagb-block-417cc7d1\">\n<div class=\"wp-block-uagb-image uagb-block-cbde6e3c wp-block-uagb-image--layout-default wp-block-uagb-image--effect-static wp-block-uagb-image--align-none\"><figure class=\"wp-block-uagb-image__figure\"><img decoding=\"async\" srcset=\"https:\/\/bassin-arcachon.com\/wp-content\/uploads\/2017\/02\/banc-arguin-guide-1024x576.jpg ,https:\/\/bassin-arcachon.com\/wp-content\/uploads\/2017\/02\/banc-arguin-guide.jpg 780w, https:\/\/bassin-arcachon.com\/wp-content\/uploads\/2017\/02\/banc-arguin-guide.jpg 360w\" sizes=\"auto, (max-width: 480px) 150px\" src=\"https:\/\/bassin-arcachon.com\/wp-content\/uploads\/2017\/02\/banc-arguin-guide-1024x576.jpg\" alt=\"- - Bassin d&#039;Arcachon\" class=\"uag-image-976\" width=\"1024\" height=\"683\" title=\"- - Bassin d&#039;Arcachon\" loading=\"lazy\" role=\"img\"><\/figure><\/div>\n<\/div>\n\n\n\n<div class=\"wp-block-uagb-container uagb-block-62220edb\">\n<h2 class=\"wp-block-heading\">Una giornata sul Banc d&#039;Arguin<\/h2>\n\n\n\n<p>Teli da mare e picnic sottobraccio, partenza per la giornata sul Banc d&#039;Arguin. Approfitta della gita in barca per osservare gli allevatori di ostriche che lavorano nei banchi di ostriche, prima di toccare la sabbia calda e giocare a Robinson Crusoe.<br><strong>Arguin<\/strong>&nbsp;\u00e8 accessibile solo in barca per la giornata. Una parte del banco di sabbia \u00e8 circondata da una corda punteggiata da cartelli &quot;zona di protezione integrale&quot;, si prega di non attraversarla (high bird spot). Il bivacco e i cani non sono ammessi.<\/p>\n<\/div>\n<\/div><\/div>\n\n\n\n<div style=\"height:40px\" aria-hidden=\"true\" class=\"wp-block-spacer\"><\/div>\n\n\n\n<div class=\"wp-block-uagb-container uagb-block-8ad2ee1a alignfull uagb-is-root-container\"><div class=\"uagb-container-inner-blocks-wrap\">\n<div class=\"wp-block-uagb-container uagb-block-cc4253ff\">\n<h2 class=\"wp-block-heading\">Fai un giro a Bird Island<\/h2>\n\n\n\n<p>Partendo da Arcachon o dalla penisola di L\u00e8ge-Cap Ferret, in barca o in kayak da mare, devi fare il giro di quest&#039;isola nel mezzo della Bassin.<\/p>\n\n\n\n<p>In barca, preferisci l&#039;alta marea per vedere il&nbsp;<a href=\"https:\/\/bassin-arcachon.com\/it\/i-nostri-elementi-essenziali\/le-cabine-tchanquee\/\">Cabine su Tchanqu\u00e9es<\/a>, ma il kayak da mare \u00e8 la barca ideale! Dalla semplice scoperta (2h), alla passeggiata (3h) o all&#039;escursione tra terra e mare (da 4 a 5h), i percorsi sono vari. Per motivi di accessibilit\u00e0 del sito, Bird Island non \u00e8 visitabile!<\/p>\n<\/div>\n\n\n\n<div class=\"wp-block-uagb-container uagb-block-f742a4d2\">\n<div class=\"wp-block-uagb-image uagb-block-cd9525a3 wp-block-uagb-image--layout-default wp-block-uagb-image--effect-static wp-block-uagb-image--align-none\"><figure class=\"wp-block-uagb-image__figure\"><img decoding=\"async\" srcset=\"https:\/\/bassin-arcachon.com\/wp-content\/uploads\/2017\/02\/Cabanes-tchanqu\u00e9es-bassin-darcachon.jpg \" sizes=\"auto, (max-width: 480px) 150px\" src=\"https:\/\/bassin-arcachon.com\/wp-content\/uploads\/2017\/02\/Cabanes-tchanqu\u00e9es-bassin-darcachon.jpg\" alt=\"- - Bassin d&#039;Arcachon\" class=\"uag-image-23673\" width=\"1000\" height=\"666\" title=\"- - Bassin d&#039;Arcachon\" loading=\"lazy\" role=\"img\"><\/figure><\/div>\n<\/div>\n<\/div><\/div>\n\n\n\n<div style=\"height:40px\" aria-hidden=\"true\" class=\"wp-block-spacer\"><\/div>\n\n\n\n<div class=\"wp-block-uagb-container uagb-block-a57c6c2c alignfull uagb-is-root-container\"><div class=\"uagb-container-inner-blocks-wrap\">\n<div class=\"wp-block-uagb-container uagb-block-1145e4d4\">\n<div class=\"wp-block-uagb-image uagb-block-83d86437 wp-block-uagb-image--layout-default wp-block-uagb-image--effect-static wp-block-uagb-image--align-none\"><figure class=\"wp-block-uagb-image__figure\"><img decoding=\"async\" srcset=\"https:\/\/bassin-arcachon.com\/wp-content\/uploads\/2017\/04\/lateste_marche2-1024x660.jpg ,https:\/\/bassin-arcachon.com\/wp-content\/uploads\/2017\/04\/lateste_marche2.jpg 780w, https:\/\/bassin-arcachon.com\/wp-content\/uploads\/2017\/04\/lateste_marche2.jpg 360w\" sizes=\"auto, (max-width: 480px) 150px\" src=\"https:\/\/bassin-arcachon.com\/wp-content\/uploads\/2017\/04\/lateste_marche2-1024x660.jpg\" alt=\"- - Bassin d&#039;Arcachon\" class=\"uag-image-1113\" width=\"1024\" height=\"660\" title=\"- - Bassin d&#039;Arcachon\" loading=\"lazy\" role=\"img\"><\/figure><\/div>\n<\/div>\n\n\n\n<div class=\"wp-block-uagb-container uagb-block-fcdfb62f\">\n<h2 class=\"wp-block-heading\">Percorri i corridoi del mercato per fare acquisti<\/h2>\n\n\n\n<p>Il mercato dei centri La Teste de Buch \u00e8 uno dei&nbsp;<strong>pi\u00f9 grandi mercati della Gironda<\/strong>&nbsp;! D&#039;estate come d&#039;inverno, le bancarelle sono tante e diverse, per far divertire o viziare i vostri cari al ritorno dalle vacanze. Se ti piacciono le ostriche, dirigiti al porto delle ostriche dopo il mercato, dove ci sono diverse baracche di ostriche<a href=\"https:\/\/bassin-arcachon.com\/it\/o-mangiare\/capanne-di-ostriche\/\">&nbsp;<\/a>offrire degustazioni.<\/p>\n<\/div>\n<\/div><\/div>\n\n\n\n<div style=\"height:40px\" aria-hidden=\"true\" class=\"wp-block-spacer\"><\/div>\n\n\n\n<div class=\"wp-block-uagb-container uagb-block-160d1a49 alignfull uagb-is-root-container\"><div class=\"uagb-container-inner-blocks-wrap\">\n<div class=\"wp-block-uagb-container uagb-block-6f423e88\">\n<h2 class=\"wp-block-heading\">Contempla il paesaggio del Pr\u00e9s Sal\u00e9s Ouest<\/h2>\n\n\n\n<p>Partendo dal porto delle ostriche, scopri il&nbsp;<a href=\"https:\/\/bassin-arcachon.com\/it\/pres-sales-ovest-il-nostro-piccolo-angolo-segreto\/\" target=\"_blank\" rel=\"noreferrer noopener\">Prati salati occidentali<\/a>&nbsp;a piedi o in bicicletta. Un paesaggio che cambia con le stagioni e le maree... quanto basta per deliziare tutti gli amanti della natura.<\/p>\n\n\n\n<p>Un percorso interpretativo, con numerosi pannelli didattici, ci permette di visitare questo sito naturale. E non dimenticare il binocolo per osservare da vicino gli uccelli migratori!<\/p>\n<\/div>\n\n\n\n<div class=\"wp-block-uagb-container uagb-block-a9183918\">\n<div class=\"wp-block-uagb-image uagb-block-6b6983fa wp-block-uagb-image--layout-default wp-block-uagb-image--effect-static wp-block-uagb-image--align-none\"><figure class=\"wp-block-uagb-image__figure\"><img decoding=\"async\" srcset=\"https:\/\/bassin-arcachon.com\/wp-content\/uploads\/2018\/04\/pres-sales-ouest-la-teste-e1548070131821.jpg \" sizes=\"auto, (max-width: 480px) 150px\" src=\"https:\/\/bassin-arcachon.com\/wp-content\/uploads\/2018\/04\/pres-sales-ouest-la-teste-e1548070131821.jpg\" alt=\"Pausa rilassante nei prati salati occidentali a Teste de Buch\" class=\"uag-image-19913\" width=\"1000\" height=\"666\" title=\"- - Bassin d&#039;Arcachon\" loading=\"lazy\" role=\"img\"><\/figure><\/div>\n<\/div>\n<\/div><\/div>\n\n\n\n<div style=\"height:40px\" aria-hidden=\"true\" class=\"wp-block-spacer\"><\/div>\n\n\n\n<div class=\"wp-block-uagb-container uagb-block-554d6e82 alignfull uagb-is-root-container\"><div class=\"uagb-container-inner-blocks-wrap\">\n<div class=\"wp-block-uagb-container uagb-block-26f6ea02\">\n<div class=\"wp-block-uagb-image uagb-block-a5298701 wp-block-uagb-image--layout-default wp-block-uagb-image--effect-static wp-block-uagb-image--align-none\"><figure class=\"wp-block-uagb-image__figure\"><img decoding=\"async\" srcset=\"https:\/\/bassin-arcachon.com\/wp-content\/uploads\/2017\/02\/Lac-de-Cazaux-en-famille.jpg \" sizes=\"auto, (max-width: 480px) 150px\" src=\"https:\/\/bassin-arcachon.com\/wp-content\/uploads\/2017\/02\/Lac-de-Cazaux-en-famille.jpg\" alt=\"- - Bassin d&#039;Arcachon\" class=\"uag-image-23753\" width=\"1000\" height=\"666\" title=\"- - Bassin d&#039;Arcachon\" loading=\"lazy\" role=\"img\"><\/figure><\/div>\n<\/div>\n\n\n\n<div class=\"wp-block-uagb-container uagb-block-3aec4116\">\n<h2 class=\"wp-block-heading\">Farnienter (o no) sul Lac de Cazaux<\/h2>\n\n\n\n<p>Posto per rilassarsi ai margini del&nbsp;<strong>Lago di Cazaux<\/strong>&nbsp;! Con le sue attivit\u00e0 nautiche, le sue due spiagge di sabbia fine e le sue insenature selvagge, il lago di Cazaux ha in serbo per voi delle belle sorprese.<\/p>\n\n\n\n<p>Per gli appassionati di attivit\u00e0 nautiche, \u00e8 il momento di provare la vela, il paddle boarding o la canoa su uno dei pi\u00f9 grandi laghi d&#039;acqua dolce della Francia!<\/p>\n<\/div>\n<\/div><\/div>\n\n\n\n<div style=\"height:40px\" aria-hidden=\"true\" class=\"wp-block-spacer\"><\/div>\n\n\n\n<div class=\"wp-block-uagb-container uagb-block-5ccf7262 alignfull uagb-is-root-container\">\n<div class=\"wp-block-cover has-parallax\"><span aria-hidden=\"true\" class=\"wp-block-cover__background has-background-dim-0 has-background-dim\"><\/span><div class=\"wp-block-cover__image-background wp-image-23981 has-parallax\" style=\"background-position:50% 50%;background-image:url(https:\/\/bassin-arcachon.com\/wp-content\/uploads\/2018\/07\/Zoo-de-La-Teste-de-Buch.jpg)\"><\/div><div class=\"wp-block-cover__inner-container is-layout-flow wp-block-cover-is-layout-flow\">\n<h2 class=\"wp-block-heading has-text-align-center has-white-color has-text-color has-background has-large-font-size\" style=\"background-color:#000000b3\">Per una giornata con i bambini, vai allo Zoo!<\/h2>\n<\/div><\/div>\n<\/div>\n\n\n\n<div style=\"height:20px\" aria-hidden=\"true\" class=\"wp-block-spacer\"><\/div>","protected":false},"excerpt":{"rendered":"<p>La Teste de Buch, le joyau du Bassin d\u2019Arcachon Tr\u00e8s connue pour sa majestueuse&nbsp;Dune du Pilat, La Teste de Buch offre de nombreuses activit\u00e9s en toutes saisons. Ici, vous retrouverez [&hellip;]<\/p>\n","protected":false},"author":25,"featured_media":22319,"parent":29,"menu_order":2,"comment_status":"closed","ping_status":"closed","template":"","meta":{"_acf_changed":false,"_uag_custom_page_level_css":"","footnotes":""},"class_list":["post-114","page","type-page","status-publish","has-post-thumbnail","hentry"],"acf":[],"uagb_featured_image_src":{"full":["https:\/\/bassin-arcachon.com\/wp-content\/uploads\/2018\/06\/Plage-oceane-Bassin.jpg",1000,666,false],"thumbnail":["https:\/\/bassin-arcachon.com\/wp-content\/uploads\/2018\/06\/Plage-oceane-Bassin-150x150.jpg",150,150,true],"medium":["https:\/\/bassin-arcachon.com\/wp-content\/uploads\/2018\/06\/Plage-oceane-Bassin-600x400.jpg",600,400,true],"medium_large":["https:\/\/bassin-arcachon.com\/wp-content\/uploads\/2018\/06\/Plage-oceane-Bassin-768x511.jpg",768,511,true],"large":["https:\/\/bassin-arcachon.com\/wp-content\/uploads\/2018\/06\/Plage-oceane-Bassin.jpg",1000,666,false],"1536x1536":["https:\/\/bassin-arcachon.com\/wp-content\/uploads\/2018\/06\/Plage-oceane-Bassin.jpg",1000,666,false],"2048x2048":["https:\/\/bassin-arcachon.com\/wp-content\/uploads\/2018\/06\/Plage-oceane-Bassin.jpg",1000,666,false],"trp-custom-language-flag":["https:\/\/bassin-arcachon.com\/wp-content\/uploads\/2018\/06\/Plage-oceane-Bassin-18x12.jpg",18,12,true]},"uagb_author_info":{"display_name":"Marie Clauzel","author_link":"https:\/\/bassin-arcachon.com\/it\/author\/mariesiba\/"},"uagb_comment_info":0,"uagb_excerpt":"La Teste de Buch, le joyau du Bassin d\u2019Arcachon Tr\u00e8s connue pour sa majestueuse&nbsp;Dune du Pilat, La Teste de Buch offre de nombreuses activit\u00e9s en toutes saisons. Ici, vous retrouverez [&hellip;]","_links":{"self":[{"href":"https:\/\/bassin-arcachon.com\/it\/wp-json\/wp\/v2\/pages\/114","targetHints":{"allow":["GET"]}}],"collection":[{"href":"https:\/\/bassin-arcachon.com\/it\/wp-json\/wp\/v2\/pages"}],"about":[{"href":"https:\/\/bassin-arcachon.com\/it\/wp-json\/wp\/v2\/types\/page"}],"author":[{"embeddable":true,"href":"https:\/\/bassin-arcachon.com\/it\/wp-json\/wp\/v2\/users\/25"}],"replies":[{"embeddable":true,"href":"https:\/\/bassin-arcachon.com\/it\/wp-json\/wp\/v2\/comments?post=114"}],"version-history":[{"count":1,"href":"https:\/\/bassin-arcachon.com\/it\/wp-json\/wp\/v2\/pages\/114\/revisions"}],"predecessor-version":[{"id":118612,"href":"https:\/\/bassin-arcachon.com\/it\/wp-json\/wp\/v2\/pages\/114\/revisions\/118612"}],"up":[{"embeddable":true,"href":"https:\/\/bassin-arcachon.com\/it\/wp-json\/wp\/v2\/pages\/29"}],"wp:featuredmedia":[{"embeddable":true,"href":"https:\/\/bassin-arcachon.com\/it\/wp-json\/wp\/v2\/media\/22319"}],"wp:attachment":[{"href":"https:\/\/bassin-arcachon.com\/it\/wp-json\/wp\/v2\/media?parent=114"}],"curies":[{"name":"wp","href":"https:\/\/api.w.org\/{rel}","templated":true}]}}