{"id":117,"date":"2017-02-07T16:17:11","date_gmt":"2017-02-07T15:17:11","guid":{"rendered":"https:\/\/bassin-arcachon.com\/\/?page_id=117"},"modified":"2024-12-13T10:53:49","modified_gmt":"2024-12-13T09:53:49","slug":"gujan-mestras","status":"publish","type":"page","link":"https:\/\/bassin-arcachon.com\/it\/nos-villes-et-villages\/gujan-mestras\/","title":{"rendered":"Gujan-Mestras"},"content":{"rendered":"<div class=\"wp-block-uagb-container uagb-block-aab26be1 alignfull uagb-is-root-container\"><div class=\"uagb-container-inner-blocks-wrap\">\n<div class=\"wp-block-uagb-container uagb-block-3cf758f3\">\n<div class=\"wp-block-uagb-image uagb-block-e679998f wp-block-uagb-image--layout-default wp-block-uagb-image--effect-static wp-block-uagb-image--align-none\"><figure class=\"wp-block-uagb-image__figure\"><img decoding=\"async\" srcset=\"https:\/\/bassin-arcachon.com\/wp-content\/uploads\/2017\/02\/mini-map-gujan.jpg \" sizes=\"auto, (max-width: 480px) 150px\" src=\"https:\/\/bassin-arcachon.com\/wp-content\/uploads\/2017\/02\/mini-map-gujan.jpg\" alt=\"Mappa di Guj\u00e1n Mestras\" class=\"uag-image-1919\" width=\"278\" height=\"278\" title=\"- - Bassin d&#039;Arcachon\" loading=\"lazy\" role=\"img\"><\/figure><\/div>\n\n\n\n<h2 class=\"wp-block-heading\">Gujan-Mestras, la citt\u00e0 con 7 porti<\/h2>\n\n\n\n<p>Non sono meno di 7 i porti di ostriche che si susseguono&nbsp;<strong>Gujan-Mestras<\/strong>. Qui puoi osservare il lavoro quotidiano degli allevatori di ostriche, l&#039;opportunit\u00e0 di conoscere meglio questa entusiasmante professione. Rilassati e senti il profumo delle ostriche, sei arrivato!<br>Se stai cercando una casa vacanza a Gujan Mestras, <a href=\"https:\/\/bassin-arcachon.com\/it\/dove-dormire\/affitti\/i-nostri-affitti-vacanze-in-gujan-mestras\/\">\u00e8 cos\u00ec <\/a>! <\/p>\n<\/div>\n\n\n\n<div class=\"wp-block-uagb-container uagb-block-56d49e3a\">\n<div class=\"wp-block-uagb-image uagb-block-207e986c wp-block-uagb-image--layout-default wp-block-uagb-image--effect-static wp-block-uagb-image--align-none\"><figure class=\"wp-block-uagb-image__figure\"><img decoding=\"async\" srcset=\"https:\/\/bassin-arcachon.com\/wp-content\/uploads\/2020\/07\/Sillonnez-03-GujanMestras.jpeg \" sizes=\"auto, (max-width: 480px) 150px\" src=\"https:\/\/bassin-arcachon.com\/wp-content\/uploads\/2020\/07\/Sillonnez-03-GujanMestras.jpeg\" alt=\"- - Bassin d&#039;Arcachon\" class=\"uag-image-51465\" width=\"1000\" height=\"666\" title=\"- - Bassin d&#039;Arcachon\" loading=\"lazy\" role=\"img\"><\/figure><\/div>\n<\/div>\n<\/div><\/div>\n\n\n\n<div style=\"height:40px\" aria-hidden=\"true\" class=\"wp-block-spacer\"><\/div>\n\n\n\n<div class=\"wp-block-uagb-container uagb-block-3ddc2cdc alignfull uagb-is-root-container\"><div class=\"uagb-container-inner-blocks-wrap\">\n<h2 class=\"wp-block-heading\">Passeggiando di porto in porto<\/h2>\n\n\n\n<p>Con i suoi&nbsp;<strong>capanne colorate<\/strong>, suoi&nbsp;<strong>allevatori di ostriche<\/strong>&nbsp;e&nbsp;<a href=\"https:\/\/bassin-arcachon.com\/it\/o-mangiare\/capanne-di-ostriche\/\">degustazioni di ostriche<\/a>, ci sono molte opportunit\u00e0 per fermarsi a Gujan-Mestras. Ogni porto ha la sua autenticit\u00e0 e cambia con il ritmo delle maree. Sulla spianata dei coltivatori di ostriche a&nbsp;<a href=\"https:\/\/bassin-arcachon.com\/it\/uno-sguardo-al-porto-di-larros\/\">Porto di Larro<\/a>, concediti una pausa per incontrare gli allevatori di ostriche e assaggiare le ostriche, accompagnate da gamberi e pat\u00e9! E per comprendere appieno la storia dell&#039;ostrica, approfitta di questa passeggiata per visitare il&nbsp;<a href=\"http:\/\/www.maison-huitre.fr\/\" target=\"_blank\" rel=\"noopener\">Casa delle ostriche<\/a>.<\/p>\n<\/div><\/div>\n\n\n<div class=\"wp-block-image\">\n<figure class=\"aligncenter size-large is-resized\"><img loading=\"lazy\" decoding=\"async\" width=\"1024\" height=\"683\" src=\"https:\/\/bassin-arcachon.com\/wp-content\/uploads\/2023\/02\/20191203_HD_Hiver_Pole-de-Larros_Gujan_CASSIAU-11-1-scaled-1024x683.jpg\" alt=\"- - Bassin d&#039;Arcachon\" class=\"wp-image-55080\" style=\"aspect-ratio:16\/9;object-fit:cover;width:1200px\" title=\"- - Bassin d&#039;Arcachon\" srcset=\"https:\/\/bassin-arcachon.com\/wp-content\/uploads\/2023\/02\/20191203_HD_Hiver_Pole-de-Larros_Gujan_CASSIAU-11-1-scaled-1024x683.jpg 1024w, https:\/\/bassin-arcachon.com\/wp-content\/uploads\/2023\/02\/20191203_HD_Hiver_Pole-de-Larros_Gujan_CASSIAU-11-1-scaled-600x400.jpg 600w, https:\/\/bassin-arcachon.com\/wp-content\/uploads\/2023\/02\/20191203_HD_Hiver_Pole-de-Larros_Gujan_CASSIAU-11-1-scaled-768x512.jpg 768w, https:\/\/bassin-arcachon.com\/wp-content\/uploads\/2023\/02\/20191203_HD_Hiver_Pole-de-Larros_Gujan_CASSIAU-11-1-scaled-1536x1024.jpg 1536w, https:\/\/bassin-arcachon.com\/wp-content\/uploads\/2023\/02\/20191203_HD_Hiver_Pole-de-Larros_Gujan_CASSIAU-11-1-scaled-2048x1366.jpg 2048w, https:\/\/bassin-arcachon.com\/wp-content\/uploads\/2023\/02\/20191203_HD_Hiver_Pole-de-Larros_Gujan_CASSIAU-11-1-scaled-18x12.jpg 18w\" sizes=\"auto, (max-width: 1024px) 100vw, 1024px\" \/><\/figure>\n<\/div>\n\n\n<div style=\"height:40px\" aria-hidden=\"true\" class=\"wp-block-spacer\"><\/div>\n\n\n\n<div class=\"wp-block-uagb-container uagb-block-2702df83 alignfull uagb-is-root-container\"><div class=\"uagb-container-inner-blocks-wrap\">\n<h2 class=\"wp-block-heading\">Il sentiero costiero Gujan-Mestras, a piedi o in bicicletta<\/h2>\n\n\n\n<p>Questo&nbsp;<strong>Il percorso di 7 km collega i 7 porti di Gujan-Mestras<\/strong>&nbsp;e attraversa paesaggi preservati tra Bassin e prati salati. A piedi o in bicicletta, prendi il sentiero costiero per il piacere di riconnetterti con la natura. Con la bassa marea ti sembra di essere in mezzo alla savana in alcuni punti, mentre con l&#039;alta marea attraversi le passerelle appena sopra l&#039;acqua!<\/p>\n\n\n\n<p>Approfitta del tuo tempo nei porti per andare al\u00a0<strong>incontro di allevatori di ostriche<\/strong>\u00a0oppure siediti vicino al sentiero per un picnic improvvisato!<\/p>\n\n\n\n<div style=\"height:40px\" aria-hidden=\"true\" class=\"wp-block-spacer\"><\/div>\n<\/div><\/div>\n\n\n\n<div class=\"wp-block-uagb-container uagb-block-fa9f6d1e alignfull uagb-is-root-container\">\n<div class=\"wp-block-cover is-light has-parallax\"><span aria-hidden=\"true\" class=\"wp-block-cover__background has-background-dim-0 has-background-dim\"><\/span><div class=\"wp-block-cover__image-background wp-image-20636 has-parallax\" style=\"background-position:50% 50%;background-image:url(https:\/\/bassin-arcachon.com\/wp-content\/uploads\/2018\/04\/Sentier-littoral-Gujan.jpg)\"><\/div><div class=\"wp-block-cover__inner-container is-layout-flow wp-block-cover-is-layout-flow\">\n<h2 class=\"wp-block-heading has-text-align-center has-white-color has-text-color has-background has-large-font-size\" style=\"background-color:#000000b3\"><a href=\"https:\/\/www.gironde-tourisme.fr\/patrimoine-naturel\/le-sentier-du-littoral-de-gujan-mestras\/\" target=\"_blank\" rel=\"noopener\">Prendi il sentiero costiero la mattina presto o alla fine della giornata<\/a><\/h2>\n<\/div><\/div>\n<\/div>\n\n\n\n<div style=\"height:40px\" aria-hidden=\"true\" class=\"wp-block-spacer\"><\/div>\n\n\n\n<div class=\"wp-block-uagb-container uagb-block-7bbb98c5 alignfull uagb-is-root-container\"><div class=\"uagb-container-inner-blocks-wrap\">\n<div class=\"wp-block-uagb-container uagb-block-c027a36d\">\n<h2 class=\"wp-block-heading\">Eratopia per una giornata in famiglia<\/h2>\n\n\n\n<p>Qui ci sono&nbsp;<strong>parchi a tema<\/strong>&nbsp;per tutte le et\u00e0 e per tutti i gusti: La Coccinelle, Kid Parc, Aqualand, Bassin Aventures, Max&#039; Golf, Laser Lander... Mentre i bambini si divertono sugli scivoli, sulle montagne russe o anche in un percorso tra gli alberi, gli adulti possono cimentarsi in un campo da golf a&nbsp;<a href=\"https:\/\/bluegreen.fr\/\" target=\"_blank\" rel=\"noopener\">Bluverde di Gujan-Mestras.<\/a><\/p>\n\n\n\n<p><strong>A luglio-agosto, organizza una giornata in uno dei pi\u00f9 grandi parchi acquatici della costa atlantica: Aqualand!<\/strong><\/p>\n<\/div>\n\n\n\n<div class=\"wp-block-uagb-container uagb-block-4fb842d7\">\n<figure class=\"wp-block-embed is-type-video is-provider-vimeo wp-block-embed-vimeo wp-embed-aspect-16-9 wp-has-aspect-ratio\"><div class=\"wp-block-embed__wrapper\">\n<iframe loading=\"lazy\" title=\"Parchi ricreativi di Bassin d&#039;Arcachon negli anni &#039;30\" src=\"https:\/\/player.vimeo.com\/video\/209048634?dnt=1&amp;app_id=122963\" width=\"500\" height=\"281\" frameborder=\"0\" allow=\"autoplay; fullscreen; picture-in-picture; clipboard-write\"><\/iframe>\n<\/div><\/figure>\n<\/div>\n<\/div><\/div>","protected":false},"excerpt":{"rendered":"<p>Gujan-Mestras, la ville aux 7 ports Ce n\u2019est pas moins de 7 ports ostr\u00e9icoles qui se succ\u00e8dent \u00e0&nbsp;Gujan-Mestras. Ici, vous pourrez observer le travail quotidien des ostr\u00e9iculteurs, l\u2019occasion d\u2019en apprendre [&hellip;]<\/p>\n","protected":false},"author":25,"featured_media":11174,"parent":29,"menu_order":3,"comment_status":"closed","ping_status":"closed","template":"","meta":{"_acf_changed":false,"_uag_custom_page_level_css":"","footnotes":""},"class_list":["post-117","page","type-page","status-publish","has-post-thumbnail","hentry"],"acf":[],"uagb_featured_image_src":{"full":["https:\/\/bassin-arcachon.com\/wp-content\/uploads\/2017\/02\/Sentier_littoral_Gujan_N6825.jpg",2048,1365,false],"thumbnail":["https:\/\/bassin-arcachon.com\/wp-content\/uploads\/2017\/02\/Sentier_littoral_Gujan_N6825-150x150.jpg",150,150,true],"medium":["https:\/\/bassin-arcachon.com\/wp-content\/uploads\/2017\/02\/Sentier_littoral_Gujan_N6825-600x400.jpg",600,400,true],"medium_large":["https:\/\/bassin-arcachon.com\/wp-content\/uploads\/2017\/02\/Sentier_littoral_Gujan_N6825-768x512.jpg",768,512,true],"large":["https:\/\/bassin-arcachon.com\/wp-content\/uploads\/2017\/02\/Sentier_littoral_Gujan_N6825-1024x683.jpg",1024,683,true],"1536x1536":["https:\/\/bassin-arcachon.com\/wp-content\/uploads\/2017\/02\/Sentier_littoral_Gujan_N6825-1536x1024.jpg",1536,1024,true],"2048x2048":["https:\/\/bassin-arcachon.com\/wp-content\/uploads\/2017\/02\/Sentier_littoral_Gujan_N6825.jpg",2048,1365,false],"trp-custom-language-flag":["https:\/\/bassin-arcachon.com\/wp-content\/uploads\/2017\/02\/Sentier_littoral_Gujan_N6825-18x12.jpg",18,12,true]},"uagb_author_info":{"display_name":"Marie Clauzel","author_link":"https:\/\/bassin-arcachon.com\/it\/author\/mariesiba\/"},"uagb_comment_info":0,"uagb_excerpt":"Gujan-Mestras, la ville aux 7 ports Ce n\u2019est pas moins de 7 ports ostr\u00e9icoles qui se succ\u00e8dent \u00e0&nbsp;Gujan-Mestras. Ici, vous pourrez observer le travail quotidien des ostr\u00e9iculteurs, l\u2019occasion d\u2019en apprendre [&hellip;]","_links":{"self":[{"href":"https:\/\/bassin-arcachon.com\/it\/wp-json\/wp\/v2\/pages\/117","targetHints":{"allow":["GET"]}}],"collection":[{"href":"https:\/\/bassin-arcachon.com\/it\/wp-json\/wp\/v2\/pages"}],"about":[{"href":"https:\/\/bassin-arcachon.com\/it\/wp-json\/wp\/v2\/types\/page"}],"author":[{"embeddable":true,"href":"https:\/\/bassin-arcachon.com\/it\/wp-json\/wp\/v2\/users\/25"}],"replies":[{"embeddable":true,"href":"https:\/\/bassin-arcachon.com\/it\/wp-json\/wp\/v2\/comments?post=117"}],"version-history":[{"count":1,"href":"https:\/\/bassin-arcachon.com\/it\/wp-json\/wp\/v2\/pages\/117\/revisions"}],"predecessor-version":[{"id":118613,"href":"https:\/\/bassin-arcachon.com\/it\/wp-json\/wp\/v2\/pages\/117\/revisions\/118613"}],"up":[{"embeddable":true,"href":"https:\/\/bassin-arcachon.com\/it\/wp-json\/wp\/v2\/pages\/29"}],"wp:featuredmedia":[{"embeddable":true,"href":"https:\/\/bassin-arcachon.com\/it\/wp-json\/wp\/v2\/media\/11174"}],"wp:attachment":[{"href":"https:\/\/bassin-arcachon.com\/it\/wp-json\/wp\/v2\/media?parent=117"}],"curies":[{"name":"wp","href":"https:\/\/api.w.org\/{rel}","templated":true}]}}