{"id":129,"date":"2017-02-08T09:54:30","date_gmt":"2017-02-08T08:54:30","guid":{"rendered":"https:\/\/bassin-arcachon.com\/\/?page_id=129"},"modified":"2024-05-13T17:08:29","modified_gmt":"2024-05-13T15:08:29","slug":"la-citta-invernale","status":"publish","type":"page","link":"https:\/\/bassin-arcachon.com\/it\/nos-incontournables\/la-ville-dhiver\/","title":{"rendered":"La citt\u00e0 invernale di Arcachon"},"content":{"rendered":"<div class=\"wp-block-uagb-container uagb-block-1fb3d2b1 alignfull uagb-is-root-container\"><div class=\"uagb-container-inner-blocks-wrap\">\n<div class=\"wp-block-uagb-container uagb-block-886f5d23\">\n<div class=\"wp-block-uagb-image uagb-block-c6100ab0 wp-block-uagb-image--layout-default wp-block-uagb-image--effect-static wp-block-uagb-image--align-none\"><figure class=\"wp-block-uagb-image__figure\"><img decoding=\"async\" srcset=\"https:\/\/bassin-arcachon.com\/wp-content\/uploads\/2017\/02\/mini-map-ville-hiver.jpg \" sizes=\"auto, (max-width: 480px) 150px\" src=\"https:\/\/bassin-arcachon.com\/wp-content\/uploads\/2017\/02\/mini-map-ville-hiver.jpg\" alt=\"- - Bassin d&#039;Arcachon\" class=\"uag-image-1879\" width=\"278\" height=\"278\" title=\"- - Bassin d&#039;Arcachon\" loading=\"lazy\" role=\"img\"><\/figure><\/div>\n<\/div>\n\n\n\n<div class=\"wp-block-uagb-container uagb-block-2911fefe\">\n<div class=\"wp-block-uagb-image uagb-block-27dbfea7 wp-block-uagb-image--layout-default wp-block-uagb-image--effect-static wp-block-uagb-image--align-none\"><figure class=\"wp-block-uagb-image__figure\"><img decoding=\"async\" srcset=\"\" sizes=\"auto, (max-width: 480px) 150px\" src=\"https:\/\/bassin-arcachon.com\/wp-content\/uploads\/2017\/10\/ville-dhiver-1-compress\u00e9-1024x683.jpg\" alt=\"- - Bassin d&#039;Arcachon\" class=\"uag-image-9916\" width=\"1024\" height=\"683\" title=\"- - Bassin d&#039;Arcachon\" loading=\"lazy\" role=\"img\" data-srcset=\"\"><\/figure><\/div>\n<\/div>\n<\/div><\/div>\n\n\n\n<div style=\"height:60px\" aria-hidden=\"true\" class=\"wp-block-spacer\"><\/div>\n\n\n\n<div class=\"wp-block-uagb-container uagb-block-b555c785 alignfull uagb-is-root-container\"><div class=\"uagb-container-inner-blocks-wrap\">\n<h2 class=\"wp-block-heading\">Vai sulle alture di Arcachon per scoprire la Ville d&#039;Hiver<\/h2>\n\n\n\n<p>Lontano dal trambusto delle spiagge, perdetevi nei vicoli del quartiere alla ricerca delle pi\u00f9 belle ville ottocentesche e passeggiate nel Parco Mauresque fino all&#039;Osservatorio di Sainte-C\u00e9cile. Il modo migliore per esplorare la Ville d&#039;Hiver \u00e8 a piedi.<a href=\"https:\/\/bassin-arcachon.com\/it\/le-nostre-citta-e-i-nostri-villaggi\/arcachon\/\">Arcachon<\/a> !<\/p>\n<\/div><\/div>\n\n\n\n<div style=\"height:60px\" aria-hidden=\"true\" class=\"wp-block-spacer\"><\/div>\n\n\n\n<div class=\"wp-block-uagb-container uagb-block-4708cd98 alignfull uagb-is-root-container\"><div class=\"uagb-container-inner-blocks-wrap\">\n<figure class=\"wp-block-gallery has-nested-images columns-2 is-cropped wp-block-gallery-1 is-layout-flex wp-block-gallery-is-layout-flex\">\n<figure class=\"wp-block-image size-large\"><img loading=\"lazy\" decoding=\"async\" width=\"683\" height=\"1024\" data-id=\"23419\" src=\"https:\/\/bassin-arcachon.com\/wp-content\/uploads\/2018\/07\/Promenade-en-ville-dhiver-683x1024.jpg\" alt=\"- - Bassin d&#039;Arcachon\" class=\"wp-image-23419\" title=\"- - Bassin d&#039;Arcachon\" srcset=\"https:\/\/bassin-arcachon.com\/wp-content\/uploads\/2018\/07\/Promenade-en-ville-dhiver-683x1024.jpg 683w, https:\/\/bassin-arcachon.com\/wp-content\/uploads\/2018\/07\/Promenade-en-ville-dhiver-400x600.jpg 400w, https:\/\/bassin-arcachon.com\/wp-content\/uploads\/2018\/07\/Promenade-en-ville-dhiver-768x1151.jpg 768w, https:\/\/bassin-arcachon.com\/wp-content\/uploads\/2018\/07\/Promenade-en-ville-dhiver-8x12.jpg 8w, https:\/\/bassin-arcachon.com\/wp-content\/uploads\/2018\/07\/Promenade-en-ville-dhiver.jpg 1000w\" sizes=\"auto, (max-width: 683px) 100vw, 683px\" \/><\/figure>\n\n\n\n<figure class=\"wp-block-image size-large\"><img loading=\"lazy\" decoding=\"async\" width=\"1024\" height=\"683\" data-id=\"23415\" src=\"https:\/\/bassin-arcachon.com\/wp-content\/uploads\/2017\/02\/ville-hiver-arcachon-1024x683.jpg\" alt=\"- - Bassin d&#039;Arcachon\" class=\"wp-image-23415\" title=\"- - Bassin d&#039;Arcachon\" srcset=\"https:\/\/bassin-arcachon.com\/wp-content\/uploads\/2017\/02\/ville-hiver-arcachon-1024x683.jpg 1024w, https:\/\/bassin-arcachon.com\/wp-content\/uploads\/2017\/02\/ville-hiver-arcachon-600x400.jpg 600w, https:\/\/bassin-arcachon.com\/wp-content\/uploads\/2017\/02\/ville-hiver-arcachon-768x512.jpg 768w, https:\/\/bassin-arcachon.com\/wp-content\/uploads\/2017\/02\/ville-hiver-arcachon-18x12.jpg 18w, https:\/\/bassin-arcachon.com\/wp-content\/uploads\/2017\/02\/ville-hiver-arcachon.jpg 1200w\" sizes=\"auto, (max-width: 1024px) 100vw, 1024px\" \/><\/figure>\n\n\n\n<figure class=\"wp-block-image size-large\"><img loading=\"lazy\" decoding=\"async\" width=\"1000\" height=\"666\" data-id=\"23420\" src=\"https:\/\/bassin-arcachon.com\/wp-content\/uploads\/2018\/07\/Villa-Trocadero-ville-dhiver-arcachon.jpg\" alt=\"- - Bassin d&#039;Arcachon\" class=\"wp-image-23420\" title=\"- - Bassin d&#039;Arcachon\" srcset=\"https:\/\/bassin-arcachon.com\/wp-content\/uploads\/2018\/07\/Villa-Trocadero-ville-dhiver-arcachon.jpg 1000w, https:\/\/bassin-arcachon.com\/wp-content\/uploads\/2018\/07\/Villa-Trocadero-ville-dhiver-arcachon-600x400.jpg 600w, https:\/\/bassin-arcachon.com\/wp-content\/uploads\/2018\/07\/Villa-Trocadero-ville-dhiver-arcachon-768x511.jpg 768w, https:\/\/bassin-arcachon.com\/wp-content\/uploads\/2018\/07\/Villa-Trocadero-ville-dhiver-arcachon-18x12.jpg 18w\" sizes=\"auto, (max-width: 1000px) 100vw, 1000px\" \/><\/figure>\n<\/figure>\n<\/div><\/div>\n\n\n\n<div style=\"height:60px\" aria-hidden=\"true\" class=\"wp-block-spacer\"><\/div>\n\n\n\n<div class=\"wp-block-uagb-container uagb-block-76947ea0 alignfull uagb-is-root-container\"><div class=\"uagb-container-inner-blocks-wrap\">\n<div class=\"wp-block-uagb-container uagb-block-ee67e0f5\">\n<h2 class=\"wp-block-heading\">Vagare per i corridoi...<\/h2>\n\n\n\n<p>Tra le 300 ville, da non perdere Villa Teresa, Toledo, Br\u00e9montier, Trocadero, Alexandre Dumas, Bayard e Athena, conosciuta come la pi\u00f9 stravagante della zona!<\/p>\n<\/div>\n\n\n\n<div class=\"wp-block-uagb-container uagb-block-a1c2baad\">\n<div class=\"wp-block-uagb-image uagb-block-2fdbc959 wp-block-uagb-image--layout-default wp-block-uagb-image--effect-static wp-block-uagb-image--align-none\"><figure class=\"wp-block-uagb-image__figure\"><img decoding=\"async\" srcset=\"\" sizes=\"auto, (max-width: 480px) 150px\" src=\"https:\/\/bassin-arcachon.com\/wp-content\/uploads\/2018\/07\/Discover-la-Ville-dHiver.jpg\" alt=\"- - Bassin d&#039;Arcachon\" class=\"uag-image-23422\" width=\"1024\" height=\"682\" title=\"- - Bassin d&#039;Arcachon\" loading=\"lazy\" role=\"img\" data-srcset=\"\"><\/figure><\/div>\n<\/div>\n<\/div><\/div>\n\n\n\n<div style=\"height:60px\" aria-hidden=\"true\" class=\"wp-block-spacer\"><\/div>\n\n\n\n<div class=\"wp-block-uagb-container uagb-block-6298d6e5 alignfull uagb-is-root-container\"><div class=\"uagb-container-inner-blocks-wrap\">\n<div class=\"wp-block-uagb-container uagb-block-4180b612\">\n<div class=\"wp-block-uagb-image uagb-block-97a2b06a wp-block-uagb-image--layout-default wp-block-uagb-image--effect-static wp-block-uagb-image--align-none\"><figure class=\"wp-block-uagb-image__figure\"><img decoding=\"async\" srcset=\"https:\/\/bassin-arcachon.com\/wp-content\/uploads\/2021\/05\/N4C5076-1-scaled-1024x683.jpg ,https:\/\/bassin-arcachon.com\/wp-content\/uploads\/2021\/05\/N4C5076-1-scaled.jpg 780w, https:\/\/bassin-arcachon.com\/wp-content\/uploads\/2021\/05\/N4C5076-1-scaled.jpg 360w\" sizes=\"auto, (max-width: 480px) 150px\" src=\"https:\/\/bassin-arcachon.com\/wp-content\/uploads\/2021\/05\/N4C5076-1-scaled-1024x683.jpg\" alt=\"- - Bassin d&#039;Arcachon\" class=\"uag-image-49872\" width=\"1024\" height=\"683\" title=\"- - Bassin d&#039;Arcachon\" loading=\"lazy\" role=\"img\"><\/figure><\/div>\n<\/div>\n\n\n\n<div class=\"wp-block-uagb-container uagb-block-b9ae973d\">\n<h2 class=\"wp-block-heading\">Fai una pausa al Parc Mauresque<\/h2>\n\n\n\n<p>Da Place du 8 Mai, prendi l&#039;ascensore fino a <a href=\"https:\/\/bassin-arcachon.com\/it\/le-nostre-citta-e-i-nostri-villaggi\/arcachon\/\">Parco Moresco<\/a> che collega la Citt\u00e0 dell&#039;Estate alla Citt\u00e0 dell&#039;Inverno. All&#039;uscita, vai sul balcone per ammirare la vista del Bassin. Una volta in cima e lontano dal trambusto, goditi una pausa fresca nei sentieri ombreggiati del parco. Parco giochi per bambini, chiosco e panchine, il parco Mauresque \u00e8 un incentivo al relax!<\/p>\n<\/div>\n<\/div><\/div>\n\n\n\n<div style=\"height:60px\" aria-hidden=\"true\" class=\"wp-block-spacer\"><\/div>\n\n\n\n<div class=\"wp-block-uagb-container uagb-block-63ba8914 alignfull uagb-is-root-container\"><div class=\"uagb-container-inner-blocks-wrap\">\n<div class=\"wp-block-uagb-container uagb-block-afee5bd3\">\n<h2 class=\"wp-block-heading\">Sali in cima all&#039;osservatorio di Sainte-C\u00e9cile<\/h2>\n\n\n\n<p>Per arrivarci, dovrai attraversare la passerella Saint-Paul! E per ammirare uno dei panorami pi\u00f9 belli della Ville d&#039;Hiver e dell&#039;Bassin, sali la scalinata fino al belvedere. \u00c8 scoprendolo pi\u00f9 da vicino che troverai certe somiglianze con un monumento ben noto a tutti. Bisogna ammetterlo, Gustave Eiffel ha partecipato a questo progetto<\/p>\n\n\n\n<h2 class=\"wp-block-heading\">Scopri la Ville d&#039;Hiver con una passeggiata guidata<\/h2>\n\n\n\n<p>Lasciati raccontare la storia della Ville d&#039;Hiver. L&#039;<a href=\"https:\/\/bassin-arcachon.com\/it\/uffici-turistici\/\">Ufficio del turismo di Arcachon<\/a>&nbsp;offre visite guidate da aprile a ottobre. E durante tutto l&#039;anno, scopri il quartiere con il trenino, le visite audioguidate o partecipando a un puzzle game.<\/p>\n<\/div>\n\n\n\n<div class=\"wp-block-uagb-container uagb-block-21ec270b\">\t\t\t\t\t<div\n\t\t\t\t\t\tclass=\"wp-block-uagb-image-gallery uagb-block-8969b757\"\n\t\t\t\t\t\tstyle=\"\"\n\t\t\t\t\t>\n\t\t\t\t\t\t\t\t\t\t\t<div class=\"spectra-image-gallery spectra-image-gallery__layout--carousel\">\n\t\t\t\t\t\t\t\t<div class=\"uagb-slick-carousel uagb-block-8969b757\">\n\t\t\t\t\t\t\t\t\t\t\t\t<div class='spectra-image-gallery__media-wrapper' data-spectra-gallery-image-id='35224'>\n\t\t\t\t\t\t\t<div class=\"spectra-image-gallery__media spectra-image-gallery__media--carousel\">\n\t\t\t\t<picture>\n\t\t\t\t\t<source media=\"(min-width: 1024px)\" srcset=\"https:\/\/bassin-arcachon.com\/wp-content\/uploads\/2019\/06\/arcachon-depuis-lobservatoire-sainte-cecile-683x1024.jpg\">\n\t\t\t\t\t<source media=\"(min-width: 768px)\" srcset=\"https:\/\/bassin-arcachon.com\/wp-content\/uploads\/2019\/06\/arcachon-depuis-lobservatoire-sainte-cecile-683x1024.jpg\">\n\t\t\t\t\t<img decoding=\"async\" class=\"spectra-image-gallery__media-thumbnail spectra-image-gallery__media-thumbnail--carousel\" src=\"https:\/\/bassin-arcachon.com\/wp-content\/uploads\/2019\/06\/arcachon-depuis-lobservatoire-sainte-cecile-200x300.jpg\" alt=\"- - Bassin d&#039;Arcachon\" loading=\"lazy\" title=\"- - Bassin d&#039;Arcachon\">\n\t\t\t\t<\/picture>\n\t\t\t\t<div class=\"spectra-image-gallery__media-thumbnail-blurrer\"><\/div>\n\t\t\t\t\t\t\t\t\t\t\t<div class=\"spectra-image-gallery__media-thumbnail-caption-wrapper spectra-image-gallery__media-thumbnail-caption-wrapper--overlay\"><\/div>\n\t\t\t\t\t\t\t\t<\/div>\n\t\t\t\t\t\t<\/div>\n\t\t\t\t\t\t<div class='spectra-image-gallery__media-wrapper' data-spectra-gallery-image-id='35222'>\n\t\t\t\t\t\t\t<div class=\"spectra-image-gallery__media spectra-image-gallery__media--carousel\">\n\t\t\t\t<picture>\n\t\t\t\t\t<source media=\"(min-width: 1024px)\" srcset=\"https:\/\/bassin-arcachon.com\/wp-content\/uploads\/2019\/06\/observatoire-saint-c\u00e9cile-arcachon-683x1024.jpg\">\n\t\t\t\t\t<source media=\"(min-width: 768px)\" srcset=\"https:\/\/bassin-arcachon.com\/wp-content\/uploads\/2019\/06\/observatoire-saint-c\u00e9cile-arcachon-683x1024.jpg\">\n\t\t\t\t\t<img decoding=\"async\" class=\"spectra-image-gallery__media-thumbnail spectra-image-gallery__media-thumbnail--carousel\" src=\"https:\/\/bassin-arcachon.com\/wp-content\/uploads\/2019\/06\/observatoire-saint-c\u00e9cile-arcachon-200x300.jpg\" alt=\"- - Bassin d&#039;Arcachon\" loading=\"lazy\" title=\"- - Bassin d&#039;Arcachon\">\n\t\t\t\t<\/picture>\n\t\t\t\t<div class=\"spectra-image-gallery__media-thumbnail-blurrer\"><\/div>\n\t\t\t\t\t\t\t\t\t\t\t<div class=\"spectra-image-gallery__media-thumbnail-caption-wrapper spectra-image-gallery__media-thumbnail-caption-wrapper--overlay\"><\/div>\n\t\t\t\t\t\t\t\t<\/div>\n\t\t\t\t\t\t<\/div>\n\t\t\t\t\t\t<div class='spectra-image-gallery__media-wrapper' data-spectra-gallery-image-id='23429'>\n\t\t\t\t\t\t\t<div class=\"spectra-image-gallery__media spectra-image-gallery__media--carousel\">\n\t\t\t\t<picture>\n\t\t\t\t\t<source media=\"(min-width: 1024px)\" srcset=\"https:\/\/bassin-arcachon.com\/wp-content\/uploads\/2018\/07\/Vue-depuis-lobservatoire-Ste-C\u00e9cile-683x1024.jpg\">\n\t\t\t\t\t<source media=\"(min-width: 768px)\" srcset=\"https:\/\/bassin-arcachon.com\/wp-content\/uploads\/2018\/07\/Vue-depuis-lobservatoire-Ste-C\u00e9cile-683x1024.jpg\">\n\t\t\t\t\t<img decoding=\"async\" class=\"spectra-image-gallery__media-thumbnail spectra-image-gallery__media-thumbnail--carousel\" src=\"https:\/\/bassin-arcachon.com\/wp-content\/uploads\/2018\/07\/Vue-depuis-lobservatoire-Ste-C\u00e9cile-200x300.jpg\" alt=\"- - Bassin d&#039;Arcachon\" loading=\"lazy\" title=\"- - Bassin d&#039;Arcachon\">\n\t\t\t\t<\/picture>\n\t\t\t\t<div class=\"spectra-image-gallery__media-thumbnail-blurrer\"><\/div>\n\t\t\t\t\t\t\t\t\t\t\t<div class=\"spectra-image-gallery__media-thumbnail-caption-wrapper spectra-image-gallery__media-thumbnail-caption-wrapper--overlay\"><\/div>\n\t\t\t\t\t\t\t\t<\/div>\n\t\t\t\t\t\t<\/div>\n\t\t\t\t\t\t\t\t\t\t\t<\/div>\n\t\t\t\t\t\t\t<\/div>\n\t\t\t\t\t\t\t\t\t\t\t<\/div>\n\t\t\t\t\t\t\t\t\t<\/div>\n<\/div><\/div>\n\n\n\n<div style=\"height:60px\" aria-hidden=\"true\" class=\"wp-block-spacer\"><\/div>","protected":false},"excerpt":{"rendered":"<p>Partez sur les hauteurs d\u2019Arcachon \u00e0 la d\u00e9couverte de la Ville d\u2019Hiver Loin de l\u2019effervescence des plages, perdez-vous dans les ruelles du quartier \u00e0 la recherche des plus belles villas [&hellip;]<\/p>\n","protected":false},"author":25,"featured_media":939,"parent":27,"menu_order":0,"comment_status":"closed","ping_status":"closed","template":"","meta":{"_acf_changed":false,"_uag_custom_page_level_css":"","footnotes":""},"class_list":["post-129","page","type-page","status-publish","has-post-thumbnail","hentry"],"acf":[],"uagb_featured_image_src":{"full":["https:\/\/bassin-arcachon.com\/wp-content\/uploads\/2017\/02\/ville-hiver.jpg",1200,800,false],"thumbnail":["https:\/\/bassin-arcachon.com\/wp-content\/uploads\/2017\/02\/ville-hiver-150x150.jpg",150,150,true],"medium":["https:\/\/bassin-arcachon.com\/wp-content\/uploads\/2017\/02\/ville-hiver-600x400.jpg",600,400,true],"medium_large":["https:\/\/bassin-arcachon.com\/wp-content\/uploads\/2017\/02\/ville-hiver-768x512.jpg",768,512,true],"large":["https:\/\/bassin-arcachon.com\/wp-content\/uploads\/2017\/02\/ville-hiver-1024x683.jpg",1024,683,true],"1536x1536":["https:\/\/bassin-arcachon.com\/wp-content\/uploads\/2017\/02\/ville-hiver.jpg",1200,800,false],"2048x2048":["https:\/\/bassin-arcachon.com\/wp-content\/uploads\/2017\/02\/ville-hiver.jpg",1200,800,false],"trp-custom-language-flag":["https:\/\/bassin-arcachon.com\/wp-content\/uploads\/2017\/02\/ville-hiver-18x12.jpg",18,12,true]},"uagb_author_info":{"display_name":"Marie Clauzel","author_link":"https:\/\/bassin-arcachon.com\/it\/author\/mariesiba\/"},"uagb_comment_info":0,"uagb_excerpt":"Partez sur les hauteurs d\u2019Arcachon \u00e0 la d\u00e9couverte de la Ville d\u2019Hiver Loin de l\u2019effervescence des plages, perdez-vous dans les ruelles du quartier \u00e0 la recherche des plus belles villas [&hellip;]","_links":{"self":[{"href":"https:\/\/bassin-arcachon.com\/it\/wp-json\/wp\/v2\/pages\/129","targetHints":{"allow":["GET"]}}],"collection":[{"href":"https:\/\/bassin-arcachon.com\/it\/wp-json\/wp\/v2\/pages"}],"about":[{"href":"https:\/\/bassin-arcachon.com\/it\/wp-json\/wp\/v2\/types\/page"}],"author":[{"embeddable":true,"href":"https:\/\/bassin-arcachon.com\/it\/wp-json\/wp\/v2\/users\/25"}],"replies":[{"embeddable":true,"href":"https:\/\/bassin-arcachon.com\/it\/wp-json\/wp\/v2\/comments?post=129"}],"version-history":[{"count":0,"href":"https:\/\/bassin-arcachon.com\/it\/wp-json\/wp\/v2\/pages\/129\/revisions"}],"up":[{"embeddable":true,"href":"https:\/\/bassin-arcachon.com\/it\/wp-json\/wp\/v2\/pages\/27"}],"wp:featuredmedia":[{"embeddable":true,"href":"https:\/\/bassin-arcachon.com\/it\/wp-json\/wp\/v2\/media\/939"}],"wp:attachment":[{"href":"https:\/\/bassin-arcachon.com\/it\/wp-json\/wp\/v2\/media?parent=129"}],"curies":[{"name":"wp","href":"https:\/\/api.w.org\/{rel}","templated":true}]}}