{"id":143,"date":"2017-02-08T09:57:25","date_gmt":"2017-02-08T08:57:25","guid":{"rendered":"https:\/\/bassin-arcachon.com\/\/?page_id=143"},"modified":"2024-05-07T11:28:13","modified_gmt":"2024-05-07T09:28:13","slug":"le-zone-di-certamente-graveyron","status":"publish","type":"page","link":"https:\/\/bassin-arcachon.com\/it\/nos-incontournables\/les-domaines-de-certes-graveyron\/","title":{"rendered":"Il Domaine de Juillet e Graveyron"},"content":{"rendered":"<div class=\"wp-block-uagb-container uagb-block-5f31c455 alignfull uagb-is-root-container\"><div class=\"uagb-container-inner-blocks-wrap\">\n<div class=\"wp-block-uagb-container uagb-block-dc1f6b85\">\n<div class=\"wp-block-uagb-image uagb-block-7a748453 wp-block-uagb-image--layout-default wp-block-uagb-image--effect-static wp-block-uagb-image--align-none\"><figure class=\"wp-block-uagb-image__figure\"><img decoding=\"async\" srcset=\"https:\/\/bassin-arcachon.com\/wp-content\/uploads\/2017\/02\/mini-map-domaine-certes.jpg \" sizes=\"auto, (max-width: 480px) 150px\" src=\"https:\/\/bassin-arcachon.com\/wp-content\/uploads\/2017\/02\/mini-map-domaine-certes.jpg\" alt=\"- - Bassin d&#039;Arcachon\" class=\"uag-image-1906\" width=\"278\" height=\"278\" title=\"- - Bassin d&#039;Arcachon\" loading=\"lazy\" role=\"img\"><\/figure><\/div>\n\n\n\n<h2 class=\"wp-block-heading\">Una visione senza precedenti di Bassin di Arcachon<\/h2>\n\n\n\n<p>Venire da noi \u00e8 anche un&#039;occasione per scoprire la sua natura e i suoi spazi naturali preservati nel&nbsp;<a href=\"https:\/\/bassin-arcachon.com\/it\/le-nostre-citta-e-i-nostri-villaggi\/cuore-del-bacino\/\">Cuore di Arcachon Bassin<\/a>.<\/p>\n\n\n\n<p>Andate ai margini dei prati salati, delle vecchie saline o anche degli stagni di piscicoltura per una passeggiata bucolica alla ricerca degli uccelli migratori!<\/p>\n\n\n\n<p>Puoi scegliere tra 2 circuiti a piedi. Il Domaine de Certes-Graveyron pu\u00f2 essere esplorato con o senza guida!<\/p>\n<\/div>\n\n\n\n<div class=\"wp-block-uagb-container uagb-block-178aba80\">\t\t\t\t\t<div\n\t\t\t\t\t\tclass=\"wp-block-uagb-image-gallery uagb-block-5ebb1c33\"\n\t\t\t\t\t\tstyle=\"\"\n\t\t\t\t\t>\n\t\t\t\t\t\t\t\t\t\t\t<div class=\"spectra-image-gallery spectra-image-gallery__layout--masonry spectra-image-gallery__layout--masonry-col-1 spectra-image-gallery__layout--masonry-col-tab-2 spectra-image-gallery__layout--masonry-col-mob-2\">\n\t\t\t\t\t\t\t\t\t\t\t<div class='spectra-image-gallery__media-wrapper--isotope'>\n\t\t\t\t\t\t\t<div class='spectra-image-gallery__media-wrapper' data-spectra-gallery-image-id='23810' tabindex=\"0\">\n\t\t\t\t\t\t\t<div class=\"spectra-image-gallery__media spectra-image-gallery__media--masonry\">\n\t\t\t\t<picture>\n\t\t\t\t\t<source media=\"(min-width: 1024px)\" srcset=\"https:\/\/bassin-arcachon.com\/wp-content\/uploads\/2017\/02\/Domaines-Certes-Graveyron-Bassin-Arcachon-2.jpg\">\n\t\t\t\t\t<source media=\"(min-width: 768px)\" srcset=\"https:\/\/bassin-arcachon.com\/wp-content\/uploads\/2017\/02\/Domaines-Certes-Graveyron-Bassin-Arcachon-2.jpg\">\n\t\t\t\t\t<img decoding=\"async\" class=\"spectra-image-gallery__media-thumbnail spectra-image-gallery__media-thumbnail--masonry\" src=\"https:\/\/bassin-arcachon.com\/wp-content\/uploads\/2017\/02\/Domaines-Certes-Graveyron-Bassin-Arcachon-2-300x200.jpg\" alt=\"- - Bassin d&#039;Arcachon\" loading=\"lazy\" title=\"- - Bassin d&#039;Arcachon\">\n\t\t\t\t<\/picture>\n\t\t\t\t<div class=\"spectra-image-gallery__media-thumbnail-blurrer\"><\/div>\n\t\t\t\t\t\t\t\t\t\t\t<div class=\"spectra-image-gallery__media-thumbnail-caption-wrapper spectra-image-gallery__media-thumbnail-caption-wrapper--overlay\"><\/div>\n\t\t\t\t\t\t\t\t<\/div>\n\t\t\t\t\t\t<\/div>\n\t\t\t\t\t\t<\/div>\n\t\t\t\t\t\t<div class='spectra-image-gallery__media-wrapper--isotope'>\n\t\t\t\t\t\t\t<div class='spectra-image-gallery__media-wrapper' data-spectra-gallery-image-id='23812' tabindex=\"0\">\n\t\t\t\t\t\t\t<div class=\"spectra-image-gallery__media spectra-image-gallery__media--masonry\">\n\t\t\t\t<picture>\n\t\t\t\t\t<source media=\"(min-width: 1024px)\" srcset=\"https:\/\/bassin-arcachon.com\/wp-content\/uploads\/2017\/02\/Domaines-Certes-Graveyron-Bassin-Arcachon-4.jpg\">\n\t\t\t\t\t<source media=\"(min-width: 768px)\" srcset=\"https:\/\/bassin-arcachon.com\/wp-content\/uploads\/2017\/02\/Domaines-Certes-Graveyron-Bassin-Arcachon-4.jpg\">\n\t\t\t\t\t<img decoding=\"async\" class=\"spectra-image-gallery__media-thumbnail spectra-image-gallery__media-thumbnail--masonry\" src=\"https:\/\/bassin-arcachon.com\/wp-content\/uploads\/2017\/02\/Domaines-Certes-Graveyron-Bassin-Arcachon-4-300x200.jpg\" alt=\"Certo... Graveyron\" loading=\"lazy\" title=\"- - Bassin d&#039;Arcachon\">\n\t\t\t\t<\/picture>\n\t\t\t\t<div class=\"spectra-image-gallery__media-thumbnail-blurrer\"><\/div>\n\t\t\t\t\t\t\t\t\t\t\t<div class=\"spectra-image-gallery__media-thumbnail-caption-wrapper spectra-image-gallery__media-thumbnail-caption-wrapper--overlay\"><\/div>\n\t\t\t\t\t\t\t\t<\/div>\n\t\t\t\t\t\t<\/div>\n\t\t\t\t\t\t<\/div>\n\t\t\t\t\t\t\t\t\t\t<\/div>\n\t\t\t\t\t\t\t\t\t\t\t\t\t\t\t\t\t\t<\/div>\n\t\t\t\t\t\t\t\t\t<\/div>\n<\/div><\/div>\n\n\n\n<div style=\"height:40px\" aria-hidden=\"true\" class=\"wp-block-spacer\"><\/div>\n\n\n\n<div class=\"wp-block-uagb-container uagb-block-5e993aeb alignfull uagb-is-root-container\"><div class=\"uagb-container-inner-blocks-wrap\">\n<figure class=\"wp-block-pullquote\" style=\"border-radius:0px;border-top-style:none;border-top-width:0px;border-right-style:none;border-right-width:0px;border-bottom-style:none;border-bottom-width:0px;border-left-width:2px\"><blockquote><p>Ricordati di portare il tuo binocolo<\/p><\/blockquote><\/figure>\n<\/div><\/div>\n\n\n\n<div class=\"wp-block-uagb-container uagb-block-de4de636 alignfull uagb-is-root-container\"><div class=\"uagb-container-inner-blocks-wrap\"><\/div><\/div>\n\n\n\n<div style=\"height:40px\" aria-hidden=\"true\" class=\"wp-block-spacer\"><\/div>\n\n\n\n<div class=\"wp-block-uagb-container uagb-block-82b58f16 alignfull uagb-is-root-container\"><div class=\"uagb-container-inner-blocks-wrap\">\n<div class=\"wp-block-uagb-container uagb-block-57d8d05f\">\n<h2 class=\"wp-block-heading\">Fai una passeggiata lungo i sentieri del Domaine de Certes-Graveyron<\/h2>\n\n\n\n<p>Ci sono 2 percorsi possibili.<\/p>\n\n\n\n<p>Facoltativamente, puoi camminare lungo il&nbsp;<strong>circuito ovviamente<\/strong>&nbsp;Su&nbsp;<strong>14 km<\/strong>, dalla piscina Lanton, oppure&nbsp;<strong>quella di Graveyron<\/strong>&nbsp;Su&nbsp;<strong>5 km<\/strong>, con partenza dal porto di Audenge.<\/p>\n\n\n\n<p>Indipendentemente dal circuito scelto, assisterete sicuramente al magnifico spettacolo degli aironi cenerini che si alzano lentamente in volo. Ma non finisce qui, nella tenuta sono presenti cigni, garzette, cormorani, nibbi bruni e persino cicogne.<\/p>\n\n\n\n<p>Camminando un po&#039;, incontrerete il&nbsp;<strong>spiaggia selvaggia di Graveyron<\/strong>, l&#039;unica spiaggia di Audenge. Questo \u00e8 il momento perfetto per fare una nuotata con l&#039;alta marea o esplorare l&#039;ambiente naturale con la bassa marea. Cogli l&#039;occasione per portare fuori il picnic.<\/p>\n<\/div>\n\n\n\n<div class=\"wp-block-uagb-container uagb-block-d7cf7d77\">\t\t\t\t\t<div\n\t\t\t\t\t\tclass=\"wp-block-uagb-image-gallery uagb-block-0bd647a2\"\n\t\t\t\t\t\tstyle=\"\"\n\t\t\t\t\t>\n\t\t\t\t\t\t\t\t\t\t\t<div class=\"spectra-image-gallery spectra-image-gallery__layout--carousel\">\n\t\t\t\t\t\t\t\t<div class=\"uagb-slick-carousel uagb-block-0bd647a2\">\n\t\t\t\t\t\t\t\t\t\t\t\t<div class='spectra-image-gallery__media-wrapper' data-spectra-gallery-image-id='23813'>\n\t\t\t\t\t\t\t<div class=\"spectra-image-gallery__media spectra-image-gallery__media--carousel\">\n\t\t\t\t<picture>\n\t\t\t\t\t<source media=\"(min-width: 1024px)\" srcset=\"https:\/\/bassin-arcachon.com\/wp-content\/uploads\/2017\/02\/Domaines-Certes-Graveyron-Bassin-Arcachon-5.jpg\">\n\t\t\t\t\t<source media=\"(min-width: 768px)\" srcset=\"https:\/\/bassin-arcachon.com\/wp-content\/uploads\/2017\/02\/Domaines-Certes-Graveyron-Bassin-Arcachon-5.jpg\">\n\t\t\t\t\t<img decoding=\"async\" class=\"spectra-image-gallery__media-thumbnail spectra-image-gallery__media-thumbnail--carousel\" src=\"https:\/\/bassin-arcachon.com\/wp-content\/uploads\/2017\/02\/Domaines-Certes-Graveyron-Bassin-Arcachon-5-300x200.jpg\" alt=\"dominio di certamente-graveyron\" loading=\"lazy\" title=\"- - Bassin d&#039;Arcachon\">\n\t\t\t\t<\/picture>\n\t\t\t\t<div class=\"spectra-image-gallery__media-thumbnail-blurrer\"><\/div>\n\t\t\t\t\t\t\t\t\t\t\t<div class=\"spectra-image-gallery__media-thumbnail-caption-wrapper spectra-image-gallery__media-thumbnail-caption-wrapper--overlay\"><\/div>\n\t\t\t\t\t\t\t\t<\/div>\n\t\t\t\t\t\t<\/div>\n\t\t\t\t\t\t<div class='spectra-image-gallery__media-wrapper' data-spectra-gallery-image-id='23807'>\n\t\t\t\t\t\t\t<div class=\"spectra-image-gallery__media spectra-image-gallery__media--carousel\">\n\t\t\t\t<picture>\n\t\t\t\t\t<source media=\"(min-width: 1024px)\" srcset=\"https:\/\/bassin-arcachon.com\/wp-content\/uploads\/2017\/02\/Certes-Graveyron-Audenge-Lanton-1024x683.jpg\">\n\t\t\t\t\t<source media=\"(min-width: 768px)\" srcset=\"https:\/\/bassin-arcachon.com\/wp-content\/uploads\/2017\/02\/Certes-Graveyron-Audenge-Lanton-1024x683.jpg\">\n\t\t\t\t\t<img decoding=\"async\" class=\"spectra-image-gallery__media-thumbnail spectra-image-gallery__media-thumbnail--carousel\" src=\"https:\/\/bassin-arcachon.com\/wp-content\/uploads\/2017\/02\/Certes-Graveyron-Audenge-Lanton-300x200.jpg\" alt=\"- - Bassin d&#039;Arcachon\" loading=\"lazy\" title=\"- - Bassin d&#039;Arcachon\">\n\t\t\t\t<\/picture>\n\t\t\t\t<div class=\"spectra-image-gallery__media-thumbnail-blurrer\"><\/div>\n\t\t\t\t\t\t\t\t\t\t\t<div class=\"spectra-image-gallery__media-thumbnail-caption-wrapper spectra-image-gallery__media-thumbnail-caption-wrapper--overlay\"><\/div>\n\t\t\t\t\t\t\t\t<\/div>\n\t\t\t\t\t\t<\/div>\n\t\t\t\t\t\t<div class='spectra-image-gallery__media-wrapper' data-spectra-gallery-image-id='23755'>\n\t\t\t\t\t\t\t<div class=\"spectra-image-gallery__media spectra-image-gallery__media--carousel\">\n\t\t\t\t<picture>\n\t\t\t\t\t<source media=\"(min-width: 1024px)\" srcset=\"https:\/\/bassin-arcachon.com\/wp-content\/uploads\/2017\/02\/Peche-a-pied-mar\u00e9e-basse-coeur-du-bassin.jpg\">\n\t\t\t\t\t<source media=\"(min-width: 768px)\" srcset=\"https:\/\/bassin-arcachon.com\/wp-content\/uploads\/2017\/02\/Peche-a-pied-mar\u00e9e-basse-coeur-du-bassin.jpg\">\n\t\t\t\t\t<img decoding=\"async\" class=\"spectra-image-gallery__media-thumbnail spectra-image-gallery__media-thumbnail--carousel\" src=\"https:\/\/bassin-arcachon.com\/wp-content\/uploads\/2017\/02\/Peche-a-pied-mar\u00e9e-basse-coeur-du-bassin-300x200.jpg\" alt=\"- - Bassin d&#039;Arcachon\" loading=\"lazy\" title=\"- - Bassin d&#039;Arcachon\">\n\t\t\t\t<\/picture>\n\t\t\t\t<div class=\"spectra-image-gallery__media-thumbnail-blurrer\"><\/div>\n\t\t\t\t\t\t\t\t\t\t\t<div class=\"spectra-image-gallery__media-thumbnail-caption-wrapper spectra-image-gallery__media-thumbnail-caption-wrapper--overlay\"><\/div>\n\t\t\t\t\t\t\t\t<\/div>\n\t\t\t\t\t\t<\/div>\n\t\t\t\t\t\t<div class='spectra-image-gallery__media-wrapper' data-spectra-gallery-image-id='1692'>\n\t\t\t\t\t\t\t<div class=\"spectra-image-gallery__media spectra-image-gallery__media--carousel\">\n\t\t\t\t<picture>\n\t\t\t\t\t<source media=\"(min-width: 1024px)\" srcset=\"https:\/\/bassin-arcachon.com\/wp-content\/uploads\/2017\/04\/domaine-de-certes-24-1024x683.jpg\">\n\t\t\t\t\t<source media=\"(min-width: 768px)\" srcset=\"https:\/\/bassin-arcachon.com\/wp-content\/uploads\/2017\/04\/domaine-de-certes-24-1024x683.jpg\">\n\t\t\t\t\t<img decoding=\"async\" class=\"spectra-image-gallery__media-thumbnail spectra-image-gallery__media-thumbnail--carousel\" src=\"https:\/\/bassin-arcachon.com\/wp-content\/uploads\/2017\/04\/domaine-de-certes-24-300x200.jpg\" alt=\"- - Bassin d&#039;Arcachon\" loading=\"lazy\" title=\"- - Bassin d&#039;Arcachon\">\n\t\t\t\t<\/picture>\n\t\t\t\t<div class=\"spectra-image-gallery__media-thumbnail-blurrer\"><\/div>\n\t\t\t\t\t\t\t\t\t\t\t<div class=\"spectra-image-gallery__media-thumbnail-caption-wrapper spectra-image-gallery__media-thumbnail-caption-wrapper--overlay\"><\/div>\n\t\t\t\t\t\t\t\t<\/div>\n\t\t\t\t\t\t<\/div>\n\t\t\t\t\t\t\t\t\t\t\t<\/div>\n\t\t\t\t\t\t\t<\/div>\n\t\t\t\t\t\t\t\t\t\t\t<\/div>\n\t\t\t\t\t\t\t\t\t<\/div>\n<\/div><\/div>\n\n\n\n<div style=\"height:60px\" aria-hidden=\"true\" class=\"wp-block-spacer\"><\/div>\n\n\n\n<div class=\"wp-block-uagb-container uagb-block-9390bb8d alignfull uagb-is-root-container\"><div class=\"uagb-container-inner-blocks-wrap\">\n<h2 class=\"wp-block-heading\">Lasciati trasportare dalla corrente<\/h2>\n\n\n\n<p>Per una pausa in acqua, sali a bordo di a&nbsp;<a href=\"https:\/\/bassin-arcachon.com\/it\/cosa-fare\/sur-leau\/\">canoa Kayak<\/a> per scoprire il Domaine de Certes-Graveyron in un altro modo, partendo dal porto di Cassy. Sulla tua strada incontrerai alcuni escursionisti che sono andati a fare una passeggiata.<\/p>\n\n\n\n<p>Approfitta di un pontone per attraccare e osserva gli uccelli che passano sopra la tua testa!<\/p>\n\n\n\t\t\t\t\t<div\n\t\t\t\t\t\tclass=\"wp-block-uagb-image-gallery uagb-block-4b05dd87\"\n\t\t\t\t\t\tstyle=\"\"\n\t\t\t\t\t>\n\t\t\t\t\t\t\t\t\t\t\t<div class=\"spectra-image-gallery spectra-image-gallery__layout--grid spectra-image-gallery__layout--grid-col-2 spectra-image-gallery__layout--grid-col-tab-2 spectra-image-gallery__layout--grid-col-mob-2\">\n\t\t\t\t\t\t\t\t\t\t\t<div class='spectra-image-gallery__media-wrapper' data-spectra-gallery-image-id='23811' tabindex=\"0\">\n\t\t\t\t\t\t\t<div class=\"spectra-image-gallery__media spectra-image-gallery__media--grid\">\n\t\t\t\t<picture>\n\t\t\t\t\t<source media=\"(min-width: 1024px)\" srcset=\"https:\/\/bassin-arcachon.com\/wp-content\/uploads\/2017\/02\/Domaines-Certes-Graveyron-Bassin-Arcachon-3.jpg\">\n\t\t\t\t\t<source media=\"(min-width: 768px)\" srcset=\"https:\/\/bassin-arcachon.com\/wp-content\/uploads\/2017\/02\/Domaines-Certes-Graveyron-Bassin-Arcachon-3.jpg\">\n\t\t\t\t\t<img decoding=\"async\" class=\"spectra-image-gallery__media-thumbnail spectra-image-gallery__media-thumbnail--grid\" src=\"https:\/\/bassin-arcachon.com\/wp-content\/uploads\/2017\/02\/Domaines-Certes-Graveyron-Bassin-Arcachon-3-300x200.jpg\" alt=\"- - Bassin d&#039;Arcachon\" loading=\"lazy\" title=\"- - Bassin d&#039;Arcachon\">\n\t\t\t\t<\/picture>\n\t\t\t\t<div class=\"spectra-image-gallery__media-thumbnail-blurrer\"><\/div>\n\t\t\t\t\t\t\t\t\t\t\t<div class=\"spectra-image-gallery__media-thumbnail-caption-wrapper spectra-image-gallery__media-thumbnail-caption-wrapper--overlay\"><\/div>\n\t\t\t\t\t\t\t\t<\/div>\n\t\t\t\t\t\t<\/div>\n\t\t\t\t\t\t<div class='spectra-image-gallery__media-wrapper' data-spectra-gallery-image-id='23818' tabindex=\"0\">\n\t\t\t\t\t\t\t<div class=\"spectra-image-gallery__media spectra-image-gallery__media--grid\">\n\t\t\t\t<picture>\n\t\t\t\t\t<source media=\"(min-width: 1024px)\" srcset=\"https:\/\/bassin-arcachon.com\/wp-content\/uploads\/2018\/07\/Canoe-domaine-de-certes.jpg\">\n\t\t\t\t\t<source media=\"(min-width: 768px)\" srcset=\"https:\/\/bassin-arcachon.com\/wp-content\/uploads\/2018\/07\/Canoe-domaine-de-certes.jpg\">\n\t\t\t\t\t<img decoding=\"async\" class=\"spectra-image-gallery__media-thumbnail spectra-image-gallery__media-thumbnail--grid\" src=\"https:\/\/bassin-arcachon.com\/wp-content\/uploads\/2018\/07\/Canoe-domaine-de-certes-300x200.jpg\" alt=\"canoa vicino alla tenuta di Graveyron\" loading=\"lazy\" title=\"- - Bassin d&#039;Arcachon\">\n\t\t\t\t<\/picture>\n\t\t\t\t<div class=\"spectra-image-gallery__media-thumbnail-blurrer\"><\/div>\n\t\t\t\t\t\t\t\t\t\t\t<div class=\"spectra-image-gallery__media-thumbnail-caption-wrapper spectra-image-gallery__media-thumbnail-caption-wrapper--overlay\"><\/div>\n\t\t\t\t\t\t\t\t<\/div>\n\t\t\t\t\t\t<\/div>\n\t\t\t\t\t\t\t\t\t\t<\/div>\n\t\t\t\t\t\t\t\t\t\t\t\t\t\t\t\t\t\t<\/div>\n\t\t\t\t\t\t\t\t\t<\/div><\/div>\n\n\n\n<div style=\"height:60px\" aria-hidden=\"true\" class=\"wp-block-spacer\"><\/div>\n\n\n\n<div style=\"height:60px\" aria-hidden=\"true\" class=\"wp-block-spacer\"><\/div>","protected":false},"excerpt":{"rendered":"<p>Une vue in\u00e9dite sur le Bassin d\u2019Arcachon Venir chez nous, c\u2019est aussi l\u2019occasion de d\u00e9couvrir sa nature et ses espaces naturels pr\u00e9serv\u00e9s dans le&nbsp;C\u0153ur du Bassin d\u2019Arcachon. Partez au bord [&hellip;]<\/p>\n","protected":false},"author":25,"featured_media":23808,"parent":27,"menu_order":0,"comment_status":"closed","ping_status":"closed","template":"","meta":{"_acf_changed":false,"_uag_custom_page_level_css":"","footnotes":""},"class_list":["post-143","page","type-page","status-publish","has-post-thumbnail","hentry"],"acf":[],"uagb_featured_image_src":{"full":["https:\/\/bassin-arcachon.com\/wp-content\/uploads\/2017\/02\/Domaine-de-Certes-Audenge.jpg",1000,666,false],"thumbnail":["https:\/\/bassin-arcachon.com\/wp-content\/uploads\/2017\/02\/Domaine-de-Certes-Audenge-150x150.jpg",150,150,true],"medium":["https:\/\/bassin-arcachon.com\/wp-content\/uploads\/2017\/02\/Domaine-de-Certes-Audenge-600x400.jpg",600,400,true],"medium_large":["https:\/\/bassin-arcachon.com\/wp-content\/uploads\/2017\/02\/Domaine-de-Certes-Audenge-768x511.jpg",768,511,true],"large":["https:\/\/bassin-arcachon.com\/wp-content\/uploads\/2017\/02\/Domaine-de-Certes-Audenge.jpg",1000,666,false],"1536x1536":["https:\/\/bassin-arcachon.com\/wp-content\/uploads\/2017\/02\/Domaine-de-Certes-Audenge.jpg",1000,666,false],"2048x2048":["https:\/\/bassin-arcachon.com\/wp-content\/uploads\/2017\/02\/Domaine-de-Certes-Audenge.jpg",1000,666,false],"trp-custom-language-flag":["https:\/\/bassin-arcachon.com\/wp-content\/uploads\/2017\/02\/Domaine-de-Certes-Audenge-18x12.jpg",18,12,true]},"uagb_author_info":{"display_name":"Marie Clauzel","author_link":"https:\/\/bassin-arcachon.com\/it\/author\/mariesiba\/"},"uagb_comment_info":0,"uagb_excerpt":"Une vue in\u00e9dite sur le Bassin d\u2019Arcachon Venir chez nous, c\u2019est aussi l\u2019occasion de d\u00e9couvrir sa nature et ses espaces naturels pr\u00e9serv\u00e9s dans le&nbsp;C\u0153ur du Bassin d\u2019Arcachon. Partez au bord [&hellip;]","_links":{"self":[{"href":"https:\/\/bassin-arcachon.com\/it\/wp-json\/wp\/v2\/pages\/143","targetHints":{"allow":["GET"]}}],"collection":[{"href":"https:\/\/bassin-arcachon.com\/it\/wp-json\/wp\/v2\/pages"}],"about":[{"href":"https:\/\/bassin-arcachon.com\/it\/wp-json\/wp\/v2\/types\/page"}],"author":[{"embeddable":true,"href":"https:\/\/bassin-arcachon.com\/it\/wp-json\/wp\/v2\/users\/25"}],"replies":[{"embeddable":true,"href":"https:\/\/bassin-arcachon.com\/it\/wp-json\/wp\/v2\/comments?post=143"}],"version-history":[{"count":0,"href":"https:\/\/bassin-arcachon.com\/it\/wp-json\/wp\/v2\/pages\/143\/revisions"}],"up":[{"embeddable":true,"href":"https:\/\/bassin-arcachon.com\/it\/wp-json\/wp\/v2\/pages\/27"}],"wp:featuredmedia":[{"embeddable":true,"href":"https:\/\/bassin-arcachon.com\/it\/wp-json\/wp\/v2\/media\/23808"}],"wp:attachment":[{"href":"https:\/\/bassin-arcachon.com\/it\/wp-json\/wp\/v2\/media?parent=143"}],"curies":[{"name":"wp","href":"https:\/\/api.w.org\/{rel}","templated":true}]}}