{"id":157,"date":"2017-03-09T14:32:23","date_gmt":"2017-03-09T13:32:23","guid":{"rendered":"https:\/\/bassin-arcachon.com\/\/?page_id=157"},"modified":"2024-12-13T11:01:26","modified_gmt":"2024-12-13T10:01:26","slug":"ares","status":"publish","type":"page","link":"https:\/\/bassin-arcachon.com\/it\/nos-villes-et-villages\/ares\/","title":{"rendered":"Ares"},"content":{"rendered":"<div class=\"wp-block-uagb-container uagb-block-1d8bdfb2 alignfull uagb-is-root-container\"><div class=\"uagb-container-inner-blocks-wrap\">\n<div class=\"wp-block-uagb-container uagb-block-32469a85\">\n<div class=\"wp-block-uagb-image uagb-block-1f4775da wp-block-uagb-image--layout-default wp-block-uagb-image--effect-static wp-block-uagb-image--align-none\"><figure class=\"wp-block-uagb-image__figure\"><img decoding=\"async\" srcset=\"https:\/\/bassin-arcachon.com\/wp-content\/uploads\/2020\/07\/mini-map-ares.jpg \" sizes=\"auto, (max-width: 480px) 150px\" src=\"https:\/\/bassin-arcachon.com\/wp-content\/uploads\/2020\/07\/mini-map-ares.jpg\" alt=\"- - Bassin d&#039;Arcachon\" class=\"uag-image-44398\" width=\"278\" height=\"278\" title=\"- - Bassin d&#039;Arcachon\" loading=\"lazy\" role=\"img\"><\/figure><\/div>\n<\/div>\n\n\n\n<div class=\"wp-block-uagb-container uagb-block-685d65f6\">\n<h2 class=\"wp-block-heading\">Ares, per vere vacanze in famiglia<\/h2>\n\n\n\n<p>Tra Bassin e la natura, Ares ha qualcosa da sorprenderti! Vieni a goderti il suo porto di ostriche o i suoi siti naturali alla ricerca di specie protette. Con il suo marchio \u201cFamille Plus\u201d, Ar\u00e8s \u00e8 il luogo ideale per vere vacanze in famiglia,&nbsp;<a href=\"https:\/\/bassin-arcachon.com\/it\/cosa-fare\/samuser-avec-les-enfants\/\">con i bambini<\/a>&nbsp;!<br>Stai cercando un albergo, <a href=\"https:\/\/bassin-arcachon.com\/it\/dove-dormire\/affitti\/le-nostre-case-vacanze-ad-ares\/\">una casa vacanza<\/a>, <a href=\"https:\/\/bassin-arcachon.com\/it\/dove-dormire\/camere-degli-ospiti\/le-nostre-camere-bed-and-breakfast-in-ares\/\">una pensione<\/a>, <a href=\"https:\/\/bassin-arcachon.com\/it\/dove-dormire\/campeggio\/ares\/\">un campeggio<\/a>, Ar\u00e8s \u00e8 la localit\u00e0 balneare ideale per le vacanze.<\/p>\n<\/div>\n<\/div><\/div>\n\n\n\n<div style=\"height:60px\" aria-hidden=\"true\" class=\"wp-block-spacer\"><\/div>\n\n\n\n<div class=\"wp-block-uagb-container uagb-block-d7962e0c alignfull uagb-is-root-container\"><div class=\"uagb-container-inner-blocks-wrap\">\n<div class=\"wp-block-uagb-container uagb-block-bd920663\">\n<div class=\"wp-block-uagb-image uagb-block-a08aee1b wp-block-uagb-image--layout-default wp-block-uagb-image--effect-static wp-block-uagb-image--align-none\"><figure class=\"wp-block-uagb-image__figure\"><img decoding=\"async\" srcset=\"https:\/\/bassin-arcachon.com\/wp-content\/uploads\/2018\/04\/port-ostreicole-aras-e1548070404746.jpg \" sizes=\"auto, (max-width: 480px) 150px\" src=\"https:\/\/bassin-arcachon.com\/wp-content\/uploads\/2018\/04\/port-ostreicole-aras-e1548070404746.jpg\" alt=\"Porto di ostriche di Ar\u00e8s\" class=\"uag-image-19887\" width=\"1000\" height=\"667\" title=\"- - Bassin d&#039;Arcachon\" loading=\"lazy\" role=\"img\"><\/figure><\/div>\n<\/div>\n\n\n\n<div class=\"wp-block-uagb-container uagb-block-0339e121\">\n<h3 class=\"wp-block-heading\">Passeggia nel porto delle ostriche<\/h3>\n\n\n\n<p>Dirigetevi verso le capanne colorate del&nbsp;<a href=\"https:\/\/bassin-arcachon.com\/it\/i-nostri-elementi-essenziali\/villaggi-e-porti-di-allevatori-di-ostriche\/\">Porto di ostriche<\/a>&nbsp;di Ares! Sul canale, i percorsi circolari degli appartamenti ei sentieri fioriti invitano a passeggiare.<\/p>\n\n\n\n<p>Accanto, l&#039;incantevole paesaggio di&nbsp;<a href=\"https:\/\/bassin-arcachon.com\/it\/i-nostri-elementi-essenziali\/les-pres-sales-osa-lege\/\">Prati salati di Ar\u00e8s-L\u00e8ge<\/a>&nbsp;offre un panorama completamente diverso. Cogli l&#039;occasione per degustare delle buone ostriche accompagnate da un bicchiere di vino bianco presso i nostri ostricoltori!<\/p>\n<\/div>\n<\/div><\/div>\n\n\n\n<div style=\"height:40px\" aria-hidden=\"true\" class=\"wp-block-spacer\"><\/div>\n\n\n\n<div class=\"wp-block-uagb-container uagb-block-fb81b349 alignfull uagb-is-root-container\"><div class=\"uagb-container-inner-blocks-wrap\">\n<div class=\"wp-block-uagb-container uagb-block-0ad5a044\">\n<h3 class=\"wp-block-heading\">Immergiti in mezzo ai prati salati<\/h3>\n\n\n\n<p>Partendo dal porto di ostriche di Ar\u00e8s, ci si incammina sui sentieri segnalati della Riserva Naturale Nazionale dei Prati Salati.<\/p>\n\n\n\n<p>Tieni gli occhi aperti sulla tua strada, potrai vedere testuggini palustre europee e persino lucertole verdi per la gioia dei bambini! Ti consigliamo di scoprire&nbsp;<a href=\"https:\/\/bassin-arcachon.com\/it\/scoperta-dei-prati-vendita-osa-lege-con-una-guida-naturalistica\/\" target=\"_blank\" rel=\"noreferrer noopener\">Prati salati con Alexandre, guida naturalistica<\/a>&nbsp;al<a href=\"https:\/\/www.ares-tourisme.com\/\" data-type=\"URL\" data-id=\"https:\/\/www.ares-tourisme.com\/\" target=\"_blank\" rel=\"noopener\">Ufficio Turistico<\/a>.<\/p>\n<\/div>\n\n\n\n<div class=\"wp-block-uagb-container uagb-block-6133f195\">\n<div class=\"wp-block-uagb-image uagb-block-c8017fc4 wp-block-uagb-image--layout-default wp-block-uagb-image--effect-static wp-block-uagb-image--align-none\"><figure class=\"wp-block-uagb-image__figure\"><img decoding=\"async\" srcset=\"https:\/\/bassin-arcachon.com\/wp-content\/uploads\/2017\/02\/pres-sales-ares-17-1024x683.jpg \" sizes=\"auto, (max-width: 480px) 150px\" src=\"https:\/\/bassin-arcachon.com\/wp-content\/uploads\/2017\/02\/pres-sales-ares-17-1024x683.jpg\" alt=\"- - Bassin d&#039;Arcachon\" class=\"uag-image-11705\" width=\"1024\" height=\"683\" title=\"- - Bassin d&#039;Arcachon\" loading=\"lazy\" role=\"img\"><\/figure><\/div>\n<\/div>\n<\/div><\/div>\n\n\n\n<div style=\"height:40px\" aria-hidden=\"true\" class=\"wp-block-spacer\"><\/div>\n\n\n\n<div class=\"wp-block-uagb-container uagb-block-f0c1a50e alignfull uagb-is-root-container\"><div class=\"uagb-container-inner-blocks-wrap\">\n<div class=\"wp-block-uagb-container uagb-block-450fbae2\">\n<div class=\"wp-block-uagb-image uagb-block-0ef644f2 wp-block-uagb-image--layout-default wp-block-uagb-image--effect-static wp-block-uagb-image--align-none\"><figure class=\"wp-block-uagb-image__figure\"><img decoding=\"async\" srcset=\"https:\/\/bassin-arcachon.com\/wp-content\/uploads\/2020\/07\/ares-triangle-de-pereire-1024x683-1.jpg \" sizes=\"auto, (max-width: 480px) 150px\" src=\"https:\/\/bassin-arcachon.com\/wp-content\/uploads\/2020\/07\/ares-triangle-de-pereire-1024x683-1.jpg\" alt=\"- - Bassin d&#039;Arcachon\" class=\"uag-image-44401\" width=\"1024\" height=\"683\" title=\"- - Bassin d&#039;Arcachon\" loading=\"lazy\" role=\"img\"><\/figure><\/div>\n<\/div>\n\n\n\n<div class=\"wp-block-uagb-container uagb-block-6c2c0313\">\n<h3 class=\"wp-block-heading\">Picnic al Triangle de Pereire<\/h3>\n\n\n\n<p>Improvvisa un picnic sulla spiaggia del Triangle de Pereire o su <a href=\"https:\/\/bassin-arcachon.com\/it\/primi-segnali-dautunno\/\">il sito di San Brice<\/a> all&#039;ombra dei pini.<\/p>\n\n\n\n<p>Dopo pranzo, partenza alla scoperta dei piccoli angoli segreti della tenuta e del lago.<\/p>\n\n\n\n<p>Quando la marea \u00e8 bassa, la conche de St Brice \u00e8 l&#039;unico posto dove si pu\u00f2 fare il bagno.<\/p>\n<\/div>\n<\/div><\/div>\n\n\n\n<div style=\"height:40px\" aria-hidden=\"true\" class=\"wp-block-spacer\"><\/div>\n\n\n\n<div class=\"wp-block-uagb-container uagb-block-3f06d5b2 alignfull uagb-is-root-container\"><div class=\"uagb-container-inner-blocks-wrap\">\n<div class=\"wp-block-uagb-container uagb-block-4b47f266\">\n<h3 class=\"wp-block-heading\">Fai una passeggiata nella foresta<\/h3>\n\n\n\n<p>Dirigiti verso la foresta di Ar\u00e8s per una passeggiata nella natura.<\/p>\n\n\n\n<p>In autunno \u00e8 l&#039;ideale per raccogliere funghi! <a href=\"https:\/\/bassin-arcachon.com\/it\/cosa-fare\/balades-a-pied-a-velo\/\">A piedi o in bicicletta<\/a>, partire per una giornata in mezzo ai pini marittimi. Lungo il percorso, il sito invita a fare una sosta all&#039;ombra di un albero. <\/p>\n\n\n\n<p>L&#039;Ufficio del Turismo offre molte visite, non esitate ad andarci!<\/p>\n<\/div>\n\n\n\n<div class=\"wp-block-uagb-container uagb-block-363ce8c8\">\n<div class=\"wp-block-uagb-image uagb-block-775d576c wp-block-uagb-image--layout-default wp-block-uagb-image--effect-static wp-block-uagb-image--align-none\"><figure class=\"wp-block-uagb-image__figure\"><img decoding=\"async\" srcset=\"https:\/\/bassin-arcachon.com\/wp-content\/uploads\/2020\/07\/Ramasser-les-champignons-en-foret-Bassin-Arcachon-1024x683-1.jpg \" sizes=\"auto, (max-width: 480px) 150px\" src=\"https:\/\/bassin-arcachon.com\/wp-content\/uploads\/2020\/07\/Ramasser-les-champignons-en-foret-Bassin-Arcachon-1024x683-1.jpg\" alt=\"- - Bassin d&#039;Arcachon\" class=\"uag-image-44402\" width=\"1024\" height=\"683\" title=\"- - Bassin d&#039;Arcachon\" loading=\"lazy\" role=\"img\"><\/figure><\/div>\n<\/div>\n<\/div><\/div>\n\n\n\n<div style=\"height:40px\" aria-hidden=\"true\" class=\"wp-block-spacer\"><\/div>\n\n\n\n<div class=\"wp-block-uagb-container uagb-block-826c5612 alignfull uagb-is-root-container\"><div class=\"uagb-container-inner-blocks-wrap\">\n<div class=\"wp-block-uagb-container uagb-block-4ea2cc4b\">\n<div class=\"wp-block-uagb-image uagb-block-26aa436a wp-block-uagb-image--layout-default wp-block-uagb-image--effect-static wp-block-uagb-image--align-none\"><figure class=\"wp-block-uagb-image__figure\"><img decoding=\"async\" srcset=\"https:\/\/bassin-arcachon.com\/wp-content\/uploads\/2020\/07\/ares-velos-1024x681-1.jpg \" sizes=\"auto, (max-width: 480px) 150px\" src=\"https:\/\/bassin-arcachon.com\/wp-content\/uploads\/2020\/07\/ares-velos-1024x681-1.jpg\" alt=\"- - Bassin d&#039;Arcachon\" class=\"uag-image-44403\" width=\"1024\" height=\"681\" title=\"- - Bassin d&#039;Arcachon\" loading=\"lazy\" role=\"img\"><\/figure><\/div>\n<\/div>\n\n\n\n<div class=\"wp-block-uagb-container uagb-block-98ade739\">\n<h3 class=\"wp-block-heading\">Passeggia su piste ciclabili e sentieri<\/h3>\n\n\n\n<p>Fai un picnic nel cestino, avventurati fuori <a href=\"https:\/\/bassin-arcachon.com\/it\/circuito\/la-torre-osa\/\">piste ciclabili o sentieri per scoprire tutte le sfaccettature di Ar\u00e8s.<\/a><\/p>\n\n\n\n<p>Lungo la strada, concediti una meritata sosta bagno con l&#039;alta marea nel Bassin o scegli Saint Brice quando la marea \u00e8 bassa!<\/p>\n<\/div>\n<\/div><\/div>\n\n\n\n<div style=\"height:40px\" aria-hidden=\"true\" class=\"wp-block-spacer\"><\/div>\n\n\n\n<div class=\"wp-block-uagb-container uagb-block-4d7178b8 alignfull uagb-is-root-container\"><div class=\"uagb-container-inner-blocks-wrap\">\n<div class=\"wp-block-uagb-container uagb-block-3b8c531e\">\n<h3 class=\"wp-block-heading\">Lungo il molo di Ar\u00e8s<\/h3>\n\n\n\n<p>Il molo di Ar\u00e8s \u00e8 noto come il pi\u00f9 antico del Bassin di Arcachon.<\/p>\n\n\n\n<p>A piedi e con la bassa marea, passeggiate lungo il molo che all&#039;epoca era utilizzato come darsena per i pescatori.<\/p>\n\n\n\n<p>Un bel punto di vista sulla Bassin: tira fuori la macchina fotografica!<\/p>\n<\/div>\n\n\n\n<div class=\"wp-block-uagb-container uagb-block-9a8e086f\">\n<div class=\"wp-block-uagb-image uagb-block-c59bb09f wp-block-uagb-image--layout-default wp-block-uagb-image--effect-static wp-block-uagb-image--align-none\"><figure class=\"wp-block-uagb-image__figure\"><img decoding=\"async\" srcset=\"https:\/\/bassin-arcachon.com\/wp-content\/uploads\/2019\/06\/jet\u00e9e-dAr\u00e8s-point-de-vue-sur-le-Bassin-dArcachon.jpg 1000w, https:\/\/bassin-arcachon.com\/wp-content\/uploads\/2019\/06\/jet\u00e9e-dAr\u00e8s-point-de-vue-sur-le-Bassin-dArcachon-600x450.jpg 600w, https:\/\/bassin-arcachon.com\/wp-content\/uploads\/2019\/06\/jet\u00e9e-dAr\u00e8s-point-de-vue-sur-le-Bassin-dArcachon-768x576.jpg 768w, https:\/\/bassin-arcachon.com\/wp-content\/uploads\/2019\/06\/jet\u00e9e-dAr\u00e8s-point-de-vue-sur-le-Bassin-dArcachon-16x12.jpg 16w\" sizes=\"auto, (max-width: 480px) 150px\" src=\"https:\/\/bassin-arcachon.com\/wp-content\/uploads\/2019\/06\/jet\u00e9e-dAr\u00e8s-point-de-vue-sur-le-Bassin-dArcachon.jpg\" alt=\"- - Bassin d&#039;Arcachon\" class=\"uag-image-35260\" width=\"1000\" height=\"750\" title=\"- - Bassin d&#039;Arcachon\" loading=\"lazy\" role=\"img\"><\/figure><\/div>\n<\/div>\n<\/div><\/div>\n\n\n\n<div style=\"height:40px\" aria-hidden=\"true\" class=\"wp-block-spacer\"><\/div>","protected":false},"excerpt":{"rendered":"<p>Ar\u00e8s, pour des vraies vacances en famille Entre Bassin et nature, Ar\u00e8s a de quoi vous surprendre ! Venez profiter de son port ostr\u00e9icole, ou de ses sites naturels \u00e0 [&hellip;]<\/p>\n","protected":false},"author":25,"featured_media":11705,"parent":29,"menu_order":7,"comment_status":"closed","ping_status":"closed","template":"","meta":{"_acf_changed":false,"_uag_custom_page_level_css":"","footnotes":""},"class_list":["post-157","page","type-page","status-publish","has-post-thumbnail","hentry"],"acf":[],"uagb_featured_image_src":{"full":["https:\/\/bassin-arcachon.com\/wp-content\/uploads\/2017\/02\/pres-sales-ares-17.jpg",1200,800,false],"thumbnail":["https:\/\/bassin-arcachon.com\/wp-content\/uploads\/2017\/02\/pres-sales-ares-17-150x150.jpg",150,150,true],"medium":["https:\/\/bassin-arcachon.com\/wp-content\/uploads\/2017\/02\/pres-sales-ares-17-600x400.jpg",600,400,true],"medium_large":["https:\/\/bassin-arcachon.com\/wp-content\/uploads\/2017\/02\/pres-sales-ares-17-768x512.jpg",768,512,true],"large":["https:\/\/bassin-arcachon.com\/wp-content\/uploads\/2017\/02\/pres-sales-ares-17-1024x683.jpg",1024,683,true],"1536x1536":["https:\/\/bassin-arcachon.com\/wp-content\/uploads\/2017\/02\/pres-sales-ares-17.jpg",1200,800,false],"2048x2048":["https:\/\/bassin-arcachon.com\/wp-content\/uploads\/2017\/02\/pres-sales-ares-17.jpg",1200,800,false],"trp-custom-language-flag":["https:\/\/bassin-arcachon.com\/wp-content\/uploads\/2017\/02\/pres-sales-ares-17-18x12.jpg",18,12,true]},"uagb_author_info":{"display_name":"Marie Clauzel","author_link":"https:\/\/bassin-arcachon.com\/it\/author\/mariesiba\/"},"uagb_comment_info":0,"uagb_excerpt":"Ar\u00e8s, pour des vraies vacances en famille Entre Bassin et nature, Ar\u00e8s a de quoi vous surprendre ! Venez profiter de son port ostr\u00e9icole, ou de ses sites naturels \u00e0 [&hellip;]","_links":{"self":[{"href":"https:\/\/bassin-arcachon.com\/it\/wp-json\/wp\/v2\/pages\/157","targetHints":{"allow":["GET"]}}],"collection":[{"href":"https:\/\/bassin-arcachon.com\/it\/wp-json\/wp\/v2\/pages"}],"about":[{"href":"https:\/\/bassin-arcachon.com\/it\/wp-json\/wp\/v2\/types\/page"}],"author":[{"embeddable":true,"href":"https:\/\/bassin-arcachon.com\/it\/wp-json\/wp\/v2\/users\/25"}],"replies":[{"embeddable":true,"href":"https:\/\/bassin-arcachon.com\/it\/wp-json\/wp\/v2\/comments?post=157"}],"version-history":[{"count":1,"href":"https:\/\/bassin-arcachon.com\/it\/wp-json\/wp\/v2\/pages\/157\/revisions"}],"predecessor-version":[{"id":118617,"href":"https:\/\/bassin-arcachon.com\/it\/wp-json\/wp\/v2\/pages\/157\/revisions\/118617"}],"up":[{"embeddable":true,"href":"https:\/\/bassin-arcachon.com\/it\/wp-json\/wp\/v2\/pages\/29"}],"wp:featuredmedia":[{"embeddable":true,"href":"https:\/\/bassin-arcachon.com\/it\/wp-json\/wp\/v2\/media\/11705"}],"wp:attachment":[{"href":"https:\/\/bassin-arcachon.com\/it\/wp-json\/wp\/v2\/media?parent=157"}],"curies":[{"name":"wp","href":"https:\/\/api.w.org\/{rel}","templated":true}]}}