{"id":197521,"date":"2025-11-25T16:37:49","date_gmt":"2025-11-25T15:37:49","guid":{"rendered":"https:\/\/bassin-arcachon.com\/?page_id=197521"},"modified":"2026-04-07T16:03:20","modified_gmt":"2026-04-07T14:03:20","slug":"faq-bacino-di-arcachon","status":"publish","type":"page","link":"https:\/\/bassin-arcachon.com\/it\/faq-bassin-arcachon\/","title":{"rendered":"FAQ \u2013 Preparare il vostro soggiorno sul Bassin di Arcachon"},"content":{"rendered":"<div class=\"wp-block-uagb-container uagb-block-853d2159 alignfull uagb-is-root-container\"><div class=\"uagb-container-inner-blocks-wrap\">\n<p>Qui trovate le nostre FAQ e le risposte alle domande pi\u00f9 frequenti per organizzare <strong>Il vostro soggiorno sul Bassin di Arcachon<\/strong> : spiagge, maree, Duna di Pilat, attivit\u00e0 nella natura, degustazioni di ostriche, alloggi e attivit\u00e0 da non perdere.<\/p>\n<\/div><\/div>\n\n\n\n<div class=\"wp-block-uagb-container uagb-block-46c08ac1 alignfull uagb-is-root-container\"><div class=\"uagb-container-inner-blocks-wrap\">\n<h2 class=\"wp-block-heading\">1. Qual \u00e8 il periodo migliore per visitare il Bassin di Arcachon?<br><\/h2>\n<\/div><\/div>\n\n\n\n<div class=\"wp-block-uagb-container uagb-block-7fcd8e80 alignfull uagb-is-root-container\"><div class=\"uagb-container-inner-blocks-wrap\">\n<p>Il Bassin di Arcachon \u00e8 visitabile <strong>tutto l'anno<\/strong>, ma il periodo migliore dipende dai vostri desideri:<\/p>\n\n\n\n<ul class=\"wp-block-list\">\n<li><strong>Primavera (aprile-giugno)<\/strong> : clima mite, natura in fiore, meno gente sulle spiagge e sui sentieri.<\/li>\n\n\n\n<li><strong>Estate (luglio-agosto)<\/strong> : atmosfera vivace, bagni, attivit\u00e0 acquatiche, serate festive.<\/li>\n\n\n\n<li><strong>Autunno (settembre-ottobre)<\/strong> : acqua ancora piacevole, luce soffusa, ideale per escursioni, ciclismo e gastronomia.<\/li>\n\n\n\n<li><strong>Inverno<\/strong> : atmosfera rilassante, lunghe passeggiate, osservazione della natura e soggiorni cocooning.<\/li>\n<\/ul>\n\n\n\n<p>Per aiutarti nella scelta, trova anche <strong>le nostre ispirazioni per stagione<\/strong> !<\/p>\n<\/div><\/div>\n\n\n\n<div class=\"wp-block-uagb-container uagb-block-4e19e7a4 alignfull uagb-is-root-container\"><div class=\"uagb-container-inner-blocks-wrap\">\n<h2 class=\"wp-block-heading\">2. Dove fare il bagno sul Bassin di Arcachon?<br><\/h2>\n<\/div><\/div>\n\n\n\n<div class=\"wp-block-uagb-container uagb-block-2b2f35e5 alignfull uagb-is-root-container\"><div class=\"uagb-container-inner-blocks-wrap\">\n<p>Il Bassin offre una grande variet\u00e0 di spiagge, sia sul lato Bassin che sul lato dell'oceano. Tra i luoghi pi\u00f9 apprezzati per fare il bagno:<\/p>\n\n\n\n<ul class=\"wp-block-list\">\n<li><strong>A sud della Bassin di Arcachon<\/strong> : le spiagge di Pereire, Moulleau e del centro citt\u00e0 ad Arcachon, quelle di Pyla a La Teste de Buch, o ancora quella di La Hume a Gujan Mestras e molte altre. Tutte <strong><a href=\"https:\/\/www.pigma.org\/public\/visualiseur\/donneesplages\/?x=23811&amp;y=5551522&amp;z=8&amp;l=plage&amp;lb=positron&amp;config=apps%2Fdonneesplages%2Fdonneesplages_prefecture.xml&amp;mode=d\" target=\"_blank\" rel=\"noopener\">Le spiagge sorvegliate sono riportate qui. <\/a><\/strong>.<\/li>\n\n\n\n<li><strong>Sul cuore del Bassin di Arcachon:<\/strong> la spiaggia di Certes ad Audenge o le spiagge di Cassy e Suzette a Lanton. Tutte <strong><a href=\"https:\/\/www.pigma.org\/public\/visualiseur\/donneesplages\/?x=23811&amp;y=5551522&amp;z=8&amp;l=plage&amp;lb=positron&amp;config=apps%2Fdonneesplages%2Fdonneesplages_prefecture.xml&amp;mode=d\" target=\"_blank\" rel=\"noopener\">Le spiagge sorvegliate sono riportate qui. <\/a><\/strong>.<\/li>\n\n\n\n<li><strong>A nord della Bassin di Arcachon:<\/strong> quelle di Andernos-les-Bains, Ar\u00e8s e L\u00e8ge-Cap Ferret con le loro spiagge per famiglie. Tutte <strong><a href=\"https:\/\/www.pigma.org\/public\/visualiseur\/donneesplages\/?x=23811&amp;y=5551522&amp;z=8&amp;l=plage&amp;lb=positron&amp;config=apps%2Fdonneesplages%2Fdonneesplages_prefecture.xml&amp;mode=d\" target=\"_blank\" rel=\"noopener\">Le spiagge sorvegliate sono riportate qui. <\/a><\/strong>.<\/li>\n\n\n\n<li><strong>Lato oceano: <\/strong>sul lato delle spiagge oceaniche di La Teste de Buch (Petit-Nice, Lagune, Salie Nord) e di L\u00e8ge-Cap Ferret (Le Grand Crohot)<\/li>\n\n\n\n<li><strong>Laghi e bacini artificiali:<\/strong> Il lago di Cazaux, i 4 bacini balneabili allestiti a Teich, Audenge, Lanton e Ar\u00e8s nel sito naturale di St Brice. <\/li>\n<\/ul>\n\n\n\n<p>Scopri una selezione delle spiagge pi\u00f9 belle qui:<br><a href=\"https:\/\/bassin-arcachon.com\/it\/i-nostri-elementi-essenziali\/le-spiagge\/?utm_source=chatgpt.com\">https:\/\/bassin-arcachon.com\/nos-incontournables\/les-plages<\/a>\/<\/p>\n<\/div><\/div>\n\n\n\n<div class=\"wp-block-uagb-container uagb-block-3f3d13dd alignfull uagb-is-root-container\"><div class=\"uagb-container-inner-blocks-wrap\">\n<h2 class=\"wp-block-heading\">3. Come raggiungere la Duna di Pilat?<\/h2>\n<\/div><\/div>\n\n\n\n<div class=\"wp-block-uagb-container uagb-block-0e103258 alignfull uagb-is-root-container\"><div class=\"uagb-container-inner-blocks-wrap\">\n<div class=\"wp-block-uagb-container uagb-block-455d4c07\">\n<p>La Duna di Pilat \u00e8 uno dei luoghi simbolo del Bassin di Arcachon. \u00c8 possibile accedervi:<\/p>\n\n\n\n<ul class=\"wp-block-list\">\n<li><strong>In macchina<\/strong> : da Bordeaux, prendere l'autostrada A630 poi la A660 verso il Bassin di Arcachon \/ Biscarrosse, uscita D259 in direzione Dune du Pilat \/ Biscarrosse. Dirigersi verso l'area di accoglienza della Duna (dotata di un parcheggio).<\/li>\n\n\n\n<li><strong>Con il bus<\/strong> : <strong><a href=\"https:\/\/www.bus-baia.fr\/pdf\/l3.pdf\" target=\"_blank\" rel=\"noreferrer noopener\">Linea 3<\/a><\/strong>&nbsp;direzione Plage de la Salie, scendere alla fermata Dune du Pilat (25 min) (tutto l'anno tranne la domenica e i giorni festivi). In <strong>luglio\/agosto<\/strong>, il<strong> linea <a href=\"https:\/\/www.bus-baia.fr\/horaires-et-lignes.html\" target=\"_blank\" rel=\"noopener\">101 Express<\/a><\/strong> vi permette di raggiungere la Duna dalla stazione ferroviaria di Arcachon o dal mercato di La Teste de Buch.<\/li>\n\n\n\n<li><strong>In bicicletta<\/strong> : un'ottima opzione \u00e8 quella di percorrere le piste ciclabili che collegano Arcachon alla Duna. <strong><a href=\"https:\/\/bassin-arcachon.com\/it\/bassin-per-biciclette\/\" target=\"_blank\" rel=\"noreferrer noopener\">Tutte le passeggiate e gli itinerari sono disponibili qui.<\/a><\/strong><\/li>\n\n\n\n<li><strong>Consiglio pratico: l<\/strong>\u2019L'accesso alla Duna di Pilat rimane gratuito se arrivate a piedi, in bicicletta o con l'autobus Ba\u00efa (1 \u20ac a tratta). Parcheggio a pagamento per i veicoli a motore: 7 \u20ac \/ veicolo per 4 ore (contributo alla conservazione del sito classificato).<strong>.&nbsp;<\/strong><\/li>\n<\/ul>\n\n\n\n<p>Tutte le informazioni pratiche (accesso, parcheggi, consigli per la visita) sono disponibili qui:<br><a href=\"https:\/\/bassin-arcachon.com\/it\/i-nostri-elementi-essenziali\/la-duna-di-pilat\/?utm_source=chatgpt.com\">https:\/\/bassin-arcachon.com\/nos-incontournables\/la-dune-du-pilat\/<\/a> <\/p>\n<\/div>\n<\/div><\/div>\n\n\n\n<div class=\"wp-block-uagb-container uagb-block-ffee8adc alignfull uagb-is-root-container\"><div class=\"uagb-container-inner-blocks-wrap\">\n<h2 class=\"wp-block-heading\">4. Quali sono le attivit\u00e0 imperdibili nei dintorni del Bassin di Arcachon?<\/h2>\n<\/div><\/div>\n\n\n\n<div class=\"wp-block-uagb-container uagb-block-e3ebafe1 alignfull uagb-is-root-container\"><div class=\"uagb-container-inner-blocks-wrap\">\n<p>Tra le esperienze da non perdere:<\/p>\n\n\n\n<ul class=\"wp-block-list\">\n<li><strong>Scalare la Duna di Pilat<\/strong> e ammirare la vista sull'oceano, il Banc d'Arguin e la pineta. Informazioni: <a href=\"https:\/\/bassin-arcachon.com\/it\/i-nostri-elementi-essenziali\/\" target=\"_blank\" rel=\"noreferrer noopener\">https:\/\/bassin-arcachon.com\/nos-incontournables\/la-dune-du-pilat\/<\/a><\/li>\n\n\n\n<li><strong>Partire in barca verso l'\u00cele aux Oiseaux e le capanne sull'acqua<\/strong>, vere e proprie icone del Bassin.<br>Informazioni: <a href=\"https:\/\/bassin-arcachon.com\/it\/i-nostri-elementi-essenziali\/le-cabine-tchanquee\/\">https:\/\/bassin-arcachon.com\/nos-incontournables\/les-cabanes-tchanquees\/<\/a><\/li>\n\n\n\n<li><strong>Esplorare i villaggi e i porti ostricoli<\/strong> : capanne colorate, degustazione di ostriche, atmosfera autentica.<br>Informazioni: <a href=\"https:\/\/bassin-arcachon.com\/it\/i-nostri-elementi-essenziali\/villaggi-e-porti-di-allevatori-di-ostriche\/\">https:\/\/bassin-arcachon.com\/nos-incontournables\/les-villages-et-ports-ostreicoles\/<\/a> <\/li>\n\n\n\n<li><strong>Scopri il Bassin in bicicletta<\/strong> sulle numerose piste ciclabili.<br>Informazioni: <a href=\"https:\/\/bassin-arcachon.com\/it\/bassin-per-biciclette\/\">https:\/\/bassin-arcachon.com\/bassin-a-velo\/<\/a> <\/li>\n\n\n\n<li><strong>Passeggiare nella Citt\u00e0 d'Inverno di Arcachon: <\/strong>nel cuore delle pi\u00f9 belle ville del XIX secolo. Ideale da scoprire a piedi: <a href=\"https:\/\/bassin-arcachon.com\/it\/i-nostri-elementi-essenziali\/la-citta-invernale\/\">https:\/\/bassin-arcachon.com\/nos-incontournables\/la-ville-dhiver\/<\/a><\/li>\n\n\n\n<li><strong>Escursioni a piedi<\/strong> seguendo la costa o facendo il giro del Bassin a piedi:<br><a href=\"https:\/\/bassin-arcachon.com\/it\/a-piedi-intorno-al-bacino-di-arcachon\/\">https:\/\/bassin-arcachon.com\/le-tour-du-bassin-darcachon-a-pied\/<\/a> <\/li>\n\n\n\n<li><strong>La Pointe e il Faro di Cap Ferret:<\/strong> Dalle alture del faro di Cap Ferret o dalla Pointe, potrete ammirare i panorami pi\u00f9 belli sul Bassin di Arcachon. <a href=\"https:\/\/bassin-arcachon.com\/it\/i-nostri-elementi-essenziali\/il-faro-e-la-punta-di-cap-ferret\/\">https:\/\/bassin-arcachon.com\/nos-incontournables\/le-phare-et-pointe-du-cap-ferret\/ <\/a><\/li>\n<\/ul>\n\n\n\n<p>Per una panoramica delle \u00abattrazioni imperdibili\u00bb:<br><a href=\"https:\/\/bassin-arcachon.com\/it\/i-nostri-elementi-essenziali\/?utm_source=chatgpt.com\">https:\/\/bassin-arcachon.com\/nos-incontournables\/<\/a><\/p>\n<\/div><\/div>\n\n\n\n<div class=\"wp-block-uagb-container uagb-block-ea79b6a4 alignfull uagb-is-root-container\"><div class=\"uagb-container-inner-blocks-wrap\">\n<h2 class=\"wp-block-heading\">5. Dove mangiare le ostriche sul Bassin di Arcachon?<\/h2>\n<\/div><\/div>\n\n\n\n<div class=\"wp-block-uagb-container uagb-block-3201f544 alignfull uagb-is-root-container\"><div class=\"uagb-container-inner-blocks-wrap\">\n<p>Le ostriche sono parte integrante dell'identit\u00e0 del Bassin. Si gustano nelle vicinanze dei parchi ostricoli, nelle capanne dei nostri villaggi e porti ostricoli:<\/p>\n\n\n\n<ul class=\"wp-block-list\">\n<li>Il porto ostricolo <strong>da La Teste de Buch<\/strong><\/li>\n\n\n\n<li>I 7 porti di <strong>Gujan-Mestras<\/strong> (citt\u00e0 dai 7 porti) <\/li>\n\n\n\n<li>I porti e i villaggi del <strong>Cuore di Bassin<\/strong> (Biganos, Audenge, Lanton\u2026). <\/li>\n\n\n\n<li>Le capanne e il porto ostricolo di\u2019<strong>Andernos les Bains<\/strong>. <\/li>\n\n\n\n<li><strong>L'ovniport <\/strong>di Ar\u00e8s <\/li>\n\n\n\n<li>I villaggi ostricoli di <strong>Furetto Lege-Cap<\/strong>, come l'Erba o il Cannone. <\/li>\n<\/ul>\n\n\n\n<p>Per saperne di pi\u00f9 sui villaggi e sui porti ostricoli:<br><a href=\"https:\/\/bassin-arcachon.com\/it\/i-nostri-elementi-essenziali\/villaggi-e-porti-di-allevatori-di-ostriche\/?utm_source=chatgpt.com\">https:\/\/bassin-arcachon.com\/nos-incontournables\/les-villages-et-ports-ostreicoles\/<\/a><\/p>\n<\/div><\/div>\n\n\n\n<div class=\"wp-block-uagb-container uagb-block-742bb82e alignfull uagb-is-root-container\"><div class=\"uagb-container-inner-blocks-wrap\">\n<h2 class=\"wp-block-heading\">6. Come spostarsi nei dintorni dell'Bassin di Arcachon?<\/h2>\n<\/div><\/div>\n\n\n\n<div class=\"wp-block-uagb-container uagb-block-9269ef56 alignfull uagb-is-root-container\"><div class=\"uagb-container-inner-blocks-wrap\">\n<p>\u00c8 possibile spostarsi molto facilmente intorno al Bassin:<\/p>\n\n\n\n<ul class=\"wp-block-list\">\n<li><strong>In bicicletta<\/strong> : quasi 315 km di piste ciclabili e percorsi per lasciare l'auto e godersi il paesaggio. <\/li>\n\n\n\n<li><strong>Su una barca<\/strong> : navette marittime ed escursioni per collegare, ad esempio, Arcachon e Cap Ferret.<\/li>\n\n\n\n<li><strong>Con il bus<\/strong> : diverse reti di trasporto servono i comuni del Bassin. <a href=\"https:\/\/www.bus-baia.fr\/\" target=\"_blank\" rel=\"noopener\">Ba\u00efa<\/a> a sud della Bassin (Arcachon, La Teste de Buch, Gujan Mestras, Le Teich) e <a href=\"https:\/\/www.alego-mobilite.fr\/\" target=\"_blank\" rel=\"noopener\">Al\u00e9go<\/a> a nord del Bassin (Biganos, Audenge, Mios, Marcheprime, Lanton, Andernos, Ar\u00e8s e L\u00e8ge-Cap Ferret)<\/li>\n\n\n\n<li><strong>In treno:<\/strong> Ci sono 7 stazioni sulla linea Bassin di Arcachon, ovvero quelle di Arcachon, La Teste de Buch, Gujan Mestras, La Hume, Le Teich, Biganos e Marcheprime. Non consentono di percorrere l'intero territorio, ma permettono di visitarne met\u00e0. <\/li>\n<\/ul>\n\n\n\n<p>Una pagina pratica raccoglie tutte le informazioni sulla mobilit\u00e0:<br><a href=\"https:\/\/bassin-arcachon.com\/it\/muoversi-in-piscina\/?utm_source=chatgpt.com\">https:\/\/bassin-arcachon.com\/se-deplacer-sur-le-bassin\/<\/a><\/p>\n<\/div><\/div>\n\n\n\n<div class=\"wp-block-uagb-container uagb-block-3c83c9c3 alignfull uagb-is-root-container\"><div class=\"uagb-container-inner-blocks-wrap\">\n<h2 class=\"wp-block-heading\">7. Come funzionano le maree sul Bassin di Arcachon?<\/h2>\n<\/div><\/div>\n\n\n\n<div class=\"wp-block-uagb-container uagb-block-81f3ef2d alignfull uagb-is-root-container\"><div class=\"uagb-container-inner-blocks-wrap\">\n<p>Il fenomeno delle maree \u00e8 il risultato<strong> di due forze&nbsp;<\/strong>: da un lato, <strong>la forza gravitazionale della Luna e del Sole sulla Terra <\/strong>causando una deformazione non solo degli oceani ma anche della crosta terrestre, e dall'altro lato, <strong>la forza centrifuga (forza di Coriolis) legata alla rotazione della Terra su se stessa.<\/strong><\/p>\n\n\n\n<p>Queste forze combinate hanno l'effetto di creare un'onda di marea che si osserva attraverso un movimento oscillatorio giornaliero del livello del mare., <strong>ovvero movimenti ciclici di flusso (marea crescente) e riflusso (marea calante)<\/strong>. Forti durante gli equinozi e deboli durante i solstizi, le maree variano a seconda <strong>la posizione della Luna e del Sole rispetto all'asse terrestre, definito dall'equatore.<\/strong> Pi\u00f9 informazioni : <a href=\"https:\/\/www.cieau.com\/comprendre-le-phenomene-des-marees\/ \" target=\"_blank\" rel=\"noopener\">https:\/\/www.cieau.com\/comprendre-le-phenomene-des-marees\/ <\/a><\/p>\n\n\n\n<p>Prima di programmare un'attivit\u00e0 nautica, una gita in barca o un'esplorazione della battigia, ricordatevi di consultare gli orari delle maree aggiornati ogni anno dallo SHOM e disponibili qui:<br><a href=\"https:\/\/bassin-arcachon.com\/it\/orari-delle-maree\/\">https:\/\/bassin-arcachon.com\/horaires-des-marees\/<\/a><\/p>\n<\/div><\/div>\n\n\n\n<div class=\"wp-block-uagb-container uagb-block-3f6bd278 alignfull uagb-is-root-container\"><div class=\"uagb-container-inner-blocks-wrap\">\n<h2 class=\"wp-block-heading\">8. Quali tipi di alloggi si trovano sul Bassin di Arcachon?<\/h2>\n<\/div><\/div>\n\n\n\n<div class=\"wp-block-uagb-container uagb-block-cb7652f5 alignfull uagb-is-root-container\"><div class=\"uagb-container-inner-blocks-wrap\">\n<p>L'offerta ricettiva \u00e8 molto varia e si adatta a tutti gli stili di vacanza:<\/p>\n\n\n\n<ul class=\"wp-block-list\">\n<li><strong>Hotel<\/strong> : dal piccolo hotel di charme all'hotel con piscina: <a href=\"https:\/\/bassin-arcachon.com\/it\/alloggio\/alberghi\/\">https:\/\/bassin-arcachon.com\/hebergements\/hotels\/<\/a><\/li>\n\n\n\n<li><strong>Campeggi<\/strong> : dal campeggio per famiglie a due passi dalla spiaggia al sito pi\u00f9 naturale: <a href=\"https:\/\/bassin-arcachon.com\/it\/alloggio\/campeggi\/\">https:\/\/bassin-arcachon.com\/hebergements\/campings\/<\/a><\/li>\n\n\n\n<li><strong>Affitti per vacanze<\/strong> : appartamenti, case, ville, talvolta con vista Bassin : <a href=\"https:\/\/bassin-arcachon.com\/it\/alloggio\/gli-affitti-per-le-vacanze\/\">https:\/\/bassin-arcachon.com\/hebergements\/locations-de-vacances<\/a><\/li>\n\n\n\n<li><strong>Camere degli ospiti<\/strong> : indirizzi accoglienti, spesso con un'accoglienza personalizzata: <a href=\"https:\/\/bassin-arcachon.com\/it\/alloggio\/camere-degli-ospiti-2\/\">https:\/\/bassin-arcachon.com\/hebergements\/chambres-dhotes<\/a><\/li>\n<\/ul>\n\n\n\n<p>Per cercare un alloggio su tutto il territorio Bassin:<br><a href=\"https:\/\/bassin-arcachon.com\/it\/alloggio\/\">https:\/\/bassin-arcachon.com\/hebergements\/<\/a><\/p>\n<\/div><\/div>\n\n\n\n<div class=\"wp-block-uagb-container uagb-block-fd1eb808 alignfull uagb-is-root-container\"><div class=\"uagb-container-inner-blocks-wrap\">\n<h2 class=\"wp-block-heading\">9. Quali citt\u00e0 visitare nei dintorni dell'Bassin di Arcachon?<br><\/h2>\n<\/div><\/div>\n\n\n\n<div class=\"wp-block-uagb-container uagb-block-e54ee13c alignfull uagb-is-root-container\"><div class=\"uagb-container-inner-blocks-wrap\">\n<p>Diversi comuni compongono la destinazione Bassin di Arcachon, ognuno con la propria atmosfera:<\/p>\n\n\n\n<ul class=\"wp-block-list\">\n<li><strong>Arcachon<\/strong> : spiaggia, moli, Ville d\u2019Hiver, quartiere del Moulleau e di Pereire: <a href=\"https:\/\/bassin-arcachon.com\/it\/le-nostre-citta-e-i-nostri-villaggi\/arcachon\/\">https:\/\/bassin-arcachon.com\/nos-villes-et-villages\/arcachon\/ <\/a><\/li>\n\n\n\n<li><strong>La Teste-de-Buch<\/strong> : Duna di Pilat, porti ostricoli, capanne sull'acqua, lago di Cazaux : <a href=\"https:\/\/bassin-arcachon.com\/it\/le-nostre-citta-e-i-nostri-villaggi\/il-test-del-libro\/\">https:\/\/bassin-arcachon.com\/nos-villes-et-villages\/la-teste-de-buch\/<\/a><\/li>\n\n\n\n<li><strong>Gujan-Mestras:<\/strong> capitale dell'ostricoltura, citt\u00e0 dai 7 porti: <a href=\"https:\/\/bassin-arcachon.com\/it\/le-nostre-citta-e-i-nostri-villaggi\/gujan-mestras\/\">https:\/\/bassin-arcachon.com\/nos-villes-et-villages\/gujan-mestras\/<\/a><\/li>\n\n\n\n<li><strong>Le Teich: <\/strong>belvedere, Riserva Ornitologica, Delta della Leyre: <a href=\"https:\/\/bassin-arcachon.com\/it\/le-nostre-citta-e-i-nostri-villaggi\/il-teico\/\">https:\/\/bassin-arcachon.com\/nos-villes-et-villages\/le-teich\/<\/a><\/li>\n\n\n\n<li><strong>Cuore di Bassin<\/strong> : Biganos, Audenge, Lanton, Mios, Marcheprime, per una pausa nella natura: <a href=\"https:\/\/bassin-arcachon.com\/it\/le-nostre-citta-e-i-nostri-villaggi\/cuore-del-bacino\/\">https:\/\/bassin-arcachon.com\/nos-villes-et-villages\/coeur-du-bassin\/<\/a><\/li>\n\n\n\n<li><strong>Andernos les Bains<\/strong> : lungo molo, porto, aree naturali protette : <a href=\"https:\/\/bassin-arcachon.com\/it\/le-nostre-citta-e-i-nostri-villaggi\/andernos-i-bagni\/\">https:\/\/bassin-arcachon.com\/nos-villes-et-villages\/andernos-les-bains\/<\/a><\/li>\n\n\n\n<li><strong>Ares<\/strong> : villaggi ostricoli, faro, spiagge oceaniche : <a href=\"https:\/\/bassin-arcachon.com\/it\/le-nostre-citta-e-i-nostri-villaggi\/ares\/\">https:\/\/bassin-arcachon.com\/nos-villes-et-villages\/ares\/<\/a><\/li>\n\n\n\n<li><strong>Furetto Lege-Cap<\/strong> : villaggi ostricoli, faro, spiagge oceaniche : <a href=\"https:\/\/bassin-arcachon.com\/it\/le-nostre-citta-e-i-nostri-villaggi\/furetto-lege-cap\/\">https:\/\/bassin-arcachon.com\/nos-villes-et-villages\/lege-cap-ferret\/<\/a><\/li>\n<\/ul>\n\n\n\n<p>Per scoprire tutte le citt\u00e0 e i villaggi:<br><a href=\"https:\/\/bassin-arcachon.com\/it\/le-nostre-citta-e-i-nostri-villaggi\/\">https:\/\/bassin-arcachon.com\/nos-villes-et-villages\/<\/a><\/p>\n<\/div><\/div>\n\n\n\n<div class=\"wp-block-uagb-container uagb-block-95b6335f alignfull uagb-is-root-container\"><div class=\"uagb-container-inner-blocks-wrap\">\n<h2 class=\"wp-block-heading\">10. Come arrivare al Bassin di Arcachon?<\/h2>\n<\/div><\/div>\n\n\n\n<div class=\"wp-block-uagb-container uagb-block-3cb22894 alignfull uagb-is-root-container\"><div class=\"uagb-container-inner-blocks-wrap\">\n<p>Il Bassin di Arcachon \u00e8 facilmente raggiungibile:<\/p>\n\n\n\n<ul class=\"wp-block-list\">\n<li><strong>Con il treno<\/strong> : collegamenti regolari dalla stazione di Bordeaux alla stazione di Arcachon e alla stazione di Biganos-Facture.<\/li>\n\n\n\n<li><strong>In macchina<\/strong> : tramite l'autostrada A63 e poi la A660 in direzione Arcachon.<\/li>\n\n\n\n<li><strong>In aereo<\/strong> : l'aeroporto di Bordeaux-M\u00e9rignac si trova a circa 45 minuti di auto dal Bassin.<\/li>\n<\/ul>\n\n\n\n<p>Tutte le informazioni relative all'accesso e ai trasporti sono riportate qui: <a href=\"https:\/\/www.calameo.com\/bassin-arcachon\/books\/00002442172196ce0017a\" target=\"_blank\" rel=\"noopener\">https:\/\/www.calameo.com\/bassin-arcachon\/books\/00002442172196ce0017a<\/a><\/p>\n\n\n\n<p><a href=\"https:\/\/www.calameo.com\/bassin-arcachon\/books\/00002442172196ce0017a\" target=\"_blank\" rel=\"noopener\"><br><\/a>Per trasportare il Bassin di Arcachon in tasca, trovate tutte le informazioni necessarie su <strong>l'applicazione Bassin di Arcachon: <a href=\"https:\/\/bassin-arcachon.com\/it\/scarica-la-nostra-applicazione\/\" target=\"_blank\" rel=\"noreferrer noopener\">https:\/\/bassin-arcachon.com\/telechargez-notre-application\/<\/a> ! <\/strong><\/p>\n<\/div><\/div>","protected":false},"excerpt":{"rendered":"<p>Retrouvez ici notre FAQ et les r\u00e9ponses aux questions les plus fr\u00e9quentes pour organiser votre s\u00e9jour sur le Bassin d\u2019Arcachon : plages, mar\u00e9es, Dune du Pilat, activit\u00e9s nature, d\u00e9gustations d\u2019hu\u00eetres, [&hellip;]<\/p>\n","protected":false},"author":25,"featured_media":198170,"parent":0,"menu_order":0,"comment_status":"closed","ping_status":"closed","template":"","meta":{"_acf_changed":false,"_uag_custom_page_level_css":"","footnotes":""},"class_list":["post-197521","page","type-page","status-publish","has-post-thumbnail","hentry"],"acf":[],"uagb_featured_image_src":{"full":["https:\/\/bassin-arcachon.com\/wp-content\/uploads\/2025\/11\/Design-sans-titre-29.png",1400,700,false],"thumbnail":["https:\/\/bassin-arcachon.com\/wp-content\/uploads\/2025\/11\/Design-sans-titre-29-150x150.png",150,150,true],"medium":["https:\/\/bassin-arcachon.com\/wp-content\/uploads\/2025\/11\/Design-sans-titre-29-600x300.png",600,300,true],"medium_large":["https:\/\/bassin-arcachon.com\/wp-content\/uploads\/2025\/11\/Design-sans-titre-29-768x384.png",768,384,true],"large":["https:\/\/bassin-arcachon.com\/wp-content\/uploads\/2025\/11\/Design-sans-titre-29-1024x512.png",1024,512,true],"1536x1536":["https:\/\/bassin-arcachon.com\/wp-content\/uploads\/2025\/11\/Design-sans-titre-29.png",1400,700,false],"2048x2048":["https:\/\/bassin-arcachon.com\/wp-content\/uploads\/2025\/11\/Design-sans-titre-29.png",1400,700,false],"trp-custom-language-flag":["https:\/\/bassin-arcachon.com\/wp-content\/uploads\/2025\/11\/Design-sans-titre-29-18x9.png",18,9,true]},"uagb_author_info":{"display_name":"Marie Clauzel","author_link":"https:\/\/bassin-arcachon.com\/it\/author\/mariesiba\/"},"uagb_comment_info":0,"uagb_excerpt":"Retrouvez ici notre FAQ et les r\u00e9ponses aux questions les plus fr\u00e9quentes pour organiser votre s\u00e9jour sur le Bassin d\u2019Arcachon : plages, mar\u00e9es, Dune du Pilat, activit\u00e9s nature, d\u00e9gustations d\u2019hu\u00eetres, [&hellip;]","_links":{"self":[{"href":"https:\/\/bassin-arcachon.com\/it\/wp-json\/wp\/v2\/pages\/197521","targetHints":{"allow":["GET"]}}],"collection":[{"href":"https:\/\/bassin-arcachon.com\/it\/wp-json\/wp\/v2\/pages"}],"about":[{"href":"https:\/\/bassin-arcachon.com\/it\/wp-json\/wp\/v2\/types\/page"}],"author":[{"embeddable":true,"href":"https:\/\/bassin-arcachon.com\/it\/wp-json\/wp\/v2\/users\/25"}],"replies":[{"embeddable":true,"href":"https:\/\/bassin-arcachon.com\/it\/wp-json\/wp\/v2\/comments?post=197521"}],"version-history":[{"count":31,"href":"https:\/\/bassin-arcachon.com\/it\/wp-json\/wp\/v2\/pages\/197521\/revisions"}],"predecessor-version":[{"id":244599,"href":"https:\/\/bassin-arcachon.com\/it\/wp-json\/wp\/v2\/pages\/197521\/revisions\/244599"}],"wp:featuredmedia":[{"embeddable":true,"href":"https:\/\/bassin-arcachon.com\/it\/wp-json\/wp\/v2\/media\/198170"}],"wp:attachment":[{"href":"https:\/\/bassin-arcachon.com\/it\/wp-json\/wp\/v2\/media?parent=197521"}],"curies":[{"name":"wp","href":"https:\/\/api.w.org\/{rel}","templated":true}]}}