{"id":27306,"date":"2018-11-21T16:31:39","date_gmt":"2018-11-21T15:31:39","guid":{"rendered":"https:\/\/bassin-arcachon.com\/\/?page_id=27306"},"modified":"2024-11-06T10:55:46","modified_gmt":"2024-11-06T09:55:46","slug":"test-de-buch-2","status":"publish","type":"page","link":"https:\/\/bassin-arcachon.com\/it\/ou-dormir\/teste-de-buch\/","title":{"rendered":"Le nostre camere per gli ospiti a La Teste de Buch"},"content":{"rendered":"<div class=\"wp-block-uagb-container uagb-block-364a7175 alignfull uagb-is-root-container\"><div class=\"uagb-container-inner-blocks-wrap\">\n<div class=\"wp-block-uagb-container uagb-block-dbe4c7bd\">\n<h2 class=\"wp-block-heading\">Le nostre camere al La Teste de Buch con vista sul Bassin<\/h2>\n\n\n\n<p>Desiderate un soggiorno rilassante vicino all&#039;acqua? Contempla il bacino dalla terrazza della tua camera per gli ospiti al La Teste de Buch e stai vicino alla spiaggia! Sentirai l&#039;aria di mare dal tuo balcone! Vivi una vacanza eccezionale in una delle nostre camere per gli ospiti di La Teste de Buch!<\/p>\n\n\n\n<div class=\"wp-block-buttons is-layout-flex wp-block-buttons-is-layout-flex\">\n<div class=\"wp-block-button\"><a class=\"wp-block-button__link wp-element-button\" href=\"https:\/\/bassin-arcachon.com\/it\/alloggio\/bed-and-breakfast-la-teste-de-buchvuemer\/\">Bed and breakfast sul lungomare<\/a><\/div>\n<\/div>\n<\/div>\n\n\n\n<div class=\"wp-block-uagb-container uagb-block-c7b1d2b6\">\n<div class=\"wp-block-uagb-image uagb-block-4d4954a8 wp-block-uagb-image--layout-default wp-block-uagb-image--effect-static wp-block-uagb-image--align-none\"><figure class=\"wp-block-uagb-image__figure\"><img decoding=\"async\" srcset=\"https:\/\/bassin-arcachon.com\/wp-content\/uploads\/2017\/02\/Plage-oc\u00e9ane-La-Teste-de-Buch-1024x683.jpg \" sizes=\"auto, (max-width: 480px) 150px\" src=\"https:\/\/bassin-arcachon.com\/wp-content\/uploads\/2017\/02\/Plage-oc\u00e9ane-La-Teste-de-Buch-1024x683.jpg\" alt=\"- - Bassin d&#039;Arcachon\" class=\"uag-image-23765\" width=\"1024\" height=\"683\" title=\"- - Bassin d&#039;Arcachon\" loading=\"lazy\" role=\"img\"><\/figure><\/div>\n<\/div>\n<\/div><\/div>\n\n\n\n<div style=\"height:60px\" aria-hidden=\"true\" class=\"wp-block-spacer\"><\/div>\n\n\n\n<div class=\"wp-block-uagb-container uagb-block-e67af894 alignfull uagb-is-root-container\"><div class=\"uagb-container-inner-blocks-wrap\">\n<div class=\"wp-block-uagb-container uagb-block-46d50884\">\n<div class=\"wp-block-uagb-image uagb-block-a0a3fc12 wp-block-uagb-image--layout-default wp-block-uagb-image--effect-static wp-block-uagb-image--align-none\"><figure class=\"wp-block-uagb-image__figure\"><img decoding=\"async\" srcset=\"https:\/\/bassin-arcachon.com\/wp-content\/uploads\/2017\/07\/balade-detente-amis-bassin-arcachon-1024x683.jpg \" sizes=\"auto, (max-width: 480px) 150px\" src=\"https:\/\/bassin-arcachon.com\/wp-content\/uploads\/2017\/07\/balade-detente-amis-bassin-arcachon-1024x683.jpg\" alt=\"- - Bassin d&#039;Arcachon\" class=\"uag-image-5859\" width=\"1024\" height=\"683\" title=\"- - Bassin d&#039;Arcachon\" loading=\"lazy\" role=\"img\"><\/figure><\/div>\n<\/div>\n\n\n\n<div class=\"wp-block-uagb-container uagb-block-2d923acd\">\n<h2 class=\"wp-block-heading\">Le nostre camere in La Teste de Buch con piscina<\/h2>\n\n\n\n<p>Scegli una delle nostre camere con piscina al La Teste de Buch e goditi un soggiorno rilassante vicino alla piscina 100%! Rilassati in piscina mentre i bambini giocano in acqua. Ti sentirai subito a casa nelle nostre camere per gli ospiti di La Teste de Buch!<\/p>\n\n\n\n<div class=\"wp-block-buttons is-layout-flex wp-block-buttons-is-layout-flex\">\n<div class=\"wp-block-button\"><a class=\"wp-block-button__link wp-element-button\" href=\"https:\/\/bassin-arcachon.com\/it\/alloggio\/bed-and-breakfast-la-teste-de-buch-e-piscina\/\">Bed and breakfast con piscina<\/a><\/div>\n<\/div>\n<\/div>\n<\/div><\/div>\n\n\n\n<div style=\"height:60px\" aria-hidden=\"true\" class=\"wp-block-spacer\"><\/div>\n\n\n\n<div class=\"wp-block-uagb-container uagb-block-e1f76ed8 alignfull uagb-is-root-container\"><div class=\"uagb-container-inner-blocks-wrap\">\n<div class=\"wp-block-uagb-container uagb-block-48eff2ec\">\n<h2 class=\"wp-block-heading\">Le nostre camere in La Teste de Buch con giardino<\/h2>\n\n\n\n<p>Soggiorna in una vera oasi di pace optando per una delle nostre camere con giardino al La Teste de Buch! In un ambiente naturale e fiorito, approfitta del giardino del tuo bed and breakfast per rilassarti con gli amici o la famiglia! Una vera e propria parentesi incantata!<\/p>\n\n\n\n<div class=\"wp-block-buttons is-layout-flex wp-block-buttons-is-layout-flex\">\n<div class=\"wp-block-button\"><a class=\"wp-block-button__link wp-element-button\" href=\"https:\/\/bassin-arcachon.com\/it\/alloggio\/bed-and-breakfast-la-teste-de-buchjardin\/\">Bed and breakfast con giardino<\/a><\/div>\n<\/div>\n<\/div>\n\n\n\n<div class=\"wp-block-uagb-container uagb-block-b4f2dac4\">\n<div class=\"wp-block-uagb-image uagb-block-1ffd8f82 wp-block-uagb-image--layout-default wp-block-uagb-image--effect-static wp-block-uagb-image--align-none\"><figure class=\"wp-block-uagb-image__figure\"><img decoding=\"async\" srcset=\"https:\/\/bassin-arcachon.com\/wp-content\/uploads\/2019\/01\/ou-manger-teste-de-buch.jpg \" sizes=\"auto, (max-width: 480px) 150px\" src=\"https:\/\/bassin-arcachon.com\/wp-content\/uploads\/2019\/01\/ou-manger-teste-de-buch.jpg\" alt=\"dove-mangiare-teste-de-buch\" class=\"uag-image-31234\" width=\"1000\" height=\"666\" title=\"- - Bassin d&#039;Arcachon\" loading=\"lazy\" role=\"img\"><\/figure><\/div>\n<\/div>\n<\/div><\/div>\n\n\n\n<div style=\"height:60px\" aria-hidden=\"true\" class=\"wp-block-spacer\"><\/div>\n\n\n\n<div class=\"wp-block-uagb-container uagb-block-fe020429 alignfull uagb-is-root-container\">\n<div class=\"wp-block-cover is-light has-parallax\"><span aria-hidden=\"true\" class=\"wp-block-cover__background has-background-dim-0 has-background-dim\"><\/span><div class=\"wp-block-cover__image-background wp-image-1345 has-parallax\" style=\"background-position:50% 50%;background-image:url(https:\/\/bassin-arcachon.com\/wp-content\/uploads\/2017\/03\/Camping-Panorama-du-Pyla-cottage-vue-mer-coin-farniente.jpg)\"><\/div><div class=\"wp-block-cover__inner-container is-layout-flow wp-block-cover-is-layout-flow\">\n<div class=\"wp-block-uagb-container uagb-block-340dcf33\">\n<h2 class=\"wp-block-heading has-text-align-center has-white-color has-text-color has-large-font-size\">Trascorrete le vostre vacanze in tutta tranquillit\u00e0 in una delle camere Bassin ad Arcachon<\/h2>\n\n\n\n<p class=\"has-text-align-center has-white-color has-text-color\"><a href=\"https:\/\/bassin-arcachon.com\/it\/alloggio\/camere-degli-ospiti-2\/\">INIZIA LA TUA RICERCA<\/a><\/p>\n<\/div>\n<\/div><\/div>\n<\/div>\n\n\n\n<div style=\"height:60px\" aria-hidden=\"true\" class=\"wp-block-spacer\"><\/div>\n\n\n\n<div class=\"wp-block-uagb-container uagb-block-8f305ad1 alignfull uagb-is-root-container\"><div class=\"uagb-container-inner-blocks-wrap\">\n<div class=\"wp-block-uagb-container uagb-block-e71f2ccf\">\n<h3 class=\"wp-block-heading\">Vorresti prenotare una camera per gli ospiti intorno all&#039;La Teste de Buch<\/h3>\n\n\n\n<p>Scopri tutte le camere dell&#039;Bassin ad Arcachon:&nbsp;<a href=\"https:\/\/bassin-arcachon.com\/it\/alloggio\/camere-degli-ospiti-2+ares\/\">Ares<\/a>,&nbsp;<a href=\"https:\/\/bassin-arcachon.com\/it\/alloggio\/camere-degli-ospiti-2+arcachon\/\">Arcachon<\/a>,&nbsp;<a href=\"https:\/\/bassin-arcachon.com\/it\/alloggio\/camere-degli-ospiti-2+il-teico\/\">Le Teich<\/a>,&nbsp;<a href=\"https:\/\/bassin-arcachon.com\/it\/alloggio\/camere-degli-ospiti-2+anderno\/\">Anderno<\/a>,&nbsp;<a href=\"https:\/\/bassin-arcachon.com\/it\/alloggio\/camere-degli-ospiti-2+gujan-mestras\/\">Gujan-Mestras,<\/a>&nbsp;<a href=\"https:\/\/bassin-arcachon.com\/it\/alloggio\/camere-degli-ospiti-2+cuore-pelvico\/\">Bigano,<\/a>&nbsp;<a href=\"https:\/\/bassin-arcachon.com\/it\/alloggio\/camere-degli-ospiti-2+cuore-pelvico\/\">Audenge<\/a>,<a href=\"https:\/\/bassin-arcachon.com\/it\/alloggio\/camere-degli-ospiti-2+cuore-pelvico\/\">&nbsp;lanto&nbsp;<\/a>e&nbsp;<a href=\"https:\/\/bassin-arcachon.com\/it\/alloggio\/camere-degli-ospiti-2+furetto-lege-cap\/\">Lege-cap-furetto<\/a>&nbsp;!<\/p>\n<\/div>\n\n\n\n<div class=\"wp-block-uagb-container uagb-block-3ba7c796\">\n<div class=\"wp-block-uagb-image uagb-block-d47d4e56 wp-block-uagb-image--layout-default wp-block-uagb-image--effect-static wp-block-uagb-image--align-none\"><figure class=\"wp-block-uagb-image__figure\"><img decoding=\"async\" srcset=\"https:\/\/bassin-arcachon.com\/wp-content\/uploads\/2018\/09\/nourri-a-lhu\u00eetre-\u00e9lev\u00e9-sous-les-pins-Bassin-dArcachon.jpg 1000w, https:\/\/bassin-arcachon.com\/wp-content\/uploads\/2018\/09\/nourri-a-lhu\u00eetre-\u00e9lev\u00e9-sous-les-pins-Bassin-dArcachon-600x400.jpg 600w, https:\/\/bassin-arcachon.com\/wp-content\/uploads\/2018\/09\/nourri-a-lhu\u00eetre-\u00e9lev\u00e9-sous-les-pins-Bassin-dArcachon-768x511.jpg 768w, https:\/\/bassin-arcachon.com\/wp-content\/uploads\/2018\/09\/nourri-a-lhu\u00eetre-\u00e9lev\u00e9-sous-les-pins-Bassin-dArcachon-18x12.jpg 18w\" sizes=\"auto, (max-width: 480px) 150px\" src=\"https:\/\/bassin-arcachon.com\/wp-content\/uploads\/2018\/09\/nourri-a-lhu\u00eetre-\u00e9lev\u00e9-sous-les-pins-Bassin-dArcachon.jpg\" alt=\"- - Bassin d&#039;Arcachon\" class=\"uag-image-26169\" width=\"1000\" height=\"666\" title=\"- - Bassin d&#039;Arcachon\" loading=\"lazy\" role=\"img\"><\/figure><\/div>\n<\/div>\n<\/div><\/div>\n\n\n\n<div style=\"height:60px\" aria-hidden=\"true\" class=\"wp-block-spacer\"><\/div>","protected":false},"excerpt":{"rendered":"<p>Nos chambres d\u2019h\u00f4tes \u00e0 La Teste de Buch avec vue sur le Bassin Un s\u00e9jour relaxant au bord de l\u2019eau, \u00e7a vous tente ? Contemplez le bassin depuis la terrasse [&hellip;]<\/p>\n","protected":false},"author":24,"featured_media":2217,"parent":43,"menu_order":1,"comment_status":"closed","ping_status":"closed","template":"","meta":{"_acf_changed":false,"_uag_custom_page_level_css":"","footnotes":""},"class_list":["post-27306","page","type-page","status-publish","has-post-thumbnail","hentry"],"acf":[],"uagb_featured_image_src":{"full":["https:\/\/bassin-arcachon.com\/wp-content\/uploads\/2017\/03\/camping-bassin-arcachon.jpg",1200,800,false],"thumbnail":["https:\/\/bassin-arcachon.com\/wp-content\/uploads\/2017\/03\/camping-bassin-arcachon-150x150.jpg",150,150,true],"medium":["https:\/\/bassin-arcachon.com\/wp-content\/uploads\/2017\/03\/camping-bassin-arcachon-600x400.jpg",600,400,true],"medium_large":["https:\/\/bassin-arcachon.com\/wp-content\/uploads\/2017\/03\/camping-bassin-arcachon-768x512.jpg",768,512,true],"large":["https:\/\/bassin-arcachon.com\/wp-content\/uploads\/2017\/03\/camping-bassin-arcachon-1024x683.jpg",1024,683,true],"1536x1536":["https:\/\/bassin-arcachon.com\/wp-content\/uploads\/2017\/03\/camping-bassin-arcachon.jpg",1200,800,false],"2048x2048":["https:\/\/bassin-arcachon.com\/wp-content\/uploads\/2017\/03\/camping-bassin-arcachon.jpg",1200,800,false],"trp-custom-language-flag":["https:\/\/bassin-arcachon.com\/wp-content\/uploads\/2017\/03\/camping-bassin-arcachon-18x12.jpg",18,12,true]},"uagb_author_info":{"display_name":"Audrey RAMBAUT","author_link":"https:\/\/bassin-arcachon.com\/it\/author\/audrey-siba\/"},"uagb_comment_info":0,"uagb_excerpt":"Nos chambres d\u2019h\u00f4tes \u00e0 La Teste de Buch avec vue sur le Bassin Un s\u00e9jour relaxant au bord de l\u2019eau, \u00e7a vous tente ? Contemplez le bassin depuis la terrasse [&hellip;]","_links":{"self":[{"href":"https:\/\/bassin-arcachon.com\/it\/wp-json\/wp\/v2\/pages\/27306","targetHints":{"allow":["GET"]}}],"collection":[{"href":"https:\/\/bassin-arcachon.com\/it\/wp-json\/wp\/v2\/pages"}],"about":[{"href":"https:\/\/bassin-arcachon.com\/it\/wp-json\/wp\/v2\/types\/page"}],"author":[{"embeddable":true,"href":"https:\/\/bassin-arcachon.com\/it\/wp-json\/wp\/v2\/users\/24"}],"replies":[{"embeddable":true,"href":"https:\/\/bassin-arcachon.com\/it\/wp-json\/wp\/v2\/comments?post=27306"}],"version-history":[{"count":2,"href":"https:\/\/bassin-arcachon.com\/it\/wp-json\/wp\/v2\/pages\/27306\/revisions"}],"predecessor-version":[{"id":68246,"href":"https:\/\/bassin-arcachon.com\/it\/wp-json\/wp\/v2\/pages\/27306\/revisions\/68246"}],"up":[{"embeddable":true,"href":"https:\/\/bassin-arcachon.com\/it\/wp-json\/wp\/v2\/pages\/43"}],"wp:featuredmedia":[{"embeddable":true,"href":"https:\/\/bassin-arcachon.com\/it\/wp-json\/wp\/v2\/media\/2217"}],"wp:attachment":[{"href":"https:\/\/bassin-arcachon.com\/it\/wp-json\/wp\/v2\/media?parent=27306"}],"curies":[{"name":"wp","href":"https:\/\/api.w.org\/{rel}","templated":true}]}}