{"id":28073,"date":"2019-01-02T16:00:50","date_gmt":"2019-01-02T15:00:50","guid":{"rendered":"https:\/\/bassin-arcachon.com\/\/?page_id=28073"},"modified":"2024-11-06T11:38:01","modified_gmt":"2024-11-06T10:38:01","slug":"test-de-buch-2","status":"publish","type":"page","link":"https:\/\/bassin-arcachon.com\/it\/ou-dormir\/camping\/teste-de-buch\/","title":{"rendered":"I nostri campeggi a La Teste de Buch"},"content":{"rendered":"<div class=\"wp-block-uagb-container uagb-block-83284e49 alignfull uagb-is-root-container\"><div class=\"uagb-container-inner-blocks-wrap\">\n<div class=\"wp-block-uagb-container uagb-block-fa2a79ff\">\n<h2 class=\"wp-block-heading\">I nostri campeggi a La Teste de Buch con piscina<\/h2>\n\n\n\n<p>Rilassati nella vasca idromassaggio del tuo campeggio vicino a La Teste de Buch mentre i bambini si divertono sugli scivoli e nei giochi d&#039;acqua in piscina. Per momenti di relax 100% con gli amici, recati nella piscina riscaldata del tuo campeggio. Scegli il tuo campeggio con piscina e trascorri una vacanza da sogno al La Teste de Buch!<\/p>\n\n\n\n<div class=\"wp-block-buttons is-layout-flex wp-block-buttons-is-layout-flex\">\n<div class=\"wp-block-button\"><a class=\"wp-block-button__link wp-element-button\" href=\"https:\/\/bassin-arcachon.com\/it\/alloggio\/campeggi%40la-testa-di-libro%26amp%3bpiscina\/\">Campeggi con piscina<\/a><\/div>\n<\/div>\n<\/div>\n\n\n\n<div class=\"wp-block-uagb-container uagb-block-83d26c32\">\n<div class=\"wp-block-uagb-image uagb-block-88388523 wp-block-uagb-image--layout-default wp-block-uagb-image--effect-static wp-block-uagb-image--align-none\"><figure class=\"wp-block-uagb-image__figure\"><img decoding=\"async\" srcset=\"https:\/\/bassin-arcachon.com\/wp-content\/uploads\/2018\/04\/pres-sales-ouest-la-teste-e1548070131821.jpg ,https:\/\/bassin-arcachon.com\/wp-content\/uploads\/2018\/04\/pres-sales-ouest-la-teste-e1548070131821.jpg 780w, https:\/\/bassin-arcachon.com\/wp-content\/uploads\/2018\/04\/pres-sales-ouest-la-teste-e1548070131821.jpg 360w\" sizes=\"auto, (max-width: 480px) 150px\" src=\"https:\/\/bassin-arcachon.com\/wp-content\/uploads\/2018\/04\/pres-sales-ouest-la-teste-e1548070131821.jpg\" alt=\"Pausa rilassante nell&#039;ovest Prati salati accanto ai campeggi a la teste de buch\" class=\"uag-image-19913\" width=\"1024\" height=\"682\" title=\"Pausa rilassante nei prati salati occidentali a Teste de Buch\" loading=\"lazy\" role=\"img\"\/><\/figure><\/div>\n<\/div>\n<\/div><\/div>\n\n\n\n<div style=\"height:60px\" aria-hidden=\"true\" class=\"wp-block-spacer\"><\/div>\n\n\n\n<div class=\"wp-block-uagb-container uagb-block-7912c2ff alignfull uagb-is-root-container\"><div class=\"uagb-container-inner-blocks-wrap\">\n<div class=\"wp-block-uagb-container uagb-block-adf07fe8\">\n<div class=\"wp-block-uagb-image uagb-block-48eea241 wp-block-uagb-image--layout-default wp-block-uagb-image--effect-static wp-block-uagb-image--align-none\"><figure class=\"wp-block-uagb-image__figure\"><img decoding=\"async\" srcset=\"https:\/\/bassin-arcachon.com\/wp-content\/uploads\/2018\/02\/club-plage-pereire-12-e1548077638347.jpg ,https:\/\/bassin-arcachon.com\/wp-content\/uploads\/2018\/02\/club-plage-pereire-12-e1548077638347.jpg 780w, https:\/\/bassin-arcachon.com\/wp-content\/uploads\/2018\/02\/club-plage-pereire-12-e1548077638347.jpg 360w\" sizes=\"auto, (max-width: 480px) 150px\" src=\"https:\/\/bassin-arcachon.com\/wp-content\/uploads\/2018\/02\/club-plage-pereire-12-e1548077638347.jpg\" alt=\"Degustazione di pesce fresco della Cri\u00e9e d&#039;Arcachon\" class=\"uag-image-13596\" width=\"1024\" height=\"683\" title=\"Degustazione di pesce fresco della Cri\u00e9e d&#039;Arcachon\" loading=\"lazy\" role=\"img\"\/><\/figure><\/div>\n<\/div>\n\n\n\n<div class=\"wp-block-uagb-container uagb-block-9978662b\">\n<h2 class=\"wp-block-heading\">I nostri campeggi a La Teste de Buch con ristorante<\/h2>\n\n\n\n<p>Assapora i sapori locali nel ristorante del tuo campeggio vicino a La Teste de Buch! Ostriche e pesce fresco, tuffati nel cuore di Bassin degustando prodotti di qualit\u00e0. Cena romantica o pranzo tra amici, scegli \u00e0 la carte e opta per il ristorante del tuo campeggio da La Teste de Buch!<\/p>\n\n\n\n<div class=\"wp-block-buttons is-layout-flex wp-block-buttons-is-layout-flex\">\n<div class=\"wp-block-button\"><a class=\"wp-block-button__link wp-element-button\" href=\"https:\/\/bassin-arcachon.com\/it\/alloggio\/campeggila-teste-de-buchresto\/\">Campeggio con ristorante<\/a><\/div>\n<\/div>\n<\/div>\n<\/div><\/div>\n\n\n\n<div style=\"height:60px\" aria-hidden=\"true\" class=\"wp-block-spacer\"><\/div>\n\n\n\n<div class=\"wp-block-uagb-container uagb-block-d1356ecd alignfull uagb-is-root-container\"><div class=\"uagb-container-inner-blocks-wrap\">\n<div class=\"wp-block-uagb-container uagb-block-f1bc24a6\">\n<h2 class=\"wp-block-heading\">I nostri campeggi a La Teste de Buch con Wifi<\/h2>\n\n\n\n<p>Scegli una location nel cuore della foresta e rimani connesso durante il tuo soggiorno a La Teste de Buch! Grazie al Wifi del tuo campeggio, organizza il tuo soggiorno e pianifica le tue uscite dalla tua piazzola. In mezzo ai pini, goditi una connessione Wi-Fi in qualsiasi momento nel tuo campeggio su La Teste de Buch!<\/p>\n\n\n\n<div class=\"wp-block-buttons is-layout-flex wp-block-buttons-is-layout-flex\">\n<div class=\"wp-block-button\"><a class=\"wp-block-button__link wp-element-button\" href=\"https:\/\/bassin-arcachon.com\/it\/alloggio\/campeggila-teste-de-buchwifi\/\">Campeggi con wifi<\/a><\/div>\n<\/div>\n<\/div>\n\n\n\n<div class=\"wp-block-uagb-container uagb-block-f6c42ebe\">\n<div class=\"wp-block-uagb-image uagb-block-f5472371 wp-block-uagb-image--layout-default wp-block-uagb-image--effect-static wp-block-uagb-image--align-none\"><figure class=\"wp-block-uagb-image__figure\"><img decoding=\"async\" srcset=\"https:\/\/bassin-arcachon.com\/wp-content\/uploads\/2017\/04\/Modif-Marion-6-e1674026597644.jpg \" sizes=\"auto, (max-width: 480px) 150px\" src=\"https:\/\/bassin-arcachon.com\/wp-content\/uploads\/2017\/04\/Modif-Marion-6-e1674026597644.jpg\" alt=\"Wi-Fi Lanton\" class=\"uag-image-7364\" width=\"542\" height=\"368\" title=\"- - Bassin d&#039;Arcachon\" loading=\"lazy\" role=\"img\"><\/figure><\/div>\n<\/div>\n<\/div><\/div>\n\n\n\n<div style=\"height:60px\" aria-hidden=\"true\" class=\"wp-block-spacer\"><\/div>\n\n\n\n<div class=\"wp-block-uagb-container uagb-block-6df8117b alignfull uagb-is-root-container\">\n<div class=\"wp-block-cover is-light has-parallax\"><span aria-hidden=\"true\" class=\"wp-block-cover__background has-background-dim-0 has-background-dim\"><\/span><div class=\"wp-block-cover__image-background wp-image-1345 has-parallax\" style=\"background-position:50% 50%;background-image:url(https:\/\/bassin-arcachon.com\/wp-content\/uploads\/2017\/03\/Camping-Panorama-du-Pyla-cottage-vue-mer-coin-farniente.jpg)\"><\/div><div class=\"wp-block-cover__inner-container is-layout-flow wp-block-cover-is-layout-flow\">\n<div class=\"wp-block-uagb-container uagb-block-dbb1ce09\">\n<h2 class=\"wp-block-heading has-text-align-center has-white-color has-text-color has-large-font-size\">Trascorri le tue vacanze in tutta tranquillit\u00e0 in uno dei campeggi Bassin ad Arcachon!<\/h2>\n\n\n\n<p class=\"has-text-align-center has-white-color has-text-color\"><a href=\"https:\/\/bassin-arcachon.com\/it\/alloggio\/campeggi\/\">INIZIA LA TUA RICERCA<\/a><\/p>\n<\/div>\n<\/div><\/div>\n<\/div>\n\n\n\n<div style=\"height:60px\" aria-hidden=\"true\" class=\"wp-block-spacer\"><\/div>\n\n\n\n<div class=\"wp-block-uagb-container uagb-block-02e6a164 alignfull uagb-is-root-container\"><div class=\"uagb-container-inner-blocks-wrap\">\n<div class=\"wp-block-uagb-container uagb-block-8edb6d7d\">\n<h3 class=\"wp-block-heading\">Vuoi prenotare un campeggio intorno a La Teste de Buch?<\/h3>\n\n\n\n<p>Scopri tutti i nostri campeggi a Bassin Arcachon:&nbsp;<a href=\"https:\/\/bassin-arcachon.com\/it\/alloggio\/alberghi+ares\/\">Ares<\/a>,&nbsp;<a href=\"https:\/\/bassin-arcachon.com\/it\/alloggio\/alberghi+arcachon\/\">Arcachon<\/a>,&nbsp;<a href=\"https:\/\/bassin-arcachon.com\/it\/alloggio\/alberghi+il-teico\/\">Le Teich<\/a>,&nbsp;<a href=\"https:\/\/bassin-arcachon.com\/it\/alloggio\/alberghi+anderno\/\">Anderno<\/a>,&nbsp;<a href=\"https:\/\/bassin-arcachon.com\/it\/alloggio\/alberghi+gujan-mestras\/\">Gujan-Mestras,<\/a>&nbsp;<a href=\"https:\/\/bassin-arcachon.com\/it\/alloggio\/alberghi+cuore-pelvico\/\">Bigano,<\/a>&nbsp;<a href=\"https:\/\/bassin-arcachon.com\/it\/alloggio\/alberghi+cuore-pelvico\/\">Audenge<\/a>,<a href=\"https:\/\/bassin-arcachon.com\/it\/alloggio\/alberghi+cuore-pelvico\/\">&nbsp;lanto&nbsp;<\/a>e&nbsp;<a href=\"https:\/\/bassin-arcachon.com\/it\/alloggio\/alberghi+furetto-lege-cap\/\">Cap-Ferret<\/a>&nbsp;!<\/p>\n<\/div>\n\n\n\n<div class=\"wp-block-uagb-container uagb-block-2e52a006\">\n<div class=\"wp-block-uagb-image uagb-block-a755267c wp-block-uagb-image--layout-default wp-block-uagb-image--effect-static wp-block-uagb-image--align-none\"><figure class=\"wp-block-uagb-image__figure\"><img decoding=\"async\" srcset=\"https:\/\/bassin-arcachon.com\/wp-content\/uploads\/2018\/09\/nourri-a-lhu\u00eetre-\u00e9lev\u00e9-sous-les-pins-Bassin-dArcachon.jpg 1000w, https:\/\/bassin-arcachon.com\/wp-content\/uploads\/2018\/09\/nourri-a-lhu\u00eetre-\u00e9lev\u00e9-sous-les-pins-Bassin-dArcachon-600x400.jpg 600w, https:\/\/bassin-arcachon.com\/wp-content\/uploads\/2018\/09\/nourri-a-lhu\u00eetre-\u00e9lev\u00e9-sous-les-pins-Bassin-dArcachon-768x511.jpg 768w, https:\/\/bassin-arcachon.com\/wp-content\/uploads\/2018\/09\/nourri-a-lhu\u00eetre-\u00e9lev\u00e9-sous-les-pins-Bassin-dArcachon-18x12.jpg 18w\" sizes=\"auto, (max-width: 480px) 150px\" src=\"https:\/\/bassin-arcachon.com\/wp-content\/uploads\/2018\/09\/nourri-a-lhu\u00eetre-\u00e9lev\u00e9-sous-les-pins-Bassin-dArcachon.jpg\" alt=\"- - Bassin d&#039;Arcachon\" class=\"uag-image-26169\" width=\"1000\" height=\"666\" title=\"- - Bassin d&#039;Arcachon\" loading=\"lazy\" role=\"img\"><\/figure><\/div>\n<\/div>\n<\/div><\/div>\n\n\n\n<div style=\"height:60px\" aria-hidden=\"true\" class=\"wp-block-spacer\"><\/div>","protected":false},"excerpt":{"rendered":"<p>Nos campings \u00e0 la Teste de Buch avec piscine D\u00e9tendez-vous dans le jacuzzi de votre camping pr\u00e8s de La Teste de Buch pendant que les enfants s\u2019amusent dans les toboggans [&hellip;]<\/p>\n","protected":false},"author":24,"featured_media":2217,"parent":392,"menu_order":1,"comment_status":"closed","ping_status":"closed","template":"","meta":{"_acf_changed":false,"_uag_custom_page_level_css":"","footnotes":""},"class_list":["post-28073","page","type-page","status-publish","has-post-thumbnail","hentry"],"acf":[],"uagb_featured_image_src":{"full":["https:\/\/bassin-arcachon.com\/wp-content\/uploads\/2017\/03\/camping-bassin-arcachon.jpg",1200,800,false],"thumbnail":["https:\/\/bassin-arcachon.com\/wp-content\/uploads\/2017\/03\/camping-bassin-arcachon-150x150.jpg",150,150,true],"medium":["https:\/\/bassin-arcachon.com\/wp-content\/uploads\/2017\/03\/camping-bassin-arcachon-600x400.jpg",600,400,true],"medium_large":["https:\/\/bassin-arcachon.com\/wp-content\/uploads\/2017\/03\/camping-bassin-arcachon-768x512.jpg",768,512,true],"large":["https:\/\/bassin-arcachon.com\/wp-content\/uploads\/2017\/03\/camping-bassin-arcachon-1024x683.jpg",1024,683,true],"1536x1536":["https:\/\/bassin-arcachon.com\/wp-content\/uploads\/2017\/03\/camping-bassin-arcachon.jpg",1200,800,false],"2048x2048":["https:\/\/bassin-arcachon.com\/wp-content\/uploads\/2017\/03\/camping-bassin-arcachon.jpg",1200,800,false],"trp-custom-language-flag":["https:\/\/bassin-arcachon.com\/wp-content\/uploads\/2017\/03\/camping-bassin-arcachon-18x12.jpg",18,12,true]},"uagb_author_info":{"display_name":"Audrey RAMBAUT","author_link":"https:\/\/bassin-arcachon.com\/it\/author\/audrey-siba\/"},"uagb_comment_info":0,"uagb_excerpt":"Nos campings \u00e0 la Teste de Buch avec piscine D\u00e9tendez-vous dans le jacuzzi de votre camping pr\u00e8s de La Teste de Buch pendant que les enfants s\u2019amusent dans les toboggans [&hellip;]","_links":{"self":[{"href":"https:\/\/bassin-arcachon.com\/it\/wp-json\/wp\/v2\/pages\/28073","targetHints":{"allow":["GET"]}}],"collection":[{"href":"https:\/\/bassin-arcachon.com\/it\/wp-json\/wp\/v2\/pages"}],"about":[{"href":"https:\/\/bassin-arcachon.com\/it\/wp-json\/wp\/v2\/types\/page"}],"author":[{"embeddable":true,"href":"https:\/\/bassin-arcachon.com\/it\/wp-json\/wp\/v2\/users\/24"}],"replies":[{"embeddable":true,"href":"https:\/\/bassin-arcachon.com\/it\/wp-json\/wp\/v2\/comments?post=28073"}],"version-history":[{"count":2,"href":"https:\/\/bassin-arcachon.com\/it\/wp-json\/wp\/v2\/pages\/28073\/revisions"}],"predecessor-version":[{"id":68268,"href":"https:\/\/bassin-arcachon.com\/it\/wp-json\/wp\/v2\/pages\/28073\/revisions\/68268"}],"up":[{"embeddable":true,"href":"https:\/\/bassin-arcachon.com\/it\/wp-json\/wp\/v2\/pages\/392"}],"wp:featuredmedia":[{"embeddable":true,"href":"https:\/\/bassin-arcachon.com\/it\/wp-json\/wp\/v2\/media\/2217"}],"wp:attachment":[{"href":"https:\/\/bassin-arcachon.com\/it\/wp-json\/wp\/v2\/media?parent=28073"}],"curies":[{"name":"wp","href":"https:\/\/api.w.org\/{rel}","templated":true}]}}