{"id":33,"date":"2017-02-06T14:51:49","date_gmt":"2017-02-06T13:51:49","guid":{"rendered":"https:\/\/bassin-arcachon.com\/\/?page_id=33"},"modified":"2026-04-23T14:38:42","modified_gmt":"2026-04-23T12:38:42","slug":"la-piscina-e-per-tutta-la-stagione","status":"publish","type":"page","link":"https:\/\/bassin-arcachon.com\/it\/le-bassin-a-toute-saison\/","title":{"rendered":"La Bassin per tutte le stagioni"},"content":{"rendered":"<div class=\"wp-block-uagb-table-of-contents uagb-toc__align-center uagb-toc__columns-1  uagb-block-e19eb2b9 toc_sticky    uag-blocks-common-selector\"\n\t\t\t\t\tdata-scroll= \"1\"\n\t\t\t\t\tdata-offset= \"30\"\n\t\t\t\t\tstyle=\"--z-index-desktop:3;\"\n\t\t\t\t>\n\t\t\t\t<div class=\"uagb-toc__wrap\">\n\t\t\t\t\t\t<div class=\"uagb-toc__title\">\n\t\t\t\t\t\t\tSommario\t\t\t\t\t\t<\/div>\n\t\t\t\t\t\t\t\t\t\t\t\t\t\t\t\t\t\t\t\t\t\t<div class=\"uagb-toc__list-wrap\">\n\t\t\t\t\t\t<ol class=\"uagb-toc__list\"><li class=\"uagb-toc__list\"><a href=\"#au-printemps\" class=\"uagb-toc-link__trigger\">In primavera<\/a><li class=\"uagb-toc__list\"><a href=\"#en-\u00e9t\u00e9\" class=\"uagb-toc-link__trigger\">In estate<\/a><li class=\"uagb-toc__list\"><a href=\"#a-lautomne\" class=\"uagb-toc-link__trigger\">In autunno<\/a><li class=\"uagb-toc__list\"><a href=\"#en-hiver\" class=\"uagb-toc-link__trigger\">In inverno<\/a><\/ol>\t\t\t\t\t<\/div>\n\t\t\t\t\t\t\t\t\t<\/div>\n\t\t\t\t<\/div>\n\t\t\t\n\n\n<div style=\"height:40px\" aria-hidden=\"true\" class=\"wp-block-spacer\"><\/div>\n\n\n\n<div class=\"wp-block-uagb-container uagb-block-db40e69f alignfull uagb-is-root-container\"><div class=\"uagb-container-inner-blocks-wrap\">\n<div class=\"wp-block-uagb-container uagb-block-88bb6617\">\n<h2 class=\"wp-block-heading\">In primavera<\/h2>\n\n\n\n<h3 class=\"wp-block-heading\">Godetevi i primi raggi di sole sulla terrazza<\/h3>\n\n\n\n<p>Le giornate si allungano e la natura si sveglia in primavera, con la voglia di godersi i primi raggi di sole. Sali in sella alla tua bici per scoprire sentieri sconosciuti, passeggia lungo i moli per prendere una boccata d&#039;aria fresca di mare e inaugura le giornate di sole sulla terrazza!<\/p>\n\n\n\n<div class=\"wp-block-buttons is-layout-flex wp-block-buttons-is-layout-flex\">\n<div class=\"wp-block-button\"><a class=\"wp-block-button__link wp-element-button\" href=\"https:\/\/bassin-arcachon.com\/it\/la-piscina-e-per-tutta-la-stagione\/la-piscina-in-primavera\/\">Cosa fare in primavera?<\/a><\/div>\n<\/div>\n<\/div>\n\n\n\n<div class=\"wp-block-uagb-container uagb-block-32ef8367\">\n<figure class=\"wp-block-gallery has-nested-images columns-2 is-cropped wp-block-gallery-1 is-layout-flex wp-block-gallery-is-layout-flex\">\n<figure class=\"wp-block-image size-large\"><img loading=\"lazy\" decoding=\"async\" width=\"371\" height=\"557\" data-id=\"379\" src=\"https:\/\/bassin-arcachon.com\/wp-content\/uploads\/2017\/02\/printemps2.jpg\" alt=\"- - Bassin d&#039;Arcachon\" class=\"wp-image-379\" title=\"- - Bassin d&#039;Arcachon\" srcset=\"https:\/\/bassin-arcachon.com\/wp-content\/uploads\/2017\/02\/printemps2.jpg 371w, https:\/\/bassin-arcachon.com\/wp-content\/uploads\/2017\/02\/printemps2-8x12.jpg 8w\" sizes=\"auto, (max-width: 371px) 100vw, 371px\" \/><\/figure>\n\n\n\n<figure class=\"wp-block-image size-large\"><img loading=\"lazy\" decoding=\"async\" width=\"539\" height=\"359\" data-id=\"380\" src=\"https:\/\/bassin-arcachon.com\/wp-content\/uploads\/2017\/02\/printemps1.jpg\" alt=\"- - Bassin d&#039;Arcachon\" class=\"wp-image-380\" title=\"- - Bassin d&#039;Arcachon\" srcset=\"https:\/\/bassin-arcachon.com\/wp-content\/uploads\/2017\/02\/printemps1.jpg 539w, https:\/\/bassin-arcachon.com\/wp-content\/uploads\/2017\/02\/printemps1-18x12.jpg 18w\" sizes=\"auto, (max-width: 539px) 100vw, 539px\" \/><\/figure>\n<\/figure>\n<\/div>\n<\/div><\/div>\n\n\n\n<div style=\"height:60px\" aria-hidden=\"true\" class=\"wp-block-spacer\"><\/div>\n\n\n\n<div class=\"wp-block-uagb-container uagb-block-8017ea85 alignfull uagb-is-root-container\"><div class=\"uagb-container-inner-blocks-wrap\">\n<div class=\"wp-block-uagb-container uagb-block-59a2690d\">\n<figure class=\"wp-block-gallery has-nested-images columns-2 is-cropped wp-block-gallery-2 is-layout-flex wp-block-gallery-is-layout-flex\">\n<figure class=\"wp-block-image size-large\"><img loading=\"lazy\" decoding=\"async\" width=\"454\" height=\"681\" data-id=\"9673\" src=\"https:\/\/bassin-arcachon.com\/wp-content\/uploads\/2017\/09\/ete3.jpg\" alt=\"- - Bassin d&#039;Arcachon\" class=\"wp-image-9673\" title=\"- - Bassin d&#039;Arcachon\" srcset=\"https:\/\/bassin-arcachon.com\/wp-content\/uploads\/2017\/09\/ete3.jpg 454w, https:\/\/bassin-arcachon.com\/wp-content\/uploads\/2017\/09\/ete3-400x600.jpg 400w, https:\/\/bassin-arcachon.com\/wp-content\/uploads\/2017\/09\/ete3-8x12.jpg 8w\" sizes=\"auto, (max-width: 454px) 100vw, 454px\" \/><\/figure>\n\n\n\n<figure class=\"wp-block-image size-large\"><img loading=\"lazy\" decoding=\"async\" width=\"553\" height=\"369\" data-id=\"377\" src=\"https:\/\/bassin-arcachon.com\/wp-content\/uploads\/2017\/02\/ete1.jpg\" alt=\"- - Bassin d&#039;Arcachon\" class=\"wp-image-377\" title=\"- - Bassin d&#039;Arcachon\" srcset=\"https:\/\/bassin-arcachon.com\/wp-content\/uploads\/2017\/02\/ete1.jpg 553w, https:\/\/bassin-arcachon.com\/wp-content\/uploads\/2017\/02\/ete1-18x12.jpg 18w\" sizes=\"auto, (max-width: 553px) 100vw, 553px\" \/><\/figure>\n<\/figure>\n<\/div>\n\n\n\n<div class=\"wp-block-uagb-container uagb-block-09244c34\">\n<h2 class=\"wp-block-heading\">In estate<\/h2>\n\n\n\n<h3 class=\"wp-block-heading\">Assapora il piacere di una vera vacanza<\/h3>\n\n\n\n<p>E&#039; la stagione delle vere vacanze per eccellenza. Tempo per degustazioni di ostriche in terrazza accompagnate da un bicchiere di vino bianco, gite in bicicletta fino al faro di Cap Ferret per ammirare il panorama, senza dimenticare le passeggiate nei villaggi di ostriche e le gite in barca.<\/p>\n\n\n\n<div class=\"wp-block-buttons is-layout-flex wp-block-buttons-is-layout-flex\">\n<div class=\"wp-block-button\"><a class=\"wp-block-button__link wp-element-button\" href=\"https:\/\/bassin-arcachon.com\/it\/la-piscina-e-per-tutta-la-stagione\/la-piscina-in-estate\/\">Cosa fare in estate?<\/a><\/div>\n<\/div>\n<\/div>\n<\/div><\/div>\n\n\n\n<div style=\"height:60px\" aria-hidden=\"true\" class=\"wp-block-spacer\"><\/div>\n\n\n\n<div class=\"wp-block-uagb-container uagb-block-9fb223ec alignfull uagb-is-root-container\"><div class=\"uagb-container-inner-blocks-wrap\">\n<div class=\"wp-block-uagb-container uagb-block-815423e5\">\n<h2 class=\"wp-block-heading\">In autunno<\/h2>\n\n\n\n<h3 class=\"wp-block-heading\">I colori si rivelano negli spazi naturali<\/h3>\n\n\n\n<p>Sebbene la natura sia bella in ogni stagione, \u00e8 anche molto diversa. In autunno, i colori arancioni sostituiscono il verde dell&#039;estate, ed \u00e8 davvero una gioia osservarlo. \u00c8 l&#039;occasione per nuove passeggiate e per trovare una sistemazione di charme per un weekend.<\/p>\n\n\n\n<div class=\"wp-block-buttons is-layout-flex wp-block-buttons-is-layout-flex\">\n<div class=\"wp-block-button\"><a class=\"wp-block-button__link wp-element-button\" href=\"https:\/\/bassin-arcachon.com\/it\/la-piscina-e-per-tutta-la-stagione\/la-piscina-in-autunno\/\">Cosa fare in autunno?<\/a><\/div>\n<\/div>\n<\/div>\n\n\n\n<div class=\"wp-block-uagb-container uagb-block-252ab0ca\">\n<div class=\"wp-block-uagb-image uagb-block-b4daf1a1 wp-block-uagb-image--layout-default wp-block-uagb-image--effect-static wp-block-uagb-image--align-none\"><figure class=\"wp-block-uagb-image__figure\"><img decoding=\"async\" srcset=\"https:\/\/bassin-arcachon.com\/wp-content\/uploads\/2017\/02\/automne1.jpg \" sizes=\"auto, (max-width: 480px) 150px\" src=\"https:\/\/bassin-arcachon.com\/wp-content\/uploads\/2017\/02\/automne1.jpg\" alt=\"- - Bassin d&#039;Arcachon\" class=\"uag-image-374\" width=\"700\" height=\"366\" title=\"- - Bassin d&#039;Arcachon\" loading=\"lazy\"><\/figure><\/div>\n<\/div>\n<\/div><\/div>\n\n\n\n<div style=\"height:60px\" aria-hidden=\"true\" class=\"wp-block-spacer\"><\/div>\n\n\n\n<div class=\"wp-block-uagb-container uagb-block-81175587 alignfull uagb-is-root-container\"><div class=\"uagb-container-inner-blocks-wrap\">\n<div class=\"wp-block-uagb-container uagb-block-920fcc4e\">\n<figure class=\"wp-block-gallery has-nested-images columns-2 is-cropped wp-block-gallery-3 is-layout-flex wp-block-gallery-is-layout-flex\">\n<figure class=\"wp-block-image size-large\"><img loading=\"lazy\" decoding=\"async\" width=\"335\" height=\"498\" data-id=\"371\" src=\"https:\/\/bassin-arcachon.com\/wp-content\/uploads\/2017\/02\/hiver2.jpg\" alt=\"- - Bassin d&#039;Arcachon\" class=\"wp-image-371\" title=\"- - Bassin d&#039;Arcachon\" srcset=\"https:\/\/bassin-arcachon.com\/wp-content\/uploads\/2017\/02\/hiver2.jpg 335w, https:\/\/bassin-arcachon.com\/wp-content\/uploads\/2017\/02\/hiver2-8x12.jpg 8w\" sizes=\"auto, (max-width: 335px) 100vw, 335px\" \/><\/figure>\n\n\n\n<figure class=\"wp-block-image size-large\"><img loading=\"lazy\" decoding=\"async\" width=\"783\" height=\"522\" data-id=\"370\" src=\"https:\/\/bassin-arcachon.com\/wp-content\/uploads\/2017\/02\/hiver3.jpg\" alt=\"- - Bassin d&#039;Arcachon\" class=\"wp-image-370\" title=\"- - Bassin d&#039;Arcachon\" srcset=\"https:\/\/bassin-arcachon.com\/wp-content\/uploads\/2017\/02\/hiver3.jpg 783w, https:\/\/bassin-arcachon.com\/wp-content\/uploads\/2017\/02\/hiver3-600x400.jpg 600w, https:\/\/bassin-arcachon.com\/wp-content\/uploads\/2017\/02\/hiver3-768x512.jpg 768w, https:\/\/bassin-arcachon.com\/wp-content\/uploads\/2017\/02\/hiver3-18x12.jpg 18w\" sizes=\"auto, (max-width: 783px) 100vw, 783px\" \/><\/figure>\n<\/figure>\n<\/div>\n\n\n\n<div class=\"wp-block-uagb-container uagb-block-c08c2947\">\n<h2 class=\"wp-block-heading\">In inverno<\/h2>\n\n\n\n<h3 class=\"wp-block-heading\">Il tempo rallenta per apprezzarlo meglio<\/h3>\n\n\n\n<p>L&#039;Arcachon Bassin pu\u00f2 essere scoperto e apprezzato anche in inverno. Alcuni vi diranno addirittura che \u00e8 il momento ideale per respirare la vera atmosfera del luogo. Una gita in barca nella calma infinita di Bassin e un buon pasto in uno dei nostri buoni indirizzi, i piaceri semplici sono spesso i migliori.<\/p>\n\n\n\n<div class=\"wp-block-buttons is-layout-flex wp-block-buttons-is-layout-flex\">\n<div class=\"wp-block-button\"><a class=\"wp-block-button__link wp-element-button\" href=\"https:\/\/bassin-arcachon.com\/it\/la-piscina-e-per-tutta-la-stagione\/la-piscina-in-inverno\/\">Cosa fare in inverno?<\/a><\/div>\n<\/div>\n<\/div>\n<\/div><\/div>\n\n\n\n<div style=\"height:60px\" aria-hidden=\"true\" class=\"wp-block-spacer\"><\/div>","protected":false},"excerpt":{"rendered":"<p>Au printemps Profitez des premiers rayons de soleil en terrasse Les journ\u00e9es s\u2019allongent et la nature se r\u00e9veille au printemps, avec l\u2019envie de profiter des premiers rayons de soleil. Enfourchez [&hellip;]<\/p>\n","protected":false},"author":25,"featured_media":49564,"parent":0,"menu_order":21,"comment_status":"closed","ping_status":"closed","template":"","meta":{"_acf_changed":false,"_uag_custom_page_level_css":"","footnotes":""},"class_list":["post-33","page","type-page","status-publish","has-post-thumbnail","hentry"],"acf":[],"uagb_featured_image_src":{"full":["https:\/\/bassin-arcachon.com\/wp-content\/uploads\/2021\/04\/Tribute-to-Cap-Ferret-Recadr\u00e9.jpg",539,539,false],"thumbnail":["https:\/\/bassin-arcachon.com\/wp-content\/uploads\/2021\/04\/Tribute-to-Cap-Ferret-Recadr\u00e9-150x150.jpg",150,150,true],"medium":["https:\/\/bassin-arcachon.com\/wp-content\/uploads\/2021\/04\/Tribute-to-Cap-Ferret-Recadr\u00e9.jpg",539,539,false],"medium_large":["https:\/\/bassin-arcachon.com\/wp-content\/uploads\/2021\/04\/Tribute-to-Cap-Ferret-Recadr\u00e9.jpg",539,539,false],"large":["https:\/\/bassin-arcachon.com\/wp-content\/uploads\/2021\/04\/Tribute-to-Cap-Ferret-Recadr\u00e9.jpg",539,539,false],"1536x1536":["https:\/\/bassin-arcachon.com\/wp-content\/uploads\/2021\/04\/Tribute-to-Cap-Ferret-Recadr\u00e9.jpg",539,539,false],"2048x2048":["https:\/\/bassin-arcachon.com\/wp-content\/uploads\/2021\/04\/Tribute-to-Cap-Ferret-Recadr\u00e9.jpg",539,539,false],"trp-custom-language-flag":["https:\/\/bassin-arcachon.com\/wp-content\/uploads\/2021\/04\/Tribute-to-Cap-Ferret-Recadr\u00e9-12x12.jpg",12,12,true]},"uagb_author_info":{"display_name":"Marie Clauzel","author_link":"https:\/\/bassin-arcachon.com\/it\/author\/mariesiba\/"},"uagb_comment_info":0,"uagb_excerpt":"Au printemps Profitez des premiers rayons de soleil en terrasse Les journ\u00e9es s\u2019allongent et la nature se r\u00e9veille au printemps, avec l\u2019envie de profiter des premiers rayons de soleil. Enfourchez [&hellip;]","_links":{"self":[{"href":"https:\/\/bassin-arcachon.com\/it\/wp-json\/wp\/v2\/pages\/33","targetHints":{"allow":["GET"]}}],"collection":[{"href":"https:\/\/bassin-arcachon.com\/it\/wp-json\/wp\/v2\/pages"}],"about":[{"href":"https:\/\/bassin-arcachon.com\/it\/wp-json\/wp\/v2\/types\/page"}],"author":[{"embeddable":true,"href":"https:\/\/bassin-arcachon.com\/it\/wp-json\/wp\/v2\/users\/25"}],"replies":[{"embeddable":true,"href":"https:\/\/bassin-arcachon.com\/it\/wp-json\/wp\/v2\/comments?post=33"}],"version-history":[{"count":3,"href":"https:\/\/bassin-arcachon.com\/it\/wp-json\/wp\/v2\/pages\/33\/revisions"}],"predecessor-version":[{"id":249269,"href":"https:\/\/bassin-arcachon.com\/it\/wp-json\/wp\/v2\/pages\/33\/revisions\/249269"}],"wp:featuredmedia":[{"embeddable":true,"href":"https:\/\/bassin-arcachon.com\/it\/wp-json\/wp\/v2\/media\/49564"}],"wp:attachment":[{"href":"https:\/\/bassin-arcachon.com\/it\/wp-json\/wp\/v2\/media?parent=33"}],"curies":[{"name":"wp","href":"https:\/\/api.w.org\/{rel}","templated":true}]}}