{"id":333,"date":"2017-03-09T14:29:47","date_gmt":"2017-03-09T13:29:47","guid":{"rendered":"https:\/\/bassin-arcachon.com\/\/?page_id=333"},"modified":"2024-05-13T17:24:50","modified_gmt":"2024-05-13T15:24:50","slug":"cuore-del-bacino","status":"publish","type":"page","link":"https:\/\/bassin-arcachon.com\/it\/nos-villes-et-villages\/coeur-du-bassin\/","title":{"rendered":"Cuore di Bassin"},"content":{"rendered":"<div class=\"wp-block-uagb-container uagb-block-08d8a051 alignfull uagb-is-root-container\"><div class=\"uagb-container-inner-blocks-wrap\">\n<div class=\"wp-block-uagb-container uagb-block-b8aed989\">\n<div class=\"wp-block-uagb-image uagb-block-a195b4ec wp-block-uagb-image--layout-default wp-block-uagb-image--effect-static wp-block-uagb-image--align-none\"><figure class=\"wp-block-uagb-image__figure\"><img decoding=\"async\" srcset=\"https:\/\/bassin-arcachon.com\/wp-content\/uploads\/2018\/01\/mini-map-coeur-bassin.jpg \" sizes=\"auto, (max-width: 480px) 150px\" src=\"https:\/\/bassin-arcachon.com\/wp-content\/uploads\/2018\/01\/mini-map-coeur-bassin.jpg\" alt=\"- - Bassin d&#039;Arcachon\" class=\"uag-image-12018\" width=\"278\" height=\"278\" title=\"- - Bassin d&#039;Arcachon\" loading=\"lazy\" role=\"img\"><\/figure><\/div>\n\n\n\n<h2 class=\"wp-block-heading\">Cuore di Bassin, di citt\u00e0 in citt\u00e0<\/h2>\n\n\n\n<p class=\"translation-block\">Con 5 comuni dal fascino particolare, il <strong>Cuore Bassin di Arcachon<\/strong> \u00e8 prima di tutto un territorio dagli spazi naturali fragili. <strong>Biganos<\/strong> , <strong>Audenge<\/strong> , <strong>Lanton<\/strong> , <strong>Mios<\/strong> e <strong>Marcheprime<\/strong> hanno ognuno la propria personalit\u00e0 e vi consigliamo di scoprirli. Dalle <a href=\"https:\/\/bassin-arcachon.com\/it\/i-nostri-elementi-essenziali\/le-zone-di-certamente-graveyron\/\" target=\"_self\">tenute di Certes-Graveyron<\/a> al delta del Leyre, il Cuore di Bassin riunisce tutti gli ingredienti per una vera vacanza!<\/p>\n<\/div>\n\n\n\n<div class=\"wp-block-uagb-container uagb-block-7af08e13\">\n<div class=\"wp-block-uagb-image uagb-block-3b7f861a wp-block-uagb-image--layout-default wp-block-uagb-image--effect-static wp-block-uagb-image--align-none\"><figure class=\"wp-block-uagb-image__figure\"><img decoding=\"async\" srcset=\"https:\/\/bassin-arcachon.com\/wp-content\/uploads\/2017\/02\/domaines-certes-graveyron-1024x683.jpg \" sizes=\"auto, (max-width: 480px) 150px\" src=\"https:\/\/bassin-arcachon.com\/wp-content\/uploads\/2017\/02\/domaines-certes-graveyron-1024x683.jpg\" alt=\"- - Bassin d&#039;Arcachon\" class=\"uag-image-1827\" width=\"1024\" height=\"683\" title=\"- - Bassin d&#039;Arcachon\" loading=\"lazy\" role=\"img\"><\/figure><\/div>\n<\/div>\n<\/div><\/div>\n\n\n\n<div style=\"height:40px\" aria-hidden=\"true\" class=\"wp-block-spacer\"><\/div>\n\n\n\n<div class=\"wp-block-uagb-container uagb-block-b598008d alignfull uagb-is-root-container\"><div class=\"uagb-container-inner-blocks-wrap\">\n<div class=\"wp-block-uagb-container uagb-block-6129fc5c\">\n<div class=\"wp-block-uagb-image uagb-block-fba2c76b wp-block-uagb-image--layout-default wp-block-uagb-image--effect-static wp-block-uagb-image--align-none\"><figure class=\"wp-block-uagb-image__figure\"><img decoding=\"async\" srcset=\"https:\/\/bassin-arcachon.com\/wp-content\/uploads\/2018\/04\/port-de-biganos-e1548076260360.jpg \" sizes=\"auto, (max-width: 480px) 150px\" src=\"https:\/\/bassin-arcachon.com\/wp-content\/uploads\/2018\/04\/port-de-biganos-e1548076260360.jpg\" alt=\"Le colorate capanne del porto di Biganos\" class=\"uag-image-19868\" width=\"1000\" height=\"667\" title=\"- - Bassin d&#039;Arcachon\" loading=\"lazy\" role=\"img\"><\/figure><\/div>\n<\/div>\n\n\n\n<div class=\"wp-block-uagb-container uagb-block-8831d4f0\">\n<h2 class=\"wp-block-heading\">Passeggiare per il porto <a href=\"https:\/\/tourisme-coeurdubassin.com\/le-coeur-du-bassin\/nos-communes-au-coeur-du-bassin\/biganos\/\" target=\"_blank\" rel=\"noopener\">Biganos<\/a><\/h2>\n\n\n\n<p>Inizia la giornata con una scoperta <a href=\"https:\/\/bassin-arcachon.com\/it\/i-nostri-elementi-essenziali\/villaggi-e-porti-di-allevatori-di-ostriche\/\" data-type=\"URL\" data-id=\"https:\/\/bassin-arcachon.com\/nos-incontournables\/les-villages-et-ports-ostreicoles\/\">del porto e dei suoi\u00a0<strong>tipiche capanne<\/strong><\/a>\u00a0in mezzo alla foresta. Avventuratevi nei viali fioriti per ammirare i graziosi colori delle cabine lungo il Leyre. Poi fate una passeggiata o una gita in canoa-kayak sulle rive del Leyre. Man mano che avanzi lungo il delta, assisterai all&#039;incontro tra il fiume d&#039;acqua dolce e l&#039;Bassin con le sue acque saline! E per gli amanti delle ostriche, fate una pausa da Antoine&#039;s (oyster bar al porto) o un picnic all&#039;ombra degli alberi.<\/p>\n<\/div>\n<\/div><\/div>\n\n\n\n<div style=\"height:40px\" aria-hidden=\"true\" class=\"wp-block-spacer\"><\/div>\n\n\n\n<div class=\"wp-block-uagb-container uagb-block-09a758fb alignfull uagb-is-root-container\"><div class=\"uagb-container-inner-blocks-wrap\">\n<div class=\"wp-block-uagb-container uagb-block-5e99eb72\">\n<h2 class=\"wp-block-heading\">Avventurati sulla costa selvaggia di Audenge<\/h2>\n\n\n\n<p>Dirigiti verso la sponda orientale del Bassin d&#039;Arcachon per una scoperta della natura 100%! Goditi un giro in&nbsp;<strong>Palude di Mesple<\/strong>&nbsp;in compagnia di Alexandre, guida naturalistica, che vi parler\u00e0 della fauna e della flora della palude. Contatta l&#039;Ufficio del Turismo C\u0153ur du Bassin per scoprire i segreti del Marais de Mesple!<\/p>\n\n\n\n<p>All&#039;ora dei pasti, vai al&nbsp;<strong>Porto di ostriche di Audenge<\/strong>&nbsp;per assaggiare delle ostriche fresche! In estate, se ne hai voglia, puoi goderti la piscina con acqua di mare, situata all&#039;ingresso del porto. Ideale quando la marea \u00e8 bassa!<\/p>\n\n\n\n<p>Prolunga questa giornata con una passeggiata nel&nbsp;<strong>Certezza e domini di Graveyron<\/strong>. Se guardi da vicino, potresti essere abbastanza fortunato da vedere diverse specie di uccelli!<\/p>\n<\/div>\n\n\n\n<div class=\"wp-block-uagb-container uagb-block-277ae073\">\t\t\t\t\t<div\n\t\t\t\t\t\tclass=\"wp-block-uagb-image-gallery uagb-block-4b163a47\"\n\t\t\t\t\t\tstyle=\"\"\n\t\t\t\t\t>\n\t\t\t\t\t\t\t\t\t\t\t<div class=\"spectra-image-gallery spectra-image-gallery__layout--carousel\">\n\t\t\t\t\t\t\t\t<div class=\"uagb-slick-carousel uagb-block-4b163a47\">\n\t\t\t\t\t\t\t\t\t\t\t\t<div class='spectra-image-gallery__media-wrapper' data-spectra-gallery-image-id='23934'>\n\t\t\t\t\t\t\t<div class=\"spectra-image-gallery__media spectra-image-gallery__media--carousel\">\n\t\t\t\t<picture>\n\t\t\t\t\t<source media=\"(min-width: 1024px)\" srcset=\"https:\/\/bassin-arcachon.com\/wp-content\/uploads\/2018\/07\/marais-de-Mesple-Audenge-1024x768.jpg\">\n\t\t\t\t\t<source media=\"(min-width: 768px)\" srcset=\"https:\/\/bassin-arcachon.com\/wp-content\/uploads\/2018\/07\/marais-de-Mesple-Audenge-1024x768.jpg\">\n\t\t\t\t\t<img decoding=\"async\" class=\"spectra-image-gallery__media-thumbnail spectra-image-gallery__media-thumbnail--carousel\" src=\"https:\/\/bassin-arcachon.com\/wp-content\/uploads\/2018\/07\/marais-de-Mesple-Audenge-300x225.jpg\" alt=\"- - Bassin d&#039;Arcachon\" loading=\"lazy\" title=\"- - Bassin d&#039;Arcachon\">\n\t\t\t\t<\/picture>\n\t\t\t\t<div class=\"spectra-image-gallery__media-thumbnail-blurrer\"><\/div>\n\t\t\t\t\t\t\t\t\t\t\t<div class=\"spectra-image-gallery__media-thumbnail-caption-wrapper spectra-image-gallery__media-thumbnail-caption-wrapper--overlay\"><\/div>\n\t\t\t\t\t\t\t\t<\/div>\n\t\t\t\t\t\t<\/div>\n\t\t\t\t\t\t<div class='spectra-image-gallery__media-wrapper' data-spectra-gallery-image-id='23932'>\n\t\t\t\t\t\t\t<div class=\"spectra-image-gallery__media spectra-image-gallery__media--carousel\">\n\t\t\t\t<picture>\n\t\t\t\t\t<source media=\"(min-width: 1024px)\" srcset=\"https:\/\/bassin-arcachon.com\/wp-content\/uploads\/2018\/07\/Balade-dans-le-port-Audenge.jpg\">\n\t\t\t\t\t<source media=\"(min-width: 768px)\" srcset=\"https:\/\/bassin-arcachon.com\/wp-content\/uploads\/2018\/07\/Balade-dans-le-port-Audenge.jpg\">\n\t\t\t\t\t<img decoding=\"async\" class=\"spectra-image-gallery__media-thumbnail spectra-image-gallery__media-thumbnail--carousel\" src=\"https:\/\/bassin-arcachon.com\/wp-content\/uploads\/2018\/07\/Balade-dans-le-port-Audenge-300x200.jpg\" alt=\"- - Bassin d&#039;Arcachon\" loading=\"lazy\" title=\"- - Bassin d&#039;Arcachon\">\n\t\t\t\t<\/picture>\n\t\t\t\t<div class=\"spectra-image-gallery__media-thumbnail-blurrer\"><\/div>\n\t\t\t\t\t\t\t\t\t\t\t<div class=\"spectra-image-gallery__media-thumbnail-caption-wrapper spectra-image-gallery__media-thumbnail-caption-wrapper--overlay\"><\/div>\n\t\t\t\t\t\t\t\t<\/div>\n\t\t\t\t\t\t<\/div>\n\t\t\t\t\t\t\t\t\t\t\t<\/div>\n\t\t\t\t\t\t\t<\/div>\n\t\t\t\t\t\t\t\t\t\t\t<\/div>\n\t\t\t\t\t\t\t\t\t<\/div>\n<\/div><\/div>\n\n\n\n<div style=\"height:40px\" aria-hidden=\"true\" class=\"wp-block-spacer\"><\/div>\n\n\n\n<div class=\"wp-block-uagb-container uagb-block-b19f7007 alignfull uagb-is-root-container\">\n<div class=\"wp-block-cover is-light has-parallax\"><span aria-hidden=\"true\" class=\"wp-block-cover__background has-background-dim-0 has-background-dim\"><\/span><div class=\"wp-block-cover__image-background wp-image-23808 has-parallax\" style=\"background-position:50% 50%;background-image:url(https:\/\/bassin-arcachon.com\/wp-content\/uploads\/2017\/02\/Domaine-de-Certes-Audenge.jpg)\"><\/div><div class=\"wp-block-cover__inner-container is-layout-flow wp-block-cover-is-layout-flow\">\n<h2 class=\"wp-block-heading has-text-align-center has-white-color has-text-color has-background has-large-font-size\" style=\"background-color:#000000b3\">Al centro di Bassin, la natura \u00e8 regina e noi siamo i suoi ospiti<\/h2>\n<\/div><\/div>\n<\/div>\n\n\n\n<div style=\"height:40px\" aria-hidden=\"true\" class=\"wp-block-spacer\"><\/div>\n\n\n\n<div class=\"wp-block-uagb-container uagb-block-86287f6d alignfull uagb-is-root-container\"><div class=\"uagb-container-inner-blocks-wrap\">\n<div class=\"wp-block-uagb-container uagb-block-847cc855\">\n<h2 class=\"wp-block-heading\">Passeggia tra terra e mare a Lanton<\/h2>\n\n\n\n<p>Questa costa preservata in mezzo ai pini invita al relax. Per un momento nella natura, partendo dalla piscina, prendi il sentiero costiero fino alla punta di Branne nel Domaine de Certes. La vista \u00e8 splendida! In luglio-agosto, fai un&#039;escursione in kayak di mare, partendo dal porto di Cassy per scoprire il lato marittimo del C\u0153ur du Bassin. Dopo queste fughe, \u00e8 il momento di fare il bagno alla spiaggia di Suzette o alla spiaggia principale di Taussat-les-Bains (possibilit\u00e0 di fare il bagno a&nbsp;<a href=\"https:\/\/bassin-arcachon.com\/it\/orari-delle-maree\/\">alta marea<\/a>&nbsp;in modo univoco).<\/p>\n<\/div>\n\n\n\n<div class=\"wp-block-uagb-container uagb-block-98c04d8d\">\n<div class=\"wp-block-uagb-image uagb-block-cfca5c97 wp-block-uagb-image--layout-default wp-block-uagb-image--effect-static wp-block-uagb-image--align-none\"><figure class=\"wp-block-uagb-image__figure\"><img decoding=\"async\" srcset=\"https:\/\/bassin-arcachon.com\/wp-content\/uploads\/2018\/07\/Sentier-littoral-de-Lanton.jpg \" sizes=\"auto, (max-width: 480px) 150px\" src=\"https:\/\/bassin-arcachon.com\/wp-content\/uploads\/2018\/07\/Sentier-littoral-de-Lanton.jpg\" alt=\"- - Bassin d&#039;Arcachon\" class=\"uag-image-23939\" width=\"1000\" height=\"666\" title=\"- - Bassin d&#039;Arcachon\" loading=\"lazy\" role=\"img\"><\/figure><\/div>\n<\/div>\n<\/div><\/div>\n\n\n\n<div style=\"height:40px\" aria-hidden=\"true\" class=\"wp-block-spacer\"><\/div>\n\n\n\n<div class=\"wp-block-uagb-container uagb-block-2339b3ef alignfull uagb-is-root-container\"><div class=\"uagb-container-inner-blocks-wrap\">\n<div class=\"wp-block-uagb-container uagb-block-b6b5fc4f\">\n<div class=\"wp-block-uagb-image uagb-block-2198f9b5 wp-block-uagb-image--layout-default wp-block-uagb-image--effect-static wp-block-uagb-image--align-none\"><figure class=\"wp-block-uagb-image__figure\"><img decoding=\"async\" srcset=\"https:\/\/bassin-arcachon.com\/wp-content\/uploads\/2018\/07\/Parcours-dans-les-arbres-bassin-arcachon.jpg \" sizes=\"auto, (max-width: 480px) 150px\" src=\"https:\/\/bassin-arcachon.com\/wp-content\/uploads\/2018\/07\/Parcours-dans-les-arbres-bassin-arcachon.jpg\" alt=\"- - Bassin d&#039;Arcachon\" class=\"uag-image-23942\" width=\"1000\" height=\"665\" title=\"- - Bassin d&#039;Arcachon\" loading=\"lazy\" role=\"img\"><\/figure><\/div>\n<\/div>\n\n\n\n<div class=\"wp-block-uagb-container uagb-block-2907e35c\">\n<h2 class=\"wp-block-heading\">Mios e Marcheprime<\/h2>\n\n\n\n<p>Per chi ama il brivido, Mios \u00e8 qualcosa per tenerti occupato! Salire in cima agli alberi seguendo un percorso di tree climbing (<a href=\"https:\/\/parcours-acrobatique-t-en-leyre.fr\/\" target=\"_blank\" rel=\"noreferrer noopener\">T a Leyre<\/a>), essere catapultati in un percorso di strutture gonfiabili, praticare lo sci nautico utilizzando uno skilift, wakeboard o paddle (<a href=\"http:\/\/lakecity.fr\/\" target=\"_blank\" rel=\"noreferrer noopener\">Citt\u00e0 del lago<\/a> Dove <a href=\"https:\/\/lakecity.fr\/aquapark\/\" target=\"_blank\" rel=\"noopener\">Acquapark33)<\/a>. \u00c8 anche possibile seguire il Leyre a piedi o in barca.<br>La sera concedetevi uno spettacolo o una sessione di cinema al \u201c&nbsp;<a href=\"http:\/\/www.la-caravelle-marcheprime.fr\/\" target=\"_blank\" rel=\"noreferrer noopener\">La Caravella<\/a>&nbsp;&quot;.<\/p>\n<\/div>\n<\/div><\/div>\n\n\n\n<div style=\"height:40px\" aria-hidden=\"true\" class=\"wp-block-spacer\"><\/div>","protected":false},"excerpt":{"rendered":"<p>C\u0153ur du Bassin, de ville en ville Avec 5 communes au charme particulier, le&nbsp;C\u0153ur du Bassin d\u2019Arcachon&nbsp;est surtout un territoire aux espaces naturels fragiles. Biganos,&nbsp;Audenge,&nbsp;Lanton,&nbsp;Mios&nbsp;et&nbsp;Marcheprime poss\u00e8dent chacune leur personnalit\u00e9 et [&hellip;]<\/p>\n","protected":false},"author":25,"featured_media":23939,"parent":29,"menu_order":5,"comment_status":"closed","ping_status":"closed","template":"","meta":{"_acf_changed":false,"_uag_custom_page_level_css":"","footnotes":""},"class_list":["post-333","page","type-page","status-publish","has-post-thumbnail","hentry"],"acf":[],"uagb_featured_image_src":{"full":["https:\/\/bassin-arcachon.com\/wp-content\/uploads\/2018\/07\/Sentier-littoral-de-Lanton.jpg",1000,666,false],"thumbnail":["https:\/\/bassin-arcachon.com\/wp-content\/uploads\/2018\/07\/Sentier-littoral-de-Lanton-150x150.jpg",150,150,true],"medium":["https:\/\/bassin-arcachon.com\/wp-content\/uploads\/2018\/07\/Sentier-littoral-de-Lanton-600x400.jpg",600,400,true],"medium_large":["https:\/\/bassin-arcachon.com\/wp-content\/uploads\/2018\/07\/Sentier-littoral-de-Lanton-768x511.jpg",768,511,true],"large":["https:\/\/bassin-arcachon.com\/wp-content\/uploads\/2018\/07\/Sentier-littoral-de-Lanton.jpg",1000,666,false],"1536x1536":["https:\/\/bassin-arcachon.com\/wp-content\/uploads\/2018\/07\/Sentier-littoral-de-Lanton.jpg",1000,666,false],"2048x2048":["https:\/\/bassin-arcachon.com\/wp-content\/uploads\/2018\/07\/Sentier-littoral-de-Lanton.jpg",1000,666,false],"trp-custom-language-flag":["https:\/\/bassin-arcachon.com\/wp-content\/uploads\/2018\/07\/Sentier-littoral-de-Lanton-18x12.jpg",18,12,true]},"uagb_author_info":{"display_name":"Marie Clauzel","author_link":"https:\/\/bassin-arcachon.com\/it\/author\/mariesiba\/"},"uagb_comment_info":0,"uagb_excerpt":"C\u0153ur du Bassin, de ville en ville Avec 5 communes au charme particulier, le&nbsp;C\u0153ur du Bassin d\u2019Arcachon&nbsp;est surtout un territoire aux espaces naturels fragiles. Biganos,&nbsp;Audenge,&nbsp;Lanton,&nbsp;Mios&nbsp;et&nbsp;Marcheprime poss\u00e8dent chacune leur personnalit\u00e9 et [&hellip;]","_links":{"self":[{"href":"https:\/\/bassin-arcachon.com\/it\/wp-json\/wp\/v2\/pages\/333","targetHints":{"allow":["GET"]}}],"collection":[{"href":"https:\/\/bassin-arcachon.com\/it\/wp-json\/wp\/v2\/pages"}],"about":[{"href":"https:\/\/bassin-arcachon.com\/it\/wp-json\/wp\/v2\/types\/page"}],"author":[{"embeddable":true,"href":"https:\/\/bassin-arcachon.com\/it\/wp-json\/wp\/v2\/users\/25"}],"replies":[{"embeddable":true,"href":"https:\/\/bassin-arcachon.com\/it\/wp-json\/wp\/v2\/comments?post=333"}],"version-history":[{"count":0,"href":"https:\/\/bassin-arcachon.com\/it\/wp-json\/wp\/v2\/pages\/333\/revisions"}],"up":[{"embeddable":true,"href":"https:\/\/bassin-arcachon.com\/it\/wp-json\/wp\/v2\/pages\/29"}],"wp:featuredmedia":[{"embeddable":true,"href":"https:\/\/bassin-arcachon.com\/it\/wp-json\/wp\/v2\/media\/23939"}],"wp:attachment":[{"href":"https:\/\/bassin-arcachon.com\/it\/wp-json\/wp\/v2\/media?parent=333"}],"curies":[{"name":"wp","href":"https:\/\/api.w.org\/{rel}","templated":true}]}}