{"id":339,"date":"2017-03-09T14:31:37","date_gmt":"2017-03-09T13:31:37","guid":{"rendered":"https:\/\/bassin-arcachon.com\/\/?page_id=339"},"modified":"2024-12-13T10:58:13","modified_gmt":"2024-12-13T09:58:13","slug":"andernos-i-bagni","status":"publish","type":"page","link":"https:\/\/bassin-arcachon.com\/it\/nos-villes-et-villages\/andernos-les-bains\/","title":{"rendered":"Andernos les Bains"},"content":{"rendered":"<div class=\"wp-block-uagb-container uagb-block-93e7943d alignfull uagb-is-root-container\"><div class=\"uagb-container-inner-blocks-wrap\">\n<div class=\"wp-block-uagb-container uagb-block-23f06e02\">\n<div class=\"wp-block-uagb-image uagb-block-52ed65b7 wp-block-uagb-image--layout-default wp-block-uagb-image--effect-static wp-block-uagb-image--align-none\"><figure class=\"wp-block-uagb-image__figure\"><img decoding=\"async\" srcset=\"https:\/\/bassin-arcachon.com\/wp-content\/uploads\/2017\/03\/mini-map-andernos.jpg \" sizes=\"auto, (max-width: 480px) 150px\" src=\"https:\/\/bassin-arcachon.com\/wp-content\/uploads\/2017\/03\/mini-map-andernos.jpg\" alt=\"- - Bassin d&#039;Arcachon\" class=\"uag-image-1911\" width=\"278\" height=\"278\" title=\"- - Bassin d&#039;Arcachon\" loading=\"lazy\" role=\"img\"><\/figure><\/div>\n\n\n\n<h2 class=\"wp-block-heading\">Andernos les Bains<\/h2>\n\n\n\n<p>Con il suo grande molo, il suo porto di ostriche, i suoi spazi naturali, le sue spiagge e la sua vivace citt\u00e0,&nbsp;<strong>Andernos les Bains<\/strong>&nbsp;ha tutto l&#039;essenziale per una vera vacanza con amici e famiglia! <br>Stai cercando <a href=\"https:\/\/bassin-arcachon.com\/it\/dove-dormire\/alberghi\/anderno\/\">Hotel<\/a>, <a href=\"https:\/\/bassin-arcachon.com\/it\/dove-dormire\/affitti\/anderno\/\">una casa vacanza<\/a>, <a href=\"https:\/\/bassin-arcachon.com\/it\/dove-dormire\/campeggio\/anderno\/\">un campeggio<\/a> Dove <a href=\"https:\/\/bassin-arcachon.com\/it\/dove-dormire\/camere-degli-ospiti\/anderno\/\" data-type=\"link\" data-id=\"https:\/\/bassin-arcachon.com\/ou-dormir\/chambres-hotes\/andernos\/\">una pensione<\/a>, Andernos-les-Bains \u00e8 la localit\u00e0 balneare ideale per le vacanze.<\/p>\n<\/div>\n\n\n\n<div class=\"wp-block-uagb-container uagb-block-7e8a9914\">\n<div class=\"wp-block-uagb-image uagb-block-a129df15 wp-block-uagb-image--layout-default wp-block-uagb-image--effect-static wp-block-uagb-image--align-none\"><figure class=\"wp-block-uagb-image__figure\"><img decoding=\"async\" srcset=\"https:\/\/bassin-arcachon.com\/wp-content\/uploads\/2023\/01\/andernos-velo-SIBA-agence-les-conteurs-112-scaled-683x1024.jpg \" sizes=\"auto, (max-width: 480px) 150px\" src=\"https:\/\/bassin-arcachon.com\/wp-content\/uploads\/2023\/01\/andernos-velo-SIBA-agence-les-conteurs-112-scaled-683x1024.jpg\" alt=\"- - Bassin d&#039;Arcachon\" class=\"uag-image-53651\" width=\"683\" height=\"1024\" title=\"- - Bassin d&#039;Arcachon\" loading=\"lazy\" role=\"img\"><\/figure><\/div>\n<\/div>\n<\/div><\/div>\n\n\n\n<div style=\"height:40px\" aria-hidden=\"true\" class=\"wp-block-spacer\"><\/div>\n\n\n\n<div class=\"wp-block-uagb-container uagb-block-c30762ba alignfull uagb-is-root-container\"><div class=\"uagb-container-inner-blocks-wrap\">\n<div class=\"wp-block-uagb-container uagb-block-c57f602d\">\n<div class=\"wp-block-uagb-image uagb-block-6209834a wp-block-uagb-image--layout-default wp-block-uagb-image--effect-static wp-block-uagb-image--align-none\"><figure class=\"wp-block-uagb-image__figure\"><img decoding=\"async\" srcset=\"https:\/\/bassin-arcachon.com\/wp-content\/uploads\/2018\/07\/Jetee-andernos-les-bains-balade-en-famille.jpg \" sizes=\"auto, (max-width: 480px) 150px\" src=\"https:\/\/bassin-arcachon.com\/wp-content\/uploads\/2018\/07\/Jetee-andernos-les-bains-balade-en-famille.jpg\" alt=\"- - Bassin d&#039;Arcachon\" class=\"uag-image-23917\" width=\"1000\" height=\"666\" title=\"- - Bassin d&#039;Arcachon\" loading=\"lazy\" role=\"img\"><\/figure><\/div>\n<\/div>\n\n\n\n<div class=\"wp-block-uagb-container uagb-block-39e8a21f\">\n<h2 class=\"wp-block-heading\">Passeggia lungo il molo, il pi\u00f9 lungo di Francia<\/h2>\n\n\n\n<p><br>Segui questo&nbsp;<strong>Molo lungo 232 m<\/strong>, macchina fotografica in mano. Fai una passeggiata fino alla fine per ammirare la vista dei pinnacoli, delle barche e osservare gli uccelli. Scoprilo anche al tramonto! Vicino al molo, passeggia lungo il viale della spiaggia per vedere la nostra bellezza&nbsp;<strong><a href=\"https:\/\/bassin-arcachon.com\/it\/dove-dormire\/affitti\/anderno\/\">case di campagna<\/a><\/strong>&nbsp;: le belle Andernosiennes.<\/p>\n<\/div>\n<\/div><\/div>\n\n\n\n<div style=\"height:40px\" aria-hidden=\"true\" class=\"wp-block-spacer\"><\/div>\n\n\n\n<div class=\"wp-block-uagb-container uagb-block-20fba992 alignfull uagb-is-root-container\"><div class=\"uagb-container-inner-blocks-wrap\">\n<div class=\"wp-block-uagb-container uagb-block-f7ec523a\">\n<h2 class=\"wp-block-heading\">Passeggia nel porto delle ostriche<\/h2>\n\n\n\n<p>Approfitta delle feste per passeggiare tra i vicoli fioriti del&nbsp;<a href=\"https:\/\/bassin-arcachon.com\/it\/i-nostri-elementi-essenziali\/villaggi-e-porti-di-allevatori-di-ostriche\/\">porto di ostriche<\/a> di Andernos-les-Bains. Qui le capanne hanno tutte colori diversi.<\/p>\n\n\n\n<p>Sedetevi a tavola a pranzo per gustare un buon tagliere di frutti di mare, o in riva al mare per ammirare il viavai degli allevatori di ostriche che rientrano in porto. <\/p>\n\n\n\n<p>Nelle vicinanze, apri la porta al<a href=\"https:\/\/www.gironde-tourisme.fr\/patrimoine-culturel\/eglise-saint-eloi\/\" data-type=\"URL\" data-id=\"https:\/\/www.gironde-tourisme.fr\/patrimoine-culturel\/eglise-saint-eloi\/\" target=\"_blank\" rel=\"noopener\"><strong>Chiesa di Sant&#039;Eloi<\/strong>&nbsp;<\/a>risalente all&#039;XI secolo: magnifici fregi e pitture parietali. <\/p>\n\n\n\n<p>Quindi fai una pausa nel&nbsp;<strong>resti di una villa gallo-romana<\/strong>&nbsp;dal IV sec.<\/p>\n<\/div>\n\n\n\n<div class=\"wp-block-uagb-container uagb-block-93b7e89f\">\n<div class=\"wp-block-uagb-image uagb-block-452f8197 wp-block-uagb-image--layout-default wp-block-uagb-image--effect-static wp-block-uagb-image--align-none\"><figure class=\"wp-block-uagb-image__figure\"><img decoding=\"async\" srcset=\"https:\/\/bassin-arcachon.com\/wp-content\/uploads\/2022\/10\/andernos-huitres-SIBA-agence-les-conteurs-36-1536x1536-1-1024x1024.jpg \" sizes=\"auto, (max-width: 480px) 150px\" src=\"https:\/\/bassin-arcachon.com\/wp-content\/uploads\/2022\/10\/andernos-huitres-SIBA-agence-les-conteurs-36-1536x1536-1-1024x1024.jpg\" alt=\"- - Bassin d&#039;Arcachon\" class=\"uag-image-51611\" width=\"1024\" height=\"1024\" title=\"- - Bassin d&#039;Arcachon\" loading=\"lazy\" role=\"img\"><\/figure><\/div>\n<\/div>\n<\/div><\/div>\n\n\n\n<div style=\"height:40px\" aria-hidden=\"true\" class=\"wp-block-spacer\"><\/div>\n\n\n\n<div class=\"wp-block-uagb-container uagb-block-4934205d alignfull uagb-is-root-container\"><div class=\"uagb-container-inner-blocks-wrap\">\n<h3 class=\"wp-block-heading\">Esplorare la natura...<\/h3>\n\n\n\n<p>Partendo dal porto di ostriche, scopri uno dei siti naturali del Bassin d&#039;Arcachon, il\u00a0<strong>Domaine St-Brice-Les Quinconces-Le Coulin<\/strong>. Seguendo il sentiero costiero, avrete una visione dell&#039;intero Bassin dalla Pointe des Quinconces. Un piccolo angolo ben noto alla gente del posto. Verso nord, attraversiamo il fiume Cir\u00e8s per raggiungere la bella spiaggia di La Conche de Saint Brice\u00a0<a href=\"https:\/\/bassin-arcachon.com\/it\/le-nostre-citta-e-i-nostri-villaggi\/ares\/\">Ares<\/a>.<\/p>\n\n\n\n<figure class=\"wp-block-gallery has-nested-images columns-3 is-cropped wp-block-gallery-1 is-layout-flex wp-block-gallery-is-layout-flex\">\n<figure class=\"wp-block-image size-large\"><img loading=\"lazy\" decoding=\"async\" width=\"1024\" height=\"768\" data-id=\"47498\" src=\"https:\/\/bassin-arcachon.com\/wp-content\/uploads\/2020\/09\/5-QuinconcescAng\u00e9lique-Saget-scaled-1024x768.jpg\" alt=\"- - Bassin d&#039;Arcachon\" class=\"wp-image-47498\" title=\"- - Bassin d&#039;Arcachon\" srcset=\"\" sizes=\"auto, (max-width: 1024px) 100vw, 1024px\" data-srcset=\"\" \/><\/figure>\n\n\n\n<figure class=\"wp-block-image size-large\"><img loading=\"lazy\" decoding=\"async\" width=\"1024\" height=\"683\" data-id=\"42974\" src=\"https:\/\/bassin-arcachon.com\/wp-content\/uploads\/2020\/03\/andernos-velo-SIBA-agence-les-conteurs-64-1024x683.jpg\" alt=\"- - Bassin d&#039;Arcachon\" class=\"wp-image-42974\" title=\"- - Bassin d&#039;Arcachon\" srcset=\"https:\/\/bassin-arcachon.com\/wp-content\/uploads\/2020\/03\/andernos-velo-SIBA-agence-les-conteurs-64-1024x683.jpg 1024w, https:\/\/bassin-arcachon.com\/wp-content\/uploads\/2020\/03\/andernos-velo-SIBA-agence-les-conteurs-64-600x400.jpg 600w, https:\/\/bassin-arcachon.com\/wp-content\/uploads\/2020\/03\/andernos-velo-SIBA-agence-les-conteurs-64-768x512.jpg 768w, https:\/\/bassin-arcachon.com\/wp-content\/uploads\/2020\/03\/andernos-velo-SIBA-agence-les-conteurs-64-18x12.jpg 18w, https:\/\/bassin-arcachon.com\/wp-content\/uploads\/2020\/03\/andernos-velo-SIBA-agence-les-conteurs-64.jpg 1200w\" sizes=\"auto, (max-width: 1024px) 100vw, 1024px\" \/><\/figure>\n\n\n\n<figure class=\"wp-block-image size-large\"><img loading=\"lazy\" decoding=\"async\" width=\"1024\" height=\"683\" data-id=\"46829\" src=\"https:\/\/bassin-arcachon.com\/wp-content\/uploads\/2020\/06\/andernos-quinconces-SIBA-agence-les-conteurs-39-1024x683.jpg\" alt=\"- - Bassin d&#039;Arcachon\" class=\"wp-image-46829\" title=\"- - Bassin d&#039;Arcachon\" srcset=\"https:\/\/bassin-arcachon.com\/wp-content\/uploads\/2020\/06\/andernos-quinconces-SIBA-agence-les-conteurs-39-1024x683.jpg 1024w, https:\/\/bassin-arcachon.com\/wp-content\/uploads\/2020\/06\/andernos-quinconces-SIBA-agence-les-conteurs-39-600x400.jpg 600w, https:\/\/bassin-arcachon.com\/wp-content\/uploads\/2020\/06\/andernos-quinconces-SIBA-agence-les-conteurs-39-768x512.jpg 768w, https:\/\/bassin-arcachon.com\/wp-content\/uploads\/2020\/06\/andernos-quinconces-SIBA-agence-les-conteurs-39-18x12.jpg 18w, https:\/\/bassin-arcachon.com\/wp-content\/uploads\/2020\/06\/andernos-quinconces-SIBA-agence-les-conteurs-39.jpg 1200w\" sizes=\"auto, (max-width: 1024px) 100vw, 1024px\" \/><\/figure>\n<\/figure>\n<\/div><\/div>\n\n\n\n<div style=\"height:40px\" aria-hidden=\"true\" class=\"wp-block-spacer\"><\/div>\n\n\n\n<div class=\"wp-block-uagb-container uagb-block-58548285 alignfull uagb-is-root-container\"><div class=\"uagb-container-inner-blocks-wrap\">\n<figure class=\"wp-block-pullquote\" style=\"border-radius:0px;border-top-style:none;border-top-width:0px;border-right-style:none;border-right-width:0px;border-bottom-style:none;border-bottom-width:0px;border-left-width:2px\"><blockquote><p>Concediti una pausa gourmet vicino al molo di Andernos!<\/p><\/blockquote><\/figure>\n<\/div><\/div>\n\n\n\n<div style=\"height:20px\" aria-hidden=\"true\" class=\"wp-block-spacer\"><\/div>\n\n\n\n<div class=\"wp-block-uagb-container uagb-block-d858886b alignfull uagb-is-root-container\"><div class=\"uagb-container-inner-blocks-wrap\">\n<div class=\"wp-block-uagb-container uagb-block-cba1005c\">\n<div class=\"wp-block-uagb-image uagb-block-1c60eea1 wp-block-uagb-image--layout-default wp-block-uagb-image--effect-static wp-block-uagb-image--align-none\"><figure class=\"wp-block-uagb-image__figure\"><img decoding=\"async\" srcset=\"https:\/\/bassin-arcachon.com\/wp-content\/uploads\/2023\/01\/Festival-de-Jazz-a-Andernos.jpg \" sizes=\"auto, (max-width: 480px) 150px\" src=\"https:\/\/bassin-arcachon.com\/wp-content\/uploads\/2023\/01\/Festival-de-Jazz-a-Andernos.jpg\" alt=\"- - Bassin d&#039;Arcachon\" class=\"uag-image-53659\" width=\"603\" height=\"444\" title=\"- - Bassin d&#039;Arcachon\" loading=\"lazy\" role=\"img\"><\/figure><\/div>\n<\/div>\n\n\n\n<div class=\"wp-block-uagb-container uagb-block-44c37fb5\">\n<h2 class=\"wp-block-heading\">Vivi al ritmo delle animazioni<\/h2>\n\n\n\n<p>Lasciati trasportare dall&#039;atmosfera della citt\u00e0 di Andernos-les-Bains, giorno e notte, e soprattutto tutto l&#039;anno!<\/p>\n\n\n\n<p>Sulla spianata del molo,&nbsp;<strong>animazione<\/strong>&nbsp;si susseguono tutte le sere durante l&#039;estate.&nbsp;<a href=\"https:\/\/bassin-arcachon.com\/it\/agenda-uscite-mercati\/\" target=\"_blank\" rel=\"noreferrer noopener\">Consulta il calendario degli eventi<\/a>&nbsp;! E per gli amanti di&nbsp;<strong>acquisti<\/strong>, i negozi di Andernos-les-Bains sono aperti tutto l&#039;anno e tutte le sere d&#039;estate! Noi locali li adoriamo!<\/p>\n<\/div>\n<\/div><\/div>\n\n\n\n<div style=\"height:40px\" aria-hidden=\"true\" class=\"wp-block-spacer\"><\/div>\n\n\n\n<div class=\"wp-block-uagb-container uagb-block-0d08e2bf alignfull uagb-is-root-container\"><div class=\"uagb-container-inner-blocks-wrap\">\n<div class=\"wp-block-uagb-container uagb-block-93fd5562\">\n<h2 class=\"wp-block-heading\">Affondando negli esteys\u2026<\/h2>\n\n\n\n<p>Partite alla scoperta del litorale con la bassa marea alla ricerca di vongole, granchi e vongole... Rispettate le taglie minime dei molluschi per garantire una protezione duratura di questo fragile ambiente: i righelli sono disponibili presso l&#039;Ufficio del Turismo.<\/p>\n<\/div>\n\n\n\n<div class=\"wp-block-uagb-container uagb-block-c9e92521\">\n<div class=\"wp-block-uagb-image uagb-block-279bb207 wp-block-uagb-image--layout-default wp-block-uagb-image--effect-static wp-block-uagb-image--align-none\"><figure class=\"wp-block-uagb-image__figure\"><img decoding=\"async\" srcset=\"https:\/\/bassin-arcachon.com\/wp-content\/uploads\/2020\/07\/Peche-a-pied-Bassin-dArcachon-1024x683-1.jpg \" sizes=\"auto, (max-width: 480px) 150px\" src=\"https:\/\/bassin-arcachon.com\/wp-content\/uploads\/2020\/07\/Peche-a-pied-Bassin-dArcachon-1024x683-1.jpg\" alt=\"- - Bassin d&#039;Arcachon\" class=\"uag-image-44390\" width=\"1024\" height=\"683\" title=\"- - Bassin d&#039;Arcachon\" loading=\"lazy\" role=\"img\"><\/figure><\/div>\n<\/div>\n<\/div><\/div>\n\n\n\n<div style=\"height:40px\" aria-hidden=\"true\" class=\"wp-block-spacer\"><\/div>\n\n\n\n<div class=\"wp-block-uagb-container uagb-block-25c6622c alignfull uagb-is-root-container\"><div class=\"uagb-container-inner-blocks-wrap\">\n<div class=\"wp-block-uagb-container uagb-block-da2ba761\">\n<div class=\"wp-block-uagb-image uagb-block-224ed929 wp-block-uagb-image--layout-default wp-block-uagb-image--effect-static wp-block-uagb-image--align-none\"><figure class=\"wp-block-uagb-image__figure\"><img decoding=\"async\" srcset=\"https:\/\/bassin-arcachon.com\/wp-content\/uploads\/2018\/07\/Plage-du-Betey-a-Andernos-les-Bains-1024x683.jpg \" sizes=\"auto, (max-width: 480px) 150px\" src=\"https:\/\/bassin-arcachon.com\/wp-content\/uploads\/2018\/07\/Plage-du-Betey-a-Andernos-les-Bains-1024x683.jpg\" alt=\"- - Bassin d&#039;Arcachon\" class=\"uag-image-23907\" width=\"1024\" height=\"683\" title=\"- - Bassin d&#039;Arcachon\" loading=\"lazy\" role=\"img\"><\/figure><\/div>\n<\/div>\n\n\n\n<div class=\"wp-block-uagb-container uagb-block-4f83e3f7\">\n<h3 class=\"wp-block-heading\">Rilassarsi sulle spiagge<\/h3>\n\n\n\n<p>Questo \u00e8 anche le vacanze! Prendi un gelato nella gelateria locale e ozia sul bordo della spiaggia con lo sciabordio dell&#039;acqua sullo sfondo. HA&nbsp;<strong>Andernos les Bains<\/strong>, potrete scegliere tra la spiaggia di Quinconces, la spiaggia di Oyster Port, la spiaggia di B\u00e9tey e la spiaggia di Jet\u00e9e.<\/p>\n\n\n\n<p>I bambini adoreranno il&nbsp;<strong>Spiaggia Betey<\/strong>&nbsp;con le sue altalene e tante attivit\u00e0 in spiaggia!<\/p>\n<\/div>\n<\/div><\/div>\n\n\n\n<div style=\"height:40px\" aria-hidden=\"true\" class=\"wp-block-spacer\"><\/div>","protected":false},"excerpt":{"rendered":"<p>Andernos-les-Bains Avec sa grande jet\u00e9e, son port ostr\u00e9icole, ses espaces naturels, ses plages et sa ville anim\u00e9e,&nbsp;Andernos-les-Bains&nbsp;poss\u00e8de tous les indispensables pour vivre de vraies vacances entre amis et en famille&nbsp;! [&hellip;]<\/p>\n","protected":false},"author":25,"featured_media":19923,"parent":29,"menu_order":6,"comment_status":"closed","ping_status":"closed","template":"","meta":{"_acf_changed":false,"_uag_custom_page_level_css":"","footnotes":""},"class_list":["post-339","page","type-page","status-publish","has-post-thumbnail","hentry"],"acf":[],"uagb_featured_image_src":{"full":["https:\/\/bassin-arcachon.com\/wp-content\/uploads\/2018\/04\/jetee-andernos-e1548069968302.jpg",1000,667,false],"thumbnail":["https:\/\/bassin-arcachon.com\/wp-content\/uploads\/2018\/04\/jetee-andernos-e1548069968302-150x150.jpg",150,150,true],"medium":["https:\/\/bassin-arcachon.com\/wp-content\/uploads\/2018\/04\/jetee-andernos-e1548069968302-600x400.jpg",600,400,true],"medium_large":["https:\/\/bassin-arcachon.com\/wp-content\/uploads\/2018\/04\/jetee-andernos-e1548069968302-768x512.jpg",768,512,true],"large":["https:\/\/bassin-arcachon.com\/wp-content\/uploads\/2018\/04\/jetee-andernos-e1548069968302.jpg",1000,667,false],"1536x1536":["https:\/\/bassin-arcachon.com\/wp-content\/uploads\/2018\/04\/jetee-andernos-e1548069968302.jpg",1000,667,false],"2048x2048":["https:\/\/bassin-arcachon.com\/wp-content\/uploads\/2018\/04\/jetee-andernos-e1548069968302.jpg",1000,667,false],"trp-custom-language-flag":["https:\/\/bassin-arcachon.com\/wp-content\/uploads\/2018\/04\/jetee-andernos-e1548069968302-18x12.jpg",18,12,true]},"uagb_author_info":{"display_name":"Marie Clauzel","author_link":"https:\/\/bassin-arcachon.com\/it\/author\/mariesiba\/"},"uagb_comment_info":0,"uagb_excerpt":"Andernos-les-Bains Avec sa grande jet\u00e9e, son port ostr\u00e9icole, ses espaces naturels, ses plages et sa ville anim\u00e9e,&nbsp;Andernos-les-Bains&nbsp;poss\u00e8de tous les indispensables pour vivre de vraies vacances entre amis et en famille&nbsp;! [&hellip;]","_links":{"self":[{"href":"https:\/\/bassin-arcachon.com\/it\/wp-json\/wp\/v2\/pages\/339","targetHints":{"allow":["GET"]}}],"collection":[{"href":"https:\/\/bassin-arcachon.com\/it\/wp-json\/wp\/v2\/pages"}],"about":[{"href":"https:\/\/bassin-arcachon.com\/it\/wp-json\/wp\/v2\/types\/page"}],"author":[{"embeddable":true,"href":"https:\/\/bassin-arcachon.com\/it\/wp-json\/wp\/v2\/users\/25"}],"replies":[{"embeddable":true,"href":"https:\/\/bassin-arcachon.com\/it\/wp-json\/wp\/v2\/comments?post=339"}],"version-history":[{"count":2,"href":"https:\/\/bassin-arcachon.com\/it\/wp-json\/wp\/v2\/pages\/339\/revisions"}],"predecessor-version":[{"id":118616,"href":"https:\/\/bassin-arcachon.com\/it\/wp-json\/wp\/v2\/pages\/339\/revisions\/118616"}],"up":[{"embeddable":true,"href":"https:\/\/bassin-arcachon.com\/it\/wp-json\/wp\/v2\/pages\/29"}],"wp:featuredmedia":[{"embeddable":true,"href":"https:\/\/bassin-arcachon.com\/it\/wp-json\/wp\/v2\/media\/19923"}],"wp:attachment":[{"href":"https:\/\/bassin-arcachon.com\/it\/wp-json\/wp\/v2\/media?parent=339"}],"curies":[{"name":"wp","href":"https:\/\/api.w.org\/{rel}","templated":true}]}}