{"id":342,"date":"2017-03-09T14:32:51","date_gmt":"2017-03-09T13:32:51","guid":{"rendered":"https:\/\/bassin-arcachon.com\/\/?page_id=342"},"modified":"2024-05-13T12:36:32","modified_gmt":"2024-05-13T10:36:32","slug":"furetto-lege-cap","status":"publish","type":"page","link":"https:\/\/bassin-arcachon.com\/it\/nos-villes-et-villages\/lege-cap-ferret\/","title":{"rendered":"Furetto Lege-Cap"},"content":{"rendered":"<div class=\"wp-block-uagb-container uagb-block-608f027c alignfull uagb-is-root-container\"><div class=\"uagb-container-inner-blocks-wrap\">\n<div class=\"wp-block-uagb-container uagb-block-b68abdb1\">\n<div class=\"wp-block-uagb-image uagb-block-1df32a0c wp-block-uagb-image--layout-default wp-block-uagb-image--effect-static wp-block-uagb-image--align-none\"><figure class=\"wp-block-uagb-image__figure\"><img decoding=\"async\" srcset=\"https:\/\/bassin-arcachon.com\/wp-content\/uploads\/2017\/09\/mini-map-lege.jpg \" sizes=\"auto, (max-width: 480px) 150px\" src=\"https:\/\/bassin-arcachon.com\/wp-content\/uploads\/2017\/09\/mini-map-lege.jpg\" alt=\"- - Bassin d&#039;Arcachon\" class=\"uag-image-9672\" width=\"278\" height=\"278\" title=\"- - Bassin d&#039;Arcachon\" loading=\"lazy\" role=\"img\"><\/figure><\/div>\n\n\n\n<h2 class=\"wp-block-heading\">L\u00e8ge-Cap Ferret ei ricordi d&#039;infanzia<\/h2>\n\n\n\n<p>Vista dal cielo, questa penisola sembra circondare affettuosamente il Bassin di Arcachon. Con i piedi per terra, i 10 villaggi che compongono L\u00e8ge-Cap Ferret sono tutti inviti a godersi le vacanze al proprio ritmo, prendersi il tempo per non fare nulla o fare tutto in una volta...<\/p>\n\n\n\n<p>Perch\u00e9 anche quella \u00e8 la vera vacanza!<\/p>\n<\/div>\n\n\n\n<div class=\"wp-block-uagb-container uagb-block-f1ff5419\">\t\t\t\t\t<div\n\t\t\t\t\t\tclass=\"wp-block-uagb-image-gallery uagb-block-24031e8c\"\n\t\t\t\t\t\tstyle=\"\"\n\t\t\t\t\t>\n\t\t\t\t\t\t\t\t\t\t\t<div class=\"spectra-image-gallery spectra-image-gallery__layout--grid spectra-image-gallery__layout--grid-col-1 spectra-image-gallery__layout--grid-col-tab-1 spectra-image-gallery__layout--grid-col-mob-1\">\n\t\t\t\t\t\t\t\t\t\t\t<div class='spectra-image-gallery__media-wrapper' data-spectra-gallery-image-id='1737' tabindex=\"0\">\n\t\t\t\t\t\t\t<div class=\"spectra-image-gallery__media spectra-image-gallery__media--grid\">\n\t\t\t\t<picture>\n\t\t\t\t\t<source media=\"(min-width: 1024px)\" srcset=\"https:\/\/bassin-arcachon.com\/wp-content\/uploads\/2017\/02\/balade-ocean-noel-1024x683.jpg\">\n\t\t\t\t\t<source media=\"(min-width: 768px)\" srcset=\"https:\/\/bassin-arcachon.com\/wp-content\/uploads\/2017\/02\/balade-ocean-noel-1024x683.jpg\">\n\t\t\t\t\t<img decoding=\"async\" class=\"spectra-image-gallery__media-thumbnail spectra-image-gallery__media-thumbnail--grid\" src=\"https:\/\/bassin-arcachon.com\/wp-content\/uploads\/2017\/02\/balade-ocean-noel-300x200.jpg\" alt=\"- - Bassin d&#039;Arcachon\" loading=\"lazy\" title=\"- - Bassin d&#039;Arcachon\">\n\t\t\t\t<\/picture>\n\t\t\t\t<div class=\"spectra-image-gallery__media-thumbnail-blurrer\"><\/div>\n\t\t\t\t\t\t\t\t\t\t\t<div class=\"spectra-image-gallery__media-thumbnail-caption-wrapper spectra-image-gallery__media-thumbnail-caption-wrapper--overlay\"><\/div>\n\t\t\t\t\t\t\t\t<\/div>\n\t\t\t\t\t\t<\/div>\n\t\t\t\t\t\t\t\t\t\t<\/div>\n\t\t\t\t\t\t\t\t\t\t\t\t\t\t\t\t\t\t<\/div>\n\t\t\t\t\t\t\t\t\t<\/div>\n<\/div><\/div>\n\n\n\n<div style=\"height:40px\" aria-hidden=\"true\" class=\"wp-block-spacer\"><\/div>\n\n\n\n<div class=\"wp-block-uagb-container uagb-block-38ac36db alignfull uagb-is-root-container\"><div class=\"uagb-container-inner-blocks-wrap\">\n<div class=\"wp-block-uagb-container uagb-block-7d987f6f\">\n<div class=\"wp-block-uagb-image uagb-block-9eb9b940 wp-block-uagb-image--layout-default wp-block-uagb-image--effect-static wp-block-uagb-image--align-none\"><figure class=\"wp-block-uagb-image__figure\"><img decoding=\"async\" srcset=\"https:\/\/bassin-arcachon.com\/wp-content\/uploads\/2017\/11\/velo-cap-ferret-SIBA-agence-les-conteurs-29-1024x683.jpg \" sizes=\"auto, (max-width: 480px) 150px\" src=\"https:\/\/bassin-arcachon.com\/wp-content\/uploads\/2017\/11\/velo-cap-ferret-SIBA-agence-les-conteurs-29-1024x683.jpg\" alt=\"- - Bassin d&#039;Arcachon\" class=\"uag-image-10687\" width=\"1024\" height=\"683\" title=\"- - Bassin d&#039;Arcachon\" loading=\"lazy\" role=\"img\"><\/figure><\/div>\n<\/div>\n\n\n\n<div class=\"wp-block-uagb-container uagb-block-08d7781a\">\n<h3 class=\"wp-block-heading\">Arrivare a Pointe du Cap Ferret in bicicletta<\/h3>\n\n\n\n<p>Non mancano le piste ciclabili a L\u00e8ge-Cap Ferret. Salita in bici da Claouey o da uno dei paesini, si raggiunge facilmente la Pointe du Cap Ferret, passando per suggestivi angoli di natura. Per sfruttare al meglio la giornata, non esitate a mettere piede a terra il prima possibile, per assaggiare qualche ostrica, mettere i piedi in acqua o fermarvi per un meritato gelato!<\/p>\n<\/div>\n<\/div><\/div>\n\n\n\n<div style=\"height:40px\" aria-hidden=\"true\" class=\"wp-block-spacer\"><\/div>\n\n\n\n<div class=\"wp-block-uagb-container uagb-block-79b0f52e alignfull uagb-is-root-container\"><div class=\"uagb-container-inner-blocks-wrap\">\n<div class=\"wp-block-uagb-container uagb-block-4aa57d52\">\n<h3 class=\"wp-block-heading\">Lasciati incantare dalla vista dal faro di Cap Ferret<\/h3>\n\n\n\n<p>Se vieni per la prima volta al Bassin di Arcachon, devi assolutamente salire in cima al&nbsp;<a href=\"https:\/\/bassin-arcachon.com\/it\/i-nostri-elementi-essenziali\/il-faro-e-la-punta-di-cap-ferret\/\">Faro di Cap Ferret<\/a>. In questo modo potrai prendere la misura della portata di Bassin e dei suoi diversi punti di vista! Vedrai, anche tornando pi\u00f9 volte, ci sono sempre paesaggi che riscopriamo.<\/p>\n<\/div>\n\n\n\n<div class=\"wp-block-uagb-container uagb-block-c94f6b43\">\n<div class=\"wp-block-uagb-image uagb-block-b1ff78cf wp-block-uagb-image--layout-default wp-block-uagb-image--effect-static wp-block-uagb-image--align-none\"><figure class=\"wp-block-uagb-image__figure\"><img decoding=\"async\" srcset=\"https:\/\/bassin-arcachon.com\/wp-content\/uploads\/2020\/03\/phare-du-cap-ferret-1024x683.jpg \" sizes=\"auto, (max-width: 480px) 150px\" src=\"https:\/\/bassin-arcachon.com\/wp-content\/uploads\/2020\/03\/phare-du-cap-ferret-1024x683.jpg\" alt=\"- - Bassin d&#039;Arcachon\" class=\"uag-image-42976\" width=\"1024\" height=\"683\" title=\"- - Bassin d&#039;Arcachon\" loading=\"lazy\" role=\"img\"><\/figure><\/div>\n<\/div>\n<\/div><\/div>\n\n\n\n<div style=\"height:40px\" aria-hidden=\"true\" class=\"wp-block-spacer\"><\/div>\n\n\n\n<div class=\"wp-block-uagb-container uagb-block-829041f6 alignfull uagb-is-root-container\"><div class=\"uagb-container-inner-blocks-wrap\">\n<figure class=\"wp-block-pullquote\" style=\"border-radius:0px;border-top-style:none;border-top-width:0px;border-right-style:none;border-right-width:0px;border-bottom-style:none;border-bottom-width:0px;border-left-width:2px\"><blockquote><p>Il piacere di una vacanza vera, quella di fare tutto o niente, ma farlo con i propri ritmi!<\/p><\/blockquote><\/figure>\n<\/div><\/div>\n\n\n\n<div style=\"height:20px\" aria-hidden=\"true\" class=\"wp-block-spacer\"><\/div>\n\n\n\n<div class=\"wp-block-uagb-container uagb-block-8b524f5f alignfull uagb-is-root-container\"><div class=\"uagb-container-inner-blocks-wrap\">\n<div class=\"wp-block-uagb-container uagb-block-56d01f60\">\n<div class=\"wp-block-uagb-image uagb-block-a3b02c86 wp-block-uagb-image--layout-default wp-block-uagb-image--effect-static wp-block-uagb-image--align-none\"><figure class=\"wp-block-uagb-image__figure\"><img decoding=\"async\" srcset=\"https:\/\/bassin-arcachon.com\/wp-content\/uploads\/2017\/03\/pointe-aux-chevaux-hiver-1024x683.jpg \" sizes=\"auto, (max-width: 480px) 150px\" src=\"https:\/\/bassin-arcachon.com\/wp-content\/uploads\/2017\/03\/pointe-aux-chevaux-hiver-1024x683.jpg\" alt=\"- - Bassin d&#039;Arcachon\" class=\"uag-image-10684\" width=\"1024\" height=\"683\" title=\"- - Bassin d&#039;Arcachon\" loading=\"lazy\" role=\"img\"><\/figure><\/div>\n<\/div>\n\n\n\n<div class=\"wp-block-uagb-container uagb-block-09ba0835\">\n<h3 class=\"wp-block-heading\">La Pointe aux Chevaux: panorama dell&#039;Ile aux Oiseaux<\/h3>\n\n\n\n<p><a href=\"https:\/\/bassin-arcachon.com\/it\/i-nostri-elementi-essenziali\/le-cabine-tchanquee\/\" data-type=\"page\" data-id=\"127\">Isola degli uccelli<\/a> si pu\u00f2 scoprire in diversi modi: in kayak da mare, in barca... E per una fotografia da &quot;cartolina&quot;, andate a Pointe aux Chevaux. Da qui avrai la vista pi\u00f9 bella di questo luogo magico. Quindi scendi le scale per una passeggiata nel villaggio di Petit Piquey. Non dimenticare di assaggiare alcune prelibatezze come&nbsp;<a href=\"https:\/\/dunesblanches.fr\/\" target=\"_blank\" rel=\"noopener\">Dune bianche di Chez Pascal.<\/a><\/p>\n<\/div>\n<\/div><\/div>\n\n\n\n<div style=\"height:40px\" aria-hidden=\"true\" class=\"wp-block-spacer\"><\/div>\n\n\n\n<div class=\"wp-block-uagb-container uagb-block-12e88341 alignfull uagb-is-root-container\"><div class=\"uagb-container-inner-blocks-wrap\">\n<div class=\"wp-block-uagb-container uagb-block-7db9a849\">\n<h3 class=\"wp-block-heading\">Le spiagge dell&#039;oceano<\/h3>\n\n\n\n<p>La felicit\u00e0 delle onde! A L\u00e8ge-Cap Ferret, potrete scegliere tra godervi le spiagge tranquille e affascinanti sul lato Bassin o quelle sul lato dell&#039;Oceano Atlantico. Ce ne sono 4: la spiaggia di Grand Crohot, la spiaggia di Horizon accessibile da a&nbsp;<a href=\"https:\/\/bassin-arcachon.com\/it\/cosa-fare\/in-una-tribu-di-giovani\/\">trenino<\/a>&nbsp;che i bambini adorano, la spiaggia di Truc Vert o la Garonna.<\/p>\n\n\n\n<p>Tante possibilit\u00e0 di cambiare posto ogni giorno delle vacanze, o quasi!<\/p>\n<\/div>\n\n\n\n<div class=\"wp-block-uagb-container uagb-block-567d6e21\">\n<div class=\"wp-block-uagb-image uagb-block-5288d8b6 wp-block-uagb-image--layout-default wp-block-uagb-image--effect-static wp-block-uagb-image--align-none\"><figure class=\"wp-block-uagb-image__figure\"><img decoding=\"async\" srcset=\"https:\/\/bassin-arcachon.com\/wp-content\/uploads\/2017\/11\/plage-horizon-balade-hiver-24-1024x683.jpg \" sizes=\"auto, (max-width: 480px) 150px\" src=\"https:\/\/bassin-arcachon.com\/wp-content\/uploads\/2017\/11\/plage-horizon-balade-hiver-24-1024x683.jpg\" alt=\"- - Bassin d&#039;Arcachon\" class=\"uag-image-10688\" width=\"1024\" height=\"683\" title=\"- - Bassin d&#039;Arcachon\" loading=\"lazy\" role=\"img\"><\/figure><\/div>\n<\/div>\n<\/div><\/div>\n\n\n\n<div style=\"height:40px\" aria-hidden=\"true\" class=\"wp-block-spacer\"><\/div>\n\n\n\n<div class=\"wp-block-uagb-container uagb-block-2952884b alignfull uagb-is-root-container\"><div class=\"uagb-container-inner-blocks-wrap\">\n<div class=\"wp-block-uagb-container uagb-block-a4ac9f2b\">\n<div class=\"wp-block-uagb-image uagb-block-336e8c72 wp-block-uagb-image--layout-default wp-block-uagb-image--effect-static wp-block-uagb-image--align-none\"><figure class=\"wp-block-uagb-image__figure\"><img decoding=\"async\" srcset=\"https:\/\/bassin-arcachon.com\/wp-content\/uploads\/2017\/12\/gilberte-with-love-3-1024x683.jpg \" sizes=\"auto, (max-width: 480px) 150px\" src=\"https:\/\/bassin-arcachon.com\/wp-content\/uploads\/2017\/12\/gilberte-with-love-3-1024x683.jpg\" alt=\"- - Bassin d&#039;Arcachon\" class=\"uag-image-11594\" width=\"1024\" height=\"683\" title=\"- - Bassin d&#039;Arcachon\" loading=\"lazy\" role=\"img\"><\/figure><\/div>\n<\/div>\n\n\n\n<div class=\"wp-block-uagb-container uagb-block-207e3b34\">\n<h3 class=\"wp-block-heading\">Di negozio in negozio a Piquey<\/h3>\n\n\n\n<p>Se ti piace passeggiare nei negozi di decorazioni, dirigiti verso la strada da Bordeaux a Grand Piquey in uno dei 4 negozi ben noti alla gente del posto.<\/p>\n\n\n\n<p>Nelle vicinanze, adorerai anche l&#039;antiquariato a Petit Piquey. Qualcosa per riportare un ricordo di Bassin di Arcachon.<\/p>\n<\/div>\n<\/div><\/div>\n\n\n\n<div style=\"height:40px\" aria-hidden=\"true\" class=\"wp-block-spacer\"><\/div>\n\n\n\n<div class=\"wp-block-uagb-container uagb-block-992c4271 alignfull uagb-is-root-container\"><div class=\"uagb-container-inner-blocks-wrap\">\n<div class=\"wp-block-uagb-container uagb-block-0ae9a2e1\">\n<h3 class=\"wp-block-heading\">Un viaggio in pinnace sulla Bassin di Arcachon<\/h3>\n\n\n\n<p>Come non godersi le vacanze per a&nbsp;<a href=\"https:\/\/bassin-arcachon.com\/it\/cosa-fare\/sur-leau\/\">viaggio in barca&nbsp;<\/a>? Dopo aver attraversato a piedi i villaggi di allevatori di ostriche, questa \u00e8 l&#039;occasione per scoprirli diversamente dall&#039;Bassin.<\/p>\n\n\n\n<p>Estate o inverno, rimarrai sorpreso dai colori cangianti del paesaggio, una gioia da fotografare.<\/p>\n<\/div>\n\n\n\n<div class=\"wp-block-uagb-container uagb-block-e1f217e5\">\n<div class=\"wp-block-uagb-image uagb-block-2c381640 wp-block-uagb-image--layout-default wp-block-uagb-image--effect-static wp-block-uagb-image--align-none\"><figure class=\"wp-block-uagb-image__figure\"><img decoding=\"async\" srcset=\"https:\/\/bassin-arcachon.com\/wp-content\/uploads\/2017\/02\/balade-pinasse-lege-cap-ferret-60-1024x683.jpg \" sizes=\"auto, (max-width: 480px) 150px\" src=\"https:\/\/bassin-arcachon.com\/wp-content\/uploads\/2017\/02\/balade-pinasse-lege-cap-ferret-60-1024x683.jpg\" alt=\"- - Bassin d&#039;Arcachon\" class=\"uag-image-10706\" width=\"1024\" height=\"683\" title=\"- - Bassin d&#039;Arcachon\" loading=\"lazy\" role=\"img\"><\/figure><\/div>\n<\/div>\n<\/div><\/div>\n\n\n\n<div style=\"height:40px\" aria-hidden=\"true\" class=\"wp-block-spacer\"><\/div>\n\n\n\n<div class=\"wp-block-uagb-container uagb-block-4848d61a alignfull uagb-is-root-container\"><div class=\"uagb-container-inner-blocks-wrap\">\n<div class=\"wp-block-uagb-container uagb-block-2ec528d1\">\n<div class=\"wp-block-uagb-image uagb-block-523a3f7f wp-block-uagb-image--layout-default wp-block-uagb-image--effect-static wp-block-uagb-image--align-none\"><figure class=\"wp-block-uagb-image__figure\"><img decoding=\"async\" srcset=\"https:\/\/bassin-arcachon.com\/wp-content\/uploads\/2017\/03\/marche-cap-ferret-1024x683.jpg \" sizes=\"auto, (max-width: 480px) 150px\" src=\"https:\/\/bassin-arcachon.com\/wp-content\/uploads\/2017\/03\/marche-cap-ferret-1024x683.jpg\" alt=\"- - Bassin d&#039;Arcachon\" class=\"uag-image-1761\" width=\"1024\" height=\"683\" title=\"- - Bassin d&#039;Arcachon\" loading=\"lazy\" role=\"img\"><\/figure><\/div>\n<\/div>\n\n\n\n<div class=\"wp-block-uagb-container uagb-block-d175779c\">\n<h3 class=\"wp-block-heading\">Il mercato di Cap Ferret<\/h3>\n\n\n\n<p>Al mattino, dopo una buona colazione in terrazza, porta il cesto al mercato di Cap Ferret!<\/p>\n\n\n\n<p>Qui amerai l&#039;atmosfera e soprattutto le bancarelle. Ci sono naturalmente frutta e verdura, ma anche molti commercianti che offrono gioielli, abbigliamento, biancheria o accessori moda.<\/p>\n<\/div>\n<\/div><\/div>\n\n\n\n<div style=\"height:40px\" aria-hidden=\"true\" class=\"wp-block-spacer\"><\/div>\n\n\n\n<div class=\"wp-block-uagb-container uagb-block-b5e5d07b alignfull uagb-is-root-container\"><div class=\"uagb-container-inner-blocks-wrap\">\n<div class=\"wp-block-uagb-container uagb-block-f52dd6d9\">\n<div class=\"wp-block-uagb-image uagb-block-ff08cbeb wp-block-uagb-image--layout-default wp-block-uagb-image--effect-static wp-block-uagb-image--align-none\"><figure class=\"wp-block-uagb-image__figure\"><img decoding=\"async\" srcset=\"https:\/\/bassin-arcachon.com\/wp-content\/uploads\/2018\/09\/nourri-a-lhu\u00eetre-\u00e9lev\u00e9-sous-les-pins-Bassin-dArcachon.jpg 1000w, https:\/\/bassin-arcachon.com\/wp-content\/uploads\/2018\/09\/nourri-a-lhu\u00eetre-\u00e9lev\u00e9-sous-les-pins-Bassin-dArcachon-600x400.jpg 600w, https:\/\/bassin-arcachon.com\/wp-content\/uploads\/2018\/09\/nourri-a-lhu\u00eetre-\u00e9lev\u00e9-sous-les-pins-Bassin-dArcachon-768x511.jpg 768w, https:\/\/bassin-arcachon.com\/wp-content\/uploads\/2018\/09\/nourri-a-lhu\u00eetre-\u00e9lev\u00e9-sous-les-pins-Bassin-dArcachon-18x12.jpg 18w\" sizes=\"auto, (max-width: 480px) 150px\" src=\"https:\/\/bassin-arcachon.com\/wp-content\/uploads\/2018\/09\/nourri-a-lhu\u00eetre-\u00e9lev\u00e9-sous-les-pins-Bassin-dArcachon.jpg\" alt=\"- - Bassin d&#039;Arcachon\" class=\"uag-image-26169\" width=\"1000\" height=\"666\" title=\"- - Bassin d&#039;Arcachon\" loading=\"lazy\" role=\"img\"><\/figure><\/div>\n<\/div>\n\n\n\n<div class=\"wp-block-uagb-container uagb-block-93f7acec\">\n<h4 class=\"wp-block-heading\">I nostri link utili per preparare le vostre vacanze a L\u00e8ge-Cap Ferret<\/h4>\n\n\n\n<p><a href=\"https:\/\/bassin-arcachon.com\/it\/dove-dormire\/campeggio\/furetto-lege-cap\/\">Un campeggio<\/a>,\u00a0<a href=\"https:\/\/bassin-arcachon.com\/it\/dove-dormire\/affitti-di-bed-and-breakfast\/furetto\/\">un bed and breakfast<\/a>,\u00a0<a href=\"https:\/\/bassin-arcachon.com\/it\/dove-dormire\/alberghi\/furetto\/\">Hotel<\/a>,\u00a0<a href=\"https:\/\/bassin-arcachon.com\/it\/agenda-uscite-mercati\/i-mercati-di-lege-cap-ferret\/\">i mercati della penisola<\/a>,\u00a0<a href=\"https:\/\/bassin-arcachon.com\/it\/scarica-la-nostra-applicazione\/\">ristoranti a L\u00e8ge Cap Ferret.<\/a><\/p>\n<\/div>\n<\/div><\/div>\n\n\n\n<div style=\"height:40px\" aria-hidden=\"true\" class=\"wp-block-spacer\"><\/div>","protected":false},"excerpt":{"rendered":"<p>L\u00e8ge-Cap Ferret et les souvenirs de l\u2019enfance Vue du ciel, cette presqu\u2019\u00eele semble entourer affectueusement le Bassin d\u2019Arcachon. Les pieds sur terre, les 10 villages qui composent L\u00e8ge-Cap Ferret sont [&hellip;]<\/p>\n","protected":false},"author":25,"featured_media":1769,"parent":29,"menu_order":8,"comment_status":"closed","ping_status":"closed","template":"","meta":{"_acf_changed":false,"_uag_custom_page_level_css":"","footnotes":""},"class_list":["post-342","page","type-page","status-publish","has-post-thumbnail","hentry"],"acf":[],"uagb_featured_image_src":{"full":["https:\/\/bassin-arcachon.com\/wp-content\/uploads\/2017\/03\/pique-nique-plage-truquette-petit-piquey.jpg",1200,800,false],"thumbnail":["https:\/\/bassin-arcachon.com\/wp-content\/uploads\/2017\/03\/pique-nique-plage-truquette-petit-piquey-150x150.jpg",150,150,true],"medium":["https:\/\/bassin-arcachon.com\/wp-content\/uploads\/2017\/03\/pique-nique-plage-truquette-petit-piquey-600x400.jpg",600,400,true],"medium_large":["https:\/\/bassin-arcachon.com\/wp-content\/uploads\/2017\/03\/pique-nique-plage-truquette-petit-piquey-768x512.jpg",768,512,true],"large":["https:\/\/bassin-arcachon.com\/wp-content\/uploads\/2017\/03\/pique-nique-plage-truquette-petit-piquey-1024x683.jpg",1024,683,true],"1536x1536":["https:\/\/bassin-arcachon.com\/wp-content\/uploads\/2017\/03\/pique-nique-plage-truquette-petit-piquey.jpg",1200,800,false],"2048x2048":["https:\/\/bassin-arcachon.com\/wp-content\/uploads\/2017\/03\/pique-nique-plage-truquette-petit-piquey.jpg",1200,800,false],"trp-custom-language-flag":["https:\/\/bassin-arcachon.com\/wp-content\/uploads\/2017\/03\/pique-nique-plage-truquette-petit-piquey-18x12.jpg",18,12,true]},"uagb_author_info":{"display_name":"Marie Clauzel","author_link":"https:\/\/bassin-arcachon.com\/it\/author\/mariesiba\/"},"uagb_comment_info":0,"uagb_excerpt":"L\u00e8ge-Cap Ferret et les souvenirs de l\u2019enfance Vue du ciel, cette presqu\u2019\u00eele semble entourer affectueusement le Bassin d\u2019Arcachon. Les pieds sur terre, les 10 villages qui composent L\u00e8ge-Cap Ferret sont [&hellip;]","_links":{"self":[{"href":"https:\/\/bassin-arcachon.com\/it\/wp-json\/wp\/v2\/pages\/342","targetHints":{"allow":["GET"]}}],"collection":[{"href":"https:\/\/bassin-arcachon.com\/it\/wp-json\/wp\/v2\/pages"}],"about":[{"href":"https:\/\/bassin-arcachon.com\/it\/wp-json\/wp\/v2\/types\/page"}],"author":[{"embeddable":true,"href":"https:\/\/bassin-arcachon.com\/it\/wp-json\/wp\/v2\/users\/25"}],"replies":[{"embeddable":true,"href":"https:\/\/bassin-arcachon.com\/it\/wp-json\/wp\/v2\/comments?post=342"}],"version-history":[{"count":0,"href":"https:\/\/bassin-arcachon.com\/it\/wp-json\/wp\/v2\/pages\/342\/revisions"}],"up":[{"embeddable":true,"href":"https:\/\/bassin-arcachon.com\/it\/wp-json\/wp\/v2\/pages\/29"}],"wp:featuredmedia":[{"embeddable":true,"href":"https:\/\/bassin-arcachon.com\/it\/wp-json\/wp\/v2\/media\/1769"}],"wp:attachment":[{"href":"https:\/\/bassin-arcachon.com\/it\/wp-json\/wp\/v2\/media?parent=342"}],"curies":[{"name":"wp","href":"https:\/\/api.w.org\/{rel}","templated":true}]}}