{"id":398,"date":"2017-03-14T08:39:01","date_gmt":"2017-03-14T07:39:01","guid":{"rendered":"https:\/\/bassin-arcachon.com\/\/?page_id=398"},"modified":"2024-11-06T16:34:54","modified_gmt":"2024-11-06T15:34:54","slug":"camere-degli-ospiti","status":"publish","type":"page","link":"https:\/\/bassin-arcachon.com\/it\/ou-dormir\/chambres-hotes\/","title":{"rendered":"Camere degli ospiti"},"content":{"rendered":"<div class=\"wp-block-uagb-container uagb-block-21cae65d alignfull uagb-is-root-container\"><div class=\"uagb-container-inner-blocks-wrap\">\n<div class=\"wp-block-uagb-container uagb-block-2d2c9a91\">\n<h2 class=\"wp-block-heading\">Il tuo bed and breakfast con piscina<\/h2>\n\n\n\n<p>Se l&#039;Bassin non \u00e8 mai molto lontano per una nuotata, avere una piscina \u00e8 sempre bello per le vacanze. Scopri la nostra selezione di&nbsp;<strong>camere dotate di piscine<\/strong>, riservato solo a te o condiviso tra tutti gli host.<\/p>\n\n\n\n<div class=\"wp-block-buttons is-layout-flex wp-block-buttons-is-layout-flex\">\n<div class=\"wp-block-button\"><a class=\"wp-block-button__link wp-element-button\" href=\"https:\/\/bassin-arcachon.com\/it\/https%3a\/\/bassin-arcachon.com\/alloggio\/camere-e-piscina\/\">Pernottamento e prima colazione con piscina<\/a><\/div>\n<\/div>\n<\/div>\n\n\n\n<div class=\"wp-block-uagb-container uagb-block-85c1bd8a\">\n<div class=\"wp-block-uagb-image uagb-block-e2ca8422 wp-block-uagb-image--layout-default wp-block-uagb-image--effect-static wp-block-uagb-image--align-none\"><figure class=\"wp-block-uagb-image__figure\"><img decoding=\"async\" srcset=\"https:\/\/bassin-arcachon.com\/wp-content\/uploads\/2017\/03\/chambre-dhotes-bassin-arcachon.jpg \" sizes=\"auto, (max-width: 480px) 150px\" src=\"https:\/\/bassin-arcachon.com\/wp-content\/uploads\/2017\/03\/chambre-dhotes-bassin-arcachon.jpg\" alt=\"- - Bassin d&#039;Arcachon\" class=\"uag-image-1357\" width=\"884\" height=\"700\" title=\"- - Bassin d&#039;Arcachon\" loading=\"lazy\" role=\"img\"><\/figure><\/div>\n<\/div>\n<\/div><\/div>\n\n\n\n<div style=\"height:60px\" aria-hidden=\"true\" class=\"wp-block-spacer\"><\/div>\n\n\n\n<div class=\"wp-block-uagb-container uagb-block-1dcad099 alignfull uagb-is-root-container\"><div class=\"uagb-container-inner-blocks-wrap\">\n<div class=\"wp-block-uagb-container uagb-block-dc7665c0\">\n<div class=\"wp-block-uagb-image uagb-block-79c0e5ca wp-block-uagb-image--layout-default wp-block-uagb-image--effect-static wp-block-uagb-image--align-none\"><figure class=\"wp-block-uagb-image__figure\"><img decoding=\"async\" srcset=\"https:\/\/bassin-arcachon.com\/wp-content\/uploads\/2017\/03\/vue-bassin.jpg \" sizes=\"auto, (max-width: 480px) 150px\" src=\"https:\/\/bassin-arcachon.com\/wp-content\/uploads\/2017\/03\/vue-bassin.jpg\" alt=\"- - Bassin d&#039;Arcachon\" class=\"uag-image-1358\" width=\"900\" height=\"600\" title=\"- - Bassin d&#039;Arcachon\" loading=\"lazy\" role=\"img\"><\/figure><\/div>\n<\/div>\n\n\n\n<div class=\"wp-block-uagb-container uagb-block-75b47c51\">\n<h2 class=\"wp-block-heading\">Scegli il fascino di un bed and breakfast vista Bassin<\/h2>\n\n\n\n<p>Un bed and breakfast in riva al mare, o vicino al&nbsp;<strong>Bassin di Arcachon<\/strong>&nbsp;per essere pi\u00f9 precisi ! Per un bed and breakfast vicino all&#039;oceano, dovrai scegliere la tua sistemazione sulla Presqu&#039;\u00eele de&nbsp;<a href=\"https:\/\/bassin-arcachon.com\/it\/le-nostre-citta-e-i-nostri-villaggi\/furetto-lege-cap\/\" target=\"_blank\" rel=\"noreferrer noopener\">Furetto Lege-Cap<\/a>&nbsp;O su&nbsp;<a href=\"https:\/\/bassin-arcachon.com\/it\/le-nostre-citta-e-i-nostri-villaggi\/il-test-del-libro\/\" target=\"_blank\" rel=\"noreferrer noopener\">La Teste de Buch<\/a>.<\/p>\n\n\n\n<div class=\"wp-block-buttons is-layout-flex wp-block-buttons-is-layout-flex\">\n<div class=\"wp-block-button\"><a class=\"wp-block-button__link wp-element-button\" href=\"https:\/\/bassin-arcachon.com\/it\/alloggio\/bed-and-breakfast-%26amp-%3bvistamare\/\">Camere con vista Bassin<\/a><\/div>\n<\/div>\n<\/div>\n<\/div><\/div>\n\n\n\n<div style=\"height:60px\" aria-hidden=\"true\" class=\"wp-block-spacer\"><\/div>\n\n\n\n<div class=\"wp-block-uagb-container uagb-block-60c02d29 alignfull uagb-is-root-container\"><div class=\"uagb-container-inner-blocks-wrap\">\n<div class=\"wp-block-uagb-container uagb-block-980a0440\">\n<h2 class=\"wp-block-heading\">Vicino alla Duna del Pilat<\/h2>\n\n\n\n<p>Per un bed and breakfast vicino al&nbsp;<a href=\"https:\/\/bassin-arcachon.com\/it\/i-nostri-elementi-essenziali\/la-duna-di-pilat\/\" target=\"_blank\" rel=\"noreferrer noopener\">Duna di Pilat<\/a>, scegli il quartiere pi\u00f9 vicino:&nbsp;<strong>Pila sur Mer<\/strong>, nel comune di La Teste de Buch. Per una panoramica di questa duna emblematica, preferisci il&nbsp;<strong>villaggio di Cap Ferret<\/strong>&nbsp;della penisola. Sarai pi\u00f9 lontano, ma la vista al tuo risveglio sar\u00e0 incredibile.<\/p>\n\n\n\n<div class=\"wp-block-buttons is-layout-flex wp-block-buttons-is-layout-flex\">\n<div class=\"wp-block-button\"><a class=\"wp-block-button__link wp-element-button\" href=\"https:\/\/bassin-arcachon.com\/it\/alloggio\/camere-degli-ospiti-2\/\">Bed and breakfast vicino alla Dune du Pilat<\/a><\/div>\n<\/div>\n<\/div>\n\n\n\n<div class=\"wp-block-uagb-container uagb-block-91cdc693\">\n<div class=\"wp-block-uagb-image uagb-block-1038aa3e wp-block-uagb-image--layout-default wp-block-uagb-image--effect-static wp-block-uagb-image--align-none\"><figure class=\"wp-block-uagb-image__figure\"><img decoding=\"async\" srcset=\"https:\/\/bassin-arcachon.com\/wp-content\/uploads\/2017\/02\/Randonnee-sur-la-dune-du-Pilat-1024x683.jpg \" sizes=\"auto, (max-width: 480px) 150px\" src=\"https:\/\/bassin-arcachon.com\/wp-content\/uploads\/2017\/02\/Randonnee-sur-la-dune-du-Pilat-1024x683.jpg\" alt=\"- - Bassin d&#039;Arcachon\" class=\"uag-image-1223\" width=\"1024\" height=\"683\" title=\"- - Bassin d&#039;Arcachon\" loading=\"lazy\" role=\"img\"><\/figure><\/div>\n<\/div>\n<\/div><\/div>\n\n\n\n<div style=\"height:60px\" aria-hidden=\"true\" class=\"wp-block-spacer\"><\/div>\n\n\n\n<div class=\"wp-block-uagb-container uagb-block-abff89f2 alignfull uagb-is-root-container\"><div class=\"uagb-container-inner-blocks-wrap\">\n<div class=\"wp-block-uagb-container uagb-block-a07f034d\">\n<div class=\"wp-block-uagb-image uagb-block-22676635 wp-block-uagb-image--layout-default wp-block-uagb-image--effect-static wp-block-uagb-image--align-none\"><figure class=\"wp-block-uagb-image__figure\"><img decoding=\"async\" srcset=\"https:\/\/bassin-arcachon.com\/wp-content\/uploads\/2017\/02\/aiguillon-arcachon-5-1024x512.jpg \" sizes=\"auto, (max-width: 480px) 150px\" src=\"https:\/\/bassin-arcachon.com\/wp-content\/uploads\/2017\/02\/aiguillon-arcachon-5-1024x512.jpg\" alt=\"- - Bassin d&#039;Arcachon\" class=\"uag-image-1263\" width=\"1024\" height=\"512\" title=\"- - Bassin d&#039;Arcachon\" loading=\"lazy\" role=\"img\"><\/figure><\/div>\n<\/div>\n\n\n\n<div class=\"wp-block-uagb-container uagb-block-b2c73c18\">\n<h2 class=\"wp-block-heading\">Spirito da cabina per le vacanze<\/h2>\n\n\n\n<p>Le citt\u00e0 e i paesi della Bassin d&#039;Arcachon sono pieni di indirizzi affascinanti nello spirito di &quot;&nbsp;<strong>capanne dei pescatori<\/strong>&nbsp;&quot;. La tipica casa Bassin \u00e8 rivestita in legno all&#039;esterno e decorata con legni recuperati sulle spiagge in inverno. Sta a te scegliere il bed and breakfast che pi\u00f9 ti affasciner\u00e0.<\/p>\n\n\n\n<div class=\"wp-block-buttons is-layout-flex wp-block-buttons-is-layout-flex\">\n<div class=\"wp-block-button\"><a class=\"wp-block-button__link wp-element-button\" href=\"https:\/\/bassin-arcachon.com\/it\/alloggio\/bed-and-breakfast%26amp%3bcabin-spirit\/\">Pernottamento e prima colazione in stile cabina<\/a><\/div>\n<\/div>\n<\/div>\n<\/div><\/div>\n\n\n\n<div style=\"height:60px\" aria-hidden=\"true\" class=\"wp-block-spacer\"><\/div>\n\n\n\n<div class=\"wp-block-uagb-container uagb-block-9eb4992f alignfull uagb-is-root-container\"><div class=\"uagb-container-inner-blocks-wrap\">\n<div class=\"wp-block-uagb-container uagb-block-99950309\">\n<h2 class=\"wp-block-heading\">Optare per una camera per gli ospiti Naturally Bassin<\/h2>\n\n\n\n<p>Per essere certi di fare la scelta giusta al momento della prenotazione, opta per un bed and breakfast&quot;&nbsp;<strong>Naturalmente Bassin<\/strong>&nbsp;\u00bb che promuove l&#039;alloggio i cui proprietari sono desiderosi di farvi scoprire il Bassin di Arcachon in tutto ci\u00f2 che ha di specifico, fragile e intimo.<\/p>\n\n\n\n<div class=\"wp-block-buttons is-layout-flex wp-block-buttons-is-layout-flex\">\n<div class=\"wp-block-button\"><a class=\"wp-block-button__link wp-element-button\" href=\"https:\/\/bassin-arcachon.com\/it\/alloggio\/chambres-dhotes%26amp%3blabel%3anaturellement+bassin\/\">Bed and Breakfast Naturalmente Bassin<\/a><\/div>\n<\/div>\n<\/div>\n\n\n\n<div class=\"wp-block-uagb-container uagb-block-2fa6eec4\">\n<div class=\"wp-block-uagb-image uagb-block-53910baf wp-block-uagb-image--layout-default wp-block-uagb-image--effect-static wp-block-uagb-image--align-none\"><figure class=\"wp-block-uagb-image__figure\"><img decoding=\"async\" srcset=\"https:\/\/bassin-arcachon.com\/wp-content\/uploads\/2017\/03\/regine-et-yves-cazes-la-teste-de-buch.jpg \" sizes=\"auto, (max-width: 480px) 150px\" src=\"https:\/\/bassin-arcachon.com\/wp-content\/uploads\/2017\/03\/regine-et-yves-cazes-la-teste-de-buch.jpg\" alt=\"- - Bassin d&#039;Arcachon\" class=\"uag-image-1360\" width=\"1000\" height=\"666\" title=\"- - Bassin d&#039;Arcachon\" loading=\"lazy\" role=\"img\"><\/figure><\/div>\n<\/div>\n<\/div><\/div>\n\n\n\n<div style=\"height:60px\" aria-hidden=\"true\" class=\"wp-block-spacer\"><\/div>\n\n\n\n<div class=\"wp-block-uagb-container uagb-block-35a3db1c alignfull uagb-is-root-container\">\n<div class=\"wp-block-cover is-light has-parallax\"><span aria-hidden=\"true\" class=\"wp-block-cover__background has-background-dim-0 has-background-dim\"><\/span><div class=\"wp-block-cover__image-background wp-image-1363 has-parallax\" style=\"background-position:50% 50%;background-image:url(https:\/\/bassin-arcachon.com\/wp-content\/uploads\/2017\/03\/ville-hiver-arcachon-14.jpg)\"><\/div><div class=\"wp-block-cover__inner-container is-layout-flow wp-block-cover-is-layout-flow\">\n<div class=\"wp-block-uagb-container uagb-block-a99a95e2\">\n<h2 class=\"wp-block-heading has-text-align-center has-white-color has-text-color has-large-font-size\">Prenota il prima possibile!<\/h2>\n\n\n\n<p class=\"has-text-align-center has-white-color has-text-color\"><a href=\"https:\/\/bassin-arcachon.com\/it\/alloggio\/camere-degli-ospiti-2\/\">INIZIA LA TUA RICERCA<\/a><\/p>\n<\/div>\n<\/div><\/div>\n<\/div>\n\n\n\n<div style=\"height:40px\" aria-hidden=\"true\" class=\"wp-block-spacer\"><\/div>","protected":false},"excerpt":{"rendered":"<p>Votre chambre d\u2019h\u00f4tes avec piscine Si le Bassin n\u2019est jamais tr\u00e8s loin pour une baignade, avoir une piscine est toujours agr\u00e9able pour les vacances. D\u00e9couvrez notre s\u00e9lection de&nbsp;chambres d\u2019h\u00f4tes \u00e9quip\u00e9es [&hellip;]<\/p>\n","protected":false},"author":25,"featured_media":24458,"parent":43,"menu_order":2,"comment_status":"closed","ping_status":"closed","template":"","meta":{"_acf_changed":false,"_uag_custom_page_level_css":"","footnotes":""},"class_list":["post-398","page","type-page","status-publish","has-post-thumbnail","hentry"],"acf":[],"uagb_featured_image_src":{"full":["https:\/\/bassin-arcachon.com\/wp-content\/uploads\/2017\/03\/chambre-hotes-bassin-arcachon.jpg",1000,666,false],"thumbnail":["https:\/\/bassin-arcachon.com\/wp-content\/uploads\/2017\/03\/chambre-hotes-bassin-arcachon-150x150.jpg",150,150,true],"medium":["https:\/\/bassin-arcachon.com\/wp-content\/uploads\/2017\/03\/chambre-hotes-bassin-arcachon-600x400.jpg",600,400,true],"medium_large":["https:\/\/bassin-arcachon.com\/wp-content\/uploads\/2017\/03\/chambre-hotes-bassin-arcachon-768x511.jpg",768,511,true],"large":["https:\/\/bassin-arcachon.com\/wp-content\/uploads\/2017\/03\/chambre-hotes-bassin-arcachon.jpg",1000,666,false],"1536x1536":["https:\/\/bassin-arcachon.com\/wp-content\/uploads\/2017\/03\/chambre-hotes-bassin-arcachon.jpg",1000,666,false],"2048x2048":["https:\/\/bassin-arcachon.com\/wp-content\/uploads\/2017\/03\/chambre-hotes-bassin-arcachon.jpg",1000,666,false],"trp-custom-language-flag":["https:\/\/bassin-arcachon.com\/wp-content\/uploads\/2017\/03\/chambre-hotes-bassin-arcachon-18x12.jpg",18,12,true]},"uagb_author_info":{"display_name":"Marie Clauzel","author_link":"https:\/\/bassin-arcachon.com\/it\/author\/mariesiba\/"},"uagb_comment_info":0,"uagb_excerpt":"Votre chambre d\u2019h\u00f4tes avec piscine Si le Bassin n\u2019est jamais tr\u00e8s loin pour une baignade, avoir une piscine est toujours agr\u00e9able pour les vacances. D\u00e9couvrez notre s\u00e9lection de&nbsp;chambres d\u2019h\u00f4tes \u00e9quip\u00e9es [&hellip;]","_links":{"self":[{"href":"https:\/\/bassin-arcachon.com\/it\/wp-json\/wp\/v2\/pages\/398","targetHints":{"allow":["GET"]}}],"collection":[{"href":"https:\/\/bassin-arcachon.com\/it\/wp-json\/wp\/v2\/pages"}],"about":[{"href":"https:\/\/bassin-arcachon.com\/it\/wp-json\/wp\/v2\/types\/page"}],"author":[{"embeddable":true,"href":"https:\/\/bassin-arcachon.com\/it\/wp-json\/wp\/v2\/users\/25"}],"replies":[{"embeddable":true,"href":"https:\/\/bassin-arcachon.com\/it\/wp-json\/wp\/v2\/comments?post=398"}],"version-history":[{"count":2,"href":"https:\/\/bassin-arcachon.com\/it\/wp-json\/wp\/v2\/pages\/398\/revisions"}],"predecessor-version":[{"id":68295,"href":"https:\/\/bassin-arcachon.com\/it\/wp-json\/wp\/v2\/pages\/398\/revisions\/68295"}],"up":[{"embeddable":true,"href":"https:\/\/bassin-arcachon.com\/it\/wp-json\/wp\/v2\/pages\/43"}],"wp:featuredmedia":[{"embeddable":true,"href":"https:\/\/bassin-arcachon.com\/it\/wp-json\/wp\/v2\/media\/24458"}],"wp:attachment":[{"href":"https:\/\/bassin-arcachon.com\/it\/wp-json\/wp\/v2\/media?parent=398"}],"curies":[{"name":"wp","href":"https:\/\/api.w.org\/{rel}","templated":true}]}}