{"id":400,"date":"2017-03-14T08:40:27","date_gmt":"2017-03-14T07:40:27","guid":{"rendered":"https:\/\/bassin-arcachon.com\/\/?page_id=400"},"modified":"2025-01-06T10:18:30","modified_gmt":"2025-01-06T09:18:30","slug":"hotel","status":"publish","type":"page","link":"https:\/\/bassin-arcachon.com\/it\/ou-dormir\/hotel\/","title":{"rendered":"Hotel"},"content":{"rendered":"<div class=\"wp-block-uagb-container uagb-block-c9158cb7 alignfull uagb-is-root-container\"><div class=\"uagb-container-inner-blocks-wrap\">\n<p>Stai cercando&nbsp;<a href=\"https:\/\/bassin-arcachon.com\/it\/dove-dormire\/\" target=\"_blank\" rel=\"noreferrer noopener\">o dormire<\/a>&nbsp;sull&#039;Bassin di Arcachon? Scopri i nostri hotel di charme, ai margini della Bassin, con piscina o con spa, e trascorri un soggiorno indimenticabile con i piedi nell&#039;acqua.<\/p>\n<\/div><\/div>\n\n\n\n<div class=\"wp-block-uagb-container uagb-block-a7b14adc alignfull uagb-is-root-container\"><div class=\"uagb-container-inner-blocks-wrap\">\n<div class=\"wp-block-uagb-container uagb-block-855fd94f\">\n<h2 class=\"wp-block-heading\">Albergo in riva al mare<\/h2>\n\n\n\n<p>Qui non stiamo proprio parlando di un hotel sul mare, ma piuttosto ai margini di Bassin! HA\u00a0<a href=\"https:\/\/bassin-arcachon.com\/it\/alloggio\/alberghi%40andernos\/\" target=\"_blank\" rel=\"noreferrer noopener\">Anderno<\/a>, a\u00a0<a href=\"https:\/\/bassin-arcachon.com\/it\/alloggio\/hotelcap-furetto\/\" target=\"_blank\" rel=\"noreferrer noopener\">Cap-Ferret<\/a>, o dall&#039;altra parte dell&#039;Bassin, dormi con i piedi nell&#039;acqua. E se vuoi prenotare un\u00a0<strong>albergo vicino all&#039;oceano<\/strong>\u00a0Atlantico, consigliamo la penisola di L\u00e8ge-Cap Ferret o la citt\u00e0 di Teste du Buch, che offrono entrambe una delle loro sponde alle onde dell&#039;oceano.<\/p>\n\n\n\n<div class=\"wp-block-buttons is-layout-flex wp-block-buttons-is-layout-flex\">\n<div class=\"wp-block-button\"><a class=\"wp-block-button__link wp-element-button\" href=\"https:\/\/bassin-arcachon.com\/it\/alloggio\/hotelvuemer-2\/\">Hotel con vista Bassin<\/a><\/div>\n<\/div>\n<\/div>\n\n\n\n<div class=\"wp-block-uagb-container uagb-block-3512e021\">\n<div class=\"wp-block-uagb-image uagb-block-06931776 wp-block-uagb-image--layout-default wp-block-uagb-image--effect-static wp-block-uagb-image--align-none\"><figure class=\"wp-block-uagb-image__figure\"><img decoding=\"async\" srcset=\"https:\/\/bassin-arcachon.com\/wp-content\/uploads\/2020\/02\/chambre-dh\u00f4tes-gujan-mestras-cabane-14-1-1024x683.jpg \" sizes=\"auto, (max-width: 480px) 150px\" src=\"https:\/\/bassin-arcachon.com\/wp-content\/uploads\/2020\/02\/chambre-dh\u00f4tes-gujan-mestras-cabane-14-1-1024x683.jpg\" alt=\"- - Bassin d&#039;Arcachon\" class=\"uag-image-41869\" width=\"1024\" height=\"683\" title=\"- - Bassin d&#039;Arcachon\" loading=\"lazy\" role=\"img\"><\/figure><\/div>\n<\/div>\n<\/div><\/div>\n\n\n\n<div style=\"height:60px\" aria-hidden=\"true\" class=\"wp-block-spacer\"><\/div>\n\n\n\n<div class=\"wp-block-uagb-container uagb-block-90e98bfc alignfull uagb-is-root-container\">\n<div class=\"wp-block-cover is-light has-parallax\"><span aria-hidden=\"true\" class=\"wp-block-cover__background has-background-dim-0 has-background-dim\"><\/span><div class=\"wp-block-cover__image-background wp-image-1345 has-parallax\" style=\"background-position:50% 50%;background-image:url(https:\/\/bassin-arcachon.com\/wp-content\/uploads\/2017\/03\/Camping-Panorama-du-Pyla-cottage-vue-mer-coin-farniente.jpg)\"><\/div><div class=\"wp-block-cover__inner-container is-layout-flow wp-block-cover-is-layout-flow\">\n<div class=\"wp-block-uagb-container uagb-block-f463157c\">\n<h2 class=\"wp-block-heading has-text-align-center has-white-color has-text-color has-large-font-size\">Per trovare l&#039;hotel perfetto, prenota il prima possibile!<\/h2>\n\n\n\n<p class=\"has-text-align-center has-white-color has-text-color\"><a href=\"https:\/\/bassin-arcachon.com\/it\/alloggio\/alberghi\/\">INIZIA LA TUA RICERCA<\/a><\/p>\n<\/div>\n<\/div><\/div>\n<\/div>\n\n\n\n<div style=\"height:60px\" aria-hidden=\"true\" class=\"wp-block-spacer\"><\/div>\n\n\n\n<div class=\"wp-block-uagb-container uagb-block-e1fdc3fa alignfull uagb-is-root-container\"><div class=\"uagb-container-inner-blocks-wrap\">\n<div class=\"wp-block-uagb-container uagb-block-fefb2fda\">\n<h2 class=\"wp-block-heading\">Il tuo hotel con SPA<\/h2>\n\n\n\n<p>Questo \u00e8 uno dei piaceri durante le vacanze o per un fine settimana: poter prenotare a&nbsp;<strong>albergo con SPA<\/strong>. Il vantaggio della SPA \u00e8 che puoi goderti l&#039;Bassin di Arcachon in qualsiasi stagione, perch\u00e9 l&#039;hammam o la sauna sono disponibili con qualsiasi tempo. HA&nbsp;<a href=\"https:\/\/bassin-arcachon.com\/it\/dove-dormire\/hotel\/il-test-del-libro\/\" target=\"_blank\" rel=\"noreferrer noopener\">La Teste-de-Buch<\/a>&nbsp;o ai piedi di&nbsp;<a href=\"https:\/\/bassin-arcachon.com\/it\/dove-dormire\/hotel\/duna-pilat\/\" target=\"_blank\" rel=\"noreferrer noopener\">Duna di Pilat<\/a>, regalati un piacevole momento di relax nella spa del tuo hotel!<\/p>\n\n\n\n<div class=\"wp-block-buttons is-layout-flex wp-block-buttons-is-layout-flex\">\n<div class=\"wp-block-button\"><a class=\"wp-block-button__link wp-element-button\" href=\"https:\/\/bassin-arcachon.com\/it\/alloggio\/hotel-e-spa\/\">Hotel con SPA<\/a><\/div>\n<\/div>\n<\/div>\n\n\n\n<div class=\"wp-block-uagb-container uagb-block-993a6690\">\n<div class=\"wp-block-uagb-image uagb-block-80e2563c wp-block-uagb-image--layout-default wp-block-uagb-image--effect-static wp-block-uagb-image--align-none\"><figure class=\"wp-block-uagb-image__figure\"><img decoding=\"async\" srcset=\"https:\/\/bassin-arcachon.com\/wp-content\/uploads\/2017\/02\/detente-spa-1024x683.jpg \" sizes=\"auto, (max-width: 480px) 150px\" src=\"https:\/\/bassin-arcachon.com\/wp-content\/uploads\/2017\/02\/detente-spa-1024x683.jpg\" alt=\"- - Bassin d&#039;Arcachon\" class=\"uag-image-7222\" width=\"1024\" height=\"683\" title=\"- - Bassin d&#039;Arcachon\" loading=\"lazy\" role=\"img\"><\/figure><\/div>\n<\/div>\n<\/div><\/div>\n\n\n\n<div style=\"height:60px\" aria-hidden=\"true\" class=\"wp-block-spacer\"><\/div>\n\n\n\n<div class=\"wp-block-uagb-container uagb-block-71b2b3c1 alignfull uagb-is-root-container\"><div class=\"uagb-container-inner-blocks-wrap\">\n<div class=\"wp-block-uagb-container uagb-block-5571b746\">\n<div class=\"wp-block-uagb-image uagb-block-d1f996b2 wp-block-uagb-image--layout-default wp-block-uagb-image--effect-static wp-block-uagb-image--align-none\"><figure class=\"wp-block-uagb-image__figure\"><img decoding=\"async\" srcset=\"https:\/\/bassin-arcachon.com\/wp-content\/uploads\/2017\/03\/hotel-arcachon.jpg \" sizes=\"auto, (max-width: 480px) 150px\" src=\"https:\/\/bassin-arcachon.com\/wp-content\/uploads\/2017\/03\/hotel-arcachon.jpg\" alt=\"- - Bassin d&#039;Arcachon\" class=\"uag-image-24506\" width=\"1000\" height=\"666\" title=\"- - Bassin d&#039;Arcachon\" loading=\"lazy\" role=\"img\"><\/figure><\/div>\n<\/div>\n\n\n\n<div class=\"wp-block-uagb-container uagb-block-88044b96\">\n<h2 class=\"wp-block-heading\">Il fascino degli hotel Bassin ad Arcachon<\/h2>\n\n\n\n<p>Gli hotel di charme non mancano sul\u00a0<strong>Bassin di Arcachon<\/strong>. Bellissimi indirizzi nel cuore di Bassin,\u00a0<a href=\"https:\/\/bassin-arcachon.com\/it\/alloggio\/alberghi%40lanton\/\" target=\"_blank\" rel=\"noreferrer noopener\">lanto<\/a>\u00a0a Biganos, o tipiche residenze in\u00a0<a href=\"https:\/\/bassin-arcachon.com\/it\/alloggio\/alberghi%40arcachon\/\" target=\"_blank\" rel=\"noreferrer noopener\">Arcachon<\/a>, abbiamo bellissimi hotel da scoprire in questo momento.<\/p>\n\n\n\n<div class=\"wp-block-buttons is-layout-flex wp-block-buttons-is-layout-flex\">\n<div class=\"wp-block-button\"><a class=\"wp-block-button__link wp-element-button\" href=\"https:\/\/bassin-arcachon.com\/it\/alloggio\/alberghi\/\">Hotel di charme<\/a><\/div>\n<\/div>\n<\/div>\n<\/div><\/div>\n\n\n\n<div style=\"height:60px\" aria-hidden=\"true\" class=\"wp-block-spacer\"><\/div>\n\n\n\n<div class=\"wp-block-uagb-container uagb-block-5cf21d76 alignfull uagb-is-root-container\"><div class=\"uagb-container-inner-blocks-wrap\">\n<div class=\"wp-block-uagb-container uagb-block-5ee4e383\">\n<h2 class=\"wp-block-heading\">Il comfort di un hotel con piscina<\/h2>\n\n\n\n<p>Anche se l&#039;Arcachon Bassin non \u00e8 mai lontano, avere un\u00a0<strong>piscina dell&#039;hotel<\/strong>\u00a0\u00e8 sempre apprezzato. In caso di bassa marea, o semplicemente per fare un tuffo appena sveglio, scopri la nostra selezione di hotel con piscina intorno alla Bassin. Di\u00a0<a href=\"https:\/\/bassin-arcachon.com\/it\/alloggio\/hotels%40gujan-mestras\/\" target=\"_blank\" rel=\"noreferrer noopener\">Gujan-Mestras<\/a>\u00a0a\u00a0<a href=\"https:\/\/bassin-arcachon.com\/it\/alloggio\/alberghi%40ares\/\" target=\"_blank\" rel=\"noreferrer noopener\">Ares<\/a>, Passando per\u00a0<a href=\"https:\/\/bassin-arcachon.com\/it\/alloggio\/hotel%40le-teich\/\" target=\"_blank\" rel=\"noreferrer noopener\">Le Teich<\/a>\u00a0Dove\u00a0<a href=\"https:\/\/bassin-arcachon.com\/it\/alloggio\/hotels%40cuore-del-bacino\/\" target=\"_blank\" rel=\"noreferrer noopener\">Audenge<\/a>, prenota il tuo hotel con piscina!<\/p>\n\n\n\n<div class=\"wp-block-buttons is-layout-flex wp-block-buttons-is-layout-flex\">\n<div class=\"wp-block-button\"><a class=\"wp-block-button__link wp-element-button\" href=\"https:\/\/bassin-arcachon.com\/it\/alloggio\/hotel-e-piscina-2\/\">Hotel con piscina<\/a><\/div>\n<\/div>\n<\/div>\n\n\n\n<div class=\"wp-block-uagb-container uagb-block-e52772f2\">\n<div class=\"wp-block-uagb-image uagb-block-f59a49ab wp-block-uagb-image--layout-default wp-block-uagb-image--effect-static wp-block-uagb-image--align-none\"><figure class=\"wp-block-uagb-image__figure\"><img decoding=\"async\" srcset=\"https:\/\/bassin-arcachon.com\/wp-content\/uploads\/2019\/11\/Piscine-2-600.jpg \" sizes=\"auto, (max-width: 480px) 150px\" src=\"https:\/\/bassin-arcachon.com\/wp-content\/uploads\/2019\/11\/Piscine-2-600.jpg\" alt=\"- - Bassin d&#039;Arcachon\" class=\"uag-image-38869\" width=\"600\" height=\"400\" title=\"- - Bassin d&#039;Arcachon\" loading=\"lazy\" role=\"img\"><\/figure><\/div>\n<\/div>\n<\/div><\/div>\n\n\n\n<div style=\"height:60px\" aria-hidden=\"true\" class=\"wp-block-spacer\"><\/div>\n\n\n\n<div class=\"wp-block-uagb-container uagb-block-2831fd6a alignfull uagb-is-root-container\"><div class=\"uagb-container-inner-blocks-wrap\">\n<h3 class=\"wp-block-heading has-text-align-center\">Scopri gli altri tipi di alloggio intorno al Bassin ad Arcachon:<\/h3>\n\n\n\n<p class=\"has-text-align-center\"><a href=\"https:\/\/bassin-arcachon.com\/it\/alloggio\/camere-degli-ospiti-2\/\" target=\"_blank\" rel=\"noreferrer noopener\">Le stanze degli ospiti<\/a><br><a href=\"https:\/\/bassin-arcachon.com\/it\/alloggio\/campeggi\/\" target=\"_blank\" rel=\"noreferrer noopener\">Campeggi<\/a><\/p>\n<\/div><\/div>\n\n\n\n<div style=\"height:60px\" aria-hidden=\"true\" class=\"wp-block-spacer\"><\/div>","protected":false},"excerpt":{"rendered":"<p>Vous cherchez&nbsp;o\u00f9 dormir&nbsp;sur le Bassin d\u2019Arcachon ? D\u00e9couvrez nos h\u00f4tels de charme, au bord du Bassin, avec piscine ou avec spa, et passez un s\u00e9jour inoubliable les pieds dans l\u2019eau. [&hellip;]<\/p>\n","protected":false},"author":25,"featured_media":394,"parent":43,"menu_order":3,"comment_status":"closed","ping_status":"closed","template":"","meta":{"_acf_changed":false,"_uag_custom_page_level_css":"","footnotes":""},"class_list":["post-400","page","type-page","status-publish","has-post-thumbnail","hentry"],"acf":[],"uagb_featured_image_src":{"full":["https:\/\/bassin-arcachon.com\/wp-content\/uploads\/2017\/03\/header-hotels.jpg",842,560,false],"thumbnail":["https:\/\/bassin-arcachon.com\/wp-content\/uploads\/2017\/03\/header-hotels-150x150.jpg",150,150,true],"medium":["https:\/\/bassin-arcachon.com\/wp-content\/uploads\/2017\/03\/header-hotels-600x399.jpg",600,399,true],"medium_large":["https:\/\/bassin-arcachon.com\/wp-content\/uploads\/2017\/03\/header-hotels-768x511.jpg",768,511,true],"large":["https:\/\/bassin-arcachon.com\/wp-content\/uploads\/2017\/03\/header-hotels.jpg",842,560,false],"1536x1536":["https:\/\/bassin-arcachon.com\/wp-content\/uploads\/2017\/03\/header-hotels.jpg",842,560,false],"2048x2048":["https:\/\/bassin-arcachon.com\/wp-content\/uploads\/2017\/03\/header-hotels.jpg",842,560,false],"trp-custom-language-flag":["https:\/\/bassin-arcachon.com\/wp-content\/uploads\/2017\/03\/header-hotels-18x12.jpg",18,12,true]},"uagb_author_info":{"display_name":"Marie Clauzel","author_link":"https:\/\/bassin-arcachon.com\/it\/author\/mariesiba\/"},"uagb_comment_info":0,"uagb_excerpt":"Vous cherchez&nbsp;o\u00f9 dormir&nbsp;sur le Bassin d\u2019Arcachon ? D\u00e9couvrez nos h\u00f4tels de charme, au bord du Bassin, avec piscine ou avec spa, et passez un s\u00e9jour inoubliable les pieds dans l\u2019eau. [&hellip;]","_links":{"self":[{"href":"https:\/\/bassin-arcachon.com\/it\/wp-json\/wp\/v2\/pages\/400","targetHints":{"allow":["GET"]}}],"collection":[{"href":"https:\/\/bassin-arcachon.com\/it\/wp-json\/wp\/v2\/pages"}],"about":[{"href":"https:\/\/bassin-arcachon.com\/it\/wp-json\/wp\/v2\/types\/page"}],"author":[{"embeddable":true,"href":"https:\/\/bassin-arcachon.com\/it\/wp-json\/wp\/v2\/users\/25"}],"replies":[{"embeddable":true,"href":"https:\/\/bassin-arcachon.com\/it\/wp-json\/wp\/v2\/comments?post=400"}],"version-history":[{"count":1,"href":"https:\/\/bassin-arcachon.com\/it\/wp-json\/wp\/v2\/pages\/400\/revisions"}],"predecessor-version":[{"id":68248,"href":"https:\/\/bassin-arcachon.com\/it\/wp-json\/wp\/v2\/pages\/400\/revisions\/68248"}],"up":[{"embeddable":true,"href":"https:\/\/bassin-arcachon.com\/it\/wp-json\/wp\/v2\/pages\/43"}],"wp:featuredmedia":[{"embeddable":true,"href":"https:\/\/bassin-arcachon.com\/it\/wp-json\/wp\/v2\/media\/394"}],"wp:attachment":[{"href":"https:\/\/bassin-arcachon.com\/it\/wp-json\/wp\/v2\/media?parent=400"}],"curies":[{"name":"wp","href":"https:\/\/api.w.org\/{rel}","templated":true}]}}