{"id":44474,"date":"2020-07-06T15:30:09","date_gmt":"2020-07-06T13:30:09","guid":{"rendered":"https:\/\/bassin-arcachon.com\/\/?page_id=44474"},"modified":"2024-11-06T11:45:38","modified_gmt":"2024-11-06T10:45:38","slug":"teich","status":"publish","type":"page","link":"https:\/\/bassin-arcachon.com\/it\/ou-dormir\/camping\/teich\/","title":{"rendered":"I nostri campeggi a Le Teich"},"content":{"rendered":"<div class=\"wp-block-uagb-container uagb-block-018ddf4e alignfull uagb-is-root-container\"><div class=\"uagb-container-inner-blocks-wrap\">\n<div class=\"wp-block-uagb-container uagb-block-8aa7941d\">\n<h2 class=\"wp-block-heading\">I nostri campeggi a Teich con piscina o nelle vicinanze<\/h2>\n\n\n\n<p>Rilassati a bordo piscina del tuo campeggio in un ambiente idilliaco! Piscina per bambini per i pi\u00f9 piccoli, giochi acquatici per i bambini e grande piscina per i pi\u00f9 grandi, nel tuo campeggio a Teich c&#039;\u00e8 tutto per rendere le tue vacanze un ricordo incredibile!<\/p>\n\n\n\n<div class=\"wp-block-buttons is-layout-flex wp-block-buttons-is-layout-flex\">\n<div class=\"wp-block-button\"><a class=\"wp-block-button__link wp-element-button\" href=\"https:\/\/bassin-arcachon.com\/it\/alloggio\/campeggi%26amp%3bpiscina\/\">Campeggi con piscina<\/a><\/div>\n<\/div>\n<\/div>\n\n\n\n<div class=\"wp-block-uagb-container uagb-block-436524a2\">\n<div class=\"wp-block-uagb-image uagb-block-9f0316ec wp-block-uagb-image--layout-default wp-block-uagb-image--effect-static wp-block-uagb-image--align-none\"><figure class=\"wp-block-uagb-image__figure\"><img decoding=\"async\" srcset=\"https:\/\/bassin-arcachon.com\/wp-content\/uploads\/2017\/04\/le-teich_leyre-1024x683.jpg \" sizes=\"auto, (max-width: 480px) 150px\" src=\"https:\/\/bassin-arcachon.com\/wp-content\/uploads\/2017\/04\/le-teich_leyre-1024x683.jpg\" alt=\"- - Bassin d&#039;Arcachon\" class=\"uag-image-1129\" width=\"1024\" height=\"683\" title=\"- - Bassin d&#039;Arcachon\" loading=\"lazy\" role=\"img\"><\/figure><\/div>\n<\/div>\n<\/div><\/div>\n\n\n\n<div style=\"height:60px\" aria-hidden=\"true\" class=\"wp-block-spacer\"><\/div>\n\n\n\n<div class=\"wp-block-uagb-container uagb-block-e2ba4f24 alignfull uagb-is-root-container\"><div class=\"uagb-container-inner-blocks-wrap\">\n<div class=\"wp-block-uagb-container uagb-block-dd966918\">\n<div class=\"wp-block-uagb-image uagb-block-03919d16 wp-block-uagb-image--layout-default wp-block-uagb-image--effect-static wp-block-uagb-image--align-none\"><figure class=\"wp-block-uagb-image__figure\"><img decoding=\"async\" srcset=\"https:\/\/bassin-arcachon.com\/wp-content\/uploads\/2023\/01\/balade-en-bateau-sur-le-bassin-d.jpg \" sizes=\"auto, (max-width: 480px) 150px\" src=\"https:\/\/bassin-arcachon.com\/wp-content\/uploads\/2023\/01\/balade-en-bateau-sur-le-bassin-d.jpg\" alt=\"- - Bassin d&#039;Arcachon\" class=\"uag-image-53507\" width=\"640\" height=\"360\" title=\"- - Bassin d&#039;Arcachon\" loading=\"lazy\" role=\"img\"><\/figure><\/div>\n<\/div>\n\n\n\n<div class=\"wp-block-uagb-container uagb-block-63dd4b8a\">\n<h2 class=\"wp-block-heading\">I nostri campeggi a Teich con piazzole per camper<\/h2>\n\n\n\n<p>Vuoi una piccola pausa nella natura durante il tuo viaggio in camper? \u00c8 ora ! Prenota il tuo campeggio a Teich o nelle vicinanze e approfitta di una posizione ideale per il tuo camper! Passeggia nei dintorni e scopri le ricchezze naturali del bacino grazie alla tua splendida posizione in un campeggio Teich o nelle vicinanze!<\/p>\n\n\n\n<div class=\"wp-block-buttons is-layout-flex wp-block-buttons-is-layout-flex\">\n<div class=\"wp-block-button\"><a class=\"wp-block-button__link wp-element-button\" href=\"https:\/\/bassin-arcachon.com\/it\/alloggio\/campeggi\/\">Campeggi con piazzole per camper<\/a><\/div>\n<\/div>\n<\/div>\n<\/div><\/div>\n\n\n\n<div style=\"height:60px\" aria-hidden=\"true\" class=\"wp-block-spacer\"><\/div>\n\n\n\n<div class=\"wp-block-uagb-container uagb-block-b71e9e93 alignfull uagb-is-root-container\"><div class=\"uagb-container-inner-blocks-wrap\">\n<div class=\"wp-block-uagb-container uagb-block-f3210a81\">\n<h2 class=\"wp-block-heading\">I nostri campeggi a Teich con ristorante<\/h2>\n\n\n\n<p>Gustate piatti gustosi e assaporate le delizie del bacino, tra terra e mare! Prenota il tuo campeggio con ristorante a Le Teich e goditi la cucina autentica di un ristorante in loco, a due passi dal tuo alloggio! Godetevi senza dover viaggiare, nel ristorante del vostro campeggio a Le Teich o nelle vicinanze!<\/p>\n\n\n\n<div class=\"wp-block-buttons is-layout-flex wp-block-buttons-is-layout-flex\">\n<div class=\"wp-block-button\"><a class=\"wp-block-button__link wp-element-button\" href=\"https:\/\/bassin-arcachon.com\/it\/alloggio\/campeggi-e-ristoranti\/\">Campeggio con ristorante<\/a><\/div>\n<\/div>\n<\/div>\n\n\n\n<div class=\"wp-block-uagb-container uagb-block-e690380d\">\n<div class=\"wp-block-uagb-image uagb-block-1233a284 wp-block-uagb-image--layout-default wp-block-uagb-image--effect-static wp-block-uagb-image--align-none\"><figure class=\"wp-block-uagb-image__figure\"><img decoding=\"async\" srcset=\"https:\/\/bassin-arcachon.com\/wp-content\/uploads\/2021\/08\/andernos-huitres-SIBA-agence-les-conteurs-35-1024x682.jpg ,https:\/\/bassin-arcachon.com\/wp-content\/uploads\/2021\/08\/andernos-huitres-SIBA-agence-les-conteurs-35.jpg 780w, https:\/\/bassin-arcachon.com\/wp-content\/uploads\/2021\/08\/andernos-huitres-SIBA-agence-les-conteurs-35-1024x682.jpg 360w\" sizes=\"auto, (max-width: 480px) 150px\" src=\"https:\/\/bassin-arcachon.com\/wp-content\/uploads\/2021\/08\/andernos-huitres-SIBA-agence-les-conteurs-35-1024x682.jpg\" alt=\"- - Bassin d&#039;Arcachon\" class=\"uag-image-50080\" width=\"1024\" height=\"682\" title=\"andernos-ostriche-SIBA-agency-les-conteurs-35\" loading=\"lazy\" role=\"img\"><\/figure><\/div>\n<\/div>\n<\/div><\/div>\n\n\n\n<div style=\"height:60px\" aria-hidden=\"true\" class=\"wp-block-spacer\"><\/div>\n\n\n\n<div class=\"wp-block-uagb-container uagb-block-eda5b7ea alignfull uagb-is-root-container\">\n<div class=\"wp-block-cover is-light has-parallax\"><span aria-hidden=\"true\" class=\"wp-block-cover__background has-background-dim-0 has-background-dim\"><\/span><div class=\"wp-block-cover__image-background wp-image-1345 has-parallax\" style=\"background-position:50% 50%;background-image:url(https:\/\/bassin-arcachon.com\/wp-content\/uploads\/2017\/03\/Camping-Panorama-du-Pyla-cottage-vue-mer-coin-farniente.jpg)\"><\/div><div class=\"wp-block-cover__inner-container is-layout-flow wp-block-cover-is-layout-flow\">\n<div class=\"wp-block-uagb-container uagb-block-cf18508f\">\n<h2 class=\"wp-block-heading has-text-align-center has-white-color has-text-color has-large-font-size\">Trascorri le tue vacanze in tutta tranquillit\u00e0 in uno dei campeggi Bassin ad Arcachon!<\/h2>\n\n\n\n<p class=\"has-text-align-center has-white-color has-text-color\"><a href=\"https:\/\/bassin-arcachon.com\/it\/alloggio\/campeggi\/\">INIZIA LA TUA RICERCA<\/a><\/p>\n<\/div>\n<\/div><\/div>\n<\/div>\n\n\n\n<div style=\"height:60px\" aria-hidden=\"true\" class=\"wp-block-spacer\"><\/div>\n\n\n\n<div class=\"wp-block-uagb-container uagb-block-02e6a164 alignfull uagb-is-root-container\"><div class=\"uagb-container-inner-blocks-wrap\">\n<div class=\"wp-block-uagb-container uagb-block-8edb6d7d\">\n<h3 class=\"wp-block-heading\">Desiderate prenotare un campeggio nei dintorni di Teich?<\/h3>\n\n\n\n<p>Scopri tutti i nostri campeggi a Bassin Arcachon:&nbsp;<a href=\"https:\/\/bassin-arcachon.com\/it\/alloggio\/alberghi+ares\/\">Ares<\/a>,&nbsp;<a href=\"https:\/\/bassin-arcachon.com\/it\/alloggio\/alberghi+arcachon\/\">Arcachon<\/a>,&nbsp;<a href=\"https:\/\/bassin-arcachon.com\/it\/alloggio\/alberghi+il-test-del-libro\/\">La Teste de Buch<\/a>,&nbsp;<a href=\"https:\/\/bassin-arcachon.com\/it\/alloggio\/alberghi+anderno\/\">Anderno<\/a>,&nbsp;<a href=\"https:\/\/bassin-arcachon.com\/it\/alloggio\/alberghi+gujan-mestras\/\">Gujan-Mestras,<\/a>&nbsp;<a href=\"https:\/\/bassin-arcachon.com\/it\/alloggio\/alberghi+cuore-pelvico\/\">Bigano,<\/a>&nbsp;<a href=\"https:\/\/bassin-arcachon.com\/it\/alloggio\/alberghi+cuore-pelvico\/\">Audenge<\/a>,<a href=\"https:\/\/bassin-arcachon.com\/it\/alloggio\/alberghi+cuore-pelvico\/\">&nbsp;lanto&nbsp;<\/a>e&nbsp;<a href=\"https:\/\/bassin-arcachon.com\/it\/alloggio\/alberghi+furetto-lege-cap\/\">Cap-Ferret<\/a>&nbsp;!<\/p>\n<\/div>\n\n\n\n<div class=\"wp-block-uagb-container uagb-block-2e52a006\">\n<div class=\"wp-block-uagb-image uagb-block-a755267c wp-block-uagb-image--layout-default wp-block-uagb-image--effect-static wp-block-uagb-image--align-none\"><figure class=\"wp-block-uagb-image__figure\"><img decoding=\"async\" srcset=\"https:\/\/bassin-arcachon.com\/wp-content\/uploads\/2018\/09\/nourri-a-lhu\u00eetre-\u00e9lev\u00e9-sous-les-pins-Bassin-dArcachon.jpg 1000w, https:\/\/bassin-arcachon.com\/wp-content\/uploads\/2018\/09\/nourri-a-lhu\u00eetre-\u00e9lev\u00e9-sous-les-pins-Bassin-dArcachon-600x400.jpg 600w, https:\/\/bassin-arcachon.com\/wp-content\/uploads\/2018\/09\/nourri-a-lhu\u00eetre-\u00e9lev\u00e9-sous-les-pins-Bassin-dArcachon-768x511.jpg 768w, https:\/\/bassin-arcachon.com\/wp-content\/uploads\/2018\/09\/nourri-a-lhu\u00eetre-\u00e9lev\u00e9-sous-les-pins-Bassin-dArcachon-18x12.jpg 18w\" sizes=\"auto, (max-width: 480px) 150px\" src=\"https:\/\/bassin-arcachon.com\/wp-content\/uploads\/2018\/09\/nourri-a-lhu\u00eetre-\u00e9lev\u00e9-sous-les-pins-Bassin-dArcachon.jpg\" alt=\"- - Bassin d&#039;Arcachon\" class=\"uag-image-26169\" width=\"1000\" height=\"666\" title=\"- - Bassin d&#039;Arcachon\" loading=\"lazy\" role=\"img\"><\/figure><\/div>\n<\/div>\n<\/div><\/div>\n\n\n\n<div style=\"height:60px\" aria-hidden=\"true\" class=\"wp-block-spacer\"><\/div>","protected":false},"excerpt":{"rendered":"<p>Nos campings au Teich avec piscine, ou \u00e0 proximit\u00e9 D\u00e9tendez-vous au bord de la piscine de votre camping dans un cadre idyllique&nbsp;! Pataugeoire pour les plus petits, jeux aquatiques pour [&hellip;]<\/p>\n","protected":false},"author":25,"featured_media":2217,"parent":392,"menu_order":1,"comment_status":"closed","ping_status":"closed","template":"","meta":{"_acf_changed":false,"_uag_custom_page_level_css":"","footnotes":""},"class_list":["post-44474","page","type-page","status-publish","has-post-thumbnail","hentry"],"acf":[],"uagb_featured_image_src":{"full":["https:\/\/bassin-arcachon.com\/wp-content\/uploads\/2017\/03\/camping-bassin-arcachon.jpg",1200,800,false],"thumbnail":["https:\/\/bassin-arcachon.com\/wp-content\/uploads\/2017\/03\/camping-bassin-arcachon-150x150.jpg",150,150,true],"medium":["https:\/\/bassin-arcachon.com\/wp-content\/uploads\/2017\/03\/camping-bassin-arcachon-600x400.jpg",600,400,true],"medium_large":["https:\/\/bassin-arcachon.com\/wp-content\/uploads\/2017\/03\/camping-bassin-arcachon-768x512.jpg",768,512,true],"large":["https:\/\/bassin-arcachon.com\/wp-content\/uploads\/2017\/03\/camping-bassin-arcachon-1024x683.jpg",1024,683,true],"1536x1536":["https:\/\/bassin-arcachon.com\/wp-content\/uploads\/2017\/03\/camping-bassin-arcachon.jpg",1200,800,false],"2048x2048":["https:\/\/bassin-arcachon.com\/wp-content\/uploads\/2017\/03\/camping-bassin-arcachon.jpg",1200,800,false],"trp-custom-language-flag":["https:\/\/bassin-arcachon.com\/wp-content\/uploads\/2017\/03\/camping-bassin-arcachon-18x12.jpg",18,12,true]},"uagb_author_info":{"display_name":"Marie Clauzel","author_link":"https:\/\/bassin-arcachon.com\/it\/author\/mariesiba\/"},"uagb_comment_info":0,"uagb_excerpt":"Nos campings au Teich avec piscine, ou \u00e0 proximit\u00e9 D\u00e9tendez-vous au bord de la piscine de votre camping dans un cadre idyllique&nbsp;! Pataugeoire pour les plus petits, jeux aquatiques pour [&hellip;]","_links":{"self":[{"href":"https:\/\/bassin-arcachon.com\/it\/wp-json\/wp\/v2\/pages\/44474","targetHints":{"allow":["GET"]}}],"collection":[{"href":"https:\/\/bassin-arcachon.com\/it\/wp-json\/wp\/v2\/pages"}],"about":[{"href":"https:\/\/bassin-arcachon.com\/it\/wp-json\/wp\/v2\/types\/page"}],"author":[{"embeddable":true,"href":"https:\/\/bassin-arcachon.com\/it\/wp-json\/wp\/v2\/users\/25"}],"replies":[{"embeddable":true,"href":"https:\/\/bassin-arcachon.com\/it\/wp-json\/wp\/v2\/comments?post=44474"}],"version-history":[{"count":2,"href":"https:\/\/bassin-arcachon.com\/it\/wp-json\/wp\/v2\/pages\/44474\/revisions"}],"predecessor-version":[{"id":68277,"href":"https:\/\/bassin-arcachon.com\/it\/wp-json\/wp\/v2\/pages\/44474\/revisions\/68277"}],"up":[{"embeddable":true,"href":"https:\/\/bassin-arcachon.com\/it\/wp-json\/wp\/v2\/pages\/392"}],"wp:featuredmedia":[{"embeddable":true,"href":"https:\/\/bassin-arcachon.com\/it\/wp-json\/wp\/v2\/media\/2217"}],"wp:attachment":[{"href":"https:\/\/bassin-arcachon.com\/it\/wp-json\/wp\/v2\/media?parent=44474"}],"curies":[{"name":"wp","href":"https:\/\/api.w.org\/{rel}","templated":true}]}}