{"id":45564,"date":"2020-07-10T14:55:02","date_gmt":"2020-07-10T12:55:02","guid":{"rendered":"https:\/\/bassin-arcachon.com\/\/?page_id=45564"},"modified":"2024-11-06T10:46:19","modified_gmt":"2024-11-06T09:46:19","slug":"i-nostri-hotel-a-la-teste-de-buch","status":"publish","type":"page","link":"https:\/\/bassin-arcachon.com\/it\/ou-dormir\/nos-hotels-a-la-teste-de-buch\/","title":{"rendered":"I nostri hotel a Teste de Buch"},"content":{"rendered":"<div class=\"wp-block-uagb-container uagb-block-558ad891 alignfull uagb-is-root-container\"><div class=\"uagb-container-inner-blocks-wrap\">\n<h2 class=\"wp-block-heading has-text-align-center\" style=\"font-size:25px\"><strong>Soggiorna in uno dei nostri hotel a La Teste-de-Buch, che offrono vista sull&#039;Bassin di Arcachon, ristorante o connessione Wi-Fi per vivere un&#039;esperienza indimenticabile vicino all&#039;Bassin di Arcachon!<\/strong><\/h2>\n<\/div><\/div>\n\n\n\n<div style=\"height:40px\" aria-hidden=\"true\" class=\"wp-block-spacer\"><\/div>\n\n\n\n<div class=\"wp-block-uagb-container uagb-block-74a47fc8 alignfull uagb-is-root-container\"><div class=\"uagb-container-inner-blocks-wrap\">\n<div class=\"wp-block-uagb-container uagb-block-b325b7a7\">\n<h2 class=\"wp-block-heading\">I nostri hotel in La Teste de Buch si affacciano su Bassin<\/h2>\n\n\n\n<p>E se il canto degli uccelli diventasse la tua nuova sveglia? Scegli un hotel a La Teste de Buch con vista sul bacino e goditi ogni mattina un vero tesoro naturale! Contempla il Banc d&#039;Arguin, i banchi di ostriche in lontananza e lasciati sorprendere ogni mattina dalla bellezza del paesaggio, ancora diverso dal giorno prima. Pranza con i piedi nella sabbia per goderti i primi raggi del mattino. Amanti della calma e della natura, troverete un piccolo angolo di paradiso su misura. Soggiorna in un hotel da sogno al La Teste de Buch con vista sul bacino!<\/p>\n\n\n\n<div class=\"wp-block-buttons is-layout-flex wp-block-buttons-is-layout-flex\">\n<div class=\"wp-block-button\"><a class=\"wp-block-button__link wp-element-button\" href=\"https:\/\/bassin-arcachon.com\/it\/alloggio\/hotelvuemer-2\/\">Hotel sul lungomare<\/a><\/div>\n<\/div>\n<\/div>\n\n\n\n<div class=\"wp-block-uagb-container uagb-block-6d45da4f\">\n<div class=\"wp-block-uagb-image uagb-block-71f09992 wp-block-uagb-image--layout-default wp-block-uagb-image--effect-static wp-block-uagb-image--align-none\"><figure class=\"wp-block-uagb-image__figure\"><img decoding=\"async\" srcset=\"https:\/\/bassin-arcachon.com\/wp-content\/uploads\/2017\/03\/regine-et-yves-cazes-la-teste-de-buch.jpg \" sizes=\"auto, (max-width: 480px) 150px\" src=\"https:\/\/bassin-arcachon.com\/wp-content\/uploads\/2017\/03\/regine-et-yves-cazes-la-teste-de-buch.jpg\" alt=\"- - Bassin d&#039;Arcachon\" class=\"uag-image-1360\" width=\"1000\" height=\"666\" title=\"- - Bassin d&#039;Arcachon\" loading=\"lazy\" role=\"img\"><\/figure><\/div>\n<\/div>\n<\/div><\/div>\n\n\n\n<div style=\"height:60px\" aria-hidden=\"true\" class=\"wp-block-spacer\"><\/div>\n\n\n\n<div class=\"wp-block-uagb-container uagb-block-92c10215 alignfull uagb-is-root-container\"><div class=\"uagb-container-inner-blocks-wrap\">\n<div class=\"wp-block-uagb-container uagb-block-1353e8c0\">\n<div class=\"wp-block-uagb-image uagb-block-a77d6d7d wp-block-uagb-image--layout-default wp-block-uagb-image--effect-static wp-block-uagb-image--align-none\"><figure class=\"wp-block-uagb-image__figure\"><img decoding=\"async\" srcset=\"https:\/\/bassin-arcachon.com\/wp-content\/uploads\/2017\/11\/oyster-1758592_960_720.jpg \" sizes=\"auto, (max-width: 480px) 150px\" src=\"https:\/\/bassin-arcachon.com\/wp-content\/uploads\/2017\/11\/oyster-1758592_960_720.jpg\" alt=\"- - Bassin d&#039;Arcachon\" class=\"uag-image-10744\" width=\"960\" height=\"640\" title=\"- - Bassin d&#039;Arcachon\" loading=\"lazy\" role=\"img\"><\/figure><\/div>\n<\/div>\n\n\n\n<div class=\"wp-block-uagb-container uagb-block-981f2d61\">\n<h2 class=\"wp-block-heading\">I nostri hotel a La Teste de Buch con ristorante<\/h2>\n\n\n\n<p>Dormire bene e mangiare bene nello stesso posto \u00e8 possibile! Assapora le specialit\u00e0 regionali del Bassin d&#039;Arcachon in uno dei nostri hotel con ristorante al La Teste de Buch! Assapora le prelibatezze locali e la raffinata cucina dello chef che rinnova il suo menu in base agli arrivi del giorno. Qualit\u00e0 dei servizi, freschezza dei prodotti e sapori autentici: il tuo palato chieder\u00e0 di pi\u00f9! Fai la scelta del buon gusto e opta per un hotel con ristorante a La Teste de Buch!<\/p>\n\n\n\n<div class=\"wp-block-buttons is-layout-flex wp-block-buttons-is-layout-flex\">\n<div class=\"wp-block-button\"><a class=\"wp-block-button__link wp-element-button\" href=\"https:\/\/bassin-arcachon.com\/it\/alloggio\/alberghi-e-ristoranti\/\">Alberghi con ristoranti<\/a><\/div>\n<\/div>\n<\/div>\n<\/div><\/div>\n\n\n\n<div style=\"height:60px\" aria-hidden=\"true\" class=\"wp-block-spacer\"><\/div>\n\n\n\n<div class=\"wp-block-uagb-container uagb-block-ccb6d5cd alignfull uagb-is-root-container\"><div class=\"uagb-container-inner-blocks-wrap\">\n<div class=\"wp-block-uagb-container uagb-block-05fd5305\">\n<h2 class=\"wp-block-heading\">I nostri hotel a La Teste de Buch con Wifi<\/h2>\n\n\n\n<p>Che ne dici di organizzare una gita in barca con gli amici a La Teste de Buch? Grazie al Wifi dell&#039;hotel, rimani connesso durante le tue vacanze! Resta in contatto con la tua community per non perderti le ultime tendenze. Pubblica le tue foto migliori e condividi i tuoi momenti migliori con chi ami. Un soggiorno ricco di attivit\u00e0? Pianifica la tua fuga comodamente dalla tua camera optando per un hotel con Wifi a La Teste de Buch!<\/p>\n\n\n\n<div class=\"wp-block-buttons is-layout-flex wp-block-buttons-is-layout-flex\">\n<div class=\"wp-block-button\"><a class=\"wp-block-button__link wp-element-button\" href=\"https:\/\/bassin-arcachon.com\/it\/alloggio\/hotel-e-wifi\/\">Hotel con Wi-Fi<\/a><\/div>\n<\/div>\n<\/div>\n\n\n\n<div class=\"wp-block-uagb-container uagb-block-596a3cd8\">\n<div class=\"wp-block-uagb-image uagb-block-afbba182 wp-block-uagb-image--layout-default wp-block-uagb-image--effect-static wp-block-uagb-image--align-none\"><figure class=\"wp-block-uagb-image__figure\"><img decoding=\"async\" srcset=\"https:\/\/bassin-arcachon.com\/wp-content\/uploads\/2017\/04\/Modif-Marion-6-e1674026597644.jpg \" sizes=\"auto, (max-width: 480px) 150px\" src=\"https:\/\/bassin-arcachon.com\/wp-content\/uploads\/2017\/04\/Modif-Marion-6-e1674026597644.jpg\" alt=\"Wi-Fi Lanton\" class=\"uag-image-7364\" width=\"542\" height=\"368\" title=\"- - Bassin d&#039;Arcachon\" loading=\"lazy\" role=\"img\"><\/figure><\/div>\n<\/div>\n<\/div><\/div>\n\n\n\n<div style=\"height:60px\" aria-hidden=\"true\" class=\"wp-block-spacer\"><\/div>\n\n\n\n<div class=\"wp-block-uagb-container uagb-block-0817f2fc alignfull uagb-is-root-container\">\n<div class=\"wp-block-cover is-light has-parallax\"><span aria-hidden=\"true\" class=\"wp-block-cover__background has-background-dim-0 has-background-dim\"><\/span><div class=\"wp-block-cover__image-background wp-image-1345 has-parallax\" style=\"background-position:50% 50%;background-image:url(https:\/\/bassin-arcachon.com\/wp-content\/uploads\/2017\/03\/Camping-Panorama-du-Pyla-cottage-vue-mer-coin-farniente.jpg)\"><\/div><div class=\"wp-block-cover__inner-container is-layout-flow wp-block-cover-is-layout-flow\">\n<div class=\"wp-block-uagb-container uagb-block-a6864bad\">\n<h2 class=\"wp-block-heading has-text-align-center has-white-color has-text-color has-large-font-size\">Trascorrete comodamente le vostre vacanze in uno degli hotel Bassin ad Arcachon<\/h2>\n\n\n\n<p class=\"has-text-align-center has-white-color has-text-color\"><a href=\"https:\/\/bassin-arcachon.com\/it\/alloggio\/alberghi\/\">INIZIA LA TUA RICERCA<\/a><\/p>\n<\/div>\n<\/div><\/div>\n<\/div>\n\n\n\n<div style=\"height:60px\" aria-hidden=\"true\" class=\"wp-block-spacer\"><\/div>\n\n\n\n<div class=\"wp-block-uagb-container uagb-block-67970557 alignfull uagb-is-root-container\"><div class=\"uagb-container-inner-blocks-wrap\">\n<div class=\"wp-block-uagb-container uagb-block-dd7dcc04\">\n<h3 class=\"wp-block-heading\">Vuoi prenotare un hotel intorno a La Teste de Buch?<\/h3>\n\n\n\n<p>Scopri tutti i nostri hotel a Bassin Arcachon:&nbsp;<a href=\"https:\/\/bassin-arcachon.com\/it\/alloggio\/alberghi+ares\/\">Ares<\/a>,&nbsp;<a href=\"https:\/\/bassin-arcachon.com\/it\/alloggio\/alberghi+arcachon\/\">Arcachon<\/a>,&nbsp;<a href=\"https:\/\/bassin-arcachon.com\/it\/alloggio\/alberghi+il-teico\/\">Le Teich<\/a>,&nbsp;<a href=\"https:\/\/bassin-arcachon.com\/it\/alloggio\/alberghi+anderno\/\">Anderno<\/a>,&nbsp;<a href=\"https:\/\/bassin-arcachon.com\/it\/alloggio\/alberghi+gujan-mestras\/\">Gujan-Mestras,<\/a>&nbsp;<a href=\"https:\/\/bassin-arcachon.com\/it\/alloggio\/alberghi+cuore-pelvico\/\">Bigano,<\/a>&nbsp;<a href=\"https:\/\/bassin-arcachon.com\/it\/alloggio\/alberghi+cuore-pelvico\/\">Audenge<\/a>,<a href=\"https:\/\/bassin-arcachon.com\/it\/alloggio\/alberghi+cuore-pelvico\/\">&nbsp;lanto&nbsp;<\/a>e&nbsp;<a href=\"https:\/\/bassin-arcachon.com\/it\/alloggio\/alberghi+furetto-lege-cap\/\">Cap-Ferret<\/a>&nbsp;!<\/p>\n<\/div>\n\n\n\n<div class=\"wp-block-uagb-container uagb-block-dd7a49a4\">\n<div class=\"wp-block-uagb-image uagb-block-349829c0 wp-block-uagb-image--layout-default wp-block-uagb-image--effect-static wp-block-uagb-image--align-none\"><figure class=\"wp-block-uagb-image__figure\"><img decoding=\"async\" srcset=\"https:\/\/bassin-arcachon.com\/wp-content\/uploads\/2018\/09\/nourri-a-lhu\u00eetre-\u00e9lev\u00e9-sous-les-pins-Bassin-dArcachon.jpg 1000w, https:\/\/bassin-arcachon.com\/wp-content\/uploads\/2018\/09\/nourri-a-lhu\u00eetre-\u00e9lev\u00e9-sous-les-pins-Bassin-dArcachon-600x400.jpg 600w, https:\/\/bassin-arcachon.com\/wp-content\/uploads\/2018\/09\/nourri-a-lhu\u00eetre-\u00e9lev\u00e9-sous-les-pins-Bassin-dArcachon-768x511.jpg 768w, https:\/\/bassin-arcachon.com\/wp-content\/uploads\/2018\/09\/nourri-a-lhu\u00eetre-\u00e9lev\u00e9-sous-les-pins-Bassin-dArcachon-18x12.jpg 18w\" sizes=\"auto, (max-width: 480px) 150px\" src=\"https:\/\/bassin-arcachon.com\/wp-content\/uploads\/2018\/09\/nourri-a-lhu\u00eetre-\u00e9lev\u00e9-sous-les-pins-Bassin-dArcachon.jpg\" alt=\"- - Bassin d&#039;Arcachon\" class=\"uag-image-26169\" width=\"1000\" height=\"666\" title=\"- - Bassin d&#039;Arcachon\" loading=\"lazy\" role=\"img\"><\/figure><\/div>\n<\/div>\n<\/div><\/div>\n\n\n\n<div style=\"height:60px\" aria-hidden=\"true\" class=\"wp-block-spacer\"><\/div>","protected":false},"excerpt":{"rendered":"<p>S\u00e9journez dans l&rsquo;un de nos h\u00f4tels \u00e0 La Teste-de-Buch, offrant une vue sur le Bassin d\u2019Arcachon, un restaurant, ou une connexion Wi-Fi pour une exp\u00e9rience inoubliable pr\u00e8s du Bassin d&rsquo;Arcachon [&hellip;]<\/p>\n","protected":false},"author":25,"featured_media":2217,"parent":43,"menu_order":1,"comment_status":"closed","ping_status":"closed","template":"","meta":{"_acf_changed":false,"_uag_custom_page_level_css":"","footnotes":""},"class_list":["post-45564","page","type-page","status-publish","has-post-thumbnail","hentry"],"acf":[],"uagb_featured_image_src":{"full":["https:\/\/bassin-arcachon.com\/wp-content\/uploads\/2017\/03\/camping-bassin-arcachon.jpg",1200,800,false],"thumbnail":["https:\/\/bassin-arcachon.com\/wp-content\/uploads\/2017\/03\/camping-bassin-arcachon-150x150.jpg",150,150,true],"medium":["https:\/\/bassin-arcachon.com\/wp-content\/uploads\/2017\/03\/camping-bassin-arcachon-600x400.jpg",600,400,true],"medium_large":["https:\/\/bassin-arcachon.com\/wp-content\/uploads\/2017\/03\/camping-bassin-arcachon-768x512.jpg",768,512,true],"large":["https:\/\/bassin-arcachon.com\/wp-content\/uploads\/2017\/03\/camping-bassin-arcachon-1024x683.jpg",1024,683,true],"1536x1536":["https:\/\/bassin-arcachon.com\/wp-content\/uploads\/2017\/03\/camping-bassin-arcachon.jpg",1200,800,false],"2048x2048":["https:\/\/bassin-arcachon.com\/wp-content\/uploads\/2017\/03\/camping-bassin-arcachon.jpg",1200,800,false],"trp-custom-language-flag":["https:\/\/bassin-arcachon.com\/wp-content\/uploads\/2017\/03\/camping-bassin-arcachon-18x12.jpg",18,12,true]},"uagb_author_info":{"display_name":"Marie Clauzel","author_link":"https:\/\/bassin-arcachon.com\/it\/author\/mariesiba\/"},"uagb_comment_info":0,"uagb_excerpt":"S\u00e9journez dans l&rsquo;un de nos h\u00f4tels \u00e0 La Teste-de-Buch, offrant une vue sur le Bassin d\u2019Arcachon, un restaurant, ou une connexion Wi-Fi pour une exp\u00e9rience inoubliable pr\u00e8s du Bassin d&rsquo;Arcachon [&hellip;]","_links":{"self":[{"href":"https:\/\/bassin-arcachon.com\/it\/wp-json\/wp\/v2\/pages\/45564","targetHints":{"allow":["GET"]}}],"collection":[{"href":"https:\/\/bassin-arcachon.com\/it\/wp-json\/wp\/v2\/pages"}],"about":[{"href":"https:\/\/bassin-arcachon.com\/it\/wp-json\/wp\/v2\/types\/page"}],"author":[{"embeddable":true,"href":"https:\/\/bassin-arcachon.com\/it\/wp-json\/wp\/v2\/users\/25"}],"replies":[{"embeddable":true,"href":"https:\/\/bassin-arcachon.com\/it\/wp-json\/wp\/v2\/comments?post=45564"}],"version-history":[{"count":2,"href":"https:\/\/bassin-arcachon.com\/it\/wp-json\/wp\/v2\/pages\/45564\/revisions"}],"predecessor-version":[{"id":68235,"href":"https:\/\/bassin-arcachon.com\/it\/wp-json\/wp\/v2\/pages\/45564\/revisions\/68235"}],"up":[{"embeddable":true,"href":"https:\/\/bassin-arcachon.com\/it\/wp-json\/wp\/v2\/pages\/43"}],"wp:featuredmedia":[{"embeddable":true,"href":"https:\/\/bassin-arcachon.com\/it\/wp-json\/wp\/v2\/media\/2217"}],"wp:attachment":[{"href":"https:\/\/bassin-arcachon.com\/it\/wp-json\/wp\/v2\/media?parent=45564"}],"curies":[{"name":"wp","href":"https:\/\/api.w.org\/{rel}","templated":true}]}}