{"id":47827,"date":"2020-10-02T16:50:00","date_gmt":"2020-10-02T14:50:00","guid":{"rendered":"https:\/\/bassin-arcachon.com\/\/?page_id=47827"},"modified":"2024-09-02T10:48:49","modified_gmt":"2024-09-02T08:48:49","slug":"seminari-primavera-estate","status":"publish","type":"page","link":"https:\/\/bassin-arcachon.com\/it\/seminaires-congres\/offres-seminaires\/seminaires-printemps-ete\/","title":{"rendered":"Offerta seminario primavera-estate"},"content":{"rendered":"<div class=\"wp-block-uagb-container uagb-block-0ea5979c alignfull uagb-is-root-container\"><div class=\"uagb-container-inner-blocks-wrap\">\n<div class=\"wp-block-uagb-container uagb-block-398d3243\">\t\t\t\t\t<div\n\t\t\t\t\t\tclass=\"wp-block-uagb-image-gallery uagb-block-160d9f1f\"\n\t\t\t\t\t\tstyle=\"\"\n\t\t\t\t\t>\n\t\t\t\t\t\t\t\t\t\t\t<div class=\"spectra-image-gallery spectra-image-gallery__layout--carousel\">\n\t\t\t\t\t\t\t\t<div class=\"uagb-slick-carousel uagb-block-160d9f1f\">\n\t\t\t\t\t\t\t\t\t\t\t\t<div class='spectra-image-gallery__media-wrapper' data-spectra-gallery-image-id='47831'>\n\t\t\t\t\t\t\t<div class=\"spectra-image-gallery__media spectra-image-gallery__media--carousel\">\n\t\t\t\t<picture>\n\t\t\t\t\t<source media=\"(min-width: 1024px)\" srcset=\"https:\/\/bassin-arcachon.com\/wp-content\/uploads\/2020\/09\/cabanes-tchanqu\u00e9es-scaled-1024x686.jpg\">\n\t\t\t\t\t<source media=\"(min-width: 768px)\" srcset=\"https:\/\/bassin-arcachon.com\/wp-content\/uploads\/2020\/09\/cabanes-tchanqu\u00e9es-scaled-1024x686.jpg\">\n\t\t\t\t\t<img decoding=\"async\" class=\"spectra-image-gallery__media-thumbnail spectra-image-gallery__media-thumbnail--carousel\" src=\"https:\/\/bassin-arcachon.com\/wp-content\/uploads\/2020\/09\/cabanes-tchanqu\u00e9es-scaled-300x201.jpg\" alt=\"- - Bassin d&#039;Arcachon\" loading=\"lazy\" title=\"- - Bassin d&#039;Arcachon\">\n\t\t\t\t<\/picture>\n\t\t\t\t<div class=\"spectra-image-gallery__media-thumbnail-blurrer\"><\/div>\n\t\t\t\t\t\t\t\t\t\t\t<div class=\"spectra-image-gallery__media-thumbnail-caption-wrapper spectra-image-gallery__media-thumbnail-caption-wrapper--overlay\"><\/div>\n\t\t\t\t\t\t\t\t<\/div>\n\t\t\t\t\t\t<\/div>\n\t\t\t\t\t\t<div class='spectra-image-gallery__media-wrapper' data-spectra-gallery-image-id='47832'>\n\t\t\t\t\t\t\t<div class=\"spectra-image-gallery__media spectra-image-gallery__media--carousel\">\n\t\t\t\t<picture>\n\t\t\t\t\t<source media=\"(min-width: 1024px)\" srcset=\"https:\/\/bassin-arcachon.com\/wp-content\/uploads\/2020\/09\/les-halles-darcachon-1024x682.jpg\">\n\t\t\t\t\t<source media=\"(min-width: 768px)\" srcset=\"https:\/\/bassin-arcachon.com\/wp-content\/uploads\/2020\/09\/les-halles-darcachon-1024x682.jpg\">\n\t\t\t\t\t<img decoding=\"async\" class=\"spectra-image-gallery__media-thumbnail spectra-image-gallery__media-thumbnail--carousel\" src=\"https:\/\/bassin-arcachon.com\/wp-content\/uploads\/2020\/09\/les-halles-darcachon-300x200.jpg\" alt=\"- - Bassin d&#039;Arcachon\" loading=\"lazy\" title=\"- - Bassin d&#039;Arcachon\">\n\t\t\t\t<\/picture>\n\t\t\t\t<div class=\"spectra-image-gallery__media-thumbnail-blurrer\"><\/div>\n\t\t\t\t\t\t\t\t\t\t\t<div class=\"spectra-image-gallery__media-thumbnail-caption-wrapper spectra-image-gallery__media-thumbnail-caption-wrapper--overlay\"><\/div>\n\t\t\t\t\t\t\t\t<\/div>\n\t\t\t\t\t\t<\/div>\n\t\t\t\t\t\t<div class='spectra-image-gallery__media-wrapper' data-spectra-gallery-image-id='47833'>\n\t\t\t\t\t\t\t<div class=\"spectra-image-gallery__media spectra-image-gallery__media--carousel\">\n\t\t\t\t<picture>\n\t\t\t\t\t<source media=\"(min-width: 1024px)\" srcset=\"https:\/\/bassin-arcachon.com\/wp-content\/uploads\/2020\/09\/le-cote-dargent-catamaran-1024x683.jpg\">\n\t\t\t\t\t<source media=\"(min-width: 768px)\" srcset=\"https:\/\/bassin-arcachon.com\/wp-content\/uploads\/2020\/09\/le-cote-dargent-catamaran-1024x683.jpg\">\n\t\t\t\t\t<img decoding=\"async\" class=\"spectra-image-gallery__media-thumbnail spectra-image-gallery__media-thumbnail--carousel\" src=\"https:\/\/bassin-arcachon.com\/wp-content\/uploads\/2020\/09\/le-cote-dargent-catamaran-300x200.jpg\" alt=\"- - Bassin d&#039;Arcachon\" loading=\"lazy\" title=\"- - Bassin d&#039;Arcachon\">\n\t\t\t\t<\/picture>\n\t\t\t\t<div class=\"spectra-image-gallery__media-thumbnail-blurrer\"><\/div>\n\t\t\t\t\t\t\t\t\t\t\t<div class=\"spectra-image-gallery__media-thumbnail-caption-wrapper spectra-image-gallery__media-thumbnail-caption-wrapper--overlay\"><\/div>\n\t\t\t\t\t\t\t\t<\/div>\n\t\t\t\t\t\t<\/div>\n\t\t\t\t\t\t<div class='spectra-image-gallery__media-wrapper' data-spectra-gallery-image-id='47830'>\n\t\t\t\t\t\t\t<div class=\"spectra-image-gallery__media spectra-image-gallery__media--carousel\">\n\t\t\t\t<picture>\n\t\t\t\t\t<source media=\"(min-width: 1024px)\" srcset=\"https:\/\/bassin-arcachon.com\/wp-content\/uploads\/2020\/09\/arcachon-1024x683.jpg\">\n\t\t\t\t\t<source media=\"(min-width: 768px)\" srcset=\"https:\/\/bassin-arcachon.com\/wp-content\/uploads\/2020\/09\/arcachon-1024x683.jpg\">\n\t\t\t\t\t<img decoding=\"async\" class=\"spectra-image-gallery__media-thumbnail spectra-image-gallery__media-thumbnail--carousel\" src=\"https:\/\/bassin-arcachon.com\/wp-content\/uploads\/2020\/09\/arcachon-300x200.jpg\" alt=\"- - Bassin d&#039;Arcachon\" loading=\"lazy\" title=\"- - Bassin d&#039;Arcachon\">\n\t\t\t\t<\/picture>\n\t\t\t\t<div class=\"spectra-image-gallery__media-thumbnail-blurrer\"><\/div>\n\t\t\t\t\t\t\t\t\t\t\t<div class=\"spectra-image-gallery__media-thumbnail-caption-wrapper spectra-image-gallery__media-thumbnail-caption-wrapper--overlay\"><\/div>\n\t\t\t\t\t\t\t\t<\/div>\n\t\t\t\t\t\t<\/div>\n\t\t\t\t\t\t<div class='spectra-image-gallery__media-wrapper' data-spectra-gallery-image-id='47881'>\n\t\t\t\t\t\t\t<div class=\"spectra-image-gallery__media spectra-image-gallery__media--carousel\">\n\t\t\t\t<picture>\n\t\t\t\t\t<source media=\"(min-width: 1024px)\" srcset=\"https:\/\/bassin-arcachon.com\/wp-content\/uploads\/2020\/09\/tente-plage-arcachon-palais-des-congr\u00e8s-1024x682.jpg\">\n\t\t\t\t\t<source media=\"(min-width: 768px)\" srcset=\"https:\/\/bassin-arcachon.com\/wp-content\/uploads\/2020\/09\/tente-plage-arcachon-palais-des-congr\u00e8s-1024x682.jpg\">\n\t\t\t\t\t<img decoding=\"async\" class=\"spectra-image-gallery__media-thumbnail spectra-image-gallery__media-thumbnail--carousel\" src=\"https:\/\/bassin-arcachon.com\/wp-content\/uploads\/2020\/09\/tente-plage-arcachon-palais-des-congr\u00e8s-300x200.jpg\" alt=\"- - Bassin d&#039;Arcachon\" loading=\"lazy\" title=\"- - Bassin d&#039;Arcachon\">\n\t\t\t\t<\/picture>\n\t\t\t\t<div class=\"spectra-image-gallery__media-thumbnail-blurrer\"><\/div>\n\t\t\t\t\t\t\t\t\t\t\t<div class=\"spectra-image-gallery__media-thumbnail-caption-wrapper spectra-image-gallery__media-thumbnail-caption-wrapper--overlay\"><\/div>\n\t\t\t\t\t\t\t\t<\/div>\n\t\t\t\t\t\t<\/div>\n\t\t\t\t\t\t<div class='spectra-image-gallery__media-wrapper' data-spectra-gallery-image-id='47834'>\n\t\t\t\t\t\t\t<div class=\"spectra-image-gallery__media spectra-image-gallery__media--carousel\">\n\t\t\t\t<picture>\n\t\t\t\t\t<source media=\"(min-width: 1024px)\" srcset=\"https:\/\/bassin-arcachon.com\/wp-content\/uploads\/2020\/09\/gyrocap-cap-ferret-scaled-1024x768.jpg\">\n\t\t\t\t\t<source media=\"(min-width: 768px)\" srcset=\"https:\/\/bassin-arcachon.com\/wp-content\/uploads\/2020\/09\/gyrocap-cap-ferret-scaled-1024x768.jpg\">\n\t\t\t\t\t<img decoding=\"async\" class=\"spectra-image-gallery__media-thumbnail spectra-image-gallery__media-thumbnail--carousel\" src=\"https:\/\/bassin-arcachon.com\/wp-content\/uploads\/2020\/09\/gyrocap-cap-ferret-scaled-300x225.jpg\" alt=\"- - Bassin d&#039;Arcachon\" loading=\"lazy\" title=\"- - Bassin d&#039;Arcachon\">\n\t\t\t\t<\/picture>\n\t\t\t\t<div class=\"spectra-image-gallery__media-thumbnail-blurrer\"><\/div>\n\t\t\t\t\t\t\t\t\t\t\t<div class=\"spectra-image-gallery__media-thumbnail-caption-wrapper spectra-image-gallery__media-thumbnail-caption-wrapper--overlay\"><\/div>\n\t\t\t\t\t\t\t\t<\/div>\n\t\t\t\t\t\t<\/div>\n\t\t\t\t\t\t<div class='spectra-image-gallery__media-wrapper' data-spectra-gallery-image-id='47828'>\n\t\t\t\t\t\t\t<div class=\"spectra-image-gallery__media spectra-image-gallery__media--carousel\">\n\t\t\t\t<picture>\n\t\t\t\t\t<source media=\"(min-width: 1024px)\" srcset=\"https:\/\/bassin-arcachon.com\/wp-content\/uploads\/2020\/09\/traiteur-s\u00e9minaire-prestation-arcachon-1024x682.jpg\">\n\t\t\t\t\t<source media=\"(min-width: 768px)\" srcset=\"https:\/\/bassin-arcachon.com\/wp-content\/uploads\/2020\/09\/traiteur-s\u00e9minaire-prestation-arcachon-1024x682.jpg\">\n\t\t\t\t\t<img decoding=\"async\" class=\"spectra-image-gallery__media-thumbnail spectra-image-gallery__media-thumbnail--carousel\" src=\"https:\/\/bassin-arcachon.com\/wp-content\/uploads\/2020\/09\/traiteur-s\u00e9minaire-prestation-arcachon-300x200.jpg\" alt=\"- - Bassin d&#039;Arcachon\" loading=\"lazy\" title=\"- - Bassin d&#039;Arcachon\">\n\t\t\t\t<\/picture>\n\t\t\t\t<div class=\"spectra-image-gallery__media-thumbnail-blurrer\"><\/div>\n\t\t\t\t\t\t\t\t\t\t\t<div class=\"spectra-image-gallery__media-thumbnail-caption-wrapper spectra-image-gallery__media-thumbnail-caption-wrapper--overlay\"><\/div>\n\t\t\t\t\t\t\t\t<\/div>\n\t\t\t\t\t\t<\/div>\n\t\t\t\t\t\t<div class='spectra-image-gallery__media-wrapper' data-spectra-gallery-image-id='47768'>\n\t\t\t\t\t\t\t<div class=\"spectra-image-gallery__media spectra-image-gallery__media--carousel\">\n\t\t\t\t<picture>\n\t\t\t\t\t<source media=\"(min-width: 1024px)\" srcset=\"https:\/\/bassin-arcachon.com\/wp-content\/uploads\/2020\/09\/dune-pilat-SIBA-agence-les-conteurs-132-1024x682.jpg\">\n\t\t\t\t\t<source media=\"(min-width: 768px)\" srcset=\"https:\/\/bassin-arcachon.com\/wp-content\/uploads\/2020\/09\/dune-pilat-SIBA-agence-les-conteurs-132-1024x682.jpg\">\n\t\t\t\t\t<img decoding=\"async\" class=\"spectra-image-gallery__media-thumbnail spectra-image-gallery__media-thumbnail--carousel\" src=\"https:\/\/bassin-arcachon.com\/wp-content\/uploads\/2020\/09\/dune-pilat-SIBA-agence-les-conteurs-132-300x200.jpg\" alt=\"- - Bassin d&#039;Arcachon\" loading=\"lazy\" title=\"- - Bassin d&#039;Arcachon\">\n\t\t\t\t<\/picture>\n\t\t\t\t<div class=\"spectra-image-gallery__media-thumbnail-blurrer\"><\/div>\n\t\t\t\t\t\t\t\t\t\t\t<div class=\"spectra-image-gallery__media-thumbnail-caption-wrapper spectra-image-gallery__media-thumbnail-caption-wrapper--overlay\"><\/div>\n\t\t\t\t\t\t\t\t<\/div>\n\t\t\t\t\t\t<\/div>\n\t\t\t\t\t\t\t\t\t\t\t<\/div>\n\t\t\t\t\t\t\t<\/div>\n\t\t\t\t\t\t\t\t\t\t\t<\/div>\n\t\t\t\t\t\t\t\t\t<\/div>\n\n\n\n<div class=\"wp-block-uagb-container uagb-block-ee2f61c6\">\n<div class=\"wp-block-uagb-container uagb-block-26e5e0b4\">\n<p class=\"has-white-color has-text-color\">Un assaggio delle vacanze<br><br>Un patrimonio naturale eccezionale e protetto<br><br>Tariffe convenienti<br><br>Incentivare la coesione del team<br><br>Convivialit\u00e0 scoperta eco-responsabile<\/p>\n<\/div>\n\n\n\n<div class=\"wp-block-uagb-container uagb-block-565c6faf\">\n<h4 class=\"wp-block-heading\">Contattaci<\/h4>\n\n\n\n<p class=\"has-black-color has-text-color\"><a href=\"mailto:mice@siba-bassin-arcachon.fr\">mice@siba-bassin-arcachon.fr<\/a><\/p>\n<\/div>\n<\/div>\n<\/div><\/div>\n\n\n\n<div style=\"height:40px\" aria-hidden=\"true\" class=\"wp-block-spacer\"><\/div>\n\n\n\n<div class=\"wp-block-uagb-container uagb-block-33a3bfa9 alignfull uagb-is-root-container\"><div class=\"uagb-container-inner-blocks-wrap\">\n<div class=\"wp-block-uagb-container uagb-block-f84304c9\">\n<h3 class=\"wp-block-heading\">Programma suggerito<\/h3>\n\n\n\n<h3 class=\"wp-block-heading\">Giorno 1<strong><\/strong><\/h3>\n\n\n\n<ul class=\"wp-block-list\">\n<li>Arrivo dei partecipanti in mattinata<\/li>\n\n\n\n<li>Installazione a<strong>albergo sul mare&nbsp;<\/strong>o a&nbsp;<strong>cuore della pineta<\/strong>.<\/li>\n\n\n\n<li>Pranzo a buffet di specialit\u00e0 locali<\/li>\n\n\n\n<li>Riunione di lavoro a bordo a&nbsp;<strong>barca privatizzata<\/strong>&nbsp;appositamente per il tuo gruppo (massimo 120 persone)<\/li>\n\n\n\n<li><strong>Cocktail della cena<\/strong>&nbsp;sotto una struttura installata su una spiaggia di Bassin*<\/li>\n<\/ul>\n\n\n\n<p>Per accedere all&#039;elenco di&nbsp;<a href=\"https:\/\/fr.calameo.com\/read\/0000244211152a79deb84\" target=\"_blank\" rel=\"noreferrer noopener\">stabilimenti&nbsp;<strong>Topi Arcachon Bassin<\/strong>,&nbsp;<strong>Clicca qui<\/strong><\/a><\/p>\n\n\n\n<h3 class=\"wp-block-heading\">GIORNO 2<strong><\/strong><\/h3>\n\n\n\n<ul class=\"wp-block-list\">\n<li>Buffet di colazione<\/li>\n\n\n\n<li>Riunione di lavoro e pausa caff\u00e8 a base di prodotti locali<\/li>\n\n\n\n<li>Pranzo in albergo<\/li>\n\n\n\n<li>Pomeriggio dedicato ad a&nbsp;<strong>olimpiade<\/strong>&nbsp;<strong>gigantessa sulla spiaggia<\/strong><\/li>\n<\/ul>\n\n\n\n<p><strong>DOVE<\/strong><\/p>\n\n\n\n<ul class=\"wp-block-list\">\n<li>Scoperta del&nbsp;<strong>Duna di Pilat<\/strong>, con una guida turistica.<\/li>\n\n\n\n<li>Partenza dei partecipanti a fine giornata.<\/li>\n<\/ul>\n\n\n\n<p>Le attivit\u00e0 unificanti offerte in questo programma sono citate come esempi. Scopri il&nbsp;<a href=\"https:\/\/fr.calameo.com\/read\/000024421f9dbe748c813\" target=\"_blank\" rel=\"noreferrer noopener\"><strong>agenzie entranti<\/strong>&nbsp;nella guida dell&#039;organizzatore di Arcachon Bassin cliccando qui<\/a><em>.<\/em><\/p>\n\n\n\n<p><em>*previo accordo del Comune per l&#039;uso del demanio pubblico.<\/em><\/p>\n<\/div>\n\n\n\n<div class=\"wp-block-uagb-container uagb-block-027130f5\"><\/div>\n<\/div><\/div>\n\n\n\n<div style=\"height:60px\" aria-hidden=\"true\" class=\"wp-block-spacer\"><\/div>","protected":false},"excerpt":{"rendered":"<p>Un avant go\u00fbt des vacances Un patrimoine naturel exceptionnel et prot\u00e9g\u00e9 Tarifs abordables Coh\u00e9sion d&rsquo;\u00e9quipe incentive Convivialit\u00e9 d\u00e9couverte \u00e9co-responsable Nous contacter mice@siba-bassin-arcachon.fr Suggestion de programme Jour 1 Pour acc\u00e9der \u00e0 [&hellip;]<\/p>\n","protected":false},"author":12,"featured_media":47822,"parent":47807,"menu_order":0,"comment_status":"closed","ping_status":"closed","template":"","meta":{"_acf_changed":false,"_uag_custom_page_level_css":"","footnotes":""},"class_list":["post-47827","page","type-page","status-publish","has-post-thumbnail","hentry"],"acf":[],"uagb_featured_image_src":{"full":["https:\/\/bassin-arcachon.com\/wp-content\/uploads\/2020\/09\/IMG_0120.jpg",1920,1280,false],"thumbnail":["https:\/\/bassin-arcachon.com\/wp-content\/uploads\/2020\/09\/IMG_0120-150x150.jpg",150,150,true],"medium":["https:\/\/bassin-arcachon.com\/wp-content\/uploads\/2020\/09\/IMG_0120-600x400.jpg",600,400,true],"medium_large":["https:\/\/bassin-arcachon.com\/wp-content\/uploads\/2020\/09\/IMG_0120-768x512.jpg",768,512,true],"large":["https:\/\/bassin-arcachon.com\/wp-content\/uploads\/2020\/09\/IMG_0120-1024x683.jpg",1024,683,true],"1536x1536":["https:\/\/bassin-arcachon.com\/wp-content\/uploads\/2020\/09\/IMG_0120-1536x1024.jpg",1536,1024,true],"2048x2048":["https:\/\/bassin-arcachon.com\/wp-content\/uploads\/2020\/09\/IMG_0120.jpg",1920,1280,false],"trp-custom-language-flag":["https:\/\/bassin-arcachon.com\/wp-content\/uploads\/2020\/09\/IMG_0120-18x12.jpg",18,12,true]},"uagb_author_info":{"display_name":"Marine, habitante du Bassin d'Arcachon","author_link":"https:\/\/bassin-arcachon.com\/it\/author\/marinesiba\/"},"uagb_comment_info":0,"uagb_excerpt":"Un avant go\u00fbt des vacances Un patrimoine naturel exceptionnel et prot\u00e9g\u00e9 Tarifs abordables Coh\u00e9sion d&rsquo;\u00e9quipe incentive Convivialit\u00e9 d\u00e9couverte \u00e9co-responsable Nous contacter mice@siba-bassin-arcachon.fr Suggestion de programme Jour 1 Pour acc\u00e9der \u00e0 [&hellip;]","_links":{"self":[{"href":"https:\/\/bassin-arcachon.com\/it\/wp-json\/wp\/v2\/pages\/47827","targetHints":{"allow":["GET"]}}],"collection":[{"href":"https:\/\/bassin-arcachon.com\/it\/wp-json\/wp\/v2\/pages"}],"about":[{"href":"https:\/\/bassin-arcachon.com\/it\/wp-json\/wp\/v2\/types\/page"}],"author":[{"embeddable":true,"href":"https:\/\/bassin-arcachon.com\/it\/wp-json\/wp\/v2\/users\/12"}],"replies":[{"embeddable":true,"href":"https:\/\/bassin-arcachon.com\/it\/wp-json\/wp\/v2\/comments?post=47827"}],"version-history":[{"count":0,"href":"https:\/\/bassin-arcachon.com\/it\/wp-json\/wp\/v2\/pages\/47827\/revisions"}],"up":[{"embeddable":true,"href":"https:\/\/bassin-arcachon.com\/it\/wp-json\/wp\/v2\/pages\/47807"}],"wp:featuredmedia":[{"embeddable":true,"href":"https:\/\/bassin-arcachon.com\/it\/wp-json\/wp\/v2\/media\/47822"}],"wp:attachment":[{"href":"https:\/\/bassin-arcachon.com\/it\/wp-json\/wp\/v2\/media?parent=47827"}],"curies":[{"name":"wp","href":"https:\/\/api.w.org\/{rel}","templated":true}]}}