{"id":47910,"date":"2020-10-02T17:01:39","date_gmt":"2020-10-02T15:01:39","guid":{"rendered":"https:\/\/bassin-arcachon.com\/\/?page_id=47910"},"modified":"2024-09-02T10:46:57","modified_gmt":"2024-09-02T08:46:57","slug":"programma-di-codifica","status":"publish","type":"page","link":"https:\/\/bassin-arcachon.com\/it\/seminaires-congres\/offres-codir\/programme-codir\/","title":{"rendered":"Suggerimento del programma Codir"},"content":{"rendered":"<div class=\"wp-block-uagb-container uagb-block-cad52e04 alignfull uagb-is-root-container\"><div class=\"uagb-container-inner-blocks-wrap\">\n<div class=\"wp-block-uagb-container uagb-block-b2fb09ce\">\t\t\t\t\t<div\n\t\t\t\t\t\tclass=\"wp-block-uagb-image-gallery uagb-block-7cd75bc3\"\n\t\t\t\t\t\tstyle=\"\"\n\t\t\t\t\t>\n\t\t\t\t\t\t\t\t\t\t\t<div class=\"spectra-image-gallery spectra-image-gallery__layout--carousel\">\n\t\t\t\t\t\t\t\t<div class=\"uagb-slick-carousel uagb-block-7cd75bc3\">\n\t\t\t\t\t\t\t\t\t\t\t\t<div class='spectra-image-gallery__media-wrapper' data-spectra-gallery-image-id='22304'>\n\t\t\t\t\t\t\t<div class=\"spectra-image-gallery__media spectra-image-gallery__media--carousel\">\n\t\t\t\t<picture>\n\t\t\t\t\t<source media=\"(min-width: 1024px)\" srcset=\"https:\/\/bassin-arcachon.com\/wp-content\/uploads\/2018\/06\/Bassin-Arcachon.jpg\">\n\t\t\t\t\t<source media=\"(min-width: 768px)\" srcset=\"https:\/\/bassin-arcachon.com\/wp-content\/uploads\/2018\/06\/Bassin-Arcachon.jpg\">\n\t\t\t\t\t<img decoding=\"async\" class=\"spectra-image-gallery__media-thumbnail spectra-image-gallery__media-thumbnail--carousel\" src=\"https:\/\/bassin-arcachon.com\/wp-content\/uploads\/2018\/06\/Bassin-Arcachon-300x200.jpg\" alt=\"Vista dal cielo dell&#039;Bassin d&#039;Arcachon, del Banc d&#039;Arguin e della Dune du Pilat\" loading=\"lazy\" title=\"- - Bassin d&#039;Arcachon\">\n\t\t\t\t<\/picture>\n\t\t\t\t<div class=\"spectra-image-gallery__media-thumbnail-blurrer\"><\/div>\n\t\t\t\t\t\t\t\t\t\t\t<div class=\"spectra-image-gallery__media-thumbnail-caption-wrapper spectra-image-gallery__media-thumbnail-caption-wrapper--overlay\"><\/div>\n\t\t\t\t\t\t\t\t<\/div>\n\t\t\t\t\t\t<\/div>\n\t\t\t\t\t\t<div class='spectra-image-gallery__media-wrapper' data-spectra-gallery-image-id='47758'>\n\t\t\t\t\t\t\t<div class=\"spectra-image-gallery__media spectra-image-gallery__media--carousel\">\n\t\t\t\t<picture>\n\t\t\t\t\t<source media=\"(min-width: 1024px)\" srcset=\"https:\/\/bassin-arcachon.com\/wp-content\/uploads\/2020\/09\/Salle-occup\u00e9e-s\u00e9minaire-scaled-1024x683.jpg\">\n\t\t\t\t\t<source media=\"(min-width: 768px)\" srcset=\"https:\/\/bassin-arcachon.com\/wp-content\/uploads\/2020\/09\/Salle-occup\u00e9e-s\u00e9minaire-scaled-1024x683.jpg\">\n\t\t\t\t\t<img decoding=\"async\" class=\"spectra-image-gallery__media-thumbnail spectra-image-gallery__media-thumbnail--carousel\" src=\"https:\/\/bassin-arcachon.com\/wp-content\/uploads\/2020\/09\/Salle-occup\u00e9e-s\u00e9minaire-scaled-300x200.jpg\" alt=\"- - Bassin d&#039;Arcachon\" loading=\"lazy\" title=\"- - Bassin d&#039;Arcachon\">\n\t\t\t\t<\/picture>\n\t\t\t\t<div class=\"spectra-image-gallery__media-thumbnail-blurrer\"><\/div>\n\t\t\t\t\t\t\t\t\t\t\t<div class=\"spectra-image-gallery__media-thumbnail-caption-wrapper spectra-image-gallery__media-thumbnail-caption-wrapper--overlay\"><\/div>\n\t\t\t\t\t\t\t\t<\/div>\n\t\t\t\t\t\t<\/div>\n\t\t\t\t\t\t<div class='spectra-image-gallery__media-wrapper' data-spectra-gallery-image-id='47899'>\n\t\t\t\t\t\t\t<div class=\"spectra-image-gallery__media spectra-image-gallery__media--carousel\">\n\t\t\t\t<picture>\n\t\t\t\t\t<source media=\"(min-width: 1024px)\" srcset=\"https:\/\/bassin-arcachon.com\/wp-content\/uploads\/2020\/09\/hotel-cote-sable-lege-cap-ferret-57-1024x682.jpg\">\n\t\t\t\t\t<source media=\"(min-width: 768px)\" srcset=\"https:\/\/bassin-arcachon.com\/wp-content\/uploads\/2020\/09\/hotel-cote-sable-lege-cap-ferret-57-1024x682.jpg\">\n\t\t\t\t\t<img decoding=\"async\" class=\"spectra-image-gallery__media-thumbnail spectra-image-gallery__media-thumbnail--carousel\" src=\"https:\/\/bassin-arcachon.com\/wp-content\/uploads\/2020\/09\/hotel-cote-sable-lege-cap-ferret-57-300x200.jpg\" alt=\"- - Bassin d&#039;Arcachon\" loading=\"lazy\" title=\"- - Bassin d&#039;Arcachon\">\n\t\t\t\t<\/picture>\n\t\t\t\t<div class=\"spectra-image-gallery__media-thumbnail-blurrer\"><\/div>\n\t\t\t\t\t\t\t\t\t\t\t<div class=\"spectra-image-gallery__media-thumbnail-caption-wrapper spectra-image-gallery__media-thumbnail-caption-wrapper--overlay\"><\/div>\n\t\t\t\t\t\t\t\t<\/div>\n\t\t\t\t\t\t<\/div>\n\t\t\t\t\t\t<div class='spectra-image-gallery__media-wrapper' data-spectra-gallery-image-id='47895'>\n\t\t\t\t\t\t\t<div class=\"spectra-image-gallery__media spectra-image-gallery__media--carousel\">\n\t\t\t\t<picture>\n\t\t\t\t\t<source media=\"(min-width: 1024px)\" srcset=\"https:\/\/bassin-arcachon.com\/wp-content\/uploads\/2020\/09\/brasserie-MIRA-codir.jpg\">\n\t\t\t\t\t<source media=\"(min-width: 768px)\" srcset=\"https:\/\/bassin-arcachon.com\/wp-content\/uploads\/2020\/09\/brasserie-MIRA-codir.jpg\">\n\t\t\t\t\t<img decoding=\"async\" class=\"spectra-image-gallery__media-thumbnail spectra-image-gallery__media-thumbnail--carousel\" src=\"https:\/\/bassin-arcachon.com\/wp-content\/uploads\/2020\/09\/brasserie-MIRA-codir-300x200.jpg\" alt=\"- - Bassin d&#039;Arcachon\" loading=\"lazy\" title=\"- - Bassin d&#039;Arcachon\">\n\t\t\t\t<\/picture>\n\t\t\t\t<div class=\"spectra-image-gallery__media-thumbnail-blurrer\"><\/div>\n\t\t\t\t\t\t\t\t\t\t\t<div class=\"spectra-image-gallery__media-thumbnail-caption-wrapper spectra-image-gallery__media-thumbnail-caption-wrapper--overlay\"><\/div>\n\t\t\t\t\t\t\t\t<\/div>\n\t\t\t\t\t\t<\/div>\n\t\t\t\t\t\t<div class='spectra-image-gallery__media-wrapper' data-spectra-gallery-image-id='47911'>\n\t\t\t\t\t\t\t<div class=\"spectra-image-gallery__media spectra-image-gallery__media--carousel\">\n\t\t\t\t<picture>\n\t\t\t\t\t<source media=\"(min-width: 1024px)\" srcset=\"https:\/\/bassin-arcachon.com\/wp-content\/uploads\/2020\/09\/Balade-en-pinasse-scaled-1024x683.jpg\">\n\t\t\t\t\t<source media=\"(min-width: 768px)\" srcset=\"https:\/\/bassin-arcachon.com\/wp-content\/uploads\/2020\/09\/Balade-en-pinasse-scaled-1024x683.jpg\">\n\t\t\t\t\t<img decoding=\"async\" class=\"spectra-image-gallery__media-thumbnail spectra-image-gallery__media-thumbnail--carousel\" src=\"https:\/\/bassin-arcachon.com\/wp-content\/uploads\/2020\/09\/Balade-en-pinasse-scaled-300x200.jpg\" alt=\"- - Bassin d&#039;Arcachon\" loading=\"lazy\" title=\"- - Bassin d&#039;Arcachon\">\n\t\t\t\t<\/picture>\n\t\t\t\t<div class=\"spectra-image-gallery__media-thumbnail-blurrer\"><\/div>\n\t\t\t\t\t\t\t\t\t\t\t<div class=\"spectra-image-gallery__media-thumbnail-caption-wrapper spectra-image-gallery__media-thumbnail-caption-wrapper--overlay\"><\/div>\n\t\t\t\t\t\t\t\t<\/div>\n\t\t\t\t\t\t<\/div>\n\t\t\t\t\t\t<div class='spectra-image-gallery__media-wrapper' data-spectra-gallery-image-id='47897'>\n\t\t\t\t\t\t\t<div class=\"spectra-image-gallery__media spectra-image-gallery__media--carousel\">\n\t\t\t\t<picture>\n\t\t\t\t\t<source media=\"(min-width: 1024px)\" srcset=\"https:\/\/bassin-arcachon.com\/wp-content\/uploads\/2020\/09\/chateau-mader-1024x512.jpg\">\n\t\t\t\t\t<source media=\"(min-width: 768px)\" srcset=\"https:\/\/bassin-arcachon.com\/wp-content\/uploads\/2020\/09\/chateau-mader-1024x512.jpg\">\n\t\t\t\t\t<img decoding=\"async\" class=\"spectra-image-gallery__media-thumbnail spectra-image-gallery__media-thumbnail--carousel\" src=\"https:\/\/bassin-arcachon.com\/wp-content\/uploads\/2020\/09\/chateau-mader-300x150.jpg\" alt=\"- - Bassin d&#039;Arcachon\" loading=\"lazy\" title=\"- - Bassin d&#039;Arcachon\">\n\t\t\t\t<\/picture>\n\t\t\t\t<div class=\"spectra-image-gallery__media-thumbnail-blurrer\"><\/div>\n\t\t\t\t\t\t\t\t\t\t\t<div class=\"spectra-image-gallery__media-thumbnail-caption-wrapper spectra-image-gallery__media-thumbnail-caption-wrapper--overlay\"><\/div>\n\t\t\t\t\t\t\t\t<\/div>\n\t\t\t\t\t\t<\/div>\n\t\t\t\t\t\t<div class='spectra-image-gallery__media-wrapper' data-spectra-gallery-image-id='47900'>\n\t\t\t\t\t\t\t<div class=\"spectra-image-gallery__media spectra-image-gallery__media--carousel\">\n\t\t\t\t<picture>\n\t\t\t\t\t<source media=\"(min-width: 1024px)\" srcset=\"https:\/\/bassin-arcachon.com\/wp-content\/uploads\/2020\/09\/petit-salon-table-centrale-1024x727.png\">\n\t\t\t\t\t<source media=\"(min-width: 768px)\" srcset=\"https:\/\/bassin-arcachon.com\/wp-content\/uploads\/2020\/09\/petit-salon-table-centrale-1024x727.png\">\n\t\t\t\t\t<img decoding=\"async\" class=\"spectra-image-gallery__media-thumbnail spectra-image-gallery__media-thumbnail--carousel\" src=\"https:\/\/bassin-arcachon.com\/wp-content\/uploads\/2020\/09\/petit-salon-table-centrale-300x213.png\" alt=\"- - Bassin d&#039;Arcachon\" loading=\"lazy\" title=\"- - Bassin d&#039;Arcachon\">\n\t\t\t\t<\/picture>\n\t\t\t\t<div class=\"spectra-image-gallery__media-thumbnail-blurrer\"><\/div>\n\t\t\t\t\t\t\t\t\t\t\t<div class=\"spectra-image-gallery__media-thumbnail-caption-wrapper spectra-image-gallery__media-thumbnail-caption-wrapper--overlay\"><\/div>\n\t\t\t\t\t\t\t\t<\/div>\n\t\t\t\t\t\t<\/div>\n\t\t\t\t\t\t<div class='spectra-image-gallery__media-wrapper' data-spectra-gallery-image-id='47768'>\n\t\t\t\t\t\t\t<div class=\"spectra-image-gallery__media spectra-image-gallery__media--carousel\">\n\t\t\t\t<picture>\n\t\t\t\t\t<source media=\"(min-width: 1024px)\" srcset=\"https:\/\/bassin-arcachon.com\/wp-content\/uploads\/2020\/09\/dune-pilat-SIBA-agence-les-conteurs-132-1024x682.jpg\">\n\t\t\t\t\t<source media=\"(min-width: 768px)\" srcset=\"https:\/\/bassin-arcachon.com\/wp-content\/uploads\/2020\/09\/dune-pilat-SIBA-agence-les-conteurs-132-1024x682.jpg\">\n\t\t\t\t\t<img decoding=\"async\" class=\"spectra-image-gallery__media-thumbnail spectra-image-gallery__media-thumbnail--carousel\" src=\"https:\/\/bassin-arcachon.com\/wp-content\/uploads\/2020\/09\/dune-pilat-SIBA-agence-les-conteurs-132-300x200.jpg\" alt=\"- - Bassin d&#039;Arcachon\" loading=\"lazy\" title=\"- - Bassin d&#039;Arcachon\">\n\t\t\t\t<\/picture>\n\t\t\t\t<div class=\"spectra-image-gallery__media-thumbnail-blurrer\"><\/div>\n\t\t\t\t\t\t\t\t\t\t\t<div class=\"spectra-image-gallery__media-thumbnail-caption-wrapper spectra-image-gallery__media-thumbnail-caption-wrapper--overlay\"><\/div>\n\t\t\t\t\t\t\t\t<\/div>\n\t\t\t\t\t\t<\/div>\n\t\t\t\t\t\t\t\t\t\t\t<\/div>\n\t\t\t\t\t\t\t<\/div>\n\t\t\t\t\t\t\t\t\t\t\t<\/div>\n\t\t\t\t\t\t\t\t\t<\/div>\n\n\n\n<div class=\"wp-block-uagb-container uagb-block-92a3e9ba\">\n<div class=\"wp-block-uagb-container uagb-block-2ed7a4bc\">\n<p class=\"has-white-color has-text-color\">Telaio singolo<br><br>Armonia del luogo con lo spirito del vostro seminario<br><br>Incentivo alla riflessione sull&#039;equilibrio<br><br>Brainstorming sulla coesione del COMEX<br><br>Lusso<br><br>Privacy<\/p>\n<\/div>\n\n\n\n<div class=\"wp-block-uagb-container uagb-block-9dae8d65\">\n<h4 class=\"wp-block-heading\">Contattaci<\/h4>\n\n\n\n<p class=\"has-black-color has-text-color\"><a href=\"mailto:mice@siba-bassin-arcachon.fr\">mice@siba-bassin-arcachon.fr<\/a><\/p>\n<\/div>\n<\/div>\n<\/div><\/div>\n\n\n\n<div style=\"height:40px\" aria-hidden=\"true\" class=\"wp-block-spacer\"><\/div>\n\n\n\n<div class=\"wp-block-uagb-container uagb-block-5d626e67 alignfull uagb-is-root-container\"><div class=\"uagb-container-inner-blocks-wrap\">\n<div class=\"wp-block-uagb-container uagb-block-346c7efc\">\n<h3 class=\"wp-block-heading\">Programma suggerito<\/h3>\n\n\n\n<h3 class=\"wp-block-heading\">Giorno 1<strong><\/strong><\/h3>\n\n\n\n<ul class=\"wp-block-list\">\n<li>Arrivo dei partecipanti in mattinata dal&nbsp;<strong>Parigi in treno ad alta velocit\u00e0<\/strong>&nbsp;(2h50 collegamenti giornalieri).<\/li>\n\n\n\n<li>Installazione a&nbsp;<strong>Il<\/strong>&nbsp;<strong>Villa du Moulleau<\/strong>&nbsp;(Arcachon), a&nbsp;<strong>Villa Tosca<\/strong>&nbsp;(Lanton) o anche al<strong>Hotel sul lato sabbioso&nbsp;<\/strong>(Cap Ferret).<\/li>\n\n\n\n<li>Pranzo a base di specialit\u00e0 locali in uno dei saloni dello stabilimento sopra menzionato o nel ristorante dell&#039;hotel \u201c&nbsp;<strong>La casa di Bassin<\/strong>&nbsp;\u00bb situato nei pressi di C\u00f4t\u00e9 Sable.<\/li>\n\n\n\n<li>Incontro di lavoro, seguito da a&nbsp;<strong>raduno ciclistico<\/strong>, In&nbsp;<strong>segway<\/strong>&nbsp;Dove&nbsp;<strong>scooter elettrico<\/strong>&nbsp;in mezzo alla natura. Possibilit\u00e0 di&nbsp;<strong>corsi enologici<\/strong>&nbsp;a seconda dello stabilimento scelto o di una sessione presso&nbsp;<strong>terme<\/strong>.<\/li>\n\n\n\n<li>A fine giornata, partenza&nbsp;<strong>scialuppa<\/strong>&nbsp;(barca tradizionale di Arcachon) per ammirare il tramonto e degustare ostriche sull&#039;acqua. Possibilit\u00e0 di&nbsp;<strong>cena a bordo<\/strong>&nbsp;(champagne, caviale e aragosta).<\/li>\n<\/ul>\n\n\n\n<p>Pernottamento nello stabilimento sopra menzionato o in uno dei&nbsp;<a href=\"https:\/\/fr.calameo.com\/read\/0000244210ced591e8392\" target=\"_blank\" rel=\"noreferrer noopener\">Hotel elencati nel CODIR,&nbsp;<strong>Clicca qui.<\/strong><\/a><\/p>\n\n\n\n<h3 class=\"wp-block-heading\">GIORNO 2<strong><\/strong><\/h3>\n\n\n\n<ul class=\"wp-block-list\">\n<li>Buffet di colazione.<\/li>\n\n\n\n<li>Riunione di lavoro e coffee break a base di prodotti locali.<\/li>\n\n\n\n<li>Pranzo all&#039;interno dello stabilimento, in una cabina di ostriche in riva al mare o in un concept store.<\/li>\n\n\n\n<li>Pomeriggio dedicato ad a&nbsp;<strong>visita guidata<\/strong>&nbsp;con una guida turistica sul&nbsp;<strong>Duna di Pilat<\/strong>&nbsp;(per coloro il cui alloggio si trova a sud Bassin) oppure&nbsp;<strong>olimpiadi sulla spiaggia<\/strong>&nbsp;accessibile dal tuo hotel (per il nord Bassin).<\/li>\n\n\n\n<li>Partenza dei partecipanti a fine giornata.<\/li>\n<\/ul>\n\n\n\n<p>\u00c8 possibile anche trascorrere un fine settimana, durante tutto l&#039;anno, a&nbsp;<strong>affittare una villa eccezionale a Pyla-sur-Mer<\/strong>, in un ambiente privilegiato e intimo per sostenere il cambiamento, un percorso di coaching per il benessere, la fiducia in se stessi, il lasciarsi andare\u2026 Contatta Nathalie Calvet de Myom allo 06 52 40 33 53 o via e-mail:&nbsp;<a href=\"mailto:nathalie@myom.fr\">nathalie@myom.fr<\/a><\/p>\n\n\n\n<p>Le attivit\u00e0 unificanti offerte in questo programma sono citate come esempi. Scopri il&nbsp;<a href=\"https:\/\/fr.calameo.com\/read\/000024421f9dbe748c813\" target=\"_blank\" rel=\"noreferrer noopener\"><strong>agenzie di incoming nella guida dell&#039;organizzatore di Arcachon Bassin<\/strong><\/a>&nbsp;cliccando qui<em>.<\/em><\/p>\n<\/div>\n\n\n\n<div class=\"wp-block-uagb-container uagb-block-4380c5f9\"><\/div>\n<\/div><\/div>\n\n\n\n<div style=\"height:60px\" aria-hidden=\"true\" class=\"wp-block-spacer\"><\/div>","protected":false},"excerpt":{"rendered":"<p>Cadre unique Harmonie du lieu \u00e0 l&rsquo;esprit de votre s\u00e9minaire \u00c9quilibre r\u00e9flexion incentive COMEX coh\u00e9sion brainstorming Luxe Intimit\u00e9 Nous contacter mice@siba-bassin-arcachon.fr Suggestion de programme Jour 1 Nuit dans l\u2019\u00e9tablissement cit\u00e9 [&hellip;]<\/p>\n","protected":false},"author":12,"featured_media":45547,"parent":47887,"menu_order":0,"comment_status":"closed","ping_status":"closed","template":"","meta":{"_acf_changed":false,"_uag_custom_page_level_css":"","footnotes":""},"class_list":["post-47910","page","type-page","status-publish","has-post-thumbnail","hentry"],"acf":[],"uagb_featured_image_src":{"full":["https:\/\/bassin-arcachon.com\/wp-content\/uploads\/2020\/06\/cabane-huitres-aiguillon-12-1.jpg",1200,873,false],"thumbnail":["https:\/\/bassin-arcachon.com\/wp-content\/uploads\/2020\/06\/cabane-huitres-aiguillon-12-1-150x150.jpg",150,150,true],"medium":["https:\/\/bassin-arcachon.com\/wp-content\/uploads\/2020\/06\/cabane-huitres-aiguillon-12-1-600x437.jpg",600,437,true],"medium_large":["https:\/\/bassin-arcachon.com\/wp-content\/uploads\/2020\/06\/cabane-huitres-aiguillon-12-1-768x559.jpg",768,559,true],"large":["https:\/\/bassin-arcachon.com\/wp-content\/uploads\/2020\/06\/cabane-huitres-aiguillon-12-1-1024x745.jpg",1024,745,true],"1536x1536":["https:\/\/bassin-arcachon.com\/wp-content\/uploads\/2020\/06\/cabane-huitres-aiguillon-12-1.jpg",1200,873,false],"2048x2048":["https:\/\/bassin-arcachon.com\/wp-content\/uploads\/2020\/06\/cabane-huitres-aiguillon-12-1.jpg",1200,873,false],"trp-custom-language-flag":["https:\/\/bassin-arcachon.com\/wp-content\/uploads\/2020\/06\/cabane-huitres-aiguillon-12-1-16x12.jpg",16,12,true]},"uagb_author_info":{"display_name":"Marine, habitante du Bassin d'Arcachon","author_link":"https:\/\/bassin-arcachon.com\/it\/author\/marinesiba\/"},"uagb_comment_info":0,"uagb_excerpt":"Cadre unique Harmonie du lieu \u00e0 l&rsquo;esprit de votre s\u00e9minaire \u00c9quilibre r\u00e9flexion incentive COMEX coh\u00e9sion brainstorming Luxe Intimit\u00e9 Nous contacter mice@siba-bassin-arcachon.fr Suggestion de programme Jour 1 Nuit dans l\u2019\u00e9tablissement cit\u00e9 [&hellip;]","_links":{"self":[{"href":"https:\/\/bassin-arcachon.com\/it\/wp-json\/wp\/v2\/pages\/47910","targetHints":{"allow":["GET"]}}],"collection":[{"href":"https:\/\/bassin-arcachon.com\/it\/wp-json\/wp\/v2\/pages"}],"about":[{"href":"https:\/\/bassin-arcachon.com\/it\/wp-json\/wp\/v2\/types\/page"}],"author":[{"embeddable":true,"href":"https:\/\/bassin-arcachon.com\/it\/wp-json\/wp\/v2\/users\/12"}],"replies":[{"embeddable":true,"href":"https:\/\/bassin-arcachon.com\/it\/wp-json\/wp\/v2\/comments?post=47910"}],"version-history":[{"count":0,"href":"https:\/\/bassin-arcachon.com\/it\/wp-json\/wp\/v2\/pages\/47910\/revisions"}],"up":[{"embeddable":true,"href":"https:\/\/bassin-arcachon.com\/it\/wp-json\/wp\/v2\/pages\/47887"}],"wp:featuredmedia":[{"embeddable":true,"href":"https:\/\/bassin-arcachon.com\/it\/wp-json\/wp\/v2\/media\/45547"}],"wp:attachment":[{"href":"https:\/\/bassin-arcachon.com\/it\/wp-json\/wp\/v2\/media?parent=47910"}],"curies":[{"name":"wp","href":"https:\/\/api.w.org\/{rel}","templated":true}]}}