{"id":47924,"date":"2020-10-02T17:01:05","date_gmt":"2020-10-02T15:01:05","guid":{"rendered":"https:\/\/bassin-arcachon.com\/\/?page_id=47924"},"modified":"2024-05-13T16:22:16","modified_gmt":"2024-05-13T14:22:16","slug":"programma-sui-topi-sociali","status":"publish","type":"page","link":"https:\/\/bassin-arcachon.com\/it\/seminaires-congres\/programme-social-mice\/","title":{"rendered":"Programma di accompagnamento"},"content":{"rendered":"<div class=\"wp-block-uagb-container uagb-block-79a87478 alignfull uagb-is-root-container\"><div class=\"uagb-container-inner-blocks-wrap\">\n<div class=\"wp-block-uagb-container uagb-block-61acb081\">\t\t\t\t\t<div\n\t\t\t\t\t\tclass=\"wp-block-uagb-image-gallery uagb-block-9ee358e5\"\n\t\t\t\t\t\tstyle=\"\"\n\t\t\t\t\t>\n\t\t\t\t\t\t\t\t\t\t\t<div class=\"spectra-image-gallery spectra-image-gallery__layout--carousel\">\n\t\t\t\t\t\t\t\t<div class=\"uagb-slick-carousel uagb-block-9ee358e5\">\n\t\t\t\t\t\t\t\t\t\t\t\t<div class='spectra-image-gallery__media-wrapper' data-spectra-gallery-image-id='23422'>\n\t\t\t\t\t\t\t<div class=\"spectra-image-gallery__media spectra-image-gallery__media--carousel\">\n\t\t\t\t<picture>\n\t\t\t\t\t<source media=\"(min-width: 1024px)\" srcset=\"https:\/\/bassin-arcachon.com\/wp-content\/uploads\/2018\/07\/D\u00e9couvrir-la-Ville-dHiver.jpg\">\n\t\t\t\t\t<source media=\"(min-width: 768px)\" srcset=\"https:\/\/bassin-arcachon.com\/wp-content\/uploads\/2018\/07\/D\u00e9couvrir-la-Ville-dHiver.jpg\">\n\t\t\t\t\t<img decoding=\"async\" class=\"spectra-image-gallery__media-thumbnail spectra-image-gallery__media-thumbnail--carousel\" src=\"https:\/\/bassin-arcachon.com\/wp-content\/uploads\/2018\/07\/Discover-la-Ville-dHiver.jpg\" alt=\"- - Bassin d&#039;Arcachon\" loading=\"lazy\" title=\"- - Bassin d&#039;Arcachon\">\n\t\t\t\t<\/picture>\n\t\t\t\t<div class=\"spectra-image-gallery__media-thumbnail-blurrer\"><\/div>\n\t\t\t\t\t\t\t\t\t\t\t<div class=\"spectra-image-gallery__media-thumbnail-caption-wrapper spectra-image-gallery__media-thumbnail-caption-wrapper--overlay\"><\/div>\n\t\t\t\t\t\t\t\t<\/div>\n\t\t\t\t\t\t<\/div>\n\t\t\t\t\t\t<div class='spectra-image-gallery__media-wrapper' data-spectra-gallery-image-id='47488'>\n\t\t\t\t\t\t\t<div class=\"spectra-image-gallery__media spectra-image-gallery__media--carousel\">\n\t\t\t\t<picture>\n\t\t\t\t\t<source media=\"(min-width: 1024px)\" srcset=\"https:\/\/bassin-arcachon.com\/wp-content\/uploads\/2020\/09\/7-Vue-sur-la-Dune-du-Pilat-au-Cap-FerretcAng\u00e9lique-Saget-scaled-1024x768.jpg\">\n\t\t\t\t\t<source media=\"(min-width: 768px)\" srcset=\"https:\/\/bassin-arcachon.com\/wp-content\/uploads\/2020\/09\/7-Vue-sur-la-Dune-du-Pilat-au-Cap-FerretcAng\u00e9lique-Saget-scaled-1024x768.jpg\">\n\t\t\t\t\t<img decoding=\"async\" class=\"spectra-image-gallery__media-thumbnail spectra-image-gallery__media-thumbnail--carousel\" src=\"https:\/\/bassin-arcachon.com\/wp-content\/uploads\/2020\/09\/7-Vue-sur-la-Dune-du-Pilat-au-Cap-FerretcAng\u00e9lique-Saget-scaled-1024x768.jpg\" alt=\"- - Bassin d&#039;Arcachon\" loading=\"lazy\" title=\"- - Bassin d&#039;Arcachon\">\n\t\t\t\t<\/picture>\n\t\t\t\t<div class=\"spectra-image-gallery__media-thumbnail-blurrer\"><\/div>\n\t\t\t\t\t\t\t\t\t\t\t<div class=\"spectra-image-gallery__media-thumbnail-caption-wrapper spectra-image-gallery__media-thumbnail-caption-wrapper--overlay\"><\/div>\n\t\t\t\t\t\t\t\t<\/div>\n\t\t\t\t\t\t<\/div>\n\t\t\t\t\t\t<div class='spectra-image-gallery__media-wrapper' data-spectra-gallery-image-id='47936'>\n\t\t\t\t\t\t\t<div class=\"spectra-image-gallery__media spectra-image-gallery__media--carousel\">\n\t\t\t\t<picture>\n\t\t\t\t\t<source media=\"(min-width: 1024px)\" srcset=\"https:\/\/bassin-arcachon.com\/wp-content\/uploads\/2020\/09\/navettes-uba-agence-les-conteurs-9-1024x683.jpg\">\n\t\t\t\t\t<source media=\"(min-width: 768px)\" srcset=\"https:\/\/bassin-arcachon.com\/wp-content\/uploads\/2020\/09\/navettes-uba-agence-les-conteurs-9-1024x683.jpg\">\n\t\t\t\t\t<img decoding=\"async\" class=\"spectra-image-gallery__media-thumbnail spectra-image-gallery__media-thumbnail--carousel\" src=\"https:\/\/bassin-arcachon.com\/wp-content\/uploads\/2020\/09\/navettes-uba-agence-les-conteurs-9-1024x683.jpg\" alt=\"- - Bassin d&#039;Arcachon\" loading=\"lazy\" title=\"- - Bassin d&#039;Arcachon\">\n\t\t\t\t<\/picture>\n\t\t\t\t<div class=\"spectra-image-gallery__media-thumbnail-blurrer\"><\/div>\n\t\t\t\t\t\t\t\t\t\t\t<div class=\"spectra-image-gallery__media-thumbnail-caption-wrapper spectra-image-gallery__media-thumbnail-caption-wrapper--overlay\"><\/div>\n\t\t\t\t\t\t\t\t<\/div>\n\t\t\t\t\t\t<\/div>\n\t\t\t\t\t\t<div class='spectra-image-gallery__media-wrapper' data-spectra-gallery-image-id='47931'>\n\t\t\t\t\t\t\t<div class=\"spectra-image-gallery__media spectra-image-gallery__media--carousel\">\n\t\t\t\t<picture>\n\t\t\t\t\t<source media=\"(min-width: 1024px)\" srcset=\"https:\/\/bassin-arcachon.com\/wp-content\/uploads\/2020\/09\/andernos-3-scaled-1024x683.jpg\">\n\t\t\t\t\t<source media=\"(min-width: 768px)\" srcset=\"https:\/\/bassin-arcachon.com\/wp-content\/uploads\/2020\/09\/andernos-3-scaled-1024x683.jpg\">\n\t\t\t\t\t<img decoding=\"async\" class=\"spectra-image-gallery__media-thumbnail spectra-image-gallery__media-thumbnail--carousel\" src=\"https:\/\/bassin-arcachon.com\/wp-content\/uploads\/2020\/09\/andernos-3-scaled-1024x683.jpg\" alt=\"- - Bassin d&#039;Arcachon\" loading=\"lazy\" title=\"- - Bassin d&#039;Arcachon\">\n\t\t\t\t<\/picture>\n\t\t\t\t<div class=\"spectra-image-gallery__media-thumbnail-blurrer\"><\/div>\n\t\t\t\t\t\t\t\t\t\t\t<div class=\"spectra-image-gallery__media-thumbnail-caption-wrapper spectra-image-gallery__media-thumbnail-caption-wrapper--overlay\"><\/div>\n\t\t\t\t\t\t\t\t<\/div>\n\t\t\t\t\t\t<\/div>\n\t\t\t\t\t\t<div class='spectra-image-gallery__media-wrapper' data-spectra-gallery-image-id='47930'>\n\t\t\t\t\t\t\t<div class=\"spectra-image-gallery__media spectra-image-gallery__media--carousel\">\n\t\t\t\t<picture>\n\t\t\t\t\t<source media=\"(min-width: 1024px)\" srcset=\"https:\/\/bassin-arcachon.com\/wp-content\/uploads\/2020\/09\/andernos-2-1024x682.jpg\">\n\t\t\t\t\t<source media=\"(min-width: 768px)\" srcset=\"https:\/\/bassin-arcachon.com\/wp-content\/uploads\/2020\/09\/andernos-2-1024x682.jpg\">\n\t\t\t\t\t<img decoding=\"async\" class=\"spectra-image-gallery__media-thumbnail spectra-image-gallery__media-thumbnail--carousel\" src=\"https:\/\/bassin-arcachon.com\/wp-content\/uploads\/2020\/09\/andernos-2-1024x682.jpg\" alt=\"- - Bassin d&#039;Arcachon\" loading=\"lazy\" title=\"- - Bassin d&#039;Arcachon\">\n\t\t\t\t<\/picture>\n\t\t\t\t<div class=\"spectra-image-gallery__media-thumbnail-blurrer\"><\/div>\n\t\t\t\t\t\t\t\t\t\t\t<div class=\"spectra-image-gallery__media-thumbnail-caption-wrapper spectra-image-gallery__media-thumbnail-caption-wrapper--overlay\"><\/div>\n\t\t\t\t\t\t\t\t<\/div>\n\t\t\t\t\t\t<\/div>\n\t\t\t\t\t\t<div class='spectra-image-gallery__media-wrapper' data-spectra-gallery-image-id='48130'>\n\t\t\t\t\t\t\t<div class=\"spectra-image-gallery__media spectra-image-gallery__media--carousel\">\n\t\t\t\t<picture>\n\t\t\t\t\t<source media=\"(min-width: 1024px)\" srcset=\"https:\/\/bassin-arcachon.com\/wp-content\/uploads\/2020\/10\/thalasso-arcachon-karine-medina-1024x683.jpg\">\n\t\t\t\t\t<source media=\"(min-width: 768px)\" srcset=\"https:\/\/bassin-arcachon.com\/wp-content\/uploads\/2020\/10\/thalasso-arcachon-karine-medina-1024x683.jpg\">\n\t\t\t\t\t<img decoding=\"async\" class=\"spectra-image-gallery__media-thumbnail spectra-image-gallery__media-thumbnail--carousel\" src=\"https:\/\/bassin-arcachon.com\/wp-content\/uploads\/2020\/10\/thalasso-arcachon-karine-medina-1024x683.jpg\" alt=\"- - Bassin d&#039;Arcachon\" loading=\"lazy\" title=\"- - Bassin d&#039;Arcachon\">\n\t\t\t\t<\/picture>\n\t\t\t\t<div class=\"spectra-image-gallery__media-thumbnail-blurrer\"><\/div>\n\t\t\t\t\t\t\t\t\t\t\t<div class=\"spectra-image-gallery__media-thumbnail-caption-wrapper spectra-image-gallery__media-thumbnail-caption-wrapper--overlay\"><\/div>\n\t\t\t\t\t\t\t\t<\/div>\n\t\t\t\t\t\t<\/div>\n\t\t\t\t\t\t<div class='spectra-image-gallery__media-wrapper' data-spectra-gallery-image-id='47937'>\n\t\t\t\t\t\t\t<div class=\"spectra-image-gallery__media spectra-image-gallery__media--carousel\">\n\t\t\t\t<picture>\n\t\t\t\t\t<source media=\"(min-width: 1024px)\" srcset=\"https:\/\/bassin-arcachon.com\/wp-content\/uploads\/2020\/09\/shopping-arcachon-siba-agence-les-conteurs-17-1024x705.jpg\">\n\t\t\t\t\t<source media=\"(min-width: 768px)\" srcset=\"https:\/\/bassin-arcachon.com\/wp-content\/uploads\/2020\/09\/shopping-arcachon-siba-agence-les-conteurs-17-1024x705.jpg\">\n\t\t\t\t\t<img decoding=\"async\" class=\"spectra-image-gallery__media-thumbnail spectra-image-gallery__media-thumbnail--carousel\" src=\"https:\/\/bassin-arcachon.com\/wp-content\/uploads\/2020\/09\/shopping-arcachon-siba-agence-les-conteurs-17-1024x705.jpg\" alt=\"- - Bassin d&#039;Arcachon\" loading=\"lazy\" title=\"- - Bassin d&#039;Arcachon\">\n\t\t\t\t<\/picture>\n\t\t\t\t<div class=\"spectra-image-gallery__media-thumbnail-blurrer\"><\/div>\n\t\t\t\t\t\t\t\t\t\t\t<div class=\"spectra-image-gallery__media-thumbnail-caption-wrapper spectra-image-gallery__media-thumbnail-caption-wrapper--overlay\"><\/div>\n\t\t\t\t\t\t\t\t<\/div>\n\t\t\t\t\t\t<\/div>\n\t\t\t\t\t\t<div class='spectra-image-gallery__media-wrapper' data-spectra-gallery-image-id='47928'>\n\t\t\t\t\t\t\t<div class=\"spectra-image-gallery__media spectra-image-gallery__media--carousel\">\n\t\t\t\t<picture>\n\t\t\t\t\t<source media=\"(min-width: 1024px)\" srcset=\"https:\/\/bassin-arcachon.com\/wp-content\/uploads\/2020\/09\/Paddle-bassin-darcachon-1-scaled-1024x683.jpg\">\n\t\t\t\t\t<source media=\"(min-width: 768px)\" srcset=\"https:\/\/bassin-arcachon.com\/wp-content\/uploads\/2020\/09\/Paddle-bassin-darcachon-1-scaled-1024x683.jpg\">\n\t\t\t\t\t<img decoding=\"async\" class=\"spectra-image-gallery__media-thumbnail spectra-image-gallery__media-thumbnail--carousel\" src=\"https:\/\/bassin-arcachon.com\/wp-content\/uploads\/2020\/09\/Paddle-bassin-darcachon-1-scaled-1024x683.jpg\" alt=\"- - Bassin d&#039;Arcachon\" loading=\"lazy\" title=\"- - Bassin d&#039;Arcachon\">\n\t\t\t\t<\/picture>\n\t\t\t\t<div class=\"spectra-image-gallery__media-thumbnail-blurrer\"><\/div>\n\t\t\t\t\t\t\t\t\t\t\t<div class=\"spectra-image-gallery__media-thumbnail-caption-wrapper spectra-image-gallery__media-thumbnail-caption-wrapper--overlay\"><\/div>\n\t\t\t\t\t\t\t\t<\/div>\n\t\t\t\t\t\t<\/div>\n\t\t\t\t\t\t<div class='spectra-image-gallery__media-wrapper' data-spectra-gallery-image-id='47929'>\n\t\t\t\t\t\t\t<div class=\"spectra-image-gallery__media spectra-image-gallery__media--carousel\">\n\t\t\t\t<picture>\n\t\t\t\t\t<source media=\"(min-width: 1024px)\" srcset=\"https:\/\/bassin-arcachon.com\/wp-content\/uploads\/2020\/09\/andernos-1-1024x682.jpg\">\n\t\t\t\t\t<source media=\"(min-width: 768px)\" srcset=\"https:\/\/bassin-arcachon.com\/wp-content\/uploads\/2020\/09\/andernos-1-1024x682.jpg\">\n\t\t\t\t\t<img decoding=\"async\" class=\"spectra-image-gallery__media-thumbnail spectra-image-gallery__media-thumbnail--carousel\" src=\"https:\/\/bassin-arcachon.com\/wp-content\/uploads\/2020\/09\/andernos-1-1024x682.jpg\" alt=\"- - Bassin d&#039;Arcachon\" loading=\"lazy\" title=\"- - Bassin d&#039;Arcachon\">\n\t\t\t\t<\/picture>\n\t\t\t\t<div class=\"spectra-image-gallery__media-thumbnail-blurrer\"><\/div>\n\t\t\t\t\t\t\t\t\t\t\t<div class=\"spectra-image-gallery__media-thumbnail-caption-wrapper spectra-image-gallery__media-thumbnail-caption-wrapper--overlay\"><\/div>\n\t\t\t\t\t\t\t\t<\/div>\n\t\t\t\t\t\t<\/div>\n\t\t\t\t\t\t\t\t\t\t\t<\/div>\n\t\t\t\t\t\t\t<\/div>\n\t\t\t\t\t\t\t\t\t\t\t<\/div>\n\t\t\t\t\t\t\t\t\t<\/div>\n\n\n\n<div class=\"wp-block-uagb-container uagb-block-3ff112e5\">\n<div class=\"wp-block-uagb-container uagb-block-e3d33b9a\">\n<p class=\"has-white-color has-text-color\">Visita guidata della Citt\u00e0 d&#039;Inverno<br><br>Escursione nella sabbia<br><br>Crociera sull&#039;Bassin<br><br>Degustazioni culinarie<br><br>Golf e Talassoterapia<br><br>Shopping<\/p>\n<\/div>\n\n\n\n<div class=\"wp-block-uagb-container uagb-block-d7bc019e\">\n<h4 class=\"wp-block-heading\">Contattaci<\/h4>\n\n\n\n<p class=\"has-black-color has-text-color\"><a href=\"mailto:mice@siba-bassin-arcachon.fr\">mice@siba-bassin-arcachon.fr<\/a><\/p>\n<\/div>\n<\/div>\n<\/div><\/div>\n\n\n\n<div style=\"height:40px\" aria-hidden=\"true\" class=\"wp-block-spacer\"><\/div>\n\n\n\n<div class=\"wp-block-uagb-container uagb-block-f3a0d706 alignfull uagb-is-root-container\"><div class=\"uagb-container-inner-blocks-wrap\">\n<div class=\"wp-block-uagb-container uagb-block-98354184\">\n<h2 class=\"wp-block-heading\">Programma sociale \/ compagno<\/h2>\n\n\n\n<h3 class=\"wp-block-heading\">Visita guidata della citt\u00e0 invernale di Arcachon<strong><\/strong><\/h3>\n\n\n\n<p>Scopri l&#039;evoluzione architettonica e stilistica delle ville del&nbsp;<strong>Citt\u00e0 d&#039;inverno<\/strong>. Dalla sua creazione agli aneddoti storici legati all&#039;aristocrazia e alla borghesia che venivano in vacanza ad Arcachon, lasciatevi guidare attraverso questo quartiere emblematico.<\/p>\n\n\n\n<h3 class=\"wp-block-heading\">Escursioni nella sabbia e sotto i pini<\/h3>\n\n\n\n<p>Scopri il&nbsp;<strong>Penisola di L\u00e8ge-Cap Ferret<\/strong>, a piedi, in Segway, in scooter o anche in bicicletta. Attraversa i 44 ettari fino alla Pointe du Cap Ferret con il suo magnifico panorama sull&#039;Bassin e sull&#039;oceano. Oppure vai a scoprire il&nbsp;<strong>Duna di Pilat<\/strong>&nbsp;durante una passeggiata guidata con una guida turistica.<\/p>\n\n\n\n<h3 class=\"wp-block-heading\">Naviga nell&#039;Bassin di Arcachon<strong><\/strong><\/h3>\n\n\n\n<p><strong>Giro in barca<\/strong>&nbsp;sull&#039;Arcachon Bassin: giro di&nbsp;<strong>Isola degli uccelli<\/strong>&nbsp;ed \u00e8 famoso&nbsp;<strong>cabine su palafitte<\/strong>&nbsp;(capanne su palafitte) e passeggiare lungo i villaggi di allevatori di ostriche della penisola di Cap Ferret.<\/p>\n\n\n\n<h3 class=\"wp-block-heading\">Degustazioni culinarie<strong><\/strong><\/h3>\n\n\n\n<p>Aperitivo in a&nbsp;<strong>capanna di ostriche<\/strong>&nbsp;intorno a un piatto di ostriche accompagnato da un bicchiere di vino bianco. Possibilit\u00e0 di un laboratorio di sgusciatura con l&#039;ostricoltore in un&#039;atmosfera amichevole.<\/p>\n\n\n\n<h3 class=\"wp-block-heading\">Golf<strong><\/strong><\/h3>\n\n\n\n<p>Goditi un percorso tra i pini, seguito da un pranzo al ristorante sulla terrazza del golf: at&nbsp;<a href=\"https:\/\/www.golfarcachon.org\/fr\/\" target=\"_blank\" rel=\"noreferrer noopener\">Arcachon<\/a>,&nbsp;<a href=\"https:\/\/bluegreen.fr\/gujan\/\" target=\"_blank\" rel=\"noreferrer noopener\">Gujan-Mestras<\/a>,&nbsp;<a href=\"https:\/\/bassin-arcachon.com\/it\/scheda-dettagli\/?types=activite_golf&amp;id=LOIAQU033FS000NJ&amp;title=golf-des-aiguilles-vertes\" target=\"_blank\" rel=\"noreferrer noopener\">lanto<\/a>&nbsp;Dove&nbsp;<a href=\"https:\/\/www.capgolf.fr\/\" target=\"_blank\" rel=\"noreferrer noopener\">Furetto Lege-Cap<\/a>.<\/p>\n\n\n\n<h3 class=\"wp-block-heading\">Talassoterapia\/Balneoterapia\/Spa<strong><\/strong><\/h3>\n\n\n\n<p>Goditi un momento di relax presso il centro di talassoterapia&nbsp;<a href=\"https:\/\/www.thalazur.fr\/arcachon\/thalasso\/\" target=\"_blank\" rel=\"noreferrer noopener\">Thalazur Arcachon<\/a>, a&nbsp;<a href=\"https:\/\/www.domaineduferret.com\/\" target=\"_blank\" rel=\"noreferrer noopener\">Domaine du Ferret Balneo &amp; Spa<\/a>&nbsp;a L\u00e8ge-Cap Ferret o in un eccezionale hotel termale: il<a href=\"https:\/\/www.hotel-cotesable.com\/fr\/spa-clarins-cap-ferret.html\" target=\"_blank\" rel=\"noopener\">Hotel sul lato sabbioso<\/a>&nbsp;a Cap Ferret, il<a href=\"https:\/\/www.hotelvilledhiver.com\/\" target=\"_blank\" rel=\"noreferrer noopener\">Hotel Citt\u00e0 d&#039;Inverno<\/a>&nbsp;o anche il<a href=\"https:\/\/www.hotelvillalamartine.com\/\" target=\"_blank\" rel=\"noopener\">Hotel Villa Lamartine<\/a>&nbsp;ad Arcachon.<\/p>\n\n\n\n<h3 class=\"wp-block-heading\">Shopping<strong><\/strong><\/h3>\n\n\n\n<p><strong>Canel\u00e9s<\/strong>&nbsp;di Guignard \/&nbsp;<strong>dune bianche<\/strong>&nbsp;di Chez Pascal \/&nbsp;<strong>Ostriche al cioccolato<\/strong>&nbsp;da P\u00e2tisserie Marquet o da Pierre Mirgalet \/&nbsp;<strong>Profumo Schiuma Arcachon&nbsp;<\/strong>\/&nbsp;<strong>Casa Marelia&nbsp;<\/strong>ad Andernos\u2026<\/p>\n\n\n\n<p>Le attivit\u00e0 proposte in questo programma sono citate a titolo esemplificativo. Scopri le attivit\u00e0 di Bassin di <a href=\"https:\/\/bassin-arcachon.com\/it\/scarica-la-nostra-applicazione\/\">scaricando la nostra app mobile!<\/a><\/p>\n<\/div>\n\n\n\n<div class=\"wp-block-uagb-container uagb-block-96db5550\"><\/div>\n<\/div><\/div>\n\n\n\n<div style=\"height:60px\" aria-hidden=\"true\" class=\"wp-block-spacer\"><\/div>","protected":false},"excerpt":{"rendered":"<p>Visite guid\u00e9e de la Ville d&rsquo;Hiver Rando dans le sable Croisi\u00e8re sur le Bassin D\u00e9gustations culinaires Golf et Thalasso Shopping Nous contacter mice@siba-bassin-arcachon.fr Programme social \/ accompagnant Visite guid\u00e9e de [&hellip;]<\/p>\n","protected":false},"author":12,"featured_media":47917,"parent":47639,"menu_order":0,"comment_status":"closed","ping_status":"closed","template":"","meta":{"_acf_changed":false,"_uag_custom_page_level_css":"","footnotes":""},"class_list":["post-47924","page","type-page","status-publish","has-post-thumbnail","hentry"],"acf":[],"uagb_featured_image_src":{"full":["https:\/\/bassin-arcachon.com\/wp-content\/uploads\/2020\/09\/shopping-arcachon.jpg",2000,1333,false],"thumbnail":["https:\/\/bassin-arcachon.com\/wp-content\/uploads\/2020\/09\/shopping-arcachon-150x150.jpg",150,150,true],"medium":["https:\/\/bassin-arcachon.com\/wp-content\/uploads\/2020\/09\/shopping-arcachon-600x400.jpg",600,400,true],"medium_large":["https:\/\/bassin-arcachon.com\/wp-content\/uploads\/2020\/09\/shopping-arcachon-768x512.jpg",768,512,true],"large":["https:\/\/bassin-arcachon.com\/wp-content\/uploads\/2020\/09\/shopping-arcachon-1024x682.jpg",1024,682,true],"1536x1536":["https:\/\/bassin-arcachon.com\/wp-content\/uploads\/2020\/09\/shopping-arcachon-1536x1024.jpg",1536,1024,true],"2048x2048":["https:\/\/bassin-arcachon.com\/wp-content\/uploads\/2020\/09\/shopping-arcachon.jpg",2000,1333,false],"trp-custom-language-flag":["https:\/\/bassin-arcachon.com\/wp-content\/uploads\/2020\/09\/shopping-arcachon-18x12.jpg",18,12,true]},"uagb_author_info":{"display_name":"Marine, habitante du Bassin d'Arcachon","author_link":"https:\/\/bassin-arcachon.com\/it\/author\/marinesiba\/"},"uagb_comment_info":0,"uagb_excerpt":"Visite guid\u00e9e de la Ville d&rsquo;Hiver Rando dans le sable Croisi\u00e8re sur le Bassin D\u00e9gustations culinaires Golf et Thalasso Shopping Nous contacter mice@siba-bassin-arcachon.fr Programme social \/ accompagnant Visite guid\u00e9e de [&hellip;]","_links":{"self":[{"href":"https:\/\/bassin-arcachon.com\/it\/wp-json\/wp\/v2\/pages\/47924","targetHints":{"allow":["GET"]}}],"collection":[{"href":"https:\/\/bassin-arcachon.com\/it\/wp-json\/wp\/v2\/pages"}],"about":[{"href":"https:\/\/bassin-arcachon.com\/it\/wp-json\/wp\/v2\/types\/page"}],"author":[{"embeddable":true,"href":"https:\/\/bassin-arcachon.com\/it\/wp-json\/wp\/v2\/users\/12"}],"replies":[{"embeddable":true,"href":"https:\/\/bassin-arcachon.com\/it\/wp-json\/wp\/v2\/comments?post=47924"}],"version-history":[{"count":0,"href":"https:\/\/bassin-arcachon.com\/it\/wp-json\/wp\/v2\/pages\/47924\/revisions"}],"up":[{"embeddable":true,"href":"https:\/\/bassin-arcachon.com\/it\/wp-json\/wp\/v2\/pages\/47639"}],"wp:featuredmedia":[{"embeddable":true,"href":"https:\/\/bassin-arcachon.com\/it\/wp-json\/wp\/v2\/media\/47917"}],"wp:attachment":[{"href":"https:\/\/bassin-arcachon.com\/it\/wp-json\/wp\/v2\/media?parent=47924"}],"curies":[{"name":"wp","href":"https:\/\/api.w.org\/{rel}","templated":true}]}}