{"id":48239,"date":"2020-10-21T12:20:30","date_gmt":"2020-10-21T10:20:30","guid":{"rendered":"https:\/\/bassin-arcachon.com\/\/?page_id=48239"},"modified":"2024-09-02T10:58:06","modified_gmt":"2024-09-02T08:58:06","slug":"sala-vip-arcachon-4","status":"publish","type":"page","link":"https:\/\/bassin-arcachon.com\/it\/seminaires-congres\/offres-codir\/salon-vip-arcachon-4\/","title":{"rendered":"Sala VIP Arcachon Business"},"content":{"rendered":"<div class=\"wp-block-uagb-container uagb-block-97a66069 alignfull uagb-is-root-container\"><div class=\"uagb-container-inner-blocks-wrap\">\n<div class=\"wp-block-uagb-container uagb-block-4f159a09\">\t\t\t\t\t<div\n\t\t\t\t\t\tclass=\"wp-block-uagb-image-gallery uagb-block-d19b0ff6\"\n\t\t\t\t\t\tstyle=\"\"\n\t\t\t\t\t>\n\t\t\t\t\t\t\t\t\t\t\t<div class=\"spectra-image-gallery spectra-image-gallery__layout--carousel\">\n\t\t\t\t\t\t\t\t<div class=\"uagb-slick-carousel uagb-block-d19b0ff6\">\n\t\t\t\t\t\t\t\t\t\t\t\t<div class='spectra-image-gallery__media-wrapper' data-spectra-gallery-image-id='34926'>\n\t\t\t\t\t\t\t<div class=\"spectra-image-gallery__media spectra-image-gallery__media--carousel\">\n\t\t\t\t<picture>\n\t\t\t\t\t<source media=\"(min-width: 1024px)\" srcset=\"https:\/\/bassin-arcachon.com\/wp-content\/uploads\/2019\/06\/Salle-Palais-des-congr\u00e8s-organisation-de-seminaire-et-congres-1024x683.jpg\">\n\t\t\t\t\t<source media=\"(min-width: 768px)\" srcset=\"https:\/\/bassin-arcachon.com\/wp-content\/uploads\/2019\/06\/Salle-Palais-des-congr\u00e8s-organisation-de-seminaire-et-congres-1024x683.jpg\">\n\t\t\t\t\t<img decoding=\"async\" class=\"spectra-image-gallery__media-thumbnail spectra-image-gallery__media-thumbnail--carousel\" src=\"https:\/\/bassin-arcachon.com\/wp-content\/uploads\/2019\/06\/Salle-Palais-des-congr\u00e8s-organisation-de-seminaire-et-congres-300x200.jpg\" alt=\"- - Bassin d&#039;Arcachon\" loading=\"lazy\" title=\"- - Bassin d&#039;Arcachon\">\n\t\t\t\t<\/picture>\n\t\t\t\t<div class=\"spectra-image-gallery__media-thumbnail-blurrer\"><\/div>\n\t\t\t\t\t\t\t\t\t\t\t<div class=\"spectra-image-gallery__media-thumbnail-caption-wrapper spectra-image-gallery__media-thumbnail-caption-wrapper--overlay\"><\/div>\n\t\t\t\t\t\t\t\t<\/div>\n\t\t\t\t\t\t<\/div>\n\t\t\t\t\t\t<div class='spectra-image-gallery__media-wrapper' data-spectra-gallery-image-id='48245'>\n\t\t\t\t\t\t\t<div class=\"spectra-image-gallery__media spectra-image-gallery__media--carousel\">\n\t\t\t\t<picture>\n\t\t\t\t\t<source media=\"(min-width: 1024px)\" srcset=\"https:\/\/bassin-arcachon.com\/wp-content\/uploads\/2020\/10\/palais-des-congr\u00e8s-darcachon-vue-mer-scaled-1024x683.jpg\">\n\t\t\t\t\t<source media=\"(min-width: 768px)\" srcset=\"https:\/\/bassin-arcachon.com\/wp-content\/uploads\/2020\/10\/palais-des-congr\u00e8s-darcachon-vue-mer-scaled-1024x683.jpg\">\n\t\t\t\t\t<img decoding=\"async\" class=\"spectra-image-gallery__media-thumbnail spectra-image-gallery__media-thumbnail--carousel\" src=\"https:\/\/bassin-arcachon.com\/wp-content\/uploads\/2020\/10\/palais-des-congr\u00e8s-darcachon-vue-mer-scaled-300x200.jpg\" alt=\"- - Bassin d&#039;Arcachon\" loading=\"lazy\" title=\"- - Bassin d&#039;Arcachon\">\n\t\t\t\t<\/picture>\n\t\t\t\t<div class=\"spectra-image-gallery__media-thumbnail-blurrer\"><\/div>\n\t\t\t\t\t\t\t\t\t\t\t<div class=\"spectra-image-gallery__media-thumbnail-caption-wrapper spectra-image-gallery__media-thumbnail-caption-wrapper--overlay\"><\/div>\n\t\t\t\t\t\t\t\t<\/div>\n\t\t\t\t\t\t<\/div>\n\t\t\t\t\t\t<div class='spectra-image-gallery__media-wrapper' data-spectra-gallery-image-id='47911'>\n\t\t\t\t\t\t\t<div class=\"spectra-image-gallery__media spectra-image-gallery__media--carousel\">\n\t\t\t\t<picture>\n\t\t\t\t\t<source media=\"(min-width: 1024px)\" srcset=\"https:\/\/bassin-arcachon.com\/wp-content\/uploads\/2020\/09\/Balade-en-pinasse-scaled-1024x683.jpg\">\n\t\t\t\t\t<source media=\"(min-width: 768px)\" srcset=\"https:\/\/bassin-arcachon.com\/wp-content\/uploads\/2020\/09\/Balade-en-pinasse-scaled-1024x683.jpg\">\n\t\t\t\t\t<img decoding=\"async\" class=\"spectra-image-gallery__media-thumbnail spectra-image-gallery__media-thumbnail--carousel\" src=\"https:\/\/bassin-arcachon.com\/wp-content\/uploads\/2020\/09\/Balade-en-pinasse-scaled-300x200.jpg\" alt=\"- - Bassin d&#039;Arcachon\" loading=\"lazy\" title=\"- - Bassin d&#039;Arcachon\">\n\t\t\t\t<\/picture>\n\t\t\t\t<div class=\"spectra-image-gallery__media-thumbnail-blurrer\"><\/div>\n\t\t\t\t\t\t\t\t\t\t\t<div class=\"spectra-image-gallery__media-thumbnail-caption-wrapper spectra-image-gallery__media-thumbnail-caption-wrapper--overlay\"><\/div>\n\t\t\t\t\t\t\t\t<\/div>\n\t\t\t\t\t\t<\/div>\n\t\t\t\t\t\t<div class='spectra-image-gallery__media-wrapper' data-spectra-gallery-image-id='22801'>\n\t\t\t\t\t\t\t<div class=\"spectra-image-gallery__media spectra-image-gallery__media--carousel\">\n\t\t\t\t<picture>\n\t\t\t\t\t<source media=\"(min-width: 1024px)\" srcset=\"https:\/\/bassin-arcachon.com\/wp-content\/uploads\/2018\/06\/cap-gourmand-siba-agence-les-conteurs-97-e1546597288272.jpg\">\n\t\t\t\t\t<source media=\"(min-width: 768px)\" srcset=\"https:\/\/bassin-arcachon.com\/wp-content\/uploads\/2018\/06\/cap-gourmand-siba-agence-les-conteurs-97-e1546597288272.jpg\">\n\t\t\t\t\t<img decoding=\"async\" class=\"spectra-image-gallery__media-thumbnail spectra-image-gallery__media-thumbnail--carousel\" src=\"https:\/\/bassin-arcachon.com\/wp-content\/uploads\/2018\/06\/cap-gourmand-siba-agence-les-conteurs-97-e1546597288272-300x200.jpg\" alt=\"Villaggio ostricolo di Mimbeau con Cap Gourmand a Bassin d&#039;Arcachon\" loading=\"lazy\" title=\"- - Bassin d&#039;Arcachon\">\n\t\t\t\t<\/picture>\n\t\t\t\t<div class=\"spectra-image-gallery__media-thumbnail-blurrer\"><\/div>\n\t\t\t\t\t\t\t\t\t\t\t<div class=\"spectra-image-gallery__media-thumbnail-caption-wrapper spectra-image-gallery__media-thumbnail-caption-wrapper--overlay\"><\/div>\n\t\t\t\t\t\t\t\t<\/div>\n\t\t\t\t\t\t<\/div>\n\t\t\t\t\t\t<div class='spectra-image-gallery__media-wrapper' data-spectra-gallery-image-id='24866'>\n\t\t\t\t\t\t\t<div class=\"spectra-image-gallery__media spectra-image-gallery__media--carousel\">\n\t\t\t\t<picture>\n\t\t\t\t\t<source media=\"(min-width: 1024px)\" srcset=\"https:\/\/bassin-arcachon.com\/wp-content\/uploads\/2018\/07\/d\u00e9guster-hu\u00eetres-arcachon-cap-ferret-e1546595398521.jpg\">\n\t\t\t\t\t<source media=\"(min-width: 768px)\" srcset=\"https:\/\/bassin-arcachon.com\/wp-content\/uploads\/2018\/07\/d\u00e9guster-hu\u00eetres-arcachon-cap-ferret-e1546595398521.jpg\">\n\t\t\t\t\t<img decoding=\"async\" class=\"spectra-image-gallery__media-thumbnail spectra-image-gallery__media-thumbnail--carousel\" src=\"https:\/\/bassin-arcachon.com\/wp-content\/uploads\/2018\/07\/d\u00e9guster-hu\u00eetres-arcachon-cap-ferret-e1546595398521-300x200.jpg\" alt=\"Degustazione di ostriche a Cap Ferret sul Bassin d&#039;Arcachon\" loading=\"lazy\" title=\"- - Bassin d&#039;Arcachon\">\n\t\t\t\t<\/picture>\n\t\t\t\t<div class=\"spectra-image-gallery__media-thumbnail-blurrer\"><\/div>\n\t\t\t\t\t\t\t\t\t\t\t<div class=\"spectra-image-gallery__media-thumbnail-caption-wrapper spectra-image-gallery__media-thumbnail-caption-wrapper--overlay\"><\/div>\n\t\t\t\t\t\t\t\t<\/div>\n\t\t\t\t\t\t<\/div>\n\t\t\t\t\t\t<div class='spectra-image-gallery__media-wrapper' data-spectra-gallery-image-id='48250'>\n\t\t\t\t\t\t\t<div class=\"spectra-image-gallery__media spectra-image-gallery__media--carousel\">\n\t\t\t\t<picture>\n\t\t\t\t\t<source media=\"(min-width: 1024px)\" srcset=\"https:\/\/bassin-arcachon.com\/wp-content\/uploads\/2020\/10\/SALON-VIP-ARCACHON-1024x694.jpg\">\n\t\t\t\t\t<source media=\"(min-width: 768px)\" srcset=\"https:\/\/bassin-arcachon.com\/wp-content\/uploads\/2020\/10\/SALON-VIP-ARCACHON-1024x694.jpg\">\n\t\t\t\t\t<img decoding=\"async\" class=\"spectra-image-gallery__media-thumbnail spectra-image-gallery__media-thumbnail--carousel\" src=\"https:\/\/bassin-arcachon.com\/wp-content\/uploads\/2020\/10\/SALON-VIP-ARCACHON-300x203.jpg\" alt=\"- - Bassin d&#039;Arcachon\" loading=\"lazy\" title=\"- - Bassin d&#039;Arcachon\">\n\t\t\t\t<\/picture>\n\t\t\t\t<div class=\"spectra-image-gallery__media-thumbnail-blurrer\"><\/div>\n\t\t\t\t\t\t\t\t\t\t\t<div class=\"spectra-image-gallery__media-thumbnail-caption-wrapper spectra-image-gallery__media-thumbnail-caption-wrapper--overlay\"><\/div>\n\t\t\t\t\t\t\t\t<\/div>\n\t\t\t\t\t\t<\/div>\n\t\t\t\t\t\t<div class='spectra-image-gallery__media-wrapper' data-spectra-gallery-image-id='47953'>\n\t\t\t\t\t\t\t<div class=\"spectra-image-gallery__media spectra-image-gallery__media--carousel\">\n\t\t\t\t<picture>\n\t\t\t\t\t<source media=\"(min-width: 1024px)\" srcset=\"https:\/\/bassin-arcachon.com\/wp-content\/uploads\/2020\/09\/terrasses-du-port-arcachon-1024x684.jpg\">\n\t\t\t\t\t<source media=\"(min-width: 768px)\" srcset=\"https:\/\/bassin-arcachon.com\/wp-content\/uploads\/2020\/09\/terrasses-du-port-arcachon-1024x684.jpg\">\n\t\t\t\t\t<img decoding=\"async\" class=\"spectra-image-gallery__media-thumbnail spectra-image-gallery__media-thumbnail--carousel\" src=\"https:\/\/bassin-arcachon.com\/wp-content\/uploads\/2020\/09\/terrasses-du-port-arcachon-300x200.jpg\" alt=\"- - Bassin d&#039;Arcachon\" loading=\"lazy\" title=\"- - Bassin d&#039;Arcachon\">\n\t\t\t\t<\/picture>\n\t\t\t\t<div class=\"spectra-image-gallery__media-thumbnail-blurrer\"><\/div>\n\t\t\t\t\t\t\t\t\t\t\t<div class=\"spectra-image-gallery__media-thumbnail-caption-wrapper spectra-image-gallery__media-thumbnail-caption-wrapper--overlay\"><\/div>\n\t\t\t\t\t\t\t\t<\/div>\n\t\t\t\t\t\t<\/div>\n\t\t\t\t\t\t<div class='spectra-image-gallery__media-wrapper' data-spectra-gallery-image-id='9916'>\n\t\t\t\t\t\t\t<div class=\"spectra-image-gallery__media spectra-image-gallery__media--carousel\">\n\t\t\t\t<picture>\n\t\t\t\t\t<source media=\"(min-width: 1024px)\" srcset=\"https:\/\/bassin-arcachon.com\/wp-content\/uploads\/2017\/10\/ville-dhiver-1-compress\u00e9-1024x683.jpg\">\n\t\t\t\t\t<source media=\"(min-width: 768px)\" srcset=\"https:\/\/bassin-arcachon.com\/wp-content\/uploads\/2017\/10\/ville-dhiver-1-compress\u00e9-1024x683.jpg\">\n\t\t\t\t\t<img decoding=\"async\" class=\"spectra-image-gallery__media-thumbnail spectra-image-gallery__media-thumbnail--carousel\" src=\"https:\/\/bassin-arcachon.com\/wp-content\/uploads\/2017\/10\/ville-dhiver-1-compress\u00e9-300x200.jpg\" alt=\"- - Bassin d&#039;Arcachon\" loading=\"lazy\" title=\"- - Bassin d&#039;Arcachon\">\n\t\t\t\t<\/picture>\n\t\t\t\t<div class=\"spectra-image-gallery__media-thumbnail-blurrer\"><\/div>\n\t\t\t\t\t\t\t\t\t\t\t<div class=\"spectra-image-gallery__media-thumbnail-caption-wrapper spectra-image-gallery__media-thumbnail-caption-wrapper--overlay\"><\/div>\n\t\t\t\t\t\t\t\t<\/div>\n\t\t\t\t\t\t<\/div>\n\t\t\t\t\t\t\t\t\t\t\t<\/div>\n\t\t\t\t\t\t\t<\/div>\n\t\t\t\t\t\t\t\t\t\t\t<\/div>\n\t\t\t\t\t\t\t\t\t<\/div>\n\n\n\n<div class=\"wp-block-uagb-container uagb-block-ce13ea3a\">\n<div class=\"wp-block-uagb-container uagb-block-840ba42a\">\n<p class=\"has-white-color has-text-color\">Affari con vista<br><br>Spazio di 70 m\u00b2<br><br>Capacit\u00e0 19 persone<br><br>Sala VIP completamente attrezzata<br><br>Programma su misura<br><br>Servizi<br><br>Tariffe convenienti<\/p>\n<\/div>\n\n\n\n<div class=\"wp-block-uagb-container bloc_contact uagb-block-e4d02c2a\">\n<h4 class=\"wp-block-heading\">Contattaci<\/h4>\n\n\n\n<p class=\"has-black-color has-text-color\"><a href=\"mailto:palaisdescongres@arcachon.com\">palaisdescongres@arcachon.com<\/a><\/p>\n<\/div>\n<\/div>\n<\/div><\/div>\n\n\n\n<div style=\"height:40px\" aria-hidden=\"true\" class=\"wp-block-spacer\"><\/div>\n\n\n\n<div class=\"wp-block-uagb-container uagb-block-d2bbc83b alignfull uagb-is-root-container\"><div class=\"uagb-container-inner-blocks-wrap\">\n<div class=\"wp-block-uagb-container uagb-block-e6ef3422\">\n<p>Immerso nella luce del Bassin di Arcachon con la sua grande vetrata che si apre sul lungomare, questo prestigioso salone di 70 m\u00b2 \u00e8 lo spazio ideale per ospitare i vostri comitati di direzione, le vostre conferenze stampa, le vostre riunioni, i vostri consigli dell&#039;amministrazione...<\/p>\n\n\n\n<p>Con una capienza di 19 persone, questa sala dispone di un guardaroba, dei suoi servizi igienici, di una fontana di acqua naturale e gassata e di una macchina per caff\u00e8\/t\u00e8 sempre disponibile.<\/p>\n\n\n\n<h3 class=\"wp-block-heading\">Programma suggerito<\/h3>\n\n\n\n<h3 class=\"wp-block-heading\">Giorno 1<strong><\/strong><\/h3>\n\n\n\n<ul class=\"wp-block-list\">\n<li>Arrivo dei partecipanti in mattinata da Parigi in LGV (2h50 in collegamenti giornalieri).<\/li>\n\n\n\n<li>Installazione in&nbsp;<a href=\"https:\/\/fr.calameo.com\/read\/0000244211152a79deb84\" target=\"_blank\" rel=\"noreferrer noopener\">uno degli hotel MICE<\/a>.<\/li>\n\n\n\n<li><strong>Pranzo a base di specialit\u00e0 locali<\/strong>&nbsp;in uno dei ristoranti convenzionati situati sul lungomare, nelle immediate vicinanze del Palais des Congr\u00e8s.<\/li>\n\n\n\n<li><strong>Incontro di lavoro nella VIP Lounge<\/strong>, con vista sull&#039;Arcachon Bassin, le Cabanes Tchanqu\u00e9es e l&#039;Ile aux Oiseaux.<\/li>\n\n\n\n<li>Pausa caff\u00e8 detox con frutta e frullato oppure&nbsp;<strong>pausa caff\u00e8 arcachonnaise<\/strong>&nbsp;con le famose White Dunes, con un momento di relax sulla balconata della VIP lounge.<\/li>\n\n\n\n<li>Alla fine del giorno,&nbsp;<strong>partenza in pinnace<\/strong>&nbsp;(barca tradizionale di Arcachon) per ammirare il tramonto, passeggiare per l&#039;Ile aux Oiseaux, con la possibilit\u00e0 di degustare ostriche a bordo o in una capanna di ostriche a Le Canon, un piccolo villaggio sulla penisola di L\u00e8ge-Cap Ferret.<\/li>\n\n\n\n<li><strong>Cena a Cap Ferret<\/strong>&nbsp;in un ristorante di fronte alla Dune du Pilat.<\/li>\n\n\n\n<li>Rientro ad Arcachon in barca e pernottamento&nbsp;<a href=\"https:\/\/fr.calameo.com\/read\/0000244211152a79deb84\" target=\"_blank\" rel=\"noreferrer noopener\">uno di&nbsp;<strong>alberghi<\/strong>&nbsp;<strong>TOPI<\/strong>&nbsp;<\/a>.<\/li>\n<\/ul>\n\n\n\n<h3 class=\"wp-block-heading\">Giorno 2<strong><\/strong><\/h3>\n\n\n\n<ul class=\"wp-block-list\">\n<li>Prima colazione a buffet&nbsp;<a href=\"https:\/\/fr.calameo.com\/read\/0000244211152a79deb84\" target=\"_blank\" rel=\"noreferrer noopener\">uno degli hotel MICE<\/a>.<\/li>\n\n\n\n<li><strong>Incontro di lavoro nella VIP Lounge<\/strong>.<\/li>\n\n\n\n<li><strong>Pausa caff\u00e8 all&#039;ostrica<\/strong>&nbsp;composto da ostriche Banc d&#039;Arguin o Grand Banc e un bicchiere di vino bianco Entre deux Mers.<\/li>\n\n\n\n<li><strong>Pranzo<\/strong>&nbsp;al porto di Arcachon,&nbsp;<strong>su un tetto&nbsp;<\/strong>con vista sul porto, i banchi di ostriche e le spiagge di Arcachon.<\/li>\n\n\n\n<li>Pomeriggio dedicato ad a&nbsp;<strong>visita guidata con una guida della Ville d&#039;Hiver<\/strong>, quartiere storico di Arcachon, a piedi o in bicicletta elettrica.<\/li>\n\n\n\n<li>Partenza dei partecipanti a fine giornata.<\/li>\n<\/ul>\n\n\n\n<p>Le attivit\u00e0 unificanti offerte in questo programma sono citate come esempi. Scopri il&nbsp;<a href=\"https:\/\/fr.calameo.com\/read\/000024421f9dbe748c813\" target=\"_blank\" rel=\"noreferrer noopener\">agenzie incoming nella guida dell&#039;organizzatore di Arcachon Bassin cliccando qui<\/a>.<\/p>\n\n\n\n<p>Maggiori informazioni :&nbsp;<a href=\"https:\/\/www.arcachon.com\/palais-des-congres\/\" target=\"_blank\" rel=\"noreferrer noopener\">www.arcachon.com\/palais-des-congres\/<\/a><\/p>\n<\/div>\n\n\n\n<div class=\"wp-block-uagb-container uagb-block-0e5e02d9\"><\/div>\n<\/div><\/div>\n\n\n\n<div style=\"height:60px\" aria-hidden=\"true\" class=\"wp-block-spacer\"><\/div>","protected":false},"excerpt":{"rendered":"<p>Business avec vue Espace de 70 m\u00b2 Capacit\u00e9 19 personnes Salon VIP tout \u00e9quip\u00e9 Programme sur-mesure Services Tarifs abordables Nous contacter palaisdescongres@arcachon.com Baign\u00e9e par la lumi\u00e8re du Bassin d\u2019Arcachon avec [&hellip;]<\/p>\n","protected":false},"author":12,"featured_media":58947,"parent":47887,"menu_order":0,"comment_status":"closed","ping_status":"closed","template":"","meta":{"_acf_changed":false,"_uag_custom_page_level_css":".bloc_contact {overflow-wrap: break-word; word-break: break-all;}","footnotes":""},"class_list":["post-48239","page","type-page","status-publish","has-post-thumbnail","hentry"],"acf":[],"uagb_featured_image_src":{"full":["https:\/\/bassin-arcachon.com\/wp-content\/uploads\/2024\/08\/Salon-VIP-PDC-reunion-strom-studio-scaled.png",2560,1707,false],"thumbnail":["https:\/\/bassin-arcachon.com\/wp-content\/uploads\/2024\/08\/Salon-VIP-PDC-reunion-strom-studio-150x150.png",150,150,true],"medium":["https:\/\/bassin-arcachon.com\/wp-content\/uploads\/2024\/08\/Salon-VIP-PDC-reunion-strom-studio-600x400.png",600,400,true],"medium_large":["https:\/\/bassin-arcachon.com\/wp-content\/uploads\/2024\/08\/Salon-VIP-PDC-reunion-strom-studio-768x512.png",768,512,true],"large":["https:\/\/bassin-arcachon.com\/wp-content\/uploads\/2024\/08\/Salon-VIP-PDC-reunion-strom-studio-1024x683.png",1024,683,true],"1536x1536":["https:\/\/bassin-arcachon.com\/wp-content\/uploads\/2024\/08\/Salon-VIP-PDC-reunion-strom-studio-1536x1024.png",1536,1024,true],"2048x2048":["https:\/\/bassin-arcachon.com\/wp-content\/uploads\/2024\/08\/Salon-VIP-PDC-reunion-strom-studio-2048x1365.png",2048,1365,true],"trp-custom-language-flag":["https:\/\/bassin-arcachon.com\/wp-content\/uploads\/2024\/08\/Salon-VIP-PDC-reunion-strom-studio-18x12.png",18,12,true]},"uagb_author_info":{"display_name":"Marine, habitante du Bassin d'Arcachon","author_link":"https:\/\/bassin-arcachon.com\/it\/author\/marinesiba\/"},"uagb_comment_info":0,"uagb_excerpt":"Business avec vue Espace de 70 m\u00b2 Capacit\u00e9 19 personnes Salon VIP tout \u00e9quip\u00e9 Programme sur-mesure Services Tarifs abordables Nous contacter palaisdescongres@arcachon.com Baign\u00e9e par la lumi\u00e8re du Bassin d\u2019Arcachon avec [&hellip;]","_links":{"self":[{"href":"https:\/\/bassin-arcachon.com\/it\/wp-json\/wp\/v2\/pages\/48239","targetHints":{"allow":["GET"]}}],"collection":[{"href":"https:\/\/bassin-arcachon.com\/it\/wp-json\/wp\/v2\/pages"}],"about":[{"href":"https:\/\/bassin-arcachon.com\/it\/wp-json\/wp\/v2\/types\/page"}],"author":[{"embeddable":true,"href":"https:\/\/bassin-arcachon.com\/it\/wp-json\/wp\/v2\/users\/12"}],"replies":[{"embeddable":true,"href":"https:\/\/bassin-arcachon.com\/it\/wp-json\/wp\/v2\/comments?post=48239"}],"version-history":[{"count":0,"href":"https:\/\/bassin-arcachon.com\/it\/wp-json\/wp\/v2\/pages\/48239\/revisions"}],"up":[{"embeddable":true,"href":"https:\/\/bassin-arcachon.com\/it\/wp-json\/wp\/v2\/pages\/47887"}],"wp:featuredmedia":[{"embeddable":true,"href":"https:\/\/bassin-arcachon.com\/it\/wp-json\/wp\/v2\/media\/58947"}],"wp:attachment":[{"href":"https:\/\/bassin-arcachon.com\/it\/wp-json\/wp\/v2\/media?parent=48239"}],"curies":[{"name":"wp","href":"https:\/\/api.w.org\/{rel}","templated":true}]}}