{"id":51255,"date":"2022-10-04T15:39:16","date_gmt":"2022-10-04T13:39:16","guid":{"rendered":"https:\/\/bassin-arcachon.com\/\/?page_id=51255"},"modified":"2025-02-06T10:31:26","modified_gmt":"2025-02-06T09:31:26","slug":"scarica-la-nostra-applicazione","status":"publish","type":"page","link":"https:\/\/bassin-arcachon.com\/it\/telechargez-notre-application\/","title":{"rendered":"Scarica la nostra app"},"content":{"rendered":"<div class=\"wp-block-uagb-container uagb-block-cae9c66a alignfull uagb-is-root-container\"><div class=\"uagb-container-inner-blocks-wrap\">\n<div class=\"wp-block-uagb-container uagb-block-df47c534\"><div class=\"wp-block-image\">\n<figure class=\"aligncenter size-full\"><img loading=\"lazy\" decoding=\"async\" width=\"240\" height=\"240\" src=\"https:\/\/bassin-arcachon.com\/wp-content\/uploads\/2022\/10\/logo-app.jpeg\" alt=\"Bassin d&#039;Arcachon\" class=\"wp-image-51626\" title=\"- - Bassin d&#039;Arcachon\" srcset=\"https:\/\/bassin-arcachon.com\/wp-content\/uploads\/2022\/10\/logo-app.jpeg 240w, https:\/\/bassin-arcachon.com\/wp-content\/uploads\/2022\/10\/logo-app-150x150.jpeg 150w, https:\/\/bassin-arcachon.com\/wp-content\/uploads\/2022\/10\/logo-app-12x12.jpeg 12w\" sizes=\"auto, (max-width: 240px) 100vw, 240px\" \/><\/figure>\n<\/div><\/div>\n\n\n\n<div class=\"wp-block-uagb-container uagb-block-62fe68e1\">\n<p>trova<strong>\u00a0tutti i ristoranti e le cabine di degustazione, le attivit\u00e0 e il tempo libero, il calendario degli eventi, i consigli per lo scambio auto e gli alloggi dell&#039;Bassin di Arcachon sull&#039;applicazione mobile!<\/strong><\/p>\n\n\n\n<p>Con un click, chiama o invia una mail alla struttura selezionata e localizzala sulla mappa<strong>. Trovi anche tutte le informazioni pratiche utili (meteo, orari delle maree, farmacie e numeri di emergenza, ecc.).<\/strong><\/p>\n\n\n\n<p>Nessuna rete?&nbsp;<strong>L&#039;applicazione \u00e8 accessibile offline!<\/strong><\/p>\n<\/div>\n<\/div><\/div>\n\n\n\n<p><\/p>\n\n\n\n<div class=\"wp-block-uagb-container uagb-block-24ea3a34 alignfull uagb-is-root-container\"><div class=\"uagb-container-inner-blocks-wrap\">\n<div class=\"wp-block-uagb-container uagb-block-fcede75e\">\n<div class=\"wp-block-buttons is-layout-flex wp-block-buttons-is-layout-flex\">\n<div class=\"wp-block-button\"><a class=\"wp-block-button__link wp-element-button\" href=\"https:\/\/itunes.apple.com\/fr\/app\/bassin-darcachon\/id409095527?mt=8\" target=\"_blank\" rel=\"noopener\">Scarica dall&#039;App Store<\/a><\/div>\n<\/div>\n<\/div>\n\n\n\n<div class=\"wp-block-uagb-container uagb-block-1f286914\">\n<div class=\"wp-block-buttons is-layout-flex wp-block-buttons-is-layout-flex\">\n<div class=\"wp-block-button\"><a class=\"wp-block-button__link wp-element-button\" href=\"https:\/\/play.google.com\/store\/apps\/details?id=com.youteam.sibav2&amp;hl=fr\" target=\"_blank\" rel=\"noopener\">Scarica su GooglePlay<\/a><\/div>\n<\/div>\n<\/div>\n<\/div><\/div>\n\n\n\n<p><\/p>\n\n\n\n<div class=\"wp-block-uagb-container uagb-block-5c1675dc alignfull uagb-is-root-container\"><div class=\"uagb-container-inner-blocks-wrap\">\n<div class=\"wp-block-uagb-container uagb-block-7d7d9dab\">\n<div class=\"wp-block-uagb-image uagb-block-7111f316 wp-block-uagb-image--layout-default wp-block-uagb-image--effect-static wp-block-uagb-image--align-none\"><figure class=\"wp-block-uagb-image__figure\"><img decoding=\"async\" srcset=\"https:\/\/bassin-arcachon.com\/wp-content\/uploads\/2022\/10\/app-ecran-1-485x1024.jpeg \" sizes=\"auto, (max-width: 480px) 150px\" src=\"https:\/\/bassin-arcachon.com\/wp-content\/uploads\/2022\/10\/app-ecran-1-485x1024.jpeg\" alt=\"- - Bassin d&#039;Arcachon\" class=\"uag-image-51620\" width=\"485\" height=\"1024\" title=\"- - Bassin d&#039;Arcachon\" loading=\"lazy\"><\/figure><\/div>\n<\/div>\n\n\n\n<div class=\"wp-block-uagb-container uagb-block-698e1326\">\n<div class=\"wp-block-uagb-image uagb-block-4df6ae38 wp-block-uagb-image--layout-default wp-block-uagb-image--effect-static wp-block-uagb-image--align-none\"><figure class=\"wp-block-uagb-image__figure\"><img decoding=\"async\" srcset=\"https:\/\/bassin-arcachon.com\/wp-content\/uploads\/2022\/10\/app-ecran-6-485x1024.jpeg \" sizes=\"auto, (max-width: 480px) 150px\" src=\"https:\/\/bassin-arcachon.com\/wp-content\/uploads\/2022\/10\/app-ecran-6-485x1024.jpeg\" alt=\"- - Bassin d&#039;Arcachon\" class=\"uag-image-51625\" width=\"485\" height=\"1024\" title=\"- - Bassin d&#039;Arcachon\" loading=\"lazy\"><\/figure><\/div>\n<\/div>\n\n\n\n<div class=\"wp-block-uagb-container uagb-block-c70e4157\">\n<div class=\"wp-block-uagb-image uagb-block-2338f9ed wp-block-uagb-image--layout-default wp-block-uagb-image--effect-static wp-block-uagb-image--align-none\"><figure class=\"wp-block-uagb-image__figure\"><img decoding=\"async\" srcset=\"https:\/\/bassin-arcachon.com\/wp-content\/uploads\/2022\/10\/app-ecran-4-485x1024.jpeg \" sizes=\"auto, (max-width: 480px) 150px\" src=\"https:\/\/bassin-arcachon.com\/wp-content\/uploads\/2022\/10\/app-ecran-4-485x1024.jpeg\" alt=\"- - Bassin d&#039;Arcachon\" class=\"uag-image-51623\" width=\"485\" height=\"1024\" title=\"- - Bassin d&#039;Arcachon\" loading=\"lazy\"><\/figure><\/div>\n<\/div>\n\n\n\n<div class=\"wp-block-uagb-container uagb-block-30fdbb5d\">\n<div class=\"wp-block-uagb-image uagb-block-6aadbe05 wp-block-uagb-image--layout-default wp-block-uagb-image--effect-static wp-block-uagb-image--align-none\"><figure class=\"wp-block-uagb-image__figure\"><img decoding=\"async\" srcset=\"https:\/\/bassin-arcachon.com\/wp-content\/uploads\/2022\/10\/app-ecran-5-485x1024.jpeg \" sizes=\"auto, (max-width: 480px) 150px\" src=\"https:\/\/bassin-arcachon.com\/wp-content\/uploads\/2022\/10\/app-ecran-5-485x1024.jpeg\" alt=\"- - Bassin d&#039;Arcachon\" class=\"uag-image-51624\" width=\"485\" height=\"1024\" title=\"- - Bassin d&#039;Arcachon\" loading=\"lazy\"><\/figure><\/div>\n<\/div>\n<\/div><\/div>\n\n\n\n<div style=\"height:60px\" aria-hidden=\"true\" class=\"wp-block-spacer\"><\/div>","protected":false},"excerpt":{"rendered":"<p>Retrouvez\u00a0l\u2019ensemble des restaurants et cabanes de d\u00e9gustation, les activit\u00e9s &amp; loisirs, l\u2019agenda des \u00e9v\u00e9nements, les astuces pour troquer la voiture et les h\u00e9bergements du Bassin d\u2019Arcachon sur l&rsquo;application mobile ! [&hellip;]<\/p>\n","protected":false},"author":300,"featured_media":51806,"parent":0,"menu_order":20,"comment_status":"closed","ping_status":"closed","template":"","meta":{"_acf_changed":false,"_uag_custom_page_level_css":"","footnotes":""},"class_list":["post-51255","page","type-page","status-publish","has-post-thumbnail","hentry"],"acf":[],"uagb_featured_image_src":{"full":["https:\/\/bassin-arcachon.com\/wp-content\/uploads\/2022\/10\/SIBA-Application-web.jpg",1400,553,false],"thumbnail":["https:\/\/bassin-arcachon.com\/wp-content\/uploads\/2022\/10\/SIBA-Application-web-150x150.jpg",150,150,true],"medium":["https:\/\/bassin-arcachon.com\/wp-content\/uploads\/2022\/10\/SIBA-Application-web-600x237.jpg",600,237,true],"medium_large":["https:\/\/bassin-arcachon.com\/wp-content\/uploads\/2022\/10\/SIBA-Application-web-768x303.jpg",768,303,true],"large":["https:\/\/bassin-arcachon.com\/wp-content\/uploads\/2022\/10\/SIBA-Application-web-1024x404.jpg",1024,404,true],"1536x1536":["https:\/\/bassin-arcachon.com\/wp-content\/uploads\/2022\/10\/SIBA-Application-web.jpg",1400,553,false],"2048x2048":["https:\/\/bassin-arcachon.com\/wp-content\/uploads\/2022\/10\/SIBA-Application-web.jpg",1400,553,false],"trp-custom-language-flag":["https:\/\/bassin-arcachon.com\/wp-content\/uploads\/2022\/10\/SIBA-Application-web-18x7.jpg",18,7,true]},"uagb_author_info":{"display_name":"dfuzionadmin","author_link":"https:\/\/bassin-arcachon.com\/it\/author\/dfuzionadmin\/"},"uagb_comment_info":0,"uagb_excerpt":"Retrouvez\u00a0l\u2019ensemble des restaurants et cabanes de d\u00e9gustation, les activit\u00e9s &amp; loisirs, l\u2019agenda des \u00e9v\u00e9nements, les astuces pour troquer la voiture et les h\u00e9bergements du Bassin d\u2019Arcachon sur l&rsquo;application mobile ! [&hellip;]","_links":{"self":[{"href":"https:\/\/bassin-arcachon.com\/it\/wp-json\/wp\/v2\/pages\/51255","targetHints":{"allow":["GET"]}}],"collection":[{"href":"https:\/\/bassin-arcachon.com\/it\/wp-json\/wp\/v2\/pages"}],"about":[{"href":"https:\/\/bassin-arcachon.com\/it\/wp-json\/wp\/v2\/types\/page"}],"author":[{"embeddable":true,"href":"https:\/\/bassin-arcachon.com\/it\/wp-json\/wp\/v2\/users\/300"}],"replies":[{"embeddable":true,"href":"https:\/\/bassin-arcachon.com\/it\/wp-json\/wp\/v2\/comments?post=51255"}],"version-history":[{"count":1,"href":"https:\/\/bassin-arcachon.com\/it\/wp-json\/wp\/v2\/pages\/51255\/revisions"}],"predecessor-version":[{"id":144096,"href":"https:\/\/bassin-arcachon.com\/it\/wp-json\/wp\/v2\/pages\/51255\/revisions\/144096"}],"wp:featuredmedia":[{"embeddable":true,"href":"https:\/\/bassin-arcachon.com\/it\/wp-json\/wp\/v2\/media\/51806"}],"wp:attachment":[{"href":"https:\/\/bassin-arcachon.com\/it\/wp-json\/wp\/v2\/media?parent=51255"}],"curies":[{"name":"wp","href":"https:\/\/api.w.org\/{rel}","templated":true}]}}