{"id":51968,"date":"2022-10-24T18:06:57","date_gmt":"2022-10-24T16:06:57","guid":{"rendered":"https:\/\/bassin-arcachon.com\/\/?page_id=51968"},"modified":"2023-02-02T15:50:58","modified_gmt":"2023-02-02T14:50:58","slug":"politica-sulla-riservatezza","status":"publish","type":"page","link":"https:\/\/bassin-arcachon.com\/it\/politique-de-confidentialite\/","title":{"rendered":"politica sulla riservatezza"},"content":{"rendered":"<div class=\"wp-block-uagb-container uagb-block-095e0448 alignfull uagb-is-root-container\"><div class=\"uagb-container-inner-blocks-wrap\">\n<h2 class=\"wp-block-heading\">Raccolta di dati<\/h2>\n\n\n\n<p>I dati personali eventualmente raccolti nel sito e nell&#039;applicazione sono principalmente utilizzati dall&#039;editore per la gestione dei rapporti con l&#039;utente del sito\/applicazione e, se necessario, per l&#039;elaborazione delle richieste di brochure. Sono registrati nel fascicolo del cliente dell&#039;editore e il fascicolo cos\u00ec creato a partire dai dati personali \u00e8 dichiarato alla CNIL.<\/p>\n\n\n\n<p>In conformit\u00e0 con le disposizioni della legge n\u00b0 78-17 del 6 gennaio 1978 modificata, relativa all&#039;informatica, ai file e alle libert\u00e0, disponete di un diritto di accesso, interrogazione, modifica e cancellazione delle informazioni che vi riguardano, da esercitare in qualsiasi momento presso l&#039;editore o per posta al seguente indirizzo: SIBA, 16 all\u00e9e corrigan, 33120 Arcachon; sia via e-mail al seguente indirizzo: tourisme@siba-bassin-arcachon.fr<\/p>\n\n\n\n<p>Per motivi di sicurezza e per evitare qualsiasi richiesta fraudolenta, questa richiesta deve essere accompagnata da un documento d&#039;identit\u00e0. Dopo aver elaborato la richiesta, questa prova sar\u00e0 distrutta. L&#039;editore deve conservare i contatti cancellati in un database di esclusione per non richiederli pi\u00f9 in futuro, per poter giustificare questo trattamento e per rispettare le normative.<\/p>\n\n\n\n<p>Le informazioni raccolte potranno eventualmente essere comunicate a terzi contrattualmente vincolati all&#039;editore per l&#039;esecuzione di incarichi subappaltati necessari alla gestione del tuo account e senza che tu debba dare il tuo consenso. In caso di comprovata violazione di disposizioni di legge o regolamentari, tali dati potranno essere comunicati su espressa e motivata richiesta dell&#039;autorit\u00e0 giudiziaria.<\/p>\n\n\n\n<p>Quando determinate informazioni sono obbligatorie per accedere a specifiche funzionalit\u00e0 del sito, l&#039;editore indicher\u00e0 tale carattere obbligatorio al momento dell&#039;inserimento dei dati.<\/p>\n\n\n\n<p>\u00c8 probabile che tu riceva newsletter informative e commerciali dall&#039;editore (una newsletter a stagione e durante i grandi eventi comunali). Se non lo desideri, non spuntare la casella \u201cAccetto di ricevere informazioni commerciali dal Syndicat Intercommunal du Bassin d&#039;Arcachon. Posso in qualsiasi momento rinunciare a questa autorizzazione tramite semplice e-mail indirizzata a tourisme@siba-bassin-arcachon.fr&quot; che si trova in fondo al modulo di richiesta di opuscoli turistici, e si prega di non compilare l&#039;inserto presente in alcune pagine di il sito web che ti propone di ricevere la newsletter di Arcachon Bassin, indicando il tuo cognome e nome e la tua email. Ecco un esempio dove l&#039;inserto \u00e8 presente in fondo alla pagina: <a href=\"https:\/\/bassin-arcachon.com\/it\/agenda-uscite-mercati\/\">https:\/\/bassin-arcachon.com\/agenda-sorties-marches\/<\/a><\/p>\n\n\n\n<p>Se, durante la consultazione del sito, l&#039;utente accede a dati personali, deve astenersi da qualsiasi raccolta, qualsiasi uso non autorizzato e qualsiasi atto che possa costituire una violazione della privacy o della reputazione delle persone. L&#039;editore declina ogni responsabilit\u00e0 al riguardo.<\/p>\n\n\n\n<p>L&#039;editore si impegna a cancellare dal database del sito i dati personali delle persone inattive da 3 anni. <a href=\"https:\/\/bassin-arcachon.com\/it\/\">www.bassin-arcachon.com<\/a> e inserirli nella base di esclusione che consenta di giustificare questo trattamento.<\/p>\n\n\n\n<h4 class=\"wp-block-heading\">Dati personali<\/h4>\n\n\n\n<p>Il sito che stai visitando utilizza traccianti (cookie). Pertanto, \u00e8 probabile che il sito acceda alle informazioni gi\u00e0 memorizzate nella tua apparecchiatura terminale di comunicazione elettronica e inserisca le informazioni l\u00ec.<\/p>\n\n\n\n<h4 class=\"wp-block-heading\">Cos&#039;\u00e8 un biscotto?<\/h4>\n\n\n\n<p>Un cookie \u00e8 un piccolo file di testo contenente varie informazioni. Viene memorizzato nella memoria del tuo terminale (computer, tablet, smartphone, ecc.) dal server del sito web visitato o da un server di terze parti (servizio di web analytics, ecc.). Permetter\u00e0, durante il periodo di validit\u00e0 o registrazione del cookie, di identificare il tuo terminale durante le tue prossime visite. A societ\u00e0 terze potrebbe anche essere richiesto, in base alle tue scelte, di inserire cookie sul tuo computer (Es: Google Analytics, Facebook, ecc.). Indipendentemente dal tipo di cookie, solo l&#039;emittente di un cookie pu\u00f2 leggere o modificare le informazioni in esso contenute.<\/p>\n\n\n\n<h4 class=\"wp-block-heading\">I diversi tipi di cookie utilizzati da www.bassin-arcachon.com<\/h4>\n\n\n\n<p>Il sito utilizza solo traccianti cosiddetti \u201cstrettamente necessari\u201d, che non richiedono il tuo consenso preventivo.<\/p>\n\n\n\n<p><strong>-Biscotti essenziali<\/strong> : Sono indispensabili per il corretto funzionamento del sito perch\u00e9 ti consentono di accedere ad aree come &quot;Il mio diario di viaggio&quot; grazie ai dati memorizzati durante la tua sessione di navigazione. Ci consentono di memorizzare informazioni relative ai moduli che probabilmente compilerai sul nostro sito e di adattare la presentazione del nostro sito alle preferenze di visualizzazione del tuo terminale. Senza questi cookie, non saresti in grado di utilizzare il nostro sito in condizioni normali.<\/p>\n\n\n\n<p><strong>- Cookie analitici o prestazionali<\/strong> : Questi cookie nudi consentono di conoscere l&#039;uso e le prestazioni del nostro sito e di migliorarne il funzionamento. In particolare, misurano i tuoi dati di navigazione (volume delle visite, sezioni e contenuti visitati, ecc.). Questi cookie sono essenziali perch\u00e9 ci consentono di migliorare l&#039;interesse e l&#039;ergonomia dei nostri servizi e persino di rilevare problemi di navigazione.<\/p>\n\n\n\n<p><strong>-Cookie di social network<\/strong> : Alcune pagine del nostro sito hanno plug-in di terze parti, che consentono di condividere i contenuti del nostro sito con altri. \u00c8 il caso dei pulsanti dei social network come Facebook, Twitter, Pinterest o Google+. Non abbiamo alcun controllo sul processo utilizzato dai social network per raccogliere informazioni relative alla tua navigazione sul nostro sito. Se sei un membro di una di queste reti, ti invitiamo a consultare le politiche di protezione della privacy di questi social network per conoscere le finalit\u00e0 di utilizzo, in particolare la pubblicit\u00e0, delle informazioni di navigazione che possono raccogliere attraverso questi pulsanti dell&#039;applicazione .<\/p>\n\n\n\n<h4 class=\"wp-block-heading\">Accetta o rifiuta i cookie<\/h4>\n\n\n\n<p>Questi traccianti non possono, tecnicamente, essere disattivati dal sito. Puoi comunque opporti all&#039;uso di questi traccianti, esclusivamente configurando il tuo browser. Questa impostazione dipende dal browser che stai utilizzando, ma \u00e8 generalmente semplice da eseguire: in linea di principio, puoi attivare una funzione di navigazione privata o solo vietare o limitare i traccianti (cookie). Tieni presente che i tracker potrebbero essere stati salvati sul tuo dispositivo prima della configurazione del browser: in tal caso, elimina la cronologia di navigazione, utilizzando sempre le impostazioni del browser.<\/p>\n\n\n\n<p>Nota importante: Ti ricordiamo che l&#039;impostazione del tuo browser in termini di cookie \u00e8 suscettibile di modificare le tue condizioni di accesso ai nostri servizi. Se il tuo browser \u00e8 configurato per rifiutare tutti i cookie, non potrai pi\u00f9 beneficiare appieno di tutti i nostri servizi.<\/p>\n\n\n\n<p>In tal caso, non possiamo essere ritenuti responsabili in caso di funzionamento degradato del sito e dei suoi servizi derivante dall&#039;impossibilit\u00e0 di registrare o consultare i cookie necessari a tale operazione e che avresti rifiutato o eliminato.<\/p>\n\n\n\n<h4 class=\"wp-block-heading\">Impostazioni del tuo browser<\/h4>\n\n\n\n<p>La configurazione della gestione dei cookie dipende da ciascun browser. Ecco gli strumenti di aiuto in linea per configurarli:<\/p>\n\n\n\n<p>- Internet Explorer: <a href=\"https:\/\/support.microsoft.com\/fr-fr\/help\/17442\/windows-internet-explorer-delete-manage-cookies#ie=ie-11\" target=\"_blank\" rel=\"noopener\">https:\/\/support.microsoft.com\/fr-fr\/help\/17442\/windows-internet-explorer-delete-manage-cookies#ie=ie-11<\/a><\/p>\n\n\n\n<p>-Safari: <a href=\"https:\/\/support.apple.com\/fr-fr\/HT201265\" target=\"_blank\" rel=\"noopener\">https:\/\/support.apple.com\/fr-fr\/HT201265<\/a><\/p>\n\n\n\n<p>-Cromo: <a href=\"https:\/\/support.google.com\/chrome\/answer\/95647?hl=fr&amp;hlrm=en\" target=\"_blank\" rel=\"noopener\">https:\/\/support.google.com\/chrome\/answer\/95647?hl=fr&amp;hlrm=en<\/a><\/p>\n\n\n\n<p>-Firefox: <a href=\"https:\/\/support.mozilla.org\/fr\/kb\/activer-desactiver-cookies?redirectlocale=fr&amp;redirectslug=Activer+et+d%C3%A9sactiver+les+cookies\" target=\"_blank\" rel=\"noopener\">https:\/\/support.mozilla.org\/fr\/kb\/activer-desactiver-cookies?redirectlocale=fr&amp;redirectslug=Activer+et+d%C3%A9sactiver+les+cookies<\/a><\/p>\n\n\n\n<p>-Musica lirica: <a href=\"http:\/\/help.opera.com\/Windows\/10.20\/fr\/cookies.html\" target=\"_blank\" rel=\"noopener\">http:\/\/help.opera.com\/Windows\/10.20\/fr\/cookies.html<\/a><\/p>\n\n\n\n<h4 class=\"wp-block-heading\">Ulteriori informazioni sui cookie<\/h4>\n\n\n\n<p>L&#039;uso dei localizzatori \u00e8 disciplinato dall&#039;articolo 32 II della legge n. 78-17 del 6 gennaio 1978, che recepisce l&#039;articolo 5.3 della direttiva 2002\/58\/CE del Parlamento europeo e del Consiglio del 12 luglio 2002, modificata dalla direttiva 2009\/136\/CE.<\/p>\n\n\n\n<p>Trova maggiori informazioni sull&#039;uso dei cookie sul sito Web CNIL: <a href=\"https:\/\/www.cnil.fr\/fr\/cookies-les-outils-pour-les-maitriser\" target=\"_blank\" rel=\"noopener\">https:\/\/www.cnil.fr\/fr\/cookies-les-outils-pour-les-maitriser<\/a><\/p>\n\n\n\n<h2 class=\"wp-block-heading\">Applicazione mobile Arcachon Bassin<\/h2>\n\n\n\n<ul class=\"wp-block-list\">\n<li>Nessuna raccolta di dati personali<\/li>\n\n\n\n<li>Niente biscotti<\/li>\n\n\n\n<li>Utilizzo dei dati sulla posizione in determinate funzionalit\u00e0 (ordinamento per distanza, ad esempio)<\/li>\n\n\n\n<li>Raccolta statistiche di utilizzo (in modalit\u00e0 anonima tramite google analytics)<\/li>\n<\/ul>\n\n\n\n\n    <h3>\n        Se non lo hai identificato via e-mail    <\/h3>\n    <form action=\"\">\n        <label for=\"gdpr_email\">Inserisci il tuo indirizzo email<\/label>\n        <input type=\"hidden\" name=\"gdpr_action\" value=\"identify\" \/>\n        <input type=\"hidden\" name=\"gdpr_nonce\" value=\"12e750ee83\" \/>\n        <input type=\"email\" id=\"gdpr_email\" name=\"email\" placeholder=\"Inserisci il tuo indirizzo email\" \/>\n        \n        <input type=\"submit\" value=\"Invia email\" id=\"gdpr-submit\"\/>\n    <input type=\"hidden\" name=\"trp-form-language\" value=\"it\"\/><\/form>\n\n\n\n<\/div><\/div>","protected":false},"excerpt":{"rendered":"<p>Collecte des donn\u00e9es Les informations personnelles pouvant \u00eatre recueillies sur le site et l\u2019application sont principalement utilis\u00e9es par l\u2019\u00e9diteur pour la gestion des relations avec l\u2019utilisateur du site\/application, et le [&hellip;]<\/p>\n","protected":false},"author":300,"featured_media":51818,"parent":0,"menu_order":30,"comment_status":"closed","ping_status":"closed","template":"","meta":{"_acf_changed":false,"_uag_custom_page_level_css":"","footnotes":""},"class_list":["post-51968","page","type-page","status-publish","has-post-thumbnail","hentry"],"acf":[],"uagb_featured_image_src":{"full":["https:\/\/bassin-arcachon.com\/wp-content\/uploads\/2022\/10\/bassin-arcachon.com-44884254390328670.jpeg",1000,750,false],"thumbnail":["https:\/\/bassin-arcachon.com\/wp-content\/uploads\/2022\/10\/bassin-arcachon.com-44884254390328670-150x150.jpeg",150,150,true],"medium":["https:\/\/bassin-arcachon.com\/wp-content\/uploads\/2022\/10\/bassin-arcachon.com-44884254390328670-600x450.jpeg",600,450,true],"medium_large":["https:\/\/bassin-arcachon.com\/wp-content\/uploads\/2022\/10\/bassin-arcachon.com-44884254390328670-768x576.jpeg",768,576,true],"large":["https:\/\/bassin-arcachon.com\/wp-content\/uploads\/2022\/10\/bassin-arcachon.com-44884254390328670.jpeg",1000,750,false],"1536x1536":["https:\/\/bassin-arcachon.com\/wp-content\/uploads\/2022\/10\/bassin-arcachon.com-44884254390328670.jpeg",1000,750,false],"2048x2048":["https:\/\/bassin-arcachon.com\/wp-content\/uploads\/2022\/10\/bassin-arcachon.com-44884254390328670.jpeg",1000,750,false],"trp-custom-language-flag":["https:\/\/bassin-arcachon.com\/wp-content\/uploads\/2022\/10\/bassin-arcachon.com-44884254390328670-16x12.jpeg",16,12,true]},"uagb_author_info":{"display_name":"dfuzionadmin","author_link":"https:\/\/bassin-arcachon.com\/it\/author\/dfuzionadmin\/"},"uagb_comment_info":0,"uagb_excerpt":"Collecte des donn\u00e9es Les informations personnelles pouvant \u00eatre recueillies sur le site et l\u2019application sont principalement utilis\u00e9es par l\u2019\u00e9diteur pour la gestion des relations avec l\u2019utilisateur du site\/application, et le [&hellip;]","_links":{"self":[{"href":"https:\/\/bassin-arcachon.com\/it\/wp-json\/wp\/v2\/pages\/51968","targetHints":{"allow":["GET"]}}],"collection":[{"href":"https:\/\/bassin-arcachon.com\/it\/wp-json\/wp\/v2\/pages"}],"about":[{"href":"https:\/\/bassin-arcachon.com\/it\/wp-json\/wp\/v2\/types\/page"}],"author":[{"embeddable":true,"href":"https:\/\/bassin-arcachon.com\/it\/wp-json\/wp\/v2\/users\/300"}],"replies":[{"embeddable":true,"href":"https:\/\/bassin-arcachon.com\/it\/wp-json\/wp\/v2\/comments?post=51968"}],"version-history":[{"count":0,"href":"https:\/\/bassin-arcachon.com\/it\/wp-json\/wp\/v2\/pages\/51968\/revisions"}],"wp:featuredmedia":[{"embeddable":true,"href":"https:\/\/bassin-arcachon.com\/it\/wp-json\/wp\/v2\/media\/51818"}],"wp:attachment":[{"href":"https:\/\/bassin-arcachon.com\/it\/wp-json\/wp\/v2\/media?parent=51968"}],"curies":[{"name":"wp","href":"https:\/\/api.w.org\/{rel}","templated":true}]}}