{"id":52286,"date":"2022-11-02T17:08:40","date_gmt":"2022-11-02T16:08:40","guid":{"rendered":"https:\/\/bassin-arcachon.com\/?page_id=52286"},"modified":"2025-11-04T10:32:44","modified_gmt":"2025-11-04T09:32:44","slug":"le-nostre-brochure","status":"publish","type":"page","link":"https:\/\/bassin-arcachon.com\/it\/nos-brochures\/","title":{"rendered":"I nostri opuscoli"},"content":{"rendered":"<div class=\"wp-block-uagb-container form-brochure uagb-block-1bf3bff8 alignfull uagb-is-root-container\"><div class=\"uagb-container-inner-blocks-wrap\">\n<div style=\"height:2em\" aria-hidden=\"true\" class=\"wp-block-spacer uag-hide-desktop\"><\/div>\n\n\n\n<h2 class=\"wp-block-heading has-text-align-center\">Per ricevere per posta Bassin Destination Magazine di Arcachon,<br>ordinalo tramite il modulo sottostante.<\/h2>\n\n\n\n<p class=\"has-text-align-center\">Consulta tutti i nostri <a href=\"https:\/\/bassin-arcachon.com\/it\/le-nostre-brochure\/#brochures\">brochure disponibili per il download qui sotto.<\/a><\/p>\n\n\n\n<div class=\"wp-block-uagb-container formContainer uagb-block-c97f651c\">\n<div class=\"forminator-guttenberg\"><div class=\"forminator-ui forminator-custom-form forminator-custom-form-157907 forminator-design--basic  forminator_ajax\" data-forminator-render=\"0\" data-form=\"forminator-module-157907\" data-uid=\"69f0f6d5bf3b8\"><br\/><\/div><form\n\t\t\t\tid=\"forminator-module-157907\"\n\t\t\t\tclass=\"forminator-ui forminator-custom-form forminator-custom-form-157907 forminator-design--basic  forminator_ajax\"\n\t\t\t\tmethod=\"post\"\n\t\t\t\tdata-forminator-render=\"0\"\n\t\t\t\tdata-form-id=\"157907\"\n\t\t\t\t data-color-option=\"theme\" data-design=\"basic\" data-grid=\"open\" style=\"display: none;\"\n\t\t\t\tdata-uid=\"69f0f6d5bf3b8\" action=\"\"\n\t\t\t><div role=\"alert\" aria-live=\"polite\" class=\"forminator-response-message forminator-error\" aria-hidden=\"true\"><\/div><div class=\"forminator-row\"><div id=\"radio-1\" class=\"forminator-field-radio forminator-col forminator-col-12\"><div role=\"radiogroup\" class=\"forminator-field\" aria-labelledby=\"forminator-radiogroup-radio-1-69f0f6d5bf3b8-label\"><span id=\"forminator-radiogroup-radio-1-69f0f6d5bf3b8-label\" class=\"forminator-label\">Civilt\u00e0 <span class=\"forminator-required\">*<\/span><\/span><label id=\"forminator-field-radio-1-label-1\" for=\"forminator-field-radio-1-1-69f0f6d5bf3b8\" class=\"forminator-radio forminator-radio-inline\" title=\"Sig.ra\"><input type=\"radio\" name=\"radio-1\" value=\"Mme\" id=\"forminator-field-radio-1-1-69f0f6d5bf3b8\" aria-labelledby=\"forminator-field-radio-1-label-1\" data-calculation=\"0\"   data-hidden-behavior=\"zero\"\/><span class=\"forminator-radio-bullet\" aria-hidden=\"true\"><\/span><span class=\"forminator-radio-label\">Sig.ra<\/span><\/label><label id=\"forminator-field-radio-1-label-2\" for=\"forminator-field-radio-1-2-69f0f6d5bf3b8\" class=\"forminator-radio forminator-radio-inline\" title=\"Sig\"><input type=\"radio\" name=\"radio-1\" value=\"Mr\" id=\"forminator-field-radio-1-2-69f0f6d5bf3b8\" aria-labelledby=\"forminator-field-radio-1-label-2\" data-calculation=\"0\"   data-hidden-behavior=\"zero\"\/><span class=\"forminator-radio-bullet\" aria-hidden=\"true\"><\/span><span class=\"forminator-radio-label\">Sig<\/span><\/label><\/div><\/div><\/div><div class=\"forminator-row\"><div id=\"name-1\" class=\"forminator-field-name forminator-col forminator-col-4\"><div class=\"forminator-field\"><label for=\"forminator-field-name-1_69f0f6d5bf3b8\" id=\"forminator-field-name-1_69f0f6d5bf3b8-label\" class=\"forminator-label\">Nome <span class=\"forminator-required\">*<\/span><\/label><input type=\"text\" name=\"name-1\" value=\"\" placeholder=\"Nome\" id=\"forminator-field-name-1_69f0f6d5bf3b8\" class=\"forminator-input forminator-name--field\" aria-required=\"true\" autocomplete=\"name\" \/><\/div><\/div><div id=\"name-2\" class=\"forminator-field-name forminator-col forminator-col-4\"><div class=\"forminator-field\"><label for=\"forminator-field-name-2_69f0f6d5bf3b8\" id=\"forminator-field-name-2_69f0f6d5bf3b8-label\" class=\"forminator-label\">Nome <span class=\"forminator-required\">*<\/span><\/label><input type=\"text\" name=\"name-2\" value=\"\" placeholder=\"Nome\" id=\"forminator-field-name-2_69f0f6d5bf3b8\" class=\"forminator-input forminator-name--field\" aria-required=\"true\" autocomplete=\"name\" \/><\/div><\/div><div id=\"email-1\" class=\"forminator-field-email forminator-col forminator-col-4\"><div class=\"forminator-field\"><label for=\"forminator-field-email-1_69f0f6d5bf3b8\" id=\"forminator-field-email-1_69f0f6d5bf3b8-label\" class=\"forminator-label\">E-mail <span class=\"forminator-required\">*<\/span><\/label><input type=\"email\" name=\"email-1\" value=\"\" placeholder=\"Indirizzo e-mail\" id=\"forminator-field-email-1_69f0f6d5bf3b8\" class=\"forminator-input forminator-email--field\" data-required=\"true\" aria-required=\"true\" autocomplete=\"email\" \/><\/div><\/div><\/div><div class=\"forminator-row\"><div id=\"text-1\" class=\"forminator-field-text forminator-col forminator-col-4\"><div class=\"forminator-field\"><label for=\"forminator-field-text-1_69f0f6d5bf3b8\" id=\"forminator-field-text-1_69f0f6d5bf3b8-label\" class=\"forminator-label\">Indirizzo <span class=\"forminator-required\">*<\/span><\/label><input type=\"text\" name=\"text-1\" value=\"\" placeholder=\"Indirizzo\" id=\"forminator-field-text-1_69f0f6d5bf3b8\" class=\"forminator-input forminator-name--field\" data-required=\"1\" \/><\/div><\/div><div id=\"text-2\" class=\"forminator-field-text forminator-col forminator-col-4\"><div class=\"forminator-field\"><label for=\"forminator-field-text-2_69f0f6d5bf3b8\" id=\"forminator-field-text-2_69f0f6d5bf3b8-label\" class=\"forminator-label\">Codice Postale <span class=\"forminator-required\">*<\/span><\/label><input type=\"text\" name=\"text-2\" value=\"\" placeholder=\"Codice Postale\" id=\"forminator-field-text-2_69f0f6d5bf3b8\" class=\"forminator-input forminator-name--field\" data-required=\"1\" \/><\/div><\/div><div id=\"text-3\" class=\"forminator-field-text forminator-col forminator-col-4\"><div class=\"forminator-field\"><label for=\"forminator-field-text-3_69f0f6d5bf3b8\" id=\"forminator-field-text-3_69f0f6d5bf3b8-label\" class=\"forminator-label\">Citt\u00e0 <span class=\"forminator-required\">*<\/span><\/label><input type=\"text\" name=\"text-3\" value=\"\" placeholder=\"Citt\u00e0\" id=\"forminator-field-text-3_69f0f6d5bf3b8\" class=\"forminator-input forminator-name--field\" data-required=\"1\" \/><\/div><\/div><\/div><div class=\"forminator-row\"><div id=\"text-4\" class=\"forminator-field-text forminator-col forminator-col-4\"><div class=\"forminator-field\"><label for=\"forminator-field-text-4_69f0f6d5bf3b8\" id=\"forminator-field-text-4_69f0f6d5bf3b8-label\" class=\"forminator-label\">Paese <span class=\"forminator-required\">*<\/span><\/label><input type=\"text\" name=\"text-4\" value=\"\" placeholder=\"Paese\" id=\"forminator-field-text-4_69f0f6d5bf3b8\" class=\"forminator-input forminator-name--field\" data-required=\"1\" \/><\/div><\/div><div id=\"html-1\" class=\"forminator-field-html forminator-col forminator-col-4\"><div class=\"forminator-field forminator-merge-tags\" data-field=\"html-1\"><label class=\"forminator-label\">HTML<\/label><\/div><\/div><div id=\"html-2\" class=\"forminator-field-html forminator-col forminator-col-4\"><div class=\"forminator-field forminator-merge-tags\" data-field=\"html-2\"><label class=\"forminator-label\">HTML<\/label><\/div><\/div><\/div><div class=\"forminator-row forminator-hidden\"><div id=\"hidden-2\" class=\"forminator-field-hidden  forminator-col-12\"><input type=\"hidden\" id=\"hidden-2_69f0f6d5bf3b8\" name=\"hidden-2\" value=\"216.73.217.7\" \/><\/div><\/div><div class=\"forminator-row\"><div id=\"checkbox-1\" class=\"forminator-field-checkbox forminator-col forminator-col-12\"><div role=\"group\" class=\"forminator-field\" aria-labelledby=\"forminator-checkbox-group-forminator-field-checkbox-1-69f0f6d5bf3b8-label\"><span id=\"forminator-checkbox-group-forminator-field-checkbox-1-69f0f6d5bf3b8-label\" class=\"forminator-label\">Notiziario<\/span><label id=\"forminator-field-checkbox-1-1-69f0f6d5bf3b8-label\" for=\"forminator-field-checkbox-1-1-69f0f6d5bf3b8\" class=\"forminator-checkbox forminator-checkbox-inline\" title=\"Accetto di ricevere informazioni commerciali dal Syndicat Intercommunal du Bassin d&#039;Arcachon. Posso in qualsiasi momento rinunciare a questa autorizzazione tramite semplice e-mail indirizzata a tourisme@siba-bassin-arcachon.fr\"><input type=\"checkbox\" name=\"checkbox-1[]\" value=\"one\" id=\"forminator-field-checkbox-1-1-69f0f6d5bf3b8\" aria-labelledby=\"forminator-field-checkbox-1-1-69f0f6d5bf3b8-label\" data-calculation=\"0\"   data-hidden-behavior=\"zero\"\/><span class=\"forminator-checkbox-box\" aria-hidden=\"true\"><\/span><span class=\"forminator-checkbox-label\">J\u2019accepte de recevoir les informations \u00e0 caract\u00e8re commercial provenant du Syndicat Intercommunal du Bassin d&rsquo;Arcachon. Je pourrai \u00e0 tout moment renoncer \u00e0 cette autorisation par simple courrier \u00e9lectronique adress\u00e9 \u00e0 tourisme@siba-bassin-arcachon.fr<\/span><\/label><\/div><\/div><\/div><div class=\"forminator-row\"><div id=\"consent-1\" class=\"forminator-field-consent forminator-col forminator-col-12\"><div class=\"forminator-field\"><label for=\"forminator-field-consent-1_69f0f6d5bf3b8\" id=\"forminator-field-consent-1_69f0f6d5bf3b8-label\" class=\"forminator-label\">Consenso GDPR <span class=\"forminator-required\">*<\/span><\/label><div class=\"forminator-checkbox__wrapper\"><label id=\"forminator-field-consent-1_69f0f6d5bf3b8__label\" class=\"forminator-checkbox forminator-consent\"><input type=\"checkbox\" name=\"consent-1\" id=\"forminator-field-consent-1_69f0f6d5bf3b8\" value=\"checked\" aria-labelledby=\"forminator-field-consent-1_69f0f6d5bf3b8-label\" aria-describedby=\"forminator-field-consent-1_69f0f6d5bf3b8__description\" data-required=\"true\" aria-required=\"true\" \/><span class=\"forminator-checkbox-box\" aria-hidden=\"true\"><\/span><\/label><div id=\"forminator-field-consent-1_69f0f6d5bf3b8__description\" class=\"forminator-checkbox__label forminator-consent__label\"><span>J&rsquo;accepte la <a rel=\"noopener\" target=\"_blank\" href=\"https:\/\/bassin-arcachon.com\/it\/politica-sulla-riservatezza\/\">politica sulla riservatezza<\/a> da bassin-arcachon.com (SIBA) e accetto che i miei dati possano essere utilizzati come parte della mia richiesta<\/span><\/div><\/div><\/div><\/div><\/div><input type=\"hidden\" name=\"referer_url\" value=\"\" \/><div class=\"forminator-row forminator-row-last\"><div class=\"forminator-col\"><div class=\"forminator-field\">            <div class=\"honeycatch\"\n                data-context=\"forminator\"\n                data-rest-url=\"https:\/\/bassin-arcachon.com\/it\/wp-json\/honeycatch\/v1\/challenge\"\n                data-loading-text=\"V\u00e9rification anti-robot en cours\u2026\"\n                data-solved-text=\"V\u00e9rification anti-robot valid\u00e9e.\"\n                data-error-text=\"La v\u00e9rification anti-robot a \u00e9chou\u00e9, merci de r\u00e9essayer.\"\n            >\n                <input type=\"hidden\" name=\"honeycatch_nonce\" value=\"\" data-honeycatch-nonce>\n                <input type=\"hidden\" name=\"honeycatch_solution\" value=\"\" data-honeycatch-solution>\n                <input type=\"hidden\" name=\"honeycatch_elapsed\" value=\"\" data-honeycatch-elapsed>\n                <p class=\"honeycatch__status\" aria-live=\"polite\">V\u00e9rification anti-robot en cours\u2026<\/p>\n                <div class=\"honeycatch__spinner\" aria-hidden=\"true\"><\/div>\n                <label class=\"honeycatch__honeypot-label\" for=\"hc_hp_placeholder\">\n                    Ne pas remplir ce champ                <\/label>\n                <input type=\"text\"\n                    id=\"hc_hp_placeholder\"\n                    name=\"\"\n                    value=\"\"\n                    autocomplete=\"off\"\n                    tabindex=\"-1\"\n                    class=\"honeycatch__honeypot\"\n                    data-honeypot=\"true\"\n                    aria-hidden=\"true\"\n                >\n                <noscript>\n                    <p class=\"honeycatch__noscript\">\n                        Merci d&#039;activer JavaScript pour soumettre ce formulaire.                    <\/p>\n                <\/noscript>\n            <\/div>\n        <button class=\"forminator-button forminator-button-submit button large\">Invia la mia richiesta<\/button><\/div><\/div><\/div><input type=\"hidden\" id=\"forminator_nonce\" name=\"forminator_nonce\" value=\"484d9791fb\" \/><input type=\"hidden\" name=\"_wp_http_referer\" value=\"\/it\/wp-json\/wp\/v2\/pages\/52286\" \/><input type=\"hidden\" name=\"form_id\" value=\"157907\"><input type=\"hidden\" name=\"page_id\" value=\"52286\"><input type=\"hidden\" name=\"form_type\" value=\"default\"><input type=\"hidden\" name=\"current_url\" value=\"https:\/\/bassin-arcachon.com\/it\/nos-brochures\/\"><input type=\"hidden\" name=\"render_id\" value=\"0\"><input type=\"hidden\" name=\"action\" value=\"forminator_submit_form_custom-forms\"><label for=\"input_12\" class=\"forminator-hidden\" aria-hidden=\"true\">Si prega di non compilare questo campo. <input id=\"input_12\" type=\"text\" name=\"input_12\" value=\"\" autocomplete=\"off\"><\/label><input type=\"hidden\" name=\"trp-form-language\" value=\"it\"\/><\/form><\/div>\n<\/div>\n<\/div><\/div>","protected":false},"excerpt":{"rendered":"<p>Per ricevere la rivista Arcachon Bassin Destination Magazine per posta, ordinala utilizzando il modulo sottostante. Consulta tutte le nostre brochure disponibili per il download qui sotto.<\/p>","protected":false},"author":300,"featured_media":54275,"parent":0,"menu_order":19,"comment_status":"closed","ping_status":"closed","template":"page-templates\/page-brochures.php","meta":{"_acf_changed":false,"_uag_custom_page_level_css":"","footnotes":""},"class_list":["post-52286","page","type-page","status-publish","has-post-thumbnail","hentry"],"acf":[],"uagb_featured_image_src":{"full":["https:\/\/bassin-arcachon.com\/wp-content\/uploads\/2023\/01\/Photos-Dune-6-scaled.jpg",2560,1920,false],"thumbnail":["https:\/\/bassin-arcachon.com\/wp-content\/uploads\/2023\/01\/Photos-Dune-6-scaled-150x150.jpg",150,150,true],"medium":["https:\/\/bassin-arcachon.com\/wp-content\/uploads\/2023\/01\/Photos-Dune-6-scaled-600x450.jpg",600,450,true],"medium_large":["https:\/\/bassin-arcachon.com\/wp-content\/uploads\/2023\/01\/Photos-Dune-6-scaled-768x576.jpg",768,576,true],"large":["https:\/\/bassin-arcachon.com\/wp-content\/uploads\/2023\/01\/Photos-Dune-6-scaled-1024x768.jpg",1024,768,true],"1536x1536":["https:\/\/bassin-arcachon.com\/wp-content\/uploads\/2023\/01\/Photos-Dune-6-scaled-1536x1152.jpg",1536,1152,true],"2048x2048":["https:\/\/bassin-arcachon.com\/wp-content\/uploads\/2023\/01\/Photos-Dune-6-scaled-2048x1536.jpg",2048,1536,true],"trp-custom-language-flag":["https:\/\/bassin-arcachon.com\/wp-content\/uploads\/2023\/01\/Photos-Dune-6-scaled-16x12.jpg",16,12,true]},"uagb_author_info":{"display_name":"dfuzionadmin","author_link":"https:\/\/bassin-arcachon.com\/it\/author\/dfuzionadmin\/"},"uagb_comment_info":0,"uagb_excerpt":"Pour recevoir le Magazine de la destination Bassin d\u2019Arcachon par courrier,commandez-le via le formulaire ci-dessous. Consultez toutes nos brochures disponibles en t\u00e9l\u00e9chargement ci-dessous.","_links":{"self":[{"href":"https:\/\/bassin-arcachon.com\/it\/wp-json\/wp\/v2\/pages\/52286","targetHints":{"allow":["GET"]}}],"collection":[{"href":"https:\/\/bassin-arcachon.com\/it\/wp-json\/wp\/v2\/pages"}],"about":[{"href":"https:\/\/bassin-arcachon.com\/it\/wp-json\/wp\/v2\/types\/page"}],"author":[{"embeddable":true,"href":"https:\/\/bassin-arcachon.com\/it\/wp-json\/wp\/v2\/users\/300"}],"replies":[{"embeddable":true,"href":"https:\/\/bassin-arcachon.com\/it\/wp-json\/wp\/v2\/comments?post=52286"}],"version-history":[{"count":25,"href":"https:\/\/bassin-arcachon.com\/it\/wp-json\/wp\/v2\/pages\/52286\/revisions"}],"predecessor-version":[{"id":165201,"href":"https:\/\/bassin-arcachon.com\/it\/wp-json\/wp\/v2\/pages\/52286\/revisions\/165201"}],"wp:featuredmedia":[{"embeddable":true,"href":"https:\/\/bassin-arcachon.com\/it\/wp-json\/wp\/v2\/media\/54275"}],"wp:attachment":[{"href":"https:\/\/bassin-arcachon.com\/it\/wp-json\/wp\/v2\/media?parent=52286"}],"curies":[{"name":"wp","href":"https:\/\/api.w.org\/{rel}","templated":true}]}}